{"id":505634,"date":"2025-10-13T22:05:18","date_gmt":"2025-10-13T20:05:18","guid":{"rendered":"https:\/\/perle-in.com\/produit\/batterie-de-secours-haute-densite-10-000-mah-compress\/"},"modified":"2025-10-13T22:05:21","modified_gmt":"2025-10-13T20:05:21","slug":"batterie-de-secours-haute-densite-10-000-mah-compress","status":"publish","type":"product","link":"https:\/\/perle-in.com\/en\/product\/batterie-de-secours-haute-densite-10-000-mah-compress\/","title":{"rendered":"Batterie de secours haute densit\u00e9 10\u00a0000\u00a0mAh Compress"},"content":{"rendered":"","protected":false},"excerpt":{"rendered":"<p>La powerbank haute densit\u00e9 10\u00a0000\u00a0mAh Compress est tr\u00e8s compacte, pour des d\u00e9placements facilit\u00e9s. Elle est \u00e9quip\u00e9e d&#8217;une batterie en lithium polym\u00e8re 10\u00a0000\u00a0mAh de grade A avec une sortie de 5\u00a0V \/ 2\u00a0A. La powerbank peut \u00eatre recharg\u00e9e via Micro USB ou USB type C. Le voyant DEL s&#8217;allume pendant la charge et indique la capacit\u00e9 restante de la batterie de la banque d&#8217;alimentation. Comprend un c\u00e2ble de charge Micro-USB vers USB.<\/p>","protected":false},"featured_media":505627,"template":"","meta":{"_eb_attr":""},"product_brand":[],"product_cat":[811,667],"product_tag":[1146,944,813,812,938,815,1967],"class_list":{"0":"post-505634","1":"product","2":"type-product","3":"status-publish","4":"has-post-thumbnail","6":"product_cat-batteries-externes","7":"product_cat-technologie","8":"product_tag-alimentation","9":"product_tag-banque","10":"product_tag-batterie","11":"product_tag-batterie-de-secours","12":"product_tag-batteries-de-secours","13":"product_tag-chargeur","14":"product_tag-chargeurs","15":"pa_couleurs-blanc","17":"first","18":"instock","19":"shipping-taxable","20":"purchasable","21":"product-type-variable"},"yoast_head":"<!-- This site is optimized with the Yoast SEO plugin v27.4 - https:\/\/yoast.com\/product\/yoast-seo-wordpress\/ -->\n<title>Batterie de secours haute densit\u00e9 10\u00a0000\u00a0mAh Compress - PERLE IN<\/title>\n<meta name=\"robots\" content=\"noindex, follow, max-snippet:-1, max-image-preview:large, max-video-preview:-1\" \/>\n<meta property=\"og:locale\" content=\"en_US\" \/>\n<meta property=\"og:type\" content=\"article\" \/>\n<meta property=\"og:title\" content=\"Batterie de secours haute densit\u00e9 10\u00a0000\u00a0mAh Compress - PERLE IN\" \/>\n<meta property=\"og:description\" content=\"La powerbank haute densit\u00e9 10\u00a0000\u00a0mAh Compress est tr\u00e8s compacte, pour des d\u00e9placements facilit\u00e9s. Elle est \u00e9quip\u00e9e d&#039;une batterie en lithium polym\u00e8re 10\u00a0000\u00a0mAh de grade A avec une sortie de 5\u00a0V \/ 2\u00a0A. La powerbank peut \u00eatre recharg\u00e9e via Micro USB ou USB type C. Le voyant DEL s&#039;allume pendant la charge et indique la capacit\u00e9 restante de la batterie de la banque d&#039;alimentation. Comprend un c\u00e2ble de charge Micro-USB vers USB.\" \/>\n<meta property=\"og:url\" content=\"https:\/\/perle-in.com\/en\/product\/batterie-de-secours-haute-densite-10-000-mah-compress\/\" \/>\n<meta property=\"og:site_name\" content=\"PERLE IN\" \/>\n<meta property=\"article:modified_time\" content=\"2025-10-13T20:05:21+00:00\" \/>\n<meta property=\"og:image\" content=\"https:\/\/perle-in.com\/wp-content\/uploads\/2025\/10\/12412000-1.jpg\" \/>\n\t<meta property=\"og:image:width\" content=\"1600\" \/>\n\t<meta property=\"og:image:height\" content=\"1600\" \/>\n\t<meta property=\"og:image:type\" content=\"image\/jpeg\" \/>\n<meta name=\"twitter:card\" content=\"summary_large_image\" \/>\n<script type=\"application\/ld+json\" class=\"yoast-schema-graph\">{\"@context\":\"https:\\\/\\\/schema.org\",\"@graph\":[{\"@type\":\"WebPage\",\"@id\":\"https:\\\/\\\/perle-in.com\\\/en\\\/product\\\/batterie-de-secours-haute-densite-10-000-mah-compress\\\/\",\"url\":\"https:\\\/\\\/perle-in.com\\\/en\\\/product\\\/batterie-de-secours-haute-densite-10-000-mah-compress\\\/\",\"name\":\"Batterie de secours haute densit\u00e9 10\u00a0000\u00a0mAh Compress - PERLE IN\",\"isPartOf\":{\"@id\":\"https:\\\/\\\/perle-in.com\\\/#website\"},\"primaryImageOfPage\":{\"@id\":\"https:\\\/\\\/perle-in.com\\\/en\\\/product\\\/batterie-de-secours-haute-densite-10-000-mah-compress\\\/#primaryimage\"},\"image\":{\"@id\":\"https:\\\/\\\/perle-in.com\\\/en\\\/product\\\/batterie-de-secours-haute-densite-10-000-mah-compress\\\/#primaryimage\"},\"thumbnailUrl\":\"https:\\\/\\\/perle-in.com\\\/wp-content\\\/uploads\\\/2025\\\/10\\\/12412000-1.jpg\",\"datePublished\":\"2025-10-13T20:05:18+00:00\",\"dateModified\":\"2025-10-13T20:05:21+00:00\",\"breadcrumb\":{\"@id\":\"https:\\\/\\\/perle-in.com\\\/en\\\/product\\\/batterie-de-secours-haute-densite-10-000-mah-compress\\\/#breadcrumb\"},\"inLanguage\":\"en-CA\",\"potentialAction\":[{\"@type\":\"ReadAction\",\"target\":[\"https:\\\/\\\/perle-in.com\\\/en\\\/product\\\/batterie-de-secours-haute-densite-10-000-mah-compress\\\/\"]}]},{\"@type\":\"ImageObject\",\"inLanguage\":\"en-CA\",\"@id\":\"https:\\\/\\\/perle-in.com\\\/en\\\/product\\\/batterie-de-secours-haute-densite-10-000-mah-compress\\\/#primaryimage\",\"url\":\"https:\\\/\\\/perle-in.com\\\/wp-content\\\/uploads\\\/2025\\\/10\\\/12412000-1.jpg\",\"contentUrl\":\"https:\\\/\\\/perle-in.com\\\/wp-content\\\/uploads\\\/2025\\\/10\\\/12412000-1.jpg\",\"width\":1600,\"height\":1600},{\"@type\":\"BreadcrumbList\",\"@id\":\"https:\\\/\\\/perle-in.com\\\/en\\\/product\\\/batterie-de-secours-haute-densite-10-000-mah-compress\\\/#breadcrumb\",\"itemListElement\":[{\"@type\":\"ListItem\",\"position\":1,\"name\":\"Accueil\",\"item\":\"https:\\\/\\\/perle-in.com\\\/\"},{\"@type\":\"ListItem\",\"position\":2,\"name\":\"Boutique\",\"item\":\"https:\\\/\\\/perle-in.com\\\/boutique\\\/\"},{\"@type\":\"ListItem\",\"position\":3,\"name\":\"Batterie de secours haute densit\u00e9 10\u00a0000\u00a0mAh Compress\"}]},{\"@type\":\"WebSite\",\"@id\":\"https:\\\/\\\/perle-in.com\\\/#website\",\"url\":\"https:\\\/\\\/perle-in.com\\\/\",\"name\":\"PERLE IN\",\"description\":\"\",\"publisher\":{\"@id\":\"https:\\\/\\\/perle-in.com\\\/#organization\"},\"potentialAction\":[{\"@type\":\"SearchAction\",\"target\":{\"@type\":\"EntryPoint\",\"urlTemplate\":\"https:\\\/\\\/perle-in.com\\\/?s={search_term_string}\"},\"query-input\":{\"@type\":\"PropertyValueSpecification\",\"valueRequired\":true,\"valueName\":\"search_term_string\"}}],\"inLanguage\":\"en-CA\"},{\"@type\":\"Organization\",\"@id\":\"https:\\\/\\\/perle-in.com\\\/#organization\",\"name\":\"PERLE IN\",\"url\":\"https:\\\/\\\/perle-in.com\\\/\",\"logo\":{\"@type\":\"ImageObject\",\"inLanguage\":\"en-CA\",\"@id\":\"https:\\\/\\\/perle-in.com\\\/#\\\/schema\\\/logo\\\/image\\\/\",\"url\":\"https:\\\/\\\/perle-in.com\\\/wp-content\\\/uploads\\\/2022\\\/12\\\/LOGO-PERLE-IN-COULEUR@3x.webp\",\"contentUrl\":\"https:\\\/\\\/perle-in.com\\\/wp-content\\\/uploads\\\/2022\\\/12\\\/LOGO-PERLE-IN-COULEUR@3x.webp\",\"width\":1600,\"height\":490,\"caption\":\"PERLE IN\"},\"image\":{\"@id\":\"https:\\\/\\\/perle-in.com\\\/#\\\/schema\\\/logo\\\/image\\\/\"}}]}<\/script>\n<!-- \/ Yoast SEO plugin. -->","yoast_head_json":{"title":"Batterie de secours haute densit\u00e9 10\u00a0000\u00a0mAh Compress - PERLE IN","robots":{"index":"noindex","follow":"follow","max-snippet":"max-snippet:-1","max-image-preview":"max-image-preview:large","max-video-preview":"max-video-preview:-1"},"og_locale":"en_US","og_type":"article","og_title":"Batterie de secours haute densit\u00e9 10\u00a0000\u00a0mAh Compress - PERLE IN","og_description":"La powerbank haute densit\u00e9 10\u00a0000\u00a0mAh Compress est tr\u00e8s compacte, pour des d\u00e9placements facilit\u00e9s. Elle est \u00e9quip\u00e9e d'une batterie en lithium polym\u00e8re 10\u00a0000\u00a0mAh de grade A avec une sortie de 5\u00a0V \/ 2\u00a0A. La powerbank peut \u00eatre recharg\u00e9e via Micro USB ou USB type C. Le voyant DEL s'allume pendant la charge et indique la capacit\u00e9 restante de la batterie de la banque d'alimentation. Comprend un c\u00e2ble de charge Micro-USB vers USB.","og_url":"https:\/\/perle-in.com\/en\/product\/batterie-de-secours-haute-densite-10-000-mah-compress\/","og_site_name":"PERLE IN","article_modified_time":"2025-10-13T20:05:21+00:00","og_image":[{"width":1600,"height":1600,"url":"https:\/\/perle-in.com\/wp-content\/uploads\/2025\/10\/12412000-1.jpg","type":"image\/jpeg"}],"twitter_card":"summary_large_image","schema":{"@context":"https:\/\/schema.org","@graph":[{"@type":"WebPage","@id":"https:\/\/perle-in.com\/en\/product\/batterie-de-secours-haute-densite-10-000-mah-compress\/","url":"https:\/\/perle-in.com\/en\/product\/batterie-de-secours-haute-densite-10-000-mah-compress\/","name":"Batterie de secours haute densit\u00e9 10\u00a0000\u00a0mAh Compress - PERLE IN","isPartOf":{"@id":"https:\/\/perle-in.com\/#website"},"primaryImageOfPage":{"@id":"https:\/\/perle-in.com\/en\/product\/batterie-de-secours-haute-densite-10-000-mah-compress\/#primaryimage"},"image":{"@id":"https:\/\/perle-in.com\/en\/product\/batterie-de-secours-haute-densite-10-000-mah-compress\/#primaryimage"},"thumbnailUrl":"https:\/\/perle-in.com\/wp-content\/uploads\/2025\/10\/12412000-1.jpg","datePublished":"2025-10-13T20:05:18+00:00","dateModified":"2025-10-13T20:05:21+00:00","breadcrumb":{"@id":"https:\/\/perle-in.com\/en\/product\/batterie-de-secours-haute-densite-10-000-mah-compress\/#breadcrumb"},"inLanguage":"en-CA","potentialAction":[{"@type":"ReadAction","target":["https:\/\/perle-in.com\/en\/product\/batterie-de-secours-haute-densite-10-000-mah-compress\/"]}]},{"@type":"ImageObject","inLanguage":"en-CA","@id":"https:\/\/perle-in.com\/en\/product\/batterie-de-secours-haute-densite-10-000-mah-compress\/#primaryimage","url":"https:\/\/perle-in.com\/wp-content\/uploads\/2025\/10\/12412000-1.jpg","contentUrl":"https:\/\/perle-in.com\/wp-content\/uploads\/2025\/10\/12412000-1.jpg","width":1600,"height":1600},{"@type":"BreadcrumbList","@id":"https:\/\/perle-in.com\/en\/product\/batterie-de-secours-haute-densite-10-000-mah-compress\/#breadcrumb","itemListElement":[{"@type":"ListItem","position":1,"name":"Accueil","item":"https:\/\/perle-in.com\/"},{"@type":"ListItem","position":2,"name":"Boutique","item":"https:\/\/perle-in.com\/boutique\/"},{"@type":"ListItem","position":3,"name":"Batterie de secours haute densit\u00e9 10\u00a0000\u00a0mAh Compress"}]},{"@type":"WebSite","@id":"https:\/\/perle-in.com\/#website","url":"https:\/\/perle-in.com\/","name":"PERLE IN","description":"","publisher":{"@id":"https:\/\/perle-in.com\/#organization"},"potentialAction":[{"@type":"SearchAction","target":{"@type":"EntryPoint","urlTemplate":"https:\/\/perle-in.com\/?s={search_term_string}"},"query-input":{"@type":"PropertyValueSpecification","valueRequired":true,"valueName":"search_term_string"}}],"inLanguage":"en-CA"},{"@type":"Organization","@id":"https:\/\/perle-in.com\/#organization","name":"PERLE IN","url":"https:\/\/perle-in.com\/","logo":{"@type":"ImageObject","inLanguage":"en-CA","@id":"https:\/\/perle-in.com\/#\/schema\/logo\/image\/","url":"https:\/\/perle-in.com\/wp-content\/uploads\/2022\/12\/LOGO-PERLE-IN-COULEUR@3x.webp","contentUrl":"https:\/\/perle-in.com\/wp-content\/uploads\/2022\/12\/LOGO-PERLE-IN-COULEUR@3x.webp","width":1600,"height":490,"caption":"PERLE IN"},"image":{"@id":"https:\/\/perle-in.com\/#\/schema\/logo\/image\/"}}]}},"jetpack_sharing_enabled":true,"_links":{"self":[{"href":"https:\/\/perle-in.com\/en\/wp-json\/wp\/v2\/product\/505634","targetHints":{"allow":["GET"]}}],"collection":[{"href":"https:\/\/perle-in.com\/en\/wp-json\/wp\/v2\/product"}],"about":[{"href":"https:\/\/perle-in.com\/en\/wp-json\/wp\/v2\/types\/product"}],"version-history":[{"count":0,"href":"https:\/\/perle-in.com\/en\/wp-json\/wp\/v2\/product\/505634\/revisions"}],"wp:featuredmedia":[{"embeddable":true,"href":"https:\/\/perle-in.com\/en\/wp-json\/wp\/v2\/media\/505627"}],"wp:attachment":[{"href":"https:\/\/perle-in.com\/en\/wp-json\/wp\/v2\/media?parent=505634"}],"wp:term":[{"taxonomy":"product_brand","embeddable":true,"href":"https:\/\/perle-in.com\/en\/wp-json\/wp\/v2\/product_brand?post=505634"},{"taxonomy":"product_cat","embeddable":true,"href":"https:\/\/perle-in.com\/en\/wp-json\/wp\/v2\/product_cat?post=505634"},{"taxonomy":"product_tag","embeddable":true,"href":"https:\/\/perle-in.com\/en\/wp-json\/wp\/v2\/product_tag?post=505634"}],"curies":[{"name":"wp","href":"https:\/\/api.w.org\/{rel}","templated":true}]}}