{"id":505625,"date":"2025-10-13T22:03:30","date_gmt":"2025-10-13T20:03:30","guid":{"rendered":"https:\/\/perle-in.com\/produit\/socle-de-charge-sans-fil-de-5-w-en-bambou-et-tissu-leaf\/"},"modified":"2025-10-13T22:29:38","modified_gmt":"2025-10-13T20:29:38","slug":"socle-de-charge-sans-fil-de-5-w-en-bambou-et-tissu-leaf","status":"publish","type":"product","link":"https:\/\/perle-in.com\/en\/product\/socle-de-charge-sans-fil-de-5-w-en-bambou-et-tissu-leaf\/","title":{"rendered":"Socle de charge sans fil de 5 W en bambou et tissu Leaf"},"content":{"rendered":"","protected":false},"excerpt":{"rendered":"<p>Un choix plus durable\u00a0! Le socle de charge sans fil en bambou \/ tissu est fait en bambou v\u00e9ritable et en tissu de coton \u00e9cologique. Il permet de recharger un smartphone sans c\u00e2ble. Permet la charge d&#8217;appareils sans fil jusqu\u2019\u00e0 1\u00a0A pour les appareils disposant de la fonction de charge sans fil. Charge sans fil fonctionnant uniquement avec les smartphones compatibles. Pour les appareils non-compatibles avec la charge sans fil, il faudra un r\u00e9cepteur de charge sans fil ou une coque de charge sans fil. Comprend un c\u00e2ble Micro USB.<\/p>","protected":false},"featured_media":505615,"template":"","meta":{"_eb_attr":""},"product_brand":[],"product_cat":[1205,667],"product_tag":[1146,944,813,812,938,815,1967],"class_list":{"0":"post-505625","1":"product","2":"type-product","3":"status-publish","4":"has-post-thumbnail","6":"product_cat-chargeurs-sans-fil","7":"product_cat-technologie","8":"product_tag-alimentation","9":"product_tag-banque","10":"product_tag-batterie","11":"product_tag-batterie-de-secours","12":"product_tag-batteries-de-secours","13":"product_tag-chargeur","14":"product_tag-chargeurs","15":"pa_couleurs-naturel-noir","16":"pa_matiere-bambou-coton-organique","18":"first","19":"instock","20":"sale","21":"shipping-taxable","22":"purchasable","23":"product-type-variable"},"yoast_head":"<!-- This site is optimized with the Yoast SEO plugin v27.4 - https:\/\/yoast.com\/product\/yoast-seo-wordpress\/ -->\n<title>Socle de charge sans fil de 5 W en bambou et tissu Leaf - PERLE IN<\/title>\n<meta name=\"robots\" content=\"noindex, follow, max-snippet:-1, max-image-preview:large, max-video-preview:-1\" \/>\n<meta property=\"og:locale\" content=\"en_US\" \/>\n<meta property=\"og:type\" content=\"article\" \/>\n<meta property=\"og:title\" content=\"Socle de charge sans fil de 5 W en bambou et tissu Leaf - PERLE IN\" \/>\n<meta property=\"og:description\" content=\"Un choix plus durable\u00a0! Le socle de charge sans fil en bambou \/ tissu est fait en bambou v\u00e9ritable et en tissu de coton \u00e9cologique. Il permet de recharger un smartphone sans c\u00e2ble. Permet la charge d&#039;appareils sans fil jusqu\u2019\u00e0 1\u00a0A pour les appareils disposant de la fonction de charge sans fil. Charge sans fil fonctionnant uniquement avec les smartphones compatibles. Pour les appareils non-compatibles avec la charge sans fil, il faudra un r\u00e9cepteur de charge sans fil ou une coque de charge sans fil. Comprend un c\u00e2ble Micro USB.\" \/>\n<meta property=\"og:url\" content=\"https:\/\/perle-in.com\/en\/product\/socle-de-charge-sans-fil-de-5-w-en-bambou-et-tissu-leaf\/\" \/>\n<meta property=\"og:site_name\" content=\"PERLE IN\" \/>\n<meta property=\"article:modified_time\" content=\"2025-10-13T20:29:38+00:00\" \/>\n<meta property=\"og:image\" content=\"https:\/\/perle-in.com\/wp-content\/uploads\/2025\/10\/12411800-1.jpg\" \/>\n\t<meta property=\"og:image:width\" content=\"1600\" \/>\n\t<meta property=\"og:image:height\" content=\"1600\" \/>\n\t<meta property=\"og:image:type\" content=\"image\/jpeg\" \/>\n<meta name=\"twitter:card\" content=\"summary_large_image\" \/>\n<script type=\"application\/ld+json\" class=\"yoast-schema-graph\">{\"@context\":\"https:\\\/\\\/schema.org\",\"@graph\":[{\"@type\":\"WebPage\",\"@id\":\"https:\\\/\\\/perle-in.com\\\/produit\\\/socle-de-charge-sans-fil-de-5-w-en-bambou-et-tissu-leaf\\\/\",\"url\":\"https:\\\/\\\/perle-in.com\\\/produit\\\/socle-de-charge-sans-fil-de-5-w-en-bambou-et-tissu-leaf\\\/\",\"name\":\"Socle de charge sans fil de 5 W en bambou et tissu Leaf - PERLE IN\",\"isPartOf\":{\"@id\":\"https:\\\/\\\/perle-in.com\\\/#website\"},\"primaryImageOfPage\":{\"@id\":\"https:\\\/\\\/perle-in.com\\\/produit\\\/socle-de-charge-sans-fil-de-5-w-en-bambou-et-tissu-leaf\\\/#primaryimage\"},\"image\":{\"@id\":\"https:\\\/\\\/perle-in.com\\\/produit\\\/socle-de-charge-sans-fil-de-5-w-en-bambou-et-tissu-leaf\\\/#primaryimage\"},\"thumbnailUrl\":\"https:\\\/\\\/perle-in.com\\\/wp-content\\\/uploads\\\/2025\\\/10\\\/12411800-1.jpg\",\"datePublished\":\"2025-10-13T20:03:30+00:00\",\"dateModified\":\"2025-10-13T20:29:38+00:00\",\"breadcrumb\":{\"@id\":\"https:\\\/\\\/perle-in.com\\\/produit\\\/socle-de-charge-sans-fil-de-5-w-en-bambou-et-tissu-leaf\\\/#breadcrumb\"},\"inLanguage\":\"en-CA\",\"potentialAction\":[{\"@type\":\"ReadAction\",\"target\":[\"https:\\\/\\\/perle-in.com\\\/produit\\\/socle-de-charge-sans-fil-de-5-w-en-bambou-et-tissu-leaf\\\/\"]}]},{\"@type\":\"ImageObject\",\"inLanguage\":\"en-CA\",\"@id\":\"https:\\\/\\\/perle-in.com\\\/produit\\\/socle-de-charge-sans-fil-de-5-w-en-bambou-et-tissu-leaf\\\/#primaryimage\",\"url\":\"https:\\\/\\\/perle-in.com\\\/wp-content\\\/uploads\\\/2025\\\/10\\\/12411800-1.jpg\",\"contentUrl\":\"https:\\\/\\\/perle-in.com\\\/wp-content\\\/uploads\\\/2025\\\/10\\\/12411800-1.jpg\",\"width\":1600,\"height\":1600},{\"@type\":\"BreadcrumbList\",\"@id\":\"https:\\\/\\\/perle-in.com\\\/produit\\\/socle-de-charge-sans-fil-de-5-w-en-bambou-et-tissu-leaf\\\/#breadcrumb\",\"itemListElement\":[{\"@type\":\"ListItem\",\"position\":1,\"name\":\"Accueil\",\"item\":\"https:\\\/\\\/perle-in.com\\\/\"},{\"@type\":\"ListItem\",\"position\":2,\"name\":\"Boutique\",\"item\":\"https:\\\/\\\/perle-in.com\\\/boutique\\\/\"},{\"@type\":\"ListItem\",\"position\":3,\"name\":\"Socle de charge sans fil de 5 W en bambou et tissu Leaf\"}]},{\"@type\":\"WebSite\",\"@id\":\"https:\\\/\\\/perle-in.com\\\/#website\",\"url\":\"https:\\\/\\\/perle-in.com\\\/\",\"name\":\"PERLE IN\",\"description\":\"\",\"publisher\":{\"@id\":\"https:\\\/\\\/perle-in.com\\\/#organization\"},\"potentialAction\":[{\"@type\":\"SearchAction\",\"target\":{\"@type\":\"EntryPoint\",\"urlTemplate\":\"https:\\\/\\\/perle-in.com\\\/?s={search_term_string}\"},\"query-input\":{\"@type\":\"PropertyValueSpecification\",\"valueRequired\":true,\"valueName\":\"search_term_string\"}}],\"inLanguage\":\"en-CA\"},{\"@type\":\"Organization\",\"@id\":\"https:\\\/\\\/perle-in.com\\\/#organization\",\"name\":\"PERLE IN\",\"url\":\"https:\\\/\\\/perle-in.com\\\/\",\"logo\":{\"@type\":\"ImageObject\",\"inLanguage\":\"en-CA\",\"@id\":\"https:\\\/\\\/perle-in.com\\\/#\\\/schema\\\/logo\\\/image\\\/\",\"url\":\"https:\\\/\\\/perle-in.com\\\/wp-content\\\/uploads\\\/2022\\\/12\\\/LOGO-PERLE-IN-COULEUR@3x.webp\",\"contentUrl\":\"https:\\\/\\\/perle-in.com\\\/wp-content\\\/uploads\\\/2022\\\/12\\\/LOGO-PERLE-IN-COULEUR@3x.webp\",\"width\":1600,\"height\":490,\"caption\":\"PERLE IN\"},\"image\":{\"@id\":\"https:\\\/\\\/perle-in.com\\\/#\\\/schema\\\/logo\\\/image\\\/\"}}]}<\/script>\n<!-- \/ Yoast SEO plugin. -->","yoast_head_json":{"title":"Socle de charge sans fil de 5 W en bambou et tissu Leaf - PERLE IN","robots":{"index":"noindex","follow":"follow","max-snippet":"max-snippet:-1","max-image-preview":"max-image-preview:large","max-video-preview":"max-video-preview:-1"},"og_locale":"en_US","og_type":"article","og_title":"Socle de charge sans fil de 5 W en bambou et tissu Leaf - PERLE IN","og_description":"Un choix plus durable\u00a0! Le socle de charge sans fil en bambou \/ tissu est fait en bambou v\u00e9ritable et en tissu de coton \u00e9cologique. Il permet de recharger un smartphone sans c\u00e2ble. Permet la charge d'appareils sans fil jusqu\u2019\u00e0 1\u00a0A pour les appareils disposant de la fonction de charge sans fil. Charge sans fil fonctionnant uniquement avec les smartphones compatibles. Pour les appareils non-compatibles avec la charge sans fil, il faudra un r\u00e9cepteur de charge sans fil ou une coque de charge sans fil. Comprend un c\u00e2ble Micro USB.","og_url":"https:\/\/perle-in.com\/en\/product\/socle-de-charge-sans-fil-de-5-w-en-bambou-et-tissu-leaf\/","og_site_name":"PERLE IN","article_modified_time":"2025-10-13T20:29:38+00:00","og_image":[{"width":1600,"height":1600,"url":"https:\/\/perle-in.com\/wp-content\/uploads\/2025\/10\/12411800-1.jpg","type":"image\/jpeg"}],"twitter_card":"summary_large_image","schema":{"@context":"https:\/\/schema.org","@graph":[{"@type":"WebPage","@id":"https:\/\/perle-in.com\/produit\/socle-de-charge-sans-fil-de-5-w-en-bambou-et-tissu-leaf\/","url":"https:\/\/perle-in.com\/produit\/socle-de-charge-sans-fil-de-5-w-en-bambou-et-tissu-leaf\/","name":"Socle de charge sans fil de 5 W en bambou et tissu Leaf - PERLE IN","isPartOf":{"@id":"https:\/\/perle-in.com\/#website"},"primaryImageOfPage":{"@id":"https:\/\/perle-in.com\/produit\/socle-de-charge-sans-fil-de-5-w-en-bambou-et-tissu-leaf\/#primaryimage"},"image":{"@id":"https:\/\/perle-in.com\/produit\/socle-de-charge-sans-fil-de-5-w-en-bambou-et-tissu-leaf\/#primaryimage"},"thumbnailUrl":"https:\/\/perle-in.com\/wp-content\/uploads\/2025\/10\/12411800-1.jpg","datePublished":"2025-10-13T20:03:30+00:00","dateModified":"2025-10-13T20:29:38+00:00","breadcrumb":{"@id":"https:\/\/perle-in.com\/produit\/socle-de-charge-sans-fil-de-5-w-en-bambou-et-tissu-leaf\/#breadcrumb"},"inLanguage":"en-CA","potentialAction":[{"@type":"ReadAction","target":["https:\/\/perle-in.com\/produit\/socle-de-charge-sans-fil-de-5-w-en-bambou-et-tissu-leaf\/"]}]},{"@type":"ImageObject","inLanguage":"en-CA","@id":"https:\/\/perle-in.com\/produit\/socle-de-charge-sans-fil-de-5-w-en-bambou-et-tissu-leaf\/#primaryimage","url":"https:\/\/perle-in.com\/wp-content\/uploads\/2025\/10\/12411800-1.jpg","contentUrl":"https:\/\/perle-in.com\/wp-content\/uploads\/2025\/10\/12411800-1.jpg","width":1600,"height":1600},{"@type":"BreadcrumbList","@id":"https:\/\/perle-in.com\/produit\/socle-de-charge-sans-fil-de-5-w-en-bambou-et-tissu-leaf\/#breadcrumb","itemListElement":[{"@type":"ListItem","position":1,"name":"Accueil","item":"https:\/\/perle-in.com\/"},{"@type":"ListItem","position":2,"name":"Boutique","item":"https:\/\/perle-in.com\/boutique\/"},{"@type":"ListItem","position":3,"name":"Socle de charge sans fil de 5 W en bambou et tissu Leaf"}]},{"@type":"WebSite","@id":"https:\/\/perle-in.com\/#website","url":"https:\/\/perle-in.com\/","name":"PERLE IN","description":"","publisher":{"@id":"https:\/\/perle-in.com\/#organization"},"potentialAction":[{"@type":"SearchAction","target":{"@type":"EntryPoint","urlTemplate":"https:\/\/perle-in.com\/?s={search_term_string}"},"query-input":{"@type":"PropertyValueSpecification","valueRequired":true,"valueName":"search_term_string"}}],"inLanguage":"en-CA"},{"@type":"Organization","@id":"https:\/\/perle-in.com\/#organization","name":"PERLE IN","url":"https:\/\/perle-in.com\/","logo":{"@type":"ImageObject","inLanguage":"en-CA","@id":"https:\/\/perle-in.com\/#\/schema\/logo\/image\/","url":"https:\/\/perle-in.com\/wp-content\/uploads\/2022\/12\/LOGO-PERLE-IN-COULEUR@3x.webp","contentUrl":"https:\/\/perle-in.com\/wp-content\/uploads\/2022\/12\/LOGO-PERLE-IN-COULEUR@3x.webp","width":1600,"height":490,"caption":"PERLE IN"},"image":{"@id":"https:\/\/perle-in.com\/#\/schema\/logo\/image\/"}}]}},"jetpack_sharing_enabled":true,"_links":{"self":[{"href":"https:\/\/perle-in.com\/en\/wp-json\/wp\/v2\/product\/505625","targetHints":{"allow":["GET"]}}],"collection":[{"href":"https:\/\/perle-in.com\/en\/wp-json\/wp\/v2\/product"}],"about":[{"href":"https:\/\/perle-in.com\/en\/wp-json\/wp\/v2\/types\/product"}],"version-history":[{"count":0,"href":"https:\/\/perle-in.com\/en\/wp-json\/wp\/v2\/product\/505625\/revisions"}],"wp:featuredmedia":[{"embeddable":true,"href":"https:\/\/perle-in.com\/en\/wp-json\/wp\/v2\/media\/505615"}],"wp:attachment":[{"href":"https:\/\/perle-in.com\/en\/wp-json\/wp\/v2\/media?parent=505625"}],"wp:term":[{"taxonomy":"product_brand","embeddable":true,"href":"https:\/\/perle-in.com\/en\/wp-json\/wp\/v2\/product_brand?post=505625"},{"taxonomy":"product_cat","embeddable":true,"href":"https:\/\/perle-in.com\/en\/wp-json\/wp\/v2\/product_cat?post=505625"},{"taxonomy":"product_tag","embeddable":true,"href":"https:\/\/perle-in.com\/en\/wp-json\/wp\/v2\/product_tag?post=505625"}],"curies":[{"name":"wp","href":"https:\/\/api.w.org\/{rel}","templated":true}]}}