{"id":505591,"date":"2025-10-13T22:00:48","date_gmt":"2025-10-13T20:00:48","guid":{"rendered":"https:\/\/perle-in.com\/produit\/support-de-telephone-avec-anneau-en-aluminium-cell\/"},"modified":"2025-10-13T22:00:49","modified_gmt":"2025-10-13T20:00:49","slug":"support-de-telephone-avec-anneau-en-aluminium-cell","status":"publish","type":"product","link":"https:\/\/perle-in.com\/en\/product\/support-de-telephone-avec-anneau-en-aluminium-cell\/","title":{"rendered":"Support de t\u00e9l\u00e9phone avec anneau en aluminium Cell"},"content":{"rendered":"","protected":false},"excerpt":{"rendered":"<p>Cet anneau en aluminium peut \u00eatre lev\u00e9 pour \u00eatre utilis\u00e9 comme un support ou pour tenir votre appareil dans la main. L&#8217;anneau peut pivoter \u00e0 360 degr\u00e9s. Support adh\u00e9sif se fixant solidement \u00e0 l\u2019arri\u00e8re d\u2019un smartphone.<\/p>","protected":false},"featured_media":505586,"template":"","meta":{"_eb_attr":""},"product_brand":[],"product_cat":[668,667],"product_tag":[815,1967,1439,1442,883,1977,1975,1976,680,1973,1974,1189,1440,671,670],"class_list":{"0":"post-505591","1":"product","2":"type-product","3":"status-publish","4":"has-post-thumbnail","6":"product_cat-accessoires-pour-telephone-et-tablette","7":"product_cat-technologie","8":"product_tag-chargeur","9":"product_tag-chargeurs","10":"product_tag-ipad","11":"product_tag-iphone","12":"product_tag-portable","13":"product_tag-portables","14":"product_tag-porte-telephone","15":"product_tag-porte-telephones","16":"product_tag-smartphone","17":"product_tag-support","18":"product_tag-supports","19":"product_tag-tablette","20":"product_tag-tablettes","21":"product_tag-telephone","22":"product_tag-telephones","23":"pa_couleurs-argent","25":"first","26":"instock","27":"shipping-taxable","28":"purchasable","29":"product-type-variable"},"yoast_head":"<!-- This site is optimized with the Yoast SEO plugin v27.4 - https:\/\/yoast.com\/product\/yoast-seo-wordpress\/ -->\n<title>Support de t\u00e9l\u00e9phone avec anneau en aluminium Cell - PERLE IN<\/title>\n<meta name=\"robots\" content=\"noindex, follow, max-snippet:-1, max-image-preview:large, max-video-preview:-1\" \/>\n<meta property=\"og:locale\" content=\"en_US\" \/>\n<meta property=\"og:type\" content=\"article\" \/>\n<meta property=\"og:title\" content=\"Support de t\u00e9l\u00e9phone avec anneau en aluminium Cell - PERLE IN\" \/>\n<meta property=\"og:description\" content=\"Cet anneau en aluminium peut \u00eatre lev\u00e9 pour \u00eatre utilis\u00e9 comme un support ou pour tenir votre appareil dans la main. L&#039;anneau peut pivoter \u00e0 360 degr\u00e9s. Support adh\u00e9sif se fixant solidement \u00e0 l\u2019arri\u00e8re d\u2019un smartphone.\" \/>\n<meta property=\"og:url\" content=\"https:\/\/perle-in.com\/en\/product\/support-de-telephone-avec-anneau-en-aluminium-cell\/\" \/>\n<meta property=\"og:site_name\" content=\"PERLE IN\" \/>\n<meta property=\"article:modified_time\" content=\"2025-10-13T20:00:49+00:00\" \/>\n<meta property=\"og:image\" content=\"https:\/\/perle-in.com\/wp-content\/uploads\/2025\/10\/12394500-1.jpg\" \/>\n\t<meta property=\"og:image:width\" content=\"1600\" \/>\n\t<meta property=\"og:image:height\" content=\"1600\" \/>\n\t<meta property=\"og:image:type\" content=\"image\/jpeg\" \/>\n<meta name=\"twitter:card\" content=\"summary_large_image\" \/>\n<script type=\"application\/ld+json\" class=\"yoast-schema-graph\">{\"@context\":\"https:\\\/\\\/schema.org\",\"@graph\":[{\"@type\":\"WebPage\",\"@id\":\"https:\\\/\\\/perle-in.com\\\/produit\\\/support-de-telephone-avec-anneau-en-aluminium-cell\\\/\",\"url\":\"https:\\\/\\\/perle-in.com\\\/produit\\\/support-de-telephone-avec-anneau-en-aluminium-cell\\\/\",\"name\":\"Support de t\u00e9l\u00e9phone avec anneau en aluminium Cell - PERLE IN\",\"isPartOf\":{\"@id\":\"https:\\\/\\\/perle-in.com\\\/#website\"},\"primaryImageOfPage\":{\"@id\":\"https:\\\/\\\/perle-in.com\\\/produit\\\/support-de-telephone-avec-anneau-en-aluminium-cell\\\/#primaryimage\"},\"image\":{\"@id\":\"https:\\\/\\\/perle-in.com\\\/produit\\\/support-de-telephone-avec-anneau-en-aluminium-cell\\\/#primaryimage\"},\"thumbnailUrl\":\"https:\\\/\\\/perle-in.com\\\/wp-content\\\/uploads\\\/2025\\\/10\\\/12394500-1.jpg\",\"datePublished\":\"2025-10-13T20:00:48+00:00\",\"dateModified\":\"2025-10-13T20:00:49+00:00\",\"breadcrumb\":{\"@id\":\"https:\\\/\\\/perle-in.com\\\/produit\\\/support-de-telephone-avec-anneau-en-aluminium-cell\\\/#breadcrumb\"},\"inLanguage\":\"en-CA\",\"potentialAction\":[{\"@type\":\"ReadAction\",\"target\":[\"https:\\\/\\\/perle-in.com\\\/produit\\\/support-de-telephone-avec-anneau-en-aluminium-cell\\\/\"]}]},{\"@type\":\"ImageObject\",\"inLanguage\":\"en-CA\",\"@id\":\"https:\\\/\\\/perle-in.com\\\/produit\\\/support-de-telephone-avec-anneau-en-aluminium-cell\\\/#primaryimage\",\"url\":\"https:\\\/\\\/perle-in.com\\\/wp-content\\\/uploads\\\/2025\\\/10\\\/12394500-1.jpg\",\"contentUrl\":\"https:\\\/\\\/perle-in.com\\\/wp-content\\\/uploads\\\/2025\\\/10\\\/12394500-1.jpg\",\"width\":1600,\"height\":1600},{\"@type\":\"BreadcrumbList\",\"@id\":\"https:\\\/\\\/perle-in.com\\\/produit\\\/support-de-telephone-avec-anneau-en-aluminium-cell\\\/#breadcrumb\",\"itemListElement\":[{\"@type\":\"ListItem\",\"position\":1,\"name\":\"Accueil\",\"item\":\"https:\\\/\\\/perle-in.com\\\/\"},{\"@type\":\"ListItem\",\"position\":2,\"name\":\"Boutique\",\"item\":\"https:\\\/\\\/perle-in.com\\\/boutique\\\/\"},{\"@type\":\"ListItem\",\"position\":3,\"name\":\"Support de t\u00e9l\u00e9phone avec anneau en aluminium Cell\"}]},{\"@type\":\"WebSite\",\"@id\":\"https:\\\/\\\/perle-in.com\\\/#website\",\"url\":\"https:\\\/\\\/perle-in.com\\\/\",\"name\":\"PERLE IN\",\"description\":\"\",\"publisher\":{\"@id\":\"https:\\\/\\\/perle-in.com\\\/#organization\"},\"potentialAction\":[{\"@type\":\"SearchAction\",\"target\":{\"@type\":\"EntryPoint\",\"urlTemplate\":\"https:\\\/\\\/perle-in.com\\\/?s={search_term_string}\"},\"query-input\":{\"@type\":\"PropertyValueSpecification\",\"valueRequired\":true,\"valueName\":\"search_term_string\"}}],\"inLanguage\":\"en-CA\"},{\"@type\":\"Organization\",\"@id\":\"https:\\\/\\\/perle-in.com\\\/#organization\",\"name\":\"PERLE IN\",\"url\":\"https:\\\/\\\/perle-in.com\\\/\",\"logo\":{\"@type\":\"ImageObject\",\"inLanguage\":\"en-CA\",\"@id\":\"https:\\\/\\\/perle-in.com\\\/#\\\/schema\\\/logo\\\/image\\\/\",\"url\":\"https:\\\/\\\/perle-in.com\\\/wp-content\\\/uploads\\\/2022\\\/12\\\/LOGO-PERLE-IN-COULEUR@3x.webp\",\"contentUrl\":\"https:\\\/\\\/perle-in.com\\\/wp-content\\\/uploads\\\/2022\\\/12\\\/LOGO-PERLE-IN-COULEUR@3x.webp\",\"width\":1600,\"height\":490,\"caption\":\"PERLE IN\"},\"image\":{\"@id\":\"https:\\\/\\\/perle-in.com\\\/#\\\/schema\\\/logo\\\/image\\\/\"}}]}<\/script>\n<!-- \/ Yoast SEO plugin. -->","yoast_head_json":{"title":"Support de t\u00e9l\u00e9phone avec anneau en aluminium Cell - PERLE IN","robots":{"index":"noindex","follow":"follow","max-snippet":"max-snippet:-1","max-image-preview":"max-image-preview:large","max-video-preview":"max-video-preview:-1"},"og_locale":"en_US","og_type":"article","og_title":"Support de t\u00e9l\u00e9phone avec anneau en aluminium Cell - PERLE IN","og_description":"Cet anneau en aluminium peut \u00eatre lev\u00e9 pour \u00eatre utilis\u00e9 comme un support ou pour tenir votre appareil dans la main. L'anneau peut pivoter \u00e0 360 degr\u00e9s. Support adh\u00e9sif se fixant solidement \u00e0 l\u2019arri\u00e8re d\u2019un smartphone.","og_url":"https:\/\/perle-in.com\/en\/product\/support-de-telephone-avec-anneau-en-aluminium-cell\/","og_site_name":"PERLE IN","article_modified_time":"2025-10-13T20:00:49+00:00","og_image":[{"width":1600,"height":1600,"url":"https:\/\/perle-in.com\/wp-content\/uploads\/2025\/10\/12394500-1.jpg","type":"image\/jpeg"}],"twitter_card":"summary_large_image","schema":{"@context":"https:\/\/schema.org","@graph":[{"@type":"WebPage","@id":"https:\/\/perle-in.com\/produit\/support-de-telephone-avec-anneau-en-aluminium-cell\/","url":"https:\/\/perle-in.com\/produit\/support-de-telephone-avec-anneau-en-aluminium-cell\/","name":"Support de t\u00e9l\u00e9phone avec anneau en aluminium Cell - PERLE IN","isPartOf":{"@id":"https:\/\/perle-in.com\/#website"},"primaryImageOfPage":{"@id":"https:\/\/perle-in.com\/produit\/support-de-telephone-avec-anneau-en-aluminium-cell\/#primaryimage"},"image":{"@id":"https:\/\/perle-in.com\/produit\/support-de-telephone-avec-anneau-en-aluminium-cell\/#primaryimage"},"thumbnailUrl":"https:\/\/perle-in.com\/wp-content\/uploads\/2025\/10\/12394500-1.jpg","datePublished":"2025-10-13T20:00:48+00:00","dateModified":"2025-10-13T20:00:49+00:00","breadcrumb":{"@id":"https:\/\/perle-in.com\/produit\/support-de-telephone-avec-anneau-en-aluminium-cell\/#breadcrumb"},"inLanguage":"en-CA","potentialAction":[{"@type":"ReadAction","target":["https:\/\/perle-in.com\/produit\/support-de-telephone-avec-anneau-en-aluminium-cell\/"]}]},{"@type":"ImageObject","inLanguage":"en-CA","@id":"https:\/\/perle-in.com\/produit\/support-de-telephone-avec-anneau-en-aluminium-cell\/#primaryimage","url":"https:\/\/perle-in.com\/wp-content\/uploads\/2025\/10\/12394500-1.jpg","contentUrl":"https:\/\/perle-in.com\/wp-content\/uploads\/2025\/10\/12394500-1.jpg","width":1600,"height":1600},{"@type":"BreadcrumbList","@id":"https:\/\/perle-in.com\/produit\/support-de-telephone-avec-anneau-en-aluminium-cell\/#breadcrumb","itemListElement":[{"@type":"ListItem","position":1,"name":"Accueil","item":"https:\/\/perle-in.com\/"},{"@type":"ListItem","position":2,"name":"Boutique","item":"https:\/\/perle-in.com\/boutique\/"},{"@type":"ListItem","position":3,"name":"Support de t\u00e9l\u00e9phone avec anneau en aluminium Cell"}]},{"@type":"WebSite","@id":"https:\/\/perle-in.com\/#website","url":"https:\/\/perle-in.com\/","name":"PERLE IN","description":"","publisher":{"@id":"https:\/\/perle-in.com\/#organization"},"potentialAction":[{"@type":"SearchAction","target":{"@type":"EntryPoint","urlTemplate":"https:\/\/perle-in.com\/?s={search_term_string}"},"query-input":{"@type":"PropertyValueSpecification","valueRequired":true,"valueName":"search_term_string"}}],"inLanguage":"en-CA"},{"@type":"Organization","@id":"https:\/\/perle-in.com\/#organization","name":"PERLE IN","url":"https:\/\/perle-in.com\/","logo":{"@type":"ImageObject","inLanguage":"en-CA","@id":"https:\/\/perle-in.com\/#\/schema\/logo\/image\/","url":"https:\/\/perle-in.com\/wp-content\/uploads\/2022\/12\/LOGO-PERLE-IN-COULEUR@3x.webp","contentUrl":"https:\/\/perle-in.com\/wp-content\/uploads\/2022\/12\/LOGO-PERLE-IN-COULEUR@3x.webp","width":1600,"height":490,"caption":"PERLE IN"},"image":{"@id":"https:\/\/perle-in.com\/#\/schema\/logo\/image\/"}}]}},"jetpack_sharing_enabled":true,"_links":{"self":[{"href":"https:\/\/perle-in.com\/en\/wp-json\/wp\/v2\/product\/505591","targetHints":{"allow":["GET"]}}],"collection":[{"href":"https:\/\/perle-in.com\/en\/wp-json\/wp\/v2\/product"}],"about":[{"href":"https:\/\/perle-in.com\/en\/wp-json\/wp\/v2\/types\/product"}],"version-history":[{"count":0,"href":"https:\/\/perle-in.com\/en\/wp-json\/wp\/v2\/product\/505591\/revisions"}],"wp:featuredmedia":[{"embeddable":true,"href":"https:\/\/perle-in.com\/en\/wp-json\/wp\/v2\/media\/505586"}],"wp:attachment":[{"href":"https:\/\/perle-in.com\/en\/wp-json\/wp\/v2\/media?parent=505591"}],"wp:term":[{"taxonomy":"product_brand","embeddable":true,"href":"https:\/\/perle-in.com\/en\/wp-json\/wp\/v2\/product_brand?post=505591"},{"taxonomy":"product_cat","embeddable":true,"href":"https:\/\/perle-in.com\/en\/wp-json\/wp\/v2\/product_cat?post=505591"},{"taxonomy":"product_tag","embeddable":true,"href":"https:\/\/perle-in.com\/en\/wp-json\/wp\/v2\/product_tag?post=505591"}],"curies":[{"name":"wp","href":"https:\/\/api.w.org\/{rel}","templated":true}]}}