{"id":505567,"date":"2025-10-13T21:59:37","date_gmt":"2025-10-13T19:59:37","guid":{"rendered":"https:\/\/perle-in.com\/produit\/cle-usb-basic-16-go-rotate\/"},"modified":"2025-10-13T21:59:41","modified_gmt":"2025-10-13T19:59:41","slug":"cle-usb-basic-16-go-rotate","status":"publish","type":"product","link":"https:\/\/perle-in.com\/en\/product\/cle-usb-basic-16-go-rotate\/","title":{"rendered":"Cl\u00e9 USB basic 16 Go Rotate"},"content":{"rendered":"","protected":false},"excerpt":{"rendered":"<p>Stocker rapidement 16 Go de fichiers n&#8217;importe o\u00f9 est toujours possible avec la cl\u00e9 USB Rotate-basic 16 Go. En outre, elle constitue \u00e9galement un excellent outil pour renforcer subtilement la notori\u00e9t\u00e9 de votre marque.Technologie Plug and Play &#8211; compatible avec les syst\u00e8mes d&#8217;exploitation Windows et MacOS. USB 2.0 avec une vitesse d&#8217;\u00e9criture de 2,92 Mo\/s et une vitesse de lecture de 9,76 Mo\/s. La cl\u00e9 USB en plastique est dot\u00e9e d&#8217;un corps en aluminium pivotant \u00e0 360 degr\u00e9s qui permet une ouverture et une fermeture faciles et emp\u00eache la salet\u00e9 de p\u00e9n\u00e9trer dans le port USB.<\/p>","protected":false},"featured_media":505558,"template":"","meta":{"_eb_attr":""},"product_brand":[],"product_cat":[743,667],"product_tag":[745,747,748,746,744],"class_list":{"0":"post-505567","1":"product","2":"type-product","3":"status-publish","4":"has-post-thumbnail","6":"product_cat-cles-usb","7":"product_cat-technologie","8":"product_tag-cle-usb","9":"product_tag-clef-usb","10":"product_tag-clefs-usb","11":"product_tag-cles-usb","12":"product_tag-usb","13":"pa_couleurs-blanc","14":"pa_couleurs-bleu-royal","15":"pa_couleurs-noir","16":"pa_couleurs-rouge","18":"first","19":"instock","20":"shipping-taxable","21":"purchasable","22":"product-type-variable"},"yoast_head":"<!-- This site is optimized with the Yoast SEO plugin v27.4 - https:\/\/yoast.com\/product\/yoast-seo-wordpress\/ -->\n<title>Cl\u00e9 USB basic 16 Go Rotate - PERLE IN<\/title>\n<meta name=\"robots\" content=\"noindex, follow, max-snippet:-1, max-image-preview:large, max-video-preview:-1\" \/>\n<meta property=\"og:locale\" content=\"en_US\" \/>\n<meta property=\"og:type\" content=\"article\" \/>\n<meta property=\"og:title\" content=\"Cl\u00e9 USB basic 16 Go Rotate - PERLE IN\" \/>\n<meta property=\"og:description\" content=\"Stocker rapidement 16 Go de fichiers n&#039;importe o\u00f9 est toujours possible avec la cl\u00e9 USB Rotate-basic 16 Go. En outre, elle constitue \u00e9galement un excellent outil pour renforcer subtilement la notori\u00e9t\u00e9 de votre marque.Technologie Plug and Play - compatible avec les syst\u00e8mes d&#039;exploitation Windows et MacOS. USB 2.0 avec une vitesse d&#039;\u00e9criture de 2,92 Mo\/s et une vitesse de lecture de 9,76 Mo\/s. La cl\u00e9 USB en plastique est dot\u00e9e d&#039;un corps en aluminium pivotant \u00e0 360 degr\u00e9s qui permet une ouverture et une fermeture faciles et emp\u00eache la salet\u00e9 de p\u00e9n\u00e9trer dans le port USB.\" \/>\n<meta property=\"og:url\" content=\"https:\/\/perle-in.com\/en\/product\/cle-usb-basic-16-go-rotate\/\" \/>\n<meta property=\"og:site_name\" content=\"PERLE IN\" \/>\n<meta property=\"article:modified_time\" content=\"2025-10-13T19:59:41+00:00\" \/>\n<meta property=\"og:image\" content=\"https:\/\/perle-in.com\/wp-content\/uploads\/2025\/10\/12371300-1.jpg\" \/>\n\t<meta property=\"og:image:width\" content=\"1600\" \/>\n\t<meta property=\"og:image:height\" content=\"1600\" \/>\n\t<meta property=\"og:image:type\" content=\"image\/jpeg\" \/>\n<meta name=\"twitter:card\" content=\"summary_large_image\" \/>\n<script type=\"application\/ld+json\" class=\"yoast-schema-graph\">{\"@context\":\"https:\\\/\\\/schema.org\",\"@graph\":[{\"@type\":\"WebPage\",\"@id\":\"https:\\\/\\\/perle-in.com\\\/produit\\\/cle-usb-basic-16-go-rotate\\\/\",\"url\":\"https:\\\/\\\/perle-in.com\\\/produit\\\/cle-usb-basic-16-go-rotate\\\/\",\"name\":\"Cl\u00e9 USB basic 16 Go Rotate - PERLE IN\",\"isPartOf\":{\"@id\":\"https:\\\/\\\/perle-in.com\\\/#website\"},\"primaryImageOfPage\":{\"@id\":\"https:\\\/\\\/perle-in.com\\\/produit\\\/cle-usb-basic-16-go-rotate\\\/#primaryimage\"},\"image\":{\"@id\":\"https:\\\/\\\/perle-in.com\\\/produit\\\/cle-usb-basic-16-go-rotate\\\/#primaryimage\"},\"thumbnailUrl\":\"https:\\\/\\\/perle-in.com\\\/wp-content\\\/uploads\\\/2025\\\/10\\\/12371300-1.jpg\",\"datePublished\":\"2025-10-13T19:59:37+00:00\",\"dateModified\":\"2025-10-13T19:59:41+00:00\",\"breadcrumb\":{\"@id\":\"https:\\\/\\\/perle-in.com\\\/produit\\\/cle-usb-basic-16-go-rotate\\\/#breadcrumb\"},\"inLanguage\":\"en-CA\",\"potentialAction\":[{\"@type\":\"ReadAction\",\"target\":[\"https:\\\/\\\/perle-in.com\\\/produit\\\/cle-usb-basic-16-go-rotate\\\/\"]}]},{\"@type\":\"ImageObject\",\"inLanguage\":\"en-CA\",\"@id\":\"https:\\\/\\\/perle-in.com\\\/produit\\\/cle-usb-basic-16-go-rotate\\\/#primaryimage\",\"url\":\"https:\\\/\\\/perle-in.com\\\/wp-content\\\/uploads\\\/2025\\\/10\\\/12371300-1.jpg\",\"contentUrl\":\"https:\\\/\\\/perle-in.com\\\/wp-content\\\/uploads\\\/2025\\\/10\\\/12371300-1.jpg\",\"width\":1600,\"height\":1600},{\"@type\":\"BreadcrumbList\",\"@id\":\"https:\\\/\\\/perle-in.com\\\/produit\\\/cle-usb-basic-16-go-rotate\\\/#breadcrumb\",\"itemListElement\":[{\"@type\":\"ListItem\",\"position\":1,\"name\":\"Accueil\",\"item\":\"https:\\\/\\\/perle-in.com\\\/\"},{\"@type\":\"ListItem\",\"position\":2,\"name\":\"Boutique\",\"item\":\"https:\\\/\\\/perle-in.com\\\/boutique\\\/\"},{\"@type\":\"ListItem\",\"position\":3,\"name\":\"Cl\u00e9 USB basic 16 Go Rotate\"}]},{\"@type\":\"WebSite\",\"@id\":\"https:\\\/\\\/perle-in.com\\\/#website\",\"url\":\"https:\\\/\\\/perle-in.com\\\/\",\"name\":\"PERLE IN\",\"description\":\"\",\"publisher\":{\"@id\":\"https:\\\/\\\/perle-in.com\\\/#organization\"},\"potentialAction\":[{\"@type\":\"SearchAction\",\"target\":{\"@type\":\"EntryPoint\",\"urlTemplate\":\"https:\\\/\\\/perle-in.com\\\/?s={search_term_string}\"},\"query-input\":{\"@type\":\"PropertyValueSpecification\",\"valueRequired\":true,\"valueName\":\"search_term_string\"}}],\"inLanguage\":\"en-CA\"},{\"@type\":\"Organization\",\"@id\":\"https:\\\/\\\/perle-in.com\\\/#organization\",\"name\":\"PERLE IN\",\"url\":\"https:\\\/\\\/perle-in.com\\\/\",\"logo\":{\"@type\":\"ImageObject\",\"inLanguage\":\"en-CA\",\"@id\":\"https:\\\/\\\/perle-in.com\\\/#\\\/schema\\\/logo\\\/image\\\/\",\"url\":\"https:\\\/\\\/perle-in.com\\\/wp-content\\\/uploads\\\/2022\\\/12\\\/LOGO-PERLE-IN-COULEUR@3x.webp\",\"contentUrl\":\"https:\\\/\\\/perle-in.com\\\/wp-content\\\/uploads\\\/2022\\\/12\\\/LOGO-PERLE-IN-COULEUR@3x.webp\",\"width\":1600,\"height\":490,\"caption\":\"PERLE IN\"},\"image\":{\"@id\":\"https:\\\/\\\/perle-in.com\\\/#\\\/schema\\\/logo\\\/image\\\/\"}}]}<\/script>\n<!-- \/ Yoast SEO plugin. -->","yoast_head_json":{"title":"Cl\u00e9 USB basic 16 Go Rotate - PERLE IN","robots":{"index":"noindex","follow":"follow","max-snippet":"max-snippet:-1","max-image-preview":"max-image-preview:large","max-video-preview":"max-video-preview:-1"},"og_locale":"en_US","og_type":"article","og_title":"Cl\u00e9 USB basic 16 Go Rotate - PERLE IN","og_description":"Stocker rapidement 16 Go de fichiers n'importe o\u00f9 est toujours possible avec la cl\u00e9 USB Rotate-basic 16 Go. En outre, elle constitue \u00e9galement un excellent outil pour renforcer subtilement la notori\u00e9t\u00e9 de votre marque.Technologie Plug and Play - compatible avec les syst\u00e8mes d'exploitation Windows et MacOS. USB 2.0 avec une vitesse d'\u00e9criture de 2,92 Mo\/s et une vitesse de lecture de 9,76 Mo\/s. La cl\u00e9 USB en plastique est dot\u00e9e d'un corps en aluminium pivotant \u00e0 360 degr\u00e9s qui permet une ouverture et une fermeture faciles et emp\u00eache la salet\u00e9 de p\u00e9n\u00e9trer dans le port USB.","og_url":"https:\/\/perle-in.com\/en\/product\/cle-usb-basic-16-go-rotate\/","og_site_name":"PERLE IN","article_modified_time":"2025-10-13T19:59:41+00:00","og_image":[{"width":1600,"height":1600,"url":"https:\/\/perle-in.com\/wp-content\/uploads\/2025\/10\/12371300-1.jpg","type":"image\/jpeg"}],"twitter_card":"summary_large_image","schema":{"@context":"https:\/\/schema.org","@graph":[{"@type":"WebPage","@id":"https:\/\/perle-in.com\/produit\/cle-usb-basic-16-go-rotate\/","url":"https:\/\/perle-in.com\/produit\/cle-usb-basic-16-go-rotate\/","name":"Cl\u00e9 USB basic 16 Go Rotate - PERLE IN","isPartOf":{"@id":"https:\/\/perle-in.com\/#website"},"primaryImageOfPage":{"@id":"https:\/\/perle-in.com\/produit\/cle-usb-basic-16-go-rotate\/#primaryimage"},"image":{"@id":"https:\/\/perle-in.com\/produit\/cle-usb-basic-16-go-rotate\/#primaryimage"},"thumbnailUrl":"https:\/\/perle-in.com\/wp-content\/uploads\/2025\/10\/12371300-1.jpg","datePublished":"2025-10-13T19:59:37+00:00","dateModified":"2025-10-13T19:59:41+00:00","breadcrumb":{"@id":"https:\/\/perle-in.com\/produit\/cle-usb-basic-16-go-rotate\/#breadcrumb"},"inLanguage":"en-CA","potentialAction":[{"@type":"ReadAction","target":["https:\/\/perle-in.com\/produit\/cle-usb-basic-16-go-rotate\/"]}]},{"@type":"ImageObject","inLanguage":"en-CA","@id":"https:\/\/perle-in.com\/produit\/cle-usb-basic-16-go-rotate\/#primaryimage","url":"https:\/\/perle-in.com\/wp-content\/uploads\/2025\/10\/12371300-1.jpg","contentUrl":"https:\/\/perle-in.com\/wp-content\/uploads\/2025\/10\/12371300-1.jpg","width":1600,"height":1600},{"@type":"BreadcrumbList","@id":"https:\/\/perle-in.com\/produit\/cle-usb-basic-16-go-rotate\/#breadcrumb","itemListElement":[{"@type":"ListItem","position":1,"name":"Accueil","item":"https:\/\/perle-in.com\/"},{"@type":"ListItem","position":2,"name":"Boutique","item":"https:\/\/perle-in.com\/boutique\/"},{"@type":"ListItem","position":3,"name":"Cl\u00e9 USB basic 16 Go Rotate"}]},{"@type":"WebSite","@id":"https:\/\/perle-in.com\/#website","url":"https:\/\/perle-in.com\/","name":"PERLE IN","description":"","publisher":{"@id":"https:\/\/perle-in.com\/#organization"},"potentialAction":[{"@type":"SearchAction","target":{"@type":"EntryPoint","urlTemplate":"https:\/\/perle-in.com\/?s={search_term_string}"},"query-input":{"@type":"PropertyValueSpecification","valueRequired":true,"valueName":"search_term_string"}}],"inLanguage":"en-CA"},{"@type":"Organization","@id":"https:\/\/perle-in.com\/#organization","name":"PERLE IN","url":"https:\/\/perle-in.com\/","logo":{"@type":"ImageObject","inLanguage":"en-CA","@id":"https:\/\/perle-in.com\/#\/schema\/logo\/image\/","url":"https:\/\/perle-in.com\/wp-content\/uploads\/2022\/12\/LOGO-PERLE-IN-COULEUR@3x.webp","contentUrl":"https:\/\/perle-in.com\/wp-content\/uploads\/2022\/12\/LOGO-PERLE-IN-COULEUR@3x.webp","width":1600,"height":490,"caption":"PERLE IN"},"image":{"@id":"https:\/\/perle-in.com\/#\/schema\/logo\/image\/"}}]}},"jetpack_sharing_enabled":true,"_links":{"self":[{"href":"https:\/\/perle-in.com\/en\/wp-json\/wp\/v2\/product\/505567","targetHints":{"allow":["GET"]}}],"collection":[{"href":"https:\/\/perle-in.com\/en\/wp-json\/wp\/v2\/product"}],"about":[{"href":"https:\/\/perle-in.com\/en\/wp-json\/wp\/v2\/types\/product"}],"version-history":[{"count":0,"href":"https:\/\/perle-in.com\/en\/wp-json\/wp\/v2\/product\/505567\/revisions"}],"wp:featuredmedia":[{"embeddable":true,"href":"https:\/\/perle-in.com\/en\/wp-json\/wp\/v2\/media\/505558"}],"wp:attachment":[{"href":"https:\/\/perle-in.com\/en\/wp-json\/wp\/v2\/media?parent=505567"}],"wp:term":[{"taxonomy":"product_brand","embeddable":true,"href":"https:\/\/perle-in.com\/en\/wp-json\/wp\/v2\/product_brand?post=505567"},{"taxonomy":"product_cat","embeddable":true,"href":"https:\/\/perle-in.com\/en\/wp-json\/wp\/v2\/product_cat?post=505567"},{"taxonomy":"product_tag","embeddable":true,"href":"https:\/\/perle-in.com\/en\/wp-json\/wp\/v2\/product_tag?post=505567"}],"curies":[{"name":"wp","href":"https:\/\/api.w.org\/{rel}","templated":true}]}}