{"id":505556,"date":"2025-10-13T21:58:38","date_gmt":"2025-10-13T19:58:38","guid":{"rendered":"https:\/\/perle-in.com\/produit\/batterie-de-secours-solaire-8000-mah-stellar\/"},"modified":"2025-10-13T21:58:39","modified_gmt":"2025-10-13T19:58:39","slug":"batterie-de-secours-solaire-8000-mah-stellar","status":"publish","type":"product","link":"https:\/\/perle-in.com\/en\/product\/batterie-de-secours-solaire-8000-mah-stellar\/","title":{"rendered":"Batterie de secours solaire 8000 mAh Stellar"},"content":{"rendered":"","protected":false},"excerpt":{"rendered":"<p>La batterie de secours solaire de 8000\u00a0mAh Stellar se compose d\u2019une batterie lithium polym\u00e8re de qualit\u00e9 sup\u00e9rieure et d&#8217;un seul panneau solaire 1,5 W en cristal. Elle est \u00e9quip\u00e9e d&#8217;une lampe de poche LED qui peut \u00eatre activ\u00e9e\/d\u00e9sactiv\u00e9e en appuyant deux fois sur le bouton d&#8217;alimentation. La batterie de secours vous permet de recharger simultan\u00e9ment deux p\u00e9riph\u00e9riques avec une entr\u00e9e de 5\u00a0V\/1,5 A et une capacit\u00e9 maximale de 5\u00a0V\/2,1\u00a0A (sortie 1\u00a0: 5\u00a0V\/2,1A\u00a0 et Sortie\u00a02\u00a0: 5\u00a0V\/1A. Les 4 indicateurs LED affichent l\u2019autonomie restante de la batterie de secours. La batterie de secours peut \u00eatre charg\u00e9e par le soleil ou le cordon USB vers micro USB fourni. Sous coffret cadeau blanc Avenue.<\/p>","protected":false},"featured_media":505546,"template":"","meta":{"_eb_attr":""},"product_brand":[],"product_cat":[811,667],"product_tag":[1146,944,813,812,938,815,1967],"class_list":{"0":"post-505556","1":"product","2":"type-product","3":"status-publish","4":"has-post-thumbnail","6":"product_cat-batteries-externes","7":"product_cat-technologie","8":"product_tag-alimentation","9":"product_tag-banque","10":"product_tag-batterie","11":"product_tag-batterie-de-secours","12":"product_tag-batteries-de-secours","13":"product_tag-chargeur","14":"product_tag-chargeurs","15":"pa_couleurs-noir","17":"first","18":"outofstock","19":"shipping-taxable","20":"purchasable","21":"product-type-variable"},"yoast_head":"<!-- This site is optimized with the Yoast SEO plugin v27.4 - https:\/\/yoast.com\/product\/yoast-seo-wordpress\/ -->\n<title>Batterie de secours solaire 8000 mAh Stellar - PERLE IN<\/title>\n<meta name=\"robots\" content=\"noindex, follow, max-snippet:-1, max-image-preview:large, max-video-preview:-1\" \/>\n<meta property=\"og:locale\" content=\"en_US\" \/>\n<meta property=\"og:type\" content=\"article\" \/>\n<meta property=\"og:title\" content=\"Batterie de secours solaire 8000 mAh Stellar - PERLE IN\" \/>\n<meta property=\"og:description\" content=\"La batterie de secours solaire de 8000\u00a0mAh Stellar se compose d\u2019une batterie lithium polym\u00e8re de qualit\u00e9 sup\u00e9rieure et d&#039;un seul panneau solaire 1,5 W en cristal. Elle est \u00e9quip\u00e9e d&#039;une lampe de poche LED qui peut \u00eatre activ\u00e9e\/d\u00e9sactiv\u00e9e en appuyant deux fois sur le bouton d&#039;alimentation. La batterie de secours vous permet de recharger simultan\u00e9ment deux p\u00e9riph\u00e9riques avec une entr\u00e9e de 5\u00a0V\/1,5 A et une capacit\u00e9 maximale de 5\u00a0V\/2,1\u00a0A (sortie 1\u00a0: 5\u00a0V\/2,1A\u00a0 et Sortie\u00a02\u00a0: 5\u00a0V\/1A. Les 4 indicateurs LED affichent l\u2019autonomie restante de la batterie de secours. La batterie de secours peut \u00eatre charg\u00e9e par le soleil ou le cordon USB vers micro USB fourni. Sous coffret cadeau blanc Avenue.\" \/>\n<meta property=\"og:url\" content=\"https:\/\/perle-in.com\/en\/product\/batterie-de-secours-solaire-8000-mah-stellar\/\" \/>\n<meta property=\"og:site_name\" content=\"PERLE IN\" \/>\n<meta property=\"article:modified_time\" content=\"2025-10-13T19:58:39+00:00\" \/>\n<meta property=\"og:image\" content=\"https:\/\/perle-in.com\/wp-content\/uploads\/2025\/10\/12368800-1.jpg\" \/>\n\t<meta property=\"og:image:width\" content=\"1600\" \/>\n\t<meta property=\"og:image:height\" content=\"1600\" \/>\n\t<meta property=\"og:image:type\" content=\"image\/jpeg\" \/>\n<meta name=\"twitter:card\" content=\"summary_large_image\" \/>\n<script type=\"application\/ld+json\" class=\"yoast-schema-graph\">{\"@context\":\"https:\\\/\\\/schema.org\",\"@graph\":[{\"@type\":\"WebPage\",\"@id\":\"https:\\\/\\\/perle-in.com\\\/produit\\\/batterie-de-secours-solaire-8000-mah-stellar\\\/\",\"url\":\"https:\\\/\\\/perle-in.com\\\/produit\\\/batterie-de-secours-solaire-8000-mah-stellar\\\/\",\"name\":\"Batterie de secours solaire 8000 mAh Stellar - PERLE IN\",\"isPartOf\":{\"@id\":\"https:\\\/\\\/perle-in.com\\\/#website\"},\"primaryImageOfPage\":{\"@id\":\"https:\\\/\\\/perle-in.com\\\/produit\\\/batterie-de-secours-solaire-8000-mah-stellar\\\/#primaryimage\"},\"image\":{\"@id\":\"https:\\\/\\\/perle-in.com\\\/produit\\\/batterie-de-secours-solaire-8000-mah-stellar\\\/#primaryimage\"},\"thumbnailUrl\":\"https:\\\/\\\/perle-in.com\\\/wp-content\\\/uploads\\\/2025\\\/10\\\/12368800-1.jpg\",\"datePublished\":\"2025-10-13T19:58:38+00:00\",\"dateModified\":\"2025-10-13T19:58:39+00:00\",\"breadcrumb\":{\"@id\":\"https:\\\/\\\/perle-in.com\\\/produit\\\/batterie-de-secours-solaire-8000-mah-stellar\\\/#breadcrumb\"},\"inLanguage\":\"en-CA\",\"potentialAction\":[{\"@type\":\"ReadAction\",\"target\":[\"https:\\\/\\\/perle-in.com\\\/produit\\\/batterie-de-secours-solaire-8000-mah-stellar\\\/\"]}]},{\"@type\":\"ImageObject\",\"inLanguage\":\"en-CA\",\"@id\":\"https:\\\/\\\/perle-in.com\\\/produit\\\/batterie-de-secours-solaire-8000-mah-stellar\\\/#primaryimage\",\"url\":\"https:\\\/\\\/perle-in.com\\\/wp-content\\\/uploads\\\/2025\\\/10\\\/12368800-1.jpg\",\"contentUrl\":\"https:\\\/\\\/perle-in.com\\\/wp-content\\\/uploads\\\/2025\\\/10\\\/12368800-1.jpg\",\"width\":1600,\"height\":1600},{\"@type\":\"BreadcrumbList\",\"@id\":\"https:\\\/\\\/perle-in.com\\\/produit\\\/batterie-de-secours-solaire-8000-mah-stellar\\\/#breadcrumb\",\"itemListElement\":[{\"@type\":\"ListItem\",\"position\":1,\"name\":\"Accueil\",\"item\":\"https:\\\/\\\/perle-in.com\\\/\"},{\"@type\":\"ListItem\",\"position\":2,\"name\":\"Boutique\",\"item\":\"https:\\\/\\\/perle-in.com\\\/boutique\\\/\"},{\"@type\":\"ListItem\",\"position\":3,\"name\":\"Batterie de secours solaire 8000 mAh Stellar\"}]},{\"@type\":\"WebSite\",\"@id\":\"https:\\\/\\\/perle-in.com\\\/#website\",\"url\":\"https:\\\/\\\/perle-in.com\\\/\",\"name\":\"PERLE IN\",\"description\":\"\",\"publisher\":{\"@id\":\"https:\\\/\\\/perle-in.com\\\/#organization\"},\"potentialAction\":[{\"@type\":\"SearchAction\",\"target\":{\"@type\":\"EntryPoint\",\"urlTemplate\":\"https:\\\/\\\/perle-in.com\\\/?s={search_term_string}\"},\"query-input\":{\"@type\":\"PropertyValueSpecification\",\"valueRequired\":true,\"valueName\":\"search_term_string\"}}],\"inLanguage\":\"en-CA\"},{\"@type\":\"Organization\",\"@id\":\"https:\\\/\\\/perle-in.com\\\/#organization\",\"name\":\"PERLE IN\",\"url\":\"https:\\\/\\\/perle-in.com\\\/\",\"logo\":{\"@type\":\"ImageObject\",\"inLanguage\":\"en-CA\",\"@id\":\"https:\\\/\\\/perle-in.com\\\/#\\\/schema\\\/logo\\\/image\\\/\",\"url\":\"https:\\\/\\\/perle-in.com\\\/wp-content\\\/uploads\\\/2022\\\/12\\\/LOGO-PERLE-IN-COULEUR@3x.webp\",\"contentUrl\":\"https:\\\/\\\/perle-in.com\\\/wp-content\\\/uploads\\\/2022\\\/12\\\/LOGO-PERLE-IN-COULEUR@3x.webp\",\"width\":1600,\"height\":490,\"caption\":\"PERLE IN\"},\"image\":{\"@id\":\"https:\\\/\\\/perle-in.com\\\/#\\\/schema\\\/logo\\\/image\\\/\"}}]}<\/script>\n<!-- \/ Yoast SEO plugin. -->","yoast_head_json":{"title":"Batterie de secours solaire 8000 mAh Stellar - PERLE IN","robots":{"index":"noindex","follow":"follow","max-snippet":"max-snippet:-1","max-image-preview":"max-image-preview:large","max-video-preview":"max-video-preview:-1"},"og_locale":"en_US","og_type":"article","og_title":"Batterie de secours solaire 8000 mAh Stellar - PERLE IN","og_description":"La batterie de secours solaire de 8000\u00a0mAh Stellar se compose d\u2019une batterie lithium polym\u00e8re de qualit\u00e9 sup\u00e9rieure et d'un seul panneau solaire 1,5 W en cristal. Elle est \u00e9quip\u00e9e d'une lampe de poche LED qui peut \u00eatre activ\u00e9e\/d\u00e9sactiv\u00e9e en appuyant deux fois sur le bouton d'alimentation. La batterie de secours vous permet de recharger simultan\u00e9ment deux p\u00e9riph\u00e9riques avec une entr\u00e9e de 5\u00a0V\/1,5 A et une capacit\u00e9 maximale de 5\u00a0V\/2,1\u00a0A (sortie 1\u00a0: 5\u00a0V\/2,1A\u00a0 et Sortie\u00a02\u00a0: 5\u00a0V\/1A. Les 4 indicateurs LED affichent l\u2019autonomie restante de la batterie de secours. La batterie de secours peut \u00eatre charg\u00e9e par le soleil ou le cordon USB vers micro USB fourni. Sous coffret cadeau blanc Avenue.","og_url":"https:\/\/perle-in.com\/en\/product\/batterie-de-secours-solaire-8000-mah-stellar\/","og_site_name":"PERLE IN","article_modified_time":"2025-10-13T19:58:39+00:00","og_image":[{"width":1600,"height":1600,"url":"https:\/\/perle-in.com\/wp-content\/uploads\/2025\/10\/12368800-1.jpg","type":"image\/jpeg"}],"twitter_card":"summary_large_image","schema":{"@context":"https:\/\/schema.org","@graph":[{"@type":"WebPage","@id":"https:\/\/perle-in.com\/produit\/batterie-de-secours-solaire-8000-mah-stellar\/","url":"https:\/\/perle-in.com\/produit\/batterie-de-secours-solaire-8000-mah-stellar\/","name":"Batterie de secours solaire 8000 mAh Stellar - PERLE IN","isPartOf":{"@id":"https:\/\/perle-in.com\/#website"},"primaryImageOfPage":{"@id":"https:\/\/perle-in.com\/produit\/batterie-de-secours-solaire-8000-mah-stellar\/#primaryimage"},"image":{"@id":"https:\/\/perle-in.com\/produit\/batterie-de-secours-solaire-8000-mah-stellar\/#primaryimage"},"thumbnailUrl":"https:\/\/perle-in.com\/wp-content\/uploads\/2025\/10\/12368800-1.jpg","datePublished":"2025-10-13T19:58:38+00:00","dateModified":"2025-10-13T19:58:39+00:00","breadcrumb":{"@id":"https:\/\/perle-in.com\/produit\/batterie-de-secours-solaire-8000-mah-stellar\/#breadcrumb"},"inLanguage":"en-CA","potentialAction":[{"@type":"ReadAction","target":["https:\/\/perle-in.com\/produit\/batterie-de-secours-solaire-8000-mah-stellar\/"]}]},{"@type":"ImageObject","inLanguage":"en-CA","@id":"https:\/\/perle-in.com\/produit\/batterie-de-secours-solaire-8000-mah-stellar\/#primaryimage","url":"https:\/\/perle-in.com\/wp-content\/uploads\/2025\/10\/12368800-1.jpg","contentUrl":"https:\/\/perle-in.com\/wp-content\/uploads\/2025\/10\/12368800-1.jpg","width":1600,"height":1600},{"@type":"BreadcrumbList","@id":"https:\/\/perle-in.com\/produit\/batterie-de-secours-solaire-8000-mah-stellar\/#breadcrumb","itemListElement":[{"@type":"ListItem","position":1,"name":"Accueil","item":"https:\/\/perle-in.com\/"},{"@type":"ListItem","position":2,"name":"Boutique","item":"https:\/\/perle-in.com\/boutique\/"},{"@type":"ListItem","position":3,"name":"Batterie de secours solaire 8000 mAh Stellar"}]},{"@type":"WebSite","@id":"https:\/\/perle-in.com\/#website","url":"https:\/\/perle-in.com\/","name":"PERLE IN","description":"","publisher":{"@id":"https:\/\/perle-in.com\/#organization"},"potentialAction":[{"@type":"SearchAction","target":{"@type":"EntryPoint","urlTemplate":"https:\/\/perle-in.com\/?s={search_term_string}"},"query-input":{"@type":"PropertyValueSpecification","valueRequired":true,"valueName":"search_term_string"}}],"inLanguage":"en-CA"},{"@type":"Organization","@id":"https:\/\/perle-in.com\/#organization","name":"PERLE IN","url":"https:\/\/perle-in.com\/","logo":{"@type":"ImageObject","inLanguage":"en-CA","@id":"https:\/\/perle-in.com\/#\/schema\/logo\/image\/","url":"https:\/\/perle-in.com\/wp-content\/uploads\/2022\/12\/LOGO-PERLE-IN-COULEUR@3x.webp","contentUrl":"https:\/\/perle-in.com\/wp-content\/uploads\/2022\/12\/LOGO-PERLE-IN-COULEUR@3x.webp","width":1600,"height":490,"caption":"PERLE IN"},"image":{"@id":"https:\/\/perle-in.com\/#\/schema\/logo\/image\/"}}]}},"jetpack_sharing_enabled":true,"_links":{"self":[{"href":"https:\/\/perle-in.com\/en\/wp-json\/wp\/v2\/product\/505556","targetHints":{"allow":["GET"]}}],"collection":[{"href":"https:\/\/perle-in.com\/en\/wp-json\/wp\/v2\/product"}],"about":[{"href":"https:\/\/perle-in.com\/en\/wp-json\/wp\/v2\/types\/product"}],"version-history":[{"count":0,"href":"https:\/\/perle-in.com\/en\/wp-json\/wp\/v2\/product\/505556\/revisions"}],"wp:featuredmedia":[{"embeddable":true,"href":"https:\/\/perle-in.com\/en\/wp-json\/wp\/v2\/media\/505546"}],"wp:attachment":[{"href":"https:\/\/perle-in.com\/en\/wp-json\/wp\/v2\/media?parent=505556"}],"wp:term":[{"taxonomy":"product_brand","embeddable":true,"href":"https:\/\/perle-in.com\/en\/wp-json\/wp\/v2\/product_brand?post=505556"},{"taxonomy":"product_cat","embeddable":true,"href":"https:\/\/perle-in.com\/en\/wp-json\/wp\/v2\/product_cat?post=505556"},{"taxonomy":"product_tag","embeddable":true,"href":"https:\/\/perle-in.com\/en\/wp-json\/wp\/v2\/product_tag?post=505556"}],"curies":[{"name":"wp","href":"https:\/\/api.w.org\/{rel}","templated":true}]}}