{"id":505480,"date":"2025-10-13T21:50:13","date_gmt":"2025-10-13T19:50:13","guid":{"rendered":"https:\/\/perle-in.com\/produit\/cle-usb-2-go-rotate-basic\/"},"modified":"2025-10-13T21:50:18","modified_gmt":"2025-10-13T19:50:18","slug":"cle-usb-2-go-rotate-basic","status":"publish","type":"product","link":"https:\/\/perle-in.com\/en\/product\/cle-usb-2-go-rotate-basic\/","title":{"rendered":"Cl\u00e9 USB 2 Go Rotate-basic"},"content":{"rendered":"","protected":false},"excerpt":{"rendered":"<p>Avec la cl\u00e9 USB Rotate-basic 2GB, il est facile et s\u00fbr de partager, d\u00e9placer et sauvegarder vos fichiers. La cl\u00e9 USB en plastique est dot\u00e9e d&#8217;un corps en aluminium l\u00e9ger et rotatif \u00e0 360 degr\u00e9s qui facilite l&#8217;ouverture et la fermeture et prot\u00e8ge la cl\u00e9 lorsqu&#8217;elle n&#8217;est pas utilis\u00e9e. Technologie Plug and Play &#8211; compatible avec les syst\u00e8mes d&#8217;exploitation Windows et MacOS. USB 2.0 avec une vitesse d&#8217;\u00e9criture de 2,92 Mo\/s et une vitesse de lecture de 9,76 Mo\/s. La cl\u00e9 USB est disponible en diff\u00e9rentes couleurs et offre diverses possibilit\u00e9s d&#8217;impression de n&#8217;importe quel logo.   <\/p>","protected":false},"featured_media":505471,"template":"","meta":{"_eb_attr":""},"product_brand":[],"product_cat":[743,667],"product_tag":[745,747,748,746,744],"class_list":{"0":"post-505480","1":"product","2":"type-product","3":"status-publish","4":"has-post-thumbnail","6":"product_cat-cles-usb","7":"product_cat-technologie","8":"product_tag-cle-usb","9":"product_tag-clef-usb","10":"product_tag-clefs-usb","11":"product_tag-cles-usb","12":"product_tag-usb","13":"pa_couleurs-blanc-argent","14":"pa_couleurs-bleu-argent","15":"pa_couleurs-noir-argent","16":"pa_couleurs-rouge-argent","18":"first","19":"instock","20":"shipping-taxable","21":"purchasable","22":"product-type-variable"},"yoast_head":"<!-- This site is optimized with the Yoast SEO plugin v27.4 - https:\/\/yoast.com\/product\/yoast-seo-wordpress\/ -->\n<title>Cl\u00e9 USB 2 Go Rotate-basic - PERLE IN<\/title>\n<meta name=\"robots\" content=\"noindex, follow, max-snippet:-1, max-image-preview:large, max-video-preview:-1\" \/>\n<meta property=\"og:locale\" content=\"en_US\" \/>\n<meta property=\"og:type\" content=\"article\" \/>\n<meta property=\"og:title\" content=\"Cl\u00e9 USB 2 Go Rotate-basic - PERLE IN\" \/>\n<meta property=\"og:description\" content=\"Avec la cl\u00e9 USB Rotate-basic 2GB, il est facile et s\u00fbr de partager, d\u00e9placer et sauvegarder vos fichiers. La cl\u00e9 USB en plastique est dot\u00e9e d&#039;un corps en aluminium l\u00e9ger et rotatif \u00e0 360 degr\u00e9s qui facilite l&#039;ouverture et la fermeture et prot\u00e8ge la cl\u00e9 lorsqu&#039;elle n&#039;est pas utilis\u00e9e. Technologie Plug and Play - compatible avec les syst\u00e8mes d&#039;exploitation Windows et MacOS. USB 2.0 avec une vitesse d&#039;\u00e9criture de 2,92 Mo\/s et une vitesse de lecture de 9,76 Mo\/s. La cl\u00e9 USB est disponible en diff\u00e9rentes couleurs et offre diverses possibilit\u00e9s d&#039;impression de n&#039;importe quel logo.\" \/>\n<meta property=\"og:url\" content=\"https:\/\/perle-in.com\/en\/product\/cle-usb-2-go-rotate-basic\/\" \/>\n<meta property=\"og:site_name\" content=\"PERLE IN\" \/>\n<meta property=\"article:modified_time\" content=\"2025-10-13T19:50:18+00:00\" \/>\n<meta property=\"og:image\" content=\"https:\/\/perle-in.com\/wp-content\/uploads\/2025\/10\/12350400-1.jpg\" \/>\n\t<meta property=\"og:image:width\" content=\"1600\" \/>\n\t<meta property=\"og:image:height\" content=\"1600\" \/>\n\t<meta property=\"og:image:type\" content=\"image\/jpeg\" \/>\n<meta name=\"twitter:card\" content=\"summary_large_image\" \/>\n<script type=\"application\/ld+json\" class=\"yoast-schema-graph\">{\"@context\":\"https:\\\/\\\/schema.org\",\"@graph\":[{\"@type\":\"WebPage\",\"@id\":\"https:\\\/\\\/perle-in.com\\\/produit\\\/cle-usb-2-go-rotate-basic\\\/\",\"url\":\"https:\\\/\\\/perle-in.com\\\/produit\\\/cle-usb-2-go-rotate-basic\\\/\",\"name\":\"Cl\u00e9 USB 2 Go Rotate-basic - PERLE IN\",\"isPartOf\":{\"@id\":\"https:\\\/\\\/perle-in.com\\\/#website\"},\"primaryImageOfPage\":{\"@id\":\"https:\\\/\\\/perle-in.com\\\/produit\\\/cle-usb-2-go-rotate-basic\\\/#primaryimage\"},\"image\":{\"@id\":\"https:\\\/\\\/perle-in.com\\\/produit\\\/cle-usb-2-go-rotate-basic\\\/#primaryimage\"},\"thumbnailUrl\":\"https:\\\/\\\/perle-in.com\\\/wp-content\\\/uploads\\\/2025\\\/10\\\/12350400-1.jpg\",\"datePublished\":\"2025-10-13T19:50:13+00:00\",\"dateModified\":\"2025-10-13T19:50:18+00:00\",\"breadcrumb\":{\"@id\":\"https:\\\/\\\/perle-in.com\\\/produit\\\/cle-usb-2-go-rotate-basic\\\/#breadcrumb\"},\"inLanguage\":\"en-CA\",\"potentialAction\":[{\"@type\":\"ReadAction\",\"target\":[\"https:\\\/\\\/perle-in.com\\\/produit\\\/cle-usb-2-go-rotate-basic\\\/\"]}]},{\"@type\":\"ImageObject\",\"inLanguage\":\"en-CA\",\"@id\":\"https:\\\/\\\/perle-in.com\\\/produit\\\/cle-usb-2-go-rotate-basic\\\/#primaryimage\",\"url\":\"https:\\\/\\\/perle-in.com\\\/wp-content\\\/uploads\\\/2025\\\/10\\\/12350400-1.jpg\",\"contentUrl\":\"https:\\\/\\\/perle-in.com\\\/wp-content\\\/uploads\\\/2025\\\/10\\\/12350400-1.jpg\",\"width\":1600,\"height\":1600},{\"@type\":\"BreadcrumbList\",\"@id\":\"https:\\\/\\\/perle-in.com\\\/produit\\\/cle-usb-2-go-rotate-basic\\\/#breadcrumb\",\"itemListElement\":[{\"@type\":\"ListItem\",\"position\":1,\"name\":\"Accueil\",\"item\":\"https:\\\/\\\/perle-in.com\\\/\"},{\"@type\":\"ListItem\",\"position\":2,\"name\":\"Boutique\",\"item\":\"https:\\\/\\\/perle-in.com\\\/boutique\\\/\"},{\"@type\":\"ListItem\",\"position\":3,\"name\":\"Cl\u00e9 USB 2 Go Rotate-basic\"}]},{\"@type\":\"WebSite\",\"@id\":\"https:\\\/\\\/perle-in.com\\\/#website\",\"url\":\"https:\\\/\\\/perle-in.com\\\/\",\"name\":\"PERLE IN\",\"description\":\"\",\"publisher\":{\"@id\":\"https:\\\/\\\/perle-in.com\\\/#organization\"},\"potentialAction\":[{\"@type\":\"SearchAction\",\"target\":{\"@type\":\"EntryPoint\",\"urlTemplate\":\"https:\\\/\\\/perle-in.com\\\/?s={search_term_string}\"},\"query-input\":{\"@type\":\"PropertyValueSpecification\",\"valueRequired\":true,\"valueName\":\"search_term_string\"}}],\"inLanguage\":\"en-CA\"},{\"@type\":\"Organization\",\"@id\":\"https:\\\/\\\/perle-in.com\\\/#organization\",\"name\":\"PERLE IN\",\"url\":\"https:\\\/\\\/perle-in.com\\\/\",\"logo\":{\"@type\":\"ImageObject\",\"inLanguage\":\"en-CA\",\"@id\":\"https:\\\/\\\/perle-in.com\\\/#\\\/schema\\\/logo\\\/image\\\/\",\"url\":\"https:\\\/\\\/perle-in.com\\\/wp-content\\\/uploads\\\/2022\\\/12\\\/LOGO-PERLE-IN-COULEUR@3x.webp\",\"contentUrl\":\"https:\\\/\\\/perle-in.com\\\/wp-content\\\/uploads\\\/2022\\\/12\\\/LOGO-PERLE-IN-COULEUR@3x.webp\",\"width\":1600,\"height\":490,\"caption\":\"PERLE IN\"},\"image\":{\"@id\":\"https:\\\/\\\/perle-in.com\\\/#\\\/schema\\\/logo\\\/image\\\/\"}}]}<\/script>\n<!-- \/ Yoast SEO plugin. -->","yoast_head_json":{"title":"Cl\u00e9 USB 2 Go Rotate-basic - PERLE IN","robots":{"index":"noindex","follow":"follow","max-snippet":"max-snippet:-1","max-image-preview":"max-image-preview:large","max-video-preview":"max-video-preview:-1"},"og_locale":"en_US","og_type":"article","og_title":"Cl\u00e9 USB 2 Go Rotate-basic - PERLE IN","og_description":"Avec la cl\u00e9 USB Rotate-basic 2GB, il est facile et s\u00fbr de partager, d\u00e9placer et sauvegarder vos fichiers. La cl\u00e9 USB en plastique est dot\u00e9e d'un corps en aluminium l\u00e9ger et rotatif \u00e0 360 degr\u00e9s qui facilite l'ouverture et la fermeture et prot\u00e8ge la cl\u00e9 lorsqu'elle n'est pas utilis\u00e9e. Technologie Plug and Play - compatible avec les syst\u00e8mes d'exploitation Windows et MacOS. USB 2.0 avec une vitesse d'\u00e9criture de 2,92 Mo\/s et une vitesse de lecture de 9,76 Mo\/s. La cl\u00e9 USB est disponible en diff\u00e9rentes couleurs et offre diverses possibilit\u00e9s d'impression de n'importe quel logo.","og_url":"https:\/\/perle-in.com\/en\/product\/cle-usb-2-go-rotate-basic\/","og_site_name":"PERLE IN","article_modified_time":"2025-10-13T19:50:18+00:00","og_image":[{"width":1600,"height":1600,"url":"https:\/\/perle-in.com\/wp-content\/uploads\/2025\/10\/12350400-1.jpg","type":"image\/jpeg"}],"twitter_card":"summary_large_image","schema":{"@context":"https:\/\/schema.org","@graph":[{"@type":"WebPage","@id":"https:\/\/perle-in.com\/produit\/cle-usb-2-go-rotate-basic\/","url":"https:\/\/perle-in.com\/produit\/cle-usb-2-go-rotate-basic\/","name":"Cl\u00e9 USB 2 Go Rotate-basic - PERLE IN","isPartOf":{"@id":"https:\/\/perle-in.com\/#website"},"primaryImageOfPage":{"@id":"https:\/\/perle-in.com\/produit\/cle-usb-2-go-rotate-basic\/#primaryimage"},"image":{"@id":"https:\/\/perle-in.com\/produit\/cle-usb-2-go-rotate-basic\/#primaryimage"},"thumbnailUrl":"https:\/\/perle-in.com\/wp-content\/uploads\/2025\/10\/12350400-1.jpg","datePublished":"2025-10-13T19:50:13+00:00","dateModified":"2025-10-13T19:50:18+00:00","breadcrumb":{"@id":"https:\/\/perle-in.com\/produit\/cle-usb-2-go-rotate-basic\/#breadcrumb"},"inLanguage":"en-CA","potentialAction":[{"@type":"ReadAction","target":["https:\/\/perle-in.com\/produit\/cle-usb-2-go-rotate-basic\/"]}]},{"@type":"ImageObject","inLanguage":"en-CA","@id":"https:\/\/perle-in.com\/produit\/cle-usb-2-go-rotate-basic\/#primaryimage","url":"https:\/\/perle-in.com\/wp-content\/uploads\/2025\/10\/12350400-1.jpg","contentUrl":"https:\/\/perle-in.com\/wp-content\/uploads\/2025\/10\/12350400-1.jpg","width":1600,"height":1600},{"@type":"BreadcrumbList","@id":"https:\/\/perle-in.com\/produit\/cle-usb-2-go-rotate-basic\/#breadcrumb","itemListElement":[{"@type":"ListItem","position":1,"name":"Accueil","item":"https:\/\/perle-in.com\/"},{"@type":"ListItem","position":2,"name":"Boutique","item":"https:\/\/perle-in.com\/boutique\/"},{"@type":"ListItem","position":3,"name":"Cl\u00e9 USB 2 Go Rotate-basic"}]},{"@type":"WebSite","@id":"https:\/\/perle-in.com\/#website","url":"https:\/\/perle-in.com\/","name":"PERLE IN","description":"","publisher":{"@id":"https:\/\/perle-in.com\/#organization"},"potentialAction":[{"@type":"SearchAction","target":{"@type":"EntryPoint","urlTemplate":"https:\/\/perle-in.com\/?s={search_term_string}"},"query-input":{"@type":"PropertyValueSpecification","valueRequired":true,"valueName":"search_term_string"}}],"inLanguage":"en-CA"},{"@type":"Organization","@id":"https:\/\/perle-in.com\/#organization","name":"PERLE IN","url":"https:\/\/perle-in.com\/","logo":{"@type":"ImageObject","inLanguage":"en-CA","@id":"https:\/\/perle-in.com\/#\/schema\/logo\/image\/","url":"https:\/\/perle-in.com\/wp-content\/uploads\/2022\/12\/LOGO-PERLE-IN-COULEUR@3x.webp","contentUrl":"https:\/\/perle-in.com\/wp-content\/uploads\/2022\/12\/LOGO-PERLE-IN-COULEUR@3x.webp","width":1600,"height":490,"caption":"PERLE IN"},"image":{"@id":"https:\/\/perle-in.com\/#\/schema\/logo\/image\/"}}]}},"jetpack_sharing_enabled":true,"_links":{"self":[{"href":"https:\/\/perle-in.com\/en\/wp-json\/wp\/v2\/product\/505480","targetHints":{"allow":["GET"]}}],"collection":[{"href":"https:\/\/perle-in.com\/en\/wp-json\/wp\/v2\/product"}],"about":[{"href":"https:\/\/perle-in.com\/en\/wp-json\/wp\/v2\/types\/product"}],"version-history":[{"count":0,"href":"https:\/\/perle-in.com\/en\/wp-json\/wp\/v2\/product\/505480\/revisions"}],"wp:featuredmedia":[{"embeddable":true,"href":"https:\/\/perle-in.com\/en\/wp-json\/wp\/v2\/media\/505471"}],"wp:attachment":[{"href":"https:\/\/perle-in.com\/en\/wp-json\/wp\/v2\/media?parent=505480"}],"wp:term":[{"taxonomy":"product_brand","embeddable":true,"href":"https:\/\/perle-in.com\/en\/wp-json\/wp\/v2\/product_brand?post=505480"},{"taxonomy":"product_cat","embeddable":true,"href":"https:\/\/perle-in.com\/en\/wp-json\/wp\/v2\/product_cat?post=505480"},{"taxonomy":"product_tag","embeddable":true,"href":"https:\/\/perle-in.com\/en\/wp-json\/wp\/v2\/product_tag?post=505480"}],"curies":[{"name":"wp","href":"https:\/\/api.w.org\/{rel}","templated":true}]}}