{"id":505428,"date":"2025-10-13T21:46:14","date_gmt":"2025-10-13T19:46:14","guid":{"rendered":"https:\/\/perle-in.com\/produit\/bracelet-reflechissant-a-claquer-felix-rfx\/"},"modified":"2025-10-13T21:46:20","modified_gmt":"2025-10-13T19:46:20","slug":"bracelet-reflechissant-a-claquer-felix-rfx","status":"publish","type":"product","link":"https:\/\/perle-in.com\/en\/product\/bracelet-reflechissant-a-claquer-felix-rfx\/","title":{"rendered":"Bracelet r\u00e9fl\u00e9chissant \u00e0 claquer F\u00e9lix RFX\u2122"},"content":{"rendered":"","protected":false},"excerpt":{"rendered":"<p>Les brassards offrent une visibilit\u00e9 \u00e0 360\u00b0 dans l&#8217;obscurit\u00e9 et sont id\u00e9aux pour v\u00e9hiculer des messages promotionnels. En utilisant ces brassards certifi\u00e9s, vous faites de la s\u00e9curit\u00e9 routi\u00e8re une caract\u00e9ristique de votre marque. Un slap wrap est un r\u00e9flecteur allong\u00e9 avec un ressort sp\u00e9cialement d\u00e9velopp\u00e9 soud\u00e9 \u00e0 l&#8217;int\u00e9rieur. D&#8217;un l\u00e9ger claquement, il s&#8217;enroule facilement autour du bras ou de la cheville. Disponible en plusieurs tailles, et en couleur blanche ou jaune. Il est dot\u00e9 d&#8217;un film r\u00e9fl\u00e9chissant souple RFX\u2122 florescent fabriqu\u00e9 en PVC sans phtalates ou en TPU, une option plus durable.  Les mat\u00e9riaux ont \u00e9t\u00e9 test\u00e9s conform\u00e9ment \u00e0 la liste candidate REACH SVHC (substances extr\u00eamement pr\u00e9occupantes) et ne contiennent pas de phtalates. Les bracelets sont test\u00e9s et approuv\u00e9s par la CE conform\u00e9ment \u00e0 la norme EN 13356 : 2001 Type 2.<\/p>","protected":false},"featured_media":505421,"template":"","meta":{"_eb_attr":""},"product_brand":[],"product_cat":[439,438],"product_tag":[1956,440,1955,686,1957,1958,735],"class_list":{"0":"post-505428","1":"product","2":"type-product","3":"status-publish","4":"has-post-thumbnail","6":"product_cat-articles-rflchissants","7":"product_cat-outils-et-accessoires-pour-la-voiture","8":"product_tag-a-claquer","9":"product_tag-bracelet","10":"product_tag-felix","11":"product_tag-reflechissant","12":"product_tag-slap-wrap","13":"product_tag-slapwrap","14":"product_tag-visibilite","15":"pa_couleurs-argent","16":"pa_couleurs-jaune-neon","17":"pa_couleurs-orange-neon","19":"first","20":"instock","21":"shipping-taxable","22":"purchasable","23":"product-type-variable"},"yoast_head":"<!-- This site is optimized with the Yoast SEO plugin v27.4 - https:\/\/yoast.com\/product\/yoast-seo-wordpress\/ -->\n<title>Bracelet r\u00e9fl\u00e9chissant \u00e0 claquer F\u00e9lix RFX\u2122 - PERLE IN<\/title>\n<meta name=\"robots\" content=\"noindex, follow, max-snippet:-1, max-image-preview:large, max-video-preview:-1\" \/>\n<meta property=\"og:locale\" content=\"en_US\" \/>\n<meta property=\"og:type\" content=\"article\" \/>\n<meta property=\"og:title\" content=\"Bracelet r\u00e9fl\u00e9chissant \u00e0 claquer F\u00e9lix RFX\u2122 - PERLE IN\" \/>\n<meta property=\"og:description\" content=\"Les brassards offrent une visibilit\u00e9 \u00e0 360\u00b0 dans l&#039;obscurit\u00e9 et sont id\u00e9aux pour v\u00e9hiculer des messages promotionnels. En utilisant ces brassards certifi\u00e9s, vous faites de la s\u00e9curit\u00e9 routi\u00e8re une caract\u00e9ristique de votre marque. Un slap wrap est un r\u00e9flecteur allong\u00e9 avec un ressort sp\u00e9cialement d\u00e9velopp\u00e9 soud\u00e9 \u00e0 l&#039;int\u00e9rieur. D&#039;un l\u00e9ger claquement, il s&#039;enroule facilement autour du bras ou de la cheville. Disponible en plusieurs tailles, et en couleur blanche ou jaune. Il est dot\u00e9 d&#039;un film r\u00e9fl\u00e9chissant souple RFX\u2122 florescent fabriqu\u00e9 en PVC sans phtalates ou en TPU, une option plus durable. Les mat\u00e9riaux ont \u00e9t\u00e9 test\u00e9s conform\u00e9ment \u00e0 la liste candidate REACH SVHC (substances extr\u00eamement pr\u00e9occupantes) et ne contiennent pas de phtalates. Les bracelets sont test\u00e9s et approuv\u00e9s par la CE conform\u00e9ment \u00e0 la norme EN 13356 : 2001 Type 2.\" \/>\n<meta property=\"og:url\" content=\"https:\/\/perle-in.com\/en\/product\/bracelet-reflechissant-a-claquer-felix-rfx\/\" \/>\n<meta property=\"og:site_name\" content=\"PERLE IN\" \/>\n<meta property=\"article:modified_time\" content=\"2025-10-13T19:46:20+00:00\" \/>\n<meta property=\"og:image\" content=\"https:\/\/perle-in.com\/wp-content\/uploads\/2025\/10\/12201900-1.jpg\" \/>\n\t<meta property=\"og:image:width\" content=\"1600\" \/>\n\t<meta property=\"og:image:height\" content=\"1600\" \/>\n\t<meta property=\"og:image:type\" content=\"image\/jpeg\" \/>\n<meta name=\"twitter:card\" content=\"summary_large_image\" \/>\n<script type=\"application\/ld+json\" class=\"yoast-schema-graph\">{\"@context\":\"https:\\\/\\\/schema.org\",\"@graph\":[{\"@type\":\"WebPage\",\"@id\":\"https:\\\/\\\/perle-in.com\\\/produit\\\/bracelet-reflechissant-a-claquer-felix-rfx\\\/\",\"url\":\"https:\\\/\\\/perle-in.com\\\/produit\\\/bracelet-reflechissant-a-claquer-felix-rfx\\\/\",\"name\":\"Bracelet r\u00e9fl\u00e9chissant \u00e0 claquer F\u00e9lix RFX\u2122 - PERLE IN\",\"isPartOf\":{\"@id\":\"https:\\\/\\\/perle-in.com\\\/#website\"},\"primaryImageOfPage\":{\"@id\":\"https:\\\/\\\/perle-in.com\\\/produit\\\/bracelet-reflechissant-a-claquer-felix-rfx\\\/#primaryimage\"},\"image\":{\"@id\":\"https:\\\/\\\/perle-in.com\\\/produit\\\/bracelet-reflechissant-a-claquer-felix-rfx\\\/#primaryimage\"},\"thumbnailUrl\":\"https:\\\/\\\/perle-in.com\\\/wp-content\\\/uploads\\\/2025\\\/10\\\/12201900-1.jpg\",\"datePublished\":\"2025-10-13T19:46:14+00:00\",\"dateModified\":\"2025-10-13T19:46:20+00:00\",\"breadcrumb\":{\"@id\":\"https:\\\/\\\/perle-in.com\\\/produit\\\/bracelet-reflechissant-a-claquer-felix-rfx\\\/#breadcrumb\"},\"inLanguage\":\"en-CA\",\"potentialAction\":[{\"@type\":\"ReadAction\",\"target\":[\"https:\\\/\\\/perle-in.com\\\/produit\\\/bracelet-reflechissant-a-claquer-felix-rfx\\\/\"]}]},{\"@type\":\"ImageObject\",\"inLanguage\":\"en-CA\",\"@id\":\"https:\\\/\\\/perle-in.com\\\/produit\\\/bracelet-reflechissant-a-claquer-felix-rfx\\\/#primaryimage\",\"url\":\"https:\\\/\\\/perle-in.com\\\/wp-content\\\/uploads\\\/2025\\\/10\\\/12201900-1.jpg\",\"contentUrl\":\"https:\\\/\\\/perle-in.com\\\/wp-content\\\/uploads\\\/2025\\\/10\\\/12201900-1.jpg\",\"width\":1600,\"height\":1600},{\"@type\":\"BreadcrumbList\",\"@id\":\"https:\\\/\\\/perle-in.com\\\/produit\\\/bracelet-reflechissant-a-claquer-felix-rfx\\\/#breadcrumb\",\"itemListElement\":[{\"@type\":\"ListItem\",\"position\":1,\"name\":\"Accueil\",\"item\":\"https:\\\/\\\/perle-in.com\\\/\"},{\"@type\":\"ListItem\",\"position\":2,\"name\":\"Boutique\",\"item\":\"https:\\\/\\\/perle-in.com\\\/boutique\\\/\"},{\"@type\":\"ListItem\",\"position\":3,\"name\":\"Bracelet r\u00e9fl\u00e9chissant \u00e0 claquer F\u00e9lix RFX\u2122\"}]},{\"@type\":\"WebSite\",\"@id\":\"https:\\\/\\\/perle-in.com\\\/#website\",\"url\":\"https:\\\/\\\/perle-in.com\\\/\",\"name\":\"PERLE IN\",\"description\":\"\",\"publisher\":{\"@id\":\"https:\\\/\\\/perle-in.com\\\/#organization\"},\"potentialAction\":[{\"@type\":\"SearchAction\",\"target\":{\"@type\":\"EntryPoint\",\"urlTemplate\":\"https:\\\/\\\/perle-in.com\\\/?s={search_term_string}\"},\"query-input\":{\"@type\":\"PropertyValueSpecification\",\"valueRequired\":true,\"valueName\":\"search_term_string\"}}],\"inLanguage\":\"en-CA\"},{\"@type\":\"Organization\",\"@id\":\"https:\\\/\\\/perle-in.com\\\/#organization\",\"name\":\"PERLE IN\",\"url\":\"https:\\\/\\\/perle-in.com\\\/\",\"logo\":{\"@type\":\"ImageObject\",\"inLanguage\":\"en-CA\",\"@id\":\"https:\\\/\\\/perle-in.com\\\/#\\\/schema\\\/logo\\\/image\\\/\",\"url\":\"https:\\\/\\\/perle-in.com\\\/wp-content\\\/uploads\\\/2022\\\/12\\\/LOGO-PERLE-IN-COULEUR@3x.webp\",\"contentUrl\":\"https:\\\/\\\/perle-in.com\\\/wp-content\\\/uploads\\\/2022\\\/12\\\/LOGO-PERLE-IN-COULEUR@3x.webp\",\"width\":1600,\"height\":490,\"caption\":\"PERLE IN\"},\"image\":{\"@id\":\"https:\\\/\\\/perle-in.com\\\/#\\\/schema\\\/logo\\\/image\\\/\"}}]}<\/script>\n<!-- \/ Yoast SEO plugin. -->","yoast_head_json":{"title":"Bracelet r\u00e9fl\u00e9chissant \u00e0 claquer F\u00e9lix RFX\u2122 - PERLE IN","robots":{"index":"noindex","follow":"follow","max-snippet":"max-snippet:-1","max-image-preview":"max-image-preview:large","max-video-preview":"max-video-preview:-1"},"og_locale":"en_US","og_type":"article","og_title":"Bracelet r\u00e9fl\u00e9chissant \u00e0 claquer F\u00e9lix RFX\u2122 - PERLE IN","og_description":"Les brassards offrent une visibilit\u00e9 \u00e0 360\u00b0 dans l'obscurit\u00e9 et sont id\u00e9aux pour v\u00e9hiculer des messages promotionnels. En utilisant ces brassards certifi\u00e9s, vous faites de la s\u00e9curit\u00e9 routi\u00e8re une caract\u00e9ristique de votre marque. Un slap wrap est un r\u00e9flecteur allong\u00e9 avec un ressort sp\u00e9cialement d\u00e9velopp\u00e9 soud\u00e9 \u00e0 l'int\u00e9rieur. D'un l\u00e9ger claquement, il s'enroule facilement autour du bras ou de la cheville. Disponible en plusieurs tailles, et en couleur blanche ou jaune. Il est dot\u00e9 d'un film r\u00e9fl\u00e9chissant souple RFX\u2122 florescent fabriqu\u00e9 en PVC sans phtalates ou en TPU, une option plus durable. Les mat\u00e9riaux ont \u00e9t\u00e9 test\u00e9s conform\u00e9ment \u00e0 la liste candidate REACH SVHC (substances extr\u00eamement pr\u00e9occupantes) et ne contiennent pas de phtalates. Les bracelets sont test\u00e9s et approuv\u00e9s par la CE conform\u00e9ment \u00e0 la norme EN 13356 : 2001 Type 2.","og_url":"https:\/\/perle-in.com\/en\/product\/bracelet-reflechissant-a-claquer-felix-rfx\/","og_site_name":"PERLE IN","article_modified_time":"2025-10-13T19:46:20+00:00","og_image":[{"width":1600,"height":1600,"url":"https:\/\/perle-in.com\/wp-content\/uploads\/2025\/10\/12201900-1.jpg","type":"image\/jpeg"}],"twitter_card":"summary_large_image","schema":{"@context":"https:\/\/schema.org","@graph":[{"@type":"WebPage","@id":"https:\/\/perle-in.com\/produit\/bracelet-reflechissant-a-claquer-felix-rfx\/","url":"https:\/\/perle-in.com\/produit\/bracelet-reflechissant-a-claquer-felix-rfx\/","name":"Bracelet r\u00e9fl\u00e9chissant \u00e0 claquer F\u00e9lix RFX\u2122 - PERLE IN","isPartOf":{"@id":"https:\/\/perle-in.com\/#website"},"primaryImageOfPage":{"@id":"https:\/\/perle-in.com\/produit\/bracelet-reflechissant-a-claquer-felix-rfx\/#primaryimage"},"image":{"@id":"https:\/\/perle-in.com\/produit\/bracelet-reflechissant-a-claquer-felix-rfx\/#primaryimage"},"thumbnailUrl":"https:\/\/perle-in.com\/wp-content\/uploads\/2025\/10\/12201900-1.jpg","datePublished":"2025-10-13T19:46:14+00:00","dateModified":"2025-10-13T19:46:20+00:00","breadcrumb":{"@id":"https:\/\/perle-in.com\/produit\/bracelet-reflechissant-a-claquer-felix-rfx\/#breadcrumb"},"inLanguage":"en-CA","potentialAction":[{"@type":"ReadAction","target":["https:\/\/perle-in.com\/produit\/bracelet-reflechissant-a-claquer-felix-rfx\/"]}]},{"@type":"ImageObject","inLanguage":"en-CA","@id":"https:\/\/perle-in.com\/produit\/bracelet-reflechissant-a-claquer-felix-rfx\/#primaryimage","url":"https:\/\/perle-in.com\/wp-content\/uploads\/2025\/10\/12201900-1.jpg","contentUrl":"https:\/\/perle-in.com\/wp-content\/uploads\/2025\/10\/12201900-1.jpg","width":1600,"height":1600},{"@type":"BreadcrumbList","@id":"https:\/\/perle-in.com\/produit\/bracelet-reflechissant-a-claquer-felix-rfx\/#breadcrumb","itemListElement":[{"@type":"ListItem","position":1,"name":"Accueil","item":"https:\/\/perle-in.com\/"},{"@type":"ListItem","position":2,"name":"Boutique","item":"https:\/\/perle-in.com\/boutique\/"},{"@type":"ListItem","position":3,"name":"Bracelet r\u00e9fl\u00e9chissant \u00e0 claquer F\u00e9lix RFX\u2122"}]},{"@type":"WebSite","@id":"https:\/\/perle-in.com\/#website","url":"https:\/\/perle-in.com\/","name":"PERLE IN","description":"","publisher":{"@id":"https:\/\/perle-in.com\/#organization"},"potentialAction":[{"@type":"SearchAction","target":{"@type":"EntryPoint","urlTemplate":"https:\/\/perle-in.com\/?s={search_term_string}"},"query-input":{"@type":"PropertyValueSpecification","valueRequired":true,"valueName":"search_term_string"}}],"inLanguage":"en-CA"},{"@type":"Organization","@id":"https:\/\/perle-in.com\/#organization","name":"PERLE IN","url":"https:\/\/perle-in.com\/","logo":{"@type":"ImageObject","inLanguage":"en-CA","@id":"https:\/\/perle-in.com\/#\/schema\/logo\/image\/","url":"https:\/\/perle-in.com\/wp-content\/uploads\/2022\/12\/LOGO-PERLE-IN-COULEUR@3x.webp","contentUrl":"https:\/\/perle-in.com\/wp-content\/uploads\/2022\/12\/LOGO-PERLE-IN-COULEUR@3x.webp","width":1600,"height":490,"caption":"PERLE IN"},"image":{"@id":"https:\/\/perle-in.com\/#\/schema\/logo\/image\/"}}]}},"jetpack_sharing_enabled":true,"_links":{"self":[{"href":"https:\/\/perle-in.com\/en\/wp-json\/wp\/v2\/product\/505428","targetHints":{"allow":["GET"]}}],"collection":[{"href":"https:\/\/perle-in.com\/en\/wp-json\/wp\/v2\/product"}],"about":[{"href":"https:\/\/perle-in.com\/en\/wp-json\/wp\/v2\/types\/product"}],"version-history":[{"count":0,"href":"https:\/\/perle-in.com\/en\/wp-json\/wp\/v2\/product\/505428\/revisions"}],"wp:featuredmedia":[{"embeddable":true,"href":"https:\/\/perle-in.com\/en\/wp-json\/wp\/v2\/media\/505421"}],"wp:attachment":[{"href":"https:\/\/perle-in.com\/en\/wp-json\/wp\/v2\/media?parent=505428"}],"wp:term":[{"taxonomy":"product_brand","embeddable":true,"href":"https:\/\/perle-in.com\/en\/wp-json\/wp\/v2\/product_brand?post=505428"},{"taxonomy":"product_cat","embeddable":true,"href":"https:\/\/perle-in.com\/en\/wp-json\/wp\/v2\/product_cat?post=505428"},{"taxonomy":"product_tag","embeddable":true,"href":"https:\/\/perle-in.com\/en\/wp-json\/wp\/v2\/product_tag?post=505428"}],"curies":[{"name":"wp","href":"https:\/\/api.w.org\/{rel}","templated":true}]}}