{"id":505412,"date":"2025-10-13T21:43:55","date_gmt":"2025-10-13T19:43:55","guid":{"rendered":"https:\/\/perle-in.com\/produit\/housse-de-casque-reflechissante-et-impermeable-andre-rfx\/"},"modified":"2025-10-13T21:43:59","modified_gmt":"2025-10-13T19:43:59","slug":"housse-de-casque-reflechissante-et-impermeable-andre-rfx","status":"publish","type":"product","link":"https:\/\/perle-in.com\/en\/product\/housse-de-casque-reflechissante-et-impermeable-andre-rfx\/","title":{"rendered":"Housse de casque r\u00e9fl\u00e9chissante et imperm\u00e9able Andr\u00e9 RFX\u2122"},"content":{"rendered":"","protected":false},"excerpt":{"rendered":"<p>Housse de s\u00e9curit\u00e9 id\u00e9ale pour augmenter la visibilit\u00e9 des cyclistes. Fabriqu\u00e9e en mat\u00e9riau fluorescent couleur citron WP 600, imperm\u00e9able, haute performance, avec film r\u00e9fl\u00e9chissant. Ce produit n&#8217;est pas class\u00e9 comme \u00e9quipement de protection individuelle conform\u00e9ment au r\u00e8glement EU\/2016\/425.<\/p>","protected":false},"featured_media":505408,"template":"","meta":{"_eb_attr":""},"product_brand":[],"product_cat":[756,129],"product_tag":[1951,759,1076,134,1952,254,686,758],"class_list":{"0":"post-505412","1":"product","2":"type-product","3":"status-publish","4":"has-post-thumbnail","6":"product_cat-equipements-velo","7":"product_cat-sport-et-loisirs","8":"product_tag-andre","9":"product_tag-bicyclette","10":"product_tag-casque","11":"product_tag-couverture","12":"product_tag-cycliste","13":"product_tag-impermeable","14":"product_tag-reflechissant","15":"product_tag-velo","16":"pa_couleurs-jaune-neon","18":"first","19":"instock","20":"shipping-taxable","21":"purchasable","22":"product-type-variable"},"yoast_head":"<!-- This site is optimized with the Yoast SEO plugin v27.4 - https:\/\/yoast.com\/product\/yoast-seo-wordpress\/ -->\n<title>Housse de casque r\u00e9fl\u00e9chissante et imperm\u00e9able Andr\u00e9 RFX\u2122 - PERLE IN<\/title>\n<meta name=\"robots\" content=\"noindex, follow, max-snippet:-1, max-image-preview:large, max-video-preview:-1\" \/>\n<meta property=\"og:locale\" content=\"en_US\" \/>\n<meta property=\"og:type\" content=\"article\" \/>\n<meta property=\"og:title\" content=\"Housse de casque r\u00e9fl\u00e9chissante et imperm\u00e9able Andr\u00e9 RFX\u2122 - PERLE IN\" \/>\n<meta property=\"og:description\" content=\"Housse de s\u00e9curit\u00e9 id\u00e9ale pour augmenter la visibilit\u00e9 des cyclistes. Fabriqu\u00e9e en mat\u00e9riau fluorescent couleur citron WP 600, imperm\u00e9able, haute performance, avec film r\u00e9fl\u00e9chissant. Ce produit n&#039;est pas class\u00e9 comme \u00e9quipement de protection individuelle conform\u00e9ment au r\u00e8glement EU\/2016\/425.\" \/>\n<meta property=\"og:url\" content=\"https:\/\/perle-in.com\/en\/product\/housse-de-casque-reflechissante-et-impermeable-andre-rfx\/\" \/>\n<meta property=\"og:site_name\" content=\"PERLE IN\" \/>\n<meta property=\"article:modified_time\" content=\"2025-10-13T19:43:59+00:00\" \/>\n<meta property=\"og:image\" content=\"https:\/\/perle-in.com\/wp-content\/uploads\/2025\/10\/12201300-1.jpg\" \/>\n\t<meta property=\"og:image:width\" content=\"1600\" \/>\n\t<meta property=\"og:image:height\" content=\"1600\" \/>\n\t<meta property=\"og:image:type\" content=\"image\/jpeg\" \/>\n<meta name=\"twitter:card\" content=\"summary_large_image\" \/>\n<script type=\"application\/ld+json\" class=\"yoast-schema-graph\">{\"@context\":\"https:\\\/\\\/schema.org\",\"@graph\":[{\"@type\":\"WebPage\",\"@id\":\"https:\\\/\\\/perle-in.com\\\/produit\\\/housse-de-casque-reflechissante-et-impermeable-andre-rfx\\\/\",\"url\":\"https:\\\/\\\/perle-in.com\\\/produit\\\/housse-de-casque-reflechissante-et-impermeable-andre-rfx\\\/\",\"name\":\"Housse de casque r\u00e9fl\u00e9chissante et imperm\u00e9able Andr\u00e9 RFX\u2122 - PERLE IN\",\"isPartOf\":{\"@id\":\"https:\\\/\\\/perle-in.com\\\/#website\"},\"primaryImageOfPage\":{\"@id\":\"https:\\\/\\\/perle-in.com\\\/produit\\\/housse-de-casque-reflechissante-et-impermeable-andre-rfx\\\/#primaryimage\"},\"image\":{\"@id\":\"https:\\\/\\\/perle-in.com\\\/produit\\\/housse-de-casque-reflechissante-et-impermeable-andre-rfx\\\/#primaryimage\"},\"thumbnailUrl\":\"https:\\\/\\\/perle-in.com\\\/wp-content\\\/uploads\\\/2025\\\/10\\\/12201300-1.jpg\",\"datePublished\":\"2025-10-13T19:43:55+00:00\",\"dateModified\":\"2025-10-13T19:43:59+00:00\",\"breadcrumb\":{\"@id\":\"https:\\\/\\\/perle-in.com\\\/produit\\\/housse-de-casque-reflechissante-et-impermeable-andre-rfx\\\/#breadcrumb\"},\"inLanguage\":\"en-CA\",\"potentialAction\":[{\"@type\":\"ReadAction\",\"target\":[\"https:\\\/\\\/perle-in.com\\\/produit\\\/housse-de-casque-reflechissante-et-impermeable-andre-rfx\\\/\"]}]},{\"@type\":\"ImageObject\",\"inLanguage\":\"en-CA\",\"@id\":\"https:\\\/\\\/perle-in.com\\\/produit\\\/housse-de-casque-reflechissante-et-impermeable-andre-rfx\\\/#primaryimage\",\"url\":\"https:\\\/\\\/perle-in.com\\\/wp-content\\\/uploads\\\/2025\\\/10\\\/12201300-1.jpg\",\"contentUrl\":\"https:\\\/\\\/perle-in.com\\\/wp-content\\\/uploads\\\/2025\\\/10\\\/12201300-1.jpg\",\"width\":1600,\"height\":1600},{\"@type\":\"BreadcrumbList\",\"@id\":\"https:\\\/\\\/perle-in.com\\\/produit\\\/housse-de-casque-reflechissante-et-impermeable-andre-rfx\\\/#breadcrumb\",\"itemListElement\":[{\"@type\":\"ListItem\",\"position\":1,\"name\":\"Accueil\",\"item\":\"https:\\\/\\\/perle-in.com\\\/\"},{\"@type\":\"ListItem\",\"position\":2,\"name\":\"Boutique\",\"item\":\"https:\\\/\\\/perle-in.com\\\/boutique\\\/\"},{\"@type\":\"ListItem\",\"position\":3,\"name\":\"Housse de casque r\u00e9fl\u00e9chissante et imperm\u00e9able Andr\u00e9 RFX\u2122\"}]},{\"@type\":\"WebSite\",\"@id\":\"https:\\\/\\\/perle-in.com\\\/#website\",\"url\":\"https:\\\/\\\/perle-in.com\\\/\",\"name\":\"PERLE IN\",\"description\":\"\",\"publisher\":{\"@id\":\"https:\\\/\\\/perle-in.com\\\/#organization\"},\"potentialAction\":[{\"@type\":\"SearchAction\",\"target\":{\"@type\":\"EntryPoint\",\"urlTemplate\":\"https:\\\/\\\/perle-in.com\\\/?s={search_term_string}\"},\"query-input\":{\"@type\":\"PropertyValueSpecification\",\"valueRequired\":true,\"valueName\":\"search_term_string\"}}],\"inLanguage\":\"en-CA\"},{\"@type\":\"Organization\",\"@id\":\"https:\\\/\\\/perle-in.com\\\/#organization\",\"name\":\"PERLE IN\",\"url\":\"https:\\\/\\\/perle-in.com\\\/\",\"logo\":{\"@type\":\"ImageObject\",\"inLanguage\":\"en-CA\",\"@id\":\"https:\\\/\\\/perle-in.com\\\/#\\\/schema\\\/logo\\\/image\\\/\",\"url\":\"https:\\\/\\\/perle-in.com\\\/wp-content\\\/uploads\\\/2022\\\/12\\\/LOGO-PERLE-IN-COULEUR@3x.webp\",\"contentUrl\":\"https:\\\/\\\/perle-in.com\\\/wp-content\\\/uploads\\\/2022\\\/12\\\/LOGO-PERLE-IN-COULEUR@3x.webp\",\"width\":1600,\"height\":490,\"caption\":\"PERLE IN\"},\"image\":{\"@id\":\"https:\\\/\\\/perle-in.com\\\/#\\\/schema\\\/logo\\\/image\\\/\"}}]}<\/script>\n<!-- \/ Yoast SEO plugin. -->","yoast_head_json":{"title":"Housse de casque r\u00e9fl\u00e9chissante et imperm\u00e9able Andr\u00e9 RFX\u2122 - PERLE IN","robots":{"index":"noindex","follow":"follow","max-snippet":"max-snippet:-1","max-image-preview":"max-image-preview:large","max-video-preview":"max-video-preview:-1"},"og_locale":"en_US","og_type":"article","og_title":"Housse de casque r\u00e9fl\u00e9chissante et imperm\u00e9able Andr\u00e9 RFX\u2122 - PERLE IN","og_description":"Housse de s\u00e9curit\u00e9 id\u00e9ale pour augmenter la visibilit\u00e9 des cyclistes. Fabriqu\u00e9e en mat\u00e9riau fluorescent couleur citron WP 600, imperm\u00e9able, haute performance, avec film r\u00e9fl\u00e9chissant. Ce produit n'est pas class\u00e9 comme \u00e9quipement de protection individuelle conform\u00e9ment au r\u00e8glement EU\/2016\/425.","og_url":"https:\/\/perle-in.com\/en\/product\/housse-de-casque-reflechissante-et-impermeable-andre-rfx\/","og_site_name":"PERLE IN","article_modified_time":"2025-10-13T19:43:59+00:00","og_image":[{"width":1600,"height":1600,"url":"https:\/\/perle-in.com\/wp-content\/uploads\/2025\/10\/12201300-1.jpg","type":"image\/jpeg"}],"twitter_card":"summary_large_image","schema":{"@context":"https:\/\/schema.org","@graph":[{"@type":"WebPage","@id":"https:\/\/perle-in.com\/produit\/housse-de-casque-reflechissante-et-impermeable-andre-rfx\/","url":"https:\/\/perle-in.com\/produit\/housse-de-casque-reflechissante-et-impermeable-andre-rfx\/","name":"Housse de casque r\u00e9fl\u00e9chissante et imperm\u00e9able Andr\u00e9 RFX\u2122 - PERLE IN","isPartOf":{"@id":"https:\/\/perle-in.com\/#website"},"primaryImageOfPage":{"@id":"https:\/\/perle-in.com\/produit\/housse-de-casque-reflechissante-et-impermeable-andre-rfx\/#primaryimage"},"image":{"@id":"https:\/\/perle-in.com\/produit\/housse-de-casque-reflechissante-et-impermeable-andre-rfx\/#primaryimage"},"thumbnailUrl":"https:\/\/perle-in.com\/wp-content\/uploads\/2025\/10\/12201300-1.jpg","datePublished":"2025-10-13T19:43:55+00:00","dateModified":"2025-10-13T19:43:59+00:00","breadcrumb":{"@id":"https:\/\/perle-in.com\/produit\/housse-de-casque-reflechissante-et-impermeable-andre-rfx\/#breadcrumb"},"inLanguage":"en-CA","potentialAction":[{"@type":"ReadAction","target":["https:\/\/perle-in.com\/produit\/housse-de-casque-reflechissante-et-impermeable-andre-rfx\/"]}]},{"@type":"ImageObject","inLanguage":"en-CA","@id":"https:\/\/perle-in.com\/produit\/housse-de-casque-reflechissante-et-impermeable-andre-rfx\/#primaryimage","url":"https:\/\/perle-in.com\/wp-content\/uploads\/2025\/10\/12201300-1.jpg","contentUrl":"https:\/\/perle-in.com\/wp-content\/uploads\/2025\/10\/12201300-1.jpg","width":1600,"height":1600},{"@type":"BreadcrumbList","@id":"https:\/\/perle-in.com\/produit\/housse-de-casque-reflechissante-et-impermeable-andre-rfx\/#breadcrumb","itemListElement":[{"@type":"ListItem","position":1,"name":"Accueil","item":"https:\/\/perle-in.com\/"},{"@type":"ListItem","position":2,"name":"Boutique","item":"https:\/\/perle-in.com\/boutique\/"},{"@type":"ListItem","position":3,"name":"Housse de casque r\u00e9fl\u00e9chissante et imperm\u00e9able Andr\u00e9 RFX\u2122"}]},{"@type":"WebSite","@id":"https:\/\/perle-in.com\/#website","url":"https:\/\/perle-in.com\/","name":"PERLE IN","description":"","publisher":{"@id":"https:\/\/perle-in.com\/#organization"},"potentialAction":[{"@type":"SearchAction","target":{"@type":"EntryPoint","urlTemplate":"https:\/\/perle-in.com\/?s={search_term_string}"},"query-input":{"@type":"PropertyValueSpecification","valueRequired":true,"valueName":"search_term_string"}}],"inLanguage":"en-CA"},{"@type":"Organization","@id":"https:\/\/perle-in.com\/#organization","name":"PERLE IN","url":"https:\/\/perle-in.com\/","logo":{"@type":"ImageObject","inLanguage":"en-CA","@id":"https:\/\/perle-in.com\/#\/schema\/logo\/image\/","url":"https:\/\/perle-in.com\/wp-content\/uploads\/2022\/12\/LOGO-PERLE-IN-COULEUR@3x.webp","contentUrl":"https:\/\/perle-in.com\/wp-content\/uploads\/2022\/12\/LOGO-PERLE-IN-COULEUR@3x.webp","width":1600,"height":490,"caption":"PERLE IN"},"image":{"@id":"https:\/\/perle-in.com\/#\/schema\/logo\/image\/"}}]}},"jetpack_sharing_enabled":true,"_links":{"self":[{"href":"https:\/\/perle-in.com\/en\/wp-json\/wp\/v2\/product\/505412","targetHints":{"allow":["GET"]}}],"collection":[{"href":"https:\/\/perle-in.com\/en\/wp-json\/wp\/v2\/product"}],"about":[{"href":"https:\/\/perle-in.com\/en\/wp-json\/wp\/v2\/types\/product"}],"version-history":[{"count":0,"href":"https:\/\/perle-in.com\/en\/wp-json\/wp\/v2\/product\/505412\/revisions"}],"wp:featuredmedia":[{"embeddable":true,"href":"https:\/\/perle-in.com\/en\/wp-json\/wp\/v2\/media\/505408"}],"wp:attachment":[{"href":"https:\/\/perle-in.com\/en\/wp-json\/wp\/v2\/media?parent=505412"}],"wp:term":[{"taxonomy":"product_brand","embeddable":true,"href":"https:\/\/perle-in.com\/en\/wp-json\/wp\/v2\/product_brand?post=505412"},{"taxonomy":"product_cat","embeddable":true,"href":"https:\/\/perle-in.com\/en\/wp-json\/wp\/v2\/product_cat?post=505412"},{"taxonomy":"product_tag","embeddable":true,"href":"https:\/\/perle-in.com\/en\/wp-json\/wp\/v2\/product_tag?post=505412"}],"curies":[{"name":"wp","href":"https:\/\/api.w.org\/{rel}","templated":true}]}}