{"id":505389,"date":"2025-10-13T21:41:03","date_gmt":"2025-10-13T19:41:03","guid":{"rendered":"https:\/\/perle-in.com\/produit\/sac-impermeable-de-premiers-soins-30-pieces-alexander\/"},"modified":"2025-10-13T21:41:05","modified_gmt":"2025-10-13T19:41:05","slug":"sac-impermeable-de-premiers-soins-30-pieces-alexander","status":"publish","type":"product","link":"https:\/\/perle-in.com\/en\/product\/sac-impermeable-de-premiers-soins-30-pieces-alexander\/","title":{"rendered":"Sac imperm\u00e9able de premiers soins 30 pi\u00e8ces Alexander"},"content":{"rendered":"","protected":false},"excerpt":{"rendered":"<p>Sac imperm\u00e9able en tarpaulin solide et durable avec 30 articles de premiers soins. Le kit contient une paire de ciseaux (9 cm), 1 bandage \u00e9lastique (4 m\u00e8tres x 6 cm), 2 cotons-tiges secs (5&#215;5 cm), 6 cotons-tiges pour nettoyer la peau, 1 bandage triangulaire (136x96x96 cm), 1 ruban adh\u00e9sif (1,25 cm x 5 m\u00e8tres), 1 paire de gants (5,5 g), 3 \u00e9pingles \u00e0 coton (8 cm), 2 \u00e9pingles de s\u00fbret\u00e9 (3,6 cm) et 12 sparadraps (7,2&#215;1,9 cm). La fermeture par enroulement et la boucle en plastique permet de maintenir le contenu au sec et en s\u00e9curit\u00e9. Id\u00e9al pour les sports nautiques et autres activit\u00e9s de plein air. Les trousses de premiers soins vous aideront \u00e0 traiter simplement les plaies afin de r\u00e9duire les blessures secondaires. Une trousse de premiers soins est consid\u00e9r\u00e9e comme un dispositif m\u00e9dical et est r\u00e9glement\u00e9e par la directive 93\/42\/CEE, fond\u00e9e sur l&#8217;utilisation pr\u00e9vue : \u00ab\u00a0Le diagnostic, la pr\u00e9vention, la surveillance, le traitement ou l&#8217;att\u00e9nuation de la maladie\u00a0\u00bb. Ce dispositif m\u00e9dical appartient \u00e0 la CLASSE I, Is.<\/p>","protected":false},"featured_media":505381,"template":"","meta":{"_eb_attr":""},"product_brand":[],"product_cat":[390,391],"product_tag":[1945,254,717,1946,1054,1947],"class_list":{"0":"post-505389","1":"product","2":"type-product","3":"status-publish","4":"has-post-thumbnail","6":"product_cat-sant-et-hygine-personnelle","7":"product_cat-trousses-de-secours","8":"product_tag-alexander","9":"product_tag-impermeable","10":"product_tag-kit","11":"product_tag-premiers","12":"product_tag-soins","13":"product_tag-tarpaulin","14":"pa_couleurs-noir","15":"pa_couleurs-rouge","16":"pa_matiere-tarpaulin","18":"first","19":"instock","20":"shipping-taxable","21":"purchasable","22":"product-type-variable"},"yoast_head":"<!-- This site is optimized with the Yoast SEO plugin v27.4 - https:\/\/yoast.com\/product\/yoast-seo-wordpress\/ -->\n<title>Sac imperm\u00e9able de premiers soins 30 pi\u00e8ces Alexander - PERLE IN<\/title>\n<meta name=\"robots\" content=\"noindex, follow, max-snippet:-1, max-image-preview:large, max-video-preview:-1\" \/>\n<meta property=\"og:locale\" content=\"en_US\" \/>\n<meta property=\"og:type\" content=\"article\" \/>\n<meta property=\"og:title\" content=\"Sac imperm\u00e9able de premiers soins 30 pi\u00e8ces Alexander - PERLE IN\" \/>\n<meta property=\"og:description\" content=\"Sac imperm\u00e9able en tarpaulin solide et durable avec 30 articles de premiers soins. Le kit contient une paire de ciseaux (9 cm), 1 bandage \u00e9lastique (4 m\u00e8tres x 6 cm), 2 cotons-tiges secs (5x5 cm), 6 cotons-tiges pour nettoyer la peau, 1 bandage triangulaire (136x96x96 cm), 1 ruban adh\u00e9sif (1,25 cm x 5 m\u00e8tres), 1 paire de gants (5,5 g), 3 \u00e9pingles \u00e0 coton (8 cm), 2 \u00e9pingles de s\u00fbret\u00e9 (3,6 cm) et 12 sparadraps (7,2x1,9 cm). La fermeture par enroulement et la boucle en plastique permet de maintenir le contenu au sec et en s\u00e9curit\u00e9. Id\u00e9al pour les sports nautiques et autres activit\u00e9s de plein air. Les trousses de premiers soins vous aideront \u00e0 traiter simplement les plaies afin de r\u00e9duire les blessures secondaires. Une trousse de premiers soins est consid\u00e9r\u00e9e comme un dispositif m\u00e9dical et est r\u00e9glement\u00e9e par la directive 93\/42\/CEE, fond\u00e9e sur l&#039;utilisation pr\u00e9vue : \u00ab\u00a0Le diagnostic, la pr\u00e9vention, la surveillance, le traitement ou l&#039;att\u00e9nuation de la maladie\u00a0\u00bb. Ce dispositif m\u00e9dical appartient \u00e0 la CLASSE I, Is.\" \/>\n<meta property=\"og:url\" content=\"https:\/\/perle-in.com\/en\/product\/sac-impermeable-de-premiers-soins-30-pieces-alexander\/\" \/>\n<meta property=\"og:site_name\" content=\"PERLE IN\" \/>\n<meta property=\"article:modified_time\" content=\"2025-10-13T19:41:05+00:00\" \/>\n<meta property=\"og:image\" content=\"https:\/\/perle-in.com\/wp-content\/uploads\/2025\/10\/12200601-1.jpg\" \/>\n\t<meta property=\"og:image:width\" content=\"1600\" \/>\n\t<meta property=\"og:image:height\" content=\"1600\" \/>\n\t<meta property=\"og:image:type\" content=\"image\/jpeg\" \/>\n<meta name=\"twitter:card\" content=\"summary_large_image\" \/>\n<script type=\"application\/ld+json\" class=\"yoast-schema-graph\">{\"@context\":\"https:\\\/\\\/schema.org\",\"@graph\":[{\"@type\":\"WebPage\",\"@id\":\"https:\\\/\\\/perle-in.com\\\/en\\\/product\\\/sac-impermeable-de-premiers-soins-30-pieces-alexander\\\/\",\"url\":\"https:\\\/\\\/perle-in.com\\\/en\\\/product\\\/sac-impermeable-de-premiers-soins-30-pieces-alexander\\\/\",\"name\":\"Sac imperm\u00e9able de premiers soins 30 pi\u00e8ces Alexander - PERLE IN\",\"isPartOf\":{\"@id\":\"https:\\\/\\\/perle-in.com\\\/#website\"},\"primaryImageOfPage\":{\"@id\":\"https:\\\/\\\/perle-in.com\\\/en\\\/product\\\/sac-impermeable-de-premiers-soins-30-pieces-alexander\\\/#primaryimage\"},\"image\":{\"@id\":\"https:\\\/\\\/perle-in.com\\\/en\\\/product\\\/sac-impermeable-de-premiers-soins-30-pieces-alexander\\\/#primaryimage\"},\"thumbnailUrl\":\"https:\\\/\\\/perle-in.com\\\/wp-content\\\/uploads\\\/2025\\\/10\\\/12200601-1.jpg\",\"datePublished\":\"2025-10-13T19:41:03+00:00\",\"dateModified\":\"2025-10-13T19:41:05+00:00\",\"breadcrumb\":{\"@id\":\"https:\\\/\\\/perle-in.com\\\/en\\\/product\\\/sac-impermeable-de-premiers-soins-30-pieces-alexander\\\/#breadcrumb\"},\"inLanguage\":\"en-CA\",\"potentialAction\":[{\"@type\":\"ReadAction\",\"target\":[\"https:\\\/\\\/perle-in.com\\\/en\\\/product\\\/sac-impermeable-de-premiers-soins-30-pieces-alexander\\\/\"]}]},{\"@type\":\"ImageObject\",\"inLanguage\":\"en-CA\",\"@id\":\"https:\\\/\\\/perle-in.com\\\/en\\\/product\\\/sac-impermeable-de-premiers-soins-30-pieces-alexander\\\/#primaryimage\",\"url\":\"https:\\\/\\\/perle-in.com\\\/wp-content\\\/uploads\\\/2025\\\/10\\\/12200601-1.jpg\",\"contentUrl\":\"https:\\\/\\\/perle-in.com\\\/wp-content\\\/uploads\\\/2025\\\/10\\\/12200601-1.jpg\",\"width\":1600,\"height\":1600},{\"@type\":\"BreadcrumbList\",\"@id\":\"https:\\\/\\\/perle-in.com\\\/en\\\/product\\\/sac-impermeable-de-premiers-soins-30-pieces-alexander\\\/#breadcrumb\",\"itemListElement\":[{\"@type\":\"ListItem\",\"position\":1,\"name\":\"Accueil\",\"item\":\"https:\\\/\\\/perle-in.com\\\/\"},{\"@type\":\"ListItem\",\"position\":2,\"name\":\"Boutique\",\"item\":\"https:\\\/\\\/perle-in.com\\\/boutique\\\/\"},{\"@type\":\"ListItem\",\"position\":3,\"name\":\"Sac imperm\u00e9able de premiers soins 30 pi\u00e8ces Alexander\"}]},{\"@type\":\"WebSite\",\"@id\":\"https:\\\/\\\/perle-in.com\\\/#website\",\"url\":\"https:\\\/\\\/perle-in.com\\\/\",\"name\":\"PERLE IN\",\"description\":\"\",\"publisher\":{\"@id\":\"https:\\\/\\\/perle-in.com\\\/#organization\"},\"potentialAction\":[{\"@type\":\"SearchAction\",\"target\":{\"@type\":\"EntryPoint\",\"urlTemplate\":\"https:\\\/\\\/perle-in.com\\\/?s={search_term_string}\"},\"query-input\":{\"@type\":\"PropertyValueSpecification\",\"valueRequired\":true,\"valueName\":\"search_term_string\"}}],\"inLanguage\":\"en-CA\"},{\"@type\":\"Organization\",\"@id\":\"https:\\\/\\\/perle-in.com\\\/#organization\",\"name\":\"PERLE IN\",\"url\":\"https:\\\/\\\/perle-in.com\\\/\",\"logo\":{\"@type\":\"ImageObject\",\"inLanguage\":\"en-CA\",\"@id\":\"https:\\\/\\\/perle-in.com\\\/#\\\/schema\\\/logo\\\/image\\\/\",\"url\":\"https:\\\/\\\/perle-in.com\\\/wp-content\\\/uploads\\\/2022\\\/12\\\/LOGO-PERLE-IN-COULEUR@3x.webp\",\"contentUrl\":\"https:\\\/\\\/perle-in.com\\\/wp-content\\\/uploads\\\/2022\\\/12\\\/LOGO-PERLE-IN-COULEUR@3x.webp\",\"width\":1600,\"height\":490,\"caption\":\"PERLE IN\"},\"image\":{\"@id\":\"https:\\\/\\\/perle-in.com\\\/#\\\/schema\\\/logo\\\/image\\\/\"}}]}<\/script>\n<!-- \/ Yoast SEO plugin. -->","yoast_head_json":{"title":"Sac imperm\u00e9able de premiers soins 30 pi\u00e8ces Alexander - PERLE IN","robots":{"index":"noindex","follow":"follow","max-snippet":"max-snippet:-1","max-image-preview":"max-image-preview:large","max-video-preview":"max-video-preview:-1"},"og_locale":"en_US","og_type":"article","og_title":"Sac imperm\u00e9able de premiers soins 30 pi\u00e8ces Alexander - PERLE IN","og_description":"Sac imperm\u00e9able en tarpaulin solide et durable avec 30 articles de premiers soins. Le kit contient une paire de ciseaux (9 cm), 1 bandage \u00e9lastique (4 m\u00e8tres x 6 cm), 2 cotons-tiges secs (5x5 cm), 6 cotons-tiges pour nettoyer la peau, 1 bandage triangulaire (136x96x96 cm), 1 ruban adh\u00e9sif (1,25 cm x 5 m\u00e8tres), 1 paire de gants (5,5 g), 3 \u00e9pingles \u00e0 coton (8 cm), 2 \u00e9pingles de s\u00fbret\u00e9 (3,6 cm) et 12 sparadraps (7,2x1,9 cm). La fermeture par enroulement et la boucle en plastique permet de maintenir le contenu au sec et en s\u00e9curit\u00e9. Id\u00e9al pour les sports nautiques et autres activit\u00e9s de plein air. Les trousses de premiers soins vous aideront \u00e0 traiter simplement les plaies afin de r\u00e9duire les blessures secondaires. Une trousse de premiers soins est consid\u00e9r\u00e9e comme un dispositif m\u00e9dical et est r\u00e9glement\u00e9e par la directive 93\/42\/CEE, fond\u00e9e sur l'utilisation pr\u00e9vue : \u00ab\u00a0Le diagnostic, la pr\u00e9vention, la surveillance, le traitement ou l'att\u00e9nuation de la maladie\u00a0\u00bb. Ce dispositif m\u00e9dical appartient \u00e0 la CLASSE I, Is.","og_url":"https:\/\/perle-in.com\/en\/product\/sac-impermeable-de-premiers-soins-30-pieces-alexander\/","og_site_name":"PERLE IN","article_modified_time":"2025-10-13T19:41:05+00:00","og_image":[{"width":1600,"height":1600,"url":"https:\/\/perle-in.com\/wp-content\/uploads\/2025\/10\/12200601-1.jpg","type":"image\/jpeg"}],"twitter_card":"summary_large_image","schema":{"@context":"https:\/\/schema.org","@graph":[{"@type":"WebPage","@id":"https:\/\/perle-in.com\/en\/product\/sac-impermeable-de-premiers-soins-30-pieces-alexander\/","url":"https:\/\/perle-in.com\/en\/product\/sac-impermeable-de-premiers-soins-30-pieces-alexander\/","name":"Sac imperm\u00e9able de premiers soins 30 pi\u00e8ces Alexander - PERLE IN","isPartOf":{"@id":"https:\/\/perle-in.com\/#website"},"primaryImageOfPage":{"@id":"https:\/\/perle-in.com\/en\/product\/sac-impermeable-de-premiers-soins-30-pieces-alexander\/#primaryimage"},"image":{"@id":"https:\/\/perle-in.com\/en\/product\/sac-impermeable-de-premiers-soins-30-pieces-alexander\/#primaryimage"},"thumbnailUrl":"https:\/\/perle-in.com\/wp-content\/uploads\/2025\/10\/12200601-1.jpg","datePublished":"2025-10-13T19:41:03+00:00","dateModified":"2025-10-13T19:41:05+00:00","breadcrumb":{"@id":"https:\/\/perle-in.com\/en\/product\/sac-impermeable-de-premiers-soins-30-pieces-alexander\/#breadcrumb"},"inLanguage":"en-CA","potentialAction":[{"@type":"ReadAction","target":["https:\/\/perle-in.com\/en\/product\/sac-impermeable-de-premiers-soins-30-pieces-alexander\/"]}]},{"@type":"ImageObject","inLanguage":"en-CA","@id":"https:\/\/perle-in.com\/en\/product\/sac-impermeable-de-premiers-soins-30-pieces-alexander\/#primaryimage","url":"https:\/\/perle-in.com\/wp-content\/uploads\/2025\/10\/12200601-1.jpg","contentUrl":"https:\/\/perle-in.com\/wp-content\/uploads\/2025\/10\/12200601-1.jpg","width":1600,"height":1600},{"@type":"BreadcrumbList","@id":"https:\/\/perle-in.com\/en\/product\/sac-impermeable-de-premiers-soins-30-pieces-alexander\/#breadcrumb","itemListElement":[{"@type":"ListItem","position":1,"name":"Accueil","item":"https:\/\/perle-in.com\/"},{"@type":"ListItem","position":2,"name":"Boutique","item":"https:\/\/perle-in.com\/boutique\/"},{"@type":"ListItem","position":3,"name":"Sac imperm\u00e9able de premiers soins 30 pi\u00e8ces Alexander"}]},{"@type":"WebSite","@id":"https:\/\/perle-in.com\/#website","url":"https:\/\/perle-in.com\/","name":"PERLE IN","description":"","publisher":{"@id":"https:\/\/perle-in.com\/#organization"},"potentialAction":[{"@type":"SearchAction","target":{"@type":"EntryPoint","urlTemplate":"https:\/\/perle-in.com\/?s={search_term_string}"},"query-input":{"@type":"PropertyValueSpecification","valueRequired":true,"valueName":"search_term_string"}}],"inLanguage":"en-CA"},{"@type":"Organization","@id":"https:\/\/perle-in.com\/#organization","name":"PERLE IN","url":"https:\/\/perle-in.com\/","logo":{"@type":"ImageObject","inLanguage":"en-CA","@id":"https:\/\/perle-in.com\/#\/schema\/logo\/image\/","url":"https:\/\/perle-in.com\/wp-content\/uploads\/2022\/12\/LOGO-PERLE-IN-COULEUR@3x.webp","contentUrl":"https:\/\/perle-in.com\/wp-content\/uploads\/2022\/12\/LOGO-PERLE-IN-COULEUR@3x.webp","width":1600,"height":490,"caption":"PERLE IN"},"image":{"@id":"https:\/\/perle-in.com\/#\/schema\/logo\/image\/"}}]}},"jetpack_sharing_enabled":true,"_links":{"self":[{"href":"https:\/\/perle-in.com\/en\/wp-json\/wp\/v2\/product\/505389","targetHints":{"allow":["GET"]}}],"collection":[{"href":"https:\/\/perle-in.com\/en\/wp-json\/wp\/v2\/product"}],"about":[{"href":"https:\/\/perle-in.com\/en\/wp-json\/wp\/v2\/types\/product"}],"version-history":[{"count":0,"href":"https:\/\/perle-in.com\/en\/wp-json\/wp\/v2\/product\/505389\/revisions"}],"wp:featuredmedia":[{"embeddable":true,"href":"https:\/\/perle-in.com\/en\/wp-json\/wp\/v2\/media\/505381"}],"wp:attachment":[{"href":"https:\/\/perle-in.com\/en\/wp-json\/wp\/v2\/media?parent=505389"}],"wp:term":[{"taxonomy":"product_brand","embeddable":true,"href":"https:\/\/perle-in.com\/en\/wp-json\/wp\/v2\/product_brand?post=505389"},{"taxonomy":"product_cat","embeddable":true,"href":"https:\/\/perle-in.com\/en\/wp-json\/wp\/v2\/product_cat?post=505389"},{"taxonomy":"product_tag","embeddable":true,"href":"https:\/\/perle-in.com\/en\/wp-json\/wp\/v2\/product_tag?post=505389"}],"curies":[{"name":"wp","href":"https:\/\/api.w.org\/{rel}","templated":true}]}}