{"id":505357,"date":"2025-10-13T21:38:41","date_gmt":"2025-10-13T19:38:41","guid":{"rendered":"https:\/\/perle-in.com\/produit\/sac-a-dos-ross-en-rpet-avec-cordon-de-serrage-5l\/"},"modified":"2025-10-13T21:38:43","modified_gmt":"2025-10-13T19:38:43","slug":"sac-a-dos-ross-en-rpet-avec-cordon-de-serrage-5l","status":"publish","type":"product","link":"https:\/\/perle-in.com\/en\/product\/sac-a-dos-ross-en-rpet-avec-cordon-de-serrage-5l\/","title":{"rendered":"Sac \u00e0 dos Ross en rPET avec cordon de serrage 5L"},"content":{"rendered":"","protected":false},"excerpt":{"rendered":"<p>Sac \u00e0 dos avec cordon dot\u00e9 d&#8217;un grand compartiment principal avec fermeture \u00e0 cordon de couleur noire. Panneau avant en tissu effet chin\u00e9 et panneau arri\u00e8re de couleur noire. Comprend une poche frontale zipp\u00e9e. Capacit\u00e9 de charge maximale de 5 kg. Des variations mineures de couleur peuvent survenir en raison de la nature des teintures, des tissages et de l&#8217;impression du tissu.<\/p>","protected":false},"featured_media":505349,"template":"","meta":{"_eb_attr":""},"product_brand":[],"product_cat":[159,956],"product_tag":[423,424,946,836,986,1347],"class_list":{"0":"post-505357","1":"product","2":"type-product","3":"status-publish","4":"has-post-thumbnail","6":"product_cat-sacs","7":"product_cat-sacs-a-dos-ficelle","8":"product_tag-cordon","9":"product_tag-cordons","10":"product_tag-green-concept","11":"product_tag-recycle","12":"product_tag-rpet","13":"product_tag-sac-a-dos","14":"pa_couleurs-bleu-cobalt","15":"pa_couleurs-gris-chine-moyen","16":"pa_matiere-300d-polyester-recycle-polypropylene-non-tisse-recycle-80-g-m2","18":"first","19":"instock","20":"shipping-taxable","21":"purchasable","22":"product-type-variable"},"yoast_head":"<!-- This site is optimized with the Yoast SEO plugin v27.4 - https:\/\/yoast.com\/product\/yoast-seo-wordpress\/ -->\n<title>Sac \u00e0 dos Ross en rPET avec cordon de serrage 5L - PERLE IN<\/title>\n<meta name=\"robots\" content=\"noindex, follow, max-snippet:-1, max-image-preview:large, max-video-preview:-1\" \/>\n<meta property=\"og:locale\" content=\"en_US\" \/>\n<meta property=\"og:type\" content=\"article\" \/>\n<meta property=\"og:title\" content=\"Sac \u00e0 dos Ross en rPET avec cordon de serrage 5L - PERLE IN\" \/>\n<meta property=\"og:description\" content=\"Sac \u00e0 dos avec cordon dot\u00e9 d&#039;un grand compartiment principal avec fermeture \u00e0 cordon de couleur noire. Panneau avant en tissu effet chin\u00e9 et panneau arri\u00e8re de couleur noire. Comprend une poche frontale zipp\u00e9e. Capacit\u00e9 de charge maximale de 5 kg. Des variations mineures de couleur peuvent survenir en raison de la nature des teintures, des tissages et de l&#039;impression du tissu.\" \/>\n<meta property=\"og:url\" content=\"https:\/\/perle-in.com\/en\/product\/sac-a-dos-ross-en-rpet-avec-cordon-de-serrage-5l\/\" \/>\n<meta property=\"og:site_name\" content=\"PERLE IN\" \/>\n<meta property=\"article:modified_time\" content=\"2025-10-13T19:38:43+00:00\" \/>\n<meta property=\"og:image\" content=\"https:\/\/perle-in.com\/wp-content\/uploads\/2025\/10\/12051806-1.jpg\" \/>\n\t<meta property=\"og:image:width\" content=\"1600\" \/>\n\t<meta property=\"og:image:height\" content=\"1600\" \/>\n\t<meta property=\"og:image:type\" content=\"image\/jpeg\" \/>\n<meta name=\"twitter:card\" content=\"summary_large_image\" \/>\n<script type=\"application\/ld+json\" class=\"yoast-schema-graph\">{\"@context\":\"https:\\\/\\\/schema.org\",\"@graph\":[{\"@type\":\"WebPage\",\"@id\":\"https:\\\/\\\/perle-in.com\\\/produit\\\/sac-a-dos-ross-en-rpet-avec-cordon-de-serrage-5l\\\/\",\"url\":\"https:\\\/\\\/perle-in.com\\\/produit\\\/sac-a-dos-ross-en-rpet-avec-cordon-de-serrage-5l\\\/\",\"name\":\"Sac \u00e0 dos Ross en rPET avec cordon de serrage 5L - PERLE IN\",\"isPartOf\":{\"@id\":\"https:\\\/\\\/perle-in.com\\\/#website\"},\"primaryImageOfPage\":{\"@id\":\"https:\\\/\\\/perle-in.com\\\/produit\\\/sac-a-dos-ross-en-rpet-avec-cordon-de-serrage-5l\\\/#primaryimage\"},\"image\":{\"@id\":\"https:\\\/\\\/perle-in.com\\\/produit\\\/sac-a-dos-ross-en-rpet-avec-cordon-de-serrage-5l\\\/#primaryimage\"},\"thumbnailUrl\":\"https:\\\/\\\/perle-in.com\\\/wp-content\\\/uploads\\\/2025\\\/10\\\/12051806-1.jpg\",\"datePublished\":\"2025-10-13T19:38:41+00:00\",\"dateModified\":\"2025-10-13T19:38:43+00:00\",\"breadcrumb\":{\"@id\":\"https:\\\/\\\/perle-in.com\\\/produit\\\/sac-a-dos-ross-en-rpet-avec-cordon-de-serrage-5l\\\/#breadcrumb\"},\"inLanguage\":\"en-CA\",\"potentialAction\":[{\"@type\":\"ReadAction\",\"target\":[\"https:\\\/\\\/perle-in.com\\\/produit\\\/sac-a-dos-ross-en-rpet-avec-cordon-de-serrage-5l\\\/\"]}]},{\"@type\":\"ImageObject\",\"inLanguage\":\"en-CA\",\"@id\":\"https:\\\/\\\/perle-in.com\\\/produit\\\/sac-a-dos-ross-en-rpet-avec-cordon-de-serrage-5l\\\/#primaryimage\",\"url\":\"https:\\\/\\\/perle-in.com\\\/wp-content\\\/uploads\\\/2025\\\/10\\\/12051806-1.jpg\",\"contentUrl\":\"https:\\\/\\\/perle-in.com\\\/wp-content\\\/uploads\\\/2025\\\/10\\\/12051806-1.jpg\",\"width\":1600,\"height\":1600},{\"@type\":\"BreadcrumbList\",\"@id\":\"https:\\\/\\\/perle-in.com\\\/produit\\\/sac-a-dos-ross-en-rpet-avec-cordon-de-serrage-5l\\\/#breadcrumb\",\"itemListElement\":[{\"@type\":\"ListItem\",\"position\":1,\"name\":\"Accueil\",\"item\":\"https:\\\/\\\/perle-in.com\\\/\"},{\"@type\":\"ListItem\",\"position\":2,\"name\":\"Boutique\",\"item\":\"https:\\\/\\\/perle-in.com\\\/boutique\\\/\"},{\"@type\":\"ListItem\",\"position\":3,\"name\":\"Sac \u00e0 dos Ross en rPET avec cordon de serrage 5L\"}]},{\"@type\":\"WebSite\",\"@id\":\"https:\\\/\\\/perle-in.com\\\/#website\",\"url\":\"https:\\\/\\\/perle-in.com\\\/\",\"name\":\"PERLE IN\",\"description\":\"\",\"publisher\":{\"@id\":\"https:\\\/\\\/perle-in.com\\\/#organization\"},\"potentialAction\":[{\"@type\":\"SearchAction\",\"target\":{\"@type\":\"EntryPoint\",\"urlTemplate\":\"https:\\\/\\\/perle-in.com\\\/?s={search_term_string}\"},\"query-input\":{\"@type\":\"PropertyValueSpecification\",\"valueRequired\":true,\"valueName\":\"search_term_string\"}}],\"inLanguage\":\"en-CA\"},{\"@type\":\"Organization\",\"@id\":\"https:\\\/\\\/perle-in.com\\\/#organization\",\"name\":\"PERLE IN\",\"url\":\"https:\\\/\\\/perle-in.com\\\/\",\"logo\":{\"@type\":\"ImageObject\",\"inLanguage\":\"en-CA\",\"@id\":\"https:\\\/\\\/perle-in.com\\\/#\\\/schema\\\/logo\\\/image\\\/\",\"url\":\"https:\\\/\\\/perle-in.com\\\/wp-content\\\/uploads\\\/2022\\\/12\\\/LOGO-PERLE-IN-COULEUR@3x.webp\",\"contentUrl\":\"https:\\\/\\\/perle-in.com\\\/wp-content\\\/uploads\\\/2022\\\/12\\\/LOGO-PERLE-IN-COULEUR@3x.webp\",\"width\":1600,\"height\":490,\"caption\":\"PERLE IN\"},\"image\":{\"@id\":\"https:\\\/\\\/perle-in.com\\\/#\\\/schema\\\/logo\\\/image\\\/\"}}]}<\/script>\n<!-- \/ Yoast SEO plugin. -->","yoast_head_json":{"title":"Sac \u00e0 dos Ross en rPET avec cordon de serrage 5L - PERLE IN","robots":{"index":"noindex","follow":"follow","max-snippet":"max-snippet:-1","max-image-preview":"max-image-preview:large","max-video-preview":"max-video-preview:-1"},"og_locale":"en_US","og_type":"article","og_title":"Sac \u00e0 dos Ross en rPET avec cordon de serrage 5L - PERLE IN","og_description":"Sac \u00e0 dos avec cordon dot\u00e9 d'un grand compartiment principal avec fermeture \u00e0 cordon de couleur noire. Panneau avant en tissu effet chin\u00e9 et panneau arri\u00e8re de couleur noire. Comprend une poche frontale zipp\u00e9e. Capacit\u00e9 de charge maximale de 5 kg. Des variations mineures de couleur peuvent survenir en raison de la nature des teintures, des tissages et de l'impression du tissu.","og_url":"https:\/\/perle-in.com\/en\/product\/sac-a-dos-ross-en-rpet-avec-cordon-de-serrage-5l\/","og_site_name":"PERLE IN","article_modified_time":"2025-10-13T19:38:43+00:00","og_image":[{"width":1600,"height":1600,"url":"https:\/\/perle-in.com\/wp-content\/uploads\/2025\/10\/12051806-1.jpg","type":"image\/jpeg"}],"twitter_card":"summary_large_image","schema":{"@context":"https:\/\/schema.org","@graph":[{"@type":"WebPage","@id":"https:\/\/perle-in.com\/produit\/sac-a-dos-ross-en-rpet-avec-cordon-de-serrage-5l\/","url":"https:\/\/perle-in.com\/produit\/sac-a-dos-ross-en-rpet-avec-cordon-de-serrage-5l\/","name":"Sac \u00e0 dos Ross en rPET avec cordon de serrage 5L - PERLE IN","isPartOf":{"@id":"https:\/\/perle-in.com\/#website"},"primaryImageOfPage":{"@id":"https:\/\/perle-in.com\/produit\/sac-a-dos-ross-en-rpet-avec-cordon-de-serrage-5l\/#primaryimage"},"image":{"@id":"https:\/\/perle-in.com\/produit\/sac-a-dos-ross-en-rpet-avec-cordon-de-serrage-5l\/#primaryimage"},"thumbnailUrl":"https:\/\/perle-in.com\/wp-content\/uploads\/2025\/10\/12051806-1.jpg","datePublished":"2025-10-13T19:38:41+00:00","dateModified":"2025-10-13T19:38:43+00:00","breadcrumb":{"@id":"https:\/\/perle-in.com\/produit\/sac-a-dos-ross-en-rpet-avec-cordon-de-serrage-5l\/#breadcrumb"},"inLanguage":"en-CA","potentialAction":[{"@type":"ReadAction","target":["https:\/\/perle-in.com\/produit\/sac-a-dos-ross-en-rpet-avec-cordon-de-serrage-5l\/"]}]},{"@type":"ImageObject","inLanguage":"en-CA","@id":"https:\/\/perle-in.com\/produit\/sac-a-dos-ross-en-rpet-avec-cordon-de-serrage-5l\/#primaryimage","url":"https:\/\/perle-in.com\/wp-content\/uploads\/2025\/10\/12051806-1.jpg","contentUrl":"https:\/\/perle-in.com\/wp-content\/uploads\/2025\/10\/12051806-1.jpg","width":1600,"height":1600},{"@type":"BreadcrumbList","@id":"https:\/\/perle-in.com\/produit\/sac-a-dos-ross-en-rpet-avec-cordon-de-serrage-5l\/#breadcrumb","itemListElement":[{"@type":"ListItem","position":1,"name":"Accueil","item":"https:\/\/perle-in.com\/"},{"@type":"ListItem","position":2,"name":"Boutique","item":"https:\/\/perle-in.com\/boutique\/"},{"@type":"ListItem","position":3,"name":"Sac \u00e0 dos Ross en rPET avec cordon de serrage 5L"}]},{"@type":"WebSite","@id":"https:\/\/perle-in.com\/#website","url":"https:\/\/perle-in.com\/","name":"PERLE IN","description":"","publisher":{"@id":"https:\/\/perle-in.com\/#organization"},"potentialAction":[{"@type":"SearchAction","target":{"@type":"EntryPoint","urlTemplate":"https:\/\/perle-in.com\/?s={search_term_string}"},"query-input":{"@type":"PropertyValueSpecification","valueRequired":true,"valueName":"search_term_string"}}],"inLanguage":"en-CA"},{"@type":"Organization","@id":"https:\/\/perle-in.com\/#organization","name":"PERLE IN","url":"https:\/\/perle-in.com\/","logo":{"@type":"ImageObject","inLanguage":"en-CA","@id":"https:\/\/perle-in.com\/#\/schema\/logo\/image\/","url":"https:\/\/perle-in.com\/wp-content\/uploads\/2022\/12\/LOGO-PERLE-IN-COULEUR@3x.webp","contentUrl":"https:\/\/perle-in.com\/wp-content\/uploads\/2022\/12\/LOGO-PERLE-IN-COULEUR@3x.webp","width":1600,"height":490,"caption":"PERLE IN"},"image":{"@id":"https:\/\/perle-in.com\/#\/schema\/logo\/image\/"}}]}},"jetpack_sharing_enabled":true,"_links":{"self":[{"href":"https:\/\/perle-in.com\/en\/wp-json\/wp\/v2\/product\/505357","targetHints":{"allow":["GET"]}}],"collection":[{"href":"https:\/\/perle-in.com\/en\/wp-json\/wp\/v2\/product"}],"about":[{"href":"https:\/\/perle-in.com\/en\/wp-json\/wp\/v2\/types\/product"}],"version-history":[{"count":0,"href":"https:\/\/perle-in.com\/en\/wp-json\/wp\/v2\/product\/505357\/revisions"}],"wp:featuredmedia":[{"embeddable":true,"href":"https:\/\/perle-in.com\/en\/wp-json\/wp\/v2\/media\/505349"}],"wp:attachment":[{"href":"https:\/\/perle-in.com\/en\/wp-json\/wp\/v2\/media?parent=505357"}],"wp:term":[{"taxonomy":"product_brand","embeddable":true,"href":"https:\/\/perle-in.com\/en\/wp-json\/wp\/v2\/product_brand?post=505357"},{"taxonomy":"product_cat","embeddable":true,"href":"https:\/\/perle-in.com\/en\/wp-json\/wp\/v2\/product_cat?post=505357"},{"taxonomy":"product_tag","embeddable":true,"href":"https:\/\/perle-in.com\/en\/wp-json\/wp\/v2\/product_tag?post=505357"}],"curies":[{"name":"wp","href":"https:\/\/api.w.org\/{rel}","templated":true}]}}