{"id":505241,"date":"2025-10-13T21:30:11","date_gmt":"2025-10-13T19:30:11","guid":{"rendered":"https:\/\/perle-in.com\/produit\/sac-a-dos-rpet-oriole-avec-cordon-de-serrage-5l\/"},"modified":"2025-10-13T21:30:33","modified_gmt":"2025-10-13T19:30:33","slug":"sac-a-dos-rpet-oriole-avec-cordon-de-serrage-5l","status":"publish","type":"product","link":"https:\/\/perle-in.com\/en\/product\/sac-a-dos-rpet-oriole-avec-cordon-de-serrage-5l\/","title":{"rendered":"Sac \u00e0 dos RPET Oriole avec cordon de serrage 5L"},"content":{"rendered":"","protected":false},"excerpt":{"rendered":"<p>Sac durable fait \u00e0 100 % de plastique recycl\u00e9 post-consommation, ce qui contribue \u00e0 la r\u00e9duction des d\u00e9chets plastiques. Chaque sac est fabriqu\u00e9 \u00e0 partir de 3,5 bouteilles en PET recycl\u00e9es. Grand compartiment principal avec fermeture \u00e0 cordon de couleur noire. Capacit\u00e9\u00a0: 5 litres, r\u00e9sistance aux charges de 5 kg.<\/p>","protected":false},"featured_media":505220,"template":"","meta":{"_eb_attr":""},"product_brand":[],"product_cat":[159,956],"product_tag":[1922,1923,1917,755,1924,1925,1929,1920,1921,1918,1919,1930,1928,1926,1927],"class_list":{"0":"post-505241","1":"product","2":"type-product","3":"status-publish","4":"has-post-thumbnail","6":"product_cat-sacs","7":"product_cat-sacs-a-dos-ficelle","8":"product_tag-bag","9":"product_tag-bags","10":"product_tag-drawstring","11":"product_tag-gym","12":"product_tag-packsack","13":"product_tag-packsacks","14":"product_tag-recycled","15":"product_tag-rucksack","16":"product_tag-rucksacks","17":"product_tag-school-bag","18":"product_tag-school-bags","19":"product_tag-sustainable","20":"product_tag-travel","21":"product_tag-travel-bag","22":"product_tag-travel-bags","23":"pa_couleurs-blanc","24":"pa_couleurs-bleu-clair","25":"pa_couleurs-bleu-process","26":"pa_couleurs-bleu-royal","27":"pa_couleurs-citron-vert","28":"pa_couleurs-gris","29":"pa_couleurs-jaune","30":"pa_couleurs-marine","31":"pa_couleurs-noir","32":"pa_couleurs-orange","33":"pa_couleurs-rouge","34":"pa_couleurs-vert","35":"pa_couleurs-violet","36":"pa_green-points-1931","37":"pa_matiere-190t-polyester-recycle","39":"first","40":"instock","41":"shipping-taxable","42":"purchasable","43":"product-type-variable"},"yoast_head":"<!-- This site is optimized with the Yoast SEO plugin v27.4 - https:\/\/yoast.com\/product\/yoast-seo-wordpress\/ -->\n<title>Sac \u00e0 dos RPET Oriole avec cordon de serrage 5L - PERLE IN<\/title>\n<meta name=\"robots\" content=\"noindex, follow, max-snippet:-1, max-image-preview:large, max-video-preview:-1\" \/>\n<meta property=\"og:locale\" content=\"en_US\" \/>\n<meta property=\"og:type\" content=\"article\" \/>\n<meta property=\"og:title\" content=\"Sac \u00e0 dos RPET Oriole avec cordon de serrage 5L - PERLE IN\" \/>\n<meta property=\"og:description\" content=\"Sac durable fait \u00e0 100 % de plastique recycl\u00e9 post-consommation, ce qui contribue \u00e0 la r\u00e9duction des d\u00e9chets plastiques. Chaque sac est fabriqu\u00e9 \u00e0 partir de 3,5 bouteilles en PET recycl\u00e9es. Grand compartiment principal avec fermeture \u00e0 cordon de couleur noire. Capacit\u00e9\u00a0: 5 litres, r\u00e9sistance aux charges de 5 kg.\" \/>\n<meta property=\"og:url\" content=\"https:\/\/perle-in.com\/en\/product\/sac-a-dos-rpet-oriole-avec-cordon-de-serrage-5l\/\" \/>\n<meta property=\"og:site_name\" content=\"PERLE IN\" \/>\n<meta property=\"article:modified_time\" content=\"2025-10-13T19:30:33+00:00\" \/>\n<meta property=\"og:image\" content=\"https:\/\/perle-in.com\/wp-content\/uploads\/2025\/10\/12046100-1.jpg\" \/>\n\t<meta property=\"og:image:width\" content=\"1600\" \/>\n\t<meta property=\"og:image:height\" content=\"1600\" \/>\n\t<meta property=\"og:image:type\" content=\"image\/jpeg\" \/>\n<meta name=\"twitter:card\" content=\"summary_large_image\" \/>\n<script type=\"application\/ld+json\" class=\"yoast-schema-graph\">{\"@context\":\"https:\\\/\\\/schema.org\",\"@graph\":[{\"@type\":\"WebPage\",\"@id\":\"https:\\\/\\\/perle-in.com\\\/produit\\\/sac-a-dos-rpet-oriole-avec-cordon-de-serrage-5l\\\/\",\"url\":\"https:\\\/\\\/perle-in.com\\\/produit\\\/sac-a-dos-rpet-oriole-avec-cordon-de-serrage-5l\\\/\",\"name\":\"Sac \u00e0 dos RPET Oriole avec cordon de serrage 5L - PERLE IN\",\"isPartOf\":{\"@id\":\"https:\\\/\\\/perle-in.com\\\/#website\"},\"primaryImageOfPage\":{\"@id\":\"https:\\\/\\\/perle-in.com\\\/produit\\\/sac-a-dos-rpet-oriole-avec-cordon-de-serrage-5l\\\/#primaryimage\"},\"image\":{\"@id\":\"https:\\\/\\\/perle-in.com\\\/produit\\\/sac-a-dos-rpet-oriole-avec-cordon-de-serrage-5l\\\/#primaryimage\"},\"thumbnailUrl\":\"https:\\\/\\\/perle-in.com\\\/wp-content\\\/uploads\\\/2025\\\/10\\\/12046100-1.jpg\",\"datePublished\":\"2025-10-13T19:30:11+00:00\",\"dateModified\":\"2025-10-13T19:30:33+00:00\",\"breadcrumb\":{\"@id\":\"https:\\\/\\\/perle-in.com\\\/produit\\\/sac-a-dos-rpet-oriole-avec-cordon-de-serrage-5l\\\/#breadcrumb\"},\"inLanguage\":\"en-CA\",\"potentialAction\":[{\"@type\":\"ReadAction\",\"target\":[\"https:\\\/\\\/perle-in.com\\\/produit\\\/sac-a-dos-rpet-oriole-avec-cordon-de-serrage-5l\\\/\"]}]},{\"@type\":\"ImageObject\",\"inLanguage\":\"en-CA\",\"@id\":\"https:\\\/\\\/perle-in.com\\\/produit\\\/sac-a-dos-rpet-oriole-avec-cordon-de-serrage-5l\\\/#primaryimage\",\"url\":\"https:\\\/\\\/perle-in.com\\\/wp-content\\\/uploads\\\/2025\\\/10\\\/12046100-1.jpg\",\"contentUrl\":\"https:\\\/\\\/perle-in.com\\\/wp-content\\\/uploads\\\/2025\\\/10\\\/12046100-1.jpg\",\"width\":1600,\"height\":1600},{\"@type\":\"BreadcrumbList\",\"@id\":\"https:\\\/\\\/perle-in.com\\\/produit\\\/sac-a-dos-rpet-oriole-avec-cordon-de-serrage-5l\\\/#breadcrumb\",\"itemListElement\":[{\"@type\":\"ListItem\",\"position\":1,\"name\":\"Accueil\",\"item\":\"https:\\\/\\\/perle-in.com\\\/\"},{\"@type\":\"ListItem\",\"position\":2,\"name\":\"Boutique\",\"item\":\"https:\\\/\\\/perle-in.com\\\/boutique\\\/\"},{\"@type\":\"ListItem\",\"position\":3,\"name\":\"Sac \u00e0 dos RPET Oriole avec cordon de serrage 5L\"}]},{\"@type\":\"WebSite\",\"@id\":\"https:\\\/\\\/perle-in.com\\\/#website\",\"url\":\"https:\\\/\\\/perle-in.com\\\/\",\"name\":\"PERLE IN\",\"description\":\"\",\"publisher\":{\"@id\":\"https:\\\/\\\/perle-in.com\\\/#organization\"},\"potentialAction\":[{\"@type\":\"SearchAction\",\"target\":{\"@type\":\"EntryPoint\",\"urlTemplate\":\"https:\\\/\\\/perle-in.com\\\/?s={search_term_string}\"},\"query-input\":{\"@type\":\"PropertyValueSpecification\",\"valueRequired\":true,\"valueName\":\"search_term_string\"}}],\"inLanguage\":\"en-CA\"},{\"@type\":\"Organization\",\"@id\":\"https:\\\/\\\/perle-in.com\\\/#organization\",\"name\":\"PERLE IN\",\"url\":\"https:\\\/\\\/perle-in.com\\\/\",\"logo\":{\"@type\":\"ImageObject\",\"inLanguage\":\"en-CA\",\"@id\":\"https:\\\/\\\/perle-in.com\\\/#\\\/schema\\\/logo\\\/image\\\/\",\"url\":\"https:\\\/\\\/perle-in.com\\\/wp-content\\\/uploads\\\/2022\\\/12\\\/LOGO-PERLE-IN-COULEUR@3x.webp\",\"contentUrl\":\"https:\\\/\\\/perle-in.com\\\/wp-content\\\/uploads\\\/2022\\\/12\\\/LOGO-PERLE-IN-COULEUR@3x.webp\",\"width\":1600,\"height\":490,\"caption\":\"PERLE IN\"},\"image\":{\"@id\":\"https:\\\/\\\/perle-in.com\\\/#\\\/schema\\\/logo\\\/image\\\/\"}}]}<\/script>\n<!-- \/ Yoast SEO plugin. -->","yoast_head_json":{"title":"Sac \u00e0 dos RPET Oriole avec cordon de serrage 5L - PERLE IN","robots":{"index":"noindex","follow":"follow","max-snippet":"max-snippet:-1","max-image-preview":"max-image-preview:large","max-video-preview":"max-video-preview:-1"},"og_locale":"en_US","og_type":"article","og_title":"Sac \u00e0 dos RPET Oriole avec cordon de serrage 5L - PERLE IN","og_description":"Sac durable fait \u00e0 100 % de plastique recycl\u00e9 post-consommation, ce qui contribue \u00e0 la r\u00e9duction des d\u00e9chets plastiques. Chaque sac est fabriqu\u00e9 \u00e0 partir de 3,5 bouteilles en PET recycl\u00e9es. Grand compartiment principal avec fermeture \u00e0 cordon de couleur noire. Capacit\u00e9\u00a0: 5 litres, r\u00e9sistance aux charges de 5 kg.","og_url":"https:\/\/perle-in.com\/en\/product\/sac-a-dos-rpet-oriole-avec-cordon-de-serrage-5l\/","og_site_name":"PERLE IN","article_modified_time":"2025-10-13T19:30:33+00:00","og_image":[{"width":1600,"height":1600,"url":"https:\/\/perle-in.com\/wp-content\/uploads\/2025\/10\/12046100-1.jpg","type":"image\/jpeg"}],"twitter_card":"summary_large_image","schema":{"@context":"https:\/\/schema.org","@graph":[{"@type":"WebPage","@id":"https:\/\/perle-in.com\/produit\/sac-a-dos-rpet-oriole-avec-cordon-de-serrage-5l\/","url":"https:\/\/perle-in.com\/produit\/sac-a-dos-rpet-oriole-avec-cordon-de-serrage-5l\/","name":"Sac \u00e0 dos RPET Oriole avec cordon de serrage 5L - PERLE IN","isPartOf":{"@id":"https:\/\/perle-in.com\/#website"},"primaryImageOfPage":{"@id":"https:\/\/perle-in.com\/produit\/sac-a-dos-rpet-oriole-avec-cordon-de-serrage-5l\/#primaryimage"},"image":{"@id":"https:\/\/perle-in.com\/produit\/sac-a-dos-rpet-oriole-avec-cordon-de-serrage-5l\/#primaryimage"},"thumbnailUrl":"https:\/\/perle-in.com\/wp-content\/uploads\/2025\/10\/12046100-1.jpg","datePublished":"2025-10-13T19:30:11+00:00","dateModified":"2025-10-13T19:30:33+00:00","breadcrumb":{"@id":"https:\/\/perle-in.com\/produit\/sac-a-dos-rpet-oriole-avec-cordon-de-serrage-5l\/#breadcrumb"},"inLanguage":"en-CA","potentialAction":[{"@type":"ReadAction","target":["https:\/\/perle-in.com\/produit\/sac-a-dos-rpet-oriole-avec-cordon-de-serrage-5l\/"]}]},{"@type":"ImageObject","inLanguage":"en-CA","@id":"https:\/\/perle-in.com\/produit\/sac-a-dos-rpet-oriole-avec-cordon-de-serrage-5l\/#primaryimage","url":"https:\/\/perle-in.com\/wp-content\/uploads\/2025\/10\/12046100-1.jpg","contentUrl":"https:\/\/perle-in.com\/wp-content\/uploads\/2025\/10\/12046100-1.jpg","width":1600,"height":1600},{"@type":"BreadcrumbList","@id":"https:\/\/perle-in.com\/produit\/sac-a-dos-rpet-oriole-avec-cordon-de-serrage-5l\/#breadcrumb","itemListElement":[{"@type":"ListItem","position":1,"name":"Accueil","item":"https:\/\/perle-in.com\/"},{"@type":"ListItem","position":2,"name":"Boutique","item":"https:\/\/perle-in.com\/boutique\/"},{"@type":"ListItem","position":3,"name":"Sac \u00e0 dos RPET Oriole avec cordon de serrage 5L"}]},{"@type":"WebSite","@id":"https:\/\/perle-in.com\/#website","url":"https:\/\/perle-in.com\/","name":"PERLE IN","description":"","publisher":{"@id":"https:\/\/perle-in.com\/#organization"},"potentialAction":[{"@type":"SearchAction","target":{"@type":"EntryPoint","urlTemplate":"https:\/\/perle-in.com\/?s={search_term_string}"},"query-input":{"@type":"PropertyValueSpecification","valueRequired":true,"valueName":"search_term_string"}}],"inLanguage":"en-CA"},{"@type":"Organization","@id":"https:\/\/perle-in.com\/#organization","name":"PERLE IN","url":"https:\/\/perle-in.com\/","logo":{"@type":"ImageObject","inLanguage":"en-CA","@id":"https:\/\/perle-in.com\/#\/schema\/logo\/image\/","url":"https:\/\/perle-in.com\/wp-content\/uploads\/2022\/12\/LOGO-PERLE-IN-COULEUR@3x.webp","contentUrl":"https:\/\/perle-in.com\/wp-content\/uploads\/2022\/12\/LOGO-PERLE-IN-COULEUR@3x.webp","width":1600,"height":490,"caption":"PERLE IN"},"image":{"@id":"https:\/\/perle-in.com\/#\/schema\/logo\/image\/"}}]}},"jetpack_sharing_enabled":true,"_links":{"self":[{"href":"https:\/\/perle-in.com\/en\/wp-json\/wp\/v2\/product\/505241","targetHints":{"allow":["GET"]}}],"collection":[{"href":"https:\/\/perle-in.com\/en\/wp-json\/wp\/v2\/product"}],"about":[{"href":"https:\/\/perle-in.com\/en\/wp-json\/wp\/v2\/types\/product"}],"version-history":[{"count":0,"href":"https:\/\/perle-in.com\/en\/wp-json\/wp\/v2\/product\/505241\/revisions"}],"wp:featuredmedia":[{"embeddable":true,"href":"https:\/\/perle-in.com\/en\/wp-json\/wp\/v2\/media\/505220"}],"wp:attachment":[{"href":"https:\/\/perle-in.com\/en\/wp-json\/wp\/v2\/media?parent=505241"}],"wp:term":[{"taxonomy":"product_brand","embeddable":true,"href":"https:\/\/perle-in.com\/en\/wp-json\/wp\/v2\/product_brand?post=505241"},{"taxonomy":"product_cat","embeddable":true,"href":"https:\/\/perle-in.com\/en\/wp-json\/wp\/v2\/product_cat?post=505241"},{"taxonomy":"product_tag","embeddable":true,"href":"https:\/\/perle-in.com\/en\/wp-json\/wp\/v2\/product_tag?post=505241"}],"curies":[{"name":"wp","href":"https:\/\/api.w.org\/{rel}","templated":true}]}}