{"id":505157,"date":"2025-10-13T21:21:14","date_gmt":"2025-10-13T19:21:14","guid":{"rendered":"https:\/\/perle-in.com\/produit\/petit-sac-isotherme-papyrus-3l\/"},"modified":"2025-10-13T21:21:15","modified_gmt":"2025-10-13T19:21:15","slug":"petit-sac-isotherme-papyrus-3l","status":"publish","type":"product","link":"https:\/\/perle-in.com\/en\/product\/petit-sac-isotherme-papyrus-3l\/","title":{"rendered":"Petit sac isotherme Papyrus 3L"},"content":{"rendered":"","protected":false},"excerpt":{"rendered":"<p>Il peut ressembler \u00e0 un sac \u00e0 provisions, mais rien n&#8217;est ce qu&#8217;il semble \u00eatre avec le sac Papyrus. Apr\u00e8s tout, il ne s&#8217;agit pas de l&#8217;embl\u00e9matique sac en papier brun, mais d&#8217;un sac isotherme. Les produits s&#8217;ins\u00e8rent facilement dans le compartiment principal isotherme, qui se ferme tout aussi facilement \u00e0 l&#8217;aide d&#8217;une fermeture \u00e0 enroulement avec crochet et boucle. Le sac est fabriqu\u00e9 en polypropyl\u00e8ne non tiss\u00e9 110 g\/m\u00b2 et donc souple et l\u00e9ger.<\/p>","protected":false},"featured_media":505150,"template":"","meta":{"_eb_attr":""},"product_brand":[],"product_cat":[159,160],"product_tag":[168,1320,169,1321,1322,1898,1899,165,166,131,155,167,161,162],"class_list":{"0":"post-505157","1":"product","2":"type-product","3":"status-publish","4":"has-post-thumbnail","6":"product_cat-sacs","7":"product_cat-sacs-isothermes","8":"product_tag-cool","9":"product_tag-ete","10":"product_tag-glaciere","11":"product_tag-glaciere-souple","12":"product_tag-glacieres-souples","13":"product_tag-grand-sac-isotherme","14":"product_tag-grands-sacs-isothermes","15":"product_tag-isotherme","16":"product_tag-isothermes","17":"product_tag-pique-nique","18":"product_tag-pique-niques","19":"product_tag-plage","20":"product_tag-sac-isotherme","21":"product_tag-sacs-isothermes","22":"pa_couleurs-naturel","23":"pa_matiere-polypropylene-non-tisse-110-g-m2","25":"first","26":"instock","27":"shipping-taxable","28":"purchasable","29":"product-type-variable"},"yoast_head":"<!-- This site is optimized with the Yoast SEO plugin v27.4 - https:\/\/yoast.com\/product\/yoast-seo-wordpress\/ -->\n<title>Petit sac isotherme Papyrus 3L - PERLE IN<\/title>\n<meta name=\"robots\" content=\"noindex, follow, max-snippet:-1, max-image-preview:large, max-video-preview:-1\" \/>\n<meta property=\"og:locale\" content=\"en_US\" \/>\n<meta property=\"og:type\" content=\"article\" \/>\n<meta property=\"og:title\" content=\"Petit sac isotherme Papyrus 3L - PERLE IN\" \/>\n<meta property=\"og:description\" content=\"Il peut ressembler \u00e0 un sac \u00e0 provisions, mais rien n&#039;est ce qu&#039;il semble \u00eatre avec le sac Papyrus. Apr\u00e8s tout, il ne s&#039;agit pas de l&#039;embl\u00e9matique sac en papier brun, mais d&#039;un sac isotherme. Les produits s&#039;ins\u00e8rent facilement dans le compartiment principal isotherme, qui se ferme tout aussi facilement \u00e0 l&#039;aide d&#039;une fermeture \u00e0 enroulement avec crochet et boucle. Le sac est fabriqu\u00e9 en polypropyl\u00e8ne non tiss\u00e9 110 g\/m\u00b2 et donc souple et l\u00e9ger.\" \/>\n<meta property=\"og:url\" content=\"https:\/\/perle-in.com\/en\/product\/petit-sac-isotherme-papyrus-3l\/\" \/>\n<meta property=\"og:site_name\" content=\"PERLE IN\" \/>\n<meta property=\"article:modified_time\" content=\"2025-10-13T19:21:15+00:00\" \/>\n<meta property=\"og:image\" content=\"https:\/\/perle-in.com\/wp-content\/uploads\/2025\/10\/12036000-1.jpg\" \/>\n\t<meta property=\"og:image:width\" content=\"1600\" \/>\n\t<meta property=\"og:image:height\" content=\"1600\" \/>\n\t<meta property=\"og:image:type\" content=\"image\/jpeg\" \/>\n<meta name=\"twitter:card\" content=\"summary_large_image\" \/>\n<script type=\"application\/ld+json\" class=\"yoast-schema-graph\">{\"@context\":\"https:\\\/\\\/schema.org\",\"@graph\":[{\"@type\":\"WebPage\",\"@id\":\"https:\\\/\\\/perle-in.com\\\/produit\\\/petit-sac-isotherme-papyrus-3l\\\/\",\"url\":\"https:\\\/\\\/perle-in.com\\\/produit\\\/petit-sac-isotherme-papyrus-3l\\\/\",\"name\":\"Petit sac isotherme Papyrus 3L - PERLE IN\",\"isPartOf\":{\"@id\":\"https:\\\/\\\/perle-in.com\\\/#website\"},\"primaryImageOfPage\":{\"@id\":\"https:\\\/\\\/perle-in.com\\\/produit\\\/petit-sac-isotherme-papyrus-3l\\\/#primaryimage\"},\"image\":{\"@id\":\"https:\\\/\\\/perle-in.com\\\/produit\\\/petit-sac-isotherme-papyrus-3l\\\/#primaryimage\"},\"thumbnailUrl\":\"https:\\\/\\\/perle-in.com\\\/wp-content\\\/uploads\\\/2025\\\/10\\\/12036000-1.jpg\",\"datePublished\":\"2025-10-13T19:21:14+00:00\",\"dateModified\":\"2025-10-13T19:21:15+00:00\",\"breadcrumb\":{\"@id\":\"https:\\\/\\\/perle-in.com\\\/produit\\\/petit-sac-isotherme-papyrus-3l\\\/#breadcrumb\"},\"inLanguage\":\"en-CA\",\"potentialAction\":[{\"@type\":\"ReadAction\",\"target\":[\"https:\\\/\\\/perle-in.com\\\/produit\\\/petit-sac-isotherme-papyrus-3l\\\/\"]}]},{\"@type\":\"ImageObject\",\"inLanguage\":\"en-CA\",\"@id\":\"https:\\\/\\\/perle-in.com\\\/produit\\\/petit-sac-isotherme-papyrus-3l\\\/#primaryimage\",\"url\":\"https:\\\/\\\/perle-in.com\\\/wp-content\\\/uploads\\\/2025\\\/10\\\/12036000-1.jpg\",\"contentUrl\":\"https:\\\/\\\/perle-in.com\\\/wp-content\\\/uploads\\\/2025\\\/10\\\/12036000-1.jpg\",\"width\":1600,\"height\":1600},{\"@type\":\"BreadcrumbList\",\"@id\":\"https:\\\/\\\/perle-in.com\\\/produit\\\/petit-sac-isotherme-papyrus-3l\\\/#breadcrumb\",\"itemListElement\":[{\"@type\":\"ListItem\",\"position\":1,\"name\":\"Accueil\",\"item\":\"https:\\\/\\\/perle-in.com\\\/\"},{\"@type\":\"ListItem\",\"position\":2,\"name\":\"Boutique\",\"item\":\"https:\\\/\\\/perle-in.com\\\/boutique\\\/\"},{\"@type\":\"ListItem\",\"position\":3,\"name\":\"Petit sac isotherme Papyrus 3L\"}]},{\"@type\":\"WebSite\",\"@id\":\"https:\\\/\\\/perle-in.com\\\/#website\",\"url\":\"https:\\\/\\\/perle-in.com\\\/\",\"name\":\"PERLE IN\",\"description\":\"\",\"publisher\":{\"@id\":\"https:\\\/\\\/perle-in.com\\\/#organization\"},\"potentialAction\":[{\"@type\":\"SearchAction\",\"target\":{\"@type\":\"EntryPoint\",\"urlTemplate\":\"https:\\\/\\\/perle-in.com\\\/?s={search_term_string}\"},\"query-input\":{\"@type\":\"PropertyValueSpecification\",\"valueRequired\":true,\"valueName\":\"search_term_string\"}}],\"inLanguage\":\"en-CA\"},{\"@type\":\"Organization\",\"@id\":\"https:\\\/\\\/perle-in.com\\\/#organization\",\"name\":\"PERLE IN\",\"url\":\"https:\\\/\\\/perle-in.com\\\/\",\"logo\":{\"@type\":\"ImageObject\",\"inLanguage\":\"en-CA\",\"@id\":\"https:\\\/\\\/perle-in.com\\\/#\\\/schema\\\/logo\\\/image\\\/\",\"url\":\"https:\\\/\\\/perle-in.com\\\/wp-content\\\/uploads\\\/2022\\\/12\\\/LOGO-PERLE-IN-COULEUR@3x.webp\",\"contentUrl\":\"https:\\\/\\\/perle-in.com\\\/wp-content\\\/uploads\\\/2022\\\/12\\\/LOGO-PERLE-IN-COULEUR@3x.webp\",\"width\":1600,\"height\":490,\"caption\":\"PERLE IN\"},\"image\":{\"@id\":\"https:\\\/\\\/perle-in.com\\\/#\\\/schema\\\/logo\\\/image\\\/\"}}]}<\/script>\n<!-- \/ Yoast SEO plugin. -->","yoast_head_json":{"title":"Petit sac isotherme Papyrus 3L - PERLE IN","robots":{"index":"noindex","follow":"follow","max-snippet":"max-snippet:-1","max-image-preview":"max-image-preview:large","max-video-preview":"max-video-preview:-1"},"og_locale":"en_US","og_type":"article","og_title":"Petit sac isotherme Papyrus 3L - PERLE IN","og_description":"Il peut ressembler \u00e0 un sac \u00e0 provisions, mais rien n'est ce qu'il semble \u00eatre avec le sac Papyrus. Apr\u00e8s tout, il ne s'agit pas de l'embl\u00e9matique sac en papier brun, mais d'un sac isotherme. Les produits s'ins\u00e8rent facilement dans le compartiment principal isotherme, qui se ferme tout aussi facilement \u00e0 l'aide d'une fermeture \u00e0 enroulement avec crochet et boucle. Le sac est fabriqu\u00e9 en polypropyl\u00e8ne non tiss\u00e9 110 g\/m\u00b2 et donc souple et l\u00e9ger.","og_url":"https:\/\/perle-in.com\/en\/product\/petit-sac-isotherme-papyrus-3l\/","og_site_name":"PERLE IN","article_modified_time":"2025-10-13T19:21:15+00:00","og_image":[{"width":1600,"height":1600,"url":"https:\/\/perle-in.com\/wp-content\/uploads\/2025\/10\/12036000-1.jpg","type":"image\/jpeg"}],"twitter_card":"summary_large_image","schema":{"@context":"https:\/\/schema.org","@graph":[{"@type":"WebPage","@id":"https:\/\/perle-in.com\/produit\/petit-sac-isotherme-papyrus-3l\/","url":"https:\/\/perle-in.com\/produit\/petit-sac-isotherme-papyrus-3l\/","name":"Petit sac isotherme Papyrus 3L - PERLE IN","isPartOf":{"@id":"https:\/\/perle-in.com\/#website"},"primaryImageOfPage":{"@id":"https:\/\/perle-in.com\/produit\/petit-sac-isotherme-papyrus-3l\/#primaryimage"},"image":{"@id":"https:\/\/perle-in.com\/produit\/petit-sac-isotherme-papyrus-3l\/#primaryimage"},"thumbnailUrl":"https:\/\/perle-in.com\/wp-content\/uploads\/2025\/10\/12036000-1.jpg","datePublished":"2025-10-13T19:21:14+00:00","dateModified":"2025-10-13T19:21:15+00:00","breadcrumb":{"@id":"https:\/\/perle-in.com\/produit\/petit-sac-isotherme-papyrus-3l\/#breadcrumb"},"inLanguage":"en-CA","potentialAction":[{"@type":"ReadAction","target":["https:\/\/perle-in.com\/produit\/petit-sac-isotherme-papyrus-3l\/"]}]},{"@type":"ImageObject","inLanguage":"en-CA","@id":"https:\/\/perle-in.com\/produit\/petit-sac-isotherme-papyrus-3l\/#primaryimage","url":"https:\/\/perle-in.com\/wp-content\/uploads\/2025\/10\/12036000-1.jpg","contentUrl":"https:\/\/perle-in.com\/wp-content\/uploads\/2025\/10\/12036000-1.jpg","width":1600,"height":1600},{"@type":"BreadcrumbList","@id":"https:\/\/perle-in.com\/produit\/petit-sac-isotherme-papyrus-3l\/#breadcrumb","itemListElement":[{"@type":"ListItem","position":1,"name":"Accueil","item":"https:\/\/perle-in.com\/"},{"@type":"ListItem","position":2,"name":"Boutique","item":"https:\/\/perle-in.com\/boutique\/"},{"@type":"ListItem","position":3,"name":"Petit sac isotherme Papyrus 3L"}]},{"@type":"WebSite","@id":"https:\/\/perle-in.com\/#website","url":"https:\/\/perle-in.com\/","name":"PERLE IN","description":"","publisher":{"@id":"https:\/\/perle-in.com\/#organization"},"potentialAction":[{"@type":"SearchAction","target":{"@type":"EntryPoint","urlTemplate":"https:\/\/perle-in.com\/?s={search_term_string}"},"query-input":{"@type":"PropertyValueSpecification","valueRequired":true,"valueName":"search_term_string"}}],"inLanguage":"en-CA"},{"@type":"Organization","@id":"https:\/\/perle-in.com\/#organization","name":"PERLE IN","url":"https:\/\/perle-in.com\/","logo":{"@type":"ImageObject","inLanguage":"en-CA","@id":"https:\/\/perle-in.com\/#\/schema\/logo\/image\/","url":"https:\/\/perle-in.com\/wp-content\/uploads\/2022\/12\/LOGO-PERLE-IN-COULEUR@3x.webp","contentUrl":"https:\/\/perle-in.com\/wp-content\/uploads\/2022\/12\/LOGO-PERLE-IN-COULEUR@3x.webp","width":1600,"height":490,"caption":"PERLE IN"},"image":{"@id":"https:\/\/perle-in.com\/#\/schema\/logo\/image\/"}}]}},"jetpack_sharing_enabled":true,"_links":{"self":[{"href":"https:\/\/perle-in.com\/en\/wp-json\/wp\/v2\/product\/505157","targetHints":{"allow":["GET"]}}],"collection":[{"href":"https:\/\/perle-in.com\/en\/wp-json\/wp\/v2\/product"}],"about":[{"href":"https:\/\/perle-in.com\/en\/wp-json\/wp\/v2\/types\/product"}],"version-history":[{"count":0,"href":"https:\/\/perle-in.com\/en\/wp-json\/wp\/v2\/product\/505157\/revisions"}],"wp:featuredmedia":[{"embeddable":true,"href":"https:\/\/perle-in.com\/en\/wp-json\/wp\/v2\/media\/505150"}],"wp:attachment":[{"href":"https:\/\/perle-in.com\/en\/wp-json\/wp\/v2\/media?parent=505157"}],"wp:term":[{"taxonomy":"product_brand","embeddable":true,"href":"https:\/\/perle-in.com\/en\/wp-json\/wp\/v2\/product_brand?post=505157"},{"taxonomy":"product_cat","embeddable":true,"href":"https:\/\/perle-in.com\/en\/wp-json\/wp\/v2\/product_cat?post=505157"},{"taxonomy":"product_tag","embeddable":true,"href":"https:\/\/perle-in.com\/en\/wp-json\/wp\/v2\/product_tag?post=505157"}],"curies":[{"name":"wp","href":"https:\/\/api.w.org\/{rel}","templated":true}]}}