{"id":505139,"date":"2025-10-13T21:20:22","date_gmt":"2025-10-13T19:20:22","guid":{"rendered":"https:\/\/perle-in.com\/produit\/sac-shopping-peru-180-g-m%c2%b2-7l\/"},"modified":"2025-10-13T21:20:43","modified_gmt":"2025-10-13T19:20:43","slug":"sac-shopping-peru-180-g-m%c2%b2-7l","status":"publish","type":"product","link":"https:\/\/perle-in.com\/en\/product\/sac-shopping-peru-180-g-m%c2%b2-7l\/","title":{"rendered":"Sac shopping Peru 180 g\/m\u00b2 7L"},"content":{"rendered":"","protected":false},"excerpt":{"rendered":"<p>Sac fourre-tout en coton de 180 g\/m\u00b2, solide et durable, avec un grand compartiment principal et une visibilit\u00e9 maximale pour tout logo. Le mat\u00e9riau en coton robuste permet de transporter des articles plus lourds. Les poign\u00e9es mesurent 30 cm de long et sont donc suffisamment longues pour porter le sac sur une \u00e9paule. Peut supporter jusqu&#8217;\u00e0 5 kg.<\/p>","protected":false},"featured_media":505125,"template":"","meta":{"_eb_attr":""},"product_brand":[],"product_cat":[159,1216],"product_tag":[282,962,287,289,283,1817,288,290,904,1779,291],"class_list":{"0":"post-505139","1":"product","2":"type-product","3":"status-publish","4":"has-post-thumbnail","6":"product_cat-sacs","7":"product_cat-sacs-en-coton","8":"product_tag-sac","9":"product_tag-sac-de-courses","10":"product_tag-sac-de-transport","11":"product_tag-sac-de-voyage","12":"product_tag-sacs","13":"product_tag-sacs-de-course","14":"product_tag-sacs-de-transport","15":"product_tag-sacs-de-voyage","16":"product_tag-shopping","17":"product_tag-totebag","18":"product_tag-voyage","19":"pa_couleurs-blanc","20":"pa_couleurs-bleu-process","21":"pa_couleurs-bleu-royal","22":"pa_couleurs-citron-vert","23":"pa_couleurs-gris","24":"pa_couleurs-marine","25":"pa_couleurs-naturel","26":"pa_couleurs-noir","27":"pa_couleurs-orange","28":"pa_couleurs-rouge","29":"pa_matiere-coton-180-g-m2","31":"first","32":"instock","33":"shipping-taxable","34":"purchasable","35":"product-type-variable"},"yoast_head":"<!-- This site is optimized with the Yoast SEO plugin v27.4 - https:\/\/yoast.com\/product\/yoast-seo-wordpress\/ -->\n<title>Sac shopping Peru 180 g\/m\u00b2 7L - PERLE IN<\/title>\n<meta name=\"robots\" content=\"noindex, follow, max-snippet:-1, max-image-preview:large, max-video-preview:-1\" \/>\n<meta property=\"og:locale\" content=\"en_US\" \/>\n<meta property=\"og:type\" content=\"article\" \/>\n<meta property=\"og:title\" content=\"Sac shopping Peru 180 g\/m\u00b2 7L - PERLE IN\" \/>\n<meta property=\"og:description\" content=\"Sac fourre-tout en coton de 180 g\/m\u00b2, solide et durable, avec un grand compartiment principal et une visibilit\u00e9 maximale pour tout logo. Le mat\u00e9riau en coton robuste permet de transporter des articles plus lourds. Les poign\u00e9es mesurent 30 cm de long et sont donc suffisamment longues pour porter le sac sur une \u00e9paule. Peut supporter jusqu&#039;\u00e0 5 kg.\" \/>\n<meta property=\"og:url\" content=\"https:\/\/perle-in.com\/en\/product\/sac-shopping-peru-180-g-m\u00b2-7l\/\" \/>\n<meta property=\"og:site_name\" content=\"PERLE IN\" \/>\n<meta property=\"article:modified_time\" content=\"2025-10-13T19:20:43+00:00\" \/>\n<meta property=\"og:image\" content=\"https:\/\/perle-in.com\/wp-content\/uploads\/2025\/10\/12033200-1.jpg\" \/>\n\t<meta property=\"og:image:width\" content=\"1600\" \/>\n\t<meta property=\"og:image:height\" content=\"1600\" \/>\n\t<meta property=\"og:image:type\" content=\"image\/jpeg\" \/>\n<meta name=\"twitter:card\" content=\"summary_large_image\" \/>\n<script type=\"application\/ld+json\" class=\"yoast-schema-graph\">{\"@context\":\"https:\\\/\\\/schema.org\",\"@graph\":[{\"@type\":\"WebPage\",\"@id\":\"https:\\\/\\\/perle-in.com\\\/produit\\\/sac-shopping-peru-180-g-m%c2%b2-7l\\\/\",\"url\":\"https:\\\/\\\/perle-in.com\\\/produit\\\/sac-shopping-peru-180-g-m%c2%b2-7l\\\/\",\"name\":\"Sac shopping Peru 180 g\\\/m\u00b2 7L - PERLE IN\",\"isPartOf\":{\"@id\":\"https:\\\/\\\/perle-in.com\\\/#website\"},\"primaryImageOfPage\":{\"@id\":\"https:\\\/\\\/perle-in.com\\\/produit\\\/sac-shopping-peru-180-g-m%c2%b2-7l\\\/#primaryimage\"},\"image\":{\"@id\":\"https:\\\/\\\/perle-in.com\\\/produit\\\/sac-shopping-peru-180-g-m%c2%b2-7l\\\/#primaryimage\"},\"thumbnailUrl\":\"https:\\\/\\\/perle-in.com\\\/wp-content\\\/uploads\\\/2025\\\/10\\\/12033200-1.jpg\",\"datePublished\":\"2025-10-13T19:20:22+00:00\",\"dateModified\":\"2025-10-13T19:20:43+00:00\",\"breadcrumb\":{\"@id\":\"https:\\\/\\\/perle-in.com\\\/produit\\\/sac-shopping-peru-180-g-m%c2%b2-7l\\\/#breadcrumb\"},\"inLanguage\":\"en-CA\",\"potentialAction\":[{\"@type\":\"ReadAction\",\"target\":[\"https:\\\/\\\/perle-in.com\\\/produit\\\/sac-shopping-peru-180-g-m%c2%b2-7l\\\/\"]}]},{\"@type\":\"ImageObject\",\"inLanguage\":\"en-CA\",\"@id\":\"https:\\\/\\\/perle-in.com\\\/produit\\\/sac-shopping-peru-180-g-m%c2%b2-7l\\\/#primaryimage\",\"url\":\"https:\\\/\\\/perle-in.com\\\/wp-content\\\/uploads\\\/2025\\\/10\\\/12033200-1.jpg\",\"contentUrl\":\"https:\\\/\\\/perle-in.com\\\/wp-content\\\/uploads\\\/2025\\\/10\\\/12033200-1.jpg\",\"width\":1600,\"height\":1600},{\"@type\":\"BreadcrumbList\",\"@id\":\"https:\\\/\\\/perle-in.com\\\/produit\\\/sac-shopping-peru-180-g-m%c2%b2-7l\\\/#breadcrumb\",\"itemListElement\":[{\"@type\":\"ListItem\",\"position\":1,\"name\":\"Accueil\",\"item\":\"https:\\\/\\\/perle-in.com\\\/\"},{\"@type\":\"ListItem\",\"position\":2,\"name\":\"Boutique\",\"item\":\"https:\\\/\\\/perle-in.com\\\/boutique\\\/\"},{\"@type\":\"ListItem\",\"position\":3,\"name\":\"Sac shopping Peru 180 g\\\/m\u00b2 7L\"}]},{\"@type\":\"WebSite\",\"@id\":\"https:\\\/\\\/perle-in.com\\\/#website\",\"url\":\"https:\\\/\\\/perle-in.com\\\/\",\"name\":\"PERLE IN\",\"description\":\"\",\"publisher\":{\"@id\":\"https:\\\/\\\/perle-in.com\\\/#organization\"},\"potentialAction\":[{\"@type\":\"SearchAction\",\"target\":{\"@type\":\"EntryPoint\",\"urlTemplate\":\"https:\\\/\\\/perle-in.com\\\/?s={search_term_string}\"},\"query-input\":{\"@type\":\"PropertyValueSpecification\",\"valueRequired\":true,\"valueName\":\"search_term_string\"}}],\"inLanguage\":\"en-CA\"},{\"@type\":\"Organization\",\"@id\":\"https:\\\/\\\/perle-in.com\\\/#organization\",\"name\":\"PERLE IN\",\"url\":\"https:\\\/\\\/perle-in.com\\\/\",\"logo\":{\"@type\":\"ImageObject\",\"inLanguage\":\"en-CA\",\"@id\":\"https:\\\/\\\/perle-in.com\\\/#\\\/schema\\\/logo\\\/image\\\/\",\"url\":\"https:\\\/\\\/perle-in.com\\\/wp-content\\\/uploads\\\/2022\\\/12\\\/LOGO-PERLE-IN-COULEUR@3x.webp\",\"contentUrl\":\"https:\\\/\\\/perle-in.com\\\/wp-content\\\/uploads\\\/2022\\\/12\\\/LOGO-PERLE-IN-COULEUR@3x.webp\",\"width\":1600,\"height\":490,\"caption\":\"PERLE IN\"},\"image\":{\"@id\":\"https:\\\/\\\/perle-in.com\\\/#\\\/schema\\\/logo\\\/image\\\/\"}}]}<\/script>\n<!-- \/ Yoast SEO plugin. -->","yoast_head_json":{"title":"Sac shopping Peru 180 g\/m\u00b2 7L - PERLE IN","robots":{"index":"noindex","follow":"follow","max-snippet":"max-snippet:-1","max-image-preview":"max-image-preview:large","max-video-preview":"max-video-preview:-1"},"og_locale":"en_US","og_type":"article","og_title":"Sac shopping Peru 180 g\/m\u00b2 7L - PERLE IN","og_description":"Sac fourre-tout en coton de 180 g\/m\u00b2, solide et durable, avec un grand compartiment principal et une visibilit\u00e9 maximale pour tout logo. Le mat\u00e9riau en coton robuste permet de transporter des articles plus lourds. Les poign\u00e9es mesurent 30 cm de long et sont donc suffisamment longues pour porter le sac sur une \u00e9paule. Peut supporter jusqu'\u00e0 5 kg.","og_url":"https:\/\/perle-in.com\/en\/product\/sac-shopping-peru-180-g-m\u00b2-7l\/","og_site_name":"PERLE IN","article_modified_time":"2025-10-13T19:20:43+00:00","og_image":[{"width":1600,"height":1600,"url":"https:\/\/perle-in.com\/wp-content\/uploads\/2025\/10\/12033200-1.jpg","type":"image\/jpeg"}],"twitter_card":"summary_large_image","schema":{"@context":"https:\/\/schema.org","@graph":[{"@type":"WebPage","@id":"https:\/\/perle-in.com\/produit\/sac-shopping-peru-180-g-m%c2%b2-7l\/","url":"https:\/\/perle-in.com\/produit\/sac-shopping-peru-180-g-m%c2%b2-7l\/","name":"Sac shopping Peru 180 g\/m\u00b2 7L - PERLE IN","isPartOf":{"@id":"https:\/\/perle-in.com\/#website"},"primaryImageOfPage":{"@id":"https:\/\/perle-in.com\/produit\/sac-shopping-peru-180-g-m%c2%b2-7l\/#primaryimage"},"image":{"@id":"https:\/\/perle-in.com\/produit\/sac-shopping-peru-180-g-m%c2%b2-7l\/#primaryimage"},"thumbnailUrl":"https:\/\/perle-in.com\/wp-content\/uploads\/2025\/10\/12033200-1.jpg","datePublished":"2025-10-13T19:20:22+00:00","dateModified":"2025-10-13T19:20:43+00:00","breadcrumb":{"@id":"https:\/\/perle-in.com\/produit\/sac-shopping-peru-180-g-m%c2%b2-7l\/#breadcrumb"},"inLanguage":"en-CA","potentialAction":[{"@type":"ReadAction","target":["https:\/\/perle-in.com\/produit\/sac-shopping-peru-180-g-m%c2%b2-7l\/"]}]},{"@type":"ImageObject","inLanguage":"en-CA","@id":"https:\/\/perle-in.com\/produit\/sac-shopping-peru-180-g-m%c2%b2-7l\/#primaryimage","url":"https:\/\/perle-in.com\/wp-content\/uploads\/2025\/10\/12033200-1.jpg","contentUrl":"https:\/\/perle-in.com\/wp-content\/uploads\/2025\/10\/12033200-1.jpg","width":1600,"height":1600},{"@type":"BreadcrumbList","@id":"https:\/\/perle-in.com\/produit\/sac-shopping-peru-180-g-m%c2%b2-7l\/#breadcrumb","itemListElement":[{"@type":"ListItem","position":1,"name":"Accueil","item":"https:\/\/perle-in.com\/"},{"@type":"ListItem","position":2,"name":"Boutique","item":"https:\/\/perle-in.com\/boutique\/"},{"@type":"ListItem","position":3,"name":"Sac shopping Peru 180 g\/m\u00b2 7L"}]},{"@type":"WebSite","@id":"https:\/\/perle-in.com\/#website","url":"https:\/\/perle-in.com\/","name":"PERLE IN","description":"","publisher":{"@id":"https:\/\/perle-in.com\/#organization"},"potentialAction":[{"@type":"SearchAction","target":{"@type":"EntryPoint","urlTemplate":"https:\/\/perle-in.com\/?s={search_term_string}"},"query-input":{"@type":"PropertyValueSpecification","valueRequired":true,"valueName":"search_term_string"}}],"inLanguage":"en-CA"},{"@type":"Organization","@id":"https:\/\/perle-in.com\/#organization","name":"PERLE IN","url":"https:\/\/perle-in.com\/","logo":{"@type":"ImageObject","inLanguage":"en-CA","@id":"https:\/\/perle-in.com\/#\/schema\/logo\/image\/","url":"https:\/\/perle-in.com\/wp-content\/uploads\/2022\/12\/LOGO-PERLE-IN-COULEUR@3x.webp","contentUrl":"https:\/\/perle-in.com\/wp-content\/uploads\/2022\/12\/LOGO-PERLE-IN-COULEUR@3x.webp","width":1600,"height":490,"caption":"PERLE IN"},"image":{"@id":"https:\/\/perle-in.com\/#\/schema\/logo\/image\/"}}]}},"jetpack_sharing_enabled":true,"_links":{"self":[{"href":"https:\/\/perle-in.com\/en\/wp-json\/wp\/v2\/product\/505139","targetHints":{"allow":["GET"]}}],"collection":[{"href":"https:\/\/perle-in.com\/en\/wp-json\/wp\/v2\/product"}],"about":[{"href":"https:\/\/perle-in.com\/en\/wp-json\/wp\/v2\/types\/product"}],"version-history":[{"count":0,"href":"https:\/\/perle-in.com\/en\/wp-json\/wp\/v2\/product\/505139\/revisions"}],"wp:featuredmedia":[{"embeddable":true,"href":"https:\/\/perle-in.com\/en\/wp-json\/wp\/v2\/media\/505125"}],"wp:attachment":[{"href":"https:\/\/perle-in.com\/en\/wp-json\/wp\/v2\/media?parent=505139"}],"wp:term":[{"taxonomy":"product_brand","embeddable":true,"href":"https:\/\/perle-in.com\/en\/wp-json\/wp\/v2\/product_brand?post=505139"},{"taxonomy":"product_cat","embeddable":true,"href":"https:\/\/perle-in.com\/en\/wp-json\/wp\/v2\/product_cat?post=505139"},{"taxonomy":"product_tag","embeddable":true,"href":"https:\/\/perle-in.com\/en\/wp-json\/wp\/v2\/product_tag?post=505139"}],"curies":[{"name":"wp","href":"https:\/\/api.w.org\/{rel}","templated":true}]}}