{"id":505123,"date":"2025-10-13T21:19:19","date_gmt":"2025-10-13T19:19:19","guid":{"rendered":"https:\/\/perle-in.com\/produit\/sac-shopping-zippe-coton-320-g-m%c2%b2-ningbo-15l\/"},"modified":"2025-10-13T21:19:21","modified_gmt":"2025-10-13T19:19:21","slug":"sac-shopping-zippe-coton-320-g-m%c2%b2-ningbo-15l","status":"publish","type":"product","link":"https:\/\/perle-in.com\/en\/product\/sac-shopping-zippe-coton-320-g-m%c2%b2-ningbo-15l\/","title":{"rendered":"Sac shopping zipp\u00e9 coton 320 g\/m\u00b2 Ningbo 15L"},"content":{"rendered":"","protected":false},"excerpt":{"rendered":"<p>Le design \u00e9pur\u00e9 du Ningbo donne \u00e0 ce sac shopping de grandes surfaces d&#8217;impression et constitue donc une option fantastique pour les r\u00e9unions, les conventions et les salons professionnels. Le sac shopping est en coton de 320 g\/m\u00b2, ce qui le rend extr\u00eamement solide et adapt\u00e9 au transport d&#8217;objets lourds. Le sac se ferme \u00e0 l&#8217;aide d&#8217;une fermeture zipp\u00e9e, ce qui permet de bien prot\u00e9ger son contenu. Avec ses poign\u00e9es de 31,5 cm de long, le sac shopping Ningbo est facile \u00e0 porter \u00e0 l&#8217;\u00e9paule. Peut supporter jusqu&#8217;\u00e0 10 kg. <\/p>","protected":false},"featured_media":505114,"template":"","meta":{"_eb_attr":""},"product_brand":[],"product_cat":[159,1216],"product_tag":[282,962,287,289,283,1817,288,290,904,1779,291],"class_list":{"0":"post-505123","1":"product","2":"type-product","3":"status-publish","4":"has-post-thumbnail","6":"product_cat-sacs","7":"product_cat-sacs-en-coton","8":"product_tag-sac","9":"product_tag-sac-de-courses","10":"product_tag-sac-de-transport","11":"product_tag-sac-de-voyage","12":"product_tag-sacs","13":"product_tag-sacs-de-course","14":"product_tag-sacs-de-transport","15":"product_tag-sacs-de-voyage","16":"product_tag-shopping","17":"product_tag-totebag","18":"product_tag-voyage","19":"pa_couleurs-naturel","20":"pa_matiere-coton-320-g-m2","21":"pa_pays-d-origine-inde","23":"first","24":"instock","25":"shipping-taxable","26":"purchasable","27":"product-type-variable"},"yoast_head":"<!-- This site is optimized with the Yoast SEO plugin v27.4 - https:\/\/yoast.com\/product\/yoast-seo-wordpress\/ -->\n<title>Sac shopping zipp\u00e9 coton 320 g\/m\u00b2 Ningbo 15L - PERLE IN<\/title>\n<meta name=\"robots\" content=\"noindex, follow, max-snippet:-1, max-image-preview:large, max-video-preview:-1\" \/>\n<meta property=\"og:locale\" content=\"en_US\" \/>\n<meta property=\"og:type\" content=\"article\" \/>\n<meta property=\"og:title\" content=\"Sac shopping zipp\u00e9 coton 320 g\/m\u00b2 Ningbo 15L - PERLE IN\" \/>\n<meta property=\"og:description\" content=\"Le design \u00e9pur\u00e9 du Ningbo donne \u00e0 ce sac shopping de grandes surfaces d&#039;impression et constitue donc une option fantastique pour les r\u00e9unions, les conventions et les salons professionnels. Le sac shopping est en coton de 320 g\/m\u00b2, ce qui le rend extr\u00eamement solide et adapt\u00e9 au transport d&#039;objets lourds. Le sac se ferme \u00e0 l&#039;aide d&#039;une fermeture zipp\u00e9e, ce qui permet de bien prot\u00e9ger son contenu. Avec ses poign\u00e9es de 31,5 cm de long, le sac shopping Ningbo est facile \u00e0 porter \u00e0 l&#039;\u00e9paule. Peut supporter jusqu&#039;\u00e0 10 kg.\" \/>\n<meta property=\"og:url\" content=\"https:\/\/perle-in.com\/en\/product\/sac-shopping-zippe-coton-320-g-m\u00b2-ningbo-15l\/\" \/>\n<meta property=\"og:site_name\" content=\"PERLE IN\" \/>\n<meta property=\"article:modified_time\" content=\"2025-10-13T19:19:21+00:00\" \/>\n<meta property=\"og:image\" content=\"https:\/\/perle-in.com\/wp-content\/uploads\/2025\/10\/12033100-1.jpg\" \/>\n\t<meta property=\"og:image:width\" content=\"1600\" \/>\n\t<meta property=\"og:image:height\" content=\"1600\" \/>\n\t<meta property=\"og:image:type\" content=\"image\/jpeg\" \/>\n<meta name=\"twitter:card\" content=\"summary_large_image\" \/>\n<script type=\"application\/ld+json\" class=\"yoast-schema-graph\">{\"@context\":\"https:\\\/\\\/schema.org\",\"@graph\":[{\"@type\":\"WebPage\",\"@id\":\"https:\\\/\\\/perle-in.com\\\/produit\\\/sac-shopping-zippe-coton-320-g-m%c2%b2-ningbo-15l\\\/\",\"url\":\"https:\\\/\\\/perle-in.com\\\/produit\\\/sac-shopping-zippe-coton-320-g-m%c2%b2-ningbo-15l\\\/\",\"name\":\"Sac shopping zipp\u00e9 coton 320 g\\\/m\u00b2 Ningbo 15L - PERLE IN\",\"isPartOf\":{\"@id\":\"https:\\\/\\\/perle-in.com\\\/#website\"},\"primaryImageOfPage\":{\"@id\":\"https:\\\/\\\/perle-in.com\\\/produit\\\/sac-shopping-zippe-coton-320-g-m%c2%b2-ningbo-15l\\\/#primaryimage\"},\"image\":{\"@id\":\"https:\\\/\\\/perle-in.com\\\/produit\\\/sac-shopping-zippe-coton-320-g-m%c2%b2-ningbo-15l\\\/#primaryimage\"},\"thumbnailUrl\":\"https:\\\/\\\/perle-in.com\\\/wp-content\\\/uploads\\\/2025\\\/10\\\/12033100-1.jpg\",\"datePublished\":\"2025-10-13T19:19:19+00:00\",\"dateModified\":\"2025-10-13T19:19:21+00:00\",\"breadcrumb\":{\"@id\":\"https:\\\/\\\/perle-in.com\\\/produit\\\/sac-shopping-zippe-coton-320-g-m%c2%b2-ningbo-15l\\\/#breadcrumb\"},\"inLanguage\":\"en-CA\",\"potentialAction\":[{\"@type\":\"ReadAction\",\"target\":[\"https:\\\/\\\/perle-in.com\\\/produit\\\/sac-shopping-zippe-coton-320-g-m%c2%b2-ningbo-15l\\\/\"]}]},{\"@type\":\"ImageObject\",\"inLanguage\":\"en-CA\",\"@id\":\"https:\\\/\\\/perle-in.com\\\/produit\\\/sac-shopping-zippe-coton-320-g-m%c2%b2-ningbo-15l\\\/#primaryimage\",\"url\":\"https:\\\/\\\/perle-in.com\\\/wp-content\\\/uploads\\\/2025\\\/10\\\/12033100-1.jpg\",\"contentUrl\":\"https:\\\/\\\/perle-in.com\\\/wp-content\\\/uploads\\\/2025\\\/10\\\/12033100-1.jpg\",\"width\":1600,\"height\":1600},{\"@type\":\"BreadcrumbList\",\"@id\":\"https:\\\/\\\/perle-in.com\\\/produit\\\/sac-shopping-zippe-coton-320-g-m%c2%b2-ningbo-15l\\\/#breadcrumb\",\"itemListElement\":[{\"@type\":\"ListItem\",\"position\":1,\"name\":\"Accueil\",\"item\":\"https:\\\/\\\/perle-in.com\\\/\"},{\"@type\":\"ListItem\",\"position\":2,\"name\":\"Boutique\",\"item\":\"https:\\\/\\\/perle-in.com\\\/boutique\\\/\"},{\"@type\":\"ListItem\",\"position\":3,\"name\":\"Sac shopping zipp\u00e9 coton 320 g\\\/m\u00b2 Ningbo 15L\"}]},{\"@type\":\"WebSite\",\"@id\":\"https:\\\/\\\/perle-in.com\\\/#website\",\"url\":\"https:\\\/\\\/perle-in.com\\\/\",\"name\":\"PERLE IN\",\"description\":\"\",\"publisher\":{\"@id\":\"https:\\\/\\\/perle-in.com\\\/#organization\"},\"potentialAction\":[{\"@type\":\"SearchAction\",\"target\":{\"@type\":\"EntryPoint\",\"urlTemplate\":\"https:\\\/\\\/perle-in.com\\\/?s={search_term_string}\"},\"query-input\":{\"@type\":\"PropertyValueSpecification\",\"valueRequired\":true,\"valueName\":\"search_term_string\"}}],\"inLanguage\":\"en-CA\"},{\"@type\":\"Organization\",\"@id\":\"https:\\\/\\\/perle-in.com\\\/#organization\",\"name\":\"PERLE IN\",\"url\":\"https:\\\/\\\/perle-in.com\\\/\",\"logo\":{\"@type\":\"ImageObject\",\"inLanguage\":\"en-CA\",\"@id\":\"https:\\\/\\\/perle-in.com\\\/#\\\/schema\\\/logo\\\/image\\\/\",\"url\":\"https:\\\/\\\/perle-in.com\\\/wp-content\\\/uploads\\\/2022\\\/12\\\/LOGO-PERLE-IN-COULEUR@3x.webp\",\"contentUrl\":\"https:\\\/\\\/perle-in.com\\\/wp-content\\\/uploads\\\/2022\\\/12\\\/LOGO-PERLE-IN-COULEUR@3x.webp\",\"width\":1600,\"height\":490,\"caption\":\"PERLE IN\"},\"image\":{\"@id\":\"https:\\\/\\\/perle-in.com\\\/#\\\/schema\\\/logo\\\/image\\\/\"}}]}<\/script>\n<!-- \/ Yoast SEO plugin. -->","yoast_head_json":{"title":"Sac shopping zipp\u00e9 coton 320 g\/m\u00b2 Ningbo 15L - PERLE IN","robots":{"index":"noindex","follow":"follow","max-snippet":"max-snippet:-1","max-image-preview":"max-image-preview:large","max-video-preview":"max-video-preview:-1"},"og_locale":"en_US","og_type":"article","og_title":"Sac shopping zipp\u00e9 coton 320 g\/m\u00b2 Ningbo 15L - PERLE IN","og_description":"Le design \u00e9pur\u00e9 du Ningbo donne \u00e0 ce sac shopping de grandes surfaces d'impression et constitue donc une option fantastique pour les r\u00e9unions, les conventions et les salons professionnels. Le sac shopping est en coton de 320 g\/m\u00b2, ce qui le rend extr\u00eamement solide et adapt\u00e9 au transport d'objets lourds. Le sac se ferme \u00e0 l'aide d'une fermeture zipp\u00e9e, ce qui permet de bien prot\u00e9ger son contenu. Avec ses poign\u00e9es de 31,5 cm de long, le sac shopping Ningbo est facile \u00e0 porter \u00e0 l'\u00e9paule. Peut supporter jusqu'\u00e0 10 kg.","og_url":"https:\/\/perle-in.com\/en\/product\/sac-shopping-zippe-coton-320-g-m\u00b2-ningbo-15l\/","og_site_name":"PERLE IN","article_modified_time":"2025-10-13T19:19:21+00:00","og_image":[{"width":1600,"height":1600,"url":"https:\/\/perle-in.com\/wp-content\/uploads\/2025\/10\/12033100-1.jpg","type":"image\/jpeg"}],"twitter_card":"summary_large_image","schema":{"@context":"https:\/\/schema.org","@graph":[{"@type":"WebPage","@id":"https:\/\/perle-in.com\/produit\/sac-shopping-zippe-coton-320-g-m%c2%b2-ningbo-15l\/","url":"https:\/\/perle-in.com\/produit\/sac-shopping-zippe-coton-320-g-m%c2%b2-ningbo-15l\/","name":"Sac shopping zipp\u00e9 coton 320 g\/m\u00b2 Ningbo 15L - PERLE IN","isPartOf":{"@id":"https:\/\/perle-in.com\/#website"},"primaryImageOfPage":{"@id":"https:\/\/perle-in.com\/produit\/sac-shopping-zippe-coton-320-g-m%c2%b2-ningbo-15l\/#primaryimage"},"image":{"@id":"https:\/\/perle-in.com\/produit\/sac-shopping-zippe-coton-320-g-m%c2%b2-ningbo-15l\/#primaryimage"},"thumbnailUrl":"https:\/\/perle-in.com\/wp-content\/uploads\/2025\/10\/12033100-1.jpg","datePublished":"2025-10-13T19:19:19+00:00","dateModified":"2025-10-13T19:19:21+00:00","breadcrumb":{"@id":"https:\/\/perle-in.com\/produit\/sac-shopping-zippe-coton-320-g-m%c2%b2-ningbo-15l\/#breadcrumb"},"inLanguage":"en-CA","potentialAction":[{"@type":"ReadAction","target":["https:\/\/perle-in.com\/produit\/sac-shopping-zippe-coton-320-g-m%c2%b2-ningbo-15l\/"]}]},{"@type":"ImageObject","inLanguage":"en-CA","@id":"https:\/\/perle-in.com\/produit\/sac-shopping-zippe-coton-320-g-m%c2%b2-ningbo-15l\/#primaryimage","url":"https:\/\/perle-in.com\/wp-content\/uploads\/2025\/10\/12033100-1.jpg","contentUrl":"https:\/\/perle-in.com\/wp-content\/uploads\/2025\/10\/12033100-1.jpg","width":1600,"height":1600},{"@type":"BreadcrumbList","@id":"https:\/\/perle-in.com\/produit\/sac-shopping-zippe-coton-320-g-m%c2%b2-ningbo-15l\/#breadcrumb","itemListElement":[{"@type":"ListItem","position":1,"name":"Accueil","item":"https:\/\/perle-in.com\/"},{"@type":"ListItem","position":2,"name":"Boutique","item":"https:\/\/perle-in.com\/boutique\/"},{"@type":"ListItem","position":3,"name":"Sac shopping zipp\u00e9 coton 320 g\/m\u00b2 Ningbo 15L"}]},{"@type":"WebSite","@id":"https:\/\/perle-in.com\/#website","url":"https:\/\/perle-in.com\/","name":"PERLE IN","description":"","publisher":{"@id":"https:\/\/perle-in.com\/#organization"},"potentialAction":[{"@type":"SearchAction","target":{"@type":"EntryPoint","urlTemplate":"https:\/\/perle-in.com\/?s={search_term_string}"},"query-input":{"@type":"PropertyValueSpecification","valueRequired":true,"valueName":"search_term_string"}}],"inLanguage":"en-CA"},{"@type":"Organization","@id":"https:\/\/perle-in.com\/#organization","name":"PERLE IN","url":"https:\/\/perle-in.com\/","logo":{"@type":"ImageObject","inLanguage":"en-CA","@id":"https:\/\/perle-in.com\/#\/schema\/logo\/image\/","url":"https:\/\/perle-in.com\/wp-content\/uploads\/2022\/12\/LOGO-PERLE-IN-COULEUR@3x.webp","contentUrl":"https:\/\/perle-in.com\/wp-content\/uploads\/2022\/12\/LOGO-PERLE-IN-COULEUR@3x.webp","width":1600,"height":490,"caption":"PERLE IN"},"image":{"@id":"https:\/\/perle-in.com\/#\/schema\/logo\/image\/"}}]}},"jetpack_sharing_enabled":true,"_links":{"self":[{"href":"https:\/\/perle-in.com\/en\/wp-json\/wp\/v2\/product\/505123","targetHints":{"allow":["GET"]}}],"collection":[{"href":"https:\/\/perle-in.com\/en\/wp-json\/wp\/v2\/product"}],"about":[{"href":"https:\/\/perle-in.com\/en\/wp-json\/wp\/v2\/types\/product"}],"version-history":[{"count":0,"href":"https:\/\/perle-in.com\/en\/wp-json\/wp\/v2\/product\/505123\/revisions"}],"wp:featuredmedia":[{"embeddable":true,"href":"https:\/\/perle-in.com\/en\/wp-json\/wp\/v2\/media\/505114"}],"wp:attachment":[{"href":"https:\/\/perle-in.com\/en\/wp-json\/wp\/v2\/media?parent=505123"}],"wp:term":[{"taxonomy":"product_brand","embeddable":true,"href":"https:\/\/perle-in.com\/en\/wp-json\/wp\/v2\/product_brand?post=505123"},{"taxonomy":"product_cat","embeddable":true,"href":"https:\/\/perle-in.com\/en\/wp-json\/wp\/v2\/product_cat?post=505123"},{"taxonomy":"product_tag","embeddable":true,"href":"https:\/\/perle-in.com\/en\/wp-json\/wp\/v2\/product_tag?post=505123"}],"curies":[{"name":"wp","href":"https:\/\/api.w.org\/{rel}","templated":true}]}}