{"id":505040,"date":"2025-10-13T21:10:04","date_gmt":"2025-10-13T19:10:04","guid":{"rendered":"https:\/\/perle-in.com\/produit\/sacoche-pour-ordinateur-156-oxford-5l\/"},"modified":"2025-10-13T21:10:04","modified_gmt":"2025-10-13T19:10:04","slug":"sacoche-pour-ordinateur-156-oxford-5l","status":"publish","type":"product","link":"https:\/\/perle-in.com\/en\/product\/sacoche-pour-ordinateur-156-oxford-5l\/","title":{"rendered":"Sacoche pour ordinateur 15&#8221;6 Oxford 5L"},"content":{"rendered":"","protected":false},"excerpt":{"rendered":"<p>Faites un bon investissement avec notre collection de bagagerie Oxford. Cette sacoche poss\u00e8de un compartiment principal zipp\u00e9 d\u00e9di\u00e9 \u00e0 l&#8217;ordinateur 15&#8243;6. Il peut tout aussi bien contenir des dossiers des classeurs, des cahiers&#8230;. Il existe \u00e9galement une poche d\u00e9di\u00e9e \u00e0 une tablette avec une attache velcro. Bandouli\u00e8re d\u00e9tachable et ajustable, poign\u00e9es de transport et bande passante pour trolley. Attaches et mousquetons couleur bronze.<\/p>","protected":false},"featured_media":505031,"template":"","meta":{"_eb_attr":""},"product_brand":[],"product_cat":[159,1112],"product_tag":[1827,1828,1009,786,1832,1829,282,1347,1795,287,289,1830,1833,283,1348,1793,288,290,1831,1834,1189,1440,291],"class_list":{"0":"post-505040","1":"product","2":"type-product","3":"status-publish","4":"has-post-thumbnail","6":"product_cat-sacs","7":"product_cat-sacs-pour-tablette-et-ordinateur-portable","8":"product_tag-besace","9":"product_tag-besaces","10":"product_tag-conference","11":"product_tag-ordinateur","12":"product_tag-ordinateurs","13":"product_tag-porte-document","14":"product_tag-sac","15":"product_tag-sac-a-dos","16":"product_tag-sac-de-conference","17":"product_tag-sac-de-transport","18":"product_tag-sac-de-voyage","19":"product_tag-sac-pour-ordinateur-portable","20":"product_tag-sac-pour-tablette","21":"product_tag-sacs","22":"product_tag-sacs-a-dos","23":"product_tag-sacs-de-conference","24":"product_tag-sacs-de-transport","25":"product_tag-sacs-de-voyage","26":"product_tag-sacs-pour-ordinateurs-portables","27":"product_tag-sacs-pour-tablette","28":"product_tag-tablette","29":"product_tag-tablettes","30":"product_tag-voyage","31":"pa_couleurs-noir","32":"pa_matiere-vinyl","34":"first","35":"outofstock","36":"shipping-taxable","37":"product-type-variable"},"yoast_head":"<!-- This site is optimized with the Yoast SEO plugin v27.4 - https:\/\/yoast.com\/product\/yoast-seo-wordpress\/ -->\n<title>Sacoche pour ordinateur 15&#039;&#039;6 Oxford 5L - PERLE IN<\/title>\n<meta name=\"robots\" content=\"noindex, follow, max-snippet:-1, max-image-preview:large, max-video-preview:-1\" \/>\n<meta property=\"og:locale\" content=\"en_US\" \/>\n<meta property=\"og:type\" content=\"article\" \/>\n<meta property=\"og:title\" content=\"Sacoche pour ordinateur 15&#039;&#039;6 Oxford 5L - PERLE IN\" \/>\n<meta property=\"og:description\" content=\"Faites un bon investissement avec notre collection de bagagerie Oxford. Cette sacoche poss\u00e8de un compartiment principal zipp\u00e9 d\u00e9di\u00e9 \u00e0 l&#039;ordinateur 15&quot;6. Il peut tout aussi bien contenir des dossiers des classeurs, des cahiers.... Il existe \u00e9galement une poche d\u00e9di\u00e9e \u00e0 une tablette avec une attache velcro. Bandouli\u00e8re d\u00e9tachable et ajustable, poign\u00e9es de transport et bande passante pour trolley. Attaches et mousquetons couleur bronze.\" \/>\n<meta property=\"og:url\" content=\"https:\/\/perle-in.com\/en\/product\/sacoche-pour-ordinateur-156-oxford-5l\/\" \/>\n<meta property=\"og:site_name\" content=\"PERLE IN\" \/>\n<meta property=\"og:image\" content=\"https:\/\/perle-in.com\/wp-content\/uploads\/2025\/10\/12020100-1.jpg\" \/>\n\t<meta property=\"og:image:width\" content=\"1600\" \/>\n\t<meta property=\"og:image:height\" content=\"1600\" \/>\n\t<meta property=\"og:image:type\" content=\"image\/jpeg\" \/>\n<meta name=\"twitter:card\" content=\"summary_large_image\" \/>\n<script type=\"application\/ld+json\" class=\"yoast-schema-graph\">{\"@context\":\"https:\\\/\\\/schema.org\",\"@graph\":[{\"@type\":\"WebPage\",\"@id\":\"https:\\\/\\\/perle-in.com\\\/en\\\/product\\\/sacoche-pour-ordinateur-156-oxford-5l\\\/\",\"url\":\"https:\\\/\\\/perle-in.com\\\/en\\\/product\\\/sacoche-pour-ordinateur-156-oxford-5l\\\/\",\"name\":\"Sacoche pour ordinateur 15''6 Oxford 5L - PERLE IN\",\"isPartOf\":{\"@id\":\"https:\\\/\\\/perle-in.com\\\/#website\"},\"primaryImageOfPage\":{\"@id\":\"https:\\\/\\\/perle-in.com\\\/en\\\/product\\\/sacoche-pour-ordinateur-156-oxford-5l\\\/#primaryimage\"},\"image\":{\"@id\":\"https:\\\/\\\/perle-in.com\\\/en\\\/product\\\/sacoche-pour-ordinateur-156-oxford-5l\\\/#primaryimage\"},\"thumbnailUrl\":\"https:\\\/\\\/perle-in.com\\\/wp-content\\\/uploads\\\/2025\\\/10\\\/12020100-1.jpg\",\"datePublished\":\"2025-10-13T19:10:04+00:00\",\"breadcrumb\":{\"@id\":\"https:\\\/\\\/perle-in.com\\\/en\\\/product\\\/sacoche-pour-ordinateur-156-oxford-5l\\\/#breadcrumb\"},\"inLanguage\":\"en-CA\",\"potentialAction\":[{\"@type\":\"ReadAction\",\"target\":[\"https:\\\/\\\/perle-in.com\\\/en\\\/product\\\/sacoche-pour-ordinateur-156-oxford-5l\\\/\"]}]},{\"@type\":\"ImageObject\",\"inLanguage\":\"en-CA\",\"@id\":\"https:\\\/\\\/perle-in.com\\\/en\\\/product\\\/sacoche-pour-ordinateur-156-oxford-5l\\\/#primaryimage\",\"url\":\"https:\\\/\\\/perle-in.com\\\/wp-content\\\/uploads\\\/2025\\\/10\\\/12020100-1.jpg\",\"contentUrl\":\"https:\\\/\\\/perle-in.com\\\/wp-content\\\/uploads\\\/2025\\\/10\\\/12020100-1.jpg\",\"width\":1600,\"height\":1600},{\"@type\":\"BreadcrumbList\",\"@id\":\"https:\\\/\\\/perle-in.com\\\/en\\\/product\\\/sacoche-pour-ordinateur-156-oxford-5l\\\/#breadcrumb\",\"itemListElement\":[{\"@type\":\"ListItem\",\"position\":1,\"name\":\"Accueil\",\"item\":\"https:\\\/\\\/perle-in.com\\\/\"},{\"@type\":\"ListItem\",\"position\":2,\"name\":\"Boutique\",\"item\":\"https:\\\/\\\/perle-in.com\\\/boutique\\\/\"},{\"@type\":\"ListItem\",\"position\":3,\"name\":\"Sacoche pour ordinateur 15&#8221;6 Oxford 5L\"}]},{\"@type\":\"WebSite\",\"@id\":\"https:\\\/\\\/perle-in.com\\\/#website\",\"url\":\"https:\\\/\\\/perle-in.com\\\/\",\"name\":\"PERLE IN\",\"description\":\"\",\"publisher\":{\"@id\":\"https:\\\/\\\/perle-in.com\\\/#organization\"},\"potentialAction\":[{\"@type\":\"SearchAction\",\"target\":{\"@type\":\"EntryPoint\",\"urlTemplate\":\"https:\\\/\\\/perle-in.com\\\/?s={search_term_string}\"},\"query-input\":{\"@type\":\"PropertyValueSpecification\",\"valueRequired\":true,\"valueName\":\"search_term_string\"}}],\"inLanguage\":\"en-CA\"},{\"@type\":\"Organization\",\"@id\":\"https:\\\/\\\/perle-in.com\\\/#organization\",\"name\":\"PERLE IN\",\"url\":\"https:\\\/\\\/perle-in.com\\\/\",\"logo\":{\"@type\":\"ImageObject\",\"inLanguage\":\"en-CA\",\"@id\":\"https:\\\/\\\/perle-in.com\\\/#\\\/schema\\\/logo\\\/image\\\/\",\"url\":\"https:\\\/\\\/perle-in.com\\\/wp-content\\\/uploads\\\/2022\\\/12\\\/LOGO-PERLE-IN-COULEUR@3x.webp\",\"contentUrl\":\"https:\\\/\\\/perle-in.com\\\/wp-content\\\/uploads\\\/2022\\\/12\\\/LOGO-PERLE-IN-COULEUR@3x.webp\",\"width\":1600,\"height\":490,\"caption\":\"PERLE IN\"},\"image\":{\"@id\":\"https:\\\/\\\/perle-in.com\\\/#\\\/schema\\\/logo\\\/image\\\/\"}}]}<\/script>\n<!-- \/ Yoast SEO plugin. -->","yoast_head_json":{"title":"Sacoche pour ordinateur 15''6 Oxford 5L - PERLE IN","robots":{"index":"noindex","follow":"follow","max-snippet":"max-snippet:-1","max-image-preview":"max-image-preview:large","max-video-preview":"max-video-preview:-1"},"og_locale":"en_US","og_type":"article","og_title":"Sacoche pour ordinateur 15''6 Oxford 5L - PERLE IN","og_description":"Faites un bon investissement avec notre collection de bagagerie Oxford. Cette sacoche poss\u00e8de un compartiment principal zipp\u00e9 d\u00e9di\u00e9 \u00e0 l'ordinateur 15\"6. Il peut tout aussi bien contenir des dossiers des classeurs, des cahiers.... Il existe \u00e9galement une poche d\u00e9di\u00e9e \u00e0 une tablette avec une attache velcro. Bandouli\u00e8re d\u00e9tachable et ajustable, poign\u00e9es de transport et bande passante pour trolley. Attaches et mousquetons couleur bronze.","og_url":"https:\/\/perle-in.com\/en\/product\/sacoche-pour-ordinateur-156-oxford-5l\/","og_site_name":"PERLE IN","og_image":[{"width":1600,"height":1600,"url":"https:\/\/perle-in.com\/wp-content\/uploads\/2025\/10\/12020100-1.jpg","type":"image\/jpeg"}],"twitter_card":"summary_large_image","schema":{"@context":"https:\/\/schema.org","@graph":[{"@type":"WebPage","@id":"https:\/\/perle-in.com\/en\/product\/sacoche-pour-ordinateur-156-oxford-5l\/","url":"https:\/\/perle-in.com\/en\/product\/sacoche-pour-ordinateur-156-oxford-5l\/","name":"Sacoche pour ordinateur 15''6 Oxford 5L - PERLE IN","isPartOf":{"@id":"https:\/\/perle-in.com\/#website"},"primaryImageOfPage":{"@id":"https:\/\/perle-in.com\/en\/product\/sacoche-pour-ordinateur-156-oxford-5l\/#primaryimage"},"image":{"@id":"https:\/\/perle-in.com\/en\/product\/sacoche-pour-ordinateur-156-oxford-5l\/#primaryimage"},"thumbnailUrl":"https:\/\/perle-in.com\/wp-content\/uploads\/2025\/10\/12020100-1.jpg","datePublished":"2025-10-13T19:10:04+00:00","breadcrumb":{"@id":"https:\/\/perle-in.com\/en\/product\/sacoche-pour-ordinateur-156-oxford-5l\/#breadcrumb"},"inLanguage":"en-CA","potentialAction":[{"@type":"ReadAction","target":["https:\/\/perle-in.com\/en\/product\/sacoche-pour-ordinateur-156-oxford-5l\/"]}]},{"@type":"ImageObject","inLanguage":"en-CA","@id":"https:\/\/perle-in.com\/en\/product\/sacoche-pour-ordinateur-156-oxford-5l\/#primaryimage","url":"https:\/\/perle-in.com\/wp-content\/uploads\/2025\/10\/12020100-1.jpg","contentUrl":"https:\/\/perle-in.com\/wp-content\/uploads\/2025\/10\/12020100-1.jpg","width":1600,"height":1600},{"@type":"BreadcrumbList","@id":"https:\/\/perle-in.com\/en\/product\/sacoche-pour-ordinateur-156-oxford-5l\/#breadcrumb","itemListElement":[{"@type":"ListItem","position":1,"name":"Accueil","item":"https:\/\/perle-in.com\/"},{"@type":"ListItem","position":2,"name":"Boutique","item":"https:\/\/perle-in.com\/boutique\/"},{"@type":"ListItem","position":3,"name":"Sacoche pour ordinateur 15&#8221;6 Oxford 5L"}]},{"@type":"WebSite","@id":"https:\/\/perle-in.com\/#website","url":"https:\/\/perle-in.com\/","name":"PERLE IN","description":"","publisher":{"@id":"https:\/\/perle-in.com\/#organization"},"potentialAction":[{"@type":"SearchAction","target":{"@type":"EntryPoint","urlTemplate":"https:\/\/perle-in.com\/?s={search_term_string}"},"query-input":{"@type":"PropertyValueSpecification","valueRequired":true,"valueName":"search_term_string"}}],"inLanguage":"en-CA"},{"@type":"Organization","@id":"https:\/\/perle-in.com\/#organization","name":"PERLE IN","url":"https:\/\/perle-in.com\/","logo":{"@type":"ImageObject","inLanguage":"en-CA","@id":"https:\/\/perle-in.com\/#\/schema\/logo\/image\/","url":"https:\/\/perle-in.com\/wp-content\/uploads\/2022\/12\/LOGO-PERLE-IN-COULEUR@3x.webp","contentUrl":"https:\/\/perle-in.com\/wp-content\/uploads\/2022\/12\/LOGO-PERLE-IN-COULEUR@3x.webp","width":1600,"height":490,"caption":"PERLE IN"},"image":{"@id":"https:\/\/perle-in.com\/#\/schema\/logo\/image\/"}}]}},"jetpack_sharing_enabled":true,"_links":{"self":[{"href":"https:\/\/perle-in.com\/en\/wp-json\/wp\/v2\/product\/505040","targetHints":{"allow":["GET"]}}],"collection":[{"href":"https:\/\/perle-in.com\/en\/wp-json\/wp\/v2\/product"}],"about":[{"href":"https:\/\/perle-in.com\/en\/wp-json\/wp\/v2\/types\/product"}],"version-history":[{"count":0,"href":"https:\/\/perle-in.com\/en\/wp-json\/wp\/v2\/product\/505040\/revisions"}],"wp:featuredmedia":[{"embeddable":true,"href":"https:\/\/perle-in.com\/en\/wp-json\/wp\/v2\/media\/505031"}],"wp:attachment":[{"href":"https:\/\/perle-in.com\/en\/wp-json\/wp\/v2\/media?parent=505040"}],"wp:term":[{"taxonomy":"product_brand","embeddable":true,"href":"https:\/\/perle-in.com\/en\/wp-json\/wp\/v2\/product_brand?post=505040"},{"taxonomy":"product_cat","embeddable":true,"href":"https:\/\/perle-in.com\/en\/wp-json\/wp\/v2\/product_cat?post=505040"},{"taxonomy":"product_tag","embeddable":true,"href":"https:\/\/perle-in.com\/en\/wp-json\/wp\/v2\/product_tag?post=505040"}],"curies":[{"name":"wp","href":"https:\/\/api.w.org\/{rel}","templated":true}]}}