{"id":504886,"date":"2025-10-13T21:00:00","date_gmt":"2025-10-13T19:00:00","guid":{"rendered":"https:\/\/perle-in.com\/produit\/sac-coton-nevada-100-gr-m%c2%b2-avec-poignees-de-couleur-7l\/"},"modified":"2025-10-13T21:00:12","modified_gmt":"2025-10-13T19:00:12","slug":"sac-coton-nevada-100-gr-m%c2%b2-avec-poignees-de-couleur-7l","status":"publish","type":"product","link":"https:\/\/perle-in.com\/en\/product\/sac-coton-nevada-100-gr-m%c2%b2-avec-poignees-de-couleur-7l\/","title":{"rendered":"Sac coton Nevada 100 gr\/m\u00b2 avec poign\u00e9es de couleur 7L"},"content":{"rendered":"","protected":false},"excerpt":{"rendered":"<p>Avec ses poign\u00e9es aux couleurs vives, ce sac ajoutera une touche de couleur \u00e0 chaque \u00e9v\u00e9nement, congr\u00e8s ou festival. Le sac fourre-tout Nevada en coton 100 g\/m\u00b2 est un sac l\u00e9ger et \u00e9conomique avec un compartiment principal ouvert. Avec sa capacit\u00e9 de 7 litres, ce sac fourre-tout est parfait pour transporter les essentiels du quotidien, du t\u00e9l\u00e9phone et du portefeuille au livre ou \u00e0 la tablette pr\u00e9f\u00e9r\u00e9s. Les poign\u00e9es de 30 cm de long en font un sac facile \u00e0 transporter. Fabriqu\u00e9 en Inde et certifi\u00e9 OEKO-Tex. R\u00e9sistance jusqu&#8217;\u00e0 un poids de 5 kg.<\/p>","protected":false},"featured_media":504873,"template":"","meta":{"_eb_attr":""},"product_brand":[],"product_cat":[159,1216],"product_tag":[1009,1792,1786,1796,1797,1787,1794,282,1795,1789,287,289,1788,1790,1798,1799,283,1793,288,290,1791,1800,1801,1779,291],"class_list":{"0":"post-504886","1":"product","2":"type-product","3":"status-publish","4":"has-post-thumbnail","6":"product_cat-sacs","7":"product_cat-sacs-en-coton","8":"product_tag-conference","9":"product_tag-conferences","10":"product_tag-coton","11":"product_tag-document","12":"product_tag-documents","13":"product_tag-fourre-tout-en-coton","14":"product_tag-porte-documents","15":"product_tag-sac","16":"product_tag-sac-de-conference","17":"product_tag-sac-de-courses-en-coton","18":"product_tag-sac-de-transport","19":"product_tag-sac-de-voyage","20":"product_tag-sac-en-coton","21":"product_tag-sac-shopping","22":"product_tag-sacoche","23":"product_tag-sacoches","24":"product_tag-sacs","25":"product_tag-sacs-de-conference","26":"product_tag-sacs-de-transport","27":"product_tag-sacs-de-voyage","28":"product_tag-sacs-shopping","29":"product_tag-serviette","30":"product_tag-serviettes","31":"product_tag-totebag","32":"product_tag-voyage","33":"pa_couleurs-naturel-bleu-royal","34":"pa_couleurs-naturel-citron-vert","35":"pa_couleurs-naturel-jaune","36":"pa_couleurs-naturel-marine","37":"pa_couleurs-naturel-noir","38":"pa_couleurs-naturel-orange","39":"pa_couleurs-naturel-rouge","40":"pa_couleurs-naturel-vert-vif","41":"pa_matiere-coton-100-g-m2","42":"pa_pays-d-origine-inde","44":"first","45":"instock","46":"shipping-taxable","47":"purchasable","48":"product-type-variable"},"yoast_head":"<!-- This site is optimized with the Yoast SEO plugin v27.4 - https:\/\/yoast.com\/product\/yoast-seo-wordpress\/ -->\n<title>Sac coton Nevada 100 gr\/m\u00b2 avec poign\u00e9es de couleur 7L - PERLE IN<\/title>\n<meta name=\"robots\" content=\"noindex, follow, max-snippet:-1, max-image-preview:large, max-video-preview:-1\" \/>\n<meta property=\"og:locale\" content=\"en_US\" \/>\n<meta property=\"og:type\" content=\"article\" \/>\n<meta property=\"og:title\" content=\"Sac coton Nevada 100 gr\/m\u00b2 avec poign\u00e9es de couleur 7L - PERLE IN\" \/>\n<meta property=\"og:description\" content=\"Avec ses poign\u00e9es aux couleurs vives, ce sac ajoutera une touche de couleur \u00e0 chaque \u00e9v\u00e9nement, congr\u00e8s ou festival. Le sac fourre-tout Nevada en coton 100 g\/m\u00b2 est un sac l\u00e9ger et \u00e9conomique avec un compartiment principal ouvert. Avec sa capacit\u00e9 de 7 litres, ce sac fourre-tout est parfait pour transporter les essentiels du quotidien, du t\u00e9l\u00e9phone et du portefeuille au livre ou \u00e0 la tablette pr\u00e9f\u00e9r\u00e9s. Les poign\u00e9es de 30 cm de long en font un sac facile \u00e0 transporter. Fabriqu\u00e9 en Inde et certifi\u00e9 OEKO-Tex. R\u00e9sistance jusqu&#039;\u00e0 un poids de 5 kg.\" \/>\n<meta property=\"og:url\" content=\"https:\/\/perle-in.com\/en\/product\/sac-coton-nevada-100-gr-m\u00b2-avec-poignees-de-couleur-7l\/\" \/>\n<meta property=\"og:site_name\" content=\"PERLE IN\" \/>\n<meta property=\"article:modified_time\" content=\"2025-10-13T19:00:12+00:00\" \/>\n<meta property=\"og:image\" content=\"https:\/\/perle-in.com\/wp-content\/uploads\/2025\/10\/12013100-1.jpg\" \/>\n\t<meta property=\"og:image:width\" content=\"1600\" \/>\n\t<meta property=\"og:image:height\" content=\"1600\" \/>\n\t<meta property=\"og:image:type\" content=\"image\/jpeg\" \/>\n<meta name=\"twitter:card\" content=\"summary_large_image\" \/>\n<script type=\"application\/ld+json\" class=\"yoast-schema-graph\">{\"@context\":\"https:\\\/\\\/schema.org\",\"@graph\":[{\"@type\":\"WebPage\",\"@id\":\"https:\\\/\\\/perle-in.com\\\/produit\\\/sac-coton-nevada-100-gr-m%c2%b2-avec-poignees-de-couleur-7l\\\/\",\"url\":\"https:\\\/\\\/perle-in.com\\\/produit\\\/sac-coton-nevada-100-gr-m%c2%b2-avec-poignees-de-couleur-7l\\\/\",\"name\":\"Sac coton Nevada 100 gr\\\/m\u00b2 avec poign\u00e9es de couleur 7L - PERLE IN\",\"isPartOf\":{\"@id\":\"https:\\\/\\\/perle-in.com\\\/#website\"},\"primaryImageOfPage\":{\"@id\":\"https:\\\/\\\/perle-in.com\\\/produit\\\/sac-coton-nevada-100-gr-m%c2%b2-avec-poignees-de-couleur-7l\\\/#primaryimage\"},\"image\":{\"@id\":\"https:\\\/\\\/perle-in.com\\\/produit\\\/sac-coton-nevada-100-gr-m%c2%b2-avec-poignees-de-couleur-7l\\\/#primaryimage\"},\"thumbnailUrl\":\"https:\\\/\\\/perle-in.com\\\/wp-content\\\/uploads\\\/2025\\\/10\\\/12013100-1.jpg\",\"datePublished\":\"2025-10-13T19:00:00+00:00\",\"dateModified\":\"2025-10-13T19:00:12+00:00\",\"breadcrumb\":{\"@id\":\"https:\\\/\\\/perle-in.com\\\/produit\\\/sac-coton-nevada-100-gr-m%c2%b2-avec-poignees-de-couleur-7l\\\/#breadcrumb\"},\"inLanguage\":\"en-CA\",\"potentialAction\":[{\"@type\":\"ReadAction\",\"target\":[\"https:\\\/\\\/perle-in.com\\\/produit\\\/sac-coton-nevada-100-gr-m%c2%b2-avec-poignees-de-couleur-7l\\\/\"]}]},{\"@type\":\"ImageObject\",\"inLanguage\":\"en-CA\",\"@id\":\"https:\\\/\\\/perle-in.com\\\/produit\\\/sac-coton-nevada-100-gr-m%c2%b2-avec-poignees-de-couleur-7l\\\/#primaryimage\",\"url\":\"https:\\\/\\\/perle-in.com\\\/wp-content\\\/uploads\\\/2025\\\/10\\\/12013100-1.jpg\",\"contentUrl\":\"https:\\\/\\\/perle-in.com\\\/wp-content\\\/uploads\\\/2025\\\/10\\\/12013100-1.jpg\",\"width\":1600,\"height\":1600},{\"@type\":\"BreadcrumbList\",\"@id\":\"https:\\\/\\\/perle-in.com\\\/produit\\\/sac-coton-nevada-100-gr-m%c2%b2-avec-poignees-de-couleur-7l\\\/#breadcrumb\",\"itemListElement\":[{\"@type\":\"ListItem\",\"position\":1,\"name\":\"Accueil\",\"item\":\"https:\\\/\\\/perle-in.com\\\/\"},{\"@type\":\"ListItem\",\"position\":2,\"name\":\"Boutique\",\"item\":\"https:\\\/\\\/perle-in.com\\\/boutique\\\/\"},{\"@type\":\"ListItem\",\"position\":3,\"name\":\"Sac coton Nevada 100 gr\\\/m\u00b2 avec poign\u00e9es de couleur 7L\"}]},{\"@type\":\"WebSite\",\"@id\":\"https:\\\/\\\/perle-in.com\\\/#website\",\"url\":\"https:\\\/\\\/perle-in.com\\\/\",\"name\":\"PERLE IN\",\"description\":\"\",\"publisher\":{\"@id\":\"https:\\\/\\\/perle-in.com\\\/#organization\"},\"potentialAction\":[{\"@type\":\"SearchAction\",\"target\":{\"@type\":\"EntryPoint\",\"urlTemplate\":\"https:\\\/\\\/perle-in.com\\\/?s={search_term_string}\"},\"query-input\":{\"@type\":\"PropertyValueSpecification\",\"valueRequired\":true,\"valueName\":\"search_term_string\"}}],\"inLanguage\":\"en-CA\"},{\"@type\":\"Organization\",\"@id\":\"https:\\\/\\\/perle-in.com\\\/#organization\",\"name\":\"PERLE IN\",\"url\":\"https:\\\/\\\/perle-in.com\\\/\",\"logo\":{\"@type\":\"ImageObject\",\"inLanguage\":\"en-CA\",\"@id\":\"https:\\\/\\\/perle-in.com\\\/#\\\/schema\\\/logo\\\/image\\\/\",\"url\":\"https:\\\/\\\/perle-in.com\\\/wp-content\\\/uploads\\\/2022\\\/12\\\/LOGO-PERLE-IN-COULEUR@3x.webp\",\"contentUrl\":\"https:\\\/\\\/perle-in.com\\\/wp-content\\\/uploads\\\/2022\\\/12\\\/LOGO-PERLE-IN-COULEUR@3x.webp\",\"width\":1600,\"height\":490,\"caption\":\"PERLE IN\"},\"image\":{\"@id\":\"https:\\\/\\\/perle-in.com\\\/#\\\/schema\\\/logo\\\/image\\\/\"}}]}<\/script>\n<!-- \/ Yoast SEO plugin. -->","yoast_head_json":{"title":"Sac coton Nevada 100 gr\/m\u00b2 avec poign\u00e9es de couleur 7L - PERLE IN","robots":{"index":"noindex","follow":"follow","max-snippet":"max-snippet:-1","max-image-preview":"max-image-preview:large","max-video-preview":"max-video-preview:-1"},"og_locale":"en_US","og_type":"article","og_title":"Sac coton Nevada 100 gr\/m\u00b2 avec poign\u00e9es de couleur 7L - PERLE IN","og_description":"Avec ses poign\u00e9es aux couleurs vives, ce sac ajoutera une touche de couleur \u00e0 chaque \u00e9v\u00e9nement, congr\u00e8s ou festival. Le sac fourre-tout Nevada en coton 100 g\/m\u00b2 est un sac l\u00e9ger et \u00e9conomique avec un compartiment principal ouvert. Avec sa capacit\u00e9 de 7 litres, ce sac fourre-tout est parfait pour transporter les essentiels du quotidien, du t\u00e9l\u00e9phone et du portefeuille au livre ou \u00e0 la tablette pr\u00e9f\u00e9r\u00e9s. Les poign\u00e9es de 30 cm de long en font un sac facile \u00e0 transporter. Fabriqu\u00e9 en Inde et certifi\u00e9 OEKO-Tex. R\u00e9sistance jusqu'\u00e0 un poids de 5 kg.","og_url":"https:\/\/perle-in.com\/en\/product\/sac-coton-nevada-100-gr-m\u00b2-avec-poignees-de-couleur-7l\/","og_site_name":"PERLE IN","article_modified_time":"2025-10-13T19:00:12+00:00","og_image":[{"width":1600,"height":1600,"url":"https:\/\/perle-in.com\/wp-content\/uploads\/2025\/10\/12013100-1.jpg","type":"image\/jpeg"}],"twitter_card":"summary_large_image","schema":{"@context":"https:\/\/schema.org","@graph":[{"@type":"WebPage","@id":"https:\/\/perle-in.com\/produit\/sac-coton-nevada-100-gr-m%c2%b2-avec-poignees-de-couleur-7l\/","url":"https:\/\/perle-in.com\/produit\/sac-coton-nevada-100-gr-m%c2%b2-avec-poignees-de-couleur-7l\/","name":"Sac coton Nevada 100 gr\/m\u00b2 avec poign\u00e9es de couleur 7L - PERLE IN","isPartOf":{"@id":"https:\/\/perle-in.com\/#website"},"primaryImageOfPage":{"@id":"https:\/\/perle-in.com\/produit\/sac-coton-nevada-100-gr-m%c2%b2-avec-poignees-de-couleur-7l\/#primaryimage"},"image":{"@id":"https:\/\/perle-in.com\/produit\/sac-coton-nevada-100-gr-m%c2%b2-avec-poignees-de-couleur-7l\/#primaryimage"},"thumbnailUrl":"https:\/\/perle-in.com\/wp-content\/uploads\/2025\/10\/12013100-1.jpg","datePublished":"2025-10-13T19:00:00+00:00","dateModified":"2025-10-13T19:00:12+00:00","breadcrumb":{"@id":"https:\/\/perle-in.com\/produit\/sac-coton-nevada-100-gr-m%c2%b2-avec-poignees-de-couleur-7l\/#breadcrumb"},"inLanguage":"en-CA","potentialAction":[{"@type":"ReadAction","target":["https:\/\/perle-in.com\/produit\/sac-coton-nevada-100-gr-m%c2%b2-avec-poignees-de-couleur-7l\/"]}]},{"@type":"ImageObject","inLanguage":"en-CA","@id":"https:\/\/perle-in.com\/produit\/sac-coton-nevada-100-gr-m%c2%b2-avec-poignees-de-couleur-7l\/#primaryimage","url":"https:\/\/perle-in.com\/wp-content\/uploads\/2025\/10\/12013100-1.jpg","contentUrl":"https:\/\/perle-in.com\/wp-content\/uploads\/2025\/10\/12013100-1.jpg","width":1600,"height":1600},{"@type":"BreadcrumbList","@id":"https:\/\/perle-in.com\/produit\/sac-coton-nevada-100-gr-m%c2%b2-avec-poignees-de-couleur-7l\/#breadcrumb","itemListElement":[{"@type":"ListItem","position":1,"name":"Accueil","item":"https:\/\/perle-in.com\/"},{"@type":"ListItem","position":2,"name":"Boutique","item":"https:\/\/perle-in.com\/boutique\/"},{"@type":"ListItem","position":3,"name":"Sac coton Nevada 100 gr\/m\u00b2 avec poign\u00e9es de couleur 7L"}]},{"@type":"WebSite","@id":"https:\/\/perle-in.com\/#website","url":"https:\/\/perle-in.com\/","name":"PERLE IN","description":"","publisher":{"@id":"https:\/\/perle-in.com\/#organization"},"potentialAction":[{"@type":"SearchAction","target":{"@type":"EntryPoint","urlTemplate":"https:\/\/perle-in.com\/?s={search_term_string}"},"query-input":{"@type":"PropertyValueSpecification","valueRequired":true,"valueName":"search_term_string"}}],"inLanguage":"en-CA"},{"@type":"Organization","@id":"https:\/\/perle-in.com\/#organization","name":"PERLE IN","url":"https:\/\/perle-in.com\/","logo":{"@type":"ImageObject","inLanguage":"en-CA","@id":"https:\/\/perle-in.com\/#\/schema\/logo\/image\/","url":"https:\/\/perle-in.com\/wp-content\/uploads\/2022\/12\/LOGO-PERLE-IN-COULEUR@3x.webp","contentUrl":"https:\/\/perle-in.com\/wp-content\/uploads\/2022\/12\/LOGO-PERLE-IN-COULEUR@3x.webp","width":1600,"height":490,"caption":"PERLE IN"},"image":{"@id":"https:\/\/perle-in.com\/#\/schema\/logo\/image\/"}}]}},"jetpack_sharing_enabled":true,"_links":{"self":[{"href":"https:\/\/perle-in.com\/en\/wp-json\/wp\/v2\/product\/504886","targetHints":{"allow":["GET"]}}],"collection":[{"href":"https:\/\/perle-in.com\/en\/wp-json\/wp\/v2\/product"}],"about":[{"href":"https:\/\/perle-in.com\/en\/wp-json\/wp\/v2\/types\/product"}],"version-history":[{"count":0,"href":"https:\/\/perle-in.com\/en\/wp-json\/wp\/v2\/product\/504886\/revisions"}],"wp:featuredmedia":[{"embeddable":true,"href":"https:\/\/perle-in.com\/en\/wp-json\/wp\/v2\/media\/504873"}],"wp:attachment":[{"href":"https:\/\/perle-in.com\/en\/wp-json\/wp\/v2\/media?parent=504886"}],"wp:term":[{"taxonomy":"product_brand","embeddable":true,"href":"https:\/\/perle-in.com\/en\/wp-json\/wp\/v2\/product_brand?post=504886"},{"taxonomy":"product_cat","embeddable":true,"href":"https:\/\/perle-in.com\/en\/wp-json\/wp\/v2\/product_cat?post=504886"},{"taxonomy":"product_tag","embeddable":true,"href":"https:\/\/perle-in.com\/en\/wp-json\/wp\/v2\/product_tag?post=504886"}],"curies":[{"name":"wp","href":"https:\/\/api.w.org\/{rel}","templated":true}]}}