{"id":504755,"date":"2025-10-13T20:52:33","date_gmt":"2025-10-13T18:52:33","guid":{"rendered":"https:\/\/perle-in.com\/produit\/sac-isotherme-non-tisse-lighthouse-21l\/"},"modified":"2025-10-13T20:52:43","modified_gmt":"2025-10-13T18:52:43","slug":"sac-isotherme-non-tisse-lighthouse-21l","status":"publish","type":"product","link":"https:\/\/perle-in.com\/en\/product\/sac-isotherme-non-tisse-lighthouse-21l\/","title":{"rendered":"Sac isotherme non-tiss\u00e9 Lighthouse 21L"},"content":{"rendered":"","protected":false},"excerpt":{"rendered":"<p>Le sac r\u00e9frig\u00e9rant Lighthouse au design \u00e9l\u00e9gant ressemble \u00e0 un sac ordinaire, mais les apparences peuvent \u00eatre trompeuses. Placez une canette froide dans le grand compartiment principal, fermez la fermeture zipp\u00e9e, et le produit restera r\u00e9frig\u00e9r\u00e9. Les poign\u00e9es de 28 cm de long rendent le sac facile \u00e0 porter sur l&#8217;\u00e9paule. Le sac isotherme dispose d&#8217;une poche frontale ouverte et d&#8217;une boucle pour stylo (accessoires non inclus). Le sac r\u00e9frig\u00e9rant est compos\u00e9 de plastique PP de 80 g\/m\u00b2, un mat\u00e9riau polyvalent et l\u00e9ger. <\/p>","protected":false},"featured_media":504744,"template":"","meta":{"_eb_attr":""},"product_brand":[],"product_cat":[159,160],"product_tag":[168,1320,169,1321,1322,165,166,131,155,167,161,162],"class_list":{"0":"post-504755","1":"product","2":"type-product","3":"status-publish","4":"has-post-thumbnail","6":"product_cat-sacs","7":"product_cat-sacs-isothermes","8":"product_tag-cool","9":"product_tag-ete","10":"product_tag-glaciere","11":"product_tag-glaciere-souple","12":"product_tag-glacieres-souples","13":"product_tag-isotherme","14":"product_tag-isothermes","15":"product_tag-pique-nique","16":"product_tag-pique-niques","17":"product_tag-plage","18":"product_tag-sac-isotherme","19":"product_tag-sacs-isothermes","20":"pa_couleurs-naturel-bleu-royal","21":"pa_couleurs-naturel-noir","22":"pa_couleurs-naturel-rouge","23":"pa_couleurs-naturel-vert","25":"first","26":"instock","27":"shipping-taxable","28":"purchasable","29":"product-type-variable"},"yoast_head":"<!-- This site is optimized with the Yoast SEO plugin v27.4 - https:\/\/yoast.com\/product\/yoast-seo-wordpress\/ -->\n<title>Sac isotherme non-tiss\u00e9 Lighthouse 21L - PERLE IN<\/title>\n<meta name=\"robots\" content=\"noindex, follow, max-snippet:-1, max-image-preview:large, max-video-preview:-1\" \/>\n<meta property=\"og:locale\" content=\"en_US\" \/>\n<meta property=\"og:type\" content=\"article\" \/>\n<meta property=\"og:title\" content=\"Sac isotherme non-tiss\u00e9 Lighthouse 21L - PERLE IN\" \/>\n<meta property=\"og:description\" content=\"Le sac r\u00e9frig\u00e9rant Lighthouse au design \u00e9l\u00e9gant ressemble \u00e0 un sac ordinaire, mais les apparences peuvent \u00eatre trompeuses. Placez une canette froide dans le grand compartiment principal, fermez la fermeture zipp\u00e9e, et le produit restera r\u00e9frig\u00e9r\u00e9. Les poign\u00e9es de 28 cm de long rendent le sac facile \u00e0 porter sur l&#039;\u00e9paule. Le sac isotherme dispose d&#039;une poche frontale ouverte et d&#039;une boucle pour stylo (accessoires non inclus). Le sac r\u00e9frig\u00e9rant est compos\u00e9 de plastique PP de 80 g\/m\u00b2, un mat\u00e9riau polyvalent et l\u00e9ger.\" \/>\n<meta property=\"og:url\" content=\"https:\/\/perle-in.com\/en\/product\/sac-isotherme-non-tisse-lighthouse-21l\/\" \/>\n<meta property=\"og:site_name\" content=\"PERLE IN\" \/>\n<meta property=\"article:modified_time\" content=\"2025-10-13T18:52:43+00:00\" \/>\n<meta property=\"og:image\" content=\"https:\/\/perle-in.com\/wp-content\/uploads\/2025\/10\/12008500-1.jpg\" \/>\n\t<meta property=\"og:image:width\" content=\"1600\" \/>\n\t<meta property=\"og:image:height\" content=\"1600\" \/>\n\t<meta property=\"og:image:type\" content=\"image\/jpeg\" \/>\n<meta name=\"twitter:card\" content=\"summary_large_image\" \/>\n<script type=\"application\/ld+json\" class=\"yoast-schema-graph\">{\"@context\":\"https:\\\/\\\/schema.org\",\"@graph\":[{\"@type\":\"WebPage\",\"@id\":\"https:\\\/\\\/perle-in.com\\\/produit\\\/sac-isotherme-non-tisse-lighthouse-21l\\\/\",\"url\":\"https:\\\/\\\/perle-in.com\\\/produit\\\/sac-isotherme-non-tisse-lighthouse-21l\\\/\",\"name\":\"Sac isotherme non-tiss\u00e9 Lighthouse 21L - PERLE IN\",\"isPartOf\":{\"@id\":\"https:\\\/\\\/perle-in.com\\\/#website\"},\"primaryImageOfPage\":{\"@id\":\"https:\\\/\\\/perle-in.com\\\/produit\\\/sac-isotherme-non-tisse-lighthouse-21l\\\/#primaryimage\"},\"image\":{\"@id\":\"https:\\\/\\\/perle-in.com\\\/produit\\\/sac-isotherme-non-tisse-lighthouse-21l\\\/#primaryimage\"},\"thumbnailUrl\":\"https:\\\/\\\/perle-in.com\\\/wp-content\\\/uploads\\\/2025\\\/10\\\/12008500-1.jpg\",\"datePublished\":\"2025-10-13T18:52:33+00:00\",\"dateModified\":\"2025-10-13T18:52:43+00:00\",\"breadcrumb\":{\"@id\":\"https:\\\/\\\/perle-in.com\\\/produit\\\/sac-isotherme-non-tisse-lighthouse-21l\\\/#breadcrumb\"},\"inLanguage\":\"en-CA\",\"potentialAction\":[{\"@type\":\"ReadAction\",\"target\":[\"https:\\\/\\\/perle-in.com\\\/produit\\\/sac-isotherme-non-tisse-lighthouse-21l\\\/\"]}]},{\"@type\":\"ImageObject\",\"inLanguage\":\"en-CA\",\"@id\":\"https:\\\/\\\/perle-in.com\\\/produit\\\/sac-isotherme-non-tisse-lighthouse-21l\\\/#primaryimage\",\"url\":\"https:\\\/\\\/perle-in.com\\\/wp-content\\\/uploads\\\/2025\\\/10\\\/12008500-1.jpg\",\"contentUrl\":\"https:\\\/\\\/perle-in.com\\\/wp-content\\\/uploads\\\/2025\\\/10\\\/12008500-1.jpg\",\"width\":1600,\"height\":1600},{\"@type\":\"BreadcrumbList\",\"@id\":\"https:\\\/\\\/perle-in.com\\\/produit\\\/sac-isotherme-non-tisse-lighthouse-21l\\\/#breadcrumb\",\"itemListElement\":[{\"@type\":\"ListItem\",\"position\":1,\"name\":\"Accueil\",\"item\":\"https:\\\/\\\/perle-in.com\\\/\"},{\"@type\":\"ListItem\",\"position\":2,\"name\":\"Boutique\",\"item\":\"https:\\\/\\\/perle-in.com\\\/boutique\\\/\"},{\"@type\":\"ListItem\",\"position\":3,\"name\":\"Sac isotherme non-tiss\u00e9 Lighthouse 21L\"}]},{\"@type\":\"WebSite\",\"@id\":\"https:\\\/\\\/perle-in.com\\\/#website\",\"url\":\"https:\\\/\\\/perle-in.com\\\/\",\"name\":\"PERLE IN\",\"description\":\"\",\"publisher\":{\"@id\":\"https:\\\/\\\/perle-in.com\\\/#organization\"},\"potentialAction\":[{\"@type\":\"SearchAction\",\"target\":{\"@type\":\"EntryPoint\",\"urlTemplate\":\"https:\\\/\\\/perle-in.com\\\/?s={search_term_string}\"},\"query-input\":{\"@type\":\"PropertyValueSpecification\",\"valueRequired\":true,\"valueName\":\"search_term_string\"}}],\"inLanguage\":\"en-CA\"},{\"@type\":\"Organization\",\"@id\":\"https:\\\/\\\/perle-in.com\\\/#organization\",\"name\":\"PERLE IN\",\"url\":\"https:\\\/\\\/perle-in.com\\\/\",\"logo\":{\"@type\":\"ImageObject\",\"inLanguage\":\"en-CA\",\"@id\":\"https:\\\/\\\/perle-in.com\\\/#\\\/schema\\\/logo\\\/image\\\/\",\"url\":\"https:\\\/\\\/perle-in.com\\\/wp-content\\\/uploads\\\/2022\\\/12\\\/LOGO-PERLE-IN-COULEUR@3x.webp\",\"contentUrl\":\"https:\\\/\\\/perle-in.com\\\/wp-content\\\/uploads\\\/2022\\\/12\\\/LOGO-PERLE-IN-COULEUR@3x.webp\",\"width\":1600,\"height\":490,\"caption\":\"PERLE IN\"},\"image\":{\"@id\":\"https:\\\/\\\/perle-in.com\\\/#\\\/schema\\\/logo\\\/image\\\/\"}}]}<\/script>\n<!-- \/ Yoast SEO plugin. -->","yoast_head_json":{"title":"Sac isotherme non-tiss\u00e9 Lighthouse 21L - PERLE IN","robots":{"index":"noindex","follow":"follow","max-snippet":"max-snippet:-1","max-image-preview":"max-image-preview:large","max-video-preview":"max-video-preview:-1"},"og_locale":"en_US","og_type":"article","og_title":"Sac isotherme non-tiss\u00e9 Lighthouse 21L - PERLE IN","og_description":"Le sac r\u00e9frig\u00e9rant Lighthouse au design \u00e9l\u00e9gant ressemble \u00e0 un sac ordinaire, mais les apparences peuvent \u00eatre trompeuses. Placez une canette froide dans le grand compartiment principal, fermez la fermeture zipp\u00e9e, et le produit restera r\u00e9frig\u00e9r\u00e9. Les poign\u00e9es de 28 cm de long rendent le sac facile \u00e0 porter sur l'\u00e9paule. Le sac isotherme dispose d'une poche frontale ouverte et d'une boucle pour stylo (accessoires non inclus). Le sac r\u00e9frig\u00e9rant est compos\u00e9 de plastique PP de 80 g\/m\u00b2, un mat\u00e9riau polyvalent et l\u00e9ger.","og_url":"https:\/\/perle-in.com\/en\/product\/sac-isotherme-non-tisse-lighthouse-21l\/","og_site_name":"PERLE IN","article_modified_time":"2025-10-13T18:52:43+00:00","og_image":[{"width":1600,"height":1600,"url":"https:\/\/perle-in.com\/wp-content\/uploads\/2025\/10\/12008500-1.jpg","type":"image\/jpeg"}],"twitter_card":"summary_large_image","schema":{"@context":"https:\/\/schema.org","@graph":[{"@type":"WebPage","@id":"https:\/\/perle-in.com\/produit\/sac-isotherme-non-tisse-lighthouse-21l\/","url":"https:\/\/perle-in.com\/produit\/sac-isotherme-non-tisse-lighthouse-21l\/","name":"Sac isotherme non-tiss\u00e9 Lighthouse 21L - PERLE IN","isPartOf":{"@id":"https:\/\/perle-in.com\/#website"},"primaryImageOfPage":{"@id":"https:\/\/perle-in.com\/produit\/sac-isotherme-non-tisse-lighthouse-21l\/#primaryimage"},"image":{"@id":"https:\/\/perle-in.com\/produit\/sac-isotherme-non-tisse-lighthouse-21l\/#primaryimage"},"thumbnailUrl":"https:\/\/perle-in.com\/wp-content\/uploads\/2025\/10\/12008500-1.jpg","datePublished":"2025-10-13T18:52:33+00:00","dateModified":"2025-10-13T18:52:43+00:00","breadcrumb":{"@id":"https:\/\/perle-in.com\/produit\/sac-isotherme-non-tisse-lighthouse-21l\/#breadcrumb"},"inLanguage":"en-CA","potentialAction":[{"@type":"ReadAction","target":["https:\/\/perle-in.com\/produit\/sac-isotherme-non-tisse-lighthouse-21l\/"]}]},{"@type":"ImageObject","inLanguage":"en-CA","@id":"https:\/\/perle-in.com\/produit\/sac-isotherme-non-tisse-lighthouse-21l\/#primaryimage","url":"https:\/\/perle-in.com\/wp-content\/uploads\/2025\/10\/12008500-1.jpg","contentUrl":"https:\/\/perle-in.com\/wp-content\/uploads\/2025\/10\/12008500-1.jpg","width":1600,"height":1600},{"@type":"BreadcrumbList","@id":"https:\/\/perle-in.com\/produit\/sac-isotherme-non-tisse-lighthouse-21l\/#breadcrumb","itemListElement":[{"@type":"ListItem","position":1,"name":"Accueil","item":"https:\/\/perle-in.com\/"},{"@type":"ListItem","position":2,"name":"Boutique","item":"https:\/\/perle-in.com\/boutique\/"},{"@type":"ListItem","position":3,"name":"Sac isotherme non-tiss\u00e9 Lighthouse 21L"}]},{"@type":"WebSite","@id":"https:\/\/perle-in.com\/#website","url":"https:\/\/perle-in.com\/","name":"PERLE IN","description":"","publisher":{"@id":"https:\/\/perle-in.com\/#organization"},"potentialAction":[{"@type":"SearchAction","target":{"@type":"EntryPoint","urlTemplate":"https:\/\/perle-in.com\/?s={search_term_string}"},"query-input":{"@type":"PropertyValueSpecification","valueRequired":true,"valueName":"search_term_string"}}],"inLanguage":"en-CA"},{"@type":"Organization","@id":"https:\/\/perle-in.com\/#organization","name":"PERLE IN","url":"https:\/\/perle-in.com\/","logo":{"@type":"ImageObject","inLanguage":"en-CA","@id":"https:\/\/perle-in.com\/#\/schema\/logo\/image\/","url":"https:\/\/perle-in.com\/wp-content\/uploads\/2022\/12\/LOGO-PERLE-IN-COULEUR@3x.webp","contentUrl":"https:\/\/perle-in.com\/wp-content\/uploads\/2022\/12\/LOGO-PERLE-IN-COULEUR@3x.webp","width":1600,"height":490,"caption":"PERLE IN"},"image":{"@id":"https:\/\/perle-in.com\/#\/schema\/logo\/image\/"}}]}},"jetpack_sharing_enabled":true,"_links":{"self":[{"href":"https:\/\/perle-in.com\/en\/wp-json\/wp\/v2\/product\/504755","targetHints":{"allow":["GET"]}}],"collection":[{"href":"https:\/\/perle-in.com\/en\/wp-json\/wp\/v2\/product"}],"about":[{"href":"https:\/\/perle-in.com\/en\/wp-json\/wp\/v2\/types\/product"}],"version-history":[{"count":0,"href":"https:\/\/perle-in.com\/en\/wp-json\/wp\/v2\/product\/504755\/revisions"}],"wp:featuredmedia":[{"embeddable":true,"href":"https:\/\/perle-in.com\/en\/wp-json\/wp\/v2\/media\/504744"}],"wp:attachment":[{"href":"https:\/\/perle-in.com\/en\/wp-json\/wp\/v2\/media?parent=504755"}],"wp:term":[{"taxonomy":"product_brand","embeddable":true,"href":"https:\/\/perle-in.com\/en\/wp-json\/wp\/v2\/product_brand?post=504755"},{"taxonomy":"product_cat","embeddable":true,"href":"https:\/\/perle-in.com\/en\/wp-json\/wp\/v2\/product_cat?post=504755"},{"taxonomy":"product_tag","embeddable":true,"href":"https:\/\/perle-in.com\/en\/wp-json\/wp\/v2\/product_tag?post=504755"}],"curies":[{"name":"wp","href":"https:\/\/api.w.org\/{rel}","templated":true}]}}