{"id":504634,"date":"2025-10-13T20:37:46","date_gmt":"2025-10-13T18:37:46","guid":{"rendered":"https:\/\/perle-in.com\/produit\/trousse-de-toilette-approuvee-par-les-compagnies-aeriennes-munich\/"},"modified":"2025-10-13T20:37:48","modified_gmt":"2025-10-13T18:37:48","slug":"trousse-de-toilette-approuvee-par-les-compagnies-aeriennes-munich","status":"publish","type":"product","link":"https:\/\/perle-in.com\/en\/product\/trousse-de-toilette-approuvee-par-les-compagnies-aeriennes-munich\/","title":{"rendered":"Trousse de toilette approuv\u00e9e par les compagnies a\u00e9riennes Munich"},"content":{"rendered":"","protected":false},"excerpt":{"rendered":"<p>Cette trousse tr\u00e8s fonctionnelle est accept\u00e9e \u00e0 bord des avions. Elle contient 2 flacons de 50ml, 1 de 90 ml, un vaporisateur et un entonnoir. Les diff\u00e9rents \u00e9l\u00e9ments sont livr\u00e9s s\u00e9par\u00e9ment de la trousse. Marquage indisponible sur les composants.<\/p>","protected":false},"featured_media":504628,"template":"","meta":{"_eb_attr":""},"product_brand":[],"product_cat":[426,1241,129],"product_tag":[282,287,289,283,288,290,731,732,1844,1845,291],"class_list":{"0":"post-504634","1":"product","2":"type-product","3":"status-publish","4":"has-post-thumbnail","6":"product_cat-accessoires-de-voyage","7":"product_cat-accessoires-de-voyage-sport-et-loisirs","8":"product_cat-sport-et-loisirs","9":"product_tag-sac","10":"product_tag-sac-de-transport","11":"product_tag-sac-de-voyage","12":"product_tag-sacs","13":"product_tag-sacs-de-transport","14":"product_tag-sacs-de-voyage","15":"product_tag-set-de-voyage","16":"product_tag-sets-de-voyage","17":"product_tag-toilette","18":"product_tag-trousses-de-toilette","19":"product_tag-voyage","20":"pa_couleurs-blanc","21":"pa_matiere-pvc-plastique-pp","23":"first","24":"instock","25":"shipping-taxable","26":"purchasable","27":"product-type-variable"},"yoast_head":"<!-- This site is optimized with the Yoast SEO plugin v27.4 - https:\/\/yoast.com\/product\/yoast-seo-wordpress\/ -->\n<title>Trousse de toilette approuv\u00e9e par les compagnies a\u00e9riennes Munich - PERLE IN<\/title>\n<meta name=\"robots\" content=\"noindex, follow, max-snippet:-1, max-image-preview:large, max-video-preview:-1\" \/>\n<meta property=\"og:locale\" content=\"en_US\" \/>\n<meta property=\"og:type\" content=\"article\" \/>\n<meta property=\"og:title\" content=\"Trousse de toilette approuv\u00e9e par les compagnies a\u00e9riennes Munich - PERLE IN\" \/>\n<meta property=\"og:description\" content=\"Cette trousse tr\u00e8s fonctionnelle est accept\u00e9e \u00e0 bord des avions. Elle contient 2 flacons de 50ml, 1 de 90 ml, un vaporisateur et un entonnoir. Les diff\u00e9rents \u00e9l\u00e9ments sont livr\u00e9s s\u00e9par\u00e9ment de la trousse. Marquage indisponible sur les composants.\" \/>\n<meta property=\"og:url\" content=\"https:\/\/perle-in.com\/en\/product\/trousse-de-toilette-approuvee-par-les-compagnies-aeriennes-munich\/\" \/>\n<meta property=\"og:site_name\" content=\"PERLE IN\" \/>\n<meta property=\"article:modified_time\" content=\"2025-10-13T18:37:48+00:00\" \/>\n<meta property=\"og:image\" content=\"https:\/\/perle-in.com\/wp-content\/uploads\/2025\/10\/11975700-1.jpg\" \/>\n\t<meta property=\"og:image:width\" content=\"1600\" \/>\n\t<meta property=\"og:image:height\" content=\"1600\" \/>\n\t<meta property=\"og:image:type\" content=\"image\/jpeg\" \/>\n<meta name=\"twitter:card\" content=\"summary_large_image\" \/>\n<script type=\"application\/ld+json\" class=\"yoast-schema-graph\">{\"@context\":\"https:\\\/\\\/schema.org\",\"@graph\":[{\"@type\":\"WebPage\",\"@id\":\"https:\\\/\\\/perle-in.com\\\/produit\\\/trousse-de-toilette-approuvee-par-les-compagnies-aeriennes-munich\\\/\",\"url\":\"https:\\\/\\\/perle-in.com\\\/produit\\\/trousse-de-toilette-approuvee-par-les-compagnies-aeriennes-munich\\\/\",\"name\":\"Trousse de toilette approuv\u00e9e par les compagnies a\u00e9riennes Munich - PERLE IN\",\"isPartOf\":{\"@id\":\"https:\\\/\\\/perle-in.com\\\/#website\"},\"primaryImageOfPage\":{\"@id\":\"https:\\\/\\\/perle-in.com\\\/produit\\\/trousse-de-toilette-approuvee-par-les-compagnies-aeriennes-munich\\\/#primaryimage\"},\"image\":{\"@id\":\"https:\\\/\\\/perle-in.com\\\/produit\\\/trousse-de-toilette-approuvee-par-les-compagnies-aeriennes-munich\\\/#primaryimage\"},\"thumbnailUrl\":\"https:\\\/\\\/perle-in.com\\\/wp-content\\\/uploads\\\/2025\\\/10\\\/11975700-1.jpg\",\"datePublished\":\"2025-10-13T18:37:46+00:00\",\"dateModified\":\"2025-10-13T18:37:48+00:00\",\"breadcrumb\":{\"@id\":\"https:\\\/\\\/perle-in.com\\\/produit\\\/trousse-de-toilette-approuvee-par-les-compagnies-aeriennes-munich\\\/#breadcrumb\"},\"inLanguage\":\"en-CA\",\"potentialAction\":[{\"@type\":\"ReadAction\",\"target\":[\"https:\\\/\\\/perle-in.com\\\/produit\\\/trousse-de-toilette-approuvee-par-les-compagnies-aeriennes-munich\\\/\"]}]},{\"@type\":\"ImageObject\",\"inLanguage\":\"en-CA\",\"@id\":\"https:\\\/\\\/perle-in.com\\\/produit\\\/trousse-de-toilette-approuvee-par-les-compagnies-aeriennes-munich\\\/#primaryimage\",\"url\":\"https:\\\/\\\/perle-in.com\\\/wp-content\\\/uploads\\\/2025\\\/10\\\/11975700-1.jpg\",\"contentUrl\":\"https:\\\/\\\/perle-in.com\\\/wp-content\\\/uploads\\\/2025\\\/10\\\/11975700-1.jpg\",\"width\":1600,\"height\":1600},{\"@type\":\"BreadcrumbList\",\"@id\":\"https:\\\/\\\/perle-in.com\\\/produit\\\/trousse-de-toilette-approuvee-par-les-compagnies-aeriennes-munich\\\/#breadcrumb\",\"itemListElement\":[{\"@type\":\"ListItem\",\"position\":1,\"name\":\"Accueil\",\"item\":\"https:\\\/\\\/perle-in.com\\\/\"},{\"@type\":\"ListItem\",\"position\":2,\"name\":\"Boutique\",\"item\":\"https:\\\/\\\/perle-in.com\\\/boutique\\\/\"},{\"@type\":\"ListItem\",\"position\":3,\"name\":\"Trousse de toilette approuv\u00e9e par les compagnies a\u00e9riennes Munich\"}]},{\"@type\":\"WebSite\",\"@id\":\"https:\\\/\\\/perle-in.com\\\/#website\",\"url\":\"https:\\\/\\\/perle-in.com\\\/\",\"name\":\"PERLE IN\",\"description\":\"\",\"publisher\":{\"@id\":\"https:\\\/\\\/perle-in.com\\\/#organization\"},\"potentialAction\":[{\"@type\":\"SearchAction\",\"target\":{\"@type\":\"EntryPoint\",\"urlTemplate\":\"https:\\\/\\\/perle-in.com\\\/?s={search_term_string}\"},\"query-input\":{\"@type\":\"PropertyValueSpecification\",\"valueRequired\":true,\"valueName\":\"search_term_string\"}}],\"inLanguage\":\"en-CA\"},{\"@type\":\"Organization\",\"@id\":\"https:\\\/\\\/perle-in.com\\\/#organization\",\"name\":\"PERLE IN\",\"url\":\"https:\\\/\\\/perle-in.com\\\/\",\"logo\":{\"@type\":\"ImageObject\",\"inLanguage\":\"en-CA\",\"@id\":\"https:\\\/\\\/perle-in.com\\\/#\\\/schema\\\/logo\\\/image\\\/\",\"url\":\"https:\\\/\\\/perle-in.com\\\/wp-content\\\/uploads\\\/2022\\\/12\\\/LOGO-PERLE-IN-COULEUR@3x.webp\",\"contentUrl\":\"https:\\\/\\\/perle-in.com\\\/wp-content\\\/uploads\\\/2022\\\/12\\\/LOGO-PERLE-IN-COULEUR@3x.webp\",\"width\":1600,\"height\":490,\"caption\":\"PERLE IN\"},\"image\":{\"@id\":\"https:\\\/\\\/perle-in.com\\\/#\\\/schema\\\/logo\\\/image\\\/\"}}]}<\/script>\n<!-- \/ Yoast SEO plugin. -->","yoast_head_json":{"title":"Trousse de toilette approuv\u00e9e par les compagnies a\u00e9riennes Munich - PERLE IN","robots":{"index":"noindex","follow":"follow","max-snippet":"max-snippet:-1","max-image-preview":"max-image-preview:large","max-video-preview":"max-video-preview:-1"},"og_locale":"en_US","og_type":"article","og_title":"Trousse de toilette approuv\u00e9e par les compagnies a\u00e9riennes Munich - PERLE IN","og_description":"Cette trousse tr\u00e8s fonctionnelle est accept\u00e9e \u00e0 bord des avions. Elle contient 2 flacons de 50ml, 1 de 90 ml, un vaporisateur et un entonnoir. Les diff\u00e9rents \u00e9l\u00e9ments sont livr\u00e9s s\u00e9par\u00e9ment de la trousse. Marquage indisponible sur les composants.","og_url":"https:\/\/perle-in.com\/en\/product\/trousse-de-toilette-approuvee-par-les-compagnies-aeriennes-munich\/","og_site_name":"PERLE IN","article_modified_time":"2025-10-13T18:37:48+00:00","og_image":[{"width":1600,"height":1600,"url":"https:\/\/perle-in.com\/wp-content\/uploads\/2025\/10\/11975700-1.jpg","type":"image\/jpeg"}],"twitter_card":"summary_large_image","schema":{"@context":"https:\/\/schema.org","@graph":[{"@type":"WebPage","@id":"https:\/\/perle-in.com\/produit\/trousse-de-toilette-approuvee-par-les-compagnies-aeriennes-munich\/","url":"https:\/\/perle-in.com\/produit\/trousse-de-toilette-approuvee-par-les-compagnies-aeriennes-munich\/","name":"Trousse de toilette approuv\u00e9e par les compagnies a\u00e9riennes Munich - PERLE IN","isPartOf":{"@id":"https:\/\/perle-in.com\/#website"},"primaryImageOfPage":{"@id":"https:\/\/perle-in.com\/produit\/trousse-de-toilette-approuvee-par-les-compagnies-aeriennes-munich\/#primaryimage"},"image":{"@id":"https:\/\/perle-in.com\/produit\/trousse-de-toilette-approuvee-par-les-compagnies-aeriennes-munich\/#primaryimage"},"thumbnailUrl":"https:\/\/perle-in.com\/wp-content\/uploads\/2025\/10\/11975700-1.jpg","datePublished":"2025-10-13T18:37:46+00:00","dateModified":"2025-10-13T18:37:48+00:00","breadcrumb":{"@id":"https:\/\/perle-in.com\/produit\/trousse-de-toilette-approuvee-par-les-compagnies-aeriennes-munich\/#breadcrumb"},"inLanguage":"en-CA","potentialAction":[{"@type":"ReadAction","target":["https:\/\/perle-in.com\/produit\/trousse-de-toilette-approuvee-par-les-compagnies-aeriennes-munich\/"]}]},{"@type":"ImageObject","inLanguage":"en-CA","@id":"https:\/\/perle-in.com\/produit\/trousse-de-toilette-approuvee-par-les-compagnies-aeriennes-munich\/#primaryimage","url":"https:\/\/perle-in.com\/wp-content\/uploads\/2025\/10\/11975700-1.jpg","contentUrl":"https:\/\/perle-in.com\/wp-content\/uploads\/2025\/10\/11975700-1.jpg","width":1600,"height":1600},{"@type":"BreadcrumbList","@id":"https:\/\/perle-in.com\/produit\/trousse-de-toilette-approuvee-par-les-compagnies-aeriennes-munich\/#breadcrumb","itemListElement":[{"@type":"ListItem","position":1,"name":"Accueil","item":"https:\/\/perle-in.com\/"},{"@type":"ListItem","position":2,"name":"Boutique","item":"https:\/\/perle-in.com\/boutique\/"},{"@type":"ListItem","position":3,"name":"Trousse de toilette approuv\u00e9e par les compagnies a\u00e9riennes Munich"}]},{"@type":"WebSite","@id":"https:\/\/perle-in.com\/#website","url":"https:\/\/perle-in.com\/","name":"PERLE IN","description":"","publisher":{"@id":"https:\/\/perle-in.com\/#organization"},"potentialAction":[{"@type":"SearchAction","target":{"@type":"EntryPoint","urlTemplate":"https:\/\/perle-in.com\/?s={search_term_string}"},"query-input":{"@type":"PropertyValueSpecification","valueRequired":true,"valueName":"search_term_string"}}],"inLanguage":"en-CA"},{"@type":"Organization","@id":"https:\/\/perle-in.com\/#organization","name":"PERLE IN","url":"https:\/\/perle-in.com\/","logo":{"@type":"ImageObject","inLanguage":"en-CA","@id":"https:\/\/perle-in.com\/#\/schema\/logo\/image\/","url":"https:\/\/perle-in.com\/wp-content\/uploads\/2022\/12\/LOGO-PERLE-IN-COULEUR@3x.webp","contentUrl":"https:\/\/perle-in.com\/wp-content\/uploads\/2022\/12\/LOGO-PERLE-IN-COULEUR@3x.webp","width":1600,"height":490,"caption":"PERLE IN"},"image":{"@id":"https:\/\/perle-in.com\/#\/schema\/logo\/image\/"}}]}},"jetpack_sharing_enabled":true,"_links":{"self":[{"href":"https:\/\/perle-in.com\/en\/wp-json\/wp\/v2\/product\/504634","targetHints":{"allow":["GET"]}}],"collection":[{"href":"https:\/\/perle-in.com\/en\/wp-json\/wp\/v2\/product"}],"about":[{"href":"https:\/\/perle-in.com\/en\/wp-json\/wp\/v2\/types\/product"}],"version-history":[{"count":0,"href":"https:\/\/perle-in.com\/en\/wp-json\/wp\/v2\/product\/504634\/revisions"}],"wp:featuredmedia":[{"embeddable":true,"href":"https:\/\/perle-in.com\/en\/wp-json\/wp\/v2\/media\/504628"}],"wp:attachment":[{"href":"https:\/\/perle-in.com\/en\/wp-json\/wp\/v2\/media?parent=504634"}],"wp:term":[{"taxonomy":"product_brand","embeddable":true,"href":"https:\/\/perle-in.com\/en\/wp-json\/wp\/v2\/product_brand?post=504634"},{"taxonomy":"product_cat","embeddable":true,"href":"https:\/\/perle-in.com\/en\/wp-json\/wp\/v2\/product_cat?post=504634"},{"taxonomy":"product_tag","embeddable":true,"href":"https:\/\/perle-in.com\/en\/wp-json\/wp\/v2\/product_tag?post=504634"}],"curies":[{"name":"wp","href":"https:\/\/api.w.org\/{rel}","templated":true}]}}