{"id":504602,"date":"2025-10-13T20:34:46","date_gmt":"2025-10-13T18:34:46","guid":{"rendered":"https:\/\/perle-in.com\/produit\/cadenas-agree-tsa-pour-bagages-kingsford\/"},"modified":"2025-10-13T20:34:48","modified_gmt":"2025-10-13T18:34:48","slug":"cadenas-agree-tsa-pour-bagages-kingsford","status":"publish","type":"product","link":"https:\/\/perle-in.com\/en\/product\/cadenas-agree-tsa-pour-bagages-kingsford\/","title":{"rendered":"Cadenas agr\u00e9\u00e9 TSA pour bagages Kingsford"},"content":{"rendered":"","protected":false},"excerpt":{"rendered":"<p>Prot\u00e9gez vos bagages quand vous voyagez avec ce cadenas agr\u00e9\u00e9 TSA \u00e0 trois chiffres. Si la TSA (Administration pour la S\u00e9curit\u00e9 des Transports) doit contr\u00f4ler votre bagage en votre absence, elle peut l&#8217;ouvrir avec son propre passe universel, sans casser le cadenas.<\/p>","protected":false},"featured_media":504598,"template":"","meta":{"_eb_attr":""},"product_brand":[],"product_cat":[1241,426,159],"product_tag":[727,728,730,731,732,729,291,720],"class_list":{"0":"post-504602","1":"product","2":"type-product","3":"status-publish","4":"has-post-thumbnail","6":"product_cat-accessoires-de-voyage-sport-et-loisirs","7":"product_cat-accessoires-de-voyage","8":"product_cat-sacs","9":"product_tag-cadenas","10":"product_tag-cadenas-pour-bagages","11":"product_tag-cadenas-tsa","12":"product_tag-set-de-voyage","13":"product_tag-sets-de-voyage","14":"product_tag-tsa","15":"product_tag-voyage","16":"product_tag-voyages","17":"pa_couleurs-noir","19":"first","20":"instock","21":"shipping-taxable","22":"purchasable","23":"product-type-variable"},"yoast_head":"<!-- This site is optimized with the Yoast SEO plugin v27.4 - https:\/\/yoast.com\/product\/yoast-seo-wordpress\/ -->\n<title>Cadenas agr\u00e9\u00e9 TSA pour bagages Kingsford - PERLE IN<\/title>\n<meta name=\"robots\" content=\"noindex, follow, max-snippet:-1, max-image-preview:large, max-video-preview:-1\" \/>\n<meta property=\"og:locale\" content=\"en_US\" \/>\n<meta property=\"og:type\" content=\"article\" \/>\n<meta property=\"og:title\" content=\"Cadenas agr\u00e9\u00e9 TSA pour bagages Kingsford - PERLE IN\" \/>\n<meta property=\"og:description\" content=\"Prot\u00e9gez vos bagages quand vous voyagez avec ce cadenas agr\u00e9\u00e9 TSA \u00e0 trois chiffres. Si la TSA (Administration pour la S\u00e9curit\u00e9 des Transports) doit contr\u00f4ler votre bagage en votre absence, elle peut l&#039;ouvrir avec son propre passe universel, sans casser le cadenas.\" \/>\n<meta property=\"og:url\" content=\"https:\/\/perle-in.com\/en\/product\/cadenas-agree-tsa-pour-bagages-kingsford\/\" \/>\n<meta property=\"og:site_name\" content=\"PERLE IN\" \/>\n<meta property=\"article:modified_time\" content=\"2025-10-13T18:34:48+00:00\" \/>\n<meta property=\"og:image\" content=\"https:\/\/perle-in.com\/wp-content\/uploads\/2025\/10\/11968600-1.jpg\" \/>\n\t<meta property=\"og:image:width\" content=\"1600\" \/>\n\t<meta property=\"og:image:height\" content=\"1600\" \/>\n\t<meta property=\"og:image:type\" content=\"image\/jpeg\" \/>\n<meta name=\"twitter:card\" content=\"summary_large_image\" \/>\n<script type=\"application\/ld+json\" class=\"yoast-schema-graph\">{\"@context\":\"https:\\\/\\\/schema.org\",\"@graph\":[{\"@type\":\"WebPage\",\"@id\":\"https:\\\/\\\/perle-in.com\\\/produit\\\/cadenas-agree-tsa-pour-bagages-kingsford\\\/\",\"url\":\"https:\\\/\\\/perle-in.com\\\/produit\\\/cadenas-agree-tsa-pour-bagages-kingsford\\\/\",\"name\":\"Cadenas agr\u00e9\u00e9 TSA pour bagages Kingsford - PERLE IN\",\"isPartOf\":{\"@id\":\"https:\\\/\\\/perle-in.com\\\/#website\"},\"primaryImageOfPage\":{\"@id\":\"https:\\\/\\\/perle-in.com\\\/produit\\\/cadenas-agree-tsa-pour-bagages-kingsford\\\/#primaryimage\"},\"image\":{\"@id\":\"https:\\\/\\\/perle-in.com\\\/produit\\\/cadenas-agree-tsa-pour-bagages-kingsford\\\/#primaryimage\"},\"thumbnailUrl\":\"https:\\\/\\\/perle-in.com\\\/wp-content\\\/uploads\\\/2025\\\/10\\\/11968600-1.jpg\",\"datePublished\":\"2025-10-13T18:34:46+00:00\",\"dateModified\":\"2025-10-13T18:34:48+00:00\",\"breadcrumb\":{\"@id\":\"https:\\\/\\\/perle-in.com\\\/produit\\\/cadenas-agree-tsa-pour-bagages-kingsford\\\/#breadcrumb\"},\"inLanguage\":\"en-CA\",\"potentialAction\":[{\"@type\":\"ReadAction\",\"target\":[\"https:\\\/\\\/perle-in.com\\\/produit\\\/cadenas-agree-tsa-pour-bagages-kingsford\\\/\"]}]},{\"@type\":\"ImageObject\",\"inLanguage\":\"en-CA\",\"@id\":\"https:\\\/\\\/perle-in.com\\\/produit\\\/cadenas-agree-tsa-pour-bagages-kingsford\\\/#primaryimage\",\"url\":\"https:\\\/\\\/perle-in.com\\\/wp-content\\\/uploads\\\/2025\\\/10\\\/11968600-1.jpg\",\"contentUrl\":\"https:\\\/\\\/perle-in.com\\\/wp-content\\\/uploads\\\/2025\\\/10\\\/11968600-1.jpg\",\"width\":1600,\"height\":1600},{\"@type\":\"BreadcrumbList\",\"@id\":\"https:\\\/\\\/perle-in.com\\\/produit\\\/cadenas-agree-tsa-pour-bagages-kingsford\\\/#breadcrumb\",\"itemListElement\":[{\"@type\":\"ListItem\",\"position\":1,\"name\":\"Accueil\",\"item\":\"https:\\\/\\\/perle-in.com\\\/\"},{\"@type\":\"ListItem\",\"position\":2,\"name\":\"Boutique\",\"item\":\"https:\\\/\\\/perle-in.com\\\/boutique\\\/\"},{\"@type\":\"ListItem\",\"position\":3,\"name\":\"Cadenas agr\u00e9\u00e9 TSA pour bagages Kingsford\"}]},{\"@type\":\"WebSite\",\"@id\":\"https:\\\/\\\/perle-in.com\\\/#website\",\"url\":\"https:\\\/\\\/perle-in.com\\\/\",\"name\":\"PERLE IN\",\"description\":\"\",\"publisher\":{\"@id\":\"https:\\\/\\\/perle-in.com\\\/#organization\"},\"potentialAction\":[{\"@type\":\"SearchAction\",\"target\":{\"@type\":\"EntryPoint\",\"urlTemplate\":\"https:\\\/\\\/perle-in.com\\\/?s={search_term_string}\"},\"query-input\":{\"@type\":\"PropertyValueSpecification\",\"valueRequired\":true,\"valueName\":\"search_term_string\"}}],\"inLanguage\":\"en-CA\"},{\"@type\":\"Organization\",\"@id\":\"https:\\\/\\\/perle-in.com\\\/#organization\",\"name\":\"PERLE IN\",\"url\":\"https:\\\/\\\/perle-in.com\\\/\",\"logo\":{\"@type\":\"ImageObject\",\"inLanguage\":\"en-CA\",\"@id\":\"https:\\\/\\\/perle-in.com\\\/#\\\/schema\\\/logo\\\/image\\\/\",\"url\":\"https:\\\/\\\/perle-in.com\\\/wp-content\\\/uploads\\\/2022\\\/12\\\/LOGO-PERLE-IN-COULEUR@3x.webp\",\"contentUrl\":\"https:\\\/\\\/perle-in.com\\\/wp-content\\\/uploads\\\/2022\\\/12\\\/LOGO-PERLE-IN-COULEUR@3x.webp\",\"width\":1600,\"height\":490,\"caption\":\"PERLE IN\"},\"image\":{\"@id\":\"https:\\\/\\\/perle-in.com\\\/#\\\/schema\\\/logo\\\/image\\\/\"}}]}<\/script>\n<!-- \/ Yoast SEO plugin. -->","yoast_head_json":{"title":"Cadenas agr\u00e9\u00e9 TSA pour bagages Kingsford - PERLE IN","robots":{"index":"noindex","follow":"follow","max-snippet":"max-snippet:-1","max-image-preview":"max-image-preview:large","max-video-preview":"max-video-preview:-1"},"og_locale":"en_US","og_type":"article","og_title":"Cadenas agr\u00e9\u00e9 TSA pour bagages Kingsford - PERLE IN","og_description":"Prot\u00e9gez vos bagages quand vous voyagez avec ce cadenas agr\u00e9\u00e9 TSA \u00e0 trois chiffres. Si la TSA (Administration pour la S\u00e9curit\u00e9 des Transports) doit contr\u00f4ler votre bagage en votre absence, elle peut l'ouvrir avec son propre passe universel, sans casser le cadenas.","og_url":"https:\/\/perle-in.com\/en\/product\/cadenas-agree-tsa-pour-bagages-kingsford\/","og_site_name":"PERLE IN","article_modified_time":"2025-10-13T18:34:48+00:00","og_image":[{"width":1600,"height":1600,"url":"https:\/\/perle-in.com\/wp-content\/uploads\/2025\/10\/11968600-1.jpg","type":"image\/jpeg"}],"twitter_card":"summary_large_image","schema":{"@context":"https:\/\/schema.org","@graph":[{"@type":"WebPage","@id":"https:\/\/perle-in.com\/produit\/cadenas-agree-tsa-pour-bagages-kingsford\/","url":"https:\/\/perle-in.com\/produit\/cadenas-agree-tsa-pour-bagages-kingsford\/","name":"Cadenas agr\u00e9\u00e9 TSA pour bagages Kingsford - PERLE IN","isPartOf":{"@id":"https:\/\/perle-in.com\/#website"},"primaryImageOfPage":{"@id":"https:\/\/perle-in.com\/produit\/cadenas-agree-tsa-pour-bagages-kingsford\/#primaryimage"},"image":{"@id":"https:\/\/perle-in.com\/produit\/cadenas-agree-tsa-pour-bagages-kingsford\/#primaryimage"},"thumbnailUrl":"https:\/\/perle-in.com\/wp-content\/uploads\/2025\/10\/11968600-1.jpg","datePublished":"2025-10-13T18:34:46+00:00","dateModified":"2025-10-13T18:34:48+00:00","breadcrumb":{"@id":"https:\/\/perle-in.com\/produit\/cadenas-agree-tsa-pour-bagages-kingsford\/#breadcrumb"},"inLanguage":"en-CA","potentialAction":[{"@type":"ReadAction","target":["https:\/\/perle-in.com\/produit\/cadenas-agree-tsa-pour-bagages-kingsford\/"]}]},{"@type":"ImageObject","inLanguage":"en-CA","@id":"https:\/\/perle-in.com\/produit\/cadenas-agree-tsa-pour-bagages-kingsford\/#primaryimage","url":"https:\/\/perle-in.com\/wp-content\/uploads\/2025\/10\/11968600-1.jpg","contentUrl":"https:\/\/perle-in.com\/wp-content\/uploads\/2025\/10\/11968600-1.jpg","width":1600,"height":1600},{"@type":"BreadcrumbList","@id":"https:\/\/perle-in.com\/produit\/cadenas-agree-tsa-pour-bagages-kingsford\/#breadcrumb","itemListElement":[{"@type":"ListItem","position":1,"name":"Accueil","item":"https:\/\/perle-in.com\/"},{"@type":"ListItem","position":2,"name":"Boutique","item":"https:\/\/perle-in.com\/boutique\/"},{"@type":"ListItem","position":3,"name":"Cadenas agr\u00e9\u00e9 TSA pour bagages Kingsford"}]},{"@type":"WebSite","@id":"https:\/\/perle-in.com\/#website","url":"https:\/\/perle-in.com\/","name":"PERLE IN","description":"","publisher":{"@id":"https:\/\/perle-in.com\/#organization"},"potentialAction":[{"@type":"SearchAction","target":{"@type":"EntryPoint","urlTemplate":"https:\/\/perle-in.com\/?s={search_term_string}"},"query-input":{"@type":"PropertyValueSpecification","valueRequired":true,"valueName":"search_term_string"}}],"inLanguage":"en-CA"},{"@type":"Organization","@id":"https:\/\/perle-in.com\/#organization","name":"PERLE IN","url":"https:\/\/perle-in.com\/","logo":{"@type":"ImageObject","inLanguage":"en-CA","@id":"https:\/\/perle-in.com\/#\/schema\/logo\/image\/","url":"https:\/\/perle-in.com\/wp-content\/uploads\/2022\/12\/LOGO-PERLE-IN-COULEUR@3x.webp","contentUrl":"https:\/\/perle-in.com\/wp-content\/uploads\/2022\/12\/LOGO-PERLE-IN-COULEUR@3x.webp","width":1600,"height":490,"caption":"PERLE IN"},"image":{"@id":"https:\/\/perle-in.com\/#\/schema\/logo\/image\/"}}]}},"jetpack_sharing_enabled":true,"_links":{"self":[{"href":"https:\/\/perle-in.com\/en\/wp-json\/wp\/v2\/product\/504602","targetHints":{"allow":["GET"]}}],"collection":[{"href":"https:\/\/perle-in.com\/en\/wp-json\/wp\/v2\/product"}],"about":[{"href":"https:\/\/perle-in.com\/en\/wp-json\/wp\/v2\/types\/product"}],"version-history":[{"count":0,"href":"https:\/\/perle-in.com\/en\/wp-json\/wp\/v2\/product\/504602\/revisions"}],"wp:featuredmedia":[{"embeddable":true,"href":"https:\/\/perle-in.com\/en\/wp-json\/wp\/v2\/media\/504598"}],"wp:attachment":[{"href":"https:\/\/perle-in.com\/en\/wp-json\/wp\/v2\/media?parent=504602"}],"wp:term":[{"taxonomy":"product_brand","embeddable":true,"href":"https:\/\/perle-in.com\/en\/wp-json\/wp\/v2\/product_brand?post=504602"},{"taxonomy":"product_cat","embeddable":true,"href":"https:\/\/perle-in.com\/en\/wp-json\/wp\/v2\/product_cat?post=504602"},{"taxonomy":"product_tag","embeddable":true,"href":"https:\/\/perle-in.com\/en\/wp-json\/wp\/v2\/product_tag?post=504602"}],"curies":[{"name":"wp","href":"https:\/\/api.w.org\/{rel}","templated":true}]}}