{"id":504541,"date":"2025-10-13T20:27:49","date_gmt":"2025-10-13T18:27:49","guid":{"rendered":"https:\/\/perle-in.com\/produit\/sac-isotherme-oslo-13l\/"},"modified":"2025-10-13T20:28:00","modified_gmt":"2025-10-13T18:28:00","slug":"sac-isotherme-oslo-13l","status":"publish","type":"product","link":"https:\/\/perle-in.com\/en\/product\/sac-isotherme-oslo-13l\/","title":{"rendered":"Sac isotherme Oslo 13L"},"content":{"rendered":"","protected":false},"excerpt":{"rendered":"<p>Le sac isotherme Oslo vous permet d&#8217;avoir des boissons et des en-cas r\u00e9frig\u00e9r\u00e9s \u00e0 tout moment et en tout lieu. Le sac isotherme comporte deux compartiments s\u00e9par\u00e9s \u00e0 fermeture zipp\u00e9e. La partie sup\u00e9rieure est parfaite pour ranger les petits en-cas, et la partie inf\u00e9rieure est id\u00e9ale pour les produits d&#8217;\u00e9picerie plus volumineux. La bandouli\u00e8re est r\u00e9glable, de sorte que le sac est facile \u00e0 porter par tous. Le sac isotherme est compos\u00e9 de 600D de polyester, un tissu r\u00e9sistant et durable.<\/p>","protected":false},"featured_media":504532,"template":"","meta":{"_eb_attr":""},"product_brand":[],"product_cat":[159,160],"product_tag":[168,1320,169,1321,1322,165,166,131,155,167,161,162],"class_list":{"0":"post-504541","1":"product","2":"type-product","3":"status-publish","4":"has-post-thumbnail","6":"product_cat-sacs","7":"product_cat-sacs-isothermes","8":"product_tag-cool","9":"product_tag-ete","10":"product_tag-glaciere","11":"product_tag-glaciere-souple","12":"product_tag-glacieres-souples","13":"product_tag-isotherme","14":"product_tag-isothermes","15":"product_tag-pique-nique","16":"product_tag-pique-niques","17":"product_tag-plage","18":"product_tag-sac-isotherme","19":"product_tag-sacs-isothermes","20":"pa_couleurs-blanc","21":"pa_couleurs-bleu-process","22":"pa_couleurs-citron-vert","23":"pa_couleurs-marine","24":"pa_couleurs-rouge","25":"pa_matiere-600d-polyester","27":"first","28":"instock","29":"shipping-taxable","30":"purchasable","31":"product-type-variable"},"yoast_head":"<!-- This site is optimized with the Yoast SEO plugin v27.4 - https:\/\/yoast.com\/product\/yoast-seo-wordpress\/ -->\n<title>Sac isotherme Oslo 13L - PERLE IN<\/title>\n<meta name=\"robots\" content=\"noindex, follow, max-snippet:-1, max-image-preview:large, max-video-preview:-1\" \/>\n<meta property=\"og:locale\" content=\"en_US\" \/>\n<meta property=\"og:type\" content=\"article\" \/>\n<meta property=\"og:title\" content=\"Sac isotherme Oslo 13L - PERLE IN\" \/>\n<meta property=\"og:description\" content=\"Le sac isotherme Oslo vous permet d&#039;avoir des boissons et des en-cas r\u00e9frig\u00e9r\u00e9s \u00e0 tout moment et en tout lieu. Le sac isotherme comporte deux compartiments s\u00e9par\u00e9s \u00e0 fermeture zipp\u00e9e. La partie sup\u00e9rieure est parfaite pour ranger les petits en-cas, et la partie inf\u00e9rieure est id\u00e9ale pour les produits d&#039;\u00e9picerie plus volumineux. La bandouli\u00e8re est r\u00e9glable, de sorte que le sac est facile \u00e0 porter par tous. Le sac isotherme est compos\u00e9 de 600D de polyester, un tissu r\u00e9sistant et durable.\" \/>\n<meta property=\"og:url\" content=\"https:\/\/perle-in.com\/en\/product\/sac-isotherme-oslo-13l\/\" \/>\n<meta property=\"og:site_name\" content=\"PERLE IN\" \/>\n<meta property=\"article:modified_time\" content=\"2025-10-13T18:28:00+00:00\" \/>\n<meta property=\"og:image\" content=\"https:\/\/perle-in.com\/wp-content\/uploads\/2025\/10\/11960000-1.jpg\" \/>\n\t<meta property=\"og:image:width\" content=\"1600\" \/>\n\t<meta property=\"og:image:height\" content=\"1600\" \/>\n\t<meta property=\"og:image:type\" content=\"image\/jpeg\" \/>\n<meta name=\"twitter:card\" content=\"summary_large_image\" \/>\n<script type=\"application\/ld+json\" class=\"yoast-schema-graph\">{\"@context\":\"https:\\\/\\\/schema.org\",\"@graph\":[{\"@type\":\"WebPage\",\"@id\":\"https:\\\/\\\/perle-in.com\\\/produit\\\/sac-isotherme-oslo-13l\\\/\",\"url\":\"https:\\\/\\\/perle-in.com\\\/produit\\\/sac-isotherme-oslo-13l\\\/\",\"name\":\"Sac isotherme Oslo 13L - PERLE IN\",\"isPartOf\":{\"@id\":\"https:\\\/\\\/perle-in.com\\\/#website\"},\"primaryImageOfPage\":{\"@id\":\"https:\\\/\\\/perle-in.com\\\/produit\\\/sac-isotherme-oslo-13l\\\/#primaryimage\"},\"image\":{\"@id\":\"https:\\\/\\\/perle-in.com\\\/produit\\\/sac-isotherme-oslo-13l\\\/#primaryimage\"},\"thumbnailUrl\":\"https:\\\/\\\/perle-in.com\\\/wp-content\\\/uploads\\\/2025\\\/10\\\/11960000-1.jpg\",\"datePublished\":\"2025-10-13T18:27:49+00:00\",\"dateModified\":\"2025-10-13T18:28:00+00:00\",\"breadcrumb\":{\"@id\":\"https:\\\/\\\/perle-in.com\\\/produit\\\/sac-isotherme-oslo-13l\\\/#breadcrumb\"},\"inLanguage\":\"en-CA\",\"potentialAction\":[{\"@type\":\"ReadAction\",\"target\":[\"https:\\\/\\\/perle-in.com\\\/produit\\\/sac-isotherme-oslo-13l\\\/\"]}]},{\"@type\":\"ImageObject\",\"inLanguage\":\"en-CA\",\"@id\":\"https:\\\/\\\/perle-in.com\\\/produit\\\/sac-isotherme-oslo-13l\\\/#primaryimage\",\"url\":\"https:\\\/\\\/perle-in.com\\\/wp-content\\\/uploads\\\/2025\\\/10\\\/11960000-1.jpg\",\"contentUrl\":\"https:\\\/\\\/perle-in.com\\\/wp-content\\\/uploads\\\/2025\\\/10\\\/11960000-1.jpg\",\"width\":1600,\"height\":1600},{\"@type\":\"BreadcrumbList\",\"@id\":\"https:\\\/\\\/perle-in.com\\\/produit\\\/sac-isotherme-oslo-13l\\\/#breadcrumb\",\"itemListElement\":[{\"@type\":\"ListItem\",\"position\":1,\"name\":\"Accueil\",\"item\":\"https:\\\/\\\/perle-in.com\\\/\"},{\"@type\":\"ListItem\",\"position\":2,\"name\":\"Boutique\",\"item\":\"https:\\\/\\\/perle-in.com\\\/boutique\\\/\"},{\"@type\":\"ListItem\",\"position\":3,\"name\":\"Sac isotherme Oslo 13L\"}]},{\"@type\":\"WebSite\",\"@id\":\"https:\\\/\\\/perle-in.com\\\/#website\",\"url\":\"https:\\\/\\\/perle-in.com\\\/\",\"name\":\"PERLE IN\",\"description\":\"\",\"publisher\":{\"@id\":\"https:\\\/\\\/perle-in.com\\\/#organization\"},\"potentialAction\":[{\"@type\":\"SearchAction\",\"target\":{\"@type\":\"EntryPoint\",\"urlTemplate\":\"https:\\\/\\\/perle-in.com\\\/?s={search_term_string}\"},\"query-input\":{\"@type\":\"PropertyValueSpecification\",\"valueRequired\":true,\"valueName\":\"search_term_string\"}}],\"inLanguage\":\"en-CA\"},{\"@type\":\"Organization\",\"@id\":\"https:\\\/\\\/perle-in.com\\\/#organization\",\"name\":\"PERLE IN\",\"url\":\"https:\\\/\\\/perle-in.com\\\/\",\"logo\":{\"@type\":\"ImageObject\",\"inLanguage\":\"en-CA\",\"@id\":\"https:\\\/\\\/perle-in.com\\\/#\\\/schema\\\/logo\\\/image\\\/\",\"url\":\"https:\\\/\\\/perle-in.com\\\/wp-content\\\/uploads\\\/2022\\\/12\\\/LOGO-PERLE-IN-COULEUR@3x.webp\",\"contentUrl\":\"https:\\\/\\\/perle-in.com\\\/wp-content\\\/uploads\\\/2022\\\/12\\\/LOGO-PERLE-IN-COULEUR@3x.webp\",\"width\":1600,\"height\":490,\"caption\":\"PERLE IN\"},\"image\":{\"@id\":\"https:\\\/\\\/perle-in.com\\\/#\\\/schema\\\/logo\\\/image\\\/\"}}]}<\/script>\n<!-- \/ Yoast SEO plugin. -->","yoast_head_json":{"title":"Sac isotherme Oslo 13L - PERLE IN","robots":{"index":"noindex","follow":"follow","max-snippet":"max-snippet:-1","max-image-preview":"max-image-preview:large","max-video-preview":"max-video-preview:-1"},"og_locale":"en_US","og_type":"article","og_title":"Sac isotherme Oslo 13L - PERLE IN","og_description":"Le sac isotherme Oslo vous permet d'avoir des boissons et des en-cas r\u00e9frig\u00e9r\u00e9s \u00e0 tout moment et en tout lieu. Le sac isotherme comporte deux compartiments s\u00e9par\u00e9s \u00e0 fermeture zipp\u00e9e. La partie sup\u00e9rieure est parfaite pour ranger les petits en-cas, et la partie inf\u00e9rieure est id\u00e9ale pour les produits d'\u00e9picerie plus volumineux. La bandouli\u00e8re est r\u00e9glable, de sorte que le sac est facile \u00e0 porter par tous. Le sac isotherme est compos\u00e9 de 600D de polyester, un tissu r\u00e9sistant et durable.","og_url":"https:\/\/perle-in.com\/en\/product\/sac-isotherme-oslo-13l\/","og_site_name":"PERLE IN","article_modified_time":"2025-10-13T18:28:00+00:00","og_image":[{"width":1600,"height":1600,"url":"https:\/\/perle-in.com\/wp-content\/uploads\/2025\/10\/11960000-1.jpg","type":"image\/jpeg"}],"twitter_card":"summary_large_image","schema":{"@context":"https:\/\/schema.org","@graph":[{"@type":"WebPage","@id":"https:\/\/perle-in.com\/produit\/sac-isotherme-oslo-13l\/","url":"https:\/\/perle-in.com\/produit\/sac-isotherme-oslo-13l\/","name":"Sac isotherme Oslo 13L - PERLE IN","isPartOf":{"@id":"https:\/\/perle-in.com\/#website"},"primaryImageOfPage":{"@id":"https:\/\/perle-in.com\/produit\/sac-isotherme-oslo-13l\/#primaryimage"},"image":{"@id":"https:\/\/perle-in.com\/produit\/sac-isotherme-oslo-13l\/#primaryimage"},"thumbnailUrl":"https:\/\/perle-in.com\/wp-content\/uploads\/2025\/10\/11960000-1.jpg","datePublished":"2025-10-13T18:27:49+00:00","dateModified":"2025-10-13T18:28:00+00:00","breadcrumb":{"@id":"https:\/\/perle-in.com\/produit\/sac-isotherme-oslo-13l\/#breadcrumb"},"inLanguage":"en-CA","potentialAction":[{"@type":"ReadAction","target":["https:\/\/perle-in.com\/produit\/sac-isotherme-oslo-13l\/"]}]},{"@type":"ImageObject","inLanguage":"en-CA","@id":"https:\/\/perle-in.com\/produit\/sac-isotherme-oslo-13l\/#primaryimage","url":"https:\/\/perle-in.com\/wp-content\/uploads\/2025\/10\/11960000-1.jpg","contentUrl":"https:\/\/perle-in.com\/wp-content\/uploads\/2025\/10\/11960000-1.jpg","width":1600,"height":1600},{"@type":"BreadcrumbList","@id":"https:\/\/perle-in.com\/produit\/sac-isotherme-oslo-13l\/#breadcrumb","itemListElement":[{"@type":"ListItem","position":1,"name":"Accueil","item":"https:\/\/perle-in.com\/"},{"@type":"ListItem","position":2,"name":"Boutique","item":"https:\/\/perle-in.com\/boutique\/"},{"@type":"ListItem","position":3,"name":"Sac isotherme Oslo 13L"}]},{"@type":"WebSite","@id":"https:\/\/perle-in.com\/#website","url":"https:\/\/perle-in.com\/","name":"PERLE IN","description":"","publisher":{"@id":"https:\/\/perle-in.com\/#organization"},"potentialAction":[{"@type":"SearchAction","target":{"@type":"EntryPoint","urlTemplate":"https:\/\/perle-in.com\/?s={search_term_string}"},"query-input":{"@type":"PropertyValueSpecification","valueRequired":true,"valueName":"search_term_string"}}],"inLanguage":"en-CA"},{"@type":"Organization","@id":"https:\/\/perle-in.com\/#organization","name":"PERLE IN","url":"https:\/\/perle-in.com\/","logo":{"@type":"ImageObject","inLanguage":"en-CA","@id":"https:\/\/perle-in.com\/#\/schema\/logo\/image\/","url":"https:\/\/perle-in.com\/wp-content\/uploads\/2022\/12\/LOGO-PERLE-IN-COULEUR@3x.webp","contentUrl":"https:\/\/perle-in.com\/wp-content\/uploads\/2022\/12\/LOGO-PERLE-IN-COULEUR@3x.webp","width":1600,"height":490,"caption":"PERLE IN"},"image":{"@id":"https:\/\/perle-in.com\/#\/schema\/logo\/image\/"}}]}},"jetpack_sharing_enabled":true,"_links":{"self":[{"href":"https:\/\/perle-in.com\/en\/wp-json\/wp\/v2\/product\/504541","targetHints":{"allow":["GET"]}}],"collection":[{"href":"https:\/\/perle-in.com\/en\/wp-json\/wp\/v2\/product"}],"about":[{"href":"https:\/\/perle-in.com\/en\/wp-json\/wp\/v2\/types\/product"}],"version-history":[{"count":0,"href":"https:\/\/perle-in.com\/en\/wp-json\/wp\/v2\/product\/504541\/revisions"}],"wp:featuredmedia":[{"embeddable":true,"href":"https:\/\/perle-in.com\/en\/wp-json\/wp\/v2\/media\/504532"}],"wp:attachment":[{"href":"https:\/\/perle-in.com\/en\/wp-json\/wp\/v2\/media?parent=504541"}],"wp:term":[{"taxonomy":"product_brand","embeddable":true,"href":"https:\/\/perle-in.com\/en\/wp-json\/wp\/v2\/product_brand?post=504541"},{"taxonomy":"product_cat","embeddable":true,"href":"https:\/\/perle-in.com\/en\/wp-json\/wp\/v2\/product_cat?post=504541"},{"taxonomy":"product_tag","embeddable":true,"href":"https:\/\/perle-in.com\/en\/wp-json\/wp\/v2\/product_tag?post=504541"}],"curies":[{"name":"wp","href":"https:\/\/api.w.org\/{rel}","templated":true}]}}