{"id":504530,"date":"2025-10-13T20:26:30","date_gmt":"2025-10-13T18:26:30","guid":{"rendered":"https:\/\/perle-in.com\/produit\/sac-shopping-jute-mumbay-18l\/"},"modified":"2025-10-13T20:26:32","modified_gmt":"2025-10-13T18:26:32","slug":"sac-shopping-jute-mumbay-18l","status":"publish","type":"product","link":"https:\/\/perle-in.com\/en\/product\/sac-shopping-jute-mumbay-18l\/","title":{"rendered":"Sac shopping jute Mumbay 18L"},"content":{"rendered":"","protected":false},"excerpt":{"rendered":"<p>Ce sac fourre-tout est fabriqu\u00e9 \u00e0 partir d&#8217;une combinaison de coton et de jute de haute qualit\u00e9, ce qui le rend tr\u00e8s r\u00e9sistant. Le grand compartiment principal de 18 litres est parfait pour transporter tous les essentiels du quotidien, de l&#8217;ordinateur portable et des livres aux v\u00eatements de sport et \u00e0 la bouteille d&#8217;eau. La poche frontale facile d&#8217;acc\u00e8s est id\u00e9ale pour ranger les petits objets. Avec une qualit\u00e9 de 320 g\/m\u00b2, ce fourre-tout est un sac super solide et durable pour transporter tous les articles du compartiment principal. Fabriqu\u00e9 en Inde et certifi\u00e9 OEKO-Tex. R\u00e9sistance jusqu&#8217;\u00e0 un poids de 10 kg.<\/p>","protected":false},"featured_media":504525,"template":"","meta":{"_eb_attr":""},"product_brand":[],"product_cat":[159,959],"product_tag":[282,962,287,289,283,1817,288,290,904,1779,291],"class_list":{"0":"post-504530","1":"product","2":"type-product","3":"status-publish","4":"has-post-thumbnail","6":"product_cat-sacs","7":"product_cat-sacs-de-shopping","8":"product_tag-sac","9":"product_tag-sac-de-courses","10":"product_tag-sac-de-transport","11":"product_tag-sac-de-voyage","12":"product_tag-sacs","13":"product_tag-sacs-de-course","14":"product_tag-sacs-de-transport","15":"product_tag-sacs-de-voyage","16":"product_tag-shopping","17":"product_tag-totebag","18":"product_tag-voyage","19":"pa_couleurs-naturel-naturel","20":"pa_matiere-jute-canvas-320-g-m2","21":"pa_pays-d-origine-inde","23":"first","24":"instock","25":"shipping-taxable","26":"purchasable","27":"product-type-variable"},"yoast_head":"<!-- This site is optimized with the Yoast SEO plugin v27.4 - https:\/\/yoast.com\/product\/yoast-seo-wordpress\/ -->\n<title>Sac shopping jute Mumbay 18L - PERLE IN<\/title>\n<meta name=\"robots\" content=\"noindex, follow, max-snippet:-1, max-image-preview:large, max-video-preview:-1\" \/>\n<meta property=\"og:locale\" content=\"en_US\" \/>\n<meta property=\"og:type\" content=\"article\" \/>\n<meta property=\"og:title\" content=\"Sac shopping jute Mumbay 18L - PERLE IN\" \/>\n<meta property=\"og:description\" content=\"Ce sac fourre-tout est fabriqu\u00e9 \u00e0 partir d&#039;une combinaison de coton et de jute de haute qualit\u00e9, ce qui le rend tr\u00e8s r\u00e9sistant. Le grand compartiment principal de 18 litres est parfait pour transporter tous les essentiels du quotidien, de l&#039;ordinateur portable et des livres aux v\u00eatements de sport et \u00e0 la bouteille d&#039;eau. La poche frontale facile d&#039;acc\u00e8s est id\u00e9ale pour ranger les petits objets. Avec une qualit\u00e9 de 320 g\/m\u00b2, ce fourre-tout est un sac super solide et durable pour transporter tous les articles du compartiment principal. Fabriqu\u00e9 en Inde et certifi\u00e9 OEKO-Tex. R\u00e9sistance jusqu&#039;\u00e0 un poids de 10 kg.\" \/>\n<meta property=\"og:url\" content=\"https:\/\/perle-in.com\/en\/product\/sac-shopping-jute-mumbay-18l\/\" \/>\n<meta property=\"og:site_name\" content=\"PERLE IN\" \/>\n<meta property=\"article:modified_time\" content=\"2025-10-13T18:26:32+00:00\" \/>\n<meta property=\"og:image\" content=\"https:\/\/perle-in.com\/wp-content\/uploads\/2025\/10\/11952600-1.jpg\" \/>\n\t<meta property=\"og:image:width\" content=\"1600\" \/>\n\t<meta property=\"og:image:height\" content=\"1600\" \/>\n\t<meta property=\"og:image:type\" content=\"image\/jpeg\" \/>\n<meta name=\"twitter:card\" content=\"summary_large_image\" \/>\n<script type=\"application\/ld+json\" class=\"yoast-schema-graph\">{\"@context\":\"https:\\\/\\\/schema.org\",\"@graph\":[{\"@type\":\"WebPage\",\"@id\":\"https:\\\/\\\/perle-in.com\\\/produit\\\/sac-shopping-jute-mumbay-18l\\\/\",\"url\":\"https:\\\/\\\/perle-in.com\\\/produit\\\/sac-shopping-jute-mumbay-18l\\\/\",\"name\":\"Sac shopping jute Mumbay 18L - PERLE IN\",\"isPartOf\":{\"@id\":\"https:\\\/\\\/perle-in.com\\\/#website\"},\"primaryImageOfPage\":{\"@id\":\"https:\\\/\\\/perle-in.com\\\/produit\\\/sac-shopping-jute-mumbay-18l\\\/#primaryimage\"},\"image\":{\"@id\":\"https:\\\/\\\/perle-in.com\\\/produit\\\/sac-shopping-jute-mumbay-18l\\\/#primaryimage\"},\"thumbnailUrl\":\"https:\\\/\\\/perle-in.com\\\/wp-content\\\/uploads\\\/2025\\\/10\\\/11952600-1.jpg\",\"datePublished\":\"2025-10-13T18:26:30+00:00\",\"dateModified\":\"2025-10-13T18:26:32+00:00\",\"breadcrumb\":{\"@id\":\"https:\\\/\\\/perle-in.com\\\/produit\\\/sac-shopping-jute-mumbay-18l\\\/#breadcrumb\"},\"inLanguage\":\"en-CA\",\"potentialAction\":[{\"@type\":\"ReadAction\",\"target\":[\"https:\\\/\\\/perle-in.com\\\/produit\\\/sac-shopping-jute-mumbay-18l\\\/\"]}]},{\"@type\":\"ImageObject\",\"inLanguage\":\"en-CA\",\"@id\":\"https:\\\/\\\/perle-in.com\\\/produit\\\/sac-shopping-jute-mumbay-18l\\\/#primaryimage\",\"url\":\"https:\\\/\\\/perle-in.com\\\/wp-content\\\/uploads\\\/2025\\\/10\\\/11952600-1.jpg\",\"contentUrl\":\"https:\\\/\\\/perle-in.com\\\/wp-content\\\/uploads\\\/2025\\\/10\\\/11952600-1.jpg\",\"width\":1600,\"height\":1600},{\"@type\":\"BreadcrumbList\",\"@id\":\"https:\\\/\\\/perle-in.com\\\/produit\\\/sac-shopping-jute-mumbay-18l\\\/#breadcrumb\",\"itemListElement\":[{\"@type\":\"ListItem\",\"position\":1,\"name\":\"Accueil\",\"item\":\"https:\\\/\\\/perle-in.com\\\/\"},{\"@type\":\"ListItem\",\"position\":2,\"name\":\"Boutique\",\"item\":\"https:\\\/\\\/perle-in.com\\\/boutique\\\/\"},{\"@type\":\"ListItem\",\"position\":3,\"name\":\"Sac shopping jute Mumbay 18L\"}]},{\"@type\":\"WebSite\",\"@id\":\"https:\\\/\\\/perle-in.com\\\/#website\",\"url\":\"https:\\\/\\\/perle-in.com\\\/\",\"name\":\"PERLE IN\",\"description\":\"\",\"publisher\":{\"@id\":\"https:\\\/\\\/perle-in.com\\\/#organization\"},\"potentialAction\":[{\"@type\":\"SearchAction\",\"target\":{\"@type\":\"EntryPoint\",\"urlTemplate\":\"https:\\\/\\\/perle-in.com\\\/?s={search_term_string}\"},\"query-input\":{\"@type\":\"PropertyValueSpecification\",\"valueRequired\":true,\"valueName\":\"search_term_string\"}}],\"inLanguage\":\"en-CA\"},{\"@type\":\"Organization\",\"@id\":\"https:\\\/\\\/perle-in.com\\\/#organization\",\"name\":\"PERLE IN\",\"url\":\"https:\\\/\\\/perle-in.com\\\/\",\"logo\":{\"@type\":\"ImageObject\",\"inLanguage\":\"en-CA\",\"@id\":\"https:\\\/\\\/perle-in.com\\\/#\\\/schema\\\/logo\\\/image\\\/\",\"url\":\"https:\\\/\\\/perle-in.com\\\/wp-content\\\/uploads\\\/2022\\\/12\\\/LOGO-PERLE-IN-COULEUR@3x.webp\",\"contentUrl\":\"https:\\\/\\\/perle-in.com\\\/wp-content\\\/uploads\\\/2022\\\/12\\\/LOGO-PERLE-IN-COULEUR@3x.webp\",\"width\":1600,\"height\":490,\"caption\":\"PERLE IN\"},\"image\":{\"@id\":\"https:\\\/\\\/perle-in.com\\\/#\\\/schema\\\/logo\\\/image\\\/\"}}]}<\/script>\n<!-- \/ Yoast SEO plugin. -->","yoast_head_json":{"title":"Sac shopping jute Mumbay 18L - PERLE IN","robots":{"index":"noindex","follow":"follow","max-snippet":"max-snippet:-1","max-image-preview":"max-image-preview:large","max-video-preview":"max-video-preview:-1"},"og_locale":"en_US","og_type":"article","og_title":"Sac shopping jute Mumbay 18L - PERLE IN","og_description":"Ce sac fourre-tout est fabriqu\u00e9 \u00e0 partir d'une combinaison de coton et de jute de haute qualit\u00e9, ce qui le rend tr\u00e8s r\u00e9sistant. Le grand compartiment principal de 18 litres est parfait pour transporter tous les essentiels du quotidien, de l'ordinateur portable et des livres aux v\u00eatements de sport et \u00e0 la bouteille d'eau. La poche frontale facile d'acc\u00e8s est id\u00e9ale pour ranger les petits objets. Avec une qualit\u00e9 de 320 g\/m\u00b2, ce fourre-tout est un sac super solide et durable pour transporter tous les articles du compartiment principal. Fabriqu\u00e9 en Inde et certifi\u00e9 OEKO-Tex. R\u00e9sistance jusqu'\u00e0 un poids de 10 kg.","og_url":"https:\/\/perle-in.com\/en\/product\/sac-shopping-jute-mumbay-18l\/","og_site_name":"PERLE IN","article_modified_time":"2025-10-13T18:26:32+00:00","og_image":[{"width":1600,"height":1600,"url":"https:\/\/perle-in.com\/wp-content\/uploads\/2025\/10\/11952600-1.jpg","type":"image\/jpeg"}],"twitter_card":"summary_large_image","schema":{"@context":"https:\/\/schema.org","@graph":[{"@type":"WebPage","@id":"https:\/\/perle-in.com\/produit\/sac-shopping-jute-mumbay-18l\/","url":"https:\/\/perle-in.com\/produit\/sac-shopping-jute-mumbay-18l\/","name":"Sac shopping jute Mumbay 18L - PERLE IN","isPartOf":{"@id":"https:\/\/perle-in.com\/#website"},"primaryImageOfPage":{"@id":"https:\/\/perle-in.com\/produit\/sac-shopping-jute-mumbay-18l\/#primaryimage"},"image":{"@id":"https:\/\/perle-in.com\/produit\/sac-shopping-jute-mumbay-18l\/#primaryimage"},"thumbnailUrl":"https:\/\/perle-in.com\/wp-content\/uploads\/2025\/10\/11952600-1.jpg","datePublished":"2025-10-13T18:26:30+00:00","dateModified":"2025-10-13T18:26:32+00:00","breadcrumb":{"@id":"https:\/\/perle-in.com\/produit\/sac-shopping-jute-mumbay-18l\/#breadcrumb"},"inLanguage":"en-CA","potentialAction":[{"@type":"ReadAction","target":["https:\/\/perle-in.com\/produit\/sac-shopping-jute-mumbay-18l\/"]}]},{"@type":"ImageObject","inLanguage":"en-CA","@id":"https:\/\/perle-in.com\/produit\/sac-shopping-jute-mumbay-18l\/#primaryimage","url":"https:\/\/perle-in.com\/wp-content\/uploads\/2025\/10\/11952600-1.jpg","contentUrl":"https:\/\/perle-in.com\/wp-content\/uploads\/2025\/10\/11952600-1.jpg","width":1600,"height":1600},{"@type":"BreadcrumbList","@id":"https:\/\/perle-in.com\/produit\/sac-shopping-jute-mumbay-18l\/#breadcrumb","itemListElement":[{"@type":"ListItem","position":1,"name":"Accueil","item":"https:\/\/perle-in.com\/"},{"@type":"ListItem","position":2,"name":"Boutique","item":"https:\/\/perle-in.com\/boutique\/"},{"@type":"ListItem","position":3,"name":"Sac shopping jute Mumbay 18L"}]},{"@type":"WebSite","@id":"https:\/\/perle-in.com\/#website","url":"https:\/\/perle-in.com\/","name":"PERLE IN","description":"","publisher":{"@id":"https:\/\/perle-in.com\/#organization"},"potentialAction":[{"@type":"SearchAction","target":{"@type":"EntryPoint","urlTemplate":"https:\/\/perle-in.com\/?s={search_term_string}"},"query-input":{"@type":"PropertyValueSpecification","valueRequired":true,"valueName":"search_term_string"}}],"inLanguage":"en-CA"},{"@type":"Organization","@id":"https:\/\/perle-in.com\/#organization","name":"PERLE IN","url":"https:\/\/perle-in.com\/","logo":{"@type":"ImageObject","inLanguage":"en-CA","@id":"https:\/\/perle-in.com\/#\/schema\/logo\/image\/","url":"https:\/\/perle-in.com\/wp-content\/uploads\/2022\/12\/LOGO-PERLE-IN-COULEUR@3x.webp","contentUrl":"https:\/\/perle-in.com\/wp-content\/uploads\/2022\/12\/LOGO-PERLE-IN-COULEUR@3x.webp","width":1600,"height":490,"caption":"PERLE IN"},"image":{"@id":"https:\/\/perle-in.com\/#\/schema\/logo\/image\/"}}]}},"jetpack_sharing_enabled":true,"_links":{"self":[{"href":"https:\/\/perle-in.com\/en\/wp-json\/wp\/v2\/product\/504530","targetHints":{"allow":["GET"]}}],"collection":[{"href":"https:\/\/perle-in.com\/en\/wp-json\/wp\/v2\/product"}],"about":[{"href":"https:\/\/perle-in.com\/en\/wp-json\/wp\/v2\/types\/product"}],"version-history":[{"count":0,"href":"https:\/\/perle-in.com\/en\/wp-json\/wp\/v2\/product\/504530\/revisions"}],"wp:featuredmedia":[{"embeddable":true,"href":"https:\/\/perle-in.com\/en\/wp-json\/wp\/v2\/media\/504525"}],"wp:attachment":[{"href":"https:\/\/perle-in.com\/en\/wp-json\/wp\/v2\/media?parent=504530"}],"wp:term":[{"taxonomy":"product_brand","embeddable":true,"href":"https:\/\/perle-in.com\/en\/wp-json\/wp\/v2\/product_brand?post=504530"},{"taxonomy":"product_cat","embeddable":true,"href":"https:\/\/perle-in.com\/en\/wp-json\/wp\/v2\/product_cat?post=504530"},{"taxonomy":"product_tag","embeddable":true,"href":"https:\/\/perle-in.com\/en\/wp-json\/wp\/v2\/product_tag?post=504530"}],"curies":[{"name":"wp","href":"https:\/\/api.w.org\/{rel}","templated":true}]}}