{"id":504509,"date":"2025-10-13T20:24:30","date_gmt":"2025-10-13T18:24:30","guid":{"rendered":"https:\/\/perle-in.com\/produit\/sac-a-dos-running-22l\/"},"modified":"2025-10-13T20:24:34","modified_gmt":"2025-10-13T18:24:34","slug":"sac-a-dos-running-22l","status":"publish","type":"product","link":"https:\/\/perle-in.com\/en\/product\/sac-a-dos-running-22l\/","title":{"rendered":"Sac \u00e0 dos Running 22L"},"content":{"rendered":"","protected":false},"excerpt":{"rendered":"<p>Le Boomerang est un sac \u00e0 dos promotionnel qui attire l&#8217;attention et est disponible en plusieurs combinaisons de couleurs vives. Avec son compartiment principal \u00e0 fermeture \u00e0 glissi\u00e8re et une poche frontale \u00e0 fermeture \u00e0 glissi\u00e8re, ainsi qu&#8217;une organisation int\u00e9rieure pratique, ce sac \u00e0 dos \u00e0 l&#8217;allure sportive offre beaucoup d&#8217;espace pour transporter petits et grands objets. La poche lat\u00e9rale en maille filet permet \u00e9galement de ranger de petits objets. Il est dot\u00e9 d&#8217;\u00e9paulettes matelass\u00e9es et r\u00e9glables et convient donc \u00e0 tous les adultes. Le sac \u00e0 dos Boomerang est fabriqu\u00e9 en polyester 600D durable, et en polypropyl\u00e8ne non tiss\u00e9 (80 g\/m\u00b2).<\/p>","protected":false},"featured_media":504503,"template":"","meta":{"_eb_attr":""},"product_brand":[],"product_cat":[159],"product_tag":[284,286,285,282,1347,287,289,283,1348,288,290,291],"class_list":{"0":"post-504509","1":"product","2":"type-product","3":"status-publish","4":"has-post-thumbnail","6":"product_cat-sacs","7":"product_tag-bagage","8":"product_tag-bagagerie","9":"product_tag-bagages","10":"product_tag-sac","11":"product_tag-sac-a-dos","12":"product_tag-sac-de-transport","13":"product_tag-sac-de-voyage","14":"product_tag-sacs","15":"product_tag-sacs-a-dos","16":"product_tag-sacs-de-transport","17":"product_tag-sacs-de-voyage","18":"product_tag-voyage","19":"pa_couleurs-bleu-royal-noir","20":"pa_couleurs-noir-noir","21":"pa_couleurs-rouge-noir","22":"pa_matiere-600d-polyester-polypropylene-non-tisse-80-g-m2","24":"first","25":"instock","26":"shipping-taxable","27":"purchasable","28":"product-type-variable"},"yoast_head":"<!-- This site is optimized with the Yoast SEO plugin v27.4 - https:\/\/yoast.com\/product\/yoast-seo-wordpress\/ -->\n<title>Sac \u00e0 dos Running 22L - PERLE IN<\/title>\n<meta name=\"robots\" content=\"noindex, follow, max-snippet:-1, max-image-preview:large, max-video-preview:-1\" \/>\n<meta property=\"og:locale\" content=\"en_US\" \/>\n<meta property=\"og:type\" content=\"article\" \/>\n<meta property=\"og:title\" content=\"Sac \u00e0 dos Running 22L - PERLE IN\" \/>\n<meta property=\"og:description\" content=\"Le Boomerang est un sac \u00e0 dos promotionnel qui attire l&#039;attention et est disponible en plusieurs combinaisons de couleurs vives. Avec son compartiment principal \u00e0 fermeture \u00e0 glissi\u00e8re et une poche frontale \u00e0 fermeture \u00e0 glissi\u00e8re, ainsi qu&#039;une organisation int\u00e9rieure pratique, ce sac \u00e0 dos \u00e0 l&#039;allure sportive offre beaucoup d&#039;espace pour transporter petits et grands objets. La poche lat\u00e9rale en maille filet permet \u00e9galement de ranger de petits objets. Il est dot\u00e9 d&#039;\u00e9paulettes matelass\u00e9es et r\u00e9glables et convient donc \u00e0 tous les adultes. Le sac \u00e0 dos Boomerang est fabriqu\u00e9 en polyester 600D durable, et en polypropyl\u00e8ne non tiss\u00e9 (80 g\/m\u00b2).\" \/>\n<meta property=\"og:url\" content=\"https:\/\/perle-in.com\/en\/product\/sac-a-dos-running-22l\/\" \/>\n<meta property=\"og:site_name\" content=\"PERLE IN\" \/>\n<meta property=\"article:modified_time\" content=\"2025-10-13T18:24:34+00:00\" \/>\n<meta property=\"og:image\" content=\"https:\/\/perle-in.com\/wp-content\/uploads\/2025\/10\/11951000-1.jpg\" \/>\n\t<meta property=\"og:image:width\" content=\"1600\" \/>\n\t<meta property=\"og:image:height\" content=\"1600\" \/>\n\t<meta property=\"og:image:type\" content=\"image\/jpeg\" \/>\n<meta name=\"twitter:card\" content=\"summary_large_image\" \/>\n<script type=\"application\/ld+json\" class=\"yoast-schema-graph\">{\"@context\":\"https:\\\/\\\/schema.org\",\"@graph\":[{\"@type\":\"WebPage\",\"@id\":\"https:\\\/\\\/perle-in.com\\\/produit\\\/sac-a-dos-running-22l\\\/\",\"url\":\"https:\\\/\\\/perle-in.com\\\/produit\\\/sac-a-dos-running-22l\\\/\",\"name\":\"Sac \u00e0 dos Running 22L - PERLE IN\",\"isPartOf\":{\"@id\":\"https:\\\/\\\/perle-in.com\\\/#website\"},\"primaryImageOfPage\":{\"@id\":\"https:\\\/\\\/perle-in.com\\\/produit\\\/sac-a-dos-running-22l\\\/#primaryimage\"},\"image\":{\"@id\":\"https:\\\/\\\/perle-in.com\\\/produit\\\/sac-a-dos-running-22l\\\/#primaryimage\"},\"thumbnailUrl\":\"https:\\\/\\\/perle-in.com\\\/wp-content\\\/uploads\\\/2025\\\/10\\\/11951000-1.jpg\",\"datePublished\":\"2025-10-13T18:24:30+00:00\",\"dateModified\":\"2025-10-13T18:24:34+00:00\",\"breadcrumb\":{\"@id\":\"https:\\\/\\\/perle-in.com\\\/produit\\\/sac-a-dos-running-22l\\\/#breadcrumb\"},\"inLanguage\":\"en-CA\",\"potentialAction\":[{\"@type\":\"ReadAction\",\"target\":[\"https:\\\/\\\/perle-in.com\\\/produit\\\/sac-a-dos-running-22l\\\/\"]}]},{\"@type\":\"ImageObject\",\"inLanguage\":\"en-CA\",\"@id\":\"https:\\\/\\\/perle-in.com\\\/produit\\\/sac-a-dos-running-22l\\\/#primaryimage\",\"url\":\"https:\\\/\\\/perle-in.com\\\/wp-content\\\/uploads\\\/2025\\\/10\\\/11951000-1.jpg\",\"contentUrl\":\"https:\\\/\\\/perle-in.com\\\/wp-content\\\/uploads\\\/2025\\\/10\\\/11951000-1.jpg\",\"width\":1600,\"height\":1600},{\"@type\":\"BreadcrumbList\",\"@id\":\"https:\\\/\\\/perle-in.com\\\/produit\\\/sac-a-dos-running-22l\\\/#breadcrumb\",\"itemListElement\":[{\"@type\":\"ListItem\",\"position\":1,\"name\":\"Accueil\",\"item\":\"https:\\\/\\\/perle-in.com\\\/\"},{\"@type\":\"ListItem\",\"position\":2,\"name\":\"Boutique\",\"item\":\"https:\\\/\\\/perle-in.com\\\/boutique\\\/\"},{\"@type\":\"ListItem\",\"position\":3,\"name\":\"Sac \u00e0 dos Running 22L\"}]},{\"@type\":\"WebSite\",\"@id\":\"https:\\\/\\\/perle-in.com\\\/#website\",\"url\":\"https:\\\/\\\/perle-in.com\\\/\",\"name\":\"PERLE IN\",\"description\":\"\",\"publisher\":{\"@id\":\"https:\\\/\\\/perle-in.com\\\/#organization\"},\"potentialAction\":[{\"@type\":\"SearchAction\",\"target\":{\"@type\":\"EntryPoint\",\"urlTemplate\":\"https:\\\/\\\/perle-in.com\\\/?s={search_term_string}\"},\"query-input\":{\"@type\":\"PropertyValueSpecification\",\"valueRequired\":true,\"valueName\":\"search_term_string\"}}],\"inLanguage\":\"en-CA\"},{\"@type\":\"Organization\",\"@id\":\"https:\\\/\\\/perle-in.com\\\/#organization\",\"name\":\"PERLE IN\",\"url\":\"https:\\\/\\\/perle-in.com\\\/\",\"logo\":{\"@type\":\"ImageObject\",\"inLanguage\":\"en-CA\",\"@id\":\"https:\\\/\\\/perle-in.com\\\/#\\\/schema\\\/logo\\\/image\\\/\",\"url\":\"https:\\\/\\\/perle-in.com\\\/wp-content\\\/uploads\\\/2022\\\/12\\\/LOGO-PERLE-IN-COULEUR@3x.webp\",\"contentUrl\":\"https:\\\/\\\/perle-in.com\\\/wp-content\\\/uploads\\\/2022\\\/12\\\/LOGO-PERLE-IN-COULEUR@3x.webp\",\"width\":1600,\"height\":490,\"caption\":\"PERLE IN\"},\"image\":{\"@id\":\"https:\\\/\\\/perle-in.com\\\/#\\\/schema\\\/logo\\\/image\\\/\"}}]}<\/script>\n<!-- \/ Yoast SEO plugin. -->","yoast_head_json":{"title":"Sac \u00e0 dos Running 22L - PERLE IN","robots":{"index":"noindex","follow":"follow","max-snippet":"max-snippet:-1","max-image-preview":"max-image-preview:large","max-video-preview":"max-video-preview:-1"},"og_locale":"en_US","og_type":"article","og_title":"Sac \u00e0 dos Running 22L - PERLE IN","og_description":"Le Boomerang est un sac \u00e0 dos promotionnel qui attire l'attention et est disponible en plusieurs combinaisons de couleurs vives. Avec son compartiment principal \u00e0 fermeture \u00e0 glissi\u00e8re et une poche frontale \u00e0 fermeture \u00e0 glissi\u00e8re, ainsi qu'une organisation int\u00e9rieure pratique, ce sac \u00e0 dos \u00e0 l'allure sportive offre beaucoup d'espace pour transporter petits et grands objets. La poche lat\u00e9rale en maille filet permet \u00e9galement de ranger de petits objets. Il est dot\u00e9 d'\u00e9paulettes matelass\u00e9es et r\u00e9glables et convient donc \u00e0 tous les adultes. Le sac \u00e0 dos Boomerang est fabriqu\u00e9 en polyester 600D durable, et en polypropyl\u00e8ne non tiss\u00e9 (80 g\/m\u00b2).","og_url":"https:\/\/perle-in.com\/en\/product\/sac-a-dos-running-22l\/","og_site_name":"PERLE IN","article_modified_time":"2025-10-13T18:24:34+00:00","og_image":[{"width":1600,"height":1600,"url":"https:\/\/perle-in.com\/wp-content\/uploads\/2025\/10\/11951000-1.jpg","type":"image\/jpeg"}],"twitter_card":"summary_large_image","schema":{"@context":"https:\/\/schema.org","@graph":[{"@type":"WebPage","@id":"https:\/\/perle-in.com\/produit\/sac-a-dos-running-22l\/","url":"https:\/\/perle-in.com\/produit\/sac-a-dos-running-22l\/","name":"Sac \u00e0 dos Running 22L - PERLE IN","isPartOf":{"@id":"https:\/\/perle-in.com\/#website"},"primaryImageOfPage":{"@id":"https:\/\/perle-in.com\/produit\/sac-a-dos-running-22l\/#primaryimage"},"image":{"@id":"https:\/\/perle-in.com\/produit\/sac-a-dos-running-22l\/#primaryimage"},"thumbnailUrl":"https:\/\/perle-in.com\/wp-content\/uploads\/2025\/10\/11951000-1.jpg","datePublished":"2025-10-13T18:24:30+00:00","dateModified":"2025-10-13T18:24:34+00:00","breadcrumb":{"@id":"https:\/\/perle-in.com\/produit\/sac-a-dos-running-22l\/#breadcrumb"},"inLanguage":"en-CA","potentialAction":[{"@type":"ReadAction","target":["https:\/\/perle-in.com\/produit\/sac-a-dos-running-22l\/"]}]},{"@type":"ImageObject","inLanguage":"en-CA","@id":"https:\/\/perle-in.com\/produit\/sac-a-dos-running-22l\/#primaryimage","url":"https:\/\/perle-in.com\/wp-content\/uploads\/2025\/10\/11951000-1.jpg","contentUrl":"https:\/\/perle-in.com\/wp-content\/uploads\/2025\/10\/11951000-1.jpg","width":1600,"height":1600},{"@type":"BreadcrumbList","@id":"https:\/\/perle-in.com\/produit\/sac-a-dos-running-22l\/#breadcrumb","itemListElement":[{"@type":"ListItem","position":1,"name":"Accueil","item":"https:\/\/perle-in.com\/"},{"@type":"ListItem","position":2,"name":"Boutique","item":"https:\/\/perle-in.com\/boutique\/"},{"@type":"ListItem","position":3,"name":"Sac \u00e0 dos Running 22L"}]},{"@type":"WebSite","@id":"https:\/\/perle-in.com\/#website","url":"https:\/\/perle-in.com\/","name":"PERLE IN","description":"","publisher":{"@id":"https:\/\/perle-in.com\/#organization"},"potentialAction":[{"@type":"SearchAction","target":{"@type":"EntryPoint","urlTemplate":"https:\/\/perle-in.com\/?s={search_term_string}"},"query-input":{"@type":"PropertyValueSpecification","valueRequired":true,"valueName":"search_term_string"}}],"inLanguage":"en-CA"},{"@type":"Organization","@id":"https:\/\/perle-in.com\/#organization","name":"PERLE IN","url":"https:\/\/perle-in.com\/","logo":{"@type":"ImageObject","inLanguage":"en-CA","@id":"https:\/\/perle-in.com\/#\/schema\/logo\/image\/","url":"https:\/\/perle-in.com\/wp-content\/uploads\/2022\/12\/LOGO-PERLE-IN-COULEUR@3x.webp","contentUrl":"https:\/\/perle-in.com\/wp-content\/uploads\/2022\/12\/LOGO-PERLE-IN-COULEUR@3x.webp","width":1600,"height":490,"caption":"PERLE IN"},"image":{"@id":"https:\/\/perle-in.com\/#\/schema\/logo\/image\/"}}]}},"jetpack_sharing_enabled":true,"_links":{"self":[{"href":"https:\/\/perle-in.com\/en\/wp-json\/wp\/v2\/product\/504509","targetHints":{"allow":["GET"]}}],"collection":[{"href":"https:\/\/perle-in.com\/en\/wp-json\/wp\/v2\/product"}],"about":[{"href":"https:\/\/perle-in.com\/en\/wp-json\/wp\/v2\/types\/product"}],"version-history":[{"count":0,"href":"https:\/\/perle-in.com\/en\/wp-json\/wp\/v2\/product\/504509\/revisions"}],"wp:featuredmedia":[{"embeddable":true,"href":"https:\/\/perle-in.com\/en\/wp-json\/wp\/v2\/media\/504503"}],"wp:attachment":[{"href":"https:\/\/perle-in.com\/en\/wp-json\/wp\/v2\/media?parent=504509"}],"wp:term":[{"taxonomy":"product_brand","embeddable":true,"href":"https:\/\/perle-in.com\/en\/wp-json\/wp\/v2\/product_brand?post=504509"},{"taxonomy":"product_cat","embeddable":true,"href":"https:\/\/perle-in.com\/en\/wp-json\/wp\/v2\/product_cat?post=504509"},{"taxonomy":"product_tag","embeddable":true,"href":"https:\/\/perle-in.com\/en\/wp-json\/wp\/v2\/product_tag?post=504509"}],"curies":[{"name":"wp","href":"https:\/\/api.w.org\/{rel}","templated":true}]}}