{"id":504419,"date":"2025-10-13T20:17:59","date_gmt":"2025-10-13T18:17:59","guid":{"rendered":"https:\/\/perle-in.com\/produit\/sac-shopping-coton-carolina-100-gr-m%c2%b2-7l\/"},"modified":"2025-10-13T20:18:16","modified_gmt":"2025-10-13T18:18:16","slug":"sac-shopping-coton-carolina-100-gr-m%c2%b2-7l","status":"publish","type":"product","link":"https:\/\/perle-in.com\/en\/product\/sac-shopping-coton-carolina-100-gr-m%c2%b2-7l\/","title":{"rendered":"Sac shopping coton Carolina 100 gr\/m\u00b2 7L"},"content":{"rendered":"","protected":false},"excerpt":{"rendered":"<p>Le sac fourre-tout Carolina est un sac pratique et \u00e9conomique pour les \u00e9v\u00e9nements, les conf\u00e9rences ou les expositions. Ce sac fourre-tout l\u00e9ger est parfait pour transporter des articles l\u00e9gers comme des brochures, des prospectus ou des cadeaux publicitaires. Les bretelles de 30 cm de long permettent de transporter facilement ce sac. Fabriqu\u00e9 en Inde avec du coton certifi\u00e9 OEKO-Tex de 100 g\/m\u00b2. R\u00e9sistance jusqu&#8217;\u00e0 un poids de 5 kg.<\/p>","protected":false},"featured_media":504397,"template":"","meta":{"_eb_attr":""},"product_brand":[],"product_cat":[159,1216],"product_tag":[1009,1792,1786,1796,1797,1787,1794,282,1795,1789,287,289,1788,1790,1798,1799,283,1793,288,290,1791,1800,1801,1779,291],"class_list":{"0":"post-504419","1":"product","2":"type-product","3":"status-publish","4":"has-post-thumbnail","6":"product_cat-sacs","7":"product_cat-sacs-en-coton","8":"product_tag-conference","9":"product_tag-conferences","10":"product_tag-coton","11":"product_tag-document","12":"product_tag-documents","13":"product_tag-fourre-tout-en-coton","14":"product_tag-porte-documents","15":"product_tag-sac","16":"product_tag-sac-de-conference","17":"product_tag-sac-de-courses-en-coton","18":"product_tag-sac-de-transport","19":"product_tag-sac-de-voyage","20":"product_tag-sac-en-coton","21":"product_tag-sac-shopping","22":"product_tag-sacoche","23":"product_tag-sacoches","24":"product_tag-sacs","25":"product_tag-sacs-de-conference","26":"product_tag-sacs-de-transport","27":"product_tag-sacs-de-voyage","28":"product_tag-sacs-shopping","29":"product_tag-serviette","30":"product_tag-serviettes","31":"product_tag-totebag","32":"product_tag-voyage","33":"pa_couleurs-blanc","34":"pa_couleurs-bleu-process","35":"pa_couleurs-bleu-royal","36":"pa_couleurs-citron-vert","37":"pa_couleurs-gris","38":"pa_couleurs-jaune","39":"pa_couleurs-lavande","40":"pa_couleurs-magenta","41":"pa_couleurs-marine","42":"pa_couleurs-naturel","43":"pa_couleurs-noir","44":"pa_couleurs-orange","45":"pa_couleurs-rouge","46":"pa_couleurs-vert-foret","47":"pa_couleurs-vert-vif","48":"pa_matiere-coton-100-g-m2","49":"pa_pays-d-origine-inde","51":"first","52":"instock","53":"shipping-taxable","54":"purchasable","55":"product-type-variable"},"yoast_head":"<!-- This site is optimized with the Yoast SEO plugin v27.4 - https:\/\/yoast.com\/product\/yoast-seo-wordpress\/ -->\n<title>Sac shopping coton Carolina 100 gr\/m\u00b2 7L - PERLE IN<\/title>\n<meta name=\"robots\" content=\"noindex, follow, max-snippet:-1, max-image-preview:large, max-video-preview:-1\" \/>\n<meta property=\"og:locale\" content=\"en_US\" \/>\n<meta property=\"og:type\" content=\"article\" \/>\n<meta property=\"og:title\" content=\"Sac shopping coton Carolina 100 gr\/m\u00b2 7L - PERLE IN\" \/>\n<meta property=\"og:description\" content=\"Le sac fourre-tout Carolina est un sac pratique et \u00e9conomique pour les \u00e9v\u00e9nements, les conf\u00e9rences ou les expositions. Ce sac fourre-tout l\u00e9ger est parfait pour transporter des articles l\u00e9gers comme des brochures, des prospectus ou des cadeaux publicitaires. Les bretelles de 30 cm de long permettent de transporter facilement ce sac. Fabriqu\u00e9 en Inde avec du coton certifi\u00e9 OEKO-Tex de 100 g\/m\u00b2. R\u00e9sistance jusqu&#039;\u00e0 un poids de 5 kg.\" \/>\n<meta property=\"og:url\" content=\"https:\/\/perle-in.com\/en\/product\/sac-shopping-coton-carolina-100-gr-m\u00b2-7l\/\" \/>\n<meta property=\"og:site_name\" content=\"PERLE IN\" \/>\n<meta property=\"article:modified_time\" content=\"2025-10-13T18:18:16+00:00\" \/>\n<meta property=\"og:image\" content=\"https:\/\/perle-in.com\/wp-content\/uploads\/2025\/10\/11941100-1.jpg\" \/>\n\t<meta property=\"og:image:width\" content=\"1600\" \/>\n\t<meta property=\"og:image:height\" content=\"1600\" \/>\n\t<meta property=\"og:image:type\" content=\"image\/jpeg\" \/>\n<meta name=\"twitter:card\" content=\"summary_large_image\" \/>\n<script type=\"application\/ld+json\" class=\"yoast-schema-graph\">{\"@context\":\"https:\\\/\\\/schema.org\",\"@graph\":[{\"@type\":\"WebPage\",\"@id\":\"https:\\\/\\\/perle-in.com\\\/produit\\\/sac-shopping-coton-carolina-100-gr-m%c2%b2-7l\\\/\",\"url\":\"https:\\\/\\\/perle-in.com\\\/produit\\\/sac-shopping-coton-carolina-100-gr-m%c2%b2-7l\\\/\",\"name\":\"Sac shopping coton Carolina 100 gr\\\/m\u00b2 7L - PERLE IN\",\"isPartOf\":{\"@id\":\"https:\\\/\\\/perle-in.com\\\/#website\"},\"primaryImageOfPage\":{\"@id\":\"https:\\\/\\\/perle-in.com\\\/produit\\\/sac-shopping-coton-carolina-100-gr-m%c2%b2-7l\\\/#primaryimage\"},\"image\":{\"@id\":\"https:\\\/\\\/perle-in.com\\\/produit\\\/sac-shopping-coton-carolina-100-gr-m%c2%b2-7l\\\/#primaryimage\"},\"thumbnailUrl\":\"https:\\\/\\\/perle-in.com\\\/wp-content\\\/uploads\\\/2025\\\/10\\\/11941100-1.jpg\",\"datePublished\":\"2025-10-13T18:17:59+00:00\",\"dateModified\":\"2025-10-13T18:18:16+00:00\",\"breadcrumb\":{\"@id\":\"https:\\\/\\\/perle-in.com\\\/produit\\\/sac-shopping-coton-carolina-100-gr-m%c2%b2-7l\\\/#breadcrumb\"},\"inLanguage\":\"en-CA\",\"potentialAction\":[{\"@type\":\"ReadAction\",\"target\":[\"https:\\\/\\\/perle-in.com\\\/produit\\\/sac-shopping-coton-carolina-100-gr-m%c2%b2-7l\\\/\"]}]},{\"@type\":\"ImageObject\",\"inLanguage\":\"en-CA\",\"@id\":\"https:\\\/\\\/perle-in.com\\\/produit\\\/sac-shopping-coton-carolina-100-gr-m%c2%b2-7l\\\/#primaryimage\",\"url\":\"https:\\\/\\\/perle-in.com\\\/wp-content\\\/uploads\\\/2025\\\/10\\\/11941100-1.jpg\",\"contentUrl\":\"https:\\\/\\\/perle-in.com\\\/wp-content\\\/uploads\\\/2025\\\/10\\\/11941100-1.jpg\",\"width\":1600,\"height\":1600},{\"@type\":\"BreadcrumbList\",\"@id\":\"https:\\\/\\\/perle-in.com\\\/produit\\\/sac-shopping-coton-carolina-100-gr-m%c2%b2-7l\\\/#breadcrumb\",\"itemListElement\":[{\"@type\":\"ListItem\",\"position\":1,\"name\":\"Accueil\",\"item\":\"https:\\\/\\\/perle-in.com\\\/\"},{\"@type\":\"ListItem\",\"position\":2,\"name\":\"Boutique\",\"item\":\"https:\\\/\\\/perle-in.com\\\/boutique\\\/\"},{\"@type\":\"ListItem\",\"position\":3,\"name\":\"Sac shopping coton Carolina 100 gr\\\/m\u00b2 7L\"}]},{\"@type\":\"WebSite\",\"@id\":\"https:\\\/\\\/perle-in.com\\\/#website\",\"url\":\"https:\\\/\\\/perle-in.com\\\/\",\"name\":\"PERLE IN\",\"description\":\"\",\"publisher\":{\"@id\":\"https:\\\/\\\/perle-in.com\\\/#organization\"},\"potentialAction\":[{\"@type\":\"SearchAction\",\"target\":{\"@type\":\"EntryPoint\",\"urlTemplate\":\"https:\\\/\\\/perle-in.com\\\/?s={search_term_string}\"},\"query-input\":{\"@type\":\"PropertyValueSpecification\",\"valueRequired\":true,\"valueName\":\"search_term_string\"}}],\"inLanguage\":\"en-CA\"},{\"@type\":\"Organization\",\"@id\":\"https:\\\/\\\/perle-in.com\\\/#organization\",\"name\":\"PERLE IN\",\"url\":\"https:\\\/\\\/perle-in.com\\\/\",\"logo\":{\"@type\":\"ImageObject\",\"inLanguage\":\"en-CA\",\"@id\":\"https:\\\/\\\/perle-in.com\\\/#\\\/schema\\\/logo\\\/image\\\/\",\"url\":\"https:\\\/\\\/perle-in.com\\\/wp-content\\\/uploads\\\/2022\\\/12\\\/LOGO-PERLE-IN-COULEUR@3x.webp\",\"contentUrl\":\"https:\\\/\\\/perle-in.com\\\/wp-content\\\/uploads\\\/2022\\\/12\\\/LOGO-PERLE-IN-COULEUR@3x.webp\",\"width\":1600,\"height\":490,\"caption\":\"PERLE IN\"},\"image\":{\"@id\":\"https:\\\/\\\/perle-in.com\\\/#\\\/schema\\\/logo\\\/image\\\/\"}}]}<\/script>\n<!-- \/ Yoast SEO plugin. -->","yoast_head_json":{"title":"Sac shopping coton Carolina 100 gr\/m\u00b2 7L - PERLE IN","robots":{"index":"noindex","follow":"follow","max-snippet":"max-snippet:-1","max-image-preview":"max-image-preview:large","max-video-preview":"max-video-preview:-1"},"og_locale":"en_US","og_type":"article","og_title":"Sac shopping coton Carolina 100 gr\/m\u00b2 7L - PERLE IN","og_description":"Le sac fourre-tout Carolina est un sac pratique et \u00e9conomique pour les \u00e9v\u00e9nements, les conf\u00e9rences ou les expositions. Ce sac fourre-tout l\u00e9ger est parfait pour transporter des articles l\u00e9gers comme des brochures, des prospectus ou des cadeaux publicitaires. Les bretelles de 30 cm de long permettent de transporter facilement ce sac. Fabriqu\u00e9 en Inde avec du coton certifi\u00e9 OEKO-Tex de 100 g\/m\u00b2. R\u00e9sistance jusqu'\u00e0 un poids de 5 kg.","og_url":"https:\/\/perle-in.com\/en\/product\/sac-shopping-coton-carolina-100-gr-m\u00b2-7l\/","og_site_name":"PERLE IN","article_modified_time":"2025-10-13T18:18:16+00:00","og_image":[{"width":1600,"height":1600,"url":"https:\/\/perle-in.com\/wp-content\/uploads\/2025\/10\/11941100-1.jpg","type":"image\/jpeg"}],"twitter_card":"summary_large_image","schema":{"@context":"https:\/\/schema.org","@graph":[{"@type":"WebPage","@id":"https:\/\/perle-in.com\/produit\/sac-shopping-coton-carolina-100-gr-m%c2%b2-7l\/","url":"https:\/\/perle-in.com\/produit\/sac-shopping-coton-carolina-100-gr-m%c2%b2-7l\/","name":"Sac shopping coton Carolina 100 gr\/m\u00b2 7L - PERLE IN","isPartOf":{"@id":"https:\/\/perle-in.com\/#website"},"primaryImageOfPage":{"@id":"https:\/\/perle-in.com\/produit\/sac-shopping-coton-carolina-100-gr-m%c2%b2-7l\/#primaryimage"},"image":{"@id":"https:\/\/perle-in.com\/produit\/sac-shopping-coton-carolina-100-gr-m%c2%b2-7l\/#primaryimage"},"thumbnailUrl":"https:\/\/perle-in.com\/wp-content\/uploads\/2025\/10\/11941100-1.jpg","datePublished":"2025-10-13T18:17:59+00:00","dateModified":"2025-10-13T18:18:16+00:00","breadcrumb":{"@id":"https:\/\/perle-in.com\/produit\/sac-shopping-coton-carolina-100-gr-m%c2%b2-7l\/#breadcrumb"},"inLanguage":"en-CA","potentialAction":[{"@type":"ReadAction","target":["https:\/\/perle-in.com\/produit\/sac-shopping-coton-carolina-100-gr-m%c2%b2-7l\/"]}]},{"@type":"ImageObject","inLanguage":"en-CA","@id":"https:\/\/perle-in.com\/produit\/sac-shopping-coton-carolina-100-gr-m%c2%b2-7l\/#primaryimage","url":"https:\/\/perle-in.com\/wp-content\/uploads\/2025\/10\/11941100-1.jpg","contentUrl":"https:\/\/perle-in.com\/wp-content\/uploads\/2025\/10\/11941100-1.jpg","width":1600,"height":1600},{"@type":"BreadcrumbList","@id":"https:\/\/perle-in.com\/produit\/sac-shopping-coton-carolina-100-gr-m%c2%b2-7l\/#breadcrumb","itemListElement":[{"@type":"ListItem","position":1,"name":"Accueil","item":"https:\/\/perle-in.com\/"},{"@type":"ListItem","position":2,"name":"Boutique","item":"https:\/\/perle-in.com\/boutique\/"},{"@type":"ListItem","position":3,"name":"Sac shopping coton Carolina 100 gr\/m\u00b2 7L"}]},{"@type":"WebSite","@id":"https:\/\/perle-in.com\/#website","url":"https:\/\/perle-in.com\/","name":"PERLE IN","description":"","publisher":{"@id":"https:\/\/perle-in.com\/#organization"},"potentialAction":[{"@type":"SearchAction","target":{"@type":"EntryPoint","urlTemplate":"https:\/\/perle-in.com\/?s={search_term_string}"},"query-input":{"@type":"PropertyValueSpecification","valueRequired":true,"valueName":"search_term_string"}}],"inLanguage":"en-CA"},{"@type":"Organization","@id":"https:\/\/perle-in.com\/#organization","name":"PERLE IN","url":"https:\/\/perle-in.com\/","logo":{"@type":"ImageObject","inLanguage":"en-CA","@id":"https:\/\/perle-in.com\/#\/schema\/logo\/image\/","url":"https:\/\/perle-in.com\/wp-content\/uploads\/2022\/12\/LOGO-PERLE-IN-COULEUR@3x.webp","contentUrl":"https:\/\/perle-in.com\/wp-content\/uploads\/2022\/12\/LOGO-PERLE-IN-COULEUR@3x.webp","width":1600,"height":490,"caption":"PERLE IN"},"image":{"@id":"https:\/\/perle-in.com\/#\/schema\/logo\/image\/"}}]}},"jetpack_sharing_enabled":true,"_links":{"self":[{"href":"https:\/\/perle-in.com\/en\/wp-json\/wp\/v2\/product\/504419","targetHints":{"allow":["GET"]}}],"collection":[{"href":"https:\/\/perle-in.com\/en\/wp-json\/wp\/v2\/product"}],"about":[{"href":"https:\/\/perle-in.com\/en\/wp-json\/wp\/v2\/types\/product"}],"version-history":[{"count":0,"href":"https:\/\/perle-in.com\/en\/wp-json\/wp\/v2\/product\/504419\/revisions"}],"wp:featuredmedia":[{"embeddable":true,"href":"https:\/\/perle-in.com\/en\/wp-json\/wp\/v2\/media\/504397"}],"wp:attachment":[{"href":"https:\/\/perle-in.com\/en\/wp-json\/wp\/v2\/media?parent=504419"}],"wp:term":[{"taxonomy":"product_brand","embeddable":true,"href":"https:\/\/perle-in.com\/en\/wp-json\/wp\/v2\/product_brand?post=504419"},{"taxonomy":"product_cat","embeddable":true,"href":"https:\/\/perle-in.com\/en\/wp-json\/wp\/v2\/product_cat?post=504419"},{"taxonomy":"product_tag","embeddable":true,"href":"https:\/\/perle-in.com\/en\/wp-json\/wp\/v2\/product_tag?post=504419"}],"curies":[{"name":"wp","href":"https:\/\/api.w.org\/{rel}","templated":true}]}}