{"id":504253,"date":"2025-10-13T20:02:53","date_gmt":"2025-10-13T18:02:53","guid":{"rendered":"https:\/\/perle-in.com\/produit\/porte-cles-ouvre-bouteille-et-canette-tao\/"},"modified":"2025-10-13T20:03:02","modified_gmt":"2025-10-13T18:03:02","slug":"porte-cles-ouvre-bouteille-et-canette-tao","status":"publish","type":"product","link":"https:\/\/perle-in.com\/en\/product\/porte-cles-ouvre-bouteille-et-canette-tao\/","title":{"rendered":"Porte-cl\u00e9s ouvre-bouteille et canette Tao"},"content":{"rendered":"","protected":false},"excerpt":{"rendered":"<p>Pouvoir ouvrir une bouteille ou une canette n&#8217;importe quand et n&#8217;importe o\u00f9 tout en faisant la promotion d&#8217;une marque de mani\u00e8re sophistiqu\u00e9e, le porte-cl\u00e9s ouvre-bouteille et ouvre-bo\u00eete Tao est l&#8217;accessoire id\u00e9al. Le porte-cl\u00e9s est fabriqu\u00e9 en aluminium, ce qui le rend solide et l\u00e9ger. Associ\u00e9 \u00e0 la finition m\u00e9tallique, un logo imprim\u00e9 sur le porte-cl\u00e9s le met encore plus en valeur. <\/p>","protected":false},"featured_media":504237,"template":"","meta":{"_eb_attr":""},"product_brand":[],"product_cat":[150,1236],"product_tag":[1378,1741,1739,416,1771,1770,1737,1376,1377],"class_list":{"0":"post-504253","1":"product","2":"type-product","3":"status-publish","4":"has-post-thumbnail","6":"product_cat-maison-et-cuisine","7":"product_cat-ouvre-bouteilles-et-ustensiles-de-serveur","8":"product_tag-cles","9":"product_tag-decapsuleurs","10":"product_tag-ouvre-bouteille","11":"product_tag-porte-clefs","12":"product_tag-porte-clefs-tire-bouchon","13":"product_tag-porte-cles-tire-bouchon","14":"product_tag-tire-bouchon","15":"product_tag-trousseau-de-cles","16":"product_tag-trousseaux-de-cles","17":"pa_couleurs-argent","18":"pa_couleurs-bleu","19":"pa_couleurs-dore","20":"pa_couleurs-magenta","21":"pa_couleurs-noir","22":"pa_couleurs-orange","23":"pa_couleurs-rouge","24":"pa_couleurs-vert","26":"first","27":"instock","28":"shipping-taxable","29":"purchasable","30":"product-type-variable"},"yoast_head":"<!-- This site is optimized with the Yoast SEO plugin v27.4 - https:\/\/yoast.com\/product\/yoast-seo-wordpress\/ -->\n<title>Porte-cl\u00e9s ouvre-bouteille et canette Tao - PERLE IN<\/title>\n<meta name=\"robots\" content=\"noindex, follow, max-snippet:-1, max-image-preview:large, max-video-preview:-1\" \/>\n<meta property=\"og:locale\" content=\"en_US\" \/>\n<meta property=\"og:type\" content=\"article\" \/>\n<meta property=\"og:title\" content=\"Porte-cl\u00e9s ouvre-bouteille et canette Tao - PERLE IN\" \/>\n<meta property=\"og:description\" content=\"Pouvoir ouvrir une bouteille ou une canette n&#039;importe quand et n&#039;importe o\u00f9 tout en faisant la promotion d&#039;une marque de mani\u00e8re sophistiqu\u00e9e, le porte-cl\u00e9s ouvre-bouteille et ouvre-bo\u00eete Tao est l&#039;accessoire id\u00e9al. Le porte-cl\u00e9s est fabriqu\u00e9 en aluminium, ce qui le rend solide et l\u00e9ger. Associ\u00e9 \u00e0 la finition m\u00e9tallique, un logo imprim\u00e9 sur le porte-cl\u00e9s le met encore plus en valeur.\" \/>\n<meta property=\"og:url\" content=\"https:\/\/perle-in.com\/en\/product\/porte-cles-ouvre-bouteille-et-canette-tao\/\" \/>\n<meta property=\"og:site_name\" content=\"PERLE IN\" \/>\n<meta property=\"article:modified_time\" content=\"2025-10-13T18:03:02+00:00\" \/>\n<meta property=\"og:image\" content=\"https:\/\/perle-in.com\/wp-content\/uploads\/2025\/10\/11801800-1.jpg\" \/>\n\t<meta property=\"og:image:width\" content=\"1600\" \/>\n\t<meta property=\"og:image:height\" content=\"1600\" \/>\n\t<meta property=\"og:image:type\" content=\"image\/jpeg\" \/>\n<meta name=\"twitter:card\" content=\"summary_large_image\" \/>\n<script type=\"application\/ld+json\" class=\"yoast-schema-graph\">{\"@context\":\"https:\\\/\\\/schema.org\",\"@graph\":[{\"@type\":\"WebPage\",\"@id\":\"https:\\\/\\\/perle-in.com\\\/produit\\\/porte-cles-ouvre-bouteille-et-canette-tao\\\/\",\"url\":\"https:\\\/\\\/perle-in.com\\\/produit\\\/porte-cles-ouvre-bouteille-et-canette-tao\\\/\",\"name\":\"Porte-cl\u00e9s ouvre-bouteille et canette Tao - PERLE IN\",\"isPartOf\":{\"@id\":\"https:\\\/\\\/perle-in.com\\\/#website\"},\"primaryImageOfPage\":{\"@id\":\"https:\\\/\\\/perle-in.com\\\/produit\\\/porte-cles-ouvre-bouteille-et-canette-tao\\\/#primaryimage\"},\"image\":{\"@id\":\"https:\\\/\\\/perle-in.com\\\/produit\\\/porte-cles-ouvre-bouteille-et-canette-tao\\\/#primaryimage\"},\"thumbnailUrl\":\"https:\\\/\\\/perle-in.com\\\/wp-content\\\/uploads\\\/2025\\\/10\\\/11801800-1.jpg\",\"datePublished\":\"2025-10-13T18:02:53+00:00\",\"dateModified\":\"2025-10-13T18:03:02+00:00\",\"breadcrumb\":{\"@id\":\"https:\\\/\\\/perle-in.com\\\/produit\\\/porte-cles-ouvre-bouteille-et-canette-tao\\\/#breadcrumb\"},\"inLanguage\":\"en-CA\",\"potentialAction\":[{\"@type\":\"ReadAction\",\"target\":[\"https:\\\/\\\/perle-in.com\\\/produit\\\/porte-cles-ouvre-bouteille-et-canette-tao\\\/\"]}]},{\"@type\":\"ImageObject\",\"inLanguage\":\"en-CA\",\"@id\":\"https:\\\/\\\/perle-in.com\\\/produit\\\/porte-cles-ouvre-bouteille-et-canette-tao\\\/#primaryimage\",\"url\":\"https:\\\/\\\/perle-in.com\\\/wp-content\\\/uploads\\\/2025\\\/10\\\/11801800-1.jpg\",\"contentUrl\":\"https:\\\/\\\/perle-in.com\\\/wp-content\\\/uploads\\\/2025\\\/10\\\/11801800-1.jpg\",\"width\":1600,\"height\":1600},{\"@type\":\"BreadcrumbList\",\"@id\":\"https:\\\/\\\/perle-in.com\\\/produit\\\/porte-cles-ouvre-bouteille-et-canette-tao\\\/#breadcrumb\",\"itemListElement\":[{\"@type\":\"ListItem\",\"position\":1,\"name\":\"Accueil\",\"item\":\"https:\\\/\\\/perle-in.com\\\/\"},{\"@type\":\"ListItem\",\"position\":2,\"name\":\"Boutique\",\"item\":\"https:\\\/\\\/perle-in.com\\\/boutique\\\/\"},{\"@type\":\"ListItem\",\"position\":3,\"name\":\"Porte-cl\u00e9s ouvre-bouteille et canette Tao\"}]},{\"@type\":\"WebSite\",\"@id\":\"https:\\\/\\\/perle-in.com\\\/#website\",\"url\":\"https:\\\/\\\/perle-in.com\\\/\",\"name\":\"PERLE IN\",\"description\":\"\",\"publisher\":{\"@id\":\"https:\\\/\\\/perle-in.com\\\/#organization\"},\"potentialAction\":[{\"@type\":\"SearchAction\",\"target\":{\"@type\":\"EntryPoint\",\"urlTemplate\":\"https:\\\/\\\/perle-in.com\\\/?s={search_term_string}\"},\"query-input\":{\"@type\":\"PropertyValueSpecification\",\"valueRequired\":true,\"valueName\":\"search_term_string\"}}],\"inLanguage\":\"en-CA\"},{\"@type\":\"Organization\",\"@id\":\"https:\\\/\\\/perle-in.com\\\/#organization\",\"name\":\"PERLE IN\",\"url\":\"https:\\\/\\\/perle-in.com\\\/\",\"logo\":{\"@type\":\"ImageObject\",\"inLanguage\":\"en-CA\",\"@id\":\"https:\\\/\\\/perle-in.com\\\/#\\\/schema\\\/logo\\\/image\\\/\",\"url\":\"https:\\\/\\\/perle-in.com\\\/wp-content\\\/uploads\\\/2022\\\/12\\\/LOGO-PERLE-IN-COULEUR@3x.webp\",\"contentUrl\":\"https:\\\/\\\/perle-in.com\\\/wp-content\\\/uploads\\\/2022\\\/12\\\/LOGO-PERLE-IN-COULEUR@3x.webp\",\"width\":1600,\"height\":490,\"caption\":\"PERLE IN\"},\"image\":{\"@id\":\"https:\\\/\\\/perle-in.com\\\/#\\\/schema\\\/logo\\\/image\\\/\"}}]}<\/script>\n<!-- \/ Yoast SEO plugin. -->","yoast_head_json":{"title":"Porte-cl\u00e9s ouvre-bouteille et canette Tao - PERLE IN","robots":{"index":"noindex","follow":"follow","max-snippet":"max-snippet:-1","max-image-preview":"max-image-preview:large","max-video-preview":"max-video-preview:-1"},"og_locale":"en_US","og_type":"article","og_title":"Porte-cl\u00e9s ouvre-bouteille et canette Tao - PERLE IN","og_description":"Pouvoir ouvrir une bouteille ou une canette n'importe quand et n'importe o\u00f9 tout en faisant la promotion d'une marque de mani\u00e8re sophistiqu\u00e9e, le porte-cl\u00e9s ouvre-bouteille et ouvre-bo\u00eete Tao est l'accessoire id\u00e9al. Le porte-cl\u00e9s est fabriqu\u00e9 en aluminium, ce qui le rend solide et l\u00e9ger. Associ\u00e9 \u00e0 la finition m\u00e9tallique, un logo imprim\u00e9 sur le porte-cl\u00e9s le met encore plus en valeur.","og_url":"https:\/\/perle-in.com\/en\/product\/porte-cles-ouvre-bouteille-et-canette-tao\/","og_site_name":"PERLE IN","article_modified_time":"2025-10-13T18:03:02+00:00","og_image":[{"width":1600,"height":1600,"url":"https:\/\/perle-in.com\/wp-content\/uploads\/2025\/10\/11801800-1.jpg","type":"image\/jpeg"}],"twitter_card":"summary_large_image","schema":{"@context":"https:\/\/schema.org","@graph":[{"@type":"WebPage","@id":"https:\/\/perle-in.com\/produit\/porte-cles-ouvre-bouteille-et-canette-tao\/","url":"https:\/\/perle-in.com\/produit\/porte-cles-ouvre-bouteille-et-canette-tao\/","name":"Porte-cl\u00e9s ouvre-bouteille et canette Tao - PERLE IN","isPartOf":{"@id":"https:\/\/perle-in.com\/#website"},"primaryImageOfPage":{"@id":"https:\/\/perle-in.com\/produit\/porte-cles-ouvre-bouteille-et-canette-tao\/#primaryimage"},"image":{"@id":"https:\/\/perle-in.com\/produit\/porte-cles-ouvre-bouteille-et-canette-tao\/#primaryimage"},"thumbnailUrl":"https:\/\/perle-in.com\/wp-content\/uploads\/2025\/10\/11801800-1.jpg","datePublished":"2025-10-13T18:02:53+00:00","dateModified":"2025-10-13T18:03:02+00:00","breadcrumb":{"@id":"https:\/\/perle-in.com\/produit\/porte-cles-ouvre-bouteille-et-canette-tao\/#breadcrumb"},"inLanguage":"en-CA","potentialAction":[{"@type":"ReadAction","target":["https:\/\/perle-in.com\/produit\/porte-cles-ouvre-bouteille-et-canette-tao\/"]}]},{"@type":"ImageObject","inLanguage":"en-CA","@id":"https:\/\/perle-in.com\/produit\/porte-cles-ouvre-bouteille-et-canette-tao\/#primaryimage","url":"https:\/\/perle-in.com\/wp-content\/uploads\/2025\/10\/11801800-1.jpg","contentUrl":"https:\/\/perle-in.com\/wp-content\/uploads\/2025\/10\/11801800-1.jpg","width":1600,"height":1600},{"@type":"BreadcrumbList","@id":"https:\/\/perle-in.com\/produit\/porte-cles-ouvre-bouteille-et-canette-tao\/#breadcrumb","itemListElement":[{"@type":"ListItem","position":1,"name":"Accueil","item":"https:\/\/perle-in.com\/"},{"@type":"ListItem","position":2,"name":"Boutique","item":"https:\/\/perle-in.com\/boutique\/"},{"@type":"ListItem","position":3,"name":"Porte-cl\u00e9s ouvre-bouteille et canette Tao"}]},{"@type":"WebSite","@id":"https:\/\/perle-in.com\/#website","url":"https:\/\/perle-in.com\/","name":"PERLE IN","description":"","publisher":{"@id":"https:\/\/perle-in.com\/#organization"},"potentialAction":[{"@type":"SearchAction","target":{"@type":"EntryPoint","urlTemplate":"https:\/\/perle-in.com\/?s={search_term_string}"},"query-input":{"@type":"PropertyValueSpecification","valueRequired":true,"valueName":"search_term_string"}}],"inLanguage":"en-CA"},{"@type":"Organization","@id":"https:\/\/perle-in.com\/#organization","name":"PERLE IN","url":"https:\/\/perle-in.com\/","logo":{"@type":"ImageObject","inLanguage":"en-CA","@id":"https:\/\/perle-in.com\/#\/schema\/logo\/image\/","url":"https:\/\/perle-in.com\/wp-content\/uploads\/2022\/12\/LOGO-PERLE-IN-COULEUR@3x.webp","contentUrl":"https:\/\/perle-in.com\/wp-content\/uploads\/2022\/12\/LOGO-PERLE-IN-COULEUR@3x.webp","width":1600,"height":490,"caption":"PERLE IN"},"image":{"@id":"https:\/\/perle-in.com\/#\/schema\/logo\/image\/"}}]}},"jetpack_sharing_enabled":true,"_links":{"self":[{"href":"https:\/\/perle-in.com\/en\/wp-json\/wp\/v2\/product\/504253","targetHints":{"allow":["GET"]}}],"collection":[{"href":"https:\/\/perle-in.com\/en\/wp-json\/wp\/v2\/product"}],"about":[{"href":"https:\/\/perle-in.com\/en\/wp-json\/wp\/v2\/types\/product"}],"version-history":[{"count":0,"href":"https:\/\/perle-in.com\/en\/wp-json\/wp\/v2\/product\/504253\/revisions"}],"wp:featuredmedia":[{"embeddable":true,"href":"https:\/\/perle-in.com\/en\/wp-json\/wp\/v2\/media\/504237"}],"wp:attachment":[{"href":"https:\/\/perle-in.com\/en\/wp-json\/wp\/v2\/media?parent=504253"}],"wp:term":[{"taxonomy":"product_brand","embeddable":true,"href":"https:\/\/perle-in.com\/en\/wp-json\/wp\/v2\/product_brand?post=504253"},{"taxonomy":"product_cat","embeddable":true,"href":"https:\/\/perle-in.com\/en\/wp-json\/wp\/v2\/product_cat?post=504253"},{"taxonomy":"product_tag","embeddable":true,"href":"https:\/\/perle-in.com\/en\/wp-json\/wp\/v2\/product_tag?post=504253"}],"curies":[{"name":"wp","href":"https:\/\/api.w.org\/{rel}","templated":true}]}}