{"id":504181,"date":"2025-10-13T19:56:36","date_gmt":"2025-10-13T17:56:36","guid":{"rendered":"https:\/\/perle-in.com\/produit\/plaid-springwood-en-polaire-sherpa-douce\/"},"modified":"2025-10-13T19:56:42","modified_gmt":"2025-10-13T17:56:42","slug":"plaid-springwood-en-polaire-sherpa-douce","status":"publish","type":"product","link":"https:\/\/perle-in.com\/en\/product\/plaid-springwood-en-polaire-sherpa-douce\/","title":{"rendered":"Plaid Springwood en polaire sherpa douce"},"content":{"rendered":"","protected":false},"excerpt":{"rendered":"<p>Se r\u00e9chauffer rapidement n&#8217;est pas difficile avec la luxueuse couverture Springwood en polaire douce et en sherpa \u00e0 carreaux mesurant 150 x 125 cm. La couverture est fabriqu\u00e9e \u00e0 partir d&#8217;une combinaison de polaire de 140 g\/m\u00b2 et de sherpa de 180 g\/m\u00b2. Cette composition offre un mat\u00e9riau doux et confortable qui cr\u00e9e rapidement la chaleur n\u00e9cessaire et retient la chaleur corporelle. En outre, elle est l\u00e9g\u00e8re et facile \u00e0 entretenir. Pour ranger la couverture, il suffit de la rouler et de la mettre dans la pochette incluse avec fermeture \u00e0 cordon. La couverture est munoe d&#8217;une fermeture zipp\u00e9e sur le c\u00f4t\u00e9 pour faciliter le marquage.<\/p>","protected":false},"featured_media":504172,"template":"","meta":{"_eb_attr":""},"product_brand":[],"product_cat":[151,150],"product_tag":[134,135,131,155,152,153,154],"class_list":{"0":"post-504181","1":"product","2":"type-product","3":"status-publish","4":"has-post-thumbnail","6":"product_cat-couvertures","7":"product_cat-maison-et-cuisine","8":"product_tag-couverture","9":"product_tag-couvertures","10":"product_tag-pique-nique","11":"product_tag-pique-niques","12":"product_tag-plaid","13":"product_tag-plaids","14":"product_tag-polaire","15":"pa_couleurs-blanc-casse","16":"pa_couleurs-gris-blanc-casse","17":"pa_couleurs-marine-blanc-casse","18":"pa_couleurs-noir-blanc-casse","19":"pa_marque-seasons","20":"pa_matiere-polaire-140-g-m2-polaire-sherpa-180-g-m2","22":"first","23":"instock","24":"shipping-taxable","25":"purchasable","26":"product-type-variable"},"yoast_head":"<!-- This site is optimized with the Yoast SEO plugin v27.4 - https:\/\/yoast.com\/product\/yoast-seo-wordpress\/ -->\n<title>Plaid Springwood en polaire sherpa douce - PERLE IN<\/title>\n<meta name=\"robots\" content=\"noindex, follow, max-snippet:-1, max-image-preview:large, max-video-preview:-1\" \/>\n<meta property=\"og:locale\" content=\"en_US\" \/>\n<meta property=\"og:type\" content=\"article\" \/>\n<meta property=\"og:title\" content=\"Plaid Springwood en polaire sherpa douce - PERLE IN\" \/>\n<meta property=\"og:description\" content=\"Se r\u00e9chauffer rapidement n&#039;est pas difficile avec la luxueuse couverture Springwood en polaire douce et en sherpa \u00e0 carreaux mesurant 150 x 125 cm. La couverture est fabriqu\u00e9e \u00e0 partir d&#039;une combinaison de polaire de 140 g\/m\u00b2 et de sherpa de 180 g\/m\u00b2. Cette composition offre un mat\u00e9riau doux et confortable qui cr\u00e9e rapidement la chaleur n\u00e9cessaire et retient la chaleur corporelle. En outre, elle est l\u00e9g\u00e8re et facile \u00e0 entretenir. Pour ranger la couverture, il suffit de la rouler et de la mettre dans la pochette incluse avec fermeture \u00e0 cordon. La couverture est munoe d&#039;une fermeture zipp\u00e9e sur le c\u00f4t\u00e9 pour faciliter le marquage.\" \/>\n<meta property=\"og:url\" content=\"https:\/\/perle-in.com\/en\/product\/plaid-springwood-en-polaire-sherpa-douce\/\" \/>\n<meta property=\"og:site_name\" content=\"PERLE IN\" \/>\n<meta property=\"article:modified_time\" content=\"2025-10-13T17:56:42+00:00\" \/>\n<meta property=\"og:image\" content=\"https:\/\/perle-in.com\/wp-content\/uploads\/2025\/10\/11280900-1.jpg\" \/>\n\t<meta property=\"og:image:width\" content=\"1600\" \/>\n\t<meta property=\"og:image:height\" content=\"1600\" \/>\n\t<meta property=\"og:image:type\" content=\"image\/jpeg\" \/>\n<meta name=\"twitter:card\" content=\"summary_large_image\" \/>\n<script type=\"application\/ld+json\" class=\"yoast-schema-graph\">{\"@context\":\"https:\\\/\\\/schema.org\",\"@graph\":[{\"@type\":\"WebPage\",\"@id\":\"https:\\\/\\\/perle-in.com\\\/produit\\\/plaid-springwood-en-polaire-sherpa-douce\\\/\",\"url\":\"https:\\\/\\\/perle-in.com\\\/produit\\\/plaid-springwood-en-polaire-sherpa-douce\\\/\",\"name\":\"Plaid Springwood en polaire sherpa douce - PERLE IN\",\"isPartOf\":{\"@id\":\"https:\\\/\\\/perle-in.com\\\/#website\"},\"primaryImageOfPage\":{\"@id\":\"https:\\\/\\\/perle-in.com\\\/produit\\\/plaid-springwood-en-polaire-sherpa-douce\\\/#primaryimage\"},\"image\":{\"@id\":\"https:\\\/\\\/perle-in.com\\\/produit\\\/plaid-springwood-en-polaire-sherpa-douce\\\/#primaryimage\"},\"thumbnailUrl\":\"https:\\\/\\\/perle-in.com\\\/wp-content\\\/uploads\\\/2025\\\/10\\\/11280900-1.jpg\",\"datePublished\":\"2025-10-13T17:56:36+00:00\",\"dateModified\":\"2025-10-13T17:56:42+00:00\",\"breadcrumb\":{\"@id\":\"https:\\\/\\\/perle-in.com\\\/produit\\\/plaid-springwood-en-polaire-sherpa-douce\\\/#breadcrumb\"},\"inLanguage\":\"en-CA\",\"potentialAction\":[{\"@type\":\"ReadAction\",\"target\":[\"https:\\\/\\\/perle-in.com\\\/produit\\\/plaid-springwood-en-polaire-sherpa-douce\\\/\"]}]},{\"@type\":\"ImageObject\",\"inLanguage\":\"en-CA\",\"@id\":\"https:\\\/\\\/perle-in.com\\\/produit\\\/plaid-springwood-en-polaire-sherpa-douce\\\/#primaryimage\",\"url\":\"https:\\\/\\\/perle-in.com\\\/wp-content\\\/uploads\\\/2025\\\/10\\\/11280900-1.jpg\",\"contentUrl\":\"https:\\\/\\\/perle-in.com\\\/wp-content\\\/uploads\\\/2025\\\/10\\\/11280900-1.jpg\",\"width\":1600,\"height\":1600},{\"@type\":\"BreadcrumbList\",\"@id\":\"https:\\\/\\\/perle-in.com\\\/produit\\\/plaid-springwood-en-polaire-sherpa-douce\\\/#breadcrumb\",\"itemListElement\":[{\"@type\":\"ListItem\",\"position\":1,\"name\":\"Accueil\",\"item\":\"https:\\\/\\\/perle-in.com\\\/\"},{\"@type\":\"ListItem\",\"position\":2,\"name\":\"Boutique\",\"item\":\"https:\\\/\\\/perle-in.com\\\/boutique\\\/\"},{\"@type\":\"ListItem\",\"position\":3,\"name\":\"Plaid Springwood en polaire sherpa douce\"}]},{\"@type\":\"WebSite\",\"@id\":\"https:\\\/\\\/perle-in.com\\\/#website\",\"url\":\"https:\\\/\\\/perle-in.com\\\/\",\"name\":\"PERLE IN\",\"description\":\"\",\"publisher\":{\"@id\":\"https:\\\/\\\/perle-in.com\\\/#organization\"},\"potentialAction\":[{\"@type\":\"SearchAction\",\"target\":{\"@type\":\"EntryPoint\",\"urlTemplate\":\"https:\\\/\\\/perle-in.com\\\/?s={search_term_string}\"},\"query-input\":{\"@type\":\"PropertyValueSpecification\",\"valueRequired\":true,\"valueName\":\"search_term_string\"}}],\"inLanguage\":\"en-CA\"},{\"@type\":\"Organization\",\"@id\":\"https:\\\/\\\/perle-in.com\\\/#organization\",\"name\":\"PERLE IN\",\"url\":\"https:\\\/\\\/perle-in.com\\\/\",\"logo\":{\"@type\":\"ImageObject\",\"inLanguage\":\"en-CA\",\"@id\":\"https:\\\/\\\/perle-in.com\\\/#\\\/schema\\\/logo\\\/image\\\/\",\"url\":\"https:\\\/\\\/perle-in.com\\\/wp-content\\\/uploads\\\/2022\\\/12\\\/LOGO-PERLE-IN-COULEUR@3x.webp\",\"contentUrl\":\"https:\\\/\\\/perle-in.com\\\/wp-content\\\/uploads\\\/2022\\\/12\\\/LOGO-PERLE-IN-COULEUR@3x.webp\",\"width\":1600,\"height\":490,\"caption\":\"PERLE IN\"},\"image\":{\"@id\":\"https:\\\/\\\/perle-in.com\\\/#\\\/schema\\\/logo\\\/image\\\/\"}}]}<\/script>\n<!-- \/ Yoast SEO plugin. -->","yoast_head_json":{"title":"Plaid Springwood en polaire sherpa douce - PERLE IN","robots":{"index":"noindex","follow":"follow","max-snippet":"max-snippet:-1","max-image-preview":"max-image-preview:large","max-video-preview":"max-video-preview:-1"},"og_locale":"en_US","og_type":"article","og_title":"Plaid Springwood en polaire sherpa douce - PERLE IN","og_description":"Se r\u00e9chauffer rapidement n'est pas difficile avec la luxueuse couverture Springwood en polaire douce et en sherpa \u00e0 carreaux mesurant 150 x 125 cm. La couverture est fabriqu\u00e9e \u00e0 partir d'une combinaison de polaire de 140 g\/m\u00b2 et de sherpa de 180 g\/m\u00b2. Cette composition offre un mat\u00e9riau doux et confortable qui cr\u00e9e rapidement la chaleur n\u00e9cessaire et retient la chaleur corporelle. En outre, elle est l\u00e9g\u00e8re et facile \u00e0 entretenir. Pour ranger la couverture, il suffit de la rouler et de la mettre dans la pochette incluse avec fermeture \u00e0 cordon. La couverture est munoe d'une fermeture zipp\u00e9e sur le c\u00f4t\u00e9 pour faciliter le marquage.","og_url":"https:\/\/perle-in.com\/en\/product\/plaid-springwood-en-polaire-sherpa-douce\/","og_site_name":"PERLE IN","article_modified_time":"2025-10-13T17:56:42+00:00","og_image":[{"width":1600,"height":1600,"url":"https:\/\/perle-in.com\/wp-content\/uploads\/2025\/10\/11280900-1.jpg","type":"image\/jpeg"}],"twitter_card":"summary_large_image","schema":{"@context":"https:\/\/schema.org","@graph":[{"@type":"WebPage","@id":"https:\/\/perle-in.com\/produit\/plaid-springwood-en-polaire-sherpa-douce\/","url":"https:\/\/perle-in.com\/produit\/plaid-springwood-en-polaire-sherpa-douce\/","name":"Plaid Springwood en polaire sherpa douce - PERLE IN","isPartOf":{"@id":"https:\/\/perle-in.com\/#website"},"primaryImageOfPage":{"@id":"https:\/\/perle-in.com\/produit\/plaid-springwood-en-polaire-sherpa-douce\/#primaryimage"},"image":{"@id":"https:\/\/perle-in.com\/produit\/plaid-springwood-en-polaire-sherpa-douce\/#primaryimage"},"thumbnailUrl":"https:\/\/perle-in.com\/wp-content\/uploads\/2025\/10\/11280900-1.jpg","datePublished":"2025-10-13T17:56:36+00:00","dateModified":"2025-10-13T17:56:42+00:00","breadcrumb":{"@id":"https:\/\/perle-in.com\/produit\/plaid-springwood-en-polaire-sherpa-douce\/#breadcrumb"},"inLanguage":"en-CA","potentialAction":[{"@type":"ReadAction","target":["https:\/\/perle-in.com\/produit\/plaid-springwood-en-polaire-sherpa-douce\/"]}]},{"@type":"ImageObject","inLanguage":"en-CA","@id":"https:\/\/perle-in.com\/produit\/plaid-springwood-en-polaire-sherpa-douce\/#primaryimage","url":"https:\/\/perle-in.com\/wp-content\/uploads\/2025\/10\/11280900-1.jpg","contentUrl":"https:\/\/perle-in.com\/wp-content\/uploads\/2025\/10\/11280900-1.jpg","width":1600,"height":1600},{"@type":"BreadcrumbList","@id":"https:\/\/perle-in.com\/produit\/plaid-springwood-en-polaire-sherpa-douce\/#breadcrumb","itemListElement":[{"@type":"ListItem","position":1,"name":"Accueil","item":"https:\/\/perle-in.com\/"},{"@type":"ListItem","position":2,"name":"Boutique","item":"https:\/\/perle-in.com\/boutique\/"},{"@type":"ListItem","position":3,"name":"Plaid Springwood en polaire sherpa douce"}]},{"@type":"WebSite","@id":"https:\/\/perle-in.com\/#website","url":"https:\/\/perle-in.com\/","name":"PERLE IN","description":"","publisher":{"@id":"https:\/\/perle-in.com\/#organization"},"potentialAction":[{"@type":"SearchAction","target":{"@type":"EntryPoint","urlTemplate":"https:\/\/perle-in.com\/?s={search_term_string}"},"query-input":{"@type":"PropertyValueSpecification","valueRequired":true,"valueName":"search_term_string"}}],"inLanguage":"en-CA"},{"@type":"Organization","@id":"https:\/\/perle-in.com\/#organization","name":"PERLE IN","url":"https:\/\/perle-in.com\/","logo":{"@type":"ImageObject","inLanguage":"en-CA","@id":"https:\/\/perle-in.com\/#\/schema\/logo\/image\/","url":"https:\/\/perle-in.com\/wp-content\/uploads\/2022\/12\/LOGO-PERLE-IN-COULEUR@3x.webp","contentUrl":"https:\/\/perle-in.com\/wp-content\/uploads\/2022\/12\/LOGO-PERLE-IN-COULEUR@3x.webp","width":1600,"height":490,"caption":"PERLE IN"},"image":{"@id":"https:\/\/perle-in.com\/#\/schema\/logo\/image\/"}}]}},"jetpack_sharing_enabled":true,"_links":{"self":[{"href":"https:\/\/perle-in.com\/en\/wp-json\/wp\/v2\/product\/504181","targetHints":{"allow":["GET"]}}],"collection":[{"href":"https:\/\/perle-in.com\/en\/wp-json\/wp\/v2\/product"}],"about":[{"href":"https:\/\/perle-in.com\/en\/wp-json\/wp\/v2\/types\/product"}],"version-history":[{"count":0,"href":"https:\/\/perle-in.com\/en\/wp-json\/wp\/v2\/product\/504181\/revisions"}],"wp:featuredmedia":[{"embeddable":true,"href":"https:\/\/perle-in.com\/en\/wp-json\/wp\/v2\/media\/504172"}],"wp:attachment":[{"href":"https:\/\/perle-in.com\/en\/wp-json\/wp\/v2\/media?parent=504181"}],"wp:term":[{"taxonomy":"product_brand","embeddable":true,"href":"https:\/\/perle-in.com\/en\/wp-json\/wp\/v2\/product_brand?post=504181"},{"taxonomy":"product_cat","embeddable":true,"href":"https:\/\/perle-in.com\/en\/wp-json\/wp\/v2\/product_cat?post=504181"},{"taxonomy":"product_tag","embeddable":true,"href":"https:\/\/perle-in.com\/en\/wp-json\/wp\/v2\/product_tag?post=504181"}],"curies":[{"name":"wp","href":"https:\/\/api.w.org\/{rel}","templated":true}]}}