{"id":504051,"date":"2025-10-13T19:47:46","date_gmt":"2025-10-13T17:47:46","guid":{"rendered":"https:\/\/perle-in.com\/produit\/casquette-5-panneaux-trucker\/"},"modified":"2025-10-13T19:47:58","modified_gmt":"2025-10-13T17:47:58","slug":"casquette-5-panneaux-trucker","status":"publish","type":"product","link":"https:\/\/perle-in.com\/en\/product\/casquette-5-panneaux-trucker\/","title":{"rendered":"Casquette 5 panneaux Trucker"},"content":{"rendered":"","protected":false},"excerpt":{"rendered":"<p>La casquette Trucker \u00e0 5 panneaux est une casquette trucker classique avec 100 g\/m\u00b2 de mousse de jersey de polyester \u00e0 l&#8217;avant et de la maille de polyester respirante \u00e0 l&#8217;arri\u00e8re. Cette casquette est dot\u00e9e d&#8217;une fermeture en plastique pratique pour un ajustement s\u00fbr \u00e0 un tour de t\u00eate de 58 cm, ce qui garantit une sensation de confort et de personnalisation.<\/p>","protected":false},"featured_media":504037,"template":"","meta":{"_eb_attr":""},"product_brand":[],"product_cat":[1259,1024],"product_tag":[1699,1711,1713,1700,1712,1714,1696],"class_list":{"0":"post-504051","1":"product","2":"type-product","3":"status-publish","4":"has-post-thumbnail","6":"product_cat-casquettes-et-chapeaux","7":"product_cat-vetements","8":"product_tag-casquette","9":"product_tag-casquette-maille","10":"product_tag-casquette-polyester","11":"product_tag-casquettes","12":"product_tag-casquettes-maille","13":"product_tag-casquettes-polyester","14":"product_tag-coiffe","15":"pa_couleurs-bleu-royal","16":"pa_couleurs-bleu-royal-blanc","17":"pa_couleurs-gris-storm-noir","18":"pa_couleurs-marine-blanc","19":"pa_couleurs-marine-marine","20":"pa_couleurs-noir-blanc","21":"pa_couleurs-noir-noir","22":"pa_couleurs-rouge-blanc","23":"pa_couleurs-rouge-rouge","24":"pa_couleurs-vert-foret-blanc","25":"pa_genre-unisex","26":"pa_green-points-1692","27":"pa_marque-elevate-essentials","28":"pa_matiere-jersey-foam-100-polyester-100-g-m2-contrast-fabric-maille-filet-100-polyester","30":"first","31":"instock","32":"shipping-taxable","33":"purchasable","34":"product-type-variable"},"yoast_head":"<!-- This site is optimized with the Yoast SEO plugin v27.4 - https:\/\/yoast.com\/product\/yoast-seo-wordpress\/ -->\n<title>Casquette 5 panneaux Trucker - PERLE IN<\/title>\n<meta name=\"robots\" content=\"noindex, follow, max-snippet:-1, max-image-preview:large, max-video-preview:-1\" \/>\n<meta property=\"og:locale\" content=\"en_US\" \/>\n<meta property=\"og:type\" content=\"article\" \/>\n<meta property=\"og:title\" content=\"Casquette 5 panneaux Trucker - PERLE IN\" \/>\n<meta property=\"og:description\" content=\"La casquette Trucker \u00e0 5 panneaux est une casquette trucker classique avec 100 g\/m\u00b2 de mousse de jersey de polyester \u00e0 l&#039;avant et de la maille de polyester respirante \u00e0 l&#039;arri\u00e8re. Cette casquette est dot\u00e9e d&#039;une fermeture en plastique pratique pour un ajustement s\u00fbr \u00e0 un tour de t\u00eate de 58 cm, ce qui garantit une sensation de confort et de personnalisation.\" \/>\n<meta property=\"og:url\" content=\"https:\/\/perle-in.com\/en\/product\/casquette-5-panneaux-trucker\/\" \/>\n<meta property=\"og:site_name\" content=\"PERLE IN\" \/>\n<meta property=\"article:modified_time\" content=\"2025-10-13T17:47:58+00:00\" \/>\n<meta property=\"og:image\" content=\"https:\/\/perle-in.com\/wp-content\/uploads\/2025\/10\/11106900-1.jpg\" \/>\n\t<meta property=\"og:image:width\" content=\"1600\" \/>\n\t<meta property=\"og:image:height\" content=\"1600\" \/>\n\t<meta property=\"og:image:type\" content=\"image\/jpeg\" \/>\n<meta name=\"twitter:card\" content=\"summary_large_image\" \/>\n<script type=\"application\/ld+json\" class=\"yoast-schema-graph\">{\"@context\":\"https:\\\/\\\/schema.org\",\"@graph\":[{\"@type\":\"WebPage\",\"@id\":\"https:\\\/\\\/perle-in.com\\\/produit\\\/casquette-5-panneaux-trucker\\\/\",\"url\":\"https:\\\/\\\/perle-in.com\\\/produit\\\/casquette-5-panneaux-trucker\\\/\",\"name\":\"Casquette 5 panneaux Trucker - PERLE IN\",\"isPartOf\":{\"@id\":\"https:\\\/\\\/perle-in.com\\\/#website\"},\"primaryImageOfPage\":{\"@id\":\"https:\\\/\\\/perle-in.com\\\/produit\\\/casquette-5-panneaux-trucker\\\/#primaryimage\"},\"image\":{\"@id\":\"https:\\\/\\\/perle-in.com\\\/produit\\\/casquette-5-panneaux-trucker\\\/#primaryimage\"},\"thumbnailUrl\":\"https:\\\/\\\/perle-in.com\\\/wp-content\\\/uploads\\\/2025\\\/10\\\/11106900-1.jpg\",\"datePublished\":\"2025-10-13T17:47:46+00:00\",\"dateModified\":\"2025-10-13T17:47:58+00:00\",\"breadcrumb\":{\"@id\":\"https:\\\/\\\/perle-in.com\\\/produit\\\/casquette-5-panneaux-trucker\\\/#breadcrumb\"},\"inLanguage\":\"en-CA\",\"potentialAction\":[{\"@type\":\"ReadAction\",\"target\":[\"https:\\\/\\\/perle-in.com\\\/produit\\\/casquette-5-panneaux-trucker\\\/\"]}]},{\"@type\":\"ImageObject\",\"inLanguage\":\"en-CA\",\"@id\":\"https:\\\/\\\/perle-in.com\\\/produit\\\/casquette-5-panneaux-trucker\\\/#primaryimage\",\"url\":\"https:\\\/\\\/perle-in.com\\\/wp-content\\\/uploads\\\/2025\\\/10\\\/11106900-1.jpg\",\"contentUrl\":\"https:\\\/\\\/perle-in.com\\\/wp-content\\\/uploads\\\/2025\\\/10\\\/11106900-1.jpg\",\"width\":1600,\"height\":1600},{\"@type\":\"BreadcrumbList\",\"@id\":\"https:\\\/\\\/perle-in.com\\\/produit\\\/casquette-5-panneaux-trucker\\\/#breadcrumb\",\"itemListElement\":[{\"@type\":\"ListItem\",\"position\":1,\"name\":\"Accueil\",\"item\":\"https:\\\/\\\/perle-in.com\\\/\"},{\"@type\":\"ListItem\",\"position\":2,\"name\":\"Boutique\",\"item\":\"https:\\\/\\\/perle-in.com\\\/boutique\\\/\"},{\"@type\":\"ListItem\",\"position\":3,\"name\":\"Casquette 5 panneaux Trucker\"}]},{\"@type\":\"WebSite\",\"@id\":\"https:\\\/\\\/perle-in.com\\\/#website\",\"url\":\"https:\\\/\\\/perle-in.com\\\/\",\"name\":\"PERLE IN\",\"description\":\"\",\"publisher\":{\"@id\":\"https:\\\/\\\/perle-in.com\\\/#organization\"},\"potentialAction\":[{\"@type\":\"SearchAction\",\"target\":{\"@type\":\"EntryPoint\",\"urlTemplate\":\"https:\\\/\\\/perle-in.com\\\/?s={search_term_string}\"},\"query-input\":{\"@type\":\"PropertyValueSpecification\",\"valueRequired\":true,\"valueName\":\"search_term_string\"}}],\"inLanguage\":\"en-CA\"},{\"@type\":\"Organization\",\"@id\":\"https:\\\/\\\/perle-in.com\\\/#organization\",\"name\":\"PERLE IN\",\"url\":\"https:\\\/\\\/perle-in.com\\\/\",\"logo\":{\"@type\":\"ImageObject\",\"inLanguage\":\"en-CA\",\"@id\":\"https:\\\/\\\/perle-in.com\\\/#\\\/schema\\\/logo\\\/image\\\/\",\"url\":\"https:\\\/\\\/perle-in.com\\\/wp-content\\\/uploads\\\/2022\\\/12\\\/LOGO-PERLE-IN-COULEUR@3x.webp\",\"contentUrl\":\"https:\\\/\\\/perle-in.com\\\/wp-content\\\/uploads\\\/2022\\\/12\\\/LOGO-PERLE-IN-COULEUR@3x.webp\",\"width\":1600,\"height\":490,\"caption\":\"PERLE IN\"},\"image\":{\"@id\":\"https:\\\/\\\/perle-in.com\\\/#\\\/schema\\\/logo\\\/image\\\/\"}}]}<\/script>\n<!-- \/ Yoast SEO plugin. -->","yoast_head_json":{"title":"Casquette 5 panneaux Trucker - PERLE IN","robots":{"index":"noindex","follow":"follow","max-snippet":"max-snippet:-1","max-image-preview":"max-image-preview:large","max-video-preview":"max-video-preview:-1"},"og_locale":"en_US","og_type":"article","og_title":"Casquette 5 panneaux Trucker - PERLE IN","og_description":"La casquette Trucker \u00e0 5 panneaux est une casquette trucker classique avec 100 g\/m\u00b2 de mousse de jersey de polyester \u00e0 l'avant et de la maille de polyester respirante \u00e0 l'arri\u00e8re. Cette casquette est dot\u00e9e d'une fermeture en plastique pratique pour un ajustement s\u00fbr \u00e0 un tour de t\u00eate de 58 cm, ce qui garantit une sensation de confort et de personnalisation.","og_url":"https:\/\/perle-in.com\/en\/product\/casquette-5-panneaux-trucker\/","og_site_name":"PERLE IN","article_modified_time":"2025-10-13T17:47:58+00:00","og_image":[{"width":1600,"height":1600,"url":"https:\/\/perle-in.com\/wp-content\/uploads\/2025\/10\/11106900-1.jpg","type":"image\/jpeg"}],"twitter_card":"summary_large_image","schema":{"@context":"https:\/\/schema.org","@graph":[{"@type":"WebPage","@id":"https:\/\/perle-in.com\/produit\/casquette-5-panneaux-trucker\/","url":"https:\/\/perle-in.com\/produit\/casquette-5-panneaux-trucker\/","name":"Casquette 5 panneaux Trucker - PERLE IN","isPartOf":{"@id":"https:\/\/perle-in.com\/#website"},"primaryImageOfPage":{"@id":"https:\/\/perle-in.com\/produit\/casquette-5-panneaux-trucker\/#primaryimage"},"image":{"@id":"https:\/\/perle-in.com\/produit\/casquette-5-panneaux-trucker\/#primaryimage"},"thumbnailUrl":"https:\/\/perle-in.com\/wp-content\/uploads\/2025\/10\/11106900-1.jpg","datePublished":"2025-10-13T17:47:46+00:00","dateModified":"2025-10-13T17:47:58+00:00","breadcrumb":{"@id":"https:\/\/perle-in.com\/produit\/casquette-5-panneaux-trucker\/#breadcrumb"},"inLanguage":"en-CA","potentialAction":[{"@type":"ReadAction","target":["https:\/\/perle-in.com\/produit\/casquette-5-panneaux-trucker\/"]}]},{"@type":"ImageObject","inLanguage":"en-CA","@id":"https:\/\/perle-in.com\/produit\/casquette-5-panneaux-trucker\/#primaryimage","url":"https:\/\/perle-in.com\/wp-content\/uploads\/2025\/10\/11106900-1.jpg","contentUrl":"https:\/\/perle-in.com\/wp-content\/uploads\/2025\/10\/11106900-1.jpg","width":1600,"height":1600},{"@type":"BreadcrumbList","@id":"https:\/\/perle-in.com\/produit\/casquette-5-panneaux-trucker\/#breadcrumb","itemListElement":[{"@type":"ListItem","position":1,"name":"Accueil","item":"https:\/\/perle-in.com\/"},{"@type":"ListItem","position":2,"name":"Boutique","item":"https:\/\/perle-in.com\/boutique\/"},{"@type":"ListItem","position":3,"name":"Casquette 5 panneaux Trucker"}]},{"@type":"WebSite","@id":"https:\/\/perle-in.com\/#website","url":"https:\/\/perle-in.com\/","name":"PERLE IN","description":"","publisher":{"@id":"https:\/\/perle-in.com\/#organization"},"potentialAction":[{"@type":"SearchAction","target":{"@type":"EntryPoint","urlTemplate":"https:\/\/perle-in.com\/?s={search_term_string}"},"query-input":{"@type":"PropertyValueSpecification","valueRequired":true,"valueName":"search_term_string"}}],"inLanguage":"en-CA"},{"@type":"Organization","@id":"https:\/\/perle-in.com\/#organization","name":"PERLE IN","url":"https:\/\/perle-in.com\/","logo":{"@type":"ImageObject","inLanguage":"en-CA","@id":"https:\/\/perle-in.com\/#\/schema\/logo\/image\/","url":"https:\/\/perle-in.com\/wp-content\/uploads\/2022\/12\/LOGO-PERLE-IN-COULEUR@3x.webp","contentUrl":"https:\/\/perle-in.com\/wp-content\/uploads\/2022\/12\/LOGO-PERLE-IN-COULEUR@3x.webp","width":1600,"height":490,"caption":"PERLE IN"},"image":{"@id":"https:\/\/perle-in.com\/#\/schema\/logo\/image\/"}}]}},"jetpack_sharing_enabled":true,"_links":{"self":[{"href":"https:\/\/perle-in.com\/en\/wp-json\/wp\/v2\/product\/504051","targetHints":{"allow":["GET"]}}],"collection":[{"href":"https:\/\/perle-in.com\/en\/wp-json\/wp\/v2\/product"}],"about":[{"href":"https:\/\/perle-in.com\/en\/wp-json\/wp\/v2\/types\/product"}],"version-history":[{"count":0,"href":"https:\/\/perle-in.com\/en\/wp-json\/wp\/v2\/product\/504051\/revisions"}],"wp:featuredmedia":[{"embeddable":true,"href":"https:\/\/perle-in.com\/en\/wp-json\/wp\/v2\/media\/504037"}],"wp:attachment":[{"href":"https:\/\/perle-in.com\/en\/wp-json\/wp\/v2\/media?parent=504051"}],"wp:term":[{"taxonomy":"product_brand","embeddable":true,"href":"https:\/\/perle-in.com\/en\/wp-json\/wp\/v2\/product_brand?post=504051"},{"taxonomy":"product_cat","embeddable":true,"href":"https:\/\/perle-in.com\/en\/wp-json\/wp\/v2\/product_cat?post=504051"},{"taxonomy":"product_tag","embeddable":true,"href":"https:\/\/perle-in.com\/en\/wp-json\/wp\/v2\/product_tag?post=504051"}],"curies":[{"name":"wp","href":"https:\/\/api.w.org\/{rel}","templated":true}]}}