{"id":503970,"date":"2025-10-13T19:41:42","date_gmt":"2025-10-13T17:41:42","guid":{"rendered":"https:\/\/perle-in.com\/produit\/parapluie-tempete-golf-30-avec-poignee-eva-grace\/"},"modified":"2025-10-13T19:41:46","modified_gmt":"2025-10-13T17:41:46","slug":"parapluie-tempete-golf-30-avec-poignee-eva-grace","status":"publish","type":"product","link":"https:\/\/perle-in.com\/en\/product\/parapluie-tempete-golf-30-avec-poignee-eva-grace\/","title":{"rendered":"Parapluie temp\u00eate golf 30&#8243; avec poign\u00e9e EVA Grace"},"content":{"rendered":"","protected":false},"excerpt":{"rendered":"<p>Parapluie \u00e0 ouverture manuelle avec auvent en polyester. Il dispose d&#8217;un m\u00e2t m\u00e9tallique robuste et d&#8217;un cadre brevet\u00e9 en fibre de verre de qualit\u00e9 sup\u00e9rieure, offrant un maximum de flexibilit\u00e9 dans des conditions venteuses. Poign\u00e9e courb\u00e9e en EVA, embouts et dessus en plastique. Disponible dans une grande vari\u00e9t\u00e9 de couleurs contemporaines. Dispose d&#8217;une grande surface de marquage sur chaque panneau.<\/p>","protected":false},"featured_media":503963,"template":"","meta":{"_eb_attr":""},"product_brand":[],"product_cat":[244,1227],"product_tag":[1661,1666,1662,1663,248],"class_list":{"0":"post-503970","1":"product","2":"type-product","3":"status-publish","4":"has-post-thumbnail","6":"product_cat-parapluies","7":"product_cat-parapluies-de-golf","8":"product_tag-parapluie","9":"product_tag-parapluie-30-pouces","10":"product_tag-parapluies","11":"product_tag-pleuvoir","12":"product_tag-pluie","13":"pa_couleurs-blanc","14":"pa_couleurs-marine","15":"pa_couleurs-noir","17":"first","18":"instock","19":"shipping-taxable","20":"purchasable","21":"product-type-variable"},"yoast_head":"<!-- This site is optimized with the Yoast SEO plugin v27.4 - https:\/\/yoast.com\/product\/yoast-seo-wordpress\/ -->\n<title>Parapluie temp\u00eate golf 30&quot; avec poign\u00e9e EVA Grace - PERLE IN<\/title>\n<meta name=\"robots\" content=\"noindex, follow, max-snippet:-1, max-image-preview:large, max-video-preview:-1\" \/>\n<meta property=\"og:locale\" content=\"en_US\" \/>\n<meta property=\"og:type\" content=\"article\" \/>\n<meta property=\"og:title\" content=\"Parapluie temp\u00eate golf 30&quot; avec poign\u00e9e EVA Grace - PERLE IN\" \/>\n<meta property=\"og:description\" content=\"Parapluie \u00e0 ouverture manuelle avec auvent en polyester. Il dispose d&#039;un m\u00e2t m\u00e9tallique robuste et d&#039;un cadre brevet\u00e9 en fibre de verre de qualit\u00e9 sup\u00e9rieure, offrant un maximum de flexibilit\u00e9 dans des conditions venteuses. Poign\u00e9e courb\u00e9e en EVA, embouts et dessus en plastique. Disponible dans une grande vari\u00e9t\u00e9 de couleurs contemporaines. Dispose d&#039;une grande surface de marquage sur chaque panneau.\" \/>\n<meta property=\"og:url\" content=\"https:\/\/perle-in.com\/en\/product\/parapluie-tempete-golf-30-avec-poignee-eva-grace\/\" \/>\n<meta property=\"og:site_name\" content=\"PERLE IN\" \/>\n<meta property=\"article:modified_time\" content=\"2025-10-13T17:41:46+00:00\" \/>\n<meta property=\"og:image\" content=\"https:\/\/perle-in.com\/wp-content\/uploads\/2025\/10\/10940601-1.jpg\" \/>\n\t<meta property=\"og:image:width\" content=\"1600\" \/>\n\t<meta property=\"og:image:height\" content=\"1600\" \/>\n\t<meta property=\"og:image:type\" content=\"image\/jpeg\" \/>\n<meta name=\"twitter:card\" content=\"summary_large_image\" \/>\n<script type=\"application\/ld+json\" class=\"yoast-schema-graph\">{\"@context\":\"https:\\\/\\\/schema.org\",\"@graph\":[{\"@type\":\"WebPage\",\"@id\":\"https:\\\/\\\/perle-in.com\\\/produit\\\/parapluie-tempete-golf-30-avec-poignee-eva-grace\\\/\",\"url\":\"https:\\\/\\\/perle-in.com\\\/produit\\\/parapluie-tempete-golf-30-avec-poignee-eva-grace\\\/\",\"name\":\"Parapluie temp\u00eate golf 30\\\" avec poign\u00e9e EVA Grace - PERLE IN\",\"isPartOf\":{\"@id\":\"https:\\\/\\\/perle-in.com\\\/#website\"},\"primaryImageOfPage\":{\"@id\":\"https:\\\/\\\/perle-in.com\\\/produit\\\/parapluie-tempete-golf-30-avec-poignee-eva-grace\\\/#primaryimage\"},\"image\":{\"@id\":\"https:\\\/\\\/perle-in.com\\\/produit\\\/parapluie-tempete-golf-30-avec-poignee-eva-grace\\\/#primaryimage\"},\"thumbnailUrl\":\"https:\\\/\\\/perle-in.com\\\/wp-content\\\/uploads\\\/2025\\\/10\\\/10940601-1.jpg\",\"datePublished\":\"2025-10-13T17:41:42+00:00\",\"dateModified\":\"2025-10-13T17:41:46+00:00\",\"breadcrumb\":{\"@id\":\"https:\\\/\\\/perle-in.com\\\/produit\\\/parapluie-tempete-golf-30-avec-poignee-eva-grace\\\/#breadcrumb\"},\"inLanguage\":\"en-CA\",\"potentialAction\":[{\"@type\":\"ReadAction\",\"target\":[\"https:\\\/\\\/perle-in.com\\\/produit\\\/parapluie-tempete-golf-30-avec-poignee-eva-grace\\\/\"]}]},{\"@type\":\"ImageObject\",\"inLanguage\":\"en-CA\",\"@id\":\"https:\\\/\\\/perle-in.com\\\/produit\\\/parapluie-tempete-golf-30-avec-poignee-eva-grace\\\/#primaryimage\",\"url\":\"https:\\\/\\\/perle-in.com\\\/wp-content\\\/uploads\\\/2025\\\/10\\\/10940601-1.jpg\",\"contentUrl\":\"https:\\\/\\\/perle-in.com\\\/wp-content\\\/uploads\\\/2025\\\/10\\\/10940601-1.jpg\",\"width\":1600,\"height\":1600},{\"@type\":\"BreadcrumbList\",\"@id\":\"https:\\\/\\\/perle-in.com\\\/produit\\\/parapluie-tempete-golf-30-avec-poignee-eva-grace\\\/#breadcrumb\",\"itemListElement\":[{\"@type\":\"ListItem\",\"position\":1,\"name\":\"Accueil\",\"item\":\"https:\\\/\\\/perle-in.com\\\/\"},{\"@type\":\"ListItem\",\"position\":2,\"name\":\"Boutique\",\"item\":\"https:\\\/\\\/perle-in.com\\\/boutique\\\/\"},{\"@type\":\"ListItem\",\"position\":3,\"name\":\"Parapluie temp\u00eate golf 30&#8243; avec poign\u00e9e EVA Grace\"}]},{\"@type\":\"WebSite\",\"@id\":\"https:\\\/\\\/perle-in.com\\\/#website\",\"url\":\"https:\\\/\\\/perle-in.com\\\/\",\"name\":\"PERLE IN\",\"description\":\"\",\"publisher\":{\"@id\":\"https:\\\/\\\/perle-in.com\\\/#organization\"},\"potentialAction\":[{\"@type\":\"SearchAction\",\"target\":{\"@type\":\"EntryPoint\",\"urlTemplate\":\"https:\\\/\\\/perle-in.com\\\/?s={search_term_string}\"},\"query-input\":{\"@type\":\"PropertyValueSpecification\",\"valueRequired\":true,\"valueName\":\"search_term_string\"}}],\"inLanguage\":\"en-CA\"},{\"@type\":\"Organization\",\"@id\":\"https:\\\/\\\/perle-in.com\\\/#organization\",\"name\":\"PERLE IN\",\"url\":\"https:\\\/\\\/perle-in.com\\\/\",\"logo\":{\"@type\":\"ImageObject\",\"inLanguage\":\"en-CA\",\"@id\":\"https:\\\/\\\/perle-in.com\\\/#\\\/schema\\\/logo\\\/image\\\/\",\"url\":\"https:\\\/\\\/perle-in.com\\\/wp-content\\\/uploads\\\/2022\\\/12\\\/LOGO-PERLE-IN-COULEUR@3x.webp\",\"contentUrl\":\"https:\\\/\\\/perle-in.com\\\/wp-content\\\/uploads\\\/2022\\\/12\\\/LOGO-PERLE-IN-COULEUR@3x.webp\",\"width\":1600,\"height\":490,\"caption\":\"PERLE IN\"},\"image\":{\"@id\":\"https:\\\/\\\/perle-in.com\\\/#\\\/schema\\\/logo\\\/image\\\/\"}}]}<\/script>\n<!-- \/ Yoast SEO plugin. -->","yoast_head_json":{"title":"Parapluie temp\u00eate golf 30\" avec poign\u00e9e EVA Grace - PERLE IN","robots":{"index":"noindex","follow":"follow","max-snippet":"max-snippet:-1","max-image-preview":"max-image-preview:large","max-video-preview":"max-video-preview:-1"},"og_locale":"en_US","og_type":"article","og_title":"Parapluie temp\u00eate golf 30\" avec poign\u00e9e EVA Grace - PERLE IN","og_description":"Parapluie \u00e0 ouverture manuelle avec auvent en polyester. Il dispose d'un m\u00e2t m\u00e9tallique robuste et d'un cadre brevet\u00e9 en fibre de verre de qualit\u00e9 sup\u00e9rieure, offrant un maximum de flexibilit\u00e9 dans des conditions venteuses. Poign\u00e9e courb\u00e9e en EVA, embouts et dessus en plastique. Disponible dans une grande vari\u00e9t\u00e9 de couleurs contemporaines. Dispose d'une grande surface de marquage sur chaque panneau.","og_url":"https:\/\/perle-in.com\/en\/product\/parapluie-tempete-golf-30-avec-poignee-eva-grace\/","og_site_name":"PERLE IN","article_modified_time":"2025-10-13T17:41:46+00:00","og_image":[{"width":1600,"height":1600,"url":"https:\/\/perle-in.com\/wp-content\/uploads\/2025\/10\/10940601-1.jpg","type":"image\/jpeg"}],"twitter_card":"summary_large_image","schema":{"@context":"https:\/\/schema.org","@graph":[{"@type":"WebPage","@id":"https:\/\/perle-in.com\/produit\/parapluie-tempete-golf-30-avec-poignee-eva-grace\/","url":"https:\/\/perle-in.com\/produit\/parapluie-tempete-golf-30-avec-poignee-eva-grace\/","name":"Parapluie temp\u00eate golf 30\" avec poign\u00e9e EVA Grace - PERLE IN","isPartOf":{"@id":"https:\/\/perle-in.com\/#website"},"primaryImageOfPage":{"@id":"https:\/\/perle-in.com\/produit\/parapluie-tempete-golf-30-avec-poignee-eva-grace\/#primaryimage"},"image":{"@id":"https:\/\/perle-in.com\/produit\/parapluie-tempete-golf-30-avec-poignee-eva-grace\/#primaryimage"},"thumbnailUrl":"https:\/\/perle-in.com\/wp-content\/uploads\/2025\/10\/10940601-1.jpg","datePublished":"2025-10-13T17:41:42+00:00","dateModified":"2025-10-13T17:41:46+00:00","breadcrumb":{"@id":"https:\/\/perle-in.com\/produit\/parapluie-tempete-golf-30-avec-poignee-eva-grace\/#breadcrumb"},"inLanguage":"en-CA","potentialAction":[{"@type":"ReadAction","target":["https:\/\/perle-in.com\/produit\/parapluie-tempete-golf-30-avec-poignee-eva-grace\/"]}]},{"@type":"ImageObject","inLanguage":"en-CA","@id":"https:\/\/perle-in.com\/produit\/parapluie-tempete-golf-30-avec-poignee-eva-grace\/#primaryimage","url":"https:\/\/perle-in.com\/wp-content\/uploads\/2025\/10\/10940601-1.jpg","contentUrl":"https:\/\/perle-in.com\/wp-content\/uploads\/2025\/10\/10940601-1.jpg","width":1600,"height":1600},{"@type":"BreadcrumbList","@id":"https:\/\/perle-in.com\/produit\/parapluie-tempete-golf-30-avec-poignee-eva-grace\/#breadcrumb","itemListElement":[{"@type":"ListItem","position":1,"name":"Accueil","item":"https:\/\/perle-in.com\/"},{"@type":"ListItem","position":2,"name":"Boutique","item":"https:\/\/perle-in.com\/boutique\/"},{"@type":"ListItem","position":3,"name":"Parapluie temp\u00eate golf 30&#8243; avec poign\u00e9e EVA Grace"}]},{"@type":"WebSite","@id":"https:\/\/perle-in.com\/#website","url":"https:\/\/perle-in.com\/","name":"PERLE IN","description":"","publisher":{"@id":"https:\/\/perle-in.com\/#organization"},"potentialAction":[{"@type":"SearchAction","target":{"@type":"EntryPoint","urlTemplate":"https:\/\/perle-in.com\/?s={search_term_string}"},"query-input":{"@type":"PropertyValueSpecification","valueRequired":true,"valueName":"search_term_string"}}],"inLanguage":"en-CA"},{"@type":"Organization","@id":"https:\/\/perle-in.com\/#organization","name":"PERLE IN","url":"https:\/\/perle-in.com\/","logo":{"@type":"ImageObject","inLanguage":"en-CA","@id":"https:\/\/perle-in.com\/#\/schema\/logo\/image\/","url":"https:\/\/perle-in.com\/wp-content\/uploads\/2022\/12\/LOGO-PERLE-IN-COULEUR@3x.webp","contentUrl":"https:\/\/perle-in.com\/wp-content\/uploads\/2022\/12\/LOGO-PERLE-IN-COULEUR@3x.webp","width":1600,"height":490,"caption":"PERLE IN"},"image":{"@id":"https:\/\/perle-in.com\/#\/schema\/logo\/image\/"}}]}},"jetpack_sharing_enabled":true,"_links":{"self":[{"href":"https:\/\/perle-in.com\/en\/wp-json\/wp\/v2\/product\/503970","targetHints":{"allow":["GET"]}}],"collection":[{"href":"https:\/\/perle-in.com\/en\/wp-json\/wp\/v2\/product"}],"about":[{"href":"https:\/\/perle-in.com\/en\/wp-json\/wp\/v2\/types\/product"}],"version-history":[{"count":0,"href":"https:\/\/perle-in.com\/en\/wp-json\/wp\/v2\/product\/503970\/revisions"}],"wp:featuredmedia":[{"embeddable":true,"href":"https:\/\/perle-in.com\/en\/wp-json\/wp\/v2\/media\/503963"}],"wp:attachment":[{"href":"https:\/\/perle-in.com\/en\/wp-json\/wp\/v2\/media?parent=503970"}],"wp:term":[{"taxonomy":"product_brand","embeddable":true,"href":"https:\/\/perle-in.com\/en\/wp-json\/wp\/v2\/product_brand?post=503970"},{"taxonomy":"product_cat","embeddable":true,"href":"https:\/\/perle-in.com\/en\/wp-json\/wp\/v2\/product_cat?post=503970"},{"taxonomy":"product_tag","embeddable":true,"href":"https:\/\/perle-in.com\/en\/wp-json\/wp\/v2\/product_tag?post=503970"}],"curies":[{"name":"wp","href":"https:\/\/api.w.org\/{rel}","templated":true}]}}