{"id":503924,"date":"2025-10-13T19:38:20","date_gmt":"2025-10-13T17:38:20","guid":{"rendered":"https:\/\/perle-in.com\/produit\/parapluie-en-rpet-pliable-21-a-ouverture-fermeture-automatique-bo\/"},"modified":"2025-10-13T22:29:37","modified_gmt":"2025-10-13T20:29:37","slug":"parapluie-en-rpet-pliable-21-a-ouverture-fermeture-automatique-bo","status":"publish","type":"product","link":"https:\/\/perle-in.com\/en\/product\/parapluie-en-rpet-pliable-21-a-ouverture-fermeture-automatique-bo\/","title":{"rendered":"Parapluie en RPET pliable 21&#8243; \u00e0 ouverture\/fermeture automatique Bo"},"content":{"rendered":"","protected":false},"excerpt":{"rendered":"<p>Parapluie pliable \u00e0 ouverture et fermeture automatique avec auvent en polyester pong\u00e9e et PET recycl\u00e9. M\u00e2t m\u00e9tallique robuste, cadre de qualit\u00e9 sup\u00e9rieure avec baleines en fibre de verre pour un maximum de flexibilit\u00e9 dans des conditions venteuses. Livr\u00e9 avec une pochette et peut facilement s&#8217;adapter \u00e0 un sac \u00e0 main ou \u00e0 un sac \u00e0 dos pour un transport pratique. Avec la poign\u00e9e en bois et l&#8217;auvent en polyester en pong\u00e9 PET recycl\u00e9, il offre un choix plus responsable. Disponible dans une grande vari\u00e9t\u00e9 de couleurs contemporaines avec une grande surface marquage sur chacun des panneaux.<\/p>","protected":false},"featured_media":503909,"template":"","meta":{"_eb_attr":""},"product_brand":[],"product_cat":[244,1229],"product_tag":[1671,1674,1670,837,1661,1662,1672,1675,1673,836],"class_list":{"0":"post-503924","1":"product","2":"type-product","3":"status-publish","4":"has-post-thumbnail","6":"product_cat-parapluies","7":"product_cat-parapluies-pliables","8":"product_tag-automatique","9":"product_tag-auvent","10":"product_tag-bo","11":"product_tag-durable","12":"product_tag-parapluie","13":"product_tag-parapluies","14":"product_tag-pet","15":"product_tag-pochette","16":"product_tag-ponge","17":"product_tag-recycle","18":"pa_couleurs-blanc","19":"pa_couleurs-bleu-process","20":"pa_couleurs-bleu-royal","21":"pa_couleurs-citron-vert","22":"pa_couleurs-gris","23":"pa_couleurs-marine","24":"pa_couleurs-noir","25":"pa_couleurs-rouge","26":"pa_matiere-polyester-pongee-en-pet-recycle","28":"first","29":"instock","30":"sale","31":"shipping-taxable","32":"purchasable","33":"product-type-variable"},"yoast_head":"<!-- This site is optimized with the Yoast SEO plugin v27.4 - https:\/\/yoast.com\/product\/yoast-seo-wordpress\/ -->\n<title>Parapluie en RPET pliable 21&quot; \u00e0 ouverture\/fermeture automatique Bo - PERLE IN<\/title>\n<meta name=\"robots\" content=\"noindex, follow, max-snippet:-1, max-image-preview:large, max-video-preview:-1\" \/>\n<meta property=\"og:locale\" content=\"en_US\" \/>\n<meta property=\"og:type\" content=\"article\" \/>\n<meta property=\"og:title\" content=\"Parapluie en RPET pliable 21&quot; \u00e0 ouverture\/fermeture automatique Bo - PERLE IN\" \/>\n<meta property=\"og:description\" content=\"Parapluie pliable \u00e0 ouverture et fermeture automatique avec auvent en polyester pong\u00e9e et PET recycl\u00e9. M\u00e2t m\u00e9tallique robuste, cadre de qualit\u00e9 sup\u00e9rieure avec baleines en fibre de verre pour un maximum de flexibilit\u00e9 dans des conditions venteuses. Livr\u00e9 avec une pochette et peut facilement s&#039;adapter \u00e0 un sac \u00e0 main ou \u00e0 un sac \u00e0 dos pour un transport pratique. Avec la poign\u00e9e en bois et l&#039;auvent en polyester en pong\u00e9 PET recycl\u00e9, il offre un choix plus responsable. Disponible dans une grande vari\u00e9t\u00e9 de couleurs contemporaines avec une grande surface marquage sur chacun des panneaux.\" \/>\n<meta property=\"og:url\" content=\"https:\/\/perle-in.com\/en\/product\/parapluie-en-rpet-pliable-21-a-ouverture-fermeture-automatique-bo\/\" \/>\n<meta property=\"og:site_name\" content=\"PERLE IN\" \/>\n<meta property=\"article:modified_time\" content=\"2025-10-13T20:29:37+00:00\" \/>\n<meta property=\"og:image\" content=\"https:\/\/perle-in.com\/wp-content\/uploads\/2025\/10\/10914301-1.jpg\" \/>\n\t<meta property=\"og:image:width\" content=\"1600\" \/>\n\t<meta property=\"og:image:height\" content=\"1600\" \/>\n\t<meta property=\"og:image:type\" content=\"image\/jpeg\" \/>\n<meta name=\"twitter:card\" content=\"summary_large_image\" \/>\n<script type=\"application\/ld+json\" class=\"yoast-schema-graph\">{\"@context\":\"https:\\\/\\\/schema.org\",\"@graph\":[{\"@type\":\"WebPage\",\"@id\":\"https:\\\/\\\/perle-in.com\\\/produit\\\/parapluie-en-rpet-pliable-21-a-ouverture-fermeture-automatique-bo\\\/\",\"url\":\"https:\\\/\\\/perle-in.com\\\/produit\\\/parapluie-en-rpet-pliable-21-a-ouverture-fermeture-automatique-bo\\\/\",\"name\":\"Parapluie en RPET pliable 21\\\" \u00e0 ouverture\\\/fermeture automatique Bo - PERLE IN\",\"isPartOf\":{\"@id\":\"https:\\\/\\\/perle-in.com\\\/#website\"},\"primaryImageOfPage\":{\"@id\":\"https:\\\/\\\/perle-in.com\\\/produit\\\/parapluie-en-rpet-pliable-21-a-ouverture-fermeture-automatique-bo\\\/#primaryimage\"},\"image\":{\"@id\":\"https:\\\/\\\/perle-in.com\\\/produit\\\/parapluie-en-rpet-pliable-21-a-ouverture-fermeture-automatique-bo\\\/#primaryimage\"},\"thumbnailUrl\":\"https:\\\/\\\/perle-in.com\\\/wp-content\\\/uploads\\\/2025\\\/10\\\/10914301-1.jpg\",\"datePublished\":\"2025-10-13T17:38:20+00:00\",\"dateModified\":\"2025-10-13T20:29:37+00:00\",\"breadcrumb\":{\"@id\":\"https:\\\/\\\/perle-in.com\\\/produit\\\/parapluie-en-rpet-pliable-21-a-ouverture-fermeture-automatique-bo\\\/#breadcrumb\"},\"inLanguage\":\"en-CA\",\"potentialAction\":[{\"@type\":\"ReadAction\",\"target\":[\"https:\\\/\\\/perle-in.com\\\/produit\\\/parapluie-en-rpet-pliable-21-a-ouverture-fermeture-automatique-bo\\\/\"]}]},{\"@type\":\"ImageObject\",\"inLanguage\":\"en-CA\",\"@id\":\"https:\\\/\\\/perle-in.com\\\/produit\\\/parapluie-en-rpet-pliable-21-a-ouverture-fermeture-automatique-bo\\\/#primaryimage\",\"url\":\"https:\\\/\\\/perle-in.com\\\/wp-content\\\/uploads\\\/2025\\\/10\\\/10914301-1.jpg\",\"contentUrl\":\"https:\\\/\\\/perle-in.com\\\/wp-content\\\/uploads\\\/2025\\\/10\\\/10914301-1.jpg\",\"width\":1600,\"height\":1600},{\"@type\":\"BreadcrumbList\",\"@id\":\"https:\\\/\\\/perle-in.com\\\/produit\\\/parapluie-en-rpet-pliable-21-a-ouverture-fermeture-automatique-bo\\\/#breadcrumb\",\"itemListElement\":[{\"@type\":\"ListItem\",\"position\":1,\"name\":\"Accueil\",\"item\":\"https:\\\/\\\/perle-in.com\\\/\"},{\"@type\":\"ListItem\",\"position\":2,\"name\":\"Boutique\",\"item\":\"https:\\\/\\\/perle-in.com\\\/boutique\\\/\"},{\"@type\":\"ListItem\",\"position\":3,\"name\":\"Parapluie en RPET pliable 21&#8243; \u00e0 ouverture\\\/fermeture automatique Bo\"}]},{\"@type\":\"WebSite\",\"@id\":\"https:\\\/\\\/perle-in.com\\\/#website\",\"url\":\"https:\\\/\\\/perle-in.com\\\/\",\"name\":\"PERLE IN\",\"description\":\"\",\"publisher\":{\"@id\":\"https:\\\/\\\/perle-in.com\\\/#organization\"},\"potentialAction\":[{\"@type\":\"SearchAction\",\"target\":{\"@type\":\"EntryPoint\",\"urlTemplate\":\"https:\\\/\\\/perle-in.com\\\/?s={search_term_string}\"},\"query-input\":{\"@type\":\"PropertyValueSpecification\",\"valueRequired\":true,\"valueName\":\"search_term_string\"}}],\"inLanguage\":\"en-CA\"},{\"@type\":\"Organization\",\"@id\":\"https:\\\/\\\/perle-in.com\\\/#organization\",\"name\":\"PERLE IN\",\"url\":\"https:\\\/\\\/perle-in.com\\\/\",\"logo\":{\"@type\":\"ImageObject\",\"inLanguage\":\"en-CA\",\"@id\":\"https:\\\/\\\/perle-in.com\\\/#\\\/schema\\\/logo\\\/image\\\/\",\"url\":\"https:\\\/\\\/perle-in.com\\\/wp-content\\\/uploads\\\/2022\\\/12\\\/LOGO-PERLE-IN-COULEUR@3x.webp\",\"contentUrl\":\"https:\\\/\\\/perle-in.com\\\/wp-content\\\/uploads\\\/2022\\\/12\\\/LOGO-PERLE-IN-COULEUR@3x.webp\",\"width\":1600,\"height\":490,\"caption\":\"PERLE IN\"},\"image\":{\"@id\":\"https:\\\/\\\/perle-in.com\\\/#\\\/schema\\\/logo\\\/image\\\/\"}}]}<\/script>\n<!-- \/ Yoast SEO plugin. -->","yoast_head_json":{"title":"Parapluie en RPET pliable 21\" \u00e0 ouverture\/fermeture automatique Bo - PERLE IN","robots":{"index":"noindex","follow":"follow","max-snippet":"max-snippet:-1","max-image-preview":"max-image-preview:large","max-video-preview":"max-video-preview:-1"},"og_locale":"en_US","og_type":"article","og_title":"Parapluie en RPET pliable 21\" \u00e0 ouverture\/fermeture automatique Bo - PERLE IN","og_description":"Parapluie pliable \u00e0 ouverture et fermeture automatique avec auvent en polyester pong\u00e9e et PET recycl\u00e9. M\u00e2t m\u00e9tallique robuste, cadre de qualit\u00e9 sup\u00e9rieure avec baleines en fibre de verre pour un maximum de flexibilit\u00e9 dans des conditions venteuses. Livr\u00e9 avec une pochette et peut facilement s'adapter \u00e0 un sac \u00e0 main ou \u00e0 un sac \u00e0 dos pour un transport pratique. Avec la poign\u00e9e en bois et l'auvent en polyester en pong\u00e9 PET recycl\u00e9, il offre un choix plus responsable. Disponible dans une grande vari\u00e9t\u00e9 de couleurs contemporaines avec une grande surface marquage sur chacun des panneaux.","og_url":"https:\/\/perle-in.com\/en\/product\/parapluie-en-rpet-pliable-21-a-ouverture-fermeture-automatique-bo\/","og_site_name":"PERLE IN","article_modified_time":"2025-10-13T20:29:37+00:00","og_image":[{"width":1600,"height":1600,"url":"https:\/\/perle-in.com\/wp-content\/uploads\/2025\/10\/10914301-1.jpg","type":"image\/jpeg"}],"twitter_card":"summary_large_image","schema":{"@context":"https:\/\/schema.org","@graph":[{"@type":"WebPage","@id":"https:\/\/perle-in.com\/produit\/parapluie-en-rpet-pliable-21-a-ouverture-fermeture-automatique-bo\/","url":"https:\/\/perle-in.com\/produit\/parapluie-en-rpet-pliable-21-a-ouverture-fermeture-automatique-bo\/","name":"Parapluie en RPET pliable 21\" \u00e0 ouverture\/fermeture automatique Bo - PERLE IN","isPartOf":{"@id":"https:\/\/perle-in.com\/#website"},"primaryImageOfPage":{"@id":"https:\/\/perle-in.com\/produit\/parapluie-en-rpet-pliable-21-a-ouverture-fermeture-automatique-bo\/#primaryimage"},"image":{"@id":"https:\/\/perle-in.com\/produit\/parapluie-en-rpet-pliable-21-a-ouverture-fermeture-automatique-bo\/#primaryimage"},"thumbnailUrl":"https:\/\/perle-in.com\/wp-content\/uploads\/2025\/10\/10914301-1.jpg","datePublished":"2025-10-13T17:38:20+00:00","dateModified":"2025-10-13T20:29:37+00:00","breadcrumb":{"@id":"https:\/\/perle-in.com\/produit\/parapluie-en-rpet-pliable-21-a-ouverture-fermeture-automatique-bo\/#breadcrumb"},"inLanguage":"en-CA","potentialAction":[{"@type":"ReadAction","target":["https:\/\/perle-in.com\/produit\/parapluie-en-rpet-pliable-21-a-ouverture-fermeture-automatique-bo\/"]}]},{"@type":"ImageObject","inLanguage":"en-CA","@id":"https:\/\/perle-in.com\/produit\/parapluie-en-rpet-pliable-21-a-ouverture-fermeture-automatique-bo\/#primaryimage","url":"https:\/\/perle-in.com\/wp-content\/uploads\/2025\/10\/10914301-1.jpg","contentUrl":"https:\/\/perle-in.com\/wp-content\/uploads\/2025\/10\/10914301-1.jpg","width":1600,"height":1600},{"@type":"BreadcrumbList","@id":"https:\/\/perle-in.com\/produit\/parapluie-en-rpet-pliable-21-a-ouverture-fermeture-automatique-bo\/#breadcrumb","itemListElement":[{"@type":"ListItem","position":1,"name":"Accueil","item":"https:\/\/perle-in.com\/"},{"@type":"ListItem","position":2,"name":"Boutique","item":"https:\/\/perle-in.com\/boutique\/"},{"@type":"ListItem","position":3,"name":"Parapluie en RPET pliable 21&#8243; \u00e0 ouverture\/fermeture automatique Bo"}]},{"@type":"WebSite","@id":"https:\/\/perle-in.com\/#website","url":"https:\/\/perle-in.com\/","name":"PERLE IN","description":"","publisher":{"@id":"https:\/\/perle-in.com\/#organization"},"potentialAction":[{"@type":"SearchAction","target":{"@type":"EntryPoint","urlTemplate":"https:\/\/perle-in.com\/?s={search_term_string}"},"query-input":{"@type":"PropertyValueSpecification","valueRequired":true,"valueName":"search_term_string"}}],"inLanguage":"en-CA"},{"@type":"Organization","@id":"https:\/\/perle-in.com\/#organization","name":"PERLE IN","url":"https:\/\/perle-in.com\/","logo":{"@type":"ImageObject","inLanguage":"en-CA","@id":"https:\/\/perle-in.com\/#\/schema\/logo\/image\/","url":"https:\/\/perle-in.com\/wp-content\/uploads\/2022\/12\/LOGO-PERLE-IN-COULEUR@3x.webp","contentUrl":"https:\/\/perle-in.com\/wp-content\/uploads\/2022\/12\/LOGO-PERLE-IN-COULEUR@3x.webp","width":1600,"height":490,"caption":"PERLE IN"},"image":{"@id":"https:\/\/perle-in.com\/#\/schema\/logo\/image\/"}}]}},"jetpack_sharing_enabled":true,"_links":{"self":[{"href":"https:\/\/perle-in.com\/en\/wp-json\/wp\/v2\/product\/503924","targetHints":{"allow":["GET"]}}],"collection":[{"href":"https:\/\/perle-in.com\/en\/wp-json\/wp\/v2\/product"}],"about":[{"href":"https:\/\/perle-in.com\/en\/wp-json\/wp\/v2\/types\/product"}],"version-history":[{"count":0,"href":"https:\/\/perle-in.com\/en\/wp-json\/wp\/v2\/product\/503924\/revisions"}],"wp:featuredmedia":[{"embeddable":true,"href":"https:\/\/perle-in.com\/en\/wp-json\/wp\/v2\/media\/503909"}],"wp:attachment":[{"href":"https:\/\/perle-in.com\/en\/wp-json\/wp\/v2\/media?parent=503924"}],"wp:term":[{"taxonomy":"product_brand","embeddable":true,"href":"https:\/\/perle-in.com\/en\/wp-json\/wp\/v2\/product_brand?post=503924"},{"taxonomy":"product_cat","embeddable":true,"href":"https:\/\/perle-in.com\/en\/wp-json\/wp\/v2\/product_cat?post=503924"},{"taxonomy":"product_tag","embeddable":true,"href":"https:\/\/perle-in.com\/en\/wp-json\/wp\/v2\/product_tag?post=503924"}],"curies":[{"name":"wp","href":"https:\/\/api.w.org\/{rel}","templated":true}]}}