{"id":503873,"date":"2025-10-13T19:35:36","date_gmt":"2025-10-13T17:35:36","guid":{"rendered":"https:\/\/perle-in.com\/produit\/parapluie-21-pliable-a-ouverture-automatique-wali\/"},"modified":"2025-10-13T19:35:48","modified_gmt":"2025-10-13T17:35:48","slug":"parapluie-21-pliable-a-ouverture-automatique-wali","status":"publish","type":"product","link":"https:\/\/perle-in.com\/en\/product\/parapluie-21-pliable-a-ouverture-automatique-wali\/","title":{"rendered":"Parapluie 21&#8243; pliable \u00e0 ouverture automatique Wali"},"content":{"rendered":"","protected":false},"excerpt":{"rendered":"<p>Le parapluie pliable Wali 21&#8243; semble petit et compact mais offre un excellent abri contre la pluie. Le parapluie est un parapluie \u00e0 ouverture automatique, ce qui signifie qu&#8217;il s&#8217;ouvre en appuyant sur un bouton. De plus, le parapluie poss\u00e8de une armature en m\u00e9tal, des baleines flexibles en fibre de verre et une poign\u00e9e en plastique robuste recouverte de caoutchouc pour une bonne prise en main. Livr\u00e9 avec une pochette qui prot\u00e8ge le parapluie des dommages et le rend facile \u00e0 ranger.<\/p>","protected":false},"featured_media":503862,"template":"","meta":{"_eb_attr":""},"product_brand":[],"product_cat":[244,1229],"product_tag":[1661,1660,1662,1663,248],"class_list":{"0":"post-503873","1":"product","2":"type-product","3":"status-publish","4":"has-post-thumbnail","6":"product_cat-parapluies","7":"product_cat-parapluies-pliables","8":"product_tag-parapluie","9":"product_tag-parapluie-a-sections","10":"product_tag-parapluies","11":"product_tag-pleuvoir","12":"product_tag-pluie","13":"pa_couleurs-blanc","14":"pa_couleurs-bleu-royal","15":"pa_couleurs-marine","16":"pa_couleurs-noir","17":"pa_couleurs-rouge","19":"first","20":"instock","21":"shipping-taxable","22":"purchasable","23":"product-type-variable"},"yoast_head":"<!-- This site is optimized with the Yoast SEO plugin v27.4 - https:\/\/yoast.com\/product\/yoast-seo-wordpress\/ -->\n<title>Parapluie 21&quot; pliable \u00e0 ouverture automatique Wali - PERLE IN<\/title>\n<meta name=\"robots\" content=\"noindex, follow, max-snippet:-1, max-image-preview:large, max-video-preview:-1\" \/>\n<meta property=\"og:locale\" content=\"en_US\" \/>\n<meta property=\"og:type\" content=\"article\" \/>\n<meta property=\"og:title\" content=\"Parapluie 21&quot; pliable \u00e0 ouverture automatique Wali - PERLE IN\" \/>\n<meta property=\"og:description\" content=\"Le parapluie pliable Wali 21&quot; semble petit et compact mais offre un excellent abri contre la pluie. Le parapluie est un parapluie \u00e0 ouverture automatique, ce qui signifie qu&#039;il s&#039;ouvre en appuyant sur un bouton. De plus, le parapluie poss\u00e8de une armature en m\u00e9tal, des baleines flexibles en fibre de verre et une poign\u00e9e en plastique robuste recouverte de caoutchouc pour une bonne prise en main. Livr\u00e9 avec une pochette qui prot\u00e8ge le parapluie des dommages et le rend facile \u00e0 ranger.\" \/>\n<meta property=\"og:url\" content=\"https:\/\/perle-in.com\/en\/product\/parapluie-21-pliable-a-ouverture-automatique-wali\/\" \/>\n<meta property=\"og:site_name\" content=\"PERLE IN\" \/>\n<meta property=\"article:modified_time\" content=\"2025-10-13T17:35:48+00:00\" \/>\n<meta property=\"og:image\" content=\"https:\/\/perle-in.com\/wp-content\/uploads\/2025\/10\/10907700-1.jpg\" \/>\n\t<meta property=\"og:image:width\" content=\"1600\" \/>\n\t<meta property=\"og:image:height\" content=\"1600\" \/>\n\t<meta property=\"og:image:type\" content=\"image\/jpeg\" \/>\n<meta name=\"twitter:card\" content=\"summary_large_image\" \/>\n<script type=\"application\/ld+json\" class=\"yoast-schema-graph\">{\"@context\":\"https:\\\/\\\/schema.org\",\"@graph\":[{\"@type\":\"WebPage\",\"@id\":\"https:\\\/\\\/perle-in.com\\\/produit\\\/parapluie-21-pliable-a-ouverture-automatique-wali\\\/\",\"url\":\"https:\\\/\\\/perle-in.com\\\/produit\\\/parapluie-21-pliable-a-ouverture-automatique-wali\\\/\",\"name\":\"Parapluie 21\\\" pliable \u00e0 ouverture automatique Wali - PERLE IN\",\"isPartOf\":{\"@id\":\"https:\\\/\\\/perle-in.com\\\/#website\"},\"primaryImageOfPage\":{\"@id\":\"https:\\\/\\\/perle-in.com\\\/produit\\\/parapluie-21-pliable-a-ouverture-automatique-wali\\\/#primaryimage\"},\"image\":{\"@id\":\"https:\\\/\\\/perle-in.com\\\/produit\\\/parapluie-21-pliable-a-ouverture-automatique-wali\\\/#primaryimage\"},\"thumbnailUrl\":\"https:\\\/\\\/perle-in.com\\\/wp-content\\\/uploads\\\/2025\\\/10\\\/10907700-1.jpg\",\"datePublished\":\"2025-10-13T17:35:36+00:00\",\"dateModified\":\"2025-10-13T17:35:48+00:00\",\"breadcrumb\":{\"@id\":\"https:\\\/\\\/perle-in.com\\\/produit\\\/parapluie-21-pliable-a-ouverture-automatique-wali\\\/#breadcrumb\"},\"inLanguage\":\"en-CA\",\"potentialAction\":[{\"@type\":\"ReadAction\",\"target\":[\"https:\\\/\\\/perle-in.com\\\/produit\\\/parapluie-21-pliable-a-ouverture-automatique-wali\\\/\"]}]},{\"@type\":\"ImageObject\",\"inLanguage\":\"en-CA\",\"@id\":\"https:\\\/\\\/perle-in.com\\\/produit\\\/parapluie-21-pliable-a-ouverture-automatique-wali\\\/#primaryimage\",\"url\":\"https:\\\/\\\/perle-in.com\\\/wp-content\\\/uploads\\\/2025\\\/10\\\/10907700-1.jpg\",\"contentUrl\":\"https:\\\/\\\/perle-in.com\\\/wp-content\\\/uploads\\\/2025\\\/10\\\/10907700-1.jpg\",\"width\":1600,\"height\":1600},{\"@type\":\"BreadcrumbList\",\"@id\":\"https:\\\/\\\/perle-in.com\\\/produit\\\/parapluie-21-pliable-a-ouverture-automatique-wali\\\/#breadcrumb\",\"itemListElement\":[{\"@type\":\"ListItem\",\"position\":1,\"name\":\"Accueil\",\"item\":\"https:\\\/\\\/perle-in.com\\\/\"},{\"@type\":\"ListItem\",\"position\":2,\"name\":\"Boutique\",\"item\":\"https:\\\/\\\/perle-in.com\\\/boutique\\\/\"},{\"@type\":\"ListItem\",\"position\":3,\"name\":\"Parapluie 21&#8243; pliable \u00e0 ouverture automatique Wali\"}]},{\"@type\":\"WebSite\",\"@id\":\"https:\\\/\\\/perle-in.com\\\/#website\",\"url\":\"https:\\\/\\\/perle-in.com\\\/\",\"name\":\"PERLE IN\",\"description\":\"\",\"publisher\":{\"@id\":\"https:\\\/\\\/perle-in.com\\\/#organization\"},\"potentialAction\":[{\"@type\":\"SearchAction\",\"target\":{\"@type\":\"EntryPoint\",\"urlTemplate\":\"https:\\\/\\\/perle-in.com\\\/?s={search_term_string}\"},\"query-input\":{\"@type\":\"PropertyValueSpecification\",\"valueRequired\":true,\"valueName\":\"search_term_string\"}}],\"inLanguage\":\"en-CA\"},{\"@type\":\"Organization\",\"@id\":\"https:\\\/\\\/perle-in.com\\\/#organization\",\"name\":\"PERLE IN\",\"url\":\"https:\\\/\\\/perle-in.com\\\/\",\"logo\":{\"@type\":\"ImageObject\",\"inLanguage\":\"en-CA\",\"@id\":\"https:\\\/\\\/perle-in.com\\\/#\\\/schema\\\/logo\\\/image\\\/\",\"url\":\"https:\\\/\\\/perle-in.com\\\/wp-content\\\/uploads\\\/2022\\\/12\\\/LOGO-PERLE-IN-COULEUR@3x.webp\",\"contentUrl\":\"https:\\\/\\\/perle-in.com\\\/wp-content\\\/uploads\\\/2022\\\/12\\\/LOGO-PERLE-IN-COULEUR@3x.webp\",\"width\":1600,\"height\":490,\"caption\":\"PERLE IN\"},\"image\":{\"@id\":\"https:\\\/\\\/perle-in.com\\\/#\\\/schema\\\/logo\\\/image\\\/\"}}]}<\/script>\n<!-- \/ Yoast SEO plugin. -->","yoast_head_json":{"title":"Parapluie 21\" pliable \u00e0 ouverture automatique Wali - PERLE IN","robots":{"index":"noindex","follow":"follow","max-snippet":"max-snippet:-1","max-image-preview":"max-image-preview:large","max-video-preview":"max-video-preview:-1"},"og_locale":"en_US","og_type":"article","og_title":"Parapluie 21\" pliable \u00e0 ouverture automatique Wali - PERLE IN","og_description":"Le parapluie pliable Wali 21\" semble petit et compact mais offre un excellent abri contre la pluie. Le parapluie est un parapluie \u00e0 ouverture automatique, ce qui signifie qu'il s'ouvre en appuyant sur un bouton. De plus, le parapluie poss\u00e8de une armature en m\u00e9tal, des baleines flexibles en fibre de verre et une poign\u00e9e en plastique robuste recouverte de caoutchouc pour une bonne prise en main. Livr\u00e9 avec une pochette qui prot\u00e8ge le parapluie des dommages et le rend facile \u00e0 ranger.","og_url":"https:\/\/perle-in.com\/en\/product\/parapluie-21-pliable-a-ouverture-automatique-wali\/","og_site_name":"PERLE IN","article_modified_time":"2025-10-13T17:35:48+00:00","og_image":[{"width":1600,"height":1600,"url":"https:\/\/perle-in.com\/wp-content\/uploads\/2025\/10\/10907700-1.jpg","type":"image\/jpeg"}],"twitter_card":"summary_large_image","schema":{"@context":"https:\/\/schema.org","@graph":[{"@type":"WebPage","@id":"https:\/\/perle-in.com\/produit\/parapluie-21-pliable-a-ouverture-automatique-wali\/","url":"https:\/\/perle-in.com\/produit\/parapluie-21-pliable-a-ouverture-automatique-wali\/","name":"Parapluie 21\" pliable \u00e0 ouverture automatique Wali - PERLE IN","isPartOf":{"@id":"https:\/\/perle-in.com\/#website"},"primaryImageOfPage":{"@id":"https:\/\/perle-in.com\/produit\/parapluie-21-pliable-a-ouverture-automatique-wali\/#primaryimage"},"image":{"@id":"https:\/\/perle-in.com\/produit\/parapluie-21-pliable-a-ouverture-automatique-wali\/#primaryimage"},"thumbnailUrl":"https:\/\/perle-in.com\/wp-content\/uploads\/2025\/10\/10907700-1.jpg","datePublished":"2025-10-13T17:35:36+00:00","dateModified":"2025-10-13T17:35:48+00:00","breadcrumb":{"@id":"https:\/\/perle-in.com\/produit\/parapluie-21-pliable-a-ouverture-automatique-wali\/#breadcrumb"},"inLanguage":"en-CA","potentialAction":[{"@type":"ReadAction","target":["https:\/\/perle-in.com\/produit\/parapluie-21-pliable-a-ouverture-automatique-wali\/"]}]},{"@type":"ImageObject","inLanguage":"en-CA","@id":"https:\/\/perle-in.com\/produit\/parapluie-21-pliable-a-ouverture-automatique-wali\/#primaryimage","url":"https:\/\/perle-in.com\/wp-content\/uploads\/2025\/10\/10907700-1.jpg","contentUrl":"https:\/\/perle-in.com\/wp-content\/uploads\/2025\/10\/10907700-1.jpg","width":1600,"height":1600},{"@type":"BreadcrumbList","@id":"https:\/\/perle-in.com\/produit\/parapluie-21-pliable-a-ouverture-automatique-wali\/#breadcrumb","itemListElement":[{"@type":"ListItem","position":1,"name":"Accueil","item":"https:\/\/perle-in.com\/"},{"@type":"ListItem","position":2,"name":"Boutique","item":"https:\/\/perle-in.com\/boutique\/"},{"@type":"ListItem","position":3,"name":"Parapluie 21&#8243; pliable \u00e0 ouverture automatique Wali"}]},{"@type":"WebSite","@id":"https:\/\/perle-in.com\/#website","url":"https:\/\/perle-in.com\/","name":"PERLE IN","description":"","publisher":{"@id":"https:\/\/perle-in.com\/#organization"},"potentialAction":[{"@type":"SearchAction","target":{"@type":"EntryPoint","urlTemplate":"https:\/\/perle-in.com\/?s={search_term_string}"},"query-input":{"@type":"PropertyValueSpecification","valueRequired":true,"valueName":"search_term_string"}}],"inLanguage":"en-CA"},{"@type":"Organization","@id":"https:\/\/perle-in.com\/#organization","name":"PERLE IN","url":"https:\/\/perle-in.com\/","logo":{"@type":"ImageObject","inLanguage":"en-CA","@id":"https:\/\/perle-in.com\/#\/schema\/logo\/image\/","url":"https:\/\/perle-in.com\/wp-content\/uploads\/2022\/12\/LOGO-PERLE-IN-COULEUR@3x.webp","contentUrl":"https:\/\/perle-in.com\/wp-content\/uploads\/2022\/12\/LOGO-PERLE-IN-COULEUR@3x.webp","width":1600,"height":490,"caption":"PERLE IN"},"image":{"@id":"https:\/\/perle-in.com\/#\/schema\/logo\/image\/"}}]}},"jetpack_sharing_enabled":true,"_links":{"self":[{"href":"https:\/\/perle-in.com\/en\/wp-json\/wp\/v2\/product\/503873","targetHints":{"allow":["GET"]}}],"collection":[{"href":"https:\/\/perle-in.com\/en\/wp-json\/wp\/v2\/product"}],"about":[{"href":"https:\/\/perle-in.com\/en\/wp-json\/wp\/v2\/types\/product"}],"version-history":[{"count":0,"href":"https:\/\/perle-in.com\/en\/wp-json\/wp\/v2\/product\/503873\/revisions"}],"wp:featuredmedia":[{"embeddable":true,"href":"https:\/\/perle-in.com\/en\/wp-json\/wp\/v2\/media\/503862"}],"wp:attachment":[{"href":"https:\/\/perle-in.com\/en\/wp-json\/wp\/v2\/media?parent=503873"}],"wp:term":[{"taxonomy":"product_brand","embeddable":true,"href":"https:\/\/perle-in.com\/en\/wp-json\/wp\/v2\/product_brand?post=503873"},{"taxonomy":"product_cat","embeddable":true,"href":"https:\/\/perle-in.com\/en\/wp-json\/wp\/v2\/product_cat?post=503873"},{"taxonomy":"product_tag","embeddable":true,"href":"https:\/\/perle-in.com\/en\/wp-json\/wp\/v2\/product_tag?post=503873"}],"curies":[{"name":"wp","href":"https:\/\/api.w.org\/{rel}","templated":true}]}}