{"id":503808,"date":"2025-10-13T19:30:45","date_gmt":"2025-10-13T17:30:45","guid":{"rendered":"https:\/\/perle-in.com\/produit\/parapluie-pliable-20-oho\/"},"modified":"2025-10-13T19:30:53","modified_gmt":"2025-10-13T17:30:53","slug":"parapluie-pliable-20-oho","status":"publish","type":"product","link":"https:\/\/perle-in.com\/en\/product\/parapluie-pliable-20-oho\/","title":{"rendered":"Parapluie pliable 20&#8243; Oho"},"content":{"rendered":"","protected":false},"excerpt":{"rendered":"<p>Facile \u00e0 ranger, c&#8217;est en tout cas le cas du parapluie Oho 20&#8243;. Le parapluie est pliable et est livr\u00e9 avec une pochette qui prot\u00e8ge l&#8217;article lorsqu&#8217;il est rang\u00e9. Ce parapluie \u00e9conomique poss\u00e8de une armature en m\u00e9tal et une petite poign\u00e9e l\u00e9g\u00e8re qui tient dans toutes les mains. Gr\u00e2ce \u00e0 sa taille lorsqu&#8217;il est pli\u00e9, il se glisse parfaitement dans un sac (\u00e0 main). Le parapluie Oho est fabriqu\u00e9 en polyester durable, convient \u00e0 de multiples options d&#8217;impression et est disponible en plusieurs couleurs.<\/p>","protected":false},"featured_media":503796,"template":"","meta":{"_eb_attr":""},"product_brand":[],"product_cat":[244,1229],"product_tag":[1661,1660,1662,1663,248],"class_list":{"0":"post-503808","1":"product","2":"type-product","3":"status-publish","4":"has-post-thumbnail","6":"product_cat-parapluies","7":"product_cat-parapluies-pliables","8":"product_tag-parapluie","9":"product_tag-parapluie-a-sections","10":"product_tag-parapluies","11":"product_tag-pleuvoir","12":"product_tag-pluie","13":"pa_couleurs-blanc","14":"pa_couleurs-bleu-royal","15":"pa_couleurs-marine","16":"pa_couleurs-noir","17":"pa_couleurs-orange","18":"pa_couleurs-rouge","20":"first","21":"instock","22":"shipping-taxable","23":"purchasable","24":"product-type-variable"},"yoast_head":"<!-- This site is optimized with the Yoast SEO plugin v27.4 - https:\/\/yoast.com\/product\/yoast-seo-wordpress\/ -->\n<title>Parapluie pliable 20&quot; Oho - PERLE IN<\/title>\n<meta name=\"robots\" content=\"noindex, follow, max-snippet:-1, max-image-preview:large, max-video-preview:-1\" \/>\n<meta property=\"og:locale\" content=\"en_US\" \/>\n<meta property=\"og:type\" content=\"article\" \/>\n<meta property=\"og:title\" content=\"Parapluie pliable 20&quot; Oho - PERLE IN\" \/>\n<meta property=\"og:description\" content=\"Facile \u00e0 ranger, c&#039;est en tout cas le cas du parapluie Oho 20&quot;. Le parapluie est pliable et est livr\u00e9 avec une pochette qui prot\u00e8ge l&#039;article lorsqu&#039;il est rang\u00e9. Ce parapluie \u00e9conomique poss\u00e8de une armature en m\u00e9tal et une petite poign\u00e9e l\u00e9g\u00e8re qui tient dans toutes les mains. Gr\u00e2ce \u00e0 sa taille lorsqu&#039;il est pli\u00e9, il se glisse parfaitement dans un sac (\u00e0 main). Le parapluie Oho est fabriqu\u00e9 en polyester durable, convient \u00e0 de multiples options d&#039;impression et est disponible en plusieurs couleurs.\" \/>\n<meta property=\"og:url\" content=\"https:\/\/perle-in.com\/en\/product\/parapluie-pliable-20-oho\/\" \/>\n<meta property=\"og:site_name\" content=\"PERLE IN\" \/>\n<meta property=\"article:modified_time\" content=\"2025-10-13T17:30:53+00:00\" \/>\n<meta property=\"og:image\" content=\"https:\/\/perle-in.com\/wp-content\/uploads\/2025\/10\/10905802-1.jpg\" \/>\n\t<meta property=\"og:image:width\" content=\"1600\" \/>\n\t<meta property=\"og:image:height\" content=\"1600\" \/>\n\t<meta property=\"og:image:type\" content=\"image\/jpeg\" \/>\n<meta name=\"twitter:card\" content=\"summary_large_image\" \/>\n<script type=\"application\/ld+json\" class=\"yoast-schema-graph\">{\"@context\":\"https:\\\/\\\/schema.org\",\"@graph\":[{\"@type\":\"WebPage\",\"@id\":\"https:\\\/\\\/perle-in.com\\\/produit\\\/parapluie-pliable-20-oho\\\/\",\"url\":\"https:\\\/\\\/perle-in.com\\\/produit\\\/parapluie-pliable-20-oho\\\/\",\"name\":\"Parapluie pliable 20\\\" Oho - PERLE IN\",\"isPartOf\":{\"@id\":\"https:\\\/\\\/perle-in.com\\\/#website\"},\"primaryImageOfPage\":{\"@id\":\"https:\\\/\\\/perle-in.com\\\/produit\\\/parapluie-pliable-20-oho\\\/#primaryimage\"},\"image\":{\"@id\":\"https:\\\/\\\/perle-in.com\\\/produit\\\/parapluie-pliable-20-oho\\\/#primaryimage\"},\"thumbnailUrl\":\"https:\\\/\\\/perle-in.com\\\/wp-content\\\/uploads\\\/2025\\\/10\\\/10905802-1.jpg\",\"datePublished\":\"2025-10-13T17:30:45+00:00\",\"dateModified\":\"2025-10-13T17:30:53+00:00\",\"breadcrumb\":{\"@id\":\"https:\\\/\\\/perle-in.com\\\/produit\\\/parapluie-pliable-20-oho\\\/#breadcrumb\"},\"inLanguage\":\"en-CA\",\"potentialAction\":[{\"@type\":\"ReadAction\",\"target\":[\"https:\\\/\\\/perle-in.com\\\/produit\\\/parapluie-pliable-20-oho\\\/\"]}]},{\"@type\":\"ImageObject\",\"inLanguage\":\"en-CA\",\"@id\":\"https:\\\/\\\/perle-in.com\\\/produit\\\/parapluie-pliable-20-oho\\\/#primaryimage\",\"url\":\"https:\\\/\\\/perle-in.com\\\/wp-content\\\/uploads\\\/2025\\\/10\\\/10905802-1.jpg\",\"contentUrl\":\"https:\\\/\\\/perle-in.com\\\/wp-content\\\/uploads\\\/2025\\\/10\\\/10905802-1.jpg\",\"width\":1600,\"height\":1600},{\"@type\":\"BreadcrumbList\",\"@id\":\"https:\\\/\\\/perle-in.com\\\/produit\\\/parapluie-pliable-20-oho\\\/#breadcrumb\",\"itemListElement\":[{\"@type\":\"ListItem\",\"position\":1,\"name\":\"Accueil\",\"item\":\"https:\\\/\\\/perle-in.com\\\/\"},{\"@type\":\"ListItem\",\"position\":2,\"name\":\"Boutique\",\"item\":\"https:\\\/\\\/perle-in.com\\\/boutique\\\/\"},{\"@type\":\"ListItem\",\"position\":3,\"name\":\"Parapluie pliable 20&#8243; Oho\"}]},{\"@type\":\"WebSite\",\"@id\":\"https:\\\/\\\/perle-in.com\\\/#website\",\"url\":\"https:\\\/\\\/perle-in.com\\\/\",\"name\":\"PERLE IN\",\"description\":\"\",\"publisher\":{\"@id\":\"https:\\\/\\\/perle-in.com\\\/#organization\"},\"potentialAction\":[{\"@type\":\"SearchAction\",\"target\":{\"@type\":\"EntryPoint\",\"urlTemplate\":\"https:\\\/\\\/perle-in.com\\\/?s={search_term_string}\"},\"query-input\":{\"@type\":\"PropertyValueSpecification\",\"valueRequired\":true,\"valueName\":\"search_term_string\"}}],\"inLanguage\":\"en-CA\"},{\"@type\":\"Organization\",\"@id\":\"https:\\\/\\\/perle-in.com\\\/#organization\",\"name\":\"PERLE IN\",\"url\":\"https:\\\/\\\/perle-in.com\\\/\",\"logo\":{\"@type\":\"ImageObject\",\"inLanguage\":\"en-CA\",\"@id\":\"https:\\\/\\\/perle-in.com\\\/#\\\/schema\\\/logo\\\/image\\\/\",\"url\":\"https:\\\/\\\/perle-in.com\\\/wp-content\\\/uploads\\\/2022\\\/12\\\/LOGO-PERLE-IN-COULEUR@3x.webp\",\"contentUrl\":\"https:\\\/\\\/perle-in.com\\\/wp-content\\\/uploads\\\/2022\\\/12\\\/LOGO-PERLE-IN-COULEUR@3x.webp\",\"width\":1600,\"height\":490,\"caption\":\"PERLE IN\"},\"image\":{\"@id\":\"https:\\\/\\\/perle-in.com\\\/#\\\/schema\\\/logo\\\/image\\\/\"}}]}<\/script>\n<!-- \/ Yoast SEO plugin. -->","yoast_head_json":{"title":"Parapluie pliable 20\" Oho - PERLE IN","robots":{"index":"noindex","follow":"follow","max-snippet":"max-snippet:-1","max-image-preview":"max-image-preview:large","max-video-preview":"max-video-preview:-1"},"og_locale":"en_US","og_type":"article","og_title":"Parapluie pliable 20\" Oho - PERLE IN","og_description":"Facile \u00e0 ranger, c'est en tout cas le cas du parapluie Oho 20\". Le parapluie est pliable et est livr\u00e9 avec une pochette qui prot\u00e8ge l'article lorsqu'il est rang\u00e9. Ce parapluie \u00e9conomique poss\u00e8de une armature en m\u00e9tal et une petite poign\u00e9e l\u00e9g\u00e8re qui tient dans toutes les mains. Gr\u00e2ce \u00e0 sa taille lorsqu'il est pli\u00e9, il se glisse parfaitement dans un sac (\u00e0 main). Le parapluie Oho est fabriqu\u00e9 en polyester durable, convient \u00e0 de multiples options d'impression et est disponible en plusieurs couleurs.","og_url":"https:\/\/perle-in.com\/en\/product\/parapluie-pliable-20-oho\/","og_site_name":"PERLE IN","article_modified_time":"2025-10-13T17:30:53+00:00","og_image":[{"width":1600,"height":1600,"url":"https:\/\/perle-in.com\/wp-content\/uploads\/2025\/10\/10905802-1.jpg","type":"image\/jpeg"}],"twitter_card":"summary_large_image","schema":{"@context":"https:\/\/schema.org","@graph":[{"@type":"WebPage","@id":"https:\/\/perle-in.com\/produit\/parapluie-pliable-20-oho\/","url":"https:\/\/perle-in.com\/produit\/parapluie-pliable-20-oho\/","name":"Parapluie pliable 20\" Oho - PERLE IN","isPartOf":{"@id":"https:\/\/perle-in.com\/#website"},"primaryImageOfPage":{"@id":"https:\/\/perle-in.com\/produit\/parapluie-pliable-20-oho\/#primaryimage"},"image":{"@id":"https:\/\/perle-in.com\/produit\/parapluie-pliable-20-oho\/#primaryimage"},"thumbnailUrl":"https:\/\/perle-in.com\/wp-content\/uploads\/2025\/10\/10905802-1.jpg","datePublished":"2025-10-13T17:30:45+00:00","dateModified":"2025-10-13T17:30:53+00:00","breadcrumb":{"@id":"https:\/\/perle-in.com\/produit\/parapluie-pliable-20-oho\/#breadcrumb"},"inLanguage":"en-CA","potentialAction":[{"@type":"ReadAction","target":["https:\/\/perle-in.com\/produit\/parapluie-pliable-20-oho\/"]}]},{"@type":"ImageObject","inLanguage":"en-CA","@id":"https:\/\/perle-in.com\/produit\/parapluie-pliable-20-oho\/#primaryimage","url":"https:\/\/perle-in.com\/wp-content\/uploads\/2025\/10\/10905802-1.jpg","contentUrl":"https:\/\/perle-in.com\/wp-content\/uploads\/2025\/10\/10905802-1.jpg","width":1600,"height":1600},{"@type":"BreadcrumbList","@id":"https:\/\/perle-in.com\/produit\/parapluie-pliable-20-oho\/#breadcrumb","itemListElement":[{"@type":"ListItem","position":1,"name":"Accueil","item":"https:\/\/perle-in.com\/"},{"@type":"ListItem","position":2,"name":"Boutique","item":"https:\/\/perle-in.com\/boutique\/"},{"@type":"ListItem","position":3,"name":"Parapluie pliable 20&#8243; Oho"}]},{"@type":"WebSite","@id":"https:\/\/perle-in.com\/#website","url":"https:\/\/perle-in.com\/","name":"PERLE IN","description":"","publisher":{"@id":"https:\/\/perle-in.com\/#organization"},"potentialAction":[{"@type":"SearchAction","target":{"@type":"EntryPoint","urlTemplate":"https:\/\/perle-in.com\/?s={search_term_string}"},"query-input":{"@type":"PropertyValueSpecification","valueRequired":true,"valueName":"search_term_string"}}],"inLanguage":"en-CA"},{"@type":"Organization","@id":"https:\/\/perle-in.com\/#organization","name":"PERLE IN","url":"https:\/\/perle-in.com\/","logo":{"@type":"ImageObject","inLanguage":"en-CA","@id":"https:\/\/perle-in.com\/#\/schema\/logo\/image\/","url":"https:\/\/perle-in.com\/wp-content\/uploads\/2022\/12\/LOGO-PERLE-IN-COULEUR@3x.webp","contentUrl":"https:\/\/perle-in.com\/wp-content\/uploads\/2022\/12\/LOGO-PERLE-IN-COULEUR@3x.webp","width":1600,"height":490,"caption":"PERLE IN"},"image":{"@id":"https:\/\/perle-in.com\/#\/schema\/logo\/image\/"}}]}},"jetpack_sharing_enabled":true,"_links":{"self":[{"href":"https:\/\/perle-in.com\/en\/wp-json\/wp\/v2\/product\/503808","targetHints":{"allow":["GET"]}}],"collection":[{"href":"https:\/\/perle-in.com\/en\/wp-json\/wp\/v2\/product"}],"about":[{"href":"https:\/\/perle-in.com\/en\/wp-json\/wp\/v2\/types\/product"}],"version-history":[{"count":0,"href":"https:\/\/perle-in.com\/en\/wp-json\/wp\/v2\/product\/503808\/revisions"}],"wp:featuredmedia":[{"embeddable":true,"href":"https:\/\/perle-in.com\/en\/wp-json\/wp\/v2\/media\/503796"}],"wp:attachment":[{"href":"https:\/\/perle-in.com\/en\/wp-json\/wp\/v2\/media?parent=503808"}],"wp:term":[{"taxonomy":"product_brand","embeddable":true,"href":"https:\/\/perle-in.com\/en\/wp-json\/wp\/v2\/product_brand?post=503808"},{"taxonomy":"product_cat","embeddable":true,"href":"https:\/\/perle-in.com\/en\/wp-json\/wp\/v2\/product_cat?post=503808"},{"taxonomy":"product_tag","embeddable":true,"href":"https:\/\/perle-in.com\/en\/wp-json\/wp\/v2\/product_tag?post=503808"}],"curies":[{"name":"wp","href":"https:\/\/api.w.org\/{rel}","templated":true}]}}