{"id":503769,"date":"2025-10-13T19:27:50","date_gmt":"2025-10-13T17:27:50","guid":{"rendered":"https:\/\/perle-in.com\/produit\/parapluie-a-ouverture-automatique-23-barry\/"},"modified":"2025-10-13T19:28:00","modified_gmt":"2025-10-13T17:28:00","slug":"parapluie-a-ouverture-automatique-23-barry","status":"publish","type":"product","link":"https:\/\/perle-in.com\/en\/product\/parapluie-a-ouverture-automatique-23-barry\/","title":{"rendered":"Parapluie \u00e0 ouverture automatique 23&#8243; Barry"},"content":{"rendered":"","protected":false},"excerpt":{"rendered":"<p>Le parapluie Barry n&#8217;est pas un best-seller pour rien. Ce parapluie de 23 pouces s&#8217;ouvre automatiquement en un seul clic. Il est fabriqu\u00e9 en polyester, un mat\u00e9riau durable qui permet de marcher sous la pluie sans se mouiller. En outre, le parapluie est dot\u00e9 d&#8217;un m\u00e2t et de baleines en m\u00e9tal et d&#8217;une poign\u00e9e en plastique. Le parapluie Barry offre de multiples possibilit\u00e9s pour placer un logo ou d&#8217;autres messages d&#8217;entreprise et est disponible en plusieurs couleurs.<\/p>","protected":false},"featured_media":503758,"template":"","meta":{"_eb_attr":""},"product_brand":[],"product_cat":[244,1230],"product_tag":[1661,1664,1662,1663,248],"class_list":{"0":"post-503769","1":"product","2":"type-product","3":"status-publish","4":"has-post-thumbnail","6":"product_cat-parapluies","7":"product_cat-parapluies-standard","8":"product_tag-parapluie","9":"product_tag-parapluie-23-pouces","10":"product_tag-parapluies","11":"product_tag-pleuvoir","12":"product_tag-pluie","13":"pa_couleurs-blanc","14":"pa_couleurs-bleu-royal","15":"pa_couleurs-gris","16":"pa_couleurs-marine","17":"pa_couleurs-noir","18":"pa_couleurs-rouge","19":"pa_couleurs-vert","21":"first","22":"instock","23":"shipping-taxable","24":"purchasable","25":"product-type-variable"},"yoast_head":"<!-- This site is optimized with the Yoast SEO plugin v27.4 - https:\/\/yoast.com\/product\/yoast-seo-wordpress\/ -->\n<title>Parapluie \u00e0 ouverture automatique 23&quot; Barry - PERLE IN<\/title>\n<meta name=\"robots\" content=\"noindex, follow, max-snippet:-1, max-image-preview:large, max-video-preview:-1\" \/>\n<meta property=\"og:locale\" content=\"en_US\" \/>\n<meta property=\"og:type\" content=\"article\" \/>\n<meta property=\"og:title\" content=\"Parapluie \u00e0 ouverture automatique 23&quot; Barry - PERLE IN\" \/>\n<meta property=\"og:description\" content=\"Le parapluie Barry n&#039;est pas un best-seller pour rien. Ce parapluie de 23 pouces s&#039;ouvre automatiquement en un seul clic. Il est fabriqu\u00e9 en polyester, un mat\u00e9riau durable qui permet de marcher sous la pluie sans se mouiller. En outre, le parapluie est dot\u00e9 d&#039;un m\u00e2t et de baleines en m\u00e9tal et d&#039;une poign\u00e9e en plastique. Le parapluie Barry offre de multiples possibilit\u00e9s pour placer un logo ou d&#039;autres messages d&#039;entreprise et est disponible en plusieurs couleurs.\" \/>\n<meta property=\"og:url\" content=\"https:\/\/perle-in.com\/en\/product\/parapluie-a-ouverture-automatique-23-barry\/\" \/>\n<meta property=\"og:site_name\" content=\"PERLE IN\" \/>\n<meta property=\"article:modified_time\" content=\"2025-10-13T17:28:00+00:00\" \/>\n<meta property=\"og:image\" content=\"https:\/\/perle-in.com\/wp-content\/uploads\/2025\/10\/10905300-1.jpg\" \/>\n\t<meta property=\"og:image:width\" content=\"1600\" \/>\n\t<meta property=\"og:image:height\" content=\"1600\" \/>\n\t<meta property=\"og:image:type\" content=\"image\/jpeg\" \/>\n<meta name=\"twitter:card\" content=\"summary_large_image\" \/>\n<script type=\"application\/ld+json\" class=\"yoast-schema-graph\">{\"@context\":\"https:\\\/\\\/schema.org\",\"@graph\":[{\"@type\":\"WebPage\",\"@id\":\"https:\\\/\\\/perle-in.com\\\/produit\\\/parapluie-a-ouverture-automatique-23-barry\\\/\",\"url\":\"https:\\\/\\\/perle-in.com\\\/produit\\\/parapluie-a-ouverture-automatique-23-barry\\\/\",\"name\":\"Parapluie \u00e0 ouverture automatique 23\\\" Barry - PERLE IN\",\"isPartOf\":{\"@id\":\"https:\\\/\\\/perle-in.com\\\/#website\"},\"primaryImageOfPage\":{\"@id\":\"https:\\\/\\\/perle-in.com\\\/produit\\\/parapluie-a-ouverture-automatique-23-barry\\\/#primaryimage\"},\"image\":{\"@id\":\"https:\\\/\\\/perle-in.com\\\/produit\\\/parapluie-a-ouverture-automatique-23-barry\\\/#primaryimage\"},\"thumbnailUrl\":\"https:\\\/\\\/perle-in.com\\\/wp-content\\\/uploads\\\/2025\\\/10\\\/10905300-1.jpg\",\"datePublished\":\"2025-10-13T17:27:50+00:00\",\"dateModified\":\"2025-10-13T17:28:00+00:00\",\"breadcrumb\":{\"@id\":\"https:\\\/\\\/perle-in.com\\\/produit\\\/parapluie-a-ouverture-automatique-23-barry\\\/#breadcrumb\"},\"inLanguage\":\"en-CA\",\"potentialAction\":[{\"@type\":\"ReadAction\",\"target\":[\"https:\\\/\\\/perle-in.com\\\/produit\\\/parapluie-a-ouverture-automatique-23-barry\\\/\"]}]},{\"@type\":\"ImageObject\",\"inLanguage\":\"en-CA\",\"@id\":\"https:\\\/\\\/perle-in.com\\\/produit\\\/parapluie-a-ouverture-automatique-23-barry\\\/#primaryimage\",\"url\":\"https:\\\/\\\/perle-in.com\\\/wp-content\\\/uploads\\\/2025\\\/10\\\/10905300-1.jpg\",\"contentUrl\":\"https:\\\/\\\/perle-in.com\\\/wp-content\\\/uploads\\\/2025\\\/10\\\/10905300-1.jpg\",\"width\":1600,\"height\":1600},{\"@type\":\"BreadcrumbList\",\"@id\":\"https:\\\/\\\/perle-in.com\\\/produit\\\/parapluie-a-ouverture-automatique-23-barry\\\/#breadcrumb\",\"itemListElement\":[{\"@type\":\"ListItem\",\"position\":1,\"name\":\"Accueil\",\"item\":\"https:\\\/\\\/perle-in.com\\\/\"},{\"@type\":\"ListItem\",\"position\":2,\"name\":\"Boutique\",\"item\":\"https:\\\/\\\/perle-in.com\\\/boutique\\\/\"},{\"@type\":\"ListItem\",\"position\":3,\"name\":\"Parapluie \u00e0 ouverture automatique 23&#8243; Barry\"}]},{\"@type\":\"WebSite\",\"@id\":\"https:\\\/\\\/perle-in.com\\\/#website\",\"url\":\"https:\\\/\\\/perle-in.com\\\/\",\"name\":\"PERLE IN\",\"description\":\"\",\"publisher\":{\"@id\":\"https:\\\/\\\/perle-in.com\\\/#organization\"},\"potentialAction\":[{\"@type\":\"SearchAction\",\"target\":{\"@type\":\"EntryPoint\",\"urlTemplate\":\"https:\\\/\\\/perle-in.com\\\/?s={search_term_string}\"},\"query-input\":{\"@type\":\"PropertyValueSpecification\",\"valueRequired\":true,\"valueName\":\"search_term_string\"}}],\"inLanguage\":\"en-CA\"},{\"@type\":\"Organization\",\"@id\":\"https:\\\/\\\/perle-in.com\\\/#organization\",\"name\":\"PERLE IN\",\"url\":\"https:\\\/\\\/perle-in.com\\\/\",\"logo\":{\"@type\":\"ImageObject\",\"inLanguage\":\"en-CA\",\"@id\":\"https:\\\/\\\/perle-in.com\\\/#\\\/schema\\\/logo\\\/image\\\/\",\"url\":\"https:\\\/\\\/perle-in.com\\\/wp-content\\\/uploads\\\/2022\\\/12\\\/LOGO-PERLE-IN-COULEUR@3x.webp\",\"contentUrl\":\"https:\\\/\\\/perle-in.com\\\/wp-content\\\/uploads\\\/2022\\\/12\\\/LOGO-PERLE-IN-COULEUR@3x.webp\",\"width\":1600,\"height\":490,\"caption\":\"PERLE IN\"},\"image\":{\"@id\":\"https:\\\/\\\/perle-in.com\\\/#\\\/schema\\\/logo\\\/image\\\/\"}}]}<\/script>\n<!-- \/ Yoast SEO plugin. -->","yoast_head_json":{"title":"Parapluie \u00e0 ouverture automatique 23\" Barry - PERLE IN","robots":{"index":"noindex","follow":"follow","max-snippet":"max-snippet:-1","max-image-preview":"max-image-preview:large","max-video-preview":"max-video-preview:-1"},"og_locale":"en_US","og_type":"article","og_title":"Parapluie \u00e0 ouverture automatique 23\" Barry - PERLE IN","og_description":"Le parapluie Barry n'est pas un best-seller pour rien. Ce parapluie de 23 pouces s'ouvre automatiquement en un seul clic. Il est fabriqu\u00e9 en polyester, un mat\u00e9riau durable qui permet de marcher sous la pluie sans se mouiller. En outre, le parapluie est dot\u00e9 d'un m\u00e2t et de baleines en m\u00e9tal et d'une poign\u00e9e en plastique. Le parapluie Barry offre de multiples possibilit\u00e9s pour placer un logo ou d'autres messages d'entreprise et est disponible en plusieurs couleurs.","og_url":"https:\/\/perle-in.com\/en\/product\/parapluie-a-ouverture-automatique-23-barry\/","og_site_name":"PERLE IN","article_modified_time":"2025-10-13T17:28:00+00:00","og_image":[{"width":1600,"height":1600,"url":"https:\/\/perle-in.com\/wp-content\/uploads\/2025\/10\/10905300-1.jpg","type":"image\/jpeg"}],"twitter_card":"summary_large_image","schema":{"@context":"https:\/\/schema.org","@graph":[{"@type":"WebPage","@id":"https:\/\/perle-in.com\/produit\/parapluie-a-ouverture-automatique-23-barry\/","url":"https:\/\/perle-in.com\/produit\/parapluie-a-ouverture-automatique-23-barry\/","name":"Parapluie \u00e0 ouverture automatique 23\" Barry - PERLE IN","isPartOf":{"@id":"https:\/\/perle-in.com\/#website"},"primaryImageOfPage":{"@id":"https:\/\/perle-in.com\/produit\/parapluie-a-ouverture-automatique-23-barry\/#primaryimage"},"image":{"@id":"https:\/\/perle-in.com\/produit\/parapluie-a-ouverture-automatique-23-barry\/#primaryimage"},"thumbnailUrl":"https:\/\/perle-in.com\/wp-content\/uploads\/2025\/10\/10905300-1.jpg","datePublished":"2025-10-13T17:27:50+00:00","dateModified":"2025-10-13T17:28:00+00:00","breadcrumb":{"@id":"https:\/\/perle-in.com\/produit\/parapluie-a-ouverture-automatique-23-barry\/#breadcrumb"},"inLanguage":"en-CA","potentialAction":[{"@type":"ReadAction","target":["https:\/\/perle-in.com\/produit\/parapluie-a-ouverture-automatique-23-barry\/"]}]},{"@type":"ImageObject","inLanguage":"en-CA","@id":"https:\/\/perle-in.com\/produit\/parapluie-a-ouverture-automatique-23-barry\/#primaryimage","url":"https:\/\/perle-in.com\/wp-content\/uploads\/2025\/10\/10905300-1.jpg","contentUrl":"https:\/\/perle-in.com\/wp-content\/uploads\/2025\/10\/10905300-1.jpg","width":1600,"height":1600},{"@type":"BreadcrumbList","@id":"https:\/\/perle-in.com\/produit\/parapluie-a-ouverture-automatique-23-barry\/#breadcrumb","itemListElement":[{"@type":"ListItem","position":1,"name":"Accueil","item":"https:\/\/perle-in.com\/"},{"@type":"ListItem","position":2,"name":"Boutique","item":"https:\/\/perle-in.com\/boutique\/"},{"@type":"ListItem","position":3,"name":"Parapluie \u00e0 ouverture automatique 23&#8243; Barry"}]},{"@type":"WebSite","@id":"https:\/\/perle-in.com\/#website","url":"https:\/\/perle-in.com\/","name":"PERLE IN","description":"","publisher":{"@id":"https:\/\/perle-in.com\/#organization"},"potentialAction":[{"@type":"SearchAction","target":{"@type":"EntryPoint","urlTemplate":"https:\/\/perle-in.com\/?s={search_term_string}"},"query-input":{"@type":"PropertyValueSpecification","valueRequired":true,"valueName":"search_term_string"}}],"inLanguage":"en-CA"},{"@type":"Organization","@id":"https:\/\/perle-in.com\/#organization","name":"PERLE IN","url":"https:\/\/perle-in.com\/","logo":{"@type":"ImageObject","inLanguage":"en-CA","@id":"https:\/\/perle-in.com\/#\/schema\/logo\/image\/","url":"https:\/\/perle-in.com\/wp-content\/uploads\/2022\/12\/LOGO-PERLE-IN-COULEUR@3x.webp","contentUrl":"https:\/\/perle-in.com\/wp-content\/uploads\/2022\/12\/LOGO-PERLE-IN-COULEUR@3x.webp","width":1600,"height":490,"caption":"PERLE IN"},"image":{"@id":"https:\/\/perle-in.com\/#\/schema\/logo\/image\/"}}]}},"jetpack_sharing_enabled":true,"_links":{"self":[{"href":"https:\/\/perle-in.com\/en\/wp-json\/wp\/v2\/product\/503769","targetHints":{"allow":["GET"]}}],"collection":[{"href":"https:\/\/perle-in.com\/en\/wp-json\/wp\/v2\/product"}],"about":[{"href":"https:\/\/perle-in.com\/en\/wp-json\/wp\/v2\/types\/product"}],"version-history":[{"count":0,"href":"https:\/\/perle-in.com\/en\/wp-json\/wp\/v2\/product\/503769\/revisions"}],"wp:featuredmedia":[{"embeddable":true,"href":"https:\/\/perle-in.com\/en\/wp-json\/wp\/v2\/media\/503758"}],"wp:attachment":[{"href":"https:\/\/perle-in.com\/en\/wp-json\/wp\/v2\/media?parent=503769"}],"wp:term":[{"taxonomy":"product_brand","embeddable":true,"href":"https:\/\/perle-in.com\/en\/wp-json\/wp\/v2\/product_brand?post=503769"},{"taxonomy":"product_cat","embeddable":true,"href":"https:\/\/perle-in.com\/en\/wp-json\/wp\/v2\/product_cat?post=503769"},{"taxonomy":"product_tag","embeddable":true,"href":"https:\/\/perle-in.com\/en\/wp-json\/wp\/v2\/product_tag?post=503769"}],"curies":[{"name":"wp","href":"https:\/\/api.w.org\/{rel}","templated":true}]}}