{"id":503669,"date":"2025-10-13T19:21:40","date_gmt":"2025-10-13T17:21:40","guid":{"rendered":"https:\/\/perle-in.com\/produit\/parapluie-golf-30-avec-poignee-en-bois-karl\/"},"modified":"2025-10-13T19:21:50","modified_gmt":"2025-10-13T17:21:50","slug":"parapluie-golf-30-avec-poignee-en-bois-karl","status":"publish","type":"product","link":"https:\/\/perle-in.com\/en\/product\/parapluie-golf-30-avec-poignee-en-bois-karl\/","title":{"rendered":"Parapluie golf 30&#8243; avec poign\u00e9e en bois Karl"},"content":{"rendered":"","protected":false},"excerpt":{"rendered":"<p>Le parapluie de golf Karl 30&#8243; garantit une partie de golf sans pluie et se glisse parfaitement dans un sac de golf avec des clubs. Gr\u00e2ce \u00e0 son m\u00e9canisme manuel \u00e0 fonctionnement souple, le parapluie est facile \u00e0 ouvrir \u00e0 la main. Le parapluie est \u00e9quip\u00e9 d&#8217;une armature et de baleines en m\u00e9tal et termin\u00e9 par une \u00e9l\u00e9gante poign\u00e9e en bois. En outre, le parapluie est disponible en plusieurs couleurs et se pr\u00eate \u00e0 plusieurs possibilit\u00e9s d&#8217;impression. <\/p>","protected":false},"featured_media":503653,"template":"","meta":{"_eb_attr":""},"product_brand":[],"product_cat":[244,1227],"product_tag":[1661,1666,1662,1663,248],"class_list":{"0":"post-503669","1":"product","2":"type-product","3":"status-publish","4":"has-post-thumbnail","6":"product_cat-parapluies","7":"product_cat-parapluies-de-golf","8":"product_tag-parapluie","9":"product_tag-parapluie-30-pouces","10":"product_tag-parapluies","11":"product_tag-pleuvoir","12":"product_tag-pluie","13":"pa_couleurs-blanc","14":"pa_couleurs-bleu-royal","15":"pa_couleurs-citron-vert","16":"pa_couleurs-gris","17":"pa_couleurs-marine","18":"pa_couleurs-marine-blanc","19":"pa_couleurs-noir","20":"pa_couleurs-orange","21":"pa_couleurs-rouge","22":"pa_couleurs-vert","24":"first","25":"instock","26":"shipping-taxable","27":"purchasable","28":"product-type-variable"},"yoast_head":"<!-- This site is optimized with the Yoast SEO plugin v27.4 - https:\/\/yoast.com\/product\/yoast-seo-wordpress\/ -->\n<title>Parapluie golf 30&quot; avec poign\u00e9e en bois Karl - PERLE IN<\/title>\n<meta name=\"robots\" content=\"noindex, follow, max-snippet:-1, max-image-preview:large, max-video-preview:-1\" \/>\n<meta property=\"og:locale\" content=\"en_US\" \/>\n<meta property=\"og:type\" content=\"article\" \/>\n<meta property=\"og:title\" content=\"Parapluie golf 30&quot; avec poign\u00e9e en bois Karl - PERLE IN\" \/>\n<meta property=\"og:description\" content=\"Le parapluie de golf Karl 30&quot; garantit une partie de golf sans pluie et se glisse parfaitement dans un sac de golf avec des clubs. Gr\u00e2ce \u00e0 son m\u00e9canisme manuel \u00e0 fonctionnement souple, le parapluie est facile \u00e0 ouvrir \u00e0 la main. Le parapluie est \u00e9quip\u00e9 d&#039;une armature et de baleines en m\u00e9tal et termin\u00e9 par une \u00e9l\u00e9gante poign\u00e9e en bois. En outre, le parapluie est disponible en plusieurs couleurs et se pr\u00eate \u00e0 plusieurs possibilit\u00e9s d&#039;impression.\" \/>\n<meta property=\"og:url\" content=\"https:\/\/perle-in.com\/en\/product\/parapluie-golf-30-avec-poignee-en-bois-karl\/\" \/>\n<meta property=\"og:site_name\" content=\"PERLE IN\" \/>\n<meta property=\"article:modified_time\" content=\"2025-10-13T17:21:50+00:00\" \/>\n<meta property=\"og:image\" content=\"https:\/\/perle-in.com\/wp-content\/uploads\/2025\/10\/10901804-1.jpg\" \/>\n\t<meta property=\"og:image:width\" content=\"1600\" \/>\n\t<meta property=\"og:image:height\" content=\"1600\" \/>\n\t<meta property=\"og:image:type\" content=\"image\/jpeg\" \/>\n<meta name=\"twitter:card\" content=\"summary_large_image\" \/>\n<script type=\"application\/ld+json\" class=\"yoast-schema-graph\">{\"@context\":\"https:\\\/\\\/schema.org\",\"@graph\":[{\"@type\":\"WebPage\",\"@id\":\"https:\\\/\\\/perle-in.com\\\/produit\\\/parapluie-golf-30-avec-poignee-en-bois-karl\\\/\",\"url\":\"https:\\\/\\\/perle-in.com\\\/produit\\\/parapluie-golf-30-avec-poignee-en-bois-karl\\\/\",\"name\":\"Parapluie golf 30\\\" avec poign\u00e9e en bois Karl - PERLE IN\",\"isPartOf\":{\"@id\":\"https:\\\/\\\/perle-in.com\\\/#website\"},\"primaryImageOfPage\":{\"@id\":\"https:\\\/\\\/perle-in.com\\\/produit\\\/parapluie-golf-30-avec-poignee-en-bois-karl\\\/#primaryimage\"},\"image\":{\"@id\":\"https:\\\/\\\/perle-in.com\\\/produit\\\/parapluie-golf-30-avec-poignee-en-bois-karl\\\/#primaryimage\"},\"thumbnailUrl\":\"https:\\\/\\\/perle-in.com\\\/wp-content\\\/uploads\\\/2025\\\/10\\\/10901804-1.jpg\",\"datePublished\":\"2025-10-13T17:21:40+00:00\",\"dateModified\":\"2025-10-13T17:21:50+00:00\",\"breadcrumb\":{\"@id\":\"https:\\\/\\\/perle-in.com\\\/produit\\\/parapluie-golf-30-avec-poignee-en-bois-karl\\\/#breadcrumb\"},\"inLanguage\":\"en-CA\",\"potentialAction\":[{\"@type\":\"ReadAction\",\"target\":[\"https:\\\/\\\/perle-in.com\\\/produit\\\/parapluie-golf-30-avec-poignee-en-bois-karl\\\/\"]}]},{\"@type\":\"ImageObject\",\"inLanguage\":\"en-CA\",\"@id\":\"https:\\\/\\\/perle-in.com\\\/produit\\\/parapluie-golf-30-avec-poignee-en-bois-karl\\\/#primaryimage\",\"url\":\"https:\\\/\\\/perle-in.com\\\/wp-content\\\/uploads\\\/2025\\\/10\\\/10901804-1.jpg\",\"contentUrl\":\"https:\\\/\\\/perle-in.com\\\/wp-content\\\/uploads\\\/2025\\\/10\\\/10901804-1.jpg\",\"width\":1600,\"height\":1600},{\"@type\":\"BreadcrumbList\",\"@id\":\"https:\\\/\\\/perle-in.com\\\/produit\\\/parapluie-golf-30-avec-poignee-en-bois-karl\\\/#breadcrumb\",\"itemListElement\":[{\"@type\":\"ListItem\",\"position\":1,\"name\":\"Accueil\",\"item\":\"https:\\\/\\\/perle-in.com\\\/\"},{\"@type\":\"ListItem\",\"position\":2,\"name\":\"Boutique\",\"item\":\"https:\\\/\\\/perle-in.com\\\/boutique\\\/\"},{\"@type\":\"ListItem\",\"position\":3,\"name\":\"Parapluie golf 30&#8243; avec poign\u00e9e en bois Karl\"}]},{\"@type\":\"WebSite\",\"@id\":\"https:\\\/\\\/perle-in.com\\\/#website\",\"url\":\"https:\\\/\\\/perle-in.com\\\/\",\"name\":\"PERLE IN\",\"description\":\"\",\"publisher\":{\"@id\":\"https:\\\/\\\/perle-in.com\\\/#organization\"},\"potentialAction\":[{\"@type\":\"SearchAction\",\"target\":{\"@type\":\"EntryPoint\",\"urlTemplate\":\"https:\\\/\\\/perle-in.com\\\/?s={search_term_string}\"},\"query-input\":{\"@type\":\"PropertyValueSpecification\",\"valueRequired\":true,\"valueName\":\"search_term_string\"}}],\"inLanguage\":\"en-CA\"},{\"@type\":\"Organization\",\"@id\":\"https:\\\/\\\/perle-in.com\\\/#organization\",\"name\":\"PERLE IN\",\"url\":\"https:\\\/\\\/perle-in.com\\\/\",\"logo\":{\"@type\":\"ImageObject\",\"inLanguage\":\"en-CA\",\"@id\":\"https:\\\/\\\/perle-in.com\\\/#\\\/schema\\\/logo\\\/image\\\/\",\"url\":\"https:\\\/\\\/perle-in.com\\\/wp-content\\\/uploads\\\/2022\\\/12\\\/LOGO-PERLE-IN-COULEUR@3x.webp\",\"contentUrl\":\"https:\\\/\\\/perle-in.com\\\/wp-content\\\/uploads\\\/2022\\\/12\\\/LOGO-PERLE-IN-COULEUR@3x.webp\",\"width\":1600,\"height\":490,\"caption\":\"PERLE IN\"},\"image\":{\"@id\":\"https:\\\/\\\/perle-in.com\\\/#\\\/schema\\\/logo\\\/image\\\/\"}}]}<\/script>\n<!-- \/ Yoast SEO plugin. -->","yoast_head_json":{"title":"Parapluie golf 30\" avec poign\u00e9e en bois Karl - PERLE IN","robots":{"index":"noindex","follow":"follow","max-snippet":"max-snippet:-1","max-image-preview":"max-image-preview:large","max-video-preview":"max-video-preview:-1"},"og_locale":"en_US","og_type":"article","og_title":"Parapluie golf 30\" avec poign\u00e9e en bois Karl - PERLE IN","og_description":"Le parapluie de golf Karl 30\" garantit une partie de golf sans pluie et se glisse parfaitement dans un sac de golf avec des clubs. Gr\u00e2ce \u00e0 son m\u00e9canisme manuel \u00e0 fonctionnement souple, le parapluie est facile \u00e0 ouvrir \u00e0 la main. Le parapluie est \u00e9quip\u00e9 d'une armature et de baleines en m\u00e9tal et termin\u00e9 par une \u00e9l\u00e9gante poign\u00e9e en bois. En outre, le parapluie est disponible en plusieurs couleurs et se pr\u00eate \u00e0 plusieurs possibilit\u00e9s d'impression.","og_url":"https:\/\/perle-in.com\/en\/product\/parapluie-golf-30-avec-poignee-en-bois-karl\/","og_site_name":"PERLE IN","article_modified_time":"2025-10-13T17:21:50+00:00","og_image":[{"width":1600,"height":1600,"url":"https:\/\/perle-in.com\/wp-content\/uploads\/2025\/10\/10901804-1.jpg","type":"image\/jpeg"}],"twitter_card":"summary_large_image","schema":{"@context":"https:\/\/schema.org","@graph":[{"@type":"WebPage","@id":"https:\/\/perle-in.com\/produit\/parapluie-golf-30-avec-poignee-en-bois-karl\/","url":"https:\/\/perle-in.com\/produit\/parapluie-golf-30-avec-poignee-en-bois-karl\/","name":"Parapluie golf 30\" avec poign\u00e9e en bois Karl - PERLE IN","isPartOf":{"@id":"https:\/\/perle-in.com\/#website"},"primaryImageOfPage":{"@id":"https:\/\/perle-in.com\/produit\/parapluie-golf-30-avec-poignee-en-bois-karl\/#primaryimage"},"image":{"@id":"https:\/\/perle-in.com\/produit\/parapluie-golf-30-avec-poignee-en-bois-karl\/#primaryimage"},"thumbnailUrl":"https:\/\/perle-in.com\/wp-content\/uploads\/2025\/10\/10901804-1.jpg","datePublished":"2025-10-13T17:21:40+00:00","dateModified":"2025-10-13T17:21:50+00:00","breadcrumb":{"@id":"https:\/\/perle-in.com\/produit\/parapluie-golf-30-avec-poignee-en-bois-karl\/#breadcrumb"},"inLanguage":"en-CA","potentialAction":[{"@type":"ReadAction","target":["https:\/\/perle-in.com\/produit\/parapluie-golf-30-avec-poignee-en-bois-karl\/"]}]},{"@type":"ImageObject","inLanguage":"en-CA","@id":"https:\/\/perle-in.com\/produit\/parapluie-golf-30-avec-poignee-en-bois-karl\/#primaryimage","url":"https:\/\/perle-in.com\/wp-content\/uploads\/2025\/10\/10901804-1.jpg","contentUrl":"https:\/\/perle-in.com\/wp-content\/uploads\/2025\/10\/10901804-1.jpg","width":1600,"height":1600},{"@type":"BreadcrumbList","@id":"https:\/\/perle-in.com\/produit\/parapluie-golf-30-avec-poignee-en-bois-karl\/#breadcrumb","itemListElement":[{"@type":"ListItem","position":1,"name":"Accueil","item":"https:\/\/perle-in.com\/"},{"@type":"ListItem","position":2,"name":"Boutique","item":"https:\/\/perle-in.com\/boutique\/"},{"@type":"ListItem","position":3,"name":"Parapluie golf 30&#8243; avec poign\u00e9e en bois Karl"}]},{"@type":"WebSite","@id":"https:\/\/perle-in.com\/#website","url":"https:\/\/perle-in.com\/","name":"PERLE IN","description":"","publisher":{"@id":"https:\/\/perle-in.com\/#organization"},"potentialAction":[{"@type":"SearchAction","target":{"@type":"EntryPoint","urlTemplate":"https:\/\/perle-in.com\/?s={search_term_string}"},"query-input":{"@type":"PropertyValueSpecification","valueRequired":true,"valueName":"search_term_string"}}],"inLanguage":"en-CA"},{"@type":"Organization","@id":"https:\/\/perle-in.com\/#organization","name":"PERLE IN","url":"https:\/\/perle-in.com\/","logo":{"@type":"ImageObject","inLanguage":"en-CA","@id":"https:\/\/perle-in.com\/#\/schema\/logo\/image\/","url":"https:\/\/perle-in.com\/wp-content\/uploads\/2022\/12\/LOGO-PERLE-IN-COULEUR@3x.webp","contentUrl":"https:\/\/perle-in.com\/wp-content\/uploads\/2022\/12\/LOGO-PERLE-IN-COULEUR@3x.webp","width":1600,"height":490,"caption":"PERLE IN"},"image":{"@id":"https:\/\/perle-in.com\/#\/schema\/logo\/image\/"}}]}},"jetpack_sharing_enabled":true,"_links":{"self":[{"href":"https:\/\/perle-in.com\/en\/wp-json\/wp\/v2\/product\/503669","targetHints":{"allow":["GET"]}}],"collection":[{"href":"https:\/\/perle-in.com\/en\/wp-json\/wp\/v2\/product"}],"about":[{"href":"https:\/\/perle-in.com\/en\/wp-json\/wp\/v2\/types\/product"}],"version-history":[{"count":0,"href":"https:\/\/perle-in.com\/en\/wp-json\/wp\/v2\/product\/503669\/revisions"}],"wp:featuredmedia":[{"embeddable":true,"href":"https:\/\/perle-in.com\/en\/wp-json\/wp\/v2\/media\/503653"}],"wp:attachment":[{"href":"https:\/\/perle-in.com\/en\/wp-json\/wp\/v2\/media?parent=503669"}],"wp:term":[{"taxonomy":"product_brand","embeddable":true,"href":"https:\/\/perle-in.com\/en\/wp-json\/wp\/v2\/product_brand?post=503669"},{"taxonomy":"product_cat","embeddable":true,"href":"https:\/\/perle-in.com\/en\/wp-json\/wp\/v2\/product_cat?post=503669"},{"taxonomy":"product_tag","embeddable":true,"href":"https:\/\/perle-in.com\/en\/wp-json\/wp\/v2\/product_tag?post=503669"}],"curies":[{"name":"wp","href":"https:\/\/api.w.org\/{rel}","templated":true}]}}