{"id":503614,"date":"2025-10-13T19:18:57","date_gmt":"2025-10-13T17:18:57","guid":{"rendered":"https:\/\/perle-in.com\/produit\/parapluie-21-5-3-sections-ouverture-fermeture-automatique-alex\/"},"modified":"2025-10-13T19:19:10","modified_gmt":"2025-10-13T17:19:10","slug":"parapluie-21-5-3-sections-ouverture-fermeture-automatique-alex","status":"publish","type":"product","link":"https:\/\/perle-in.com\/en\/product\/parapluie-21-5-3-sections-ouverture-fermeture-automatique-alex\/","title":{"rendered":"Parapluie 21.5&#8243; 3 sections ouverture fermeture automatique Alex"},"content":{"rendered":"","protected":false},"excerpt":{"rendered":"<p>L&#8217;Alex 21,5&#8243; est un parapluie pratique dot\u00e9 de tout le confort moderne. Gr\u00e2ce \u00e0 son syst\u00e8me automatique, le parapluie peut \u00eatre ouvert et ferm\u00e9 rapidement. En un seul clic, la pluie ne vous d\u00e9rangera plus. Ce parapluie pratique est dot\u00e9 d&#8217;une toile en polyester, d&#8217;une armature et de baleines en m\u00e9tal et d&#8217;une poign\u00e9e en plastique qui tient confortablement dans toutes les mains. Gr\u00e2ce \u00e0 sa taille lorsqu&#8217;il est pli\u00e9, il se glisse parfaitement dans un sac (\u00e0 main). En outre, il offre de multiples options pour placer des logos ou d&#8217;autres messages et est disponible en plusieurs couleurs.<\/p>","protected":false},"featured_media":503596,"template":"","meta":{"_eb_attr":""},"product_brand":[],"product_cat":[244,1229],"product_tag":[1661,1660,1662,1663,248],"class_list":{"0":"post-503614","1":"product","2":"type-product","3":"status-publish","4":"has-post-thumbnail","6":"product_cat-parapluies","7":"product_cat-parapluies-pliables","8":"product_tag-parapluie","9":"product_tag-parapluie-a-sections","10":"product_tag-parapluies","11":"product_tag-pleuvoir","12":"product_tag-pluie","13":"pa_couleurs-argent-noir","14":"pa_couleurs-blanc","15":"pa_couleurs-bleu-royal","16":"pa_couleurs-gris","17":"pa_couleurs-marine","18":"pa_couleurs-marine-argent","19":"pa_couleurs-noir","20":"pa_couleurs-noir-argent","21":"pa_couleurs-orange","22":"pa_couleurs-rouge","23":"pa_couleurs-vert","25":"first","26":"instock","27":"shipping-taxable","28":"purchasable","29":"product-type-variable"},"yoast_head":"<!-- This site is optimized with the Yoast SEO plugin v27.4 - https:\/\/yoast.com\/product\/yoast-seo-wordpress\/ -->\n<title>Parapluie 21.5&quot; 3 sections ouverture fermeture automatique Alex - PERLE IN<\/title>\n<meta name=\"robots\" content=\"noindex, follow, max-snippet:-1, max-image-preview:large, max-video-preview:-1\" \/>\n<meta property=\"og:locale\" content=\"en_US\" \/>\n<meta property=\"og:type\" content=\"article\" \/>\n<meta property=\"og:title\" content=\"Parapluie 21.5&quot; 3 sections ouverture fermeture automatique Alex - PERLE IN\" \/>\n<meta property=\"og:description\" content=\"L&#039;Alex 21,5&quot; est un parapluie pratique dot\u00e9 de tout le confort moderne. Gr\u00e2ce \u00e0 son syst\u00e8me automatique, le parapluie peut \u00eatre ouvert et ferm\u00e9 rapidement. En un seul clic, la pluie ne vous d\u00e9rangera plus. Ce parapluie pratique est dot\u00e9 d&#039;une toile en polyester, d&#039;une armature et de baleines en m\u00e9tal et d&#039;une poign\u00e9e en plastique qui tient confortablement dans toutes les mains. Gr\u00e2ce \u00e0 sa taille lorsqu&#039;il est pli\u00e9, il se glisse parfaitement dans un sac (\u00e0 main). En outre, il offre de multiples options pour placer des logos ou d&#039;autres messages et est disponible en plusieurs couleurs.\" \/>\n<meta property=\"og:url\" content=\"https:\/\/perle-in.com\/en\/product\/parapluie-21-5-3-sections-ouverture-fermeture-automatique-alex\/\" \/>\n<meta property=\"og:site_name\" content=\"PERLE IN\" \/>\n<meta property=\"article:modified_time\" content=\"2025-10-13T17:19:10+00:00\" \/>\n<meta property=\"og:image\" content=\"https:\/\/perle-in.com\/wp-content\/uploads\/2025\/10\/10901600-1.jpg\" \/>\n\t<meta property=\"og:image:width\" content=\"1600\" \/>\n\t<meta property=\"og:image:height\" content=\"1600\" \/>\n\t<meta property=\"og:image:type\" content=\"image\/jpeg\" \/>\n<meta name=\"twitter:card\" content=\"summary_large_image\" \/>\n<script type=\"application\/ld+json\" class=\"yoast-schema-graph\">{\"@context\":\"https:\\\/\\\/schema.org\",\"@graph\":[{\"@type\":\"WebPage\",\"@id\":\"https:\\\/\\\/perle-in.com\\\/produit\\\/parapluie-21-5-3-sections-ouverture-fermeture-automatique-alex\\\/\",\"url\":\"https:\\\/\\\/perle-in.com\\\/produit\\\/parapluie-21-5-3-sections-ouverture-fermeture-automatique-alex\\\/\",\"name\":\"Parapluie 21.5\\\" 3 sections ouverture fermeture automatique Alex - PERLE IN\",\"isPartOf\":{\"@id\":\"https:\\\/\\\/perle-in.com\\\/#website\"},\"primaryImageOfPage\":{\"@id\":\"https:\\\/\\\/perle-in.com\\\/produit\\\/parapluie-21-5-3-sections-ouverture-fermeture-automatique-alex\\\/#primaryimage\"},\"image\":{\"@id\":\"https:\\\/\\\/perle-in.com\\\/produit\\\/parapluie-21-5-3-sections-ouverture-fermeture-automatique-alex\\\/#primaryimage\"},\"thumbnailUrl\":\"https:\\\/\\\/perle-in.com\\\/wp-content\\\/uploads\\\/2025\\\/10\\\/10901600-1.jpg\",\"datePublished\":\"2025-10-13T17:18:57+00:00\",\"dateModified\":\"2025-10-13T17:19:10+00:00\",\"breadcrumb\":{\"@id\":\"https:\\\/\\\/perle-in.com\\\/produit\\\/parapluie-21-5-3-sections-ouverture-fermeture-automatique-alex\\\/#breadcrumb\"},\"inLanguage\":\"en-CA\",\"potentialAction\":[{\"@type\":\"ReadAction\",\"target\":[\"https:\\\/\\\/perle-in.com\\\/produit\\\/parapluie-21-5-3-sections-ouverture-fermeture-automatique-alex\\\/\"]}]},{\"@type\":\"ImageObject\",\"inLanguage\":\"en-CA\",\"@id\":\"https:\\\/\\\/perle-in.com\\\/produit\\\/parapluie-21-5-3-sections-ouverture-fermeture-automatique-alex\\\/#primaryimage\",\"url\":\"https:\\\/\\\/perle-in.com\\\/wp-content\\\/uploads\\\/2025\\\/10\\\/10901600-1.jpg\",\"contentUrl\":\"https:\\\/\\\/perle-in.com\\\/wp-content\\\/uploads\\\/2025\\\/10\\\/10901600-1.jpg\",\"width\":1600,\"height\":1600},{\"@type\":\"BreadcrumbList\",\"@id\":\"https:\\\/\\\/perle-in.com\\\/produit\\\/parapluie-21-5-3-sections-ouverture-fermeture-automatique-alex\\\/#breadcrumb\",\"itemListElement\":[{\"@type\":\"ListItem\",\"position\":1,\"name\":\"Accueil\",\"item\":\"https:\\\/\\\/perle-in.com\\\/\"},{\"@type\":\"ListItem\",\"position\":2,\"name\":\"Boutique\",\"item\":\"https:\\\/\\\/perle-in.com\\\/boutique\\\/\"},{\"@type\":\"ListItem\",\"position\":3,\"name\":\"Parapluie 21.5&#8243; 3 sections ouverture fermeture automatique Alex\"}]},{\"@type\":\"WebSite\",\"@id\":\"https:\\\/\\\/perle-in.com\\\/#website\",\"url\":\"https:\\\/\\\/perle-in.com\\\/\",\"name\":\"PERLE IN\",\"description\":\"\",\"publisher\":{\"@id\":\"https:\\\/\\\/perle-in.com\\\/#organization\"},\"potentialAction\":[{\"@type\":\"SearchAction\",\"target\":{\"@type\":\"EntryPoint\",\"urlTemplate\":\"https:\\\/\\\/perle-in.com\\\/?s={search_term_string}\"},\"query-input\":{\"@type\":\"PropertyValueSpecification\",\"valueRequired\":true,\"valueName\":\"search_term_string\"}}],\"inLanguage\":\"en-CA\"},{\"@type\":\"Organization\",\"@id\":\"https:\\\/\\\/perle-in.com\\\/#organization\",\"name\":\"PERLE IN\",\"url\":\"https:\\\/\\\/perle-in.com\\\/\",\"logo\":{\"@type\":\"ImageObject\",\"inLanguage\":\"en-CA\",\"@id\":\"https:\\\/\\\/perle-in.com\\\/#\\\/schema\\\/logo\\\/image\\\/\",\"url\":\"https:\\\/\\\/perle-in.com\\\/wp-content\\\/uploads\\\/2022\\\/12\\\/LOGO-PERLE-IN-COULEUR@3x.webp\",\"contentUrl\":\"https:\\\/\\\/perle-in.com\\\/wp-content\\\/uploads\\\/2022\\\/12\\\/LOGO-PERLE-IN-COULEUR@3x.webp\",\"width\":1600,\"height\":490,\"caption\":\"PERLE IN\"},\"image\":{\"@id\":\"https:\\\/\\\/perle-in.com\\\/#\\\/schema\\\/logo\\\/image\\\/\"}}]}<\/script>\n<!-- \/ Yoast SEO plugin. -->","yoast_head_json":{"title":"Parapluie 21.5\" 3 sections ouverture fermeture automatique Alex - PERLE IN","robots":{"index":"noindex","follow":"follow","max-snippet":"max-snippet:-1","max-image-preview":"max-image-preview:large","max-video-preview":"max-video-preview:-1"},"og_locale":"en_US","og_type":"article","og_title":"Parapluie 21.5\" 3 sections ouverture fermeture automatique Alex - PERLE IN","og_description":"L'Alex 21,5\" est un parapluie pratique dot\u00e9 de tout le confort moderne. Gr\u00e2ce \u00e0 son syst\u00e8me automatique, le parapluie peut \u00eatre ouvert et ferm\u00e9 rapidement. En un seul clic, la pluie ne vous d\u00e9rangera plus. Ce parapluie pratique est dot\u00e9 d'une toile en polyester, d'une armature et de baleines en m\u00e9tal et d'une poign\u00e9e en plastique qui tient confortablement dans toutes les mains. Gr\u00e2ce \u00e0 sa taille lorsqu'il est pli\u00e9, il se glisse parfaitement dans un sac (\u00e0 main). En outre, il offre de multiples options pour placer des logos ou d'autres messages et est disponible en plusieurs couleurs.","og_url":"https:\/\/perle-in.com\/en\/product\/parapluie-21-5-3-sections-ouverture-fermeture-automatique-alex\/","og_site_name":"PERLE IN","article_modified_time":"2025-10-13T17:19:10+00:00","og_image":[{"width":1600,"height":1600,"url":"https:\/\/perle-in.com\/wp-content\/uploads\/2025\/10\/10901600-1.jpg","type":"image\/jpeg"}],"twitter_card":"summary_large_image","schema":{"@context":"https:\/\/schema.org","@graph":[{"@type":"WebPage","@id":"https:\/\/perle-in.com\/produit\/parapluie-21-5-3-sections-ouverture-fermeture-automatique-alex\/","url":"https:\/\/perle-in.com\/produit\/parapluie-21-5-3-sections-ouverture-fermeture-automatique-alex\/","name":"Parapluie 21.5\" 3 sections ouverture fermeture automatique Alex - PERLE IN","isPartOf":{"@id":"https:\/\/perle-in.com\/#website"},"primaryImageOfPage":{"@id":"https:\/\/perle-in.com\/produit\/parapluie-21-5-3-sections-ouverture-fermeture-automatique-alex\/#primaryimage"},"image":{"@id":"https:\/\/perle-in.com\/produit\/parapluie-21-5-3-sections-ouverture-fermeture-automatique-alex\/#primaryimage"},"thumbnailUrl":"https:\/\/perle-in.com\/wp-content\/uploads\/2025\/10\/10901600-1.jpg","datePublished":"2025-10-13T17:18:57+00:00","dateModified":"2025-10-13T17:19:10+00:00","breadcrumb":{"@id":"https:\/\/perle-in.com\/produit\/parapluie-21-5-3-sections-ouverture-fermeture-automatique-alex\/#breadcrumb"},"inLanguage":"en-CA","potentialAction":[{"@type":"ReadAction","target":["https:\/\/perle-in.com\/produit\/parapluie-21-5-3-sections-ouverture-fermeture-automatique-alex\/"]}]},{"@type":"ImageObject","inLanguage":"en-CA","@id":"https:\/\/perle-in.com\/produit\/parapluie-21-5-3-sections-ouverture-fermeture-automatique-alex\/#primaryimage","url":"https:\/\/perle-in.com\/wp-content\/uploads\/2025\/10\/10901600-1.jpg","contentUrl":"https:\/\/perle-in.com\/wp-content\/uploads\/2025\/10\/10901600-1.jpg","width":1600,"height":1600},{"@type":"BreadcrumbList","@id":"https:\/\/perle-in.com\/produit\/parapluie-21-5-3-sections-ouverture-fermeture-automatique-alex\/#breadcrumb","itemListElement":[{"@type":"ListItem","position":1,"name":"Accueil","item":"https:\/\/perle-in.com\/"},{"@type":"ListItem","position":2,"name":"Boutique","item":"https:\/\/perle-in.com\/boutique\/"},{"@type":"ListItem","position":3,"name":"Parapluie 21.5&#8243; 3 sections ouverture fermeture automatique Alex"}]},{"@type":"WebSite","@id":"https:\/\/perle-in.com\/#website","url":"https:\/\/perle-in.com\/","name":"PERLE IN","description":"","publisher":{"@id":"https:\/\/perle-in.com\/#organization"},"potentialAction":[{"@type":"SearchAction","target":{"@type":"EntryPoint","urlTemplate":"https:\/\/perle-in.com\/?s={search_term_string}"},"query-input":{"@type":"PropertyValueSpecification","valueRequired":true,"valueName":"search_term_string"}}],"inLanguage":"en-CA"},{"@type":"Organization","@id":"https:\/\/perle-in.com\/#organization","name":"PERLE IN","url":"https:\/\/perle-in.com\/","logo":{"@type":"ImageObject","inLanguage":"en-CA","@id":"https:\/\/perle-in.com\/#\/schema\/logo\/image\/","url":"https:\/\/perle-in.com\/wp-content\/uploads\/2022\/12\/LOGO-PERLE-IN-COULEUR@3x.webp","contentUrl":"https:\/\/perle-in.com\/wp-content\/uploads\/2022\/12\/LOGO-PERLE-IN-COULEUR@3x.webp","width":1600,"height":490,"caption":"PERLE IN"},"image":{"@id":"https:\/\/perle-in.com\/#\/schema\/logo\/image\/"}}]}},"jetpack_sharing_enabled":true,"_links":{"self":[{"href":"https:\/\/perle-in.com\/en\/wp-json\/wp\/v2\/product\/503614","targetHints":{"allow":["GET"]}}],"collection":[{"href":"https:\/\/perle-in.com\/en\/wp-json\/wp\/v2\/product"}],"about":[{"href":"https:\/\/perle-in.com\/en\/wp-json\/wp\/v2\/types\/product"}],"version-history":[{"count":0,"href":"https:\/\/perle-in.com\/en\/wp-json\/wp\/v2\/product\/503614\/revisions"}],"wp:featuredmedia":[{"embeddable":true,"href":"https:\/\/perle-in.com\/en\/wp-json\/wp\/v2\/media\/503596"}],"wp:attachment":[{"href":"https:\/\/perle-in.com\/en\/wp-json\/wp\/v2\/media?parent=503614"}],"wp:term":[{"taxonomy":"product_brand","embeddable":true,"href":"https:\/\/perle-in.com\/en\/wp-json\/wp\/v2\/product_brand?post=503614"},{"taxonomy":"product_cat","embeddable":true,"href":"https:\/\/perle-in.com\/en\/wp-json\/wp\/v2\/product_cat?post=503614"},{"taxonomy":"product_tag","embeddable":true,"href":"https:\/\/perle-in.com\/en\/wp-json\/wp\/v2\/product_tag?post=503614"}],"curies":[{"name":"wp","href":"https:\/\/api.w.org\/{rel}","templated":true}]}}