{"id":503594,"date":"2025-10-13T19:16:54","date_gmt":"2025-10-13T17:16:54","guid":{"rendered":"https:\/\/perle-in.com\/produit\/haut-parleur-aluminium-bluetooth-greedo\/"},"modified":"2025-10-13T19:16:55","modified_gmt":"2025-10-13T17:16:55","slug":"haut-parleur-aluminium-bluetooth-greedo","status":"publish","type":"product","link":"https:\/\/perle-in.com\/en\/product\/haut-parleur-aluminium-bluetooth-greedo\/","title":{"rendered":"Haut-parleur aluminium Bluetooth\u00ae Greedo"},"content":{"rendered":"","protected":false},"excerpt":{"rendered":"<p>Profitez de la musique et des films n&#8217;importe o\u00f9 en jumelant vos appareils audio compatibles Bluetooth\u00ae comme l&#8217;iPhone, l&#8217;iPad ou les \u00e9quipements OS Android, avec cette enceinte portable Bluetooth\u00ae en aluminium (port\u00e9e 10 m). Avec son microphone int\u00e9gr\u00e9, ce haut-parleur vous permet de suivre une conf\u00e9rence t\u00e9l\u00e9phonique en d\u00e9placement par le biais de votre smartphone ou d&#8217;applications de chat vid\u00e9o comme Skype. C\u00e2ble USB pour chargement et c\u00e2ble pour prise jack 3,5mm fournis. Pr\u00e9sentation dans un coffret cadeau Avenue.<\/p>","protected":false},"featured_media":503588,"template":"","meta":{"_eb_attr":""},"product_brand":[],"product_cat":[817,667],"product_tag":[818,1656,1657,1658,1659],"class_list":{"0":"post-503594","1":"product","2":"type-product","3":"status-publish","4":"has-post-thumbnail","6":"product_cat-enceintes","7":"product_cat-technologie","8":"product_tag-bluetooth","9":"product_tag-enceinte","10":"product_tag-enceintes","11":"product_tag-haut-parleur-bluetooth","12":"product_tag-haut-parleurs-bluetooth","13":"pa_couleurs-noir","15":"first","16":"instock","17":"shipping-taxable","18":"purchasable","19":"product-type-variable"},"yoast_head":"<!-- This site is optimized with the Yoast SEO plugin v27.4 - https:\/\/yoast.com\/product\/yoast-seo-wordpress\/ -->\n<title>Haut-parleur aluminium Bluetooth\u00ae Greedo - PERLE IN<\/title>\n<meta name=\"robots\" content=\"noindex, follow, max-snippet:-1, max-image-preview:large, max-video-preview:-1\" \/>\n<meta property=\"og:locale\" content=\"en_US\" \/>\n<meta property=\"og:type\" content=\"article\" \/>\n<meta property=\"og:title\" content=\"Haut-parleur aluminium Bluetooth\u00ae Greedo - PERLE IN\" \/>\n<meta property=\"og:description\" content=\"Profitez de la musique et des films n&#039;importe o\u00f9 en jumelant vos appareils audio compatibles Bluetooth\u00ae comme l&#039;iPhone, l&#039;iPad ou les \u00e9quipements OS Android, avec cette enceinte portable Bluetooth\u00ae en aluminium (port\u00e9e 10 m). Avec son microphone int\u00e9gr\u00e9, ce haut-parleur vous permet de suivre une conf\u00e9rence t\u00e9l\u00e9phonique en d\u00e9placement par le biais de votre smartphone ou d&#039;applications de chat vid\u00e9o comme Skype. C\u00e2ble USB pour chargement et c\u00e2ble pour prise jack 3,5mm fournis. Pr\u00e9sentation dans un coffret cadeau Avenue.\" \/>\n<meta property=\"og:url\" content=\"https:\/\/perle-in.com\/en\/product\/haut-parleur-aluminium-bluetooth-greedo\/\" \/>\n<meta property=\"og:site_name\" content=\"PERLE IN\" \/>\n<meta property=\"article:modified_time\" content=\"2025-10-13T17:16:55+00:00\" \/>\n<meta property=\"og:image\" content=\"https:\/\/perle-in.com\/wp-content\/uploads\/2025\/10\/10826400-1.jpg\" \/>\n\t<meta property=\"og:image:width\" content=\"1600\" \/>\n\t<meta property=\"og:image:height\" content=\"1600\" \/>\n\t<meta property=\"og:image:type\" content=\"image\/jpeg\" \/>\n<meta name=\"twitter:card\" content=\"summary_large_image\" \/>\n<script type=\"application\/ld+json\" class=\"yoast-schema-graph\">{\"@context\":\"https:\\\/\\\/schema.org\",\"@graph\":[{\"@type\":\"WebPage\",\"@id\":\"https:\\\/\\\/perle-in.com\\\/produit\\\/haut-parleur-aluminium-bluetooth-greedo\\\/\",\"url\":\"https:\\\/\\\/perle-in.com\\\/produit\\\/haut-parleur-aluminium-bluetooth-greedo\\\/\",\"name\":\"Haut-parleur aluminium Bluetooth\u00ae Greedo - PERLE IN\",\"isPartOf\":{\"@id\":\"https:\\\/\\\/perle-in.com\\\/#website\"},\"primaryImageOfPage\":{\"@id\":\"https:\\\/\\\/perle-in.com\\\/produit\\\/haut-parleur-aluminium-bluetooth-greedo\\\/#primaryimage\"},\"image\":{\"@id\":\"https:\\\/\\\/perle-in.com\\\/produit\\\/haut-parleur-aluminium-bluetooth-greedo\\\/#primaryimage\"},\"thumbnailUrl\":\"https:\\\/\\\/perle-in.com\\\/wp-content\\\/uploads\\\/2025\\\/10\\\/10826400-1.jpg\",\"datePublished\":\"2025-10-13T17:16:54+00:00\",\"dateModified\":\"2025-10-13T17:16:55+00:00\",\"breadcrumb\":{\"@id\":\"https:\\\/\\\/perle-in.com\\\/produit\\\/haut-parleur-aluminium-bluetooth-greedo\\\/#breadcrumb\"},\"inLanguage\":\"en-CA\",\"potentialAction\":[{\"@type\":\"ReadAction\",\"target\":[\"https:\\\/\\\/perle-in.com\\\/produit\\\/haut-parleur-aluminium-bluetooth-greedo\\\/\"]}]},{\"@type\":\"ImageObject\",\"inLanguage\":\"en-CA\",\"@id\":\"https:\\\/\\\/perle-in.com\\\/produit\\\/haut-parleur-aluminium-bluetooth-greedo\\\/#primaryimage\",\"url\":\"https:\\\/\\\/perle-in.com\\\/wp-content\\\/uploads\\\/2025\\\/10\\\/10826400-1.jpg\",\"contentUrl\":\"https:\\\/\\\/perle-in.com\\\/wp-content\\\/uploads\\\/2025\\\/10\\\/10826400-1.jpg\",\"width\":1600,\"height\":1600},{\"@type\":\"BreadcrumbList\",\"@id\":\"https:\\\/\\\/perle-in.com\\\/produit\\\/haut-parleur-aluminium-bluetooth-greedo\\\/#breadcrumb\",\"itemListElement\":[{\"@type\":\"ListItem\",\"position\":1,\"name\":\"Accueil\",\"item\":\"https:\\\/\\\/perle-in.com\\\/\"},{\"@type\":\"ListItem\",\"position\":2,\"name\":\"Boutique\",\"item\":\"https:\\\/\\\/perle-in.com\\\/boutique\\\/\"},{\"@type\":\"ListItem\",\"position\":3,\"name\":\"Haut-parleur aluminium Bluetooth\u00ae Greedo\"}]},{\"@type\":\"WebSite\",\"@id\":\"https:\\\/\\\/perle-in.com\\\/#website\",\"url\":\"https:\\\/\\\/perle-in.com\\\/\",\"name\":\"PERLE IN\",\"description\":\"\",\"publisher\":{\"@id\":\"https:\\\/\\\/perle-in.com\\\/#organization\"},\"potentialAction\":[{\"@type\":\"SearchAction\",\"target\":{\"@type\":\"EntryPoint\",\"urlTemplate\":\"https:\\\/\\\/perle-in.com\\\/?s={search_term_string}\"},\"query-input\":{\"@type\":\"PropertyValueSpecification\",\"valueRequired\":true,\"valueName\":\"search_term_string\"}}],\"inLanguage\":\"en-CA\"},{\"@type\":\"Organization\",\"@id\":\"https:\\\/\\\/perle-in.com\\\/#organization\",\"name\":\"PERLE IN\",\"url\":\"https:\\\/\\\/perle-in.com\\\/\",\"logo\":{\"@type\":\"ImageObject\",\"inLanguage\":\"en-CA\",\"@id\":\"https:\\\/\\\/perle-in.com\\\/#\\\/schema\\\/logo\\\/image\\\/\",\"url\":\"https:\\\/\\\/perle-in.com\\\/wp-content\\\/uploads\\\/2022\\\/12\\\/LOGO-PERLE-IN-COULEUR@3x.webp\",\"contentUrl\":\"https:\\\/\\\/perle-in.com\\\/wp-content\\\/uploads\\\/2022\\\/12\\\/LOGO-PERLE-IN-COULEUR@3x.webp\",\"width\":1600,\"height\":490,\"caption\":\"PERLE IN\"},\"image\":{\"@id\":\"https:\\\/\\\/perle-in.com\\\/#\\\/schema\\\/logo\\\/image\\\/\"}}]}<\/script>\n<!-- \/ Yoast SEO plugin. -->","yoast_head_json":{"title":"Haut-parleur aluminium Bluetooth\u00ae Greedo - PERLE IN","robots":{"index":"noindex","follow":"follow","max-snippet":"max-snippet:-1","max-image-preview":"max-image-preview:large","max-video-preview":"max-video-preview:-1"},"og_locale":"en_US","og_type":"article","og_title":"Haut-parleur aluminium Bluetooth\u00ae Greedo - PERLE IN","og_description":"Profitez de la musique et des films n'importe o\u00f9 en jumelant vos appareils audio compatibles Bluetooth\u00ae comme l'iPhone, l'iPad ou les \u00e9quipements OS Android, avec cette enceinte portable Bluetooth\u00ae en aluminium (port\u00e9e 10 m). Avec son microphone int\u00e9gr\u00e9, ce haut-parleur vous permet de suivre une conf\u00e9rence t\u00e9l\u00e9phonique en d\u00e9placement par le biais de votre smartphone ou d'applications de chat vid\u00e9o comme Skype. C\u00e2ble USB pour chargement et c\u00e2ble pour prise jack 3,5mm fournis. Pr\u00e9sentation dans un coffret cadeau Avenue.","og_url":"https:\/\/perle-in.com\/en\/product\/haut-parleur-aluminium-bluetooth-greedo\/","og_site_name":"PERLE IN","article_modified_time":"2025-10-13T17:16:55+00:00","og_image":[{"width":1600,"height":1600,"url":"https:\/\/perle-in.com\/wp-content\/uploads\/2025\/10\/10826400-1.jpg","type":"image\/jpeg"}],"twitter_card":"summary_large_image","schema":{"@context":"https:\/\/schema.org","@graph":[{"@type":"WebPage","@id":"https:\/\/perle-in.com\/produit\/haut-parleur-aluminium-bluetooth-greedo\/","url":"https:\/\/perle-in.com\/produit\/haut-parleur-aluminium-bluetooth-greedo\/","name":"Haut-parleur aluminium Bluetooth\u00ae Greedo - PERLE IN","isPartOf":{"@id":"https:\/\/perle-in.com\/#website"},"primaryImageOfPage":{"@id":"https:\/\/perle-in.com\/produit\/haut-parleur-aluminium-bluetooth-greedo\/#primaryimage"},"image":{"@id":"https:\/\/perle-in.com\/produit\/haut-parleur-aluminium-bluetooth-greedo\/#primaryimage"},"thumbnailUrl":"https:\/\/perle-in.com\/wp-content\/uploads\/2025\/10\/10826400-1.jpg","datePublished":"2025-10-13T17:16:54+00:00","dateModified":"2025-10-13T17:16:55+00:00","breadcrumb":{"@id":"https:\/\/perle-in.com\/produit\/haut-parleur-aluminium-bluetooth-greedo\/#breadcrumb"},"inLanguage":"en-CA","potentialAction":[{"@type":"ReadAction","target":["https:\/\/perle-in.com\/produit\/haut-parleur-aluminium-bluetooth-greedo\/"]}]},{"@type":"ImageObject","inLanguage":"en-CA","@id":"https:\/\/perle-in.com\/produit\/haut-parleur-aluminium-bluetooth-greedo\/#primaryimage","url":"https:\/\/perle-in.com\/wp-content\/uploads\/2025\/10\/10826400-1.jpg","contentUrl":"https:\/\/perle-in.com\/wp-content\/uploads\/2025\/10\/10826400-1.jpg","width":1600,"height":1600},{"@type":"BreadcrumbList","@id":"https:\/\/perle-in.com\/produit\/haut-parleur-aluminium-bluetooth-greedo\/#breadcrumb","itemListElement":[{"@type":"ListItem","position":1,"name":"Accueil","item":"https:\/\/perle-in.com\/"},{"@type":"ListItem","position":2,"name":"Boutique","item":"https:\/\/perle-in.com\/boutique\/"},{"@type":"ListItem","position":3,"name":"Haut-parleur aluminium Bluetooth\u00ae Greedo"}]},{"@type":"WebSite","@id":"https:\/\/perle-in.com\/#website","url":"https:\/\/perle-in.com\/","name":"PERLE IN","description":"","publisher":{"@id":"https:\/\/perle-in.com\/#organization"},"potentialAction":[{"@type":"SearchAction","target":{"@type":"EntryPoint","urlTemplate":"https:\/\/perle-in.com\/?s={search_term_string}"},"query-input":{"@type":"PropertyValueSpecification","valueRequired":true,"valueName":"search_term_string"}}],"inLanguage":"en-CA"},{"@type":"Organization","@id":"https:\/\/perle-in.com\/#organization","name":"PERLE IN","url":"https:\/\/perle-in.com\/","logo":{"@type":"ImageObject","inLanguage":"en-CA","@id":"https:\/\/perle-in.com\/#\/schema\/logo\/image\/","url":"https:\/\/perle-in.com\/wp-content\/uploads\/2022\/12\/LOGO-PERLE-IN-COULEUR@3x.webp","contentUrl":"https:\/\/perle-in.com\/wp-content\/uploads\/2022\/12\/LOGO-PERLE-IN-COULEUR@3x.webp","width":1600,"height":490,"caption":"PERLE IN"},"image":{"@id":"https:\/\/perle-in.com\/#\/schema\/logo\/image\/"}}]}},"jetpack_sharing_enabled":true,"_links":{"self":[{"href":"https:\/\/perle-in.com\/en\/wp-json\/wp\/v2\/product\/503594","targetHints":{"allow":["GET"]}}],"collection":[{"href":"https:\/\/perle-in.com\/en\/wp-json\/wp\/v2\/product"}],"about":[{"href":"https:\/\/perle-in.com\/en\/wp-json\/wp\/v2\/types\/product"}],"version-history":[{"count":0,"href":"https:\/\/perle-in.com\/en\/wp-json\/wp\/v2\/product\/503594\/revisions"}],"wp:featuredmedia":[{"embeddable":true,"href":"https:\/\/perle-in.com\/en\/wp-json\/wp\/v2\/media\/503588"}],"wp:attachment":[{"href":"https:\/\/perle-in.com\/en\/wp-json\/wp\/v2\/media?parent=503594"}],"wp:term":[{"taxonomy":"product_brand","embeddable":true,"href":"https:\/\/perle-in.com\/en\/wp-json\/wp\/v2\/product_brand?post=503594"},{"taxonomy":"product_cat","embeddable":true,"href":"https:\/\/perle-in.com\/en\/wp-json\/wp\/v2\/product_cat?post=503594"},{"taxonomy":"product_tag","embeddable":true,"href":"https:\/\/perle-in.com\/en\/wp-json\/wp\/v2\/product_tag?post=503594"}],"curies":[{"name":"wp","href":"https:\/\/api.w.org\/{rel}","templated":true}]}}