{"id":503565,"date":"2025-10-13T19:14:47","date_gmt":"2025-10-13T17:14:47","guid":{"rendered":"https:\/\/perle-in.com\/produit\/stylo-bille-retractable-en-aluminium-anodise-moneta-encre-noire\/"},"modified":"2025-10-13T19:14:52","modified_gmt":"2025-10-13T17:14:52","slug":"stylo-bille-retractable-en-aluminium-anodise-moneta-encre-noire","status":"publish","type":"product","link":"https:\/\/perle-in.com\/en\/product\/stylo-bille-retractable-en-aluminium-anodise-moneta-encre-noire\/","title":{"rendered":"Stylo bille r\u00e9tractable en aluminium anodis\u00e9\u00a0Moneta (encre noire)"},"content":{"rendered":"","protected":false},"excerpt":{"rendered":"<p>Stylo bille r\u00e9tractable avec corps en aluminium, pi\u00e8ces en ABS et agrafe en acier. Ce stylo est disponible dans une grande vari\u00e9t\u00e9 de couleurs et pr\u00e9sente une finition anodis\u00e9e qui lui donne un \u00e9clat \u00e9tonnant. La gamme Moneta, vaste et populaire, est disponible dans une grande vari\u00e9t\u00e9 de styles et finitions.<\/p>","protected":false},"featured_media":503554,"template":"","meta":{"_eb_attr":""},"product_brand":[],"product_cat":[552,568],"product_tag":[576,1420,563,564,561,1411,1416,1414,1418,562,1412,1417,1415,1419],"class_list":{"0":"post-503565","1":"product","2":"type-product","3":"status-publish","4":"has-post-thumbnail","6":"product_cat-stylos-et-ecriture","7":"product_cat-stylos-bille","8":"product_tag-biro","9":"product_tag-biro-en-metal","10":"product_tag-parure-de-stylo","11":"product_tag-parures-de-stylo","12":"product_tag-stylo","13":"product_tag-stylo-a-bille","14":"product_tag-stylo-a-bille-en-metal","15":"product_tag-stylo-en-metal","16":"product_tag-stylo-bille-en-metal","17":"product_tag-stylos","18":"product_tag-stylos-a-bille","19":"product_tag-stylos-a-bille-en-metal","20":"product_tag-stylos-en-metal","21":"product_tag-stylos-bille-en-metal","22":"pa_couleurs-argent","23":"pa_couleurs-blanc","24":"pa_couleurs-bleu","25":"pa_couleurs-citron-vert","26":"pa_couleurs-noir","27":"pa_couleurs-rouge","28":"pa_matiere-aluminium-plastique-abs","30":"first","31":"instock","32":"shipping-taxable","33":"purchasable","34":"product-type-variable"},"yoast_head":"<!-- This site is optimized with the Yoast SEO plugin v27.4 - https:\/\/yoast.com\/product\/yoast-seo-wordpress\/ -->\n<title>Stylo bille r\u00e9tractable en aluminium anodis\u00e9\u00a0Moneta (encre noire) - PERLE IN<\/title>\n<meta name=\"robots\" content=\"noindex, follow, max-snippet:-1, max-image-preview:large, max-video-preview:-1\" \/>\n<meta property=\"og:locale\" content=\"en_US\" \/>\n<meta property=\"og:type\" content=\"article\" \/>\n<meta property=\"og:title\" content=\"Stylo bille r\u00e9tractable en aluminium anodis\u00e9\u00a0Moneta (encre noire) - PERLE IN\" \/>\n<meta property=\"og:description\" content=\"Stylo bille r\u00e9tractable avec corps en aluminium, pi\u00e8ces en ABS et agrafe en acier. Ce stylo est disponible dans une grande vari\u00e9t\u00e9 de couleurs et pr\u00e9sente une finition anodis\u00e9e qui lui donne un \u00e9clat \u00e9tonnant. La gamme Moneta, vaste et populaire, est disponible dans une grande vari\u00e9t\u00e9 de styles et finitions.\" \/>\n<meta property=\"og:url\" content=\"https:\/\/perle-in.com\/en\/product\/stylo-bille-retractable-en-aluminium-anodise-moneta-encre-noire\/\" \/>\n<meta property=\"og:site_name\" content=\"PERLE IN\" \/>\n<meta property=\"article:modified_time\" content=\"2025-10-13T17:14:52+00:00\" \/>\n<meta property=\"og:image\" content=\"https:\/\/perle-in.com\/wp-content\/uploads\/2025\/10\/10758300-1.jpg\" \/>\n\t<meta property=\"og:image:width\" content=\"1600\" \/>\n\t<meta property=\"og:image:height\" content=\"1600\" \/>\n\t<meta property=\"og:image:type\" content=\"image\/jpeg\" \/>\n<meta name=\"twitter:card\" content=\"summary_large_image\" \/>\n<script type=\"application\/ld+json\" class=\"yoast-schema-graph\">{\"@context\":\"https:\\\/\\\/schema.org\",\"@graph\":[{\"@type\":\"WebPage\",\"@id\":\"https:\\\/\\\/perle-in.com\\\/produit\\\/stylo-bille-retractable-en-aluminium-anodise-moneta-encre-noire\\\/\",\"url\":\"https:\\\/\\\/perle-in.com\\\/produit\\\/stylo-bille-retractable-en-aluminium-anodise-moneta-encre-noire\\\/\",\"name\":\"Stylo bille r\u00e9tractable en aluminium anodis\u00e9\u00a0Moneta (encre noire) - PERLE IN\",\"isPartOf\":{\"@id\":\"https:\\\/\\\/perle-in.com\\\/#website\"},\"primaryImageOfPage\":{\"@id\":\"https:\\\/\\\/perle-in.com\\\/produit\\\/stylo-bille-retractable-en-aluminium-anodise-moneta-encre-noire\\\/#primaryimage\"},\"image\":{\"@id\":\"https:\\\/\\\/perle-in.com\\\/produit\\\/stylo-bille-retractable-en-aluminium-anodise-moneta-encre-noire\\\/#primaryimage\"},\"thumbnailUrl\":\"https:\\\/\\\/perle-in.com\\\/wp-content\\\/uploads\\\/2025\\\/10\\\/10758300-1.jpg\",\"datePublished\":\"2025-10-13T17:14:47+00:00\",\"dateModified\":\"2025-10-13T17:14:52+00:00\",\"breadcrumb\":{\"@id\":\"https:\\\/\\\/perle-in.com\\\/produit\\\/stylo-bille-retractable-en-aluminium-anodise-moneta-encre-noire\\\/#breadcrumb\"},\"inLanguage\":\"en-CA\",\"potentialAction\":[{\"@type\":\"ReadAction\",\"target\":[\"https:\\\/\\\/perle-in.com\\\/produit\\\/stylo-bille-retractable-en-aluminium-anodise-moneta-encre-noire\\\/\"]}]},{\"@type\":\"ImageObject\",\"inLanguage\":\"en-CA\",\"@id\":\"https:\\\/\\\/perle-in.com\\\/produit\\\/stylo-bille-retractable-en-aluminium-anodise-moneta-encre-noire\\\/#primaryimage\",\"url\":\"https:\\\/\\\/perle-in.com\\\/wp-content\\\/uploads\\\/2025\\\/10\\\/10758300-1.jpg\",\"contentUrl\":\"https:\\\/\\\/perle-in.com\\\/wp-content\\\/uploads\\\/2025\\\/10\\\/10758300-1.jpg\",\"width\":1600,\"height\":1600},{\"@type\":\"BreadcrumbList\",\"@id\":\"https:\\\/\\\/perle-in.com\\\/produit\\\/stylo-bille-retractable-en-aluminium-anodise-moneta-encre-noire\\\/#breadcrumb\",\"itemListElement\":[{\"@type\":\"ListItem\",\"position\":1,\"name\":\"Accueil\",\"item\":\"https:\\\/\\\/perle-in.com\\\/\"},{\"@type\":\"ListItem\",\"position\":2,\"name\":\"Boutique\",\"item\":\"https:\\\/\\\/perle-in.com\\\/boutique\\\/\"},{\"@type\":\"ListItem\",\"position\":3,\"name\":\"Stylo bille r\u00e9tractable en aluminium anodis\u00e9\u00a0Moneta (encre noire)\"}]},{\"@type\":\"WebSite\",\"@id\":\"https:\\\/\\\/perle-in.com\\\/#website\",\"url\":\"https:\\\/\\\/perle-in.com\\\/\",\"name\":\"PERLE IN\",\"description\":\"\",\"publisher\":{\"@id\":\"https:\\\/\\\/perle-in.com\\\/#organization\"},\"potentialAction\":[{\"@type\":\"SearchAction\",\"target\":{\"@type\":\"EntryPoint\",\"urlTemplate\":\"https:\\\/\\\/perle-in.com\\\/?s={search_term_string}\"},\"query-input\":{\"@type\":\"PropertyValueSpecification\",\"valueRequired\":true,\"valueName\":\"search_term_string\"}}],\"inLanguage\":\"en-CA\"},{\"@type\":\"Organization\",\"@id\":\"https:\\\/\\\/perle-in.com\\\/#organization\",\"name\":\"PERLE IN\",\"url\":\"https:\\\/\\\/perle-in.com\\\/\",\"logo\":{\"@type\":\"ImageObject\",\"inLanguage\":\"en-CA\",\"@id\":\"https:\\\/\\\/perle-in.com\\\/#\\\/schema\\\/logo\\\/image\\\/\",\"url\":\"https:\\\/\\\/perle-in.com\\\/wp-content\\\/uploads\\\/2022\\\/12\\\/LOGO-PERLE-IN-COULEUR@3x.webp\",\"contentUrl\":\"https:\\\/\\\/perle-in.com\\\/wp-content\\\/uploads\\\/2022\\\/12\\\/LOGO-PERLE-IN-COULEUR@3x.webp\",\"width\":1600,\"height\":490,\"caption\":\"PERLE IN\"},\"image\":{\"@id\":\"https:\\\/\\\/perle-in.com\\\/#\\\/schema\\\/logo\\\/image\\\/\"}}]}<\/script>\n<!-- \/ Yoast SEO plugin. -->","yoast_head_json":{"title":"Stylo bille r\u00e9tractable en aluminium anodis\u00e9\u00a0Moneta (encre noire) - PERLE IN","robots":{"index":"noindex","follow":"follow","max-snippet":"max-snippet:-1","max-image-preview":"max-image-preview:large","max-video-preview":"max-video-preview:-1"},"og_locale":"en_US","og_type":"article","og_title":"Stylo bille r\u00e9tractable en aluminium anodis\u00e9\u00a0Moneta (encre noire) - PERLE IN","og_description":"Stylo bille r\u00e9tractable avec corps en aluminium, pi\u00e8ces en ABS et agrafe en acier. Ce stylo est disponible dans une grande vari\u00e9t\u00e9 de couleurs et pr\u00e9sente une finition anodis\u00e9e qui lui donne un \u00e9clat \u00e9tonnant. La gamme Moneta, vaste et populaire, est disponible dans une grande vari\u00e9t\u00e9 de styles et finitions.","og_url":"https:\/\/perle-in.com\/en\/product\/stylo-bille-retractable-en-aluminium-anodise-moneta-encre-noire\/","og_site_name":"PERLE IN","article_modified_time":"2025-10-13T17:14:52+00:00","og_image":[{"width":1600,"height":1600,"url":"https:\/\/perle-in.com\/wp-content\/uploads\/2025\/10\/10758300-1.jpg","type":"image\/jpeg"}],"twitter_card":"summary_large_image","schema":{"@context":"https:\/\/schema.org","@graph":[{"@type":"WebPage","@id":"https:\/\/perle-in.com\/produit\/stylo-bille-retractable-en-aluminium-anodise-moneta-encre-noire\/","url":"https:\/\/perle-in.com\/produit\/stylo-bille-retractable-en-aluminium-anodise-moneta-encre-noire\/","name":"Stylo bille r\u00e9tractable en aluminium anodis\u00e9\u00a0Moneta (encre noire) - PERLE IN","isPartOf":{"@id":"https:\/\/perle-in.com\/#website"},"primaryImageOfPage":{"@id":"https:\/\/perle-in.com\/produit\/stylo-bille-retractable-en-aluminium-anodise-moneta-encre-noire\/#primaryimage"},"image":{"@id":"https:\/\/perle-in.com\/produit\/stylo-bille-retractable-en-aluminium-anodise-moneta-encre-noire\/#primaryimage"},"thumbnailUrl":"https:\/\/perle-in.com\/wp-content\/uploads\/2025\/10\/10758300-1.jpg","datePublished":"2025-10-13T17:14:47+00:00","dateModified":"2025-10-13T17:14:52+00:00","breadcrumb":{"@id":"https:\/\/perle-in.com\/produit\/stylo-bille-retractable-en-aluminium-anodise-moneta-encre-noire\/#breadcrumb"},"inLanguage":"en-CA","potentialAction":[{"@type":"ReadAction","target":["https:\/\/perle-in.com\/produit\/stylo-bille-retractable-en-aluminium-anodise-moneta-encre-noire\/"]}]},{"@type":"ImageObject","inLanguage":"en-CA","@id":"https:\/\/perle-in.com\/produit\/stylo-bille-retractable-en-aluminium-anodise-moneta-encre-noire\/#primaryimage","url":"https:\/\/perle-in.com\/wp-content\/uploads\/2025\/10\/10758300-1.jpg","contentUrl":"https:\/\/perle-in.com\/wp-content\/uploads\/2025\/10\/10758300-1.jpg","width":1600,"height":1600},{"@type":"BreadcrumbList","@id":"https:\/\/perle-in.com\/produit\/stylo-bille-retractable-en-aluminium-anodise-moneta-encre-noire\/#breadcrumb","itemListElement":[{"@type":"ListItem","position":1,"name":"Accueil","item":"https:\/\/perle-in.com\/"},{"@type":"ListItem","position":2,"name":"Boutique","item":"https:\/\/perle-in.com\/boutique\/"},{"@type":"ListItem","position":3,"name":"Stylo bille r\u00e9tractable en aluminium anodis\u00e9\u00a0Moneta (encre noire)"}]},{"@type":"WebSite","@id":"https:\/\/perle-in.com\/#website","url":"https:\/\/perle-in.com\/","name":"PERLE IN","description":"","publisher":{"@id":"https:\/\/perle-in.com\/#organization"},"potentialAction":[{"@type":"SearchAction","target":{"@type":"EntryPoint","urlTemplate":"https:\/\/perle-in.com\/?s={search_term_string}"},"query-input":{"@type":"PropertyValueSpecification","valueRequired":true,"valueName":"search_term_string"}}],"inLanguage":"en-CA"},{"@type":"Organization","@id":"https:\/\/perle-in.com\/#organization","name":"PERLE IN","url":"https:\/\/perle-in.com\/","logo":{"@type":"ImageObject","inLanguage":"en-CA","@id":"https:\/\/perle-in.com\/#\/schema\/logo\/image\/","url":"https:\/\/perle-in.com\/wp-content\/uploads\/2022\/12\/LOGO-PERLE-IN-COULEUR@3x.webp","contentUrl":"https:\/\/perle-in.com\/wp-content\/uploads\/2022\/12\/LOGO-PERLE-IN-COULEUR@3x.webp","width":1600,"height":490,"caption":"PERLE IN"},"image":{"@id":"https:\/\/perle-in.com\/#\/schema\/logo\/image\/"}}]}},"jetpack_sharing_enabled":true,"_links":{"self":[{"href":"https:\/\/perle-in.com\/en\/wp-json\/wp\/v2\/product\/503565","targetHints":{"allow":["GET"]}}],"collection":[{"href":"https:\/\/perle-in.com\/en\/wp-json\/wp\/v2\/product"}],"about":[{"href":"https:\/\/perle-in.com\/en\/wp-json\/wp\/v2\/types\/product"}],"version-history":[{"count":0,"href":"https:\/\/perle-in.com\/en\/wp-json\/wp\/v2\/product\/503565\/revisions"}],"wp:featuredmedia":[{"embeddable":true,"href":"https:\/\/perle-in.com\/en\/wp-json\/wp\/v2\/media\/503554"}],"wp:attachment":[{"href":"https:\/\/perle-in.com\/en\/wp-json\/wp\/v2\/media?parent=503565"}],"wp:term":[{"taxonomy":"product_brand","embeddable":true,"href":"https:\/\/perle-in.com\/en\/wp-json\/wp\/v2\/product_brand?post=503565"},{"taxonomy":"product_cat","embeddable":true,"href":"https:\/\/perle-in.com\/en\/wp-json\/wp\/v2\/product_cat?post=503565"},{"taxonomy":"product_tag","embeddable":true,"href":"https:\/\/perle-in.com\/en\/wp-json\/wp\/v2\/product_tag?post=503565"}],"curies":[{"name":"wp","href":"https:\/\/api.w.org\/{rel}","templated":true}]}}