{"id":503504,"date":"2025-10-13T19:10:10","date_gmt":"2025-10-13T17:10:10","guid":{"rendered":"https:\/\/perle-in.com\/produit\/stylo-plume-jotter-parker-encre-bleue\/"},"modified":"2025-10-13T19:10:12","modified_gmt":"2025-10-13T17:10:12","slug":"stylo-plume-jotter-parker-encre-bleue","status":"publish","type":"product","link":"https:\/\/perle-in.com\/en\/product\/stylo-plume-jotter-parker-encre-bleue\/","title":{"rendered":"Stylo plume Jotter Parker (encre bleue)"},"content":{"rendered":"","protected":false},"excerpt":{"rendered":"<p>Le stylo plume Jotter est une interpr\u00e9tation moderne de l&#8217;embl\u00e8me d\u2019origine. Avec plume en acier inoxydable, corps chrom\u00e9, capuchon en acier inoxydable poli et attache en fl\u00e8che. Livr\u00e9 dans une bo\u00eete cadeau Parker.<\/p>","protected":false},"featured_media":503496,"template":"","meta":{"_eb_attr":""},"product_brand":[],"product_cat":[552,1247],"product_tag":[1642,1641,1450,1451,561,562],"class_list":{"0":"post-503504","1":"product","2":"type-product","3":"status-publish","4":"has-post-thumbnail","6":"product_cat-stylos-et-ecriture","7":"product_cat-stylos-plume","8":"product_tag-a-plume","9":"product_tag-core","10":"product_tag-jotter","11":"product_tag-parker","12":"product_tag-stylo","13":"product_tag-stylos","14":"pa_couleurs-acier-chrome","15":"pa_green-points-1452","16":"pa_marque-parker","17":"pa_pays-d-origine-france","19":"first","20":"instock","21":"shipping-taxable","22":"purchasable","23":"product-type-variable"},"yoast_head":"<!-- This site is optimized with the Yoast SEO plugin v27.4 - https:\/\/yoast.com\/product\/yoast-seo-wordpress\/ -->\n<title>Stylo plume Jotter Parker (encre bleue) - PERLE IN<\/title>\n<meta name=\"robots\" content=\"noindex, follow, max-snippet:-1, max-image-preview:large, max-video-preview:-1\" \/>\n<meta property=\"og:locale\" content=\"en_US\" \/>\n<meta property=\"og:type\" content=\"article\" \/>\n<meta property=\"og:title\" content=\"Stylo plume Jotter Parker (encre bleue) - PERLE IN\" \/>\n<meta property=\"og:description\" content=\"Le stylo plume Jotter est une interpr\u00e9tation moderne de l&#039;embl\u00e8me d\u2019origine. Avec plume en acier inoxydable, corps chrom\u00e9, capuchon en acier inoxydable poli et attache en fl\u00e8che. Livr\u00e9 dans une bo\u00eete cadeau Parker.\" \/>\n<meta property=\"og:url\" content=\"https:\/\/perle-in.com\/en\/product\/stylo-plume-jotter-parker-encre-bleue\/\" \/>\n<meta property=\"og:site_name\" content=\"PERLE IN\" \/>\n<meta property=\"article:modified_time\" content=\"2025-10-13T17:10:12+00:00\" \/>\n<meta property=\"og:image\" content=\"https:\/\/perle-in.com\/wp-content\/uploads\/2025\/10\/10742000-1.jpg\" \/>\n\t<meta property=\"og:image:width\" content=\"1600\" \/>\n\t<meta property=\"og:image:height\" content=\"1600\" \/>\n\t<meta property=\"og:image:type\" content=\"image\/jpeg\" \/>\n<meta name=\"twitter:card\" content=\"summary_large_image\" \/>\n<script type=\"application\/ld+json\" class=\"yoast-schema-graph\">{\"@context\":\"https:\\\/\\\/schema.org\",\"@graph\":[{\"@type\":\"WebPage\",\"@id\":\"https:\\\/\\\/perle-in.com\\\/produit\\\/stylo-plume-jotter-parker-encre-bleue\\\/\",\"url\":\"https:\\\/\\\/perle-in.com\\\/produit\\\/stylo-plume-jotter-parker-encre-bleue\\\/\",\"name\":\"Stylo plume Jotter Parker (encre bleue) - PERLE IN\",\"isPartOf\":{\"@id\":\"https:\\\/\\\/perle-in.com\\\/#website\"},\"primaryImageOfPage\":{\"@id\":\"https:\\\/\\\/perle-in.com\\\/produit\\\/stylo-plume-jotter-parker-encre-bleue\\\/#primaryimage\"},\"image\":{\"@id\":\"https:\\\/\\\/perle-in.com\\\/produit\\\/stylo-plume-jotter-parker-encre-bleue\\\/#primaryimage\"},\"thumbnailUrl\":\"https:\\\/\\\/perle-in.com\\\/wp-content\\\/uploads\\\/2025\\\/10\\\/10742000-1.jpg\",\"datePublished\":\"2025-10-13T17:10:10+00:00\",\"dateModified\":\"2025-10-13T17:10:12+00:00\",\"breadcrumb\":{\"@id\":\"https:\\\/\\\/perle-in.com\\\/produit\\\/stylo-plume-jotter-parker-encre-bleue\\\/#breadcrumb\"},\"inLanguage\":\"en-CA\",\"potentialAction\":[{\"@type\":\"ReadAction\",\"target\":[\"https:\\\/\\\/perle-in.com\\\/produit\\\/stylo-plume-jotter-parker-encre-bleue\\\/\"]}]},{\"@type\":\"ImageObject\",\"inLanguage\":\"en-CA\",\"@id\":\"https:\\\/\\\/perle-in.com\\\/produit\\\/stylo-plume-jotter-parker-encre-bleue\\\/#primaryimage\",\"url\":\"https:\\\/\\\/perle-in.com\\\/wp-content\\\/uploads\\\/2025\\\/10\\\/10742000-1.jpg\",\"contentUrl\":\"https:\\\/\\\/perle-in.com\\\/wp-content\\\/uploads\\\/2025\\\/10\\\/10742000-1.jpg\",\"width\":1600,\"height\":1600},{\"@type\":\"BreadcrumbList\",\"@id\":\"https:\\\/\\\/perle-in.com\\\/produit\\\/stylo-plume-jotter-parker-encre-bleue\\\/#breadcrumb\",\"itemListElement\":[{\"@type\":\"ListItem\",\"position\":1,\"name\":\"Accueil\",\"item\":\"https:\\\/\\\/perle-in.com\\\/\"},{\"@type\":\"ListItem\",\"position\":2,\"name\":\"Boutique\",\"item\":\"https:\\\/\\\/perle-in.com\\\/boutique\\\/\"},{\"@type\":\"ListItem\",\"position\":3,\"name\":\"Stylo plume Jotter Parker (encre bleue)\"}]},{\"@type\":\"WebSite\",\"@id\":\"https:\\\/\\\/perle-in.com\\\/#website\",\"url\":\"https:\\\/\\\/perle-in.com\\\/\",\"name\":\"PERLE IN\",\"description\":\"\",\"publisher\":{\"@id\":\"https:\\\/\\\/perle-in.com\\\/#organization\"},\"potentialAction\":[{\"@type\":\"SearchAction\",\"target\":{\"@type\":\"EntryPoint\",\"urlTemplate\":\"https:\\\/\\\/perle-in.com\\\/?s={search_term_string}\"},\"query-input\":{\"@type\":\"PropertyValueSpecification\",\"valueRequired\":true,\"valueName\":\"search_term_string\"}}],\"inLanguage\":\"en-CA\"},{\"@type\":\"Organization\",\"@id\":\"https:\\\/\\\/perle-in.com\\\/#organization\",\"name\":\"PERLE IN\",\"url\":\"https:\\\/\\\/perle-in.com\\\/\",\"logo\":{\"@type\":\"ImageObject\",\"inLanguage\":\"en-CA\",\"@id\":\"https:\\\/\\\/perle-in.com\\\/#\\\/schema\\\/logo\\\/image\\\/\",\"url\":\"https:\\\/\\\/perle-in.com\\\/wp-content\\\/uploads\\\/2022\\\/12\\\/LOGO-PERLE-IN-COULEUR@3x.webp\",\"contentUrl\":\"https:\\\/\\\/perle-in.com\\\/wp-content\\\/uploads\\\/2022\\\/12\\\/LOGO-PERLE-IN-COULEUR@3x.webp\",\"width\":1600,\"height\":490,\"caption\":\"PERLE IN\"},\"image\":{\"@id\":\"https:\\\/\\\/perle-in.com\\\/#\\\/schema\\\/logo\\\/image\\\/\"}}]}<\/script>\n<!-- \/ Yoast SEO plugin. -->","yoast_head_json":{"title":"Stylo plume Jotter Parker (encre bleue) - PERLE IN","robots":{"index":"noindex","follow":"follow","max-snippet":"max-snippet:-1","max-image-preview":"max-image-preview:large","max-video-preview":"max-video-preview:-1"},"og_locale":"en_US","og_type":"article","og_title":"Stylo plume Jotter Parker (encre bleue) - PERLE IN","og_description":"Le stylo plume Jotter est une interpr\u00e9tation moderne de l'embl\u00e8me d\u2019origine. Avec plume en acier inoxydable, corps chrom\u00e9, capuchon en acier inoxydable poli et attache en fl\u00e8che. Livr\u00e9 dans une bo\u00eete cadeau Parker.","og_url":"https:\/\/perle-in.com\/en\/product\/stylo-plume-jotter-parker-encre-bleue\/","og_site_name":"PERLE IN","article_modified_time":"2025-10-13T17:10:12+00:00","og_image":[{"width":1600,"height":1600,"url":"https:\/\/perle-in.com\/wp-content\/uploads\/2025\/10\/10742000-1.jpg","type":"image\/jpeg"}],"twitter_card":"summary_large_image","schema":{"@context":"https:\/\/schema.org","@graph":[{"@type":"WebPage","@id":"https:\/\/perle-in.com\/produit\/stylo-plume-jotter-parker-encre-bleue\/","url":"https:\/\/perle-in.com\/produit\/stylo-plume-jotter-parker-encre-bleue\/","name":"Stylo plume Jotter Parker (encre bleue) - PERLE IN","isPartOf":{"@id":"https:\/\/perle-in.com\/#website"},"primaryImageOfPage":{"@id":"https:\/\/perle-in.com\/produit\/stylo-plume-jotter-parker-encre-bleue\/#primaryimage"},"image":{"@id":"https:\/\/perle-in.com\/produit\/stylo-plume-jotter-parker-encre-bleue\/#primaryimage"},"thumbnailUrl":"https:\/\/perle-in.com\/wp-content\/uploads\/2025\/10\/10742000-1.jpg","datePublished":"2025-10-13T17:10:10+00:00","dateModified":"2025-10-13T17:10:12+00:00","breadcrumb":{"@id":"https:\/\/perle-in.com\/produit\/stylo-plume-jotter-parker-encre-bleue\/#breadcrumb"},"inLanguage":"en-CA","potentialAction":[{"@type":"ReadAction","target":["https:\/\/perle-in.com\/produit\/stylo-plume-jotter-parker-encre-bleue\/"]}]},{"@type":"ImageObject","inLanguage":"en-CA","@id":"https:\/\/perle-in.com\/produit\/stylo-plume-jotter-parker-encre-bleue\/#primaryimage","url":"https:\/\/perle-in.com\/wp-content\/uploads\/2025\/10\/10742000-1.jpg","contentUrl":"https:\/\/perle-in.com\/wp-content\/uploads\/2025\/10\/10742000-1.jpg","width":1600,"height":1600},{"@type":"BreadcrumbList","@id":"https:\/\/perle-in.com\/produit\/stylo-plume-jotter-parker-encre-bleue\/#breadcrumb","itemListElement":[{"@type":"ListItem","position":1,"name":"Accueil","item":"https:\/\/perle-in.com\/"},{"@type":"ListItem","position":2,"name":"Boutique","item":"https:\/\/perle-in.com\/boutique\/"},{"@type":"ListItem","position":3,"name":"Stylo plume Jotter Parker (encre bleue)"}]},{"@type":"WebSite","@id":"https:\/\/perle-in.com\/#website","url":"https:\/\/perle-in.com\/","name":"PERLE IN","description":"","publisher":{"@id":"https:\/\/perle-in.com\/#organization"},"potentialAction":[{"@type":"SearchAction","target":{"@type":"EntryPoint","urlTemplate":"https:\/\/perle-in.com\/?s={search_term_string}"},"query-input":{"@type":"PropertyValueSpecification","valueRequired":true,"valueName":"search_term_string"}}],"inLanguage":"en-CA"},{"@type":"Organization","@id":"https:\/\/perle-in.com\/#organization","name":"PERLE IN","url":"https:\/\/perle-in.com\/","logo":{"@type":"ImageObject","inLanguage":"en-CA","@id":"https:\/\/perle-in.com\/#\/schema\/logo\/image\/","url":"https:\/\/perle-in.com\/wp-content\/uploads\/2022\/12\/LOGO-PERLE-IN-COULEUR@3x.webp","contentUrl":"https:\/\/perle-in.com\/wp-content\/uploads\/2022\/12\/LOGO-PERLE-IN-COULEUR@3x.webp","width":1600,"height":490,"caption":"PERLE IN"},"image":{"@id":"https:\/\/perle-in.com\/#\/schema\/logo\/image\/"}}]}},"jetpack_sharing_enabled":true,"_links":{"self":[{"href":"https:\/\/perle-in.com\/en\/wp-json\/wp\/v2\/product\/503504","targetHints":{"allow":["GET"]}}],"collection":[{"href":"https:\/\/perle-in.com\/en\/wp-json\/wp\/v2\/product"}],"about":[{"href":"https:\/\/perle-in.com\/en\/wp-json\/wp\/v2\/types\/product"}],"version-history":[{"count":0,"href":"https:\/\/perle-in.com\/en\/wp-json\/wp\/v2\/product\/503504\/revisions"}],"wp:featuredmedia":[{"embeddable":true,"href":"https:\/\/perle-in.com\/en\/wp-json\/wp\/v2\/media\/503496"}],"wp:attachment":[{"href":"https:\/\/perle-in.com\/en\/wp-json\/wp\/v2\/media?parent=503504"}],"wp:term":[{"taxonomy":"product_brand","embeddable":true,"href":"https:\/\/perle-in.com\/en\/wp-json\/wp\/v2\/product_brand?post=503504"},{"taxonomy":"product_cat","embeddable":true,"href":"https:\/\/perle-in.com\/en\/wp-json\/wp\/v2\/product_cat?post=503504"},{"taxonomy":"product_tag","embeddable":true,"href":"https:\/\/perle-in.com\/en\/wp-json\/wp\/v2\/product_tag?post=503504"}],"curies":[{"name":"wp","href":"https:\/\/api.w.org\/{rel}","templated":true}]}}