{"id":503374,"date":"2025-10-13T18:50:42","date_gmt":"2025-10-13T16:50:42","guid":{"rendered":"https:\/\/perle-in.com\/produit\/moleskine-parure-smart\/"},"modified":"2025-10-13T18:50:44","modified_gmt":"2025-10-13T16:50:44","slug":"moleskine-parure-smart","status":"publish","type":"product","link":"https:\/\/perle-in.com\/en\/product\/moleskine-parure-smart\/","title":{"rendered":"Moleskine Parure Smart"},"content":{"rendered":"","protected":false},"excerpt":{"rendered":"<p>Le set d&#8217;\u00e9criture Moleskine Smart contient le best-seller du carnet classique Moleskine (grands carreaux), un stylo Smart, un chargeur magn\u00e9tique et une recharge. Moleskine reconna\u00eet que dans notre vie quotidienne, nous utilisons instinctivement une combinaison d&#8217;outils analogiques et num\u00e9riques. Le kit d&#8217;\u00e9criture offre le plaisir de l&#8217;\u00e9criture manuscrite sur papier avec les avantages du num\u00e9rique, que vous vous concentriez sur la prise de notes, le croquis ou la planification. Il est livr\u00e9 avec l&#8217;application conviviale Moleskine Notes App qui permet de modifier, d&#8217;organiser et de partager facilement des notes \u00e0 tout moment et en tout lieu. Le stylo moderne et de forme \u00e9l\u00e9gante est livr\u00e9 avec un chargeur magn\u00e9tique cr\u00e9\u00e9 en exclusivit\u00e9, une batterie qui dure 24 heures et un grip confortable pour une \u00e9criture plus longue. Gr\u00e2ce \u00e0 des Ncodes invisibles dans chaque page, le stylo Smart peut identifier l&#8217;emplacement exact dans le carnet et cr\u00e9er une version num\u00e9rique identique de vos notes \u00e0 l&#8217;\u00e9cran, pr\u00eate \u00e0 \u00eatre modifi\u00e9e, d\u00e9velopp\u00e9e et partag\u00e9e num\u00e9riquement.<\/p>","protected":false},"featured_media":503366,"template":"","meta":{"_eb_attr":""},"product_brand":[],"product_cat":[782,667],"product_tag":[1596,1595,867,1600,1592,1594,1573,1593,1597,1598,1542,1602,1603,1591,561,1601,562,1189,1599,1604],"class_list":{"0":"post-503374","1":"product","2":"type-product","3":"status-publish","4":"has-post-thumbnail","6":"product_cat-gadgets","7":"product_cat-technologie","8":"product_tag-appli","9":"product_tag-appli-de-notes","10":"product_tag-application","11":"product_tag-digital","12":"product_tag-ecriture-smart","13":"product_tag-ellipse","14":"product_tag-ensemble","15":"product_tag-ensemble-decriture","16":"product_tag-gadget","17":"product_tag-gadgets","18":"product_tag-moleskine","19":"product_tag-ncode","20":"product_tag-papier-ncode","21":"product_tag-smart","22":"product_tag-stylo","23":"product_tag-stylo-intelligent","24":"product_tag-stylos","25":"product_tag-tablette","26":"product_tag-tablette-papier","27":"product_tag-volant-xs","28":"pa_couleurs-noir","29":"pa_marque-moleskine","31":"first","32":"instock","33":"shipping-taxable","34":"purchasable","35":"product-type-variable"},"yoast_head":"<!-- This site is optimized with the Yoast SEO plugin v27.4 - https:\/\/yoast.com\/product\/yoast-seo-wordpress\/ -->\n<title>Moleskine Parure Smart - PERLE IN<\/title>\n<meta name=\"robots\" content=\"noindex, follow, max-snippet:-1, max-image-preview:large, max-video-preview:-1\" \/>\n<meta property=\"og:locale\" content=\"en_US\" \/>\n<meta property=\"og:type\" content=\"article\" \/>\n<meta property=\"og:title\" content=\"Moleskine Parure Smart - PERLE IN\" \/>\n<meta property=\"og:description\" content=\"Le set d&#039;\u00e9criture Moleskine Smart contient le best-seller du carnet classique Moleskine (grands carreaux), un stylo Smart, un chargeur magn\u00e9tique et une recharge. Moleskine reconna\u00eet que dans notre vie quotidienne, nous utilisons instinctivement une combinaison d&#039;outils analogiques et num\u00e9riques. Le kit d&#039;\u00e9criture offre le plaisir de l&#039;\u00e9criture manuscrite sur papier avec les avantages du num\u00e9rique, que vous vous concentriez sur la prise de notes, le croquis ou la planification. Il est livr\u00e9 avec l&#039;application conviviale Moleskine Notes App qui permet de modifier, d&#039;organiser et de partager facilement des notes \u00e0 tout moment et en tout lieu. Le stylo moderne et de forme \u00e9l\u00e9gante est livr\u00e9 avec un chargeur magn\u00e9tique cr\u00e9\u00e9 en exclusivit\u00e9, une batterie qui dure 24 heures et un grip confortable pour une \u00e9criture plus longue. Gr\u00e2ce \u00e0 des Ncodes invisibles dans chaque page, le stylo Smart peut identifier l&#039;emplacement exact dans le carnet et cr\u00e9er une version num\u00e9rique identique de vos notes \u00e0 l&#039;\u00e9cran, pr\u00eate \u00e0 \u00eatre modifi\u00e9e, d\u00e9velopp\u00e9e et partag\u00e9e num\u00e9riquement.\" \/>\n<meta property=\"og:url\" content=\"https:\/\/perle-in.com\/en\/product\/moleskine-parure-smart\/\" \/>\n<meta property=\"og:site_name\" content=\"PERLE IN\" \/>\n<meta property=\"article:modified_time\" content=\"2025-10-13T16:50:44+00:00\" \/>\n<meta property=\"og:image\" content=\"https:\/\/perle-in.com\/wp-content\/uploads\/2025\/10\/10733900-1.jpg\" \/>\n\t<meta property=\"og:image:width\" content=\"1600\" \/>\n\t<meta property=\"og:image:height\" content=\"1600\" \/>\n\t<meta property=\"og:image:type\" content=\"image\/jpeg\" \/>\n<meta name=\"twitter:card\" content=\"summary_large_image\" \/>\n<script type=\"application\/ld+json\" class=\"yoast-schema-graph\">{\"@context\":\"https:\\\/\\\/schema.org\",\"@graph\":[{\"@type\":\"WebPage\",\"@id\":\"https:\\\/\\\/perle-in.com\\\/produit\\\/moleskine-parure-smart\\\/\",\"url\":\"https:\\\/\\\/perle-in.com\\\/produit\\\/moleskine-parure-smart\\\/\",\"name\":\"Moleskine Parure Smart - PERLE IN\",\"isPartOf\":{\"@id\":\"https:\\\/\\\/perle-in.com\\\/#website\"},\"primaryImageOfPage\":{\"@id\":\"https:\\\/\\\/perle-in.com\\\/produit\\\/moleskine-parure-smart\\\/#primaryimage\"},\"image\":{\"@id\":\"https:\\\/\\\/perle-in.com\\\/produit\\\/moleskine-parure-smart\\\/#primaryimage\"},\"thumbnailUrl\":\"https:\\\/\\\/perle-in.com\\\/wp-content\\\/uploads\\\/2025\\\/10\\\/10733900-1.jpg\",\"datePublished\":\"2025-10-13T16:50:42+00:00\",\"dateModified\":\"2025-10-13T16:50:44+00:00\",\"breadcrumb\":{\"@id\":\"https:\\\/\\\/perle-in.com\\\/produit\\\/moleskine-parure-smart\\\/#breadcrumb\"},\"inLanguage\":\"en-CA\",\"potentialAction\":[{\"@type\":\"ReadAction\",\"target\":[\"https:\\\/\\\/perle-in.com\\\/produit\\\/moleskine-parure-smart\\\/\"]}]},{\"@type\":\"ImageObject\",\"inLanguage\":\"en-CA\",\"@id\":\"https:\\\/\\\/perle-in.com\\\/produit\\\/moleskine-parure-smart\\\/#primaryimage\",\"url\":\"https:\\\/\\\/perle-in.com\\\/wp-content\\\/uploads\\\/2025\\\/10\\\/10733900-1.jpg\",\"contentUrl\":\"https:\\\/\\\/perle-in.com\\\/wp-content\\\/uploads\\\/2025\\\/10\\\/10733900-1.jpg\",\"width\":1600,\"height\":1600},{\"@type\":\"BreadcrumbList\",\"@id\":\"https:\\\/\\\/perle-in.com\\\/produit\\\/moleskine-parure-smart\\\/#breadcrumb\",\"itemListElement\":[{\"@type\":\"ListItem\",\"position\":1,\"name\":\"Accueil\",\"item\":\"https:\\\/\\\/perle-in.com\\\/\"},{\"@type\":\"ListItem\",\"position\":2,\"name\":\"Boutique\",\"item\":\"https:\\\/\\\/perle-in.com\\\/boutique\\\/\"},{\"@type\":\"ListItem\",\"position\":3,\"name\":\"Moleskine Parure Smart\"}]},{\"@type\":\"WebSite\",\"@id\":\"https:\\\/\\\/perle-in.com\\\/#website\",\"url\":\"https:\\\/\\\/perle-in.com\\\/\",\"name\":\"PERLE IN\",\"description\":\"\",\"publisher\":{\"@id\":\"https:\\\/\\\/perle-in.com\\\/#organization\"},\"potentialAction\":[{\"@type\":\"SearchAction\",\"target\":{\"@type\":\"EntryPoint\",\"urlTemplate\":\"https:\\\/\\\/perle-in.com\\\/?s={search_term_string}\"},\"query-input\":{\"@type\":\"PropertyValueSpecification\",\"valueRequired\":true,\"valueName\":\"search_term_string\"}}],\"inLanguage\":\"en-CA\"},{\"@type\":\"Organization\",\"@id\":\"https:\\\/\\\/perle-in.com\\\/#organization\",\"name\":\"PERLE IN\",\"url\":\"https:\\\/\\\/perle-in.com\\\/\",\"logo\":{\"@type\":\"ImageObject\",\"inLanguage\":\"en-CA\",\"@id\":\"https:\\\/\\\/perle-in.com\\\/#\\\/schema\\\/logo\\\/image\\\/\",\"url\":\"https:\\\/\\\/perle-in.com\\\/wp-content\\\/uploads\\\/2022\\\/12\\\/LOGO-PERLE-IN-COULEUR@3x.webp\",\"contentUrl\":\"https:\\\/\\\/perle-in.com\\\/wp-content\\\/uploads\\\/2022\\\/12\\\/LOGO-PERLE-IN-COULEUR@3x.webp\",\"width\":1600,\"height\":490,\"caption\":\"PERLE IN\"},\"image\":{\"@id\":\"https:\\\/\\\/perle-in.com\\\/#\\\/schema\\\/logo\\\/image\\\/\"}}]}<\/script>\n<!-- \/ Yoast SEO plugin. -->","yoast_head_json":{"title":"Moleskine Parure Smart - PERLE IN","robots":{"index":"noindex","follow":"follow","max-snippet":"max-snippet:-1","max-image-preview":"max-image-preview:large","max-video-preview":"max-video-preview:-1"},"og_locale":"en_US","og_type":"article","og_title":"Moleskine Parure Smart - PERLE IN","og_description":"Le set d'\u00e9criture Moleskine Smart contient le best-seller du carnet classique Moleskine (grands carreaux), un stylo Smart, un chargeur magn\u00e9tique et une recharge. Moleskine reconna\u00eet que dans notre vie quotidienne, nous utilisons instinctivement une combinaison d'outils analogiques et num\u00e9riques. Le kit d'\u00e9criture offre le plaisir de l'\u00e9criture manuscrite sur papier avec les avantages du num\u00e9rique, que vous vous concentriez sur la prise de notes, le croquis ou la planification. Il est livr\u00e9 avec l'application conviviale Moleskine Notes App qui permet de modifier, d'organiser et de partager facilement des notes \u00e0 tout moment et en tout lieu. Le stylo moderne et de forme \u00e9l\u00e9gante est livr\u00e9 avec un chargeur magn\u00e9tique cr\u00e9\u00e9 en exclusivit\u00e9, une batterie qui dure 24 heures et un grip confortable pour une \u00e9criture plus longue. Gr\u00e2ce \u00e0 des Ncodes invisibles dans chaque page, le stylo Smart peut identifier l'emplacement exact dans le carnet et cr\u00e9er une version num\u00e9rique identique de vos notes \u00e0 l'\u00e9cran, pr\u00eate \u00e0 \u00eatre modifi\u00e9e, d\u00e9velopp\u00e9e et partag\u00e9e num\u00e9riquement.","og_url":"https:\/\/perle-in.com\/en\/product\/moleskine-parure-smart\/","og_site_name":"PERLE IN","article_modified_time":"2025-10-13T16:50:44+00:00","og_image":[{"width":1600,"height":1600,"url":"https:\/\/perle-in.com\/wp-content\/uploads\/2025\/10\/10733900-1.jpg","type":"image\/jpeg"}],"twitter_card":"summary_large_image","schema":{"@context":"https:\/\/schema.org","@graph":[{"@type":"WebPage","@id":"https:\/\/perle-in.com\/produit\/moleskine-parure-smart\/","url":"https:\/\/perle-in.com\/produit\/moleskine-parure-smart\/","name":"Moleskine Parure Smart - PERLE IN","isPartOf":{"@id":"https:\/\/perle-in.com\/#website"},"primaryImageOfPage":{"@id":"https:\/\/perle-in.com\/produit\/moleskine-parure-smart\/#primaryimage"},"image":{"@id":"https:\/\/perle-in.com\/produit\/moleskine-parure-smart\/#primaryimage"},"thumbnailUrl":"https:\/\/perle-in.com\/wp-content\/uploads\/2025\/10\/10733900-1.jpg","datePublished":"2025-10-13T16:50:42+00:00","dateModified":"2025-10-13T16:50:44+00:00","breadcrumb":{"@id":"https:\/\/perle-in.com\/produit\/moleskine-parure-smart\/#breadcrumb"},"inLanguage":"en-CA","potentialAction":[{"@type":"ReadAction","target":["https:\/\/perle-in.com\/produit\/moleskine-parure-smart\/"]}]},{"@type":"ImageObject","inLanguage":"en-CA","@id":"https:\/\/perle-in.com\/produit\/moleskine-parure-smart\/#primaryimage","url":"https:\/\/perle-in.com\/wp-content\/uploads\/2025\/10\/10733900-1.jpg","contentUrl":"https:\/\/perle-in.com\/wp-content\/uploads\/2025\/10\/10733900-1.jpg","width":1600,"height":1600},{"@type":"BreadcrumbList","@id":"https:\/\/perle-in.com\/produit\/moleskine-parure-smart\/#breadcrumb","itemListElement":[{"@type":"ListItem","position":1,"name":"Accueil","item":"https:\/\/perle-in.com\/"},{"@type":"ListItem","position":2,"name":"Boutique","item":"https:\/\/perle-in.com\/boutique\/"},{"@type":"ListItem","position":3,"name":"Moleskine Parure Smart"}]},{"@type":"WebSite","@id":"https:\/\/perle-in.com\/#website","url":"https:\/\/perle-in.com\/","name":"PERLE IN","description":"","publisher":{"@id":"https:\/\/perle-in.com\/#organization"},"potentialAction":[{"@type":"SearchAction","target":{"@type":"EntryPoint","urlTemplate":"https:\/\/perle-in.com\/?s={search_term_string}"},"query-input":{"@type":"PropertyValueSpecification","valueRequired":true,"valueName":"search_term_string"}}],"inLanguage":"en-CA"},{"@type":"Organization","@id":"https:\/\/perle-in.com\/#organization","name":"PERLE IN","url":"https:\/\/perle-in.com\/","logo":{"@type":"ImageObject","inLanguage":"en-CA","@id":"https:\/\/perle-in.com\/#\/schema\/logo\/image\/","url":"https:\/\/perle-in.com\/wp-content\/uploads\/2022\/12\/LOGO-PERLE-IN-COULEUR@3x.webp","contentUrl":"https:\/\/perle-in.com\/wp-content\/uploads\/2022\/12\/LOGO-PERLE-IN-COULEUR@3x.webp","width":1600,"height":490,"caption":"PERLE IN"},"image":{"@id":"https:\/\/perle-in.com\/#\/schema\/logo\/image\/"}}]}},"jetpack_sharing_enabled":true,"_links":{"self":[{"href":"https:\/\/perle-in.com\/en\/wp-json\/wp\/v2\/product\/503374","targetHints":{"allow":["GET"]}}],"collection":[{"href":"https:\/\/perle-in.com\/en\/wp-json\/wp\/v2\/product"}],"about":[{"href":"https:\/\/perle-in.com\/en\/wp-json\/wp\/v2\/types\/product"}],"version-history":[{"count":0,"href":"https:\/\/perle-in.com\/en\/wp-json\/wp\/v2\/product\/503374\/revisions"}],"wp:featuredmedia":[{"embeddable":true,"href":"https:\/\/perle-in.com\/en\/wp-json\/wp\/v2\/media\/503366"}],"wp:attachment":[{"href":"https:\/\/perle-in.com\/en\/wp-json\/wp\/v2\/media?parent=503374"}],"wp:term":[{"taxonomy":"product_brand","embeddable":true,"href":"https:\/\/perle-in.com\/en\/wp-json\/wp\/v2\/product_brand?post=503374"},{"taxonomy":"product_cat","embeddable":true,"href":"https:\/\/perle-in.com\/en\/wp-json\/wp\/v2\/product_cat?post=503374"},{"taxonomy":"product_tag","embeddable":true,"href":"https:\/\/perle-in.com\/en\/wp-json\/wp\/v2\/product_tag?post=503374"}],"curies":[{"name":"wp","href":"https:\/\/api.w.org\/{rel}","templated":true}]}}