{"id":503351,"date":"2025-10-13T18:49:05","date_gmt":"2025-10-13T16:49:05","guid":{"rendered":"https:\/\/perle-in.com\/produit\/stylo-bille-mat-jotter-xl-parker-avec-finitions-chrome-encre-bleue\/"},"modified":"2025-10-13T18:49:09","modified_gmt":"2025-10-13T16:49:09","slug":"stylo-bille-mat-jotter-xl-parker-avec-finitions-chrome-encre-bleue","status":"publish","type":"product","link":"https:\/\/perle-in.com\/en\/product\/stylo-bille-mat-jotter-xl-parker-avec-finitions-chrome-encre-bleue\/","title":{"rendered":"Stylo bille mat Jotter XL  Parker avec finitions chrome (encre bleue)"},"content":{"rendered":"","protected":false},"excerpt":{"rendered":"<p>Nous pr\u00e9sentons la collection Jotter XL, une gamme de stylos \u00e9l\u00e9gants reprenant toutes les caract\u00e9ristiques du l\u00e9gendaire Jotter, mais dans un format plus grand. La longueur et le diam\u00e8tre du stylo ont \u00e9t\u00e9 augment\u00e9s de 7\u00a0%, offrant une exp\u00e9rience d\u2019\u00e9criture agr\u00e9able pour ceux qui pr\u00e9f\u00e8rent un stylo \u00e0 bille plus grand.<\/p>","protected":false},"featured_media":503341,"template":"","meta":{"_eb_attr":""},"product_brand":[],"product_cat":[552,568],"product_tag":[1589,1588,1587,1586,1585,1584,1578,1451,561,1411,562,1412],"class_list":{"0":"post-503351","1":"product","2":"type-product","3":"status-publish","4":"has-post-thumbnail","6":"product_cat-stylos-et-ecriture","7":"product_cat-stylos-bille","8":"product_tag-color-lab","9":"product_tag-colorlab","10":"product_tag-colorlab22","11":"product_tag-colour-lab","12":"product_tag-colourlab","13":"product_tag-colourlab22","14":"product_tag-metal","15":"product_tag-parker","16":"product_tag-stylo","17":"product_tag-stylo-a-bille","18":"product_tag-stylos","19":"product_tag-stylos-a-bille","20":"pa_couleurs-bleu","21":"pa_couleurs-gris","22":"pa_couleurs-noir","23":"pa_couleurs-vert","24":"pa_green-points-1452","25":"pa_marque-parker","26":"pa_pays-d-origine-france","28":"first","29":"instock","30":"shipping-taxable","31":"purchasable","32":"product-type-variable"},"yoast_head":"<!-- This site is optimized with the Yoast SEO plugin v27.4 - https:\/\/yoast.com\/product\/yoast-seo-wordpress\/ -->\n<title>Stylo bille mat Jotter XL Parker avec finitions chrome (encre bleue) - PERLE IN<\/title>\n<meta name=\"robots\" content=\"noindex, follow, max-snippet:-1, max-image-preview:large, max-video-preview:-1\" \/>\n<meta property=\"og:locale\" content=\"en_US\" \/>\n<meta property=\"og:type\" content=\"article\" \/>\n<meta property=\"og:title\" content=\"Stylo bille mat Jotter XL Parker avec finitions chrome (encre bleue) - PERLE IN\" \/>\n<meta property=\"og:description\" content=\"Nous pr\u00e9sentons la collection Jotter XL, une gamme de stylos \u00e9l\u00e9gants reprenant toutes les caract\u00e9ristiques du l\u00e9gendaire Jotter, mais dans un format plus grand. La longueur et le diam\u00e8tre du stylo ont \u00e9t\u00e9 augment\u00e9s de 7\u00a0%, offrant une exp\u00e9rience d\u2019\u00e9criture agr\u00e9able pour ceux qui pr\u00e9f\u00e8rent un stylo \u00e0 bille plus grand.\" \/>\n<meta property=\"og:url\" content=\"https:\/\/perle-in.com\/en\/product\/stylo-bille-mat-jotter-xl-parker-avec-finitions-chrome-encre-bleue\/\" \/>\n<meta property=\"og:site_name\" content=\"PERLE IN\" \/>\n<meta property=\"article:modified_time\" content=\"2025-10-13T16:49:09+00:00\" \/>\n<meta property=\"og:image\" content=\"https:\/\/perle-in.com\/wp-content\/uploads\/2025\/10\/10732700-1.jpg\" \/>\n\t<meta property=\"og:image:width\" content=\"1600\" \/>\n\t<meta property=\"og:image:height\" content=\"1600\" \/>\n\t<meta property=\"og:image:type\" content=\"image\/jpeg\" \/>\n<meta name=\"twitter:card\" content=\"summary_large_image\" \/>\n<script type=\"application\/ld+json\" class=\"yoast-schema-graph\">{\"@context\":\"https:\\\/\\\/schema.org\",\"@graph\":[{\"@type\":\"WebPage\",\"@id\":\"https:\\\/\\\/perle-in.com\\\/produit\\\/stylo-bille-mat-jotter-xl-parker-avec-finitions-chrome-encre-bleue\\\/\",\"url\":\"https:\\\/\\\/perle-in.com\\\/produit\\\/stylo-bille-mat-jotter-xl-parker-avec-finitions-chrome-encre-bleue\\\/\",\"name\":\"Stylo bille mat Jotter XL Parker avec finitions chrome (encre bleue) - PERLE IN\",\"isPartOf\":{\"@id\":\"https:\\\/\\\/perle-in.com\\\/#website\"},\"primaryImageOfPage\":{\"@id\":\"https:\\\/\\\/perle-in.com\\\/produit\\\/stylo-bille-mat-jotter-xl-parker-avec-finitions-chrome-encre-bleue\\\/#primaryimage\"},\"image\":{\"@id\":\"https:\\\/\\\/perle-in.com\\\/produit\\\/stylo-bille-mat-jotter-xl-parker-avec-finitions-chrome-encre-bleue\\\/#primaryimage\"},\"thumbnailUrl\":\"https:\\\/\\\/perle-in.com\\\/wp-content\\\/uploads\\\/2025\\\/10\\\/10732700-1.jpg\",\"datePublished\":\"2025-10-13T16:49:05+00:00\",\"dateModified\":\"2025-10-13T16:49:09+00:00\",\"breadcrumb\":{\"@id\":\"https:\\\/\\\/perle-in.com\\\/produit\\\/stylo-bille-mat-jotter-xl-parker-avec-finitions-chrome-encre-bleue\\\/#breadcrumb\"},\"inLanguage\":\"en-CA\",\"potentialAction\":[{\"@type\":\"ReadAction\",\"target\":[\"https:\\\/\\\/perle-in.com\\\/produit\\\/stylo-bille-mat-jotter-xl-parker-avec-finitions-chrome-encre-bleue\\\/\"]}]},{\"@type\":\"ImageObject\",\"inLanguage\":\"en-CA\",\"@id\":\"https:\\\/\\\/perle-in.com\\\/produit\\\/stylo-bille-mat-jotter-xl-parker-avec-finitions-chrome-encre-bleue\\\/#primaryimage\",\"url\":\"https:\\\/\\\/perle-in.com\\\/wp-content\\\/uploads\\\/2025\\\/10\\\/10732700-1.jpg\",\"contentUrl\":\"https:\\\/\\\/perle-in.com\\\/wp-content\\\/uploads\\\/2025\\\/10\\\/10732700-1.jpg\",\"width\":1600,\"height\":1600},{\"@type\":\"BreadcrumbList\",\"@id\":\"https:\\\/\\\/perle-in.com\\\/produit\\\/stylo-bille-mat-jotter-xl-parker-avec-finitions-chrome-encre-bleue\\\/#breadcrumb\",\"itemListElement\":[{\"@type\":\"ListItem\",\"position\":1,\"name\":\"Accueil\",\"item\":\"https:\\\/\\\/perle-in.com\\\/\"},{\"@type\":\"ListItem\",\"position\":2,\"name\":\"Boutique\",\"item\":\"https:\\\/\\\/perle-in.com\\\/boutique\\\/\"},{\"@type\":\"ListItem\",\"position\":3,\"name\":\"Stylo bille mat Jotter XL Parker avec finitions chrome (encre bleue)\"}]},{\"@type\":\"WebSite\",\"@id\":\"https:\\\/\\\/perle-in.com\\\/#website\",\"url\":\"https:\\\/\\\/perle-in.com\\\/\",\"name\":\"PERLE IN\",\"description\":\"\",\"publisher\":{\"@id\":\"https:\\\/\\\/perle-in.com\\\/#organization\"},\"potentialAction\":[{\"@type\":\"SearchAction\",\"target\":{\"@type\":\"EntryPoint\",\"urlTemplate\":\"https:\\\/\\\/perle-in.com\\\/?s={search_term_string}\"},\"query-input\":{\"@type\":\"PropertyValueSpecification\",\"valueRequired\":true,\"valueName\":\"search_term_string\"}}],\"inLanguage\":\"en-CA\"},{\"@type\":\"Organization\",\"@id\":\"https:\\\/\\\/perle-in.com\\\/#organization\",\"name\":\"PERLE IN\",\"url\":\"https:\\\/\\\/perle-in.com\\\/\",\"logo\":{\"@type\":\"ImageObject\",\"inLanguage\":\"en-CA\",\"@id\":\"https:\\\/\\\/perle-in.com\\\/#\\\/schema\\\/logo\\\/image\\\/\",\"url\":\"https:\\\/\\\/perle-in.com\\\/wp-content\\\/uploads\\\/2022\\\/12\\\/LOGO-PERLE-IN-COULEUR@3x.webp\",\"contentUrl\":\"https:\\\/\\\/perle-in.com\\\/wp-content\\\/uploads\\\/2022\\\/12\\\/LOGO-PERLE-IN-COULEUR@3x.webp\",\"width\":1600,\"height\":490,\"caption\":\"PERLE IN\"},\"image\":{\"@id\":\"https:\\\/\\\/perle-in.com\\\/#\\\/schema\\\/logo\\\/image\\\/\"}}]}<\/script>\n<!-- \/ Yoast SEO plugin. -->","yoast_head_json":{"title":"Stylo bille mat Jotter XL Parker avec finitions chrome (encre bleue) - PERLE IN","robots":{"index":"noindex","follow":"follow","max-snippet":"max-snippet:-1","max-image-preview":"max-image-preview:large","max-video-preview":"max-video-preview:-1"},"og_locale":"en_US","og_type":"article","og_title":"Stylo bille mat Jotter XL Parker avec finitions chrome (encre bleue) - PERLE IN","og_description":"Nous pr\u00e9sentons la collection Jotter XL, une gamme de stylos \u00e9l\u00e9gants reprenant toutes les caract\u00e9ristiques du l\u00e9gendaire Jotter, mais dans un format plus grand. La longueur et le diam\u00e8tre du stylo ont \u00e9t\u00e9 augment\u00e9s de 7\u00a0%, offrant une exp\u00e9rience d\u2019\u00e9criture agr\u00e9able pour ceux qui pr\u00e9f\u00e8rent un stylo \u00e0 bille plus grand.","og_url":"https:\/\/perle-in.com\/en\/product\/stylo-bille-mat-jotter-xl-parker-avec-finitions-chrome-encre-bleue\/","og_site_name":"PERLE IN","article_modified_time":"2025-10-13T16:49:09+00:00","og_image":[{"width":1600,"height":1600,"url":"https:\/\/perle-in.com\/wp-content\/uploads\/2025\/10\/10732700-1.jpg","type":"image\/jpeg"}],"twitter_card":"summary_large_image","schema":{"@context":"https:\/\/schema.org","@graph":[{"@type":"WebPage","@id":"https:\/\/perle-in.com\/produit\/stylo-bille-mat-jotter-xl-parker-avec-finitions-chrome-encre-bleue\/","url":"https:\/\/perle-in.com\/produit\/stylo-bille-mat-jotter-xl-parker-avec-finitions-chrome-encre-bleue\/","name":"Stylo bille mat Jotter XL Parker avec finitions chrome (encre bleue) - PERLE IN","isPartOf":{"@id":"https:\/\/perle-in.com\/#website"},"primaryImageOfPage":{"@id":"https:\/\/perle-in.com\/produit\/stylo-bille-mat-jotter-xl-parker-avec-finitions-chrome-encre-bleue\/#primaryimage"},"image":{"@id":"https:\/\/perle-in.com\/produit\/stylo-bille-mat-jotter-xl-parker-avec-finitions-chrome-encre-bleue\/#primaryimage"},"thumbnailUrl":"https:\/\/perle-in.com\/wp-content\/uploads\/2025\/10\/10732700-1.jpg","datePublished":"2025-10-13T16:49:05+00:00","dateModified":"2025-10-13T16:49:09+00:00","breadcrumb":{"@id":"https:\/\/perle-in.com\/produit\/stylo-bille-mat-jotter-xl-parker-avec-finitions-chrome-encre-bleue\/#breadcrumb"},"inLanguage":"en-CA","potentialAction":[{"@type":"ReadAction","target":["https:\/\/perle-in.com\/produit\/stylo-bille-mat-jotter-xl-parker-avec-finitions-chrome-encre-bleue\/"]}]},{"@type":"ImageObject","inLanguage":"en-CA","@id":"https:\/\/perle-in.com\/produit\/stylo-bille-mat-jotter-xl-parker-avec-finitions-chrome-encre-bleue\/#primaryimage","url":"https:\/\/perle-in.com\/wp-content\/uploads\/2025\/10\/10732700-1.jpg","contentUrl":"https:\/\/perle-in.com\/wp-content\/uploads\/2025\/10\/10732700-1.jpg","width":1600,"height":1600},{"@type":"BreadcrumbList","@id":"https:\/\/perle-in.com\/produit\/stylo-bille-mat-jotter-xl-parker-avec-finitions-chrome-encre-bleue\/#breadcrumb","itemListElement":[{"@type":"ListItem","position":1,"name":"Accueil","item":"https:\/\/perle-in.com\/"},{"@type":"ListItem","position":2,"name":"Boutique","item":"https:\/\/perle-in.com\/boutique\/"},{"@type":"ListItem","position":3,"name":"Stylo bille mat Jotter XL Parker avec finitions chrome (encre bleue)"}]},{"@type":"WebSite","@id":"https:\/\/perle-in.com\/#website","url":"https:\/\/perle-in.com\/","name":"PERLE IN","description":"","publisher":{"@id":"https:\/\/perle-in.com\/#organization"},"potentialAction":[{"@type":"SearchAction","target":{"@type":"EntryPoint","urlTemplate":"https:\/\/perle-in.com\/?s={search_term_string}"},"query-input":{"@type":"PropertyValueSpecification","valueRequired":true,"valueName":"search_term_string"}}],"inLanguage":"en-CA"},{"@type":"Organization","@id":"https:\/\/perle-in.com\/#organization","name":"PERLE IN","url":"https:\/\/perle-in.com\/","logo":{"@type":"ImageObject","inLanguage":"en-CA","@id":"https:\/\/perle-in.com\/#\/schema\/logo\/image\/","url":"https:\/\/perle-in.com\/wp-content\/uploads\/2022\/12\/LOGO-PERLE-IN-COULEUR@3x.webp","contentUrl":"https:\/\/perle-in.com\/wp-content\/uploads\/2022\/12\/LOGO-PERLE-IN-COULEUR@3x.webp","width":1600,"height":490,"caption":"PERLE IN"},"image":{"@id":"https:\/\/perle-in.com\/#\/schema\/logo\/image\/"}}]}},"jetpack_sharing_enabled":true,"_links":{"self":[{"href":"https:\/\/perle-in.com\/en\/wp-json\/wp\/v2\/product\/503351","targetHints":{"allow":["GET"]}}],"collection":[{"href":"https:\/\/perle-in.com\/en\/wp-json\/wp\/v2\/product"}],"about":[{"href":"https:\/\/perle-in.com\/en\/wp-json\/wp\/v2\/types\/product"}],"version-history":[{"count":0,"href":"https:\/\/perle-in.com\/en\/wp-json\/wp\/v2\/product\/503351\/revisions"}],"wp:featuredmedia":[{"embeddable":true,"href":"https:\/\/perle-in.com\/en\/wp-json\/wp\/v2\/media\/503341"}],"wp:attachment":[{"href":"https:\/\/perle-in.com\/en\/wp-json\/wp\/v2\/media?parent=503351"}],"wp:term":[{"taxonomy":"product_brand","embeddable":true,"href":"https:\/\/perle-in.com\/en\/wp-json\/wp\/v2\/product_brand?post=503351"},{"taxonomy":"product_cat","embeddable":true,"href":"https:\/\/perle-in.com\/en\/wp-json\/wp\/v2\/product_cat?post=503351"},{"taxonomy":"product_tag","embeddable":true,"href":"https:\/\/perle-in.com\/en\/wp-json\/wp\/v2\/product_tag?post=503351"}],"curies":[{"name":"wp","href":"https:\/\/api.w.org\/{rel}","templated":true}]}}