{"id":503318,"date":"2025-10-13T18:46:14","date_gmt":"2025-10-13T16:46:14","guid":{"rendered":"https:\/\/perle-in.com\/produit\/stylet-stylo-bille-metallique-moneta-encre-bleue\/"},"modified":"2025-10-13T18:46:18","modified_gmt":"2025-10-13T16:46:18","slug":"stylet-stylo-bille-metallique-moneta-encre-bleue","status":"publish","type":"product","link":"https:\/\/perle-in.com\/en\/product\/stylet-stylo-bille-metallique-moneta-encre-bleue\/","title":{"rendered":"Stylet Stylo bille m\u00e9tallique Moneta (encre bleue)"},"content":{"rendered":"","protected":false},"excerpt":{"rendered":"<p>Ce stylo bille m\u00e9tallique anodis\u00e9 est dot\u00e9 d&#8217;un stylet int\u00e9gr\u00e9 sur la pointe. Ce stylo est disponible dans une grande vari\u00e9t\u00e9 de couleurs et pr\u00e9sente une finition anodis\u00e9e qui lui donne un \u00e9clat \u00e9tonnant. La gamme Moneta, vaste et populaire, est disponible dans de nombreux styles et finitions diff\u00e9rents.<\/p>","protected":false},"featured_media":503312,"template":"","meta":{"_eb_attr":""},"product_brand":[],"product_cat":[552,568],"product_tag":[563,564,561,1411,1580,562,1412,1438,1581,1437],"class_list":{"0":"post-503318","1":"product","2":"type-product","3":"status-publish","4":"has-post-thumbnail","6":"product_cat-stylos-et-ecriture","7":"product_cat-stylos-bille","8":"product_tag-parure-de-stylo","9":"product_tag-parures-de-stylo","10":"product_tag-stylo","11":"product_tag-stylo-a-bille","12":"product_tag-stylo-multifonctions","13":"product_tag-stylos","14":"product_tag-stylos-a-bille","15":"product_tag-stylos-biro","16":"product_tag-stylos-multifonctions","17":"product_tag-stylos-billes","18":"pa_couleurs-bleu-royal","19":"pa_couleurs-noir","21":"first","22":"instock","23":"shipping-taxable","24":"purchasable","25":"product-type-variable"},"yoast_head":"<!-- This site is optimized with the Yoast SEO plugin v27.4 - https:\/\/yoast.com\/product\/yoast-seo-wordpress\/ -->\n<title>Stylet Stylo bille m\u00e9tallique Moneta (encre bleue) - PERLE IN<\/title>\n<meta name=\"robots\" content=\"noindex, follow, max-snippet:-1, max-image-preview:large, max-video-preview:-1\" \/>\n<meta property=\"og:locale\" content=\"en_US\" \/>\n<meta property=\"og:type\" content=\"article\" \/>\n<meta property=\"og:title\" content=\"Stylet Stylo bille m\u00e9tallique Moneta (encre bleue) - PERLE IN\" \/>\n<meta property=\"og:description\" content=\"Ce stylo bille m\u00e9tallique anodis\u00e9 est dot\u00e9 d&#039;un stylet int\u00e9gr\u00e9 sur la pointe. Ce stylo est disponible dans une grande vari\u00e9t\u00e9 de couleurs et pr\u00e9sente une finition anodis\u00e9e qui lui donne un \u00e9clat \u00e9tonnant. La gamme Moneta, vaste et populaire, est disponible dans de nombreux styles et finitions diff\u00e9rents.\" \/>\n<meta property=\"og:url\" content=\"https:\/\/perle-in.com\/en\/product\/stylet-stylo-bille-metallique-moneta-encre-bleue\/\" \/>\n<meta property=\"og:site_name\" content=\"PERLE IN\" \/>\n<meta property=\"article:modified_time\" content=\"2025-10-13T16:46:18+00:00\" \/>\n<meta property=\"og:image\" content=\"https:\/\/perle-in.com\/wp-content\/uploads\/2025\/10\/10729800-1.jpg\" \/>\n\t<meta property=\"og:image:width\" content=\"1600\" \/>\n\t<meta property=\"og:image:height\" content=\"1600\" \/>\n\t<meta property=\"og:image:type\" content=\"image\/jpeg\" \/>\n<meta name=\"twitter:card\" content=\"summary_large_image\" \/>\n<script type=\"application\/ld+json\" class=\"yoast-schema-graph\">{\"@context\":\"https:\\\/\\\/schema.org\",\"@graph\":[{\"@type\":\"WebPage\",\"@id\":\"https:\\\/\\\/perle-in.com\\\/en\\\/product\\\/stylet-stylo-bille-metallique-moneta-encre-bleue\\\/\",\"url\":\"https:\\\/\\\/perle-in.com\\\/en\\\/product\\\/stylet-stylo-bille-metallique-moneta-encre-bleue\\\/\",\"name\":\"Stylet Stylo bille m\u00e9tallique Moneta (encre bleue) - PERLE IN\",\"isPartOf\":{\"@id\":\"https:\\\/\\\/perle-in.com\\\/#website\"},\"primaryImageOfPage\":{\"@id\":\"https:\\\/\\\/perle-in.com\\\/en\\\/product\\\/stylet-stylo-bille-metallique-moneta-encre-bleue\\\/#primaryimage\"},\"image\":{\"@id\":\"https:\\\/\\\/perle-in.com\\\/en\\\/product\\\/stylet-stylo-bille-metallique-moneta-encre-bleue\\\/#primaryimage\"},\"thumbnailUrl\":\"https:\\\/\\\/perle-in.com\\\/wp-content\\\/uploads\\\/2025\\\/10\\\/10729800-1.jpg\",\"datePublished\":\"2025-10-13T16:46:14+00:00\",\"dateModified\":\"2025-10-13T16:46:18+00:00\",\"breadcrumb\":{\"@id\":\"https:\\\/\\\/perle-in.com\\\/en\\\/product\\\/stylet-stylo-bille-metallique-moneta-encre-bleue\\\/#breadcrumb\"},\"inLanguage\":\"en-CA\",\"potentialAction\":[{\"@type\":\"ReadAction\",\"target\":[\"https:\\\/\\\/perle-in.com\\\/en\\\/product\\\/stylet-stylo-bille-metallique-moneta-encre-bleue\\\/\"]}]},{\"@type\":\"ImageObject\",\"inLanguage\":\"en-CA\",\"@id\":\"https:\\\/\\\/perle-in.com\\\/en\\\/product\\\/stylet-stylo-bille-metallique-moneta-encre-bleue\\\/#primaryimage\",\"url\":\"https:\\\/\\\/perle-in.com\\\/wp-content\\\/uploads\\\/2025\\\/10\\\/10729800-1.jpg\",\"contentUrl\":\"https:\\\/\\\/perle-in.com\\\/wp-content\\\/uploads\\\/2025\\\/10\\\/10729800-1.jpg\",\"width\":1600,\"height\":1600},{\"@type\":\"BreadcrumbList\",\"@id\":\"https:\\\/\\\/perle-in.com\\\/en\\\/product\\\/stylet-stylo-bille-metallique-moneta-encre-bleue\\\/#breadcrumb\",\"itemListElement\":[{\"@type\":\"ListItem\",\"position\":1,\"name\":\"Accueil\",\"item\":\"https:\\\/\\\/perle-in.com\\\/\"},{\"@type\":\"ListItem\",\"position\":2,\"name\":\"Boutique\",\"item\":\"https:\\\/\\\/perle-in.com\\\/boutique\\\/\"},{\"@type\":\"ListItem\",\"position\":3,\"name\":\"Stylet Stylo bille m\u00e9tallique Moneta (encre bleue)\"}]},{\"@type\":\"WebSite\",\"@id\":\"https:\\\/\\\/perle-in.com\\\/#website\",\"url\":\"https:\\\/\\\/perle-in.com\\\/\",\"name\":\"PERLE IN\",\"description\":\"\",\"publisher\":{\"@id\":\"https:\\\/\\\/perle-in.com\\\/#organization\"},\"potentialAction\":[{\"@type\":\"SearchAction\",\"target\":{\"@type\":\"EntryPoint\",\"urlTemplate\":\"https:\\\/\\\/perle-in.com\\\/?s={search_term_string}\"},\"query-input\":{\"@type\":\"PropertyValueSpecification\",\"valueRequired\":true,\"valueName\":\"search_term_string\"}}],\"inLanguage\":\"en-CA\"},{\"@type\":\"Organization\",\"@id\":\"https:\\\/\\\/perle-in.com\\\/#organization\",\"name\":\"PERLE IN\",\"url\":\"https:\\\/\\\/perle-in.com\\\/\",\"logo\":{\"@type\":\"ImageObject\",\"inLanguage\":\"en-CA\",\"@id\":\"https:\\\/\\\/perle-in.com\\\/#\\\/schema\\\/logo\\\/image\\\/\",\"url\":\"https:\\\/\\\/perle-in.com\\\/wp-content\\\/uploads\\\/2022\\\/12\\\/LOGO-PERLE-IN-COULEUR@3x.webp\",\"contentUrl\":\"https:\\\/\\\/perle-in.com\\\/wp-content\\\/uploads\\\/2022\\\/12\\\/LOGO-PERLE-IN-COULEUR@3x.webp\",\"width\":1600,\"height\":490,\"caption\":\"PERLE IN\"},\"image\":{\"@id\":\"https:\\\/\\\/perle-in.com\\\/#\\\/schema\\\/logo\\\/image\\\/\"}}]}<\/script>\n<!-- \/ Yoast SEO plugin. -->","yoast_head_json":{"title":"Stylet Stylo bille m\u00e9tallique Moneta (encre bleue) - PERLE IN","robots":{"index":"noindex","follow":"follow","max-snippet":"max-snippet:-1","max-image-preview":"max-image-preview:large","max-video-preview":"max-video-preview:-1"},"og_locale":"en_US","og_type":"article","og_title":"Stylet Stylo bille m\u00e9tallique Moneta (encre bleue) - PERLE IN","og_description":"Ce stylo bille m\u00e9tallique anodis\u00e9 est dot\u00e9 d'un stylet int\u00e9gr\u00e9 sur la pointe. Ce stylo est disponible dans une grande vari\u00e9t\u00e9 de couleurs et pr\u00e9sente une finition anodis\u00e9e qui lui donne un \u00e9clat \u00e9tonnant. La gamme Moneta, vaste et populaire, est disponible dans de nombreux styles et finitions diff\u00e9rents.","og_url":"https:\/\/perle-in.com\/en\/product\/stylet-stylo-bille-metallique-moneta-encre-bleue\/","og_site_name":"PERLE IN","article_modified_time":"2025-10-13T16:46:18+00:00","og_image":[{"width":1600,"height":1600,"url":"https:\/\/perle-in.com\/wp-content\/uploads\/2025\/10\/10729800-1.jpg","type":"image\/jpeg"}],"twitter_card":"summary_large_image","schema":{"@context":"https:\/\/schema.org","@graph":[{"@type":"WebPage","@id":"https:\/\/perle-in.com\/en\/product\/stylet-stylo-bille-metallique-moneta-encre-bleue\/","url":"https:\/\/perle-in.com\/en\/product\/stylet-stylo-bille-metallique-moneta-encre-bleue\/","name":"Stylet Stylo bille m\u00e9tallique Moneta (encre bleue) - PERLE IN","isPartOf":{"@id":"https:\/\/perle-in.com\/#website"},"primaryImageOfPage":{"@id":"https:\/\/perle-in.com\/en\/product\/stylet-stylo-bille-metallique-moneta-encre-bleue\/#primaryimage"},"image":{"@id":"https:\/\/perle-in.com\/en\/product\/stylet-stylo-bille-metallique-moneta-encre-bleue\/#primaryimage"},"thumbnailUrl":"https:\/\/perle-in.com\/wp-content\/uploads\/2025\/10\/10729800-1.jpg","datePublished":"2025-10-13T16:46:14+00:00","dateModified":"2025-10-13T16:46:18+00:00","breadcrumb":{"@id":"https:\/\/perle-in.com\/en\/product\/stylet-stylo-bille-metallique-moneta-encre-bleue\/#breadcrumb"},"inLanguage":"en-CA","potentialAction":[{"@type":"ReadAction","target":["https:\/\/perle-in.com\/en\/product\/stylet-stylo-bille-metallique-moneta-encre-bleue\/"]}]},{"@type":"ImageObject","inLanguage":"en-CA","@id":"https:\/\/perle-in.com\/en\/product\/stylet-stylo-bille-metallique-moneta-encre-bleue\/#primaryimage","url":"https:\/\/perle-in.com\/wp-content\/uploads\/2025\/10\/10729800-1.jpg","contentUrl":"https:\/\/perle-in.com\/wp-content\/uploads\/2025\/10\/10729800-1.jpg","width":1600,"height":1600},{"@type":"BreadcrumbList","@id":"https:\/\/perle-in.com\/en\/product\/stylet-stylo-bille-metallique-moneta-encre-bleue\/#breadcrumb","itemListElement":[{"@type":"ListItem","position":1,"name":"Accueil","item":"https:\/\/perle-in.com\/"},{"@type":"ListItem","position":2,"name":"Boutique","item":"https:\/\/perle-in.com\/boutique\/"},{"@type":"ListItem","position":3,"name":"Stylet Stylo bille m\u00e9tallique Moneta (encre bleue)"}]},{"@type":"WebSite","@id":"https:\/\/perle-in.com\/#website","url":"https:\/\/perle-in.com\/","name":"PERLE IN","description":"","publisher":{"@id":"https:\/\/perle-in.com\/#organization"},"potentialAction":[{"@type":"SearchAction","target":{"@type":"EntryPoint","urlTemplate":"https:\/\/perle-in.com\/?s={search_term_string}"},"query-input":{"@type":"PropertyValueSpecification","valueRequired":true,"valueName":"search_term_string"}}],"inLanguage":"en-CA"},{"@type":"Organization","@id":"https:\/\/perle-in.com\/#organization","name":"PERLE IN","url":"https:\/\/perle-in.com\/","logo":{"@type":"ImageObject","inLanguage":"en-CA","@id":"https:\/\/perle-in.com\/#\/schema\/logo\/image\/","url":"https:\/\/perle-in.com\/wp-content\/uploads\/2022\/12\/LOGO-PERLE-IN-COULEUR@3x.webp","contentUrl":"https:\/\/perle-in.com\/wp-content\/uploads\/2022\/12\/LOGO-PERLE-IN-COULEUR@3x.webp","width":1600,"height":490,"caption":"PERLE IN"},"image":{"@id":"https:\/\/perle-in.com\/#\/schema\/logo\/image\/"}}]}},"jetpack_sharing_enabled":true,"_links":{"self":[{"href":"https:\/\/perle-in.com\/en\/wp-json\/wp\/v2\/product\/503318","targetHints":{"allow":["GET"]}}],"collection":[{"href":"https:\/\/perle-in.com\/en\/wp-json\/wp\/v2\/product"}],"about":[{"href":"https:\/\/perle-in.com\/en\/wp-json\/wp\/v2\/types\/product"}],"version-history":[{"count":0,"href":"https:\/\/perle-in.com\/en\/wp-json\/wp\/v2\/product\/503318\/revisions"}],"wp:featuredmedia":[{"embeddable":true,"href":"https:\/\/perle-in.com\/en\/wp-json\/wp\/v2\/media\/503312"}],"wp:attachment":[{"href":"https:\/\/perle-in.com\/en\/wp-json\/wp\/v2\/media?parent=503318"}],"wp:term":[{"taxonomy":"product_brand","embeddable":true,"href":"https:\/\/perle-in.com\/en\/wp-json\/wp\/v2\/product_brand?post=503318"},{"taxonomy":"product_cat","embeddable":true,"href":"https:\/\/perle-in.com\/en\/wp-json\/wp\/v2\/product_cat?post=503318"},{"taxonomy":"product_tag","embeddable":true,"href":"https:\/\/perle-in.com\/en\/wp-json\/wp\/v2\/product_tag?post=503318"}],"curies":[{"name":"wp","href":"https:\/\/api.w.org\/{rel}","templated":true}]}}