{"id":503255,"date":"2025-10-13T18:40:35","date_gmt":"2025-10-13T16:40:35","guid":{"rendered":"https:\/\/perle-in.com\/produit\/journal-cahier-de-poche-ordinaire\/"},"modified":"2025-10-13T22:29:37","modified_gmt":"2025-10-13T20:29:37","slug":"journal-cahier-de-poche-ordinaire","status":"publish","type":"product","link":"https:\/\/perle-in.com\/en\/product\/journal-cahier-de-poche-ordinaire\/","title":{"rendered":"Journal Cahier de poche- ordinaire"},"content":{"rendered":"","protected":false},"excerpt":{"rendered":"<p>Avec couverture en carton aux coins arrondis. Piquage visible au dos, avec rabat pour rassembler les feuilles volantes. Contient 64 pages couleur ivoire ordinaires de 70\u00a0g\/m\u00b2. Les 16 derni\u00e8res feuilles sont d\u00e9tachables. La quantit\u00e9 unitaire est d&#8217;une pi\u00e8ce.<\/p>","protected":false},"featured_media":503251,"template":"","meta":{"_eb_attr":""},"product_brand":[],"product_cat":[1224,4196],"product_tag":[1560,1558,1559,601,599,600,592,590,1554,1561,597,598,595,596,1542,593,594,1557,1556,1553],"class_list":{"0":"post-503255","1":"product","2":"type-product","3":"status-publish","4":"has-post-thumbnail","6":"product_cat-bloc-notes-couverture-souple","7":"product_cat-blocs-notes-et-papeterie-personnalisee","8":"product_tag-blanc","9":"product_tag-blanche","10":"product_tag-blanches","11":"product_tag-bloc-note","12":"product_tag-bloc-notes","13":"product_tag-blocs-notes","14":"product_tag-carnet-de-notes","15":"product_tag-carnets-de-notes","16":"product_tag-couverture-souple","17":"product_tag-feuilles-blanches","18":"product_tag-journal","19":"product_tag-journaux","20":"product_tag-livre","21":"product_tag-livres","22":"product_tag-moleskine","23":"product_tag-note","24":"product_tag-notes","25":"product_tag-page-blanche","26":"product_tag-page-blanches","27":"product_tag-souple","28":"pa_couleurs-marron-kraft","29":"pa_green-points-1536","30":"pa_marque-moleskine","31":"pa_pays-d-origine-vietnam","33":"first","34":"outofstock","35":"sale","36":"shipping-taxable","37":"purchasable","38":"product-type-variable"},"yoast_head":"<!-- This site is optimized with the Yoast SEO plugin v27.4 - https:\/\/yoast.com\/product\/yoast-seo-wordpress\/ -->\n<title>Journal Cahier de poche- ordinaire - PERLE IN<\/title>\n<meta name=\"robots\" content=\"noindex, follow, max-snippet:-1, max-image-preview:large, max-video-preview:-1\" \/>\n<meta property=\"og:locale\" content=\"en_US\" \/>\n<meta property=\"og:type\" content=\"article\" \/>\n<meta property=\"og:title\" content=\"Journal Cahier de poche- ordinaire - PERLE IN\" \/>\n<meta property=\"og:description\" content=\"Avec couverture en carton aux coins arrondis. Piquage visible au dos, avec rabat pour rassembler les feuilles volantes. Contient 64 pages couleur ivoire ordinaires de 70\u00a0g\/m\u00b2. Les 16 derni\u00e8res feuilles sont d\u00e9tachables. La quantit\u00e9 unitaire est d&#039;une pi\u00e8ce.\" \/>\n<meta property=\"og:url\" content=\"https:\/\/perle-in.com\/en\/product\/journal-cahier-de-poche-ordinaire\/\" \/>\n<meta property=\"og:site_name\" content=\"PERLE IN\" \/>\n<meta property=\"article:modified_time\" content=\"2025-10-13T20:29:37+00:00\" \/>\n<meta property=\"og:image\" content=\"https:\/\/perle-in.com\/wp-content\/uploads\/2025\/10\/10719425-1.jpg\" \/>\n\t<meta property=\"og:image:width\" content=\"1600\" \/>\n\t<meta property=\"og:image:height\" content=\"1600\" \/>\n\t<meta property=\"og:image:type\" content=\"image\/jpeg\" \/>\n<meta name=\"twitter:card\" content=\"summary_large_image\" \/>\n<script type=\"application\/ld+json\" class=\"yoast-schema-graph\">{\"@context\":\"https:\\\/\\\/schema.org\",\"@graph\":[{\"@type\":\"WebPage\",\"@id\":\"https:\\\/\\\/perle-in.com\\\/produit\\\/journal-cahier-de-poche-ordinaire\\\/\",\"url\":\"https:\\\/\\\/perle-in.com\\\/produit\\\/journal-cahier-de-poche-ordinaire\\\/\",\"name\":\"Journal Cahier de poche- ordinaire - PERLE IN\",\"isPartOf\":{\"@id\":\"https:\\\/\\\/perle-in.com\\\/#website\"},\"primaryImageOfPage\":{\"@id\":\"https:\\\/\\\/perle-in.com\\\/produit\\\/journal-cahier-de-poche-ordinaire\\\/#primaryimage\"},\"image\":{\"@id\":\"https:\\\/\\\/perle-in.com\\\/produit\\\/journal-cahier-de-poche-ordinaire\\\/#primaryimage\"},\"thumbnailUrl\":\"https:\\\/\\\/perle-in.com\\\/wp-content\\\/uploads\\\/2025\\\/10\\\/10719425-1.jpg\",\"datePublished\":\"2025-10-13T16:40:35+00:00\",\"dateModified\":\"2025-10-13T20:29:37+00:00\",\"breadcrumb\":{\"@id\":\"https:\\\/\\\/perle-in.com\\\/produit\\\/journal-cahier-de-poche-ordinaire\\\/#breadcrumb\"},\"inLanguage\":\"en-CA\",\"potentialAction\":[{\"@type\":\"ReadAction\",\"target\":[\"https:\\\/\\\/perle-in.com\\\/produit\\\/journal-cahier-de-poche-ordinaire\\\/\"]}]},{\"@type\":\"ImageObject\",\"inLanguage\":\"en-CA\",\"@id\":\"https:\\\/\\\/perle-in.com\\\/produit\\\/journal-cahier-de-poche-ordinaire\\\/#primaryimage\",\"url\":\"https:\\\/\\\/perle-in.com\\\/wp-content\\\/uploads\\\/2025\\\/10\\\/10719425-1.jpg\",\"contentUrl\":\"https:\\\/\\\/perle-in.com\\\/wp-content\\\/uploads\\\/2025\\\/10\\\/10719425-1.jpg\",\"width\":1600,\"height\":1600},{\"@type\":\"BreadcrumbList\",\"@id\":\"https:\\\/\\\/perle-in.com\\\/produit\\\/journal-cahier-de-poche-ordinaire\\\/#breadcrumb\",\"itemListElement\":[{\"@type\":\"ListItem\",\"position\":1,\"name\":\"Accueil\",\"item\":\"https:\\\/\\\/perle-in.com\\\/\"},{\"@type\":\"ListItem\",\"position\":2,\"name\":\"Boutique\",\"item\":\"https:\\\/\\\/perle-in.com\\\/boutique\\\/\"},{\"@type\":\"ListItem\",\"position\":3,\"name\":\"Journal Cahier de poche- ordinaire\"}]},{\"@type\":\"WebSite\",\"@id\":\"https:\\\/\\\/perle-in.com\\\/#website\",\"url\":\"https:\\\/\\\/perle-in.com\\\/\",\"name\":\"PERLE IN\",\"description\":\"\",\"publisher\":{\"@id\":\"https:\\\/\\\/perle-in.com\\\/#organization\"},\"potentialAction\":[{\"@type\":\"SearchAction\",\"target\":{\"@type\":\"EntryPoint\",\"urlTemplate\":\"https:\\\/\\\/perle-in.com\\\/?s={search_term_string}\"},\"query-input\":{\"@type\":\"PropertyValueSpecification\",\"valueRequired\":true,\"valueName\":\"search_term_string\"}}],\"inLanguage\":\"en-CA\"},{\"@type\":\"Organization\",\"@id\":\"https:\\\/\\\/perle-in.com\\\/#organization\",\"name\":\"PERLE IN\",\"url\":\"https:\\\/\\\/perle-in.com\\\/\",\"logo\":{\"@type\":\"ImageObject\",\"inLanguage\":\"en-CA\",\"@id\":\"https:\\\/\\\/perle-in.com\\\/#\\\/schema\\\/logo\\\/image\\\/\",\"url\":\"https:\\\/\\\/perle-in.com\\\/wp-content\\\/uploads\\\/2022\\\/12\\\/LOGO-PERLE-IN-COULEUR@3x.webp\",\"contentUrl\":\"https:\\\/\\\/perle-in.com\\\/wp-content\\\/uploads\\\/2022\\\/12\\\/LOGO-PERLE-IN-COULEUR@3x.webp\",\"width\":1600,\"height\":490,\"caption\":\"PERLE IN\"},\"image\":{\"@id\":\"https:\\\/\\\/perle-in.com\\\/#\\\/schema\\\/logo\\\/image\\\/\"}}]}<\/script>\n<!-- \/ Yoast SEO plugin. -->","yoast_head_json":{"title":"Journal Cahier de poche- ordinaire - PERLE IN","robots":{"index":"noindex","follow":"follow","max-snippet":"max-snippet:-1","max-image-preview":"max-image-preview:large","max-video-preview":"max-video-preview:-1"},"og_locale":"en_US","og_type":"article","og_title":"Journal Cahier de poche- ordinaire - PERLE IN","og_description":"Avec couverture en carton aux coins arrondis. Piquage visible au dos, avec rabat pour rassembler les feuilles volantes. Contient 64 pages couleur ivoire ordinaires de 70\u00a0g\/m\u00b2. Les 16 derni\u00e8res feuilles sont d\u00e9tachables. La quantit\u00e9 unitaire est d'une pi\u00e8ce.","og_url":"https:\/\/perle-in.com\/en\/product\/journal-cahier-de-poche-ordinaire\/","og_site_name":"PERLE IN","article_modified_time":"2025-10-13T20:29:37+00:00","og_image":[{"width":1600,"height":1600,"url":"https:\/\/perle-in.com\/wp-content\/uploads\/2025\/10\/10719425-1.jpg","type":"image\/jpeg"}],"twitter_card":"summary_large_image","schema":{"@context":"https:\/\/schema.org","@graph":[{"@type":"WebPage","@id":"https:\/\/perle-in.com\/produit\/journal-cahier-de-poche-ordinaire\/","url":"https:\/\/perle-in.com\/produit\/journal-cahier-de-poche-ordinaire\/","name":"Journal Cahier de poche- ordinaire - PERLE IN","isPartOf":{"@id":"https:\/\/perle-in.com\/#website"},"primaryImageOfPage":{"@id":"https:\/\/perle-in.com\/produit\/journal-cahier-de-poche-ordinaire\/#primaryimage"},"image":{"@id":"https:\/\/perle-in.com\/produit\/journal-cahier-de-poche-ordinaire\/#primaryimage"},"thumbnailUrl":"https:\/\/perle-in.com\/wp-content\/uploads\/2025\/10\/10719425-1.jpg","datePublished":"2025-10-13T16:40:35+00:00","dateModified":"2025-10-13T20:29:37+00:00","breadcrumb":{"@id":"https:\/\/perle-in.com\/produit\/journal-cahier-de-poche-ordinaire\/#breadcrumb"},"inLanguage":"en-CA","potentialAction":[{"@type":"ReadAction","target":["https:\/\/perle-in.com\/produit\/journal-cahier-de-poche-ordinaire\/"]}]},{"@type":"ImageObject","inLanguage":"en-CA","@id":"https:\/\/perle-in.com\/produit\/journal-cahier-de-poche-ordinaire\/#primaryimage","url":"https:\/\/perle-in.com\/wp-content\/uploads\/2025\/10\/10719425-1.jpg","contentUrl":"https:\/\/perle-in.com\/wp-content\/uploads\/2025\/10\/10719425-1.jpg","width":1600,"height":1600},{"@type":"BreadcrumbList","@id":"https:\/\/perle-in.com\/produit\/journal-cahier-de-poche-ordinaire\/#breadcrumb","itemListElement":[{"@type":"ListItem","position":1,"name":"Accueil","item":"https:\/\/perle-in.com\/"},{"@type":"ListItem","position":2,"name":"Boutique","item":"https:\/\/perle-in.com\/boutique\/"},{"@type":"ListItem","position":3,"name":"Journal Cahier de poche- ordinaire"}]},{"@type":"WebSite","@id":"https:\/\/perle-in.com\/#website","url":"https:\/\/perle-in.com\/","name":"PERLE IN","description":"","publisher":{"@id":"https:\/\/perle-in.com\/#organization"},"potentialAction":[{"@type":"SearchAction","target":{"@type":"EntryPoint","urlTemplate":"https:\/\/perle-in.com\/?s={search_term_string}"},"query-input":{"@type":"PropertyValueSpecification","valueRequired":true,"valueName":"search_term_string"}}],"inLanguage":"en-CA"},{"@type":"Organization","@id":"https:\/\/perle-in.com\/#organization","name":"PERLE IN","url":"https:\/\/perle-in.com\/","logo":{"@type":"ImageObject","inLanguage":"en-CA","@id":"https:\/\/perle-in.com\/#\/schema\/logo\/image\/","url":"https:\/\/perle-in.com\/wp-content\/uploads\/2022\/12\/LOGO-PERLE-IN-COULEUR@3x.webp","contentUrl":"https:\/\/perle-in.com\/wp-content\/uploads\/2022\/12\/LOGO-PERLE-IN-COULEUR@3x.webp","width":1600,"height":490,"caption":"PERLE IN"},"image":{"@id":"https:\/\/perle-in.com\/#\/schema\/logo\/image\/"}}]}},"jetpack_sharing_enabled":true,"_links":{"self":[{"href":"https:\/\/perle-in.com\/en\/wp-json\/wp\/v2\/product\/503255","targetHints":{"allow":["GET"]}}],"collection":[{"href":"https:\/\/perle-in.com\/en\/wp-json\/wp\/v2\/product"}],"about":[{"href":"https:\/\/perle-in.com\/en\/wp-json\/wp\/v2\/types\/product"}],"version-history":[{"count":0,"href":"https:\/\/perle-in.com\/en\/wp-json\/wp\/v2\/product\/503255\/revisions"}],"wp:featuredmedia":[{"embeddable":true,"href":"https:\/\/perle-in.com\/en\/wp-json\/wp\/v2\/media\/503251"}],"wp:attachment":[{"href":"https:\/\/perle-in.com\/en\/wp-json\/wp\/v2\/media?parent=503255"}],"wp:term":[{"taxonomy":"product_brand","embeddable":true,"href":"https:\/\/perle-in.com\/en\/wp-json\/wp\/v2\/product_brand?post=503255"},{"taxonomy":"product_cat","embeddable":true,"href":"https:\/\/perle-in.com\/en\/wp-json\/wp\/v2\/product_cat?post=503255"},{"taxonomy":"product_tag","embeddable":true,"href":"https:\/\/perle-in.com\/en\/wp-json\/wp\/v2\/product_tag?post=503255"}],"curies":[{"name":"wp","href":"https:\/\/api.w.org\/{rel}","templated":true}]}}