{"id":503217,"date":"2025-10-13T18:35:29","date_gmt":"2025-10-13T16:35:29","guid":{"rendered":"https:\/\/perle-in.com\/produit\/carnet-classic-l-a-couverture-rigide-quadrille\/"},"modified":"2025-10-13T18:35:30","modified_gmt":"2025-10-13T16:35:30","slug":"carnet-classic-l-a-couverture-rigide-quadrille","status":"publish","type":"product","link":"https:\/\/perle-in.com\/en\/product\/carnet-classic-l-a-couverture-rigide-quadrille\/","title":{"rendered":"Carnet Classic L \u00e0 couverture rigide &#8211; quadrill\u00e9"},"content":{"rendered":"","protected":false},"excerpt":{"rendered":"<p>Carnet Classic Moleskine format large dot\u00e9 d&#8217;une couverture rigide noire, disponible dans une gamme de couleurs \u00e9clatantes et \u00e9l\u00e9gantes. Avec coins arrondis, fermeture \u00e9lastique et ruban marque-page. Poche extensible en carton et tissu \u00e0 l\u2019int\u00e9rieur de la quatri\u00e8me de couverture. Contient 240 pages quadrill\u00e9es couleur ivoire.<\/p>","protected":false},"featured_media":503211,"template":"","meta":{"_eb_attr":""},"product_brand":[],"product_cat":[587,4196],"product_tag":[601,599,600,592,590,1547,1564,597,598,595,596,1542,593,594,1562,1563,1546],"class_list":{"0":"post-503217","1":"product","2":"type-product","3":"status-publish","4":"has-post-thumbnail","6":"product_cat-bloc-notes-couverture-rigide","7":"product_cat-blocs-notes-et-papeterie-personnalisee","8":"product_tag-bloc-note","9":"product_tag-bloc-notes","10":"product_tag-blocs-notes","11":"product_tag-carnet-de-notes","12":"product_tag-carnets-de-notes","13":"product_tag-couverture-rigide","14":"product_tag-feuilles-quadrillees","15":"product_tag-journal","16":"product_tag-journaux","17":"product_tag-livre","18":"product_tag-livres","19":"product_tag-moleskine","20":"product_tag-note","21":"product_tag-notes","22":"product_tag-page-quadrille","23":"product_tag-quadrille","24":"product_tag-rigide","25":"pa_couleurs-noir","26":"pa_marque-moleskine","28":"first","29":"instock","30":"shipping-taxable","31":"purchasable","32":"product-type-variable"},"yoast_head":"<!-- This site is optimized with the Yoast SEO plugin v27.4 - https:\/\/yoast.com\/product\/yoast-seo-wordpress\/ -->\n<title>Carnet Classic L \u00e0 couverture rigide - quadrill\u00e9 - PERLE IN<\/title>\n<meta name=\"robots\" content=\"noindex, follow, max-snippet:-1, max-image-preview:large, max-video-preview:-1\" \/>\n<meta property=\"og:locale\" content=\"en_US\" \/>\n<meta property=\"og:type\" content=\"article\" \/>\n<meta property=\"og:title\" content=\"Carnet Classic L \u00e0 couverture rigide - quadrill\u00e9 - PERLE IN\" \/>\n<meta property=\"og:description\" content=\"Carnet Classic Moleskine format large dot\u00e9 d&#039;une couverture rigide noire, disponible dans une gamme de couleurs \u00e9clatantes et \u00e9l\u00e9gantes. Avec coins arrondis, fermeture \u00e9lastique et ruban marque-page. Poche extensible en carton et tissu \u00e0 l\u2019int\u00e9rieur de la quatri\u00e8me de couverture. Contient 240 pages quadrill\u00e9es couleur ivoire.\" \/>\n<meta property=\"og:url\" content=\"https:\/\/perle-in.com\/en\/product\/carnet-classic-l-a-couverture-rigide-quadrille\/\" \/>\n<meta property=\"og:site_name\" content=\"PERLE IN\" \/>\n<meta property=\"article:modified_time\" content=\"2025-10-13T16:35:30+00:00\" \/>\n<meta property=\"og:image\" content=\"https:\/\/perle-in.com\/wp-content\/uploads\/2025\/10\/10716900-1.jpg\" \/>\n\t<meta property=\"og:image:width\" content=\"1600\" \/>\n\t<meta property=\"og:image:height\" content=\"1600\" \/>\n\t<meta property=\"og:image:type\" content=\"image\/jpeg\" \/>\n<meta name=\"twitter:card\" content=\"summary_large_image\" \/>\n<script type=\"application\/ld+json\" class=\"yoast-schema-graph\">{\"@context\":\"https:\\\/\\\/schema.org\",\"@graph\":[{\"@type\":\"WebPage\",\"@id\":\"https:\\\/\\\/perle-in.com\\\/produit\\\/carnet-classic-l-a-couverture-rigide-quadrille\\\/\",\"url\":\"https:\\\/\\\/perle-in.com\\\/produit\\\/carnet-classic-l-a-couverture-rigide-quadrille\\\/\",\"name\":\"Carnet Classic L \u00e0 couverture rigide - quadrill\u00e9 - PERLE IN\",\"isPartOf\":{\"@id\":\"https:\\\/\\\/perle-in.com\\\/#website\"},\"primaryImageOfPage\":{\"@id\":\"https:\\\/\\\/perle-in.com\\\/produit\\\/carnet-classic-l-a-couverture-rigide-quadrille\\\/#primaryimage\"},\"image\":{\"@id\":\"https:\\\/\\\/perle-in.com\\\/produit\\\/carnet-classic-l-a-couverture-rigide-quadrille\\\/#primaryimage\"},\"thumbnailUrl\":\"https:\\\/\\\/perle-in.com\\\/wp-content\\\/uploads\\\/2025\\\/10\\\/10716900-1.jpg\",\"datePublished\":\"2025-10-13T16:35:29+00:00\",\"dateModified\":\"2025-10-13T16:35:30+00:00\",\"breadcrumb\":{\"@id\":\"https:\\\/\\\/perle-in.com\\\/produit\\\/carnet-classic-l-a-couverture-rigide-quadrille\\\/#breadcrumb\"},\"inLanguage\":\"en-CA\",\"potentialAction\":[{\"@type\":\"ReadAction\",\"target\":[\"https:\\\/\\\/perle-in.com\\\/produit\\\/carnet-classic-l-a-couverture-rigide-quadrille\\\/\"]}]},{\"@type\":\"ImageObject\",\"inLanguage\":\"en-CA\",\"@id\":\"https:\\\/\\\/perle-in.com\\\/produit\\\/carnet-classic-l-a-couverture-rigide-quadrille\\\/#primaryimage\",\"url\":\"https:\\\/\\\/perle-in.com\\\/wp-content\\\/uploads\\\/2025\\\/10\\\/10716900-1.jpg\",\"contentUrl\":\"https:\\\/\\\/perle-in.com\\\/wp-content\\\/uploads\\\/2025\\\/10\\\/10716900-1.jpg\",\"width\":1600,\"height\":1600},{\"@type\":\"BreadcrumbList\",\"@id\":\"https:\\\/\\\/perle-in.com\\\/produit\\\/carnet-classic-l-a-couverture-rigide-quadrille\\\/#breadcrumb\",\"itemListElement\":[{\"@type\":\"ListItem\",\"position\":1,\"name\":\"Accueil\",\"item\":\"https:\\\/\\\/perle-in.com\\\/\"},{\"@type\":\"ListItem\",\"position\":2,\"name\":\"Boutique\",\"item\":\"https:\\\/\\\/perle-in.com\\\/boutique\\\/\"},{\"@type\":\"ListItem\",\"position\":3,\"name\":\"Carnet Classic L \u00e0 couverture rigide &#8211; quadrill\u00e9\"}]},{\"@type\":\"WebSite\",\"@id\":\"https:\\\/\\\/perle-in.com\\\/#website\",\"url\":\"https:\\\/\\\/perle-in.com\\\/\",\"name\":\"PERLE IN\",\"description\":\"\",\"publisher\":{\"@id\":\"https:\\\/\\\/perle-in.com\\\/#organization\"},\"potentialAction\":[{\"@type\":\"SearchAction\",\"target\":{\"@type\":\"EntryPoint\",\"urlTemplate\":\"https:\\\/\\\/perle-in.com\\\/?s={search_term_string}\"},\"query-input\":{\"@type\":\"PropertyValueSpecification\",\"valueRequired\":true,\"valueName\":\"search_term_string\"}}],\"inLanguage\":\"en-CA\"},{\"@type\":\"Organization\",\"@id\":\"https:\\\/\\\/perle-in.com\\\/#organization\",\"name\":\"PERLE IN\",\"url\":\"https:\\\/\\\/perle-in.com\\\/\",\"logo\":{\"@type\":\"ImageObject\",\"inLanguage\":\"en-CA\",\"@id\":\"https:\\\/\\\/perle-in.com\\\/#\\\/schema\\\/logo\\\/image\\\/\",\"url\":\"https:\\\/\\\/perle-in.com\\\/wp-content\\\/uploads\\\/2022\\\/12\\\/LOGO-PERLE-IN-COULEUR@3x.webp\",\"contentUrl\":\"https:\\\/\\\/perle-in.com\\\/wp-content\\\/uploads\\\/2022\\\/12\\\/LOGO-PERLE-IN-COULEUR@3x.webp\",\"width\":1600,\"height\":490,\"caption\":\"PERLE IN\"},\"image\":{\"@id\":\"https:\\\/\\\/perle-in.com\\\/#\\\/schema\\\/logo\\\/image\\\/\"}}]}<\/script>\n<!-- \/ Yoast SEO plugin. -->","yoast_head_json":{"title":"Carnet Classic L \u00e0 couverture rigide - quadrill\u00e9 - PERLE IN","robots":{"index":"noindex","follow":"follow","max-snippet":"max-snippet:-1","max-image-preview":"max-image-preview:large","max-video-preview":"max-video-preview:-1"},"og_locale":"en_US","og_type":"article","og_title":"Carnet Classic L \u00e0 couverture rigide - quadrill\u00e9 - PERLE IN","og_description":"Carnet Classic Moleskine format large dot\u00e9 d'une couverture rigide noire, disponible dans une gamme de couleurs \u00e9clatantes et \u00e9l\u00e9gantes. Avec coins arrondis, fermeture \u00e9lastique et ruban marque-page. Poche extensible en carton et tissu \u00e0 l\u2019int\u00e9rieur de la quatri\u00e8me de couverture. Contient 240 pages quadrill\u00e9es couleur ivoire.","og_url":"https:\/\/perle-in.com\/en\/product\/carnet-classic-l-a-couverture-rigide-quadrille\/","og_site_name":"PERLE IN","article_modified_time":"2025-10-13T16:35:30+00:00","og_image":[{"width":1600,"height":1600,"url":"https:\/\/perle-in.com\/wp-content\/uploads\/2025\/10\/10716900-1.jpg","type":"image\/jpeg"}],"twitter_card":"summary_large_image","schema":{"@context":"https:\/\/schema.org","@graph":[{"@type":"WebPage","@id":"https:\/\/perle-in.com\/produit\/carnet-classic-l-a-couverture-rigide-quadrille\/","url":"https:\/\/perle-in.com\/produit\/carnet-classic-l-a-couverture-rigide-quadrille\/","name":"Carnet Classic L \u00e0 couverture rigide - quadrill\u00e9 - PERLE IN","isPartOf":{"@id":"https:\/\/perle-in.com\/#website"},"primaryImageOfPage":{"@id":"https:\/\/perle-in.com\/produit\/carnet-classic-l-a-couverture-rigide-quadrille\/#primaryimage"},"image":{"@id":"https:\/\/perle-in.com\/produit\/carnet-classic-l-a-couverture-rigide-quadrille\/#primaryimage"},"thumbnailUrl":"https:\/\/perle-in.com\/wp-content\/uploads\/2025\/10\/10716900-1.jpg","datePublished":"2025-10-13T16:35:29+00:00","dateModified":"2025-10-13T16:35:30+00:00","breadcrumb":{"@id":"https:\/\/perle-in.com\/produit\/carnet-classic-l-a-couverture-rigide-quadrille\/#breadcrumb"},"inLanguage":"en-CA","potentialAction":[{"@type":"ReadAction","target":["https:\/\/perle-in.com\/produit\/carnet-classic-l-a-couverture-rigide-quadrille\/"]}]},{"@type":"ImageObject","inLanguage":"en-CA","@id":"https:\/\/perle-in.com\/produit\/carnet-classic-l-a-couverture-rigide-quadrille\/#primaryimage","url":"https:\/\/perle-in.com\/wp-content\/uploads\/2025\/10\/10716900-1.jpg","contentUrl":"https:\/\/perle-in.com\/wp-content\/uploads\/2025\/10\/10716900-1.jpg","width":1600,"height":1600},{"@type":"BreadcrumbList","@id":"https:\/\/perle-in.com\/produit\/carnet-classic-l-a-couverture-rigide-quadrille\/#breadcrumb","itemListElement":[{"@type":"ListItem","position":1,"name":"Accueil","item":"https:\/\/perle-in.com\/"},{"@type":"ListItem","position":2,"name":"Boutique","item":"https:\/\/perle-in.com\/boutique\/"},{"@type":"ListItem","position":3,"name":"Carnet Classic L \u00e0 couverture rigide &#8211; quadrill\u00e9"}]},{"@type":"WebSite","@id":"https:\/\/perle-in.com\/#website","url":"https:\/\/perle-in.com\/","name":"PERLE IN","description":"","publisher":{"@id":"https:\/\/perle-in.com\/#organization"},"potentialAction":[{"@type":"SearchAction","target":{"@type":"EntryPoint","urlTemplate":"https:\/\/perle-in.com\/?s={search_term_string}"},"query-input":{"@type":"PropertyValueSpecification","valueRequired":true,"valueName":"search_term_string"}}],"inLanguage":"en-CA"},{"@type":"Organization","@id":"https:\/\/perle-in.com\/#organization","name":"PERLE IN","url":"https:\/\/perle-in.com\/","logo":{"@type":"ImageObject","inLanguage":"en-CA","@id":"https:\/\/perle-in.com\/#\/schema\/logo\/image\/","url":"https:\/\/perle-in.com\/wp-content\/uploads\/2022\/12\/LOGO-PERLE-IN-COULEUR@3x.webp","contentUrl":"https:\/\/perle-in.com\/wp-content\/uploads\/2022\/12\/LOGO-PERLE-IN-COULEUR@3x.webp","width":1600,"height":490,"caption":"PERLE IN"},"image":{"@id":"https:\/\/perle-in.com\/#\/schema\/logo\/image\/"}}]}},"jetpack_sharing_enabled":true,"_links":{"self":[{"href":"https:\/\/perle-in.com\/en\/wp-json\/wp\/v2\/product\/503217","targetHints":{"allow":["GET"]}}],"collection":[{"href":"https:\/\/perle-in.com\/en\/wp-json\/wp\/v2\/product"}],"about":[{"href":"https:\/\/perle-in.com\/en\/wp-json\/wp\/v2\/types\/product"}],"version-history":[{"count":0,"href":"https:\/\/perle-in.com\/en\/wp-json\/wp\/v2\/product\/503217\/revisions"}],"wp:featuredmedia":[{"embeddable":true,"href":"https:\/\/perle-in.com\/en\/wp-json\/wp\/v2\/media\/503211"}],"wp:attachment":[{"href":"https:\/\/perle-in.com\/en\/wp-json\/wp\/v2\/media?parent=503217"}],"wp:term":[{"taxonomy":"product_brand","embeddable":true,"href":"https:\/\/perle-in.com\/en\/wp-json\/wp\/v2\/product_brand?post=503217"},{"taxonomy":"product_cat","embeddable":true,"href":"https:\/\/perle-in.com\/en\/wp-json\/wp\/v2\/product_cat?post=503217"},{"taxonomy":"product_tag","embeddable":true,"href":"https:\/\/perle-in.com\/en\/wp-json\/wp\/v2\/product_tag?post=503217"}],"curies":[{"name":"wp","href":"https:\/\/api.w.org\/{rel}","templated":true}]}}