{"id":503123,"date":"2025-10-13T18:26:03","date_gmt":"2025-10-13T16:26:03","guid":{"rendered":"https:\/\/perle-in.com\/produit\/carnet-classic-xl-a-couverture-souple-ligne\/"},"modified":"2025-10-13T18:26:06","modified_gmt":"2025-10-13T16:26:06","slug":"carnet-classic-xl-a-couverture-souple-ligne","status":"publish","type":"product","link":"https:\/\/perle-in.com\/en\/product\/carnet-classic-xl-a-couverture-souple-ligne\/","title":{"rendered":"Carnet Classic XL \u00e0 couverture souple &#8211; lign\u00e9"},"content":{"rendered":"","protected":false},"excerpt":{"rendered":"<p>Le carnet Moleskine Classic XL (19\u00a0x\u00a025\u00a0cm) \u00e0 couverture souple est disponible dans une vaste gamme de couleurs \u00e9clatantes et \u00e9l\u00e9gantes. Le carnet dispose d\u2019une couverture souple en carton avec coins arrondis, papier sans acide, marque-page et fermeture \u00e9lastique. Sur la premi\u00e8re page, un message \u00ab\u00a0en cas de perte\u00a0\u00bb avec de l\u2019espace pour d\u00e9crire la r\u00e9compense de celui qui le trouvera. Attach\u00e9e \u00e0 la quatri\u00e8me de couverture, une poche int\u00e9rieure extensible d\u00e9crit l\u2019histoire du Moleskine. La poche peut \u00eatre utilis\u00e9e pour les notes et feuilles volantes. Contient 192 pages lign\u00e9es couleur ivoire.<\/p>","protected":false},"featured_media":503115,"template":"","meta":{"_eb_attr":""},"product_brand":[],"product_cat":[1224,4196],"product_tag":[1548,601,599,600,592,590,1554,597,598,1545,595,596,1542,593,594,1544,1549,1553],"class_list":{"0":"post-503123","1":"product","2":"type-product","3":"status-publish","4":"has-post-thumbnail","6":"product_cat-bloc-notes-couverture-souple","7":"product_cat-blocs-notes-et-papeterie-personnalisee","8":"product_tag-avec-lignes","9":"product_tag-bloc-note","10":"product_tag-bloc-notes","11":"product_tag-blocs-notes","12":"product_tag-carnet-de-notes","13":"product_tag-carnets-de-notes","14":"product_tag-couverture-souple","15":"product_tag-journal","16":"product_tag-journaux","17":"product_tag-ligne","18":"product_tag-livre","19":"product_tag-livres","20":"product_tag-moleskine","21":"product_tag-note","22":"product_tag-notes","23":"product_tag-page-ligne","24":"product_tag-papier-ligne","25":"product_tag-souple","26":"pa_couleurs-noir","27":"pa_green-points-1536","28":"pa_marque-moleskine","29":"pa_pays-d-origine-turquie","31":"first","32":"instock","33":"shipping-taxable","34":"purchasable","35":"product-type-variable"},"yoast_head":"<!-- This site is optimized with the Yoast SEO plugin v27.4 - https:\/\/yoast.com\/product\/yoast-seo-wordpress\/ -->\n<title>Carnet Classic XL \u00e0 couverture souple - lign\u00e9 - PERLE IN<\/title>\n<meta name=\"robots\" content=\"noindex, follow, max-snippet:-1, max-image-preview:large, max-video-preview:-1\" \/>\n<meta property=\"og:locale\" content=\"en_US\" \/>\n<meta property=\"og:type\" content=\"article\" \/>\n<meta property=\"og:title\" content=\"Carnet Classic XL \u00e0 couverture souple - lign\u00e9 - PERLE IN\" \/>\n<meta property=\"og:description\" content=\"Le carnet Moleskine Classic XL (19\u00a0x\u00a025\u00a0cm) \u00e0 couverture souple est disponible dans une vaste gamme de couleurs \u00e9clatantes et \u00e9l\u00e9gantes. Le carnet dispose d\u2019une couverture souple en carton avec coins arrondis, papier sans acide, marque-page et fermeture \u00e9lastique. Sur la premi\u00e8re page, un message \u00ab\u00a0en cas de perte\u00a0\u00bb avec de l\u2019espace pour d\u00e9crire la r\u00e9compense de celui qui le trouvera. Attach\u00e9e \u00e0 la quatri\u00e8me de couverture, une poche int\u00e9rieure extensible d\u00e9crit l\u2019histoire du Moleskine. La poche peut \u00eatre utilis\u00e9e pour les notes et feuilles volantes. Contient 192 pages lign\u00e9es couleur ivoire.\" \/>\n<meta property=\"og:url\" content=\"https:\/\/perle-in.com\/en\/product\/carnet-classic-xl-a-couverture-souple-ligne\/\" \/>\n<meta property=\"og:site_name\" content=\"PERLE IN\" \/>\n<meta property=\"article:modified_time\" content=\"2025-10-13T16:26:06+00:00\" \/>\n<meta property=\"og:image\" content=\"https:\/\/perle-in.com\/wp-content\/uploads\/2025\/10\/10715500-1.jpg\" \/>\n\t<meta property=\"og:image:width\" content=\"1600\" \/>\n\t<meta property=\"og:image:height\" content=\"1600\" \/>\n\t<meta property=\"og:image:type\" content=\"image\/jpeg\" \/>\n<meta name=\"twitter:card\" content=\"summary_large_image\" \/>\n<script type=\"application\/ld+json\" class=\"yoast-schema-graph\">{\"@context\":\"https:\\\/\\\/schema.org\",\"@graph\":[{\"@type\":\"WebPage\",\"@id\":\"https:\\\/\\\/perle-in.com\\\/produit\\\/carnet-classic-xl-a-couverture-souple-ligne\\\/\",\"url\":\"https:\\\/\\\/perle-in.com\\\/produit\\\/carnet-classic-xl-a-couverture-souple-ligne\\\/\",\"name\":\"Carnet Classic XL \u00e0 couverture souple - lign\u00e9 - PERLE IN\",\"isPartOf\":{\"@id\":\"https:\\\/\\\/perle-in.com\\\/#website\"},\"primaryImageOfPage\":{\"@id\":\"https:\\\/\\\/perle-in.com\\\/produit\\\/carnet-classic-xl-a-couverture-souple-ligne\\\/#primaryimage\"},\"image\":{\"@id\":\"https:\\\/\\\/perle-in.com\\\/produit\\\/carnet-classic-xl-a-couverture-souple-ligne\\\/#primaryimage\"},\"thumbnailUrl\":\"https:\\\/\\\/perle-in.com\\\/wp-content\\\/uploads\\\/2025\\\/10\\\/10715500-1.jpg\",\"datePublished\":\"2025-10-13T16:26:03+00:00\",\"dateModified\":\"2025-10-13T16:26:06+00:00\",\"breadcrumb\":{\"@id\":\"https:\\\/\\\/perle-in.com\\\/produit\\\/carnet-classic-xl-a-couverture-souple-ligne\\\/#breadcrumb\"},\"inLanguage\":\"en-CA\",\"potentialAction\":[{\"@type\":\"ReadAction\",\"target\":[\"https:\\\/\\\/perle-in.com\\\/produit\\\/carnet-classic-xl-a-couverture-souple-ligne\\\/\"]}]},{\"@type\":\"ImageObject\",\"inLanguage\":\"en-CA\",\"@id\":\"https:\\\/\\\/perle-in.com\\\/produit\\\/carnet-classic-xl-a-couverture-souple-ligne\\\/#primaryimage\",\"url\":\"https:\\\/\\\/perle-in.com\\\/wp-content\\\/uploads\\\/2025\\\/10\\\/10715500-1.jpg\",\"contentUrl\":\"https:\\\/\\\/perle-in.com\\\/wp-content\\\/uploads\\\/2025\\\/10\\\/10715500-1.jpg\",\"width\":1600,\"height\":1600},{\"@type\":\"BreadcrumbList\",\"@id\":\"https:\\\/\\\/perle-in.com\\\/produit\\\/carnet-classic-xl-a-couverture-souple-ligne\\\/#breadcrumb\",\"itemListElement\":[{\"@type\":\"ListItem\",\"position\":1,\"name\":\"Accueil\",\"item\":\"https:\\\/\\\/perle-in.com\\\/\"},{\"@type\":\"ListItem\",\"position\":2,\"name\":\"Boutique\",\"item\":\"https:\\\/\\\/perle-in.com\\\/boutique\\\/\"},{\"@type\":\"ListItem\",\"position\":3,\"name\":\"Carnet Classic XL \u00e0 couverture souple &#8211; lign\u00e9\"}]},{\"@type\":\"WebSite\",\"@id\":\"https:\\\/\\\/perle-in.com\\\/#website\",\"url\":\"https:\\\/\\\/perle-in.com\\\/\",\"name\":\"PERLE IN\",\"description\":\"\",\"publisher\":{\"@id\":\"https:\\\/\\\/perle-in.com\\\/#organization\"},\"potentialAction\":[{\"@type\":\"SearchAction\",\"target\":{\"@type\":\"EntryPoint\",\"urlTemplate\":\"https:\\\/\\\/perle-in.com\\\/?s={search_term_string}\"},\"query-input\":{\"@type\":\"PropertyValueSpecification\",\"valueRequired\":true,\"valueName\":\"search_term_string\"}}],\"inLanguage\":\"en-CA\"},{\"@type\":\"Organization\",\"@id\":\"https:\\\/\\\/perle-in.com\\\/#organization\",\"name\":\"PERLE IN\",\"url\":\"https:\\\/\\\/perle-in.com\\\/\",\"logo\":{\"@type\":\"ImageObject\",\"inLanguage\":\"en-CA\",\"@id\":\"https:\\\/\\\/perle-in.com\\\/#\\\/schema\\\/logo\\\/image\\\/\",\"url\":\"https:\\\/\\\/perle-in.com\\\/wp-content\\\/uploads\\\/2022\\\/12\\\/LOGO-PERLE-IN-COULEUR@3x.webp\",\"contentUrl\":\"https:\\\/\\\/perle-in.com\\\/wp-content\\\/uploads\\\/2022\\\/12\\\/LOGO-PERLE-IN-COULEUR@3x.webp\",\"width\":1600,\"height\":490,\"caption\":\"PERLE IN\"},\"image\":{\"@id\":\"https:\\\/\\\/perle-in.com\\\/#\\\/schema\\\/logo\\\/image\\\/\"}}]}<\/script>\n<!-- \/ Yoast SEO plugin. -->","yoast_head_json":{"title":"Carnet Classic XL \u00e0 couverture souple - lign\u00e9 - PERLE IN","robots":{"index":"noindex","follow":"follow","max-snippet":"max-snippet:-1","max-image-preview":"max-image-preview:large","max-video-preview":"max-video-preview:-1"},"og_locale":"en_US","og_type":"article","og_title":"Carnet Classic XL \u00e0 couverture souple - lign\u00e9 - PERLE IN","og_description":"Le carnet Moleskine Classic XL (19\u00a0x\u00a025\u00a0cm) \u00e0 couverture souple est disponible dans une vaste gamme de couleurs \u00e9clatantes et \u00e9l\u00e9gantes. Le carnet dispose d\u2019une couverture souple en carton avec coins arrondis, papier sans acide, marque-page et fermeture \u00e9lastique. Sur la premi\u00e8re page, un message \u00ab\u00a0en cas de perte\u00a0\u00bb avec de l\u2019espace pour d\u00e9crire la r\u00e9compense de celui qui le trouvera. Attach\u00e9e \u00e0 la quatri\u00e8me de couverture, une poche int\u00e9rieure extensible d\u00e9crit l\u2019histoire du Moleskine. La poche peut \u00eatre utilis\u00e9e pour les notes et feuilles volantes. Contient 192 pages lign\u00e9es couleur ivoire.","og_url":"https:\/\/perle-in.com\/en\/product\/carnet-classic-xl-a-couverture-souple-ligne\/","og_site_name":"PERLE IN","article_modified_time":"2025-10-13T16:26:06+00:00","og_image":[{"width":1600,"height":1600,"url":"https:\/\/perle-in.com\/wp-content\/uploads\/2025\/10\/10715500-1.jpg","type":"image\/jpeg"}],"twitter_card":"summary_large_image","schema":{"@context":"https:\/\/schema.org","@graph":[{"@type":"WebPage","@id":"https:\/\/perle-in.com\/produit\/carnet-classic-xl-a-couverture-souple-ligne\/","url":"https:\/\/perle-in.com\/produit\/carnet-classic-xl-a-couverture-souple-ligne\/","name":"Carnet Classic XL \u00e0 couverture souple - lign\u00e9 - PERLE IN","isPartOf":{"@id":"https:\/\/perle-in.com\/#website"},"primaryImageOfPage":{"@id":"https:\/\/perle-in.com\/produit\/carnet-classic-xl-a-couverture-souple-ligne\/#primaryimage"},"image":{"@id":"https:\/\/perle-in.com\/produit\/carnet-classic-xl-a-couverture-souple-ligne\/#primaryimage"},"thumbnailUrl":"https:\/\/perle-in.com\/wp-content\/uploads\/2025\/10\/10715500-1.jpg","datePublished":"2025-10-13T16:26:03+00:00","dateModified":"2025-10-13T16:26:06+00:00","breadcrumb":{"@id":"https:\/\/perle-in.com\/produit\/carnet-classic-xl-a-couverture-souple-ligne\/#breadcrumb"},"inLanguage":"en-CA","potentialAction":[{"@type":"ReadAction","target":["https:\/\/perle-in.com\/produit\/carnet-classic-xl-a-couverture-souple-ligne\/"]}]},{"@type":"ImageObject","inLanguage":"en-CA","@id":"https:\/\/perle-in.com\/produit\/carnet-classic-xl-a-couverture-souple-ligne\/#primaryimage","url":"https:\/\/perle-in.com\/wp-content\/uploads\/2025\/10\/10715500-1.jpg","contentUrl":"https:\/\/perle-in.com\/wp-content\/uploads\/2025\/10\/10715500-1.jpg","width":1600,"height":1600},{"@type":"BreadcrumbList","@id":"https:\/\/perle-in.com\/produit\/carnet-classic-xl-a-couverture-souple-ligne\/#breadcrumb","itemListElement":[{"@type":"ListItem","position":1,"name":"Accueil","item":"https:\/\/perle-in.com\/"},{"@type":"ListItem","position":2,"name":"Boutique","item":"https:\/\/perle-in.com\/boutique\/"},{"@type":"ListItem","position":3,"name":"Carnet Classic XL \u00e0 couverture souple &#8211; lign\u00e9"}]},{"@type":"WebSite","@id":"https:\/\/perle-in.com\/#website","url":"https:\/\/perle-in.com\/","name":"PERLE IN","description":"","publisher":{"@id":"https:\/\/perle-in.com\/#organization"},"potentialAction":[{"@type":"SearchAction","target":{"@type":"EntryPoint","urlTemplate":"https:\/\/perle-in.com\/?s={search_term_string}"},"query-input":{"@type":"PropertyValueSpecification","valueRequired":true,"valueName":"search_term_string"}}],"inLanguage":"en-CA"},{"@type":"Organization","@id":"https:\/\/perle-in.com\/#organization","name":"PERLE IN","url":"https:\/\/perle-in.com\/","logo":{"@type":"ImageObject","inLanguage":"en-CA","@id":"https:\/\/perle-in.com\/#\/schema\/logo\/image\/","url":"https:\/\/perle-in.com\/wp-content\/uploads\/2022\/12\/LOGO-PERLE-IN-COULEUR@3x.webp","contentUrl":"https:\/\/perle-in.com\/wp-content\/uploads\/2022\/12\/LOGO-PERLE-IN-COULEUR@3x.webp","width":1600,"height":490,"caption":"PERLE IN"},"image":{"@id":"https:\/\/perle-in.com\/#\/schema\/logo\/image\/"}}]}},"jetpack_sharing_enabled":true,"_links":{"self":[{"href":"https:\/\/perle-in.com\/en\/wp-json\/wp\/v2\/product\/503123","targetHints":{"allow":["GET"]}}],"collection":[{"href":"https:\/\/perle-in.com\/en\/wp-json\/wp\/v2\/product"}],"about":[{"href":"https:\/\/perle-in.com\/en\/wp-json\/wp\/v2\/types\/product"}],"version-history":[{"count":0,"href":"https:\/\/perle-in.com\/en\/wp-json\/wp\/v2\/product\/503123\/revisions"}],"wp:featuredmedia":[{"embeddable":true,"href":"https:\/\/perle-in.com\/en\/wp-json\/wp\/v2\/media\/503115"}],"wp:attachment":[{"href":"https:\/\/perle-in.com\/en\/wp-json\/wp\/v2\/media?parent=503123"}],"wp:term":[{"taxonomy":"product_brand","embeddable":true,"href":"https:\/\/perle-in.com\/en\/wp-json\/wp\/v2\/product_brand?post=503123"},{"taxonomy":"product_cat","embeddable":true,"href":"https:\/\/perle-in.com\/en\/wp-json\/wp\/v2\/product_cat?post=503123"},{"taxonomy":"product_tag","embeddable":true,"href":"https:\/\/perle-in.com\/en\/wp-json\/wp\/v2\/product_tag?post=503123"}],"curies":[{"name":"wp","href":"https:\/\/api.w.org\/{rel}","templated":true}]}}