{"id":502910,"date":"2025-10-13T18:03:43","date_gmt":"2025-10-13T16:03:43","guid":{"rendered":"https:\/\/perle-in.com\/produit\/carnet-a5-revello-a-couverture-souple\/"},"modified":"2025-10-13T18:03:46","modified_gmt":"2025-10-13T16:03:46","slug":"carnet-a5-revello-a-couverture-souple","status":"publish","type":"product","link":"https:\/\/perle-in.com\/en\/product\/carnet-a5-revello-a-couverture-souple\/","title":{"rendered":"Carnet A5 Revello \u00e0 couverture souple"},"content":{"rendered":"","protected":false},"excerpt":{"rendered":"<p>Cahier avec couverture souple douce au toucher (r\u00e9f\u00e9rence de taille A5) avec fermeture \u00e9lastique int\u00e9gr\u00e9e, ruban marque-pages, boucle \u00e0 stylo, pochette pour document \u00e0 l&#8217;int\u00e9rieur de la couverture arri\u00e8re et 80 feuilles (80 g\/m2) de papier lign\u00e9 cr\u00e8me. Emball\u00e9 dans une pochette noire.<\/p>","protected":false},"featured_media":502899,"template":"","meta":{"_eb_attr":""},"product_brand":[],"product_cat":[1224,4196],"product_tag":[601,599,600,1513,592,1514,590,597,598,595,596,593,594,1511,1512,1509,1510],"class_list":{"0":"post-502910","1":"product","2":"type-product","3":"status-publish","4":"has-post-thumbnail","6":"product_cat-bloc-notes-couverture-souple","7":"product_cat-blocs-notes-et-papeterie-personnalisee","8":"product_tag-bloc-note","9":"product_tag-bloc-notes","10":"product_tag-blocs-notes","11":"product_tag-carnet","12":"product_tag-carnet-de-notes","13":"product_tag-carnets","14":"product_tag-carnets-de-notes","15":"product_tag-journal","16":"product_tag-journaux","17":"product_tag-livre","18":"product_tag-livres","19":"product_tag-note","20":"product_tag-notes","21":"product_tag-set-carnet-de-notes","22":"product_tag-sets-carnet-de-notes","23":"product_tag-stylo-pour-carnet-de-notes","24":"product_tag-stylos-pour-carnet-de-notes","25":"pa_couleurs-bleu-fonce","26":"pa_couleurs-noir","27":"pa_marque-marksman","28":"pa_matiere-pu-thermo","30":"first","31":"instock","32":"shipping-taxable","33":"purchasable","34":"product-type-variable"},"yoast_head":"<!-- This site is optimized with the Yoast SEO plugin v27.4 - https:\/\/yoast.com\/product\/yoast-seo-wordpress\/ -->\n<title>Carnet A5 Revello \u00e0 couverture souple - PERLE IN<\/title>\n<meta name=\"robots\" content=\"noindex, follow, max-snippet:-1, max-image-preview:large, max-video-preview:-1\" \/>\n<meta property=\"og:locale\" content=\"en_US\" \/>\n<meta property=\"og:type\" content=\"article\" \/>\n<meta property=\"og:title\" content=\"Carnet A5 Revello \u00e0 couverture souple - PERLE IN\" \/>\n<meta property=\"og:description\" content=\"Cahier avec couverture souple douce au toucher (r\u00e9f\u00e9rence de taille A5) avec fermeture \u00e9lastique int\u00e9gr\u00e9e, ruban marque-pages, boucle \u00e0 stylo, pochette pour document \u00e0 l&#039;int\u00e9rieur de la couverture arri\u00e8re et 80 feuilles (80 g\/m2) de papier lign\u00e9 cr\u00e8me. Emball\u00e9 dans une pochette noire.\" \/>\n<meta property=\"og:url\" content=\"https:\/\/perle-in.com\/en\/product\/carnet-a5-revello-a-couverture-souple\/\" \/>\n<meta property=\"og:site_name\" content=\"PERLE IN\" \/>\n<meta property=\"article:modified_time\" content=\"2025-10-13T16:03:46+00:00\" \/>\n<meta property=\"og:image\" content=\"https:\/\/perle-in.com\/wp-content\/uploads\/2025\/10\/10707900-1.jpg\" \/>\n\t<meta property=\"og:image:width\" content=\"1600\" \/>\n\t<meta property=\"og:image:height\" content=\"1600\" \/>\n\t<meta property=\"og:image:type\" content=\"image\/jpeg\" \/>\n<meta name=\"twitter:card\" content=\"summary_large_image\" \/>\n<script type=\"application\/ld+json\" class=\"yoast-schema-graph\">{\"@context\":\"https:\\\/\\\/schema.org\",\"@graph\":[{\"@type\":\"WebPage\",\"@id\":\"https:\\\/\\\/perle-in.com\\\/produit\\\/carnet-a5-revello-a-couverture-souple\\\/\",\"url\":\"https:\\\/\\\/perle-in.com\\\/produit\\\/carnet-a5-revello-a-couverture-souple\\\/\",\"name\":\"Carnet A5 Revello \u00e0 couverture souple - PERLE IN\",\"isPartOf\":{\"@id\":\"https:\\\/\\\/perle-in.com\\\/#website\"},\"primaryImageOfPage\":{\"@id\":\"https:\\\/\\\/perle-in.com\\\/produit\\\/carnet-a5-revello-a-couverture-souple\\\/#primaryimage\"},\"image\":{\"@id\":\"https:\\\/\\\/perle-in.com\\\/produit\\\/carnet-a5-revello-a-couverture-souple\\\/#primaryimage\"},\"thumbnailUrl\":\"https:\\\/\\\/perle-in.com\\\/wp-content\\\/uploads\\\/2025\\\/10\\\/10707900-1.jpg\",\"datePublished\":\"2025-10-13T16:03:43+00:00\",\"dateModified\":\"2025-10-13T16:03:46+00:00\",\"breadcrumb\":{\"@id\":\"https:\\\/\\\/perle-in.com\\\/produit\\\/carnet-a5-revello-a-couverture-souple\\\/#breadcrumb\"},\"inLanguage\":\"en-CA\",\"potentialAction\":[{\"@type\":\"ReadAction\",\"target\":[\"https:\\\/\\\/perle-in.com\\\/produit\\\/carnet-a5-revello-a-couverture-souple\\\/\"]}]},{\"@type\":\"ImageObject\",\"inLanguage\":\"en-CA\",\"@id\":\"https:\\\/\\\/perle-in.com\\\/produit\\\/carnet-a5-revello-a-couverture-souple\\\/#primaryimage\",\"url\":\"https:\\\/\\\/perle-in.com\\\/wp-content\\\/uploads\\\/2025\\\/10\\\/10707900-1.jpg\",\"contentUrl\":\"https:\\\/\\\/perle-in.com\\\/wp-content\\\/uploads\\\/2025\\\/10\\\/10707900-1.jpg\",\"width\":1600,\"height\":1600},{\"@type\":\"BreadcrumbList\",\"@id\":\"https:\\\/\\\/perle-in.com\\\/produit\\\/carnet-a5-revello-a-couverture-souple\\\/#breadcrumb\",\"itemListElement\":[{\"@type\":\"ListItem\",\"position\":1,\"name\":\"Accueil\",\"item\":\"https:\\\/\\\/perle-in.com\\\/\"},{\"@type\":\"ListItem\",\"position\":2,\"name\":\"Boutique\",\"item\":\"https:\\\/\\\/perle-in.com\\\/boutique\\\/\"},{\"@type\":\"ListItem\",\"position\":3,\"name\":\"Carnet A5 Revello \u00e0 couverture souple\"}]},{\"@type\":\"WebSite\",\"@id\":\"https:\\\/\\\/perle-in.com\\\/#website\",\"url\":\"https:\\\/\\\/perle-in.com\\\/\",\"name\":\"PERLE IN\",\"description\":\"\",\"publisher\":{\"@id\":\"https:\\\/\\\/perle-in.com\\\/#organization\"},\"potentialAction\":[{\"@type\":\"SearchAction\",\"target\":{\"@type\":\"EntryPoint\",\"urlTemplate\":\"https:\\\/\\\/perle-in.com\\\/?s={search_term_string}\"},\"query-input\":{\"@type\":\"PropertyValueSpecification\",\"valueRequired\":true,\"valueName\":\"search_term_string\"}}],\"inLanguage\":\"en-CA\"},{\"@type\":\"Organization\",\"@id\":\"https:\\\/\\\/perle-in.com\\\/#organization\",\"name\":\"PERLE IN\",\"url\":\"https:\\\/\\\/perle-in.com\\\/\",\"logo\":{\"@type\":\"ImageObject\",\"inLanguage\":\"en-CA\",\"@id\":\"https:\\\/\\\/perle-in.com\\\/#\\\/schema\\\/logo\\\/image\\\/\",\"url\":\"https:\\\/\\\/perle-in.com\\\/wp-content\\\/uploads\\\/2022\\\/12\\\/LOGO-PERLE-IN-COULEUR@3x.webp\",\"contentUrl\":\"https:\\\/\\\/perle-in.com\\\/wp-content\\\/uploads\\\/2022\\\/12\\\/LOGO-PERLE-IN-COULEUR@3x.webp\",\"width\":1600,\"height\":490,\"caption\":\"PERLE IN\"},\"image\":{\"@id\":\"https:\\\/\\\/perle-in.com\\\/#\\\/schema\\\/logo\\\/image\\\/\"}}]}<\/script>\n<!-- \/ Yoast SEO plugin. -->","yoast_head_json":{"title":"Carnet A5 Revello \u00e0 couverture souple - PERLE IN","robots":{"index":"noindex","follow":"follow","max-snippet":"max-snippet:-1","max-image-preview":"max-image-preview:large","max-video-preview":"max-video-preview:-1"},"og_locale":"en_US","og_type":"article","og_title":"Carnet A5 Revello \u00e0 couverture souple - PERLE IN","og_description":"Cahier avec couverture souple douce au toucher (r\u00e9f\u00e9rence de taille A5) avec fermeture \u00e9lastique int\u00e9gr\u00e9e, ruban marque-pages, boucle \u00e0 stylo, pochette pour document \u00e0 l'int\u00e9rieur de la couverture arri\u00e8re et 80 feuilles (80 g\/m2) de papier lign\u00e9 cr\u00e8me. Emball\u00e9 dans une pochette noire.","og_url":"https:\/\/perle-in.com\/en\/product\/carnet-a5-revello-a-couverture-souple\/","og_site_name":"PERLE IN","article_modified_time":"2025-10-13T16:03:46+00:00","og_image":[{"width":1600,"height":1600,"url":"https:\/\/perle-in.com\/wp-content\/uploads\/2025\/10\/10707900-1.jpg","type":"image\/jpeg"}],"twitter_card":"summary_large_image","schema":{"@context":"https:\/\/schema.org","@graph":[{"@type":"WebPage","@id":"https:\/\/perle-in.com\/produit\/carnet-a5-revello-a-couverture-souple\/","url":"https:\/\/perle-in.com\/produit\/carnet-a5-revello-a-couverture-souple\/","name":"Carnet A5 Revello \u00e0 couverture souple - PERLE IN","isPartOf":{"@id":"https:\/\/perle-in.com\/#website"},"primaryImageOfPage":{"@id":"https:\/\/perle-in.com\/produit\/carnet-a5-revello-a-couverture-souple\/#primaryimage"},"image":{"@id":"https:\/\/perle-in.com\/produit\/carnet-a5-revello-a-couverture-souple\/#primaryimage"},"thumbnailUrl":"https:\/\/perle-in.com\/wp-content\/uploads\/2025\/10\/10707900-1.jpg","datePublished":"2025-10-13T16:03:43+00:00","dateModified":"2025-10-13T16:03:46+00:00","breadcrumb":{"@id":"https:\/\/perle-in.com\/produit\/carnet-a5-revello-a-couverture-souple\/#breadcrumb"},"inLanguage":"en-CA","potentialAction":[{"@type":"ReadAction","target":["https:\/\/perle-in.com\/produit\/carnet-a5-revello-a-couverture-souple\/"]}]},{"@type":"ImageObject","inLanguage":"en-CA","@id":"https:\/\/perle-in.com\/produit\/carnet-a5-revello-a-couverture-souple\/#primaryimage","url":"https:\/\/perle-in.com\/wp-content\/uploads\/2025\/10\/10707900-1.jpg","contentUrl":"https:\/\/perle-in.com\/wp-content\/uploads\/2025\/10\/10707900-1.jpg","width":1600,"height":1600},{"@type":"BreadcrumbList","@id":"https:\/\/perle-in.com\/produit\/carnet-a5-revello-a-couverture-souple\/#breadcrumb","itemListElement":[{"@type":"ListItem","position":1,"name":"Accueil","item":"https:\/\/perle-in.com\/"},{"@type":"ListItem","position":2,"name":"Boutique","item":"https:\/\/perle-in.com\/boutique\/"},{"@type":"ListItem","position":3,"name":"Carnet A5 Revello \u00e0 couverture souple"}]},{"@type":"WebSite","@id":"https:\/\/perle-in.com\/#website","url":"https:\/\/perle-in.com\/","name":"PERLE IN","description":"","publisher":{"@id":"https:\/\/perle-in.com\/#organization"},"potentialAction":[{"@type":"SearchAction","target":{"@type":"EntryPoint","urlTemplate":"https:\/\/perle-in.com\/?s={search_term_string}"},"query-input":{"@type":"PropertyValueSpecification","valueRequired":true,"valueName":"search_term_string"}}],"inLanguage":"en-CA"},{"@type":"Organization","@id":"https:\/\/perle-in.com\/#organization","name":"PERLE IN","url":"https:\/\/perle-in.com\/","logo":{"@type":"ImageObject","inLanguage":"en-CA","@id":"https:\/\/perle-in.com\/#\/schema\/logo\/image\/","url":"https:\/\/perle-in.com\/wp-content\/uploads\/2022\/12\/LOGO-PERLE-IN-COULEUR@3x.webp","contentUrl":"https:\/\/perle-in.com\/wp-content\/uploads\/2022\/12\/LOGO-PERLE-IN-COULEUR@3x.webp","width":1600,"height":490,"caption":"PERLE IN"},"image":{"@id":"https:\/\/perle-in.com\/#\/schema\/logo\/image\/"}}]}},"jetpack_sharing_enabled":true,"_links":{"self":[{"href":"https:\/\/perle-in.com\/en\/wp-json\/wp\/v2\/product\/502910","targetHints":{"allow":["GET"]}}],"collection":[{"href":"https:\/\/perle-in.com\/en\/wp-json\/wp\/v2\/product"}],"about":[{"href":"https:\/\/perle-in.com\/en\/wp-json\/wp\/v2\/types\/product"}],"version-history":[{"count":0,"href":"https:\/\/perle-in.com\/en\/wp-json\/wp\/v2\/product\/502910\/revisions"}],"wp:featuredmedia":[{"embeddable":true,"href":"https:\/\/perle-in.com\/en\/wp-json\/wp\/v2\/media\/502899"}],"wp:attachment":[{"href":"https:\/\/perle-in.com\/en\/wp-json\/wp\/v2\/media?parent=502910"}],"wp:term":[{"taxonomy":"product_brand","embeddable":true,"href":"https:\/\/perle-in.com\/en\/wp-json\/wp\/v2\/product_brand?post=502910"},{"taxonomy":"product_cat","embeddable":true,"href":"https:\/\/perle-in.com\/en\/wp-json\/wp\/v2\/product_cat?post=502910"},{"taxonomy":"product_tag","embeddable":true,"href":"https:\/\/perle-in.com\/en\/wp-json\/wp\/v2\/product_tag?post=502910"}],"curies":[{"name":"wp","href":"https:\/\/api.w.org\/{rel}","templated":true}]}}