{"id":502861,"date":"2025-10-13T18:00:19","date_gmt":"2025-10-13T16:00:19","guid":{"rendered":"https:\/\/perle-in.com\/produit\/stylo-a-bille-im-parker-encre-bleue\/"},"modified":"2025-10-13T18:00:37","modified_gmt":"2025-10-13T16:00:37","slug":"stylo-a-bille-im-parker-encre-bleue","status":"publish","type":"product","link":"https:\/\/perle-in.com\/en\/product\/stylo-a-bille-im-parker-encre-bleue\/","title":{"rendered":"Stylo \u00e0 bille IM Parker (encre bleue)"},"content":{"rendered":"","protected":false},"excerpt":{"rendered":"<p>Hautement professionnel et fiable. Un partenaire id\u00e9al avec un potentiel illimit\u00e9, le Parker IM est tout \u00e0 la fois intelligent, poli et reconnu. Avec une plume en acier inoxydable r\u00e9sistante et des finitions qui font \u00e9cho \u00e0 l\u2019h\u00e9ritage de Parker, chaque d\u00e9tail est raffin\u00e9 pour offrir une exp\u00e9rience d\u2019\u00e9criture qui est toujours fiable. Coffret cadeau Parker inclus. Livr\u00e9 avec recharge de stylo \u00e0 bille QuinkFlow brevet\u00e9. Design exclusif.<\/p>","protected":false},"featured_media":502781,"template":"","meta":{"_eb_attr":""},"product_brand":[],"product_cat":[552,568],"product_tag":[576,1420,1451,563,564,561,1411,1416,1414,1418,562,1412,1417,1415,1419],"class_list":{"0":"post-502861","1":"product","2":"type-product","3":"status-publish","4":"has-post-thumbnail","6":"product_cat-stylos-et-ecriture","7":"product_cat-stylos-bille","8":"product_tag-biro","9":"product_tag-biro-en-metal","10":"product_tag-parker","11":"product_tag-parure-de-stylo","12":"product_tag-parures-de-stylo","13":"product_tag-stylo","14":"product_tag-stylo-a-bille","15":"product_tag-stylo-a-bille-en-metal","16":"product_tag-stylo-en-metal","17":"product_tag-stylo-bille-en-metal","18":"product_tag-stylos","19":"product_tag-stylos-a-bille","20":"product_tag-stylos-a-bille-en-metal","21":"product_tag-stylos-en-metal","22":"product_tag-stylos-bille-en-metal","23":"pa_couleurs-bleu-argent","24":"pa_couleurs-brun-espresso-noir","25":"pa_couleurs-metal","26":"pa_couleurs-noir-chrome","27":"pa_couleurs-noir-dore","28":"pa_marque-parker","29":"pa_matiere-laiton","31":"first","32":"instock","33":"shipping-taxable","34":"purchasable","35":"product-type-variable"},"yoast_head":"<!-- This site is optimized with the Yoast SEO plugin v27.4 - https:\/\/yoast.com\/product\/yoast-seo-wordpress\/ -->\n<title>Stylo \u00e0 bille IM Parker (encre bleue) - PERLE IN<\/title>\n<meta name=\"robots\" content=\"noindex, follow, max-snippet:-1, max-image-preview:large, max-video-preview:-1\" \/>\n<meta property=\"og:locale\" content=\"en_US\" \/>\n<meta property=\"og:type\" content=\"article\" \/>\n<meta property=\"og:title\" content=\"Stylo \u00e0 bille IM Parker (encre bleue) - PERLE IN\" \/>\n<meta property=\"og:description\" content=\"Hautement professionnel et fiable. Un partenaire id\u00e9al avec un potentiel illimit\u00e9, le Parker IM est tout \u00e0 la fois intelligent, poli et reconnu. Avec une plume en acier inoxydable r\u00e9sistante et des finitions qui font \u00e9cho \u00e0 l\u2019h\u00e9ritage de Parker, chaque d\u00e9tail est raffin\u00e9 pour offrir une exp\u00e9rience d\u2019\u00e9criture qui est toujours fiable. Coffret cadeau Parker inclus. Livr\u00e9 avec recharge de stylo \u00e0 bille QuinkFlow brevet\u00e9. Design exclusif.\" \/>\n<meta property=\"og:url\" content=\"https:\/\/perle-in.com\/en\/product\/stylo-a-bille-im-parker-encre-bleue\/\" \/>\n<meta property=\"og:site_name\" content=\"PERLE IN\" \/>\n<meta property=\"article:modified_time\" content=\"2025-10-13T16:00:37+00:00\" \/>\n<meta property=\"og:image\" content=\"https:\/\/perle-in.com\/wp-content\/uploads\/2025\/10\/10702100-1.jpg\" \/>\n\t<meta property=\"og:image:width\" content=\"1600\" \/>\n\t<meta property=\"og:image:height\" content=\"1600\" \/>\n\t<meta property=\"og:image:type\" content=\"image\/jpeg\" \/>\n<meta name=\"twitter:card\" content=\"summary_large_image\" \/>\n<script type=\"application\/ld+json\" class=\"yoast-schema-graph\">{\"@context\":\"https:\\\/\\\/schema.org\",\"@graph\":[{\"@type\":\"WebPage\",\"@id\":\"https:\\\/\\\/perle-in.com\\\/produit\\\/stylo-a-bille-im-parker-encre-bleue\\\/\",\"url\":\"https:\\\/\\\/perle-in.com\\\/produit\\\/stylo-a-bille-im-parker-encre-bleue\\\/\",\"name\":\"Stylo \u00e0 bille IM Parker (encre bleue) - PERLE IN\",\"isPartOf\":{\"@id\":\"https:\\\/\\\/perle-in.com\\\/#website\"},\"primaryImageOfPage\":{\"@id\":\"https:\\\/\\\/perle-in.com\\\/produit\\\/stylo-a-bille-im-parker-encre-bleue\\\/#primaryimage\"},\"image\":{\"@id\":\"https:\\\/\\\/perle-in.com\\\/produit\\\/stylo-a-bille-im-parker-encre-bleue\\\/#primaryimage\"},\"thumbnailUrl\":\"https:\\\/\\\/perle-in.com\\\/wp-content\\\/uploads\\\/2025\\\/10\\\/10702100-1.jpg\",\"datePublished\":\"2025-10-13T16:00:19+00:00\",\"dateModified\":\"2025-10-13T16:00:37+00:00\",\"breadcrumb\":{\"@id\":\"https:\\\/\\\/perle-in.com\\\/produit\\\/stylo-a-bille-im-parker-encre-bleue\\\/#breadcrumb\"},\"inLanguage\":\"en-CA\",\"potentialAction\":[{\"@type\":\"ReadAction\",\"target\":[\"https:\\\/\\\/perle-in.com\\\/produit\\\/stylo-a-bille-im-parker-encre-bleue\\\/\"]}]},{\"@type\":\"ImageObject\",\"inLanguage\":\"en-CA\",\"@id\":\"https:\\\/\\\/perle-in.com\\\/produit\\\/stylo-a-bille-im-parker-encre-bleue\\\/#primaryimage\",\"url\":\"https:\\\/\\\/perle-in.com\\\/wp-content\\\/uploads\\\/2025\\\/10\\\/10702100-1.jpg\",\"contentUrl\":\"https:\\\/\\\/perle-in.com\\\/wp-content\\\/uploads\\\/2025\\\/10\\\/10702100-1.jpg\",\"width\":1600,\"height\":1600},{\"@type\":\"BreadcrumbList\",\"@id\":\"https:\\\/\\\/perle-in.com\\\/produit\\\/stylo-a-bille-im-parker-encre-bleue\\\/#breadcrumb\",\"itemListElement\":[{\"@type\":\"ListItem\",\"position\":1,\"name\":\"Accueil\",\"item\":\"https:\\\/\\\/perle-in.com\\\/\"},{\"@type\":\"ListItem\",\"position\":2,\"name\":\"Boutique\",\"item\":\"https:\\\/\\\/perle-in.com\\\/boutique\\\/\"},{\"@type\":\"ListItem\",\"position\":3,\"name\":\"Stylo \u00e0 bille IM Parker (encre bleue)\"}]},{\"@type\":\"WebSite\",\"@id\":\"https:\\\/\\\/perle-in.com\\\/#website\",\"url\":\"https:\\\/\\\/perle-in.com\\\/\",\"name\":\"PERLE IN\",\"description\":\"\",\"publisher\":{\"@id\":\"https:\\\/\\\/perle-in.com\\\/#organization\"},\"potentialAction\":[{\"@type\":\"SearchAction\",\"target\":{\"@type\":\"EntryPoint\",\"urlTemplate\":\"https:\\\/\\\/perle-in.com\\\/?s={search_term_string}\"},\"query-input\":{\"@type\":\"PropertyValueSpecification\",\"valueRequired\":true,\"valueName\":\"search_term_string\"}}],\"inLanguage\":\"en-CA\"},{\"@type\":\"Organization\",\"@id\":\"https:\\\/\\\/perle-in.com\\\/#organization\",\"name\":\"PERLE IN\",\"url\":\"https:\\\/\\\/perle-in.com\\\/\",\"logo\":{\"@type\":\"ImageObject\",\"inLanguage\":\"en-CA\",\"@id\":\"https:\\\/\\\/perle-in.com\\\/#\\\/schema\\\/logo\\\/image\\\/\",\"url\":\"https:\\\/\\\/perle-in.com\\\/wp-content\\\/uploads\\\/2022\\\/12\\\/LOGO-PERLE-IN-COULEUR@3x.webp\",\"contentUrl\":\"https:\\\/\\\/perle-in.com\\\/wp-content\\\/uploads\\\/2022\\\/12\\\/LOGO-PERLE-IN-COULEUR@3x.webp\",\"width\":1600,\"height\":490,\"caption\":\"PERLE IN\"},\"image\":{\"@id\":\"https:\\\/\\\/perle-in.com\\\/#\\\/schema\\\/logo\\\/image\\\/\"}}]}<\/script>\n<!-- \/ Yoast SEO plugin. -->","yoast_head_json":{"title":"Stylo \u00e0 bille IM Parker (encre bleue) - PERLE IN","robots":{"index":"noindex","follow":"follow","max-snippet":"max-snippet:-1","max-image-preview":"max-image-preview:large","max-video-preview":"max-video-preview:-1"},"og_locale":"en_US","og_type":"article","og_title":"Stylo \u00e0 bille IM Parker (encre bleue) - PERLE IN","og_description":"Hautement professionnel et fiable. Un partenaire id\u00e9al avec un potentiel illimit\u00e9, le Parker IM est tout \u00e0 la fois intelligent, poli et reconnu. Avec une plume en acier inoxydable r\u00e9sistante et des finitions qui font \u00e9cho \u00e0 l\u2019h\u00e9ritage de Parker, chaque d\u00e9tail est raffin\u00e9 pour offrir une exp\u00e9rience d\u2019\u00e9criture qui est toujours fiable. Coffret cadeau Parker inclus. Livr\u00e9 avec recharge de stylo \u00e0 bille QuinkFlow brevet\u00e9. Design exclusif.","og_url":"https:\/\/perle-in.com\/en\/product\/stylo-a-bille-im-parker-encre-bleue\/","og_site_name":"PERLE IN","article_modified_time":"2025-10-13T16:00:37+00:00","og_image":[{"width":1600,"height":1600,"url":"https:\/\/perle-in.com\/wp-content\/uploads\/2025\/10\/10702100-1.jpg","type":"image\/jpeg"}],"twitter_card":"summary_large_image","schema":{"@context":"https:\/\/schema.org","@graph":[{"@type":"WebPage","@id":"https:\/\/perle-in.com\/produit\/stylo-a-bille-im-parker-encre-bleue\/","url":"https:\/\/perle-in.com\/produit\/stylo-a-bille-im-parker-encre-bleue\/","name":"Stylo \u00e0 bille IM Parker (encre bleue) - PERLE IN","isPartOf":{"@id":"https:\/\/perle-in.com\/#website"},"primaryImageOfPage":{"@id":"https:\/\/perle-in.com\/produit\/stylo-a-bille-im-parker-encre-bleue\/#primaryimage"},"image":{"@id":"https:\/\/perle-in.com\/produit\/stylo-a-bille-im-parker-encre-bleue\/#primaryimage"},"thumbnailUrl":"https:\/\/perle-in.com\/wp-content\/uploads\/2025\/10\/10702100-1.jpg","datePublished":"2025-10-13T16:00:19+00:00","dateModified":"2025-10-13T16:00:37+00:00","breadcrumb":{"@id":"https:\/\/perle-in.com\/produit\/stylo-a-bille-im-parker-encre-bleue\/#breadcrumb"},"inLanguage":"en-CA","potentialAction":[{"@type":"ReadAction","target":["https:\/\/perle-in.com\/produit\/stylo-a-bille-im-parker-encre-bleue\/"]}]},{"@type":"ImageObject","inLanguage":"en-CA","@id":"https:\/\/perle-in.com\/produit\/stylo-a-bille-im-parker-encre-bleue\/#primaryimage","url":"https:\/\/perle-in.com\/wp-content\/uploads\/2025\/10\/10702100-1.jpg","contentUrl":"https:\/\/perle-in.com\/wp-content\/uploads\/2025\/10\/10702100-1.jpg","width":1600,"height":1600},{"@type":"BreadcrumbList","@id":"https:\/\/perle-in.com\/produit\/stylo-a-bille-im-parker-encre-bleue\/#breadcrumb","itemListElement":[{"@type":"ListItem","position":1,"name":"Accueil","item":"https:\/\/perle-in.com\/"},{"@type":"ListItem","position":2,"name":"Boutique","item":"https:\/\/perle-in.com\/boutique\/"},{"@type":"ListItem","position":3,"name":"Stylo \u00e0 bille IM Parker (encre bleue)"}]},{"@type":"WebSite","@id":"https:\/\/perle-in.com\/#website","url":"https:\/\/perle-in.com\/","name":"PERLE IN","description":"","publisher":{"@id":"https:\/\/perle-in.com\/#organization"},"potentialAction":[{"@type":"SearchAction","target":{"@type":"EntryPoint","urlTemplate":"https:\/\/perle-in.com\/?s={search_term_string}"},"query-input":{"@type":"PropertyValueSpecification","valueRequired":true,"valueName":"search_term_string"}}],"inLanguage":"en-CA"},{"@type":"Organization","@id":"https:\/\/perle-in.com\/#organization","name":"PERLE IN","url":"https:\/\/perle-in.com\/","logo":{"@type":"ImageObject","inLanguage":"en-CA","@id":"https:\/\/perle-in.com\/#\/schema\/logo\/image\/","url":"https:\/\/perle-in.com\/wp-content\/uploads\/2022\/12\/LOGO-PERLE-IN-COULEUR@3x.webp","contentUrl":"https:\/\/perle-in.com\/wp-content\/uploads\/2022\/12\/LOGO-PERLE-IN-COULEUR@3x.webp","width":1600,"height":490,"caption":"PERLE IN"},"image":{"@id":"https:\/\/perle-in.com\/#\/schema\/logo\/image\/"}}]}},"jetpack_sharing_enabled":true,"_links":{"self":[{"href":"https:\/\/perle-in.com\/en\/wp-json\/wp\/v2\/product\/502861","targetHints":{"allow":["GET"]}}],"collection":[{"href":"https:\/\/perle-in.com\/en\/wp-json\/wp\/v2\/product"}],"about":[{"href":"https:\/\/perle-in.com\/en\/wp-json\/wp\/v2\/types\/product"}],"version-history":[{"count":0,"href":"https:\/\/perle-in.com\/en\/wp-json\/wp\/v2\/product\/502861\/revisions"}],"wp:featuredmedia":[{"embeddable":true,"href":"https:\/\/perle-in.com\/en\/wp-json\/wp\/v2\/media\/502781"}],"wp:attachment":[{"href":"https:\/\/perle-in.com\/en\/wp-json\/wp\/v2\/media?parent=502861"}],"wp:term":[{"taxonomy":"product_brand","embeddable":true,"href":"https:\/\/perle-in.com\/en\/wp-json\/wp\/v2\/product_brand?post=502861"},{"taxonomy":"product_cat","embeddable":true,"href":"https:\/\/perle-in.com\/en\/wp-json\/wp\/v2\/product_cat?post=502861"},{"taxonomy":"product_tag","embeddable":true,"href":"https:\/\/perle-in.com\/en\/wp-json\/wp\/v2\/product_tag?post=502861"}],"curies":[{"name":"wp","href":"https:\/\/api.w.org\/{rel}","templated":true}]}}