{"id":502710,"date":"2025-10-13T17:42:24","date_gmt":"2025-10-13T15:42:24","guid":{"rendered":"https:\/\/perle-in.com\/produit\/carnet-de-notes-a5-spectrum-a-couverture-rigide\/"},"modified":"2025-10-13T17:42:53","modified_gmt":"2025-10-13T15:42:53","slug":"carnet-de-notes-a5-spectrum-a-couverture-rigide","status":"publish","type":"product","link":"https:\/\/perle-in.com\/en\/product\/carnet-de-notes-a5-spectrum-a-couverture-rigide\/","title":{"rendered":"Carnet de notes A5 Spectrum \u00e0 couverture rigide"},"content":{"rendered":"","protected":false},"excerpt":{"rendered":"<p>Le carnet Spectrum n&#8217;est pas seulement un \u00e9l\u00e9ment essentiel du bureau, mais aussi une excellente occasion de promouvoir votre marque. Le carnet avec couverture en carton poss\u00e8de une couverture rigide et 96 feuilles lign\u00e9es de 60 g\/m\u00b2, id\u00e9ales pour noter des id\u00e9es rapides ou de longues notes. Le format A5 est pratique car il se glisse facilement dans un sac.<\/p>","protected":false},"featured_media":502689,"template":"","meta":{"_eb_attr":""},"product_brand":[],"product_cat":[587,4196],"product_tag":[601,599,600,592,590,597,598,595,596,593,594],"class_list":{"0":"post-502710","1":"product","2":"type-product","3":"status-publish","4":"has-post-thumbnail","6":"product_cat-bloc-notes-couverture-rigide","7":"product_cat-blocs-notes-et-papeterie-personnalisee","8":"product_tag-bloc-note","9":"product_tag-bloc-notes","10":"product_tag-blocs-notes","11":"product_tag-carnet-de-notes","12":"product_tag-carnets-de-notes","13":"product_tag-journal","14":"product_tag-journaux","15":"product_tag-livre","16":"product_tag-livres","17":"product_tag-note","18":"product_tag-notes","19":"pa_couleurs-blanc","20":"pa_couleurs-bleu-clair","21":"pa_couleurs-bleu-royal","22":"pa_couleurs-citron-vert","23":"pa_couleurs-flocons-davoine","24":"pa_couleurs-gris","25":"pa_couleurs-jaune","26":"pa_couleurs-lilas","27":"pa_couleurs-magenta","28":"pa_couleurs-marine","29":"pa_couleurs-noir","30":"pa_couleurs-orange","31":"pa_couleurs-rouge","32":"pa_couleurs-vert-bruyere","33":"pa_green-points-1501","34":"pa_matiere-papier-certifie-fsc-plastique-pu","36":"first","37":"instock","38":"shipping-taxable","39":"purchasable","40":"product-type-variable"},"yoast_head":"<!-- This site is optimized with the Yoast SEO plugin v27.4 - https:\/\/yoast.com\/product\/yoast-seo-wordpress\/ -->\n<title>Carnet de notes A5 Spectrum \u00e0 couverture rigide - PERLE IN<\/title>\n<meta name=\"robots\" content=\"noindex, follow, max-snippet:-1, max-image-preview:large, max-video-preview:-1\" \/>\n<meta property=\"og:locale\" content=\"en_US\" \/>\n<meta property=\"og:type\" content=\"article\" \/>\n<meta property=\"og:title\" content=\"Carnet de notes A5 Spectrum \u00e0 couverture rigide - PERLE IN\" \/>\n<meta property=\"og:description\" content=\"Le carnet Spectrum n&#039;est pas seulement un \u00e9l\u00e9ment essentiel du bureau, mais aussi une excellente occasion de promouvoir votre marque. Le carnet avec couverture en carton poss\u00e8de une couverture rigide et 96 feuilles lign\u00e9es de 60 g\/m\u00b2, id\u00e9ales pour noter des id\u00e9es rapides ou de longues notes. Le format A5 est pratique car il se glisse facilement dans un sac.\" \/>\n<meta property=\"og:url\" content=\"https:\/\/perle-in.com\/en\/product\/carnet-de-notes-a5-spectrum-a-couverture-rigide\/\" \/>\n<meta property=\"og:site_name\" content=\"PERLE IN\" \/>\n<meta property=\"article:modified_time\" content=\"2025-10-13T15:42:53+00:00\" \/>\n<meta property=\"og:image\" content=\"https:\/\/perle-in.com\/wp-content\/uploads\/2025\/10\/10690400-1.jpg\" \/>\n\t<meta property=\"og:image:width\" content=\"1600\" \/>\n\t<meta property=\"og:image:height\" content=\"1600\" \/>\n\t<meta property=\"og:image:type\" content=\"image\/jpeg\" \/>\n<meta name=\"twitter:card\" content=\"summary_large_image\" \/>\n<script type=\"application\/ld+json\" class=\"yoast-schema-graph\">{\"@context\":\"https:\\\/\\\/schema.org\",\"@graph\":[{\"@type\":\"WebPage\",\"@id\":\"https:\\\/\\\/perle-in.com\\\/produit\\\/carnet-de-notes-a5-spectrum-a-couverture-rigide\\\/\",\"url\":\"https:\\\/\\\/perle-in.com\\\/produit\\\/carnet-de-notes-a5-spectrum-a-couverture-rigide\\\/\",\"name\":\"Carnet de notes A5 Spectrum \u00e0 couverture rigide - PERLE IN\",\"isPartOf\":{\"@id\":\"https:\\\/\\\/perle-in.com\\\/#website\"},\"primaryImageOfPage\":{\"@id\":\"https:\\\/\\\/perle-in.com\\\/produit\\\/carnet-de-notes-a5-spectrum-a-couverture-rigide\\\/#primaryimage\"},\"image\":{\"@id\":\"https:\\\/\\\/perle-in.com\\\/produit\\\/carnet-de-notes-a5-spectrum-a-couverture-rigide\\\/#primaryimage\"},\"thumbnailUrl\":\"https:\\\/\\\/perle-in.com\\\/wp-content\\\/uploads\\\/2025\\\/10\\\/10690400-1.jpg\",\"datePublished\":\"2025-10-13T15:42:24+00:00\",\"dateModified\":\"2025-10-13T15:42:53+00:00\",\"breadcrumb\":{\"@id\":\"https:\\\/\\\/perle-in.com\\\/produit\\\/carnet-de-notes-a5-spectrum-a-couverture-rigide\\\/#breadcrumb\"},\"inLanguage\":\"en-CA\",\"potentialAction\":[{\"@type\":\"ReadAction\",\"target\":[\"https:\\\/\\\/perle-in.com\\\/produit\\\/carnet-de-notes-a5-spectrum-a-couverture-rigide\\\/\"]}]},{\"@type\":\"ImageObject\",\"inLanguage\":\"en-CA\",\"@id\":\"https:\\\/\\\/perle-in.com\\\/produit\\\/carnet-de-notes-a5-spectrum-a-couverture-rigide\\\/#primaryimage\",\"url\":\"https:\\\/\\\/perle-in.com\\\/wp-content\\\/uploads\\\/2025\\\/10\\\/10690400-1.jpg\",\"contentUrl\":\"https:\\\/\\\/perle-in.com\\\/wp-content\\\/uploads\\\/2025\\\/10\\\/10690400-1.jpg\",\"width\":1600,\"height\":1600},{\"@type\":\"BreadcrumbList\",\"@id\":\"https:\\\/\\\/perle-in.com\\\/produit\\\/carnet-de-notes-a5-spectrum-a-couverture-rigide\\\/#breadcrumb\",\"itemListElement\":[{\"@type\":\"ListItem\",\"position\":1,\"name\":\"Accueil\",\"item\":\"https:\\\/\\\/perle-in.com\\\/\"},{\"@type\":\"ListItem\",\"position\":2,\"name\":\"Boutique\",\"item\":\"https:\\\/\\\/perle-in.com\\\/boutique\\\/\"},{\"@type\":\"ListItem\",\"position\":3,\"name\":\"Carnet de notes A5 Spectrum \u00e0 couverture rigide\"}]},{\"@type\":\"WebSite\",\"@id\":\"https:\\\/\\\/perle-in.com\\\/#website\",\"url\":\"https:\\\/\\\/perle-in.com\\\/\",\"name\":\"PERLE IN\",\"description\":\"\",\"publisher\":{\"@id\":\"https:\\\/\\\/perle-in.com\\\/#organization\"},\"potentialAction\":[{\"@type\":\"SearchAction\",\"target\":{\"@type\":\"EntryPoint\",\"urlTemplate\":\"https:\\\/\\\/perle-in.com\\\/?s={search_term_string}\"},\"query-input\":{\"@type\":\"PropertyValueSpecification\",\"valueRequired\":true,\"valueName\":\"search_term_string\"}}],\"inLanguage\":\"en-CA\"},{\"@type\":\"Organization\",\"@id\":\"https:\\\/\\\/perle-in.com\\\/#organization\",\"name\":\"PERLE IN\",\"url\":\"https:\\\/\\\/perle-in.com\\\/\",\"logo\":{\"@type\":\"ImageObject\",\"inLanguage\":\"en-CA\",\"@id\":\"https:\\\/\\\/perle-in.com\\\/#\\\/schema\\\/logo\\\/image\\\/\",\"url\":\"https:\\\/\\\/perle-in.com\\\/wp-content\\\/uploads\\\/2022\\\/12\\\/LOGO-PERLE-IN-COULEUR@3x.webp\",\"contentUrl\":\"https:\\\/\\\/perle-in.com\\\/wp-content\\\/uploads\\\/2022\\\/12\\\/LOGO-PERLE-IN-COULEUR@3x.webp\",\"width\":1600,\"height\":490,\"caption\":\"PERLE IN\"},\"image\":{\"@id\":\"https:\\\/\\\/perle-in.com\\\/#\\\/schema\\\/logo\\\/image\\\/\"}}]}<\/script>\n<!-- \/ Yoast SEO plugin. -->","yoast_head_json":{"title":"Carnet de notes A5 Spectrum \u00e0 couverture rigide - PERLE IN","robots":{"index":"noindex","follow":"follow","max-snippet":"max-snippet:-1","max-image-preview":"max-image-preview:large","max-video-preview":"max-video-preview:-1"},"og_locale":"en_US","og_type":"article","og_title":"Carnet de notes A5 Spectrum \u00e0 couverture rigide - PERLE IN","og_description":"Le carnet Spectrum n'est pas seulement un \u00e9l\u00e9ment essentiel du bureau, mais aussi une excellente occasion de promouvoir votre marque. Le carnet avec couverture en carton poss\u00e8de une couverture rigide et 96 feuilles lign\u00e9es de 60 g\/m\u00b2, id\u00e9ales pour noter des id\u00e9es rapides ou de longues notes. Le format A5 est pratique car il se glisse facilement dans un sac.","og_url":"https:\/\/perle-in.com\/en\/product\/carnet-de-notes-a5-spectrum-a-couverture-rigide\/","og_site_name":"PERLE IN","article_modified_time":"2025-10-13T15:42:53+00:00","og_image":[{"width":1600,"height":1600,"url":"https:\/\/perle-in.com\/wp-content\/uploads\/2025\/10\/10690400-1.jpg","type":"image\/jpeg"}],"twitter_card":"summary_large_image","schema":{"@context":"https:\/\/schema.org","@graph":[{"@type":"WebPage","@id":"https:\/\/perle-in.com\/produit\/carnet-de-notes-a5-spectrum-a-couverture-rigide\/","url":"https:\/\/perle-in.com\/produit\/carnet-de-notes-a5-spectrum-a-couverture-rigide\/","name":"Carnet de notes A5 Spectrum \u00e0 couverture rigide - PERLE IN","isPartOf":{"@id":"https:\/\/perle-in.com\/#website"},"primaryImageOfPage":{"@id":"https:\/\/perle-in.com\/produit\/carnet-de-notes-a5-spectrum-a-couverture-rigide\/#primaryimage"},"image":{"@id":"https:\/\/perle-in.com\/produit\/carnet-de-notes-a5-spectrum-a-couverture-rigide\/#primaryimage"},"thumbnailUrl":"https:\/\/perle-in.com\/wp-content\/uploads\/2025\/10\/10690400-1.jpg","datePublished":"2025-10-13T15:42:24+00:00","dateModified":"2025-10-13T15:42:53+00:00","breadcrumb":{"@id":"https:\/\/perle-in.com\/produit\/carnet-de-notes-a5-spectrum-a-couverture-rigide\/#breadcrumb"},"inLanguage":"en-CA","potentialAction":[{"@type":"ReadAction","target":["https:\/\/perle-in.com\/produit\/carnet-de-notes-a5-spectrum-a-couverture-rigide\/"]}]},{"@type":"ImageObject","inLanguage":"en-CA","@id":"https:\/\/perle-in.com\/produit\/carnet-de-notes-a5-spectrum-a-couverture-rigide\/#primaryimage","url":"https:\/\/perle-in.com\/wp-content\/uploads\/2025\/10\/10690400-1.jpg","contentUrl":"https:\/\/perle-in.com\/wp-content\/uploads\/2025\/10\/10690400-1.jpg","width":1600,"height":1600},{"@type":"BreadcrumbList","@id":"https:\/\/perle-in.com\/produit\/carnet-de-notes-a5-spectrum-a-couverture-rigide\/#breadcrumb","itemListElement":[{"@type":"ListItem","position":1,"name":"Accueil","item":"https:\/\/perle-in.com\/"},{"@type":"ListItem","position":2,"name":"Boutique","item":"https:\/\/perle-in.com\/boutique\/"},{"@type":"ListItem","position":3,"name":"Carnet de notes A5 Spectrum \u00e0 couverture rigide"}]},{"@type":"WebSite","@id":"https:\/\/perle-in.com\/#website","url":"https:\/\/perle-in.com\/","name":"PERLE IN","description":"","publisher":{"@id":"https:\/\/perle-in.com\/#organization"},"potentialAction":[{"@type":"SearchAction","target":{"@type":"EntryPoint","urlTemplate":"https:\/\/perle-in.com\/?s={search_term_string}"},"query-input":{"@type":"PropertyValueSpecification","valueRequired":true,"valueName":"search_term_string"}}],"inLanguage":"en-CA"},{"@type":"Organization","@id":"https:\/\/perle-in.com\/#organization","name":"PERLE IN","url":"https:\/\/perle-in.com\/","logo":{"@type":"ImageObject","inLanguage":"en-CA","@id":"https:\/\/perle-in.com\/#\/schema\/logo\/image\/","url":"https:\/\/perle-in.com\/wp-content\/uploads\/2022\/12\/LOGO-PERLE-IN-COULEUR@3x.webp","contentUrl":"https:\/\/perle-in.com\/wp-content\/uploads\/2022\/12\/LOGO-PERLE-IN-COULEUR@3x.webp","width":1600,"height":490,"caption":"PERLE IN"},"image":{"@id":"https:\/\/perle-in.com\/#\/schema\/logo\/image\/"}}]}},"jetpack_sharing_enabled":true,"_links":{"self":[{"href":"https:\/\/perle-in.com\/en\/wp-json\/wp\/v2\/product\/502710","targetHints":{"allow":["GET"]}}],"collection":[{"href":"https:\/\/perle-in.com\/en\/wp-json\/wp\/v2\/product"}],"about":[{"href":"https:\/\/perle-in.com\/en\/wp-json\/wp\/v2\/types\/product"}],"version-history":[{"count":0,"href":"https:\/\/perle-in.com\/en\/wp-json\/wp\/v2\/product\/502710\/revisions"}],"wp:featuredmedia":[{"embeddable":true,"href":"https:\/\/perle-in.com\/en\/wp-json\/wp\/v2\/media\/502689"}],"wp:attachment":[{"href":"https:\/\/perle-in.com\/en\/wp-json\/wp\/v2\/media?parent=502710"}],"wp:term":[{"taxonomy":"product_brand","embeddable":true,"href":"https:\/\/perle-in.com\/en\/wp-json\/wp\/v2\/product_brand?post=502710"},{"taxonomy":"product_cat","embeddable":true,"href":"https:\/\/perle-in.com\/en\/wp-json\/wp\/v2\/product_cat?post=502710"},{"taxonomy":"product_tag","embeddable":true,"href":"https:\/\/perle-in.com\/en\/wp-json\/wp\/v2\/product_tag?post=502710"}],"curies":[{"name":"wp","href":"https:\/\/api.w.org\/{rel}","templated":true}]}}