{"id":502643,"date":"2025-10-13T17:37:08","date_gmt":"2025-10-13T15:37:08","guid":{"rendered":"https:\/\/perle-in.com\/produit\/stylo-bille-jotter-bond-street-parker-encre-bleue\/"},"modified":"2025-10-13T17:37:12","modified_gmt":"2025-10-13T15:37:12","slug":"stylo-bille-jotter-bond-street-parker-encre-bleue","status":"publish","type":"product","link":"https:\/\/perle-in.com\/en\/product\/stylo-bille-jotter-bond-street-parker-encre-bleue\/","title":{"rendered":"Stylo bille Jotter Bond Street Parker (encre bleue)"},"content":{"rendered":"","protected":false},"excerpt":{"rendered":"<p>Jotter sait se faire remarquer. Avec son design authentique, il est la star de ces 60 derni\u00e8res ann\u00e9es. Ses couleurs attirantes et sa forme distinctive en font le mod\u00e8le le plus populaire de la marque Parker, facilement identifiable par son fameux &#8220;clic&#8221;. Sous coffret cadeau Parker. Livr\u00e9 avec sa recharge d&#8217;encre QuickFlow. Design exclusif.<\/p>","protected":false},"featured_media":502632,"template":"","meta":{"_eb_attr":""},"product_brand":[],"product_cat":[552,568],"product_tag":[576,1420,1450,1451,1498,563,564,561,1411,1416,1414,1418,562,1412,1417,1415,1419],"class_list":{"0":"post-502643","1":"product","2":"type-product","3":"status-publish","4":"has-post-thumbnail","6":"product_cat-stylos-et-ecriture","7":"product_cat-stylos-bille","8":"product_tag-biro","9":"product_tag-biro-en-metal","10":"product_tag-jotter","11":"product_tag-parker","12":"product_tag-parker-jotter","13":"product_tag-parure-de-stylo","14":"product_tag-parures-de-stylo","15":"product_tag-stylo","16":"product_tag-stylo-a-bille","17":"product_tag-stylo-a-bille-en-metal","18":"product_tag-stylo-en-metal","19":"product_tag-stylo-bille-en-metal","20":"product_tag-stylos","21":"product_tag-stylos-a-bille","22":"product_tag-stylos-a-bille-en-metal","23":"product_tag-stylos-en-metal","24":"product_tag-stylos-bille-en-metal","25":"pa_couleurs-bleu-clair-argent","26":"pa_couleurs-cuivre-argent","27":"pa_couleurs-marine-argent","28":"pa_couleurs-noir-argent","29":"pa_green-points-1452","30":"pa_marque-parker","31":"pa_pays-d-origine-france","33":"first","34":"instock","35":"shipping-taxable","36":"purchasable","37":"product-type-variable"},"yoast_head":"<!-- This site is optimized with the Yoast SEO plugin v27.4 - https:\/\/yoast.com\/product\/yoast-seo-wordpress\/ -->\n<title>Stylo bille Jotter Bond Street Parker (encre bleue) - PERLE IN<\/title>\n<meta name=\"robots\" content=\"noindex, follow, max-snippet:-1, max-image-preview:large, max-video-preview:-1\" \/>\n<meta property=\"og:locale\" content=\"en_US\" \/>\n<meta property=\"og:type\" content=\"article\" \/>\n<meta property=\"og:title\" content=\"Stylo bille Jotter Bond Street Parker (encre bleue) - PERLE IN\" \/>\n<meta property=\"og:description\" content=\"Jotter sait se faire remarquer. Avec son design authentique, il est la star de ces 60 derni\u00e8res ann\u00e9es. Ses couleurs attirantes et sa forme distinctive en font le mod\u00e8le le plus populaire de la marque Parker, facilement identifiable par son fameux &quot;clic&quot;. Sous coffret cadeau Parker. Livr\u00e9 avec sa recharge d&#039;encre QuickFlow. Design exclusif.\" \/>\n<meta property=\"og:url\" content=\"https:\/\/perle-in.com\/en\/product\/stylo-bille-jotter-bond-street-parker-encre-bleue\/\" \/>\n<meta property=\"og:site_name\" content=\"PERLE IN\" \/>\n<meta property=\"article:modified_time\" content=\"2025-10-13T15:37:12+00:00\" \/>\n<meta property=\"og:image\" content=\"https:\/\/perle-in.com\/wp-content\/uploads\/2025\/10\/10683800-1.jpg\" \/>\n\t<meta property=\"og:image:width\" content=\"1600\" \/>\n\t<meta property=\"og:image:height\" content=\"1600\" \/>\n\t<meta property=\"og:image:type\" content=\"image\/jpeg\" \/>\n<meta name=\"twitter:card\" content=\"summary_large_image\" \/>\n<script type=\"application\/ld+json\" class=\"yoast-schema-graph\">{\"@context\":\"https:\\\/\\\/schema.org\",\"@graph\":[{\"@type\":\"WebPage\",\"@id\":\"https:\\\/\\\/perle-in.com\\\/produit\\\/stylo-bille-jotter-bond-street-parker-encre-bleue\\\/\",\"url\":\"https:\\\/\\\/perle-in.com\\\/produit\\\/stylo-bille-jotter-bond-street-parker-encre-bleue\\\/\",\"name\":\"Stylo bille Jotter Bond Street Parker (encre bleue) - PERLE IN\",\"isPartOf\":{\"@id\":\"https:\\\/\\\/perle-in.com\\\/#website\"},\"primaryImageOfPage\":{\"@id\":\"https:\\\/\\\/perle-in.com\\\/produit\\\/stylo-bille-jotter-bond-street-parker-encre-bleue\\\/#primaryimage\"},\"image\":{\"@id\":\"https:\\\/\\\/perle-in.com\\\/produit\\\/stylo-bille-jotter-bond-street-parker-encre-bleue\\\/#primaryimage\"},\"thumbnailUrl\":\"https:\\\/\\\/perle-in.com\\\/wp-content\\\/uploads\\\/2025\\\/10\\\/10683800-1.jpg\",\"datePublished\":\"2025-10-13T15:37:08+00:00\",\"dateModified\":\"2025-10-13T15:37:12+00:00\",\"breadcrumb\":{\"@id\":\"https:\\\/\\\/perle-in.com\\\/produit\\\/stylo-bille-jotter-bond-street-parker-encre-bleue\\\/#breadcrumb\"},\"inLanguage\":\"en-CA\",\"potentialAction\":[{\"@type\":\"ReadAction\",\"target\":[\"https:\\\/\\\/perle-in.com\\\/produit\\\/stylo-bille-jotter-bond-street-parker-encre-bleue\\\/\"]}]},{\"@type\":\"ImageObject\",\"inLanguage\":\"en-CA\",\"@id\":\"https:\\\/\\\/perle-in.com\\\/produit\\\/stylo-bille-jotter-bond-street-parker-encre-bleue\\\/#primaryimage\",\"url\":\"https:\\\/\\\/perle-in.com\\\/wp-content\\\/uploads\\\/2025\\\/10\\\/10683800-1.jpg\",\"contentUrl\":\"https:\\\/\\\/perle-in.com\\\/wp-content\\\/uploads\\\/2025\\\/10\\\/10683800-1.jpg\",\"width\":1600,\"height\":1600},{\"@type\":\"BreadcrumbList\",\"@id\":\"https:\\\/\\\/perle-in.com\\\/produit\\\/stylo-bille-jotter-bond-street-parker-encre-bleue\\\/#breadcrumb\",\"itemListElement\":[{\"@type\":\"ListItem\",\"position\":1,\"name\":\"Accueil\",\"item\":\"https:\\\/\\\/perle-in.com\\\/\"},{\"@type\":\"ListItem\",\"position\":2,\"name\":\"Boutique\",\"item\":\"https:\\\/\\\/perle-in.com\\\/boutique\\\/\"},{\"@type\":\"ListItem\",\"position\":3,\"name\":\"Stylo bille Jotter Bond Street Parker (encre bleue)\"}]},{\"@type\":\"WebSite\",\"@id\":\"https:\\\/\\\/perle-in.com\\\/#website\",\"url\":\"https:\\\/\\\/perle-in.com\\\/\",\"name\":\"PERLE IN\",\"description\":\"\",\"publisher\":{\"@id\":\"https:\\\/\\\/perle-in.com\\\/#organization\"},\"potentialAction\":[{\"@type\":\"SearchAction\",\"target\":{\"@type\":\"EntryPoint\",\"urlTemplate\":\"https:\\\/\\\/perle-in.com\\\/?s={search_term_string}\"},\"query-input\":{\"@type\":\"PropertyValueSpecification\",\"valueRequired\":true,\"valueName\":\"search_term_string\"}}],\"inLanguage\":\"en-CA\"},{\"@type\":\"Organization\",\"@id\":\"https:\\\/\\\/perle-in.com\\\/#organization\",\"name\":\"PERLE IN\",\"url\":\"https:\\\/\\\/perle-in.com\\\/\",\"logo\":{\"@type\":\"ImageObject\",\"inLanguage\":\"en-CA\",\"@id\":\"https:\\\/\\\/perle-in.com\\\/#\\\/schema\\\/logo\\\/image\\\/\",\"url\":\"https:\\\/\\\/perle-in.com\\\/wp-content\\\/uploads\\\/2022\\\/12\\\/LOGO-PERLE-IN-COULEUR@3x.webp\",\"contentUrl\":\"https:\\\/\\\/perle-in.com\\\/wp-content\\\/uploads\\\/2022\\\/12\\\/LOGO-PERLE-IN-COULEUR@3x.webp\",\"width\":1600,\"height\":490,\"caption\":\"PERLE IN\"},\"image\":{\"@id\":\"https:\\\/\\\/perle-in.com\\\/#\\\/schema\\\/logo\\\/image\\\/\"}}]}<\/script>\n<!-- \/ Yoast SEO plugin. -->","yoast_head_json":{"title":"Stylo bille Jotter Bond Street Parker (encre bleue) - PERLE IN","robots":{"index":"noindex","follow":"follow","max-snippet":"max-snippet:-1","max-image-preview":"max-image-preview:large","max-video-preview":"max-video-preview:-1"},"og_locale":"en_US","og_type":"article","og_title":"Stylo bille Jotter Bond Street Parker (encre bleue) - PERLE IN","og_description":"Jotter sait se faire remarquer. Avec son design authentique, il est la star de ces 60 derni\u00e8res ann\u00e9es. Ses couleurs attirantes et sa forme distinctive en font le mod\u00e8le le plus populaire de la marque Parker, facilement identifiable par son fameux \"clic\". Sous coffret cadeau Parker. Livr\u00e9 avec sa recharge d'encre QuickFlow. Design exclusif.","og_url":"https:\/\/perle-in.com\/en\/product\/stylo-bille-jotter-bond-street-parker-encre-bleue\/","og_site_name":"PERLE IN","article_modified_time":"2025-10-13T15:37:12+00:00","og_image":[{"width":1600,"height":1600,"url":"https:\/\/perle-in.com\/wp-content\/uploads\/2025\/10\/10683800-1.jpg","type":"image\/jpeg"}],"twitter_card":"summary_large_image","schema":{"@context":"https:\/\/schema.org","@graph":[{"@type":"WebPage","@id":"https:\/\/perle-in.com\/produit\/stylo-bille-jotter-bond-street-parker-encre-bleue\/","url":"https:\/\/perle-in.com\/produit\/stylo-bille-jotter-bond-street-parker-encre-bleue\/","name":"Stylo bille Jotter Bond Street Parker (encre bleue) - PERLE IN","isPartOf":{"@id":"https:\/\/perle-in.com\/#website"},"primaryImageOfPage":{"@id":"https:\/\/perle-in.com\/produit\/stylo-bille-jotter-bond-street-parker-encre-bleue\/#primaryimage"},"image":{"@id":"https:\/\/perle-in.com\/produit\/stylo-bille-jotter-bond-street-parker-encre-bleue\/#primaryimage"},"thumbnailUrl":"https:\/\/perle-in.com\/wp-content\/uploads\/2025\/10\/10683800-1.jpg","datePublished":"2025-10-13T15:37:08+00:00","dateModified":"2025-10-13T15:37:12+00:00","breadcrumb":{"@id":"https:\/\/perle-in.com\/produit\/stylo-bille-jotter-bond-street-parker-encre-bleue\/#breadcrumb"},"inLanguage":"en-CA","potentialAction":[{"@type":"ReadAction","target":["https:\/\/perle-in.com\/produit\/stylo-bille-jotter-bond-street-parker-encre-bleue\/"]}]},{"@type":"ImageObject","inLanguage":"en-CA","@id":"https:\/\/perle-in.com\/produit\/stylo-bille-jotter-bond-street-parker-encre-bleue\/#primaryimage","url":"https:\/\/perle-in.com\/wp-content\/uploads\/2025\/10\/10683800-1.jpg","contentUrl":"https:\/\/perle-in.com\/wp-content\/uploads\/2025\/10\/10683800-1.jpg","width":1600,"height":1600},{"@type":"BreadcrumbList","@id":"https:\/\/perle-in.com\/produit\/stylo-bille-jotter-bond-street-parker-encre-bleue\/#breadcrumb","itemListElement":[{"@type":"ListItem","position":1,"name":"Accueil","item":"https:\/\/perle-in.com\/"},{"@type":"ListItem","position":2,"name":"Boutique","item":"https:\/\/perle-in.com\/boutique\/"},{"@type":"ListItem","position":3,"name":"Stylo bille Jotter Bond Street Parker (encre bleue)"}]},{"@type":"WebSite","@id":"https:\/\/perle-in.com\/#website","url":"https:\/\/perle-in.com\/","name":"PERLE IN","description":"","publisher":{"@id":"https:\/\/perle-in.com\/#organization"},"potentialAction":[{"@type":"SearchAction","target":{"@type":"EntryPoint","urlTemplate":"https:\/\/perle-in.com\/?s={search_term_string}"},"query-input":{"@type":"PropertyValueSpecification","valueRequired":true,"valueName":"search_term_string"}}],"inLanguage":"en-CA"},{"@type":"Organization","@id":"https:\/\/perle-in.com\/#organization","name":"PERLE IN","url":"https:\/\/perle-in.com\/","logo":{"@type":"ImageObject","inLanguage":"en-CA","@id":"https:\/\/perle-in.com\/#\/schema\/logo\/image\/","url":"https:\/\/perle-in.com\/wp-content\/uploads\/2022\/12\/LOGO-PERLE-IN-COULEUR@3x.webp","contentUrl":"https:\/\/perle-in.com\/wp-content\/uploads\/2022\/12\/LOGO-PERLE-IN-COULEUR@3x.webp","width":1600,"height":490,"caption":"PERLE IN"},"image":{"@id":"https:\/\/perle-in.com\/#\/schema\/logo\/image\/"}}]}},"jetpack_sharing_enabled":true,"_links":{"self":[{"href":"https:\/\/perle-in.com\/en\/wp-json\/wp\/v2\/product\/502643","targetHints":{"allow":["GET"]}}],"collection":[{"href":"https:\/\/perle-in.com\/en\/wp-json\/wp\/v2\/product"}],"about":[{"href":"https:\/\/perle-in.com\/en\/wp-json\/wp\/v2\/types\/product"}],"version-history":[{"count":0,"href":"https:\/\/perle-in.com\/en\/wp-json\/wp\/v2\/product\/502643\/revisions"}],"wp:featuredmedia":[{"embeddable":true,"href":"https:\/\/perle-in.com\/en\/wp-json\/wp\/v2\/media\/502632"}],"wp:attachment":[{"href":"https:\/\/perle-in.com\/en\/wp-json\/wp\/v2\/media?parent=502643"}],"wp:term":[{"taxonomy":"product_brand","embeddable":true,"href":"https:\/\/perle-in.com\/en\/wp-json\/wp\/v2\/product_brand?post=502643"},{"taxonomy":"product_cat","embeddable":true,"href":"https:\/\/perle-in.com\/en\/wp-json\/wp\/v2\/product_cat?post=502643"},{"taxonomy":"product_tag","embeddable":true,"href":"https:\/\/perle-in.com\/en\/wp-json\/wp\/v2\/product_tag?post=502643"}],"curies":[{"name":"wp","href":"https:\/\/api.w.org\/{rel}","templated":true}]}}