{"id":502585,"date":"2025-10-13T17:31:41","date_gmt":"2025-10-13T15:31:41","guid":{"rendered":"https:\/\/perle-in.com\/produit\/kit-avec-stylo-bille-stylet-et-stylo-roller-geneva-encre-bleue\/"},"modified":"2025-10-13T17:31:43","modified_gmt":"2025-10-13T15:31:43","slug":"kit-avec-stylo-bille-stylet-et-stylo-roller-geneva-encre-bleue","status":"publish","type":"product","link":"https:\/\/perle-in.com\/en\/product\/kit-avec-stylo-bille-stylet-et-stylo-roller-geneva-encre-bleue\/","title":{"rendered":"Kit avec Stylo bille stylet et stylo roller Geneva (encre bleue)"},"content":{"rendered":"","protected":false},"excerpt":{"rendered":"<p>Stylo \u00e0 bille \u00e0 la silhouette sophistiqu\u00e9e avec la partie sup\u00e9rieure du corps en finition matte et la partie inf\u00e9rieure brillante avec accents chromes assortis sous coffret cadeau coulissant Avenue (taille\u00a0: 16,9 x 5,2 x 2cm).<\/p>","protected":false},"featured_media":502578,"template":"","meta":{"_eb_attr":""},"product_brand":[],"product_cat":[552,568],"product_tag":[1444,1439,1442,563,564,1443,680,1441,1434,561,1411,1435,562,1412,1438,1437,1436,1189,1440],"class_list":{"0":"post-502585","1":"product","2":"type-product","3":"status-publish","4":"has-post-thumbnail","6":"product_cat-stylos-et-ecriture","7":"product_cat-stylos-bille","8":"product_tag-ecran-tactile","9":"product_tag-ipad","10":"product_tag-iphone","11":"product_tag-parure-de-stylo","12":"product_tag-parures-de-stylo","13":"product_tag-samsung","14":"product_tag-smartphone","15":"product_tag-smartphones","16":"product_tag-stylet","17":"product_tag-stylo","18":"product_tag-stylo-a-bille","19":"product_tag-stylo-stylet","20":"product_tag-stylos","21":"product_tag-stylos-a-bille","22":"product_tag-stylos-biro","23":"product_tag-stylos-billes","24":"product_tag-stylos-stylets","25":"product_tag-tablette","26":"product_tag-tablettes","27":"pa_couleurs-argent-noir","29":"first","30":"instock","31":"shipping-taxable","32":"purchasable","33":"product-type-variable"},"yoast_head":"<!-- This site is optimized with the Yoast SEO plugin v27.4 - https:\/\/yoast.com\/product\/yoast-seo-wordpress\/ -->\n<title>Kit avec Stylo bille stylet et stylo roller Geneva (encre bleue) - PERLE IN<\/title>\n<meta name=\"robots\" content=\"noindex, follow, max-snippet:-1, max-image-preview:large, max-video-preview:-1\" \/>\n<meta property=\"og:locale\" content=\"en_US\" \/>\n<meta property=\"og:type\" content=\"article\" \/>\n<meta property=\"og:title\" content=\"Kit avec Stylo bille stylet et stylo roller Geneva (encre bleue) - PERLE IN\" \/>\n<meta property=\"og:description\" content=\"Stylo \u00e0 bille \u00e0 la silhouette sophistiqu\u00e9e avec la partie sup\u00e9rieure du corps en finition matte et la partie inf\u00e9rieure brillante avec accents chromes assortis sous coffret cadeau coulissant Avenue (taille\u00a0: 16,9 x 5,2 x 2cm).\" \/>\n<meta property=\"og:url\" content=\"https:\/\/perle-in.com\/en\/product\/kit-avec-stylo-bille-stylet-et-stylo-roller-geneva-encre-bleue\/\" \/>\n<meta property=\"og:site_name\" content=\"PERLE IN\" \/>\n<meta property=\"article:modified_time\" content=\"2025-10-13T15:31:43+00:00\" \/>\n<meta property=\"og:image\" content=\"https:\/\/perle-in.com\/wp-content\/uploads\/2025\/10\/10667000-1.jpg\" \/>\n\t<meta property=\"og:image:width\" content=\"1600\" \/>\n\t<meta property=\"og:image:height\" content=\"1600\" \/>\n\t<meta property=\"og:image:type\" content=\"image\/jpeg\" \/>\n<meta name=\"twitter:card\" content=\"summary_large_image\" \/>\n<script type=\"application\/ld+json\" class=\"yoast-schema-graph\">{\"@context\":\"https:\\\/\\\/schema.org\",\"@graph\":[{\"@type\":\"WebPage\",\"@id\":\"https:\\\/\\\/perle-in.com\\\/produit\\\/kit-avec-stylo-bille-stylet-et-stylo-roller-geneva-encre-bleue\\\/\",\"url\":\"https:\\\/\\\/perle-in.com\\\/produit\\\/kit-avec-stylo-bille-stylet-et-stylo-roller-geneva-encre-bleue\\\/\",\"name\":\"Kit avec Stylo bille stylet et stylo roller Geneva (encre bleue) - PERLE IN\",\"isPartOf\":{\"@id\":\"https:\\\/\\\/perle-in.com\\\/#website\"},\"primaryImageOfPage\":{\"@id\":\"https:\\\/\\\/perle-in.com\\\/produit\\\/kit-avec-stylo-bille-stylet-et-stylo-roller-geneva-encre-bleue\\\/#primaryimage\"},\"image\":{\"@id\":\"https:\\\/\\\/perle-in.com\\\/produit\\\/kit-avec-stylo-bille-stylet-et-stylo-roller-geneva-encre-bleue\\\/#primaryimage\"},\"thumbnailUrl\":\"https:\\\/\\\/perle-in.com\\\/wp-content\\\/uploads\\\/2025\\\/10\\\/10667000-1.jpg\",\"datePublished\":\"2025-10-13T15:31:41+00:00\",\"dateModified\":\"2025-10-13T15:31:43+00:00\",\"breadcrumb\":{\"@id\":\"https:\\\/\\\/perle-in.com\\\/produit\\\/kit-avec-stylo-bille-stylet-et-stylo-roller-geneva-encre-bleue\\\/#breadcrumb\"},\"inLanguage\":\"en-CA\",\"potentialAction\":[{\"@type\":\"ReadAction\",\"target\":[\"https:\\\/\\\/perle-in.com\\\/produit\\\/kit-avec-stylo-bille-stylet-et-stylo-roller-geneva-encre-bleue\\\/\"]}]},{\"@type\":\"ImageObject\",\"inLanguage\":\"en-CA\",\"@id\":\"https:\\\/\\\/perle-in.com\\\/produit\\\/kit-avec-stylo-bille-stylet-et-stylo-roller-geneva-encre-bleue\\\/#primaryimage\",\"url\":\"https:\\\/\\\/perle-in.com\\\/wp-content\\\/uploads\\\/2025\\\/10\\\/10667000-1.jpg\",\"contentUrl\":\"https:\\\/\\\/perle-in.com\\\/wp-content\\\/uploads\\\/2025\\\/10\\\/10667000-1.jpg\",\"width\":1600,\"height\":1600},{\"@type\":\"BreadcrumbList\",\"@id\":\"https:\\\/\\\/perle-in.com\\\/produit\\\/kit-avec-stylo-bille-stylet-et-stylo-roller-geneva-encre-bleue\\\/#breadcrumb\",\"itemListElement\":[{\"@type\":\"ListItem\",\"position\":1,\"name\":\"Accueil\",\"item\":\"https:\\\/\\\/perle-in.com\\\/\"},{\"@type\":\"ListItem\",\"position\":2,\"name\":\"Boutique\",\"item\":\"https:\\\/\\\/perle-in.com\\\/boutique\\\/\"},{\"@type\":\"ListItem\",\"position\":3,\"name\":\"Kit avec Stylo bille stylet et stylo roller Geneva (encre bleue)\"}]},{\"@type\":\"WebSite\",\"@id\":\"https:\\\/\\\/perle-in.com\\\/#website\",\"url\":\"https:\\\/\\\/perle-in.com\\\/\",\"name\":\"PERLE IN\",\"description\":\"\",\"publisher\":{\"@id\":\"https:\\\/\\\/perle-in.com\\\/#organization\"},\"potentialAction\":[{\"@type\":\"SearchAction\",\"target\":{\"@type\":\"EntryPoint\",\"urlTemplate\":\"https:\\\/\\\/perle-in.com\\\/?s={search_term_string}\"},\"query-input\":{\"@type\":\"PropertyValueSpecification\",\"valueRequired\":true,\"valueName\":\"search_term_string\"}}],\"inLanguage\":\"en-CA\"},{\"@type\":\"Organization\",\"@id\":\"https:\\\/\\\/perle-in.com\\\/#organization\",\"name\":\"PERLE IN\",\"url\":\"https:\\\/\\\/perle-in.com\\\/\",\"logo\":{\"@type\":\"ImageObject\",\"inLanguage\":\"en-CA\",\"@id\":\"https:\\\/\\\/perle-in.com\\\/#\\\/schema\\\/logo\\\/image\\\/\",\"url\":\"https:\\\/\\\/perle-in.com\\\/wp-content\\\/uploads\\\/2022\\\/12\\\/LOGO-PERLE-IN-COULEUR@3x.webp\",\"contentUrl\":\"https:\\\/\\\/perle-in.com\\\/wp-content\\\/uploads\\\/2022\\\/12\\\/LOGO-PERLE-IN-COULEUR@3x.webp\",\"width\":1600,\"height\":490,\"caption\":\"PERLE IN\"},\"image\":{\"@id\":\"https:\\\/\\\/perle-in.com\\\/#\\\/schema\\\/logo\\\/image\\\/\"}}]}<\/script>\n<!-- \/ Yoast SEO plugin. -->","yoast_head_json":{"title":"Kit avec Stylo bille stylet et stylo roller Geneva (encre bleue) - PERLE IN","robots":{"index":"noindex","follow":"follow","max-snippet":"max-snippet:-1","max-image-preview":"max-image-preview:large","max-video-preview":"max-video-preview:-1"},"og_locale":"en_US","og_type":"article","og_title":"Kit avec Stylo bille stylet et stylo roller Geneva (encre bleue) - PERLE IN","og_description":"Stylo \u00e0 bille \u00e0 la silhouette sophistiqu\u00e9e avec la partie sup\u00e9rieure du corps en finition matte et la partie inf\u00e9rieure brillante avec accents chromes assortis sous coffret cadeau coulissant Avenue (taille\u00a0: 16,9 x 5,2 x 2cm).","og_url":"https:\/\/perle-in.com\/en\/product\/kit-avec-stylo-bille-stylet-et-stylo-roller-geneva-encre-bleue\/","og_site_name":"PERLE IN","article_modified_time":"2025-10-13T15:31:43+00:00","og_image":[{"width":1600,"height":1600,"url":"https:\/\/perle-in.com\/wp-content\/uploads\/2025\/10\/10667000-1.jpg","type":"image\/jpeg"}],"twitter_card":"summary_large_image","schema":{"@context":"https:\/\/schema.org","@graph":[{"@type":"WebPage","@id":"https:\/\/perle-in.com\/produit\/kit-avec-stylo-bille-stylet-et-stylo-roller-geneva-encre-bleue\/","url":"https:\/\/perle-in.com\/produit\/kit-avec-stylo-bille-stylet-et-stylo-roller-geneva-encre-bleue\/","name":"Kit avec Stylo bille stylet et stylo roller Geneva (encre bleue) - PERLE IN","isPartOf":{"@id":"https:\/\/perle-in.com\/#website"},"primaryImageOfPage":{"@id":"https:\/\/perle-in.com\/produit\/kit-avec-stylo-bille-stylet-et-stylo-roller-geneva-encre-bleue\/#primaryimage"},"image":{"@id":"https:\/\/perle-in.com\/produit\/kit-avec-stylo-bille-stylet-et-stylo-roller-geneva-encre-bleue\/#primaryimage"},"thumbnailUrl":"https:\/\/perle-in.com\/wp-content\/uploads\/2025\/10\/10667000-1.jpg","datePublished":"2025-10-13T15:31:41+00:00","dateModified":"2025-10-13T15:31:43+00:00","breadcrumb":{"@id":"https:\/\/perle-in.com\/produit\/kit-avec-stylo-bille-stylet-et-stylo-roller-geneva-encre-bleue\/#breadcrumb"},"inLanguage":"en-CA","potentialAction":[{"@type":"ReadAction","target":["https:\/\/perle-in.com\/produit\/kit-avec-stylo-bille-stylet-et-stylo-roller-geneva-encre-bleue\/"]}]},{"@type":"ImageObject","inLanguage":"en-CA","@id":"https:\/\/perle-in.com\/produit\/kit-avec-stylo-bille-stylet-et-stylo-roller-geneva-encre-bleue\/#primaryimage","url":"https:\/\/perle-in.com\/wp-content\/uploads\/2025\/10\/10667000-1.jpg","contentUrl":"https:\/\/perle-in.com\/wp-content\/uploads\/2025\/10\/10667000-1.jpg","width":1600,"height":1600},{"@type":"BreadcrumbList","@id":"https:\/\/perle-in.com\/produit\/kit-avec-stylo-bille-stylet-et-stylo-roller-geneva-encre-bleue\/#breadcrumb","itemListElement":[{"@type":"ListItem","position":1,"name":"Accueil","item":"https:\/\/perle-in.com\/"},{"@type":"ListItem","position":2,"name":"Boutique","item":"https:\/\/perle-in.com\/boutique\/"},{"@type":"ListItem","position":3,"name":"Kit avec Stylo bille stylet et stylo roller Geneva (encre bleue)"}]},{"@type":"WebSite","@id":"https:\/\/perle-in.com\/#website","url":"https:\/\/perle-in.com\/","name":"PERLE IN","description":"","publisher":{"@id":"https:\/\/perle-in.com\/#organization"},"potentialAction":[{"@type":"SearchAction","target":{"@type":"EntryPoint","urlTemplate":"https:\/\/perle-in.com\/?s={search_term_string}"},"query-input":{"@type":"PropertyValueSpecification","valueRequired":true,"valueName":"search_term_string"}}],"inLanguage":"en-CA"},{"@type":"Organization","@id":"https:\/\/perle-in.com\/#organization","name":"PERLE IN","url":"https:\/\/perle-in.com\/","logo":{"@type":"ImageObject","inLanguage":"en-CA","@id":"https:\/\/perle-in.com\/#\/schema\/logo\/image\/","url":"https:\/\/perle-in.com\/wp-content\/uploads\/2022\/12\/LOGO-PERLE-IN-COULEUR@3x.webp","contentUrl":"https:\/\/perle-in.com\/wp-content\/uploads\/2022\/12\/LOGO-PERLE-IN-COULEUR@3x.webp","width":1600,"height":490,"caption":"PERLE IN"},"image":{"@id":"https:\/\/perle-in.com\/#\/schema\/logo\/image\/"}}]}},"jetpack_sharing_enabled":true,"_links":{"self":[{"href":"https:\/\/perle-in.com\/en\/wp-json\/wp\/v2\/product\/502585","targetHints":{"allow":["GET"]}}],"collection":[{"href":"https:\/\/perle-in.com\/en\/wp-json\/wp\/v2\/product"}],"about":[{"href":"https:\/\/perle-in.com\/en\/wp-json\/wp\/v2\/types\/product"}],"version-history":[{"count":0,"href":"https:\/\/perle-in.com\/en\/wp-json\/wp\/v2\/product\/502585\/revisions"}],"wp:featuredmedia":[{"embeddable":true,"href":"https:\/\/perle-in.com\/en\/wp-json\/wp\/v2\/media\/502578"}],"wp:attachment":[{"href":"https:\/\/perle-in.com\/en\/wp-json\/wp\/v2\/media?parent=502585"}],"wp:term":[{"taxonomy":"product_brand","embeddable":true,"href":"https:\/\/perle-in.com\/en\/wp-json\/wp\/v2\/product_brand?post=502585"},{"taxonomy":"product_cat","embeddable":true,"href":"https:\/\/perle-in.com\/en\/wp-json\/wp\/v2\/product_cat?post=502585"},{"taxonomy":"product_tag","embeddable":true,"href":"https:\/\/perle-in.com\/en\/wp-json\/wp\/v2\/product_tag?post=502585"}],"curies":[{"name":"wp","href":"https:\/\/api.w.org\/{rel}","templated":true}]}}