{"id":502574,"date":"2025-10-13T17:30:27","date_gmt":"2025-10-13T15:30:27","guid":{"rendered":"https:\/\/perle-in.com\/produit\/stylo-roller-vector-parker-encre-noire-2\/"},"modified":"2025-10-13T17:30:29","modified_gmt":"2025-10-13T15:30:29","slug":"stylo-roller-vector-parker-encre-noire-2","status":"publish","type":"product","link":"https:\/\/perle-in.com\/en\/product\/stylo-roller-vector-parker-encre-noire-2\/","title":{"rendered":"Stylo roller Vector Parker (encre noire)"},"content":{"rendered":"","protected":false},"excerpt":{"rendered":"<p>Simple, essentiel et fiable, tel est l&#8217;essence du stylo roller Vector de Parker. Le stylo Vector est con\u00e7u avec pr\u00e9cision pour que les gens puissent se fier \u00e0 ce stylo tous les jours. Il constitue le cadeau id\u00e9al pour toute c\u00e9l\u00e9bration et peut \u00eatre personnalis\u00e9 gr\u00e2ce \u00e0 diverses options d&#8217;impression. Le stylo est rechargeable et constitue donc une option durable. Le Vector est fabriqu\u00e9 en acier inoxydable et en plastique et est livr\u00e9 avec une recharge roller dans une bo\u00eete cadeau Parker.<\/p>","protected":false},"featured_media":502426,"template":"","meta":{"_eb_attr":""},"product_brand":[],"product_cat":[552,1249],"product_tag":[1451,563,564,1457,1482,1484,1458,1483,561,569,1459,562,570,1460,1453],"class_list":{"0":"post-502574","1":"product","2":"type-product","3":"status-publish","4":"has-post-thumbnail","6":"product_cat-stylos-et-ecriture","7":"product_cat-stylos-roller","8":"product_tag-parker","9":"product_tag-parure-de-stylo","10":"product_tag-parures-de-stylo","11":"product_tag-roller","12":"product_tag-roller-en-plastique","13":"product_tag-roller-plastique","14":"product_tag-rollers","15":"product_tag-rollers-en-plastique","16":"product_tag-stylo","17":"product_tag-stylo-en-plastique","18":"product_tag-stylo-roller","19":"product_tag-stylos","20":"product_tag-stylos-en-plastique","21":"product_tag-stylos-roller","22":"product_tag-vector","23":"pa_couleurs-noir","24":"pa_marque-parker","25":"pa_matiere-plastique-acier-inoxydable","27":"first","28":"instock","29":"shipping-taxable","30":"purchasable","31":"product-type-variable"},"yoast_head":"<!-- This site is optimized with the Yoast SEO plugin v27.4 - https:\/\/yoast.com\/product\/yoast-seo-wordpress\/ -->\n<title>Stylo roller Vector Parker (encre noire) - PERLE IN<\/title>\n<meta name=\"robots\" content=\"noindex, follow, max-snippet:-1, max-image-preview:large, max-video-preview:-1\" \/>\n<meta property=\"og:locale\" content=\"en_US\" \/>\n<meta property=\"og:type\" content=\"article\" \/>\n<meta property=\"og:title\" content=\"Stylo roller Vector Parker (encre noire) - PERLE IN\" \/>\n<meta property=\"og:description\" content=\"Simple, essentiel et fiable, tel est l&#039;essence du stylo roller Vector de Parker. Le stylo Vector est con\u00e7u avec pr\u00e9cision pour que les gens puissent se fier \u00e0 ce stylo tous les jours. Il constitue le cadeau id\u00e9al pour toute c\u00e9l\u00e9bration et peut \u00eatre personnalis\u00e9 gr\u00e2ce \u00e0 diverses options d&#039;impression. Le stylo est rechargeable et constitue donc une option durable. Le Vector est fabriqu\u00e9 en acier inoxydable et en plastique et est livr\u00e9 avec une recharge roller dans une bo\u00eete cadeau Parker.\" \/>\n<meta property=\"og:url\" content=\"https:\/\/perle-in.com\/en\/product\/stylo-roller-vector-parker-encre-noire-2\/\" \/>\n<meta property=\"og:site_name\" content=\"PERLE IN\" \/>\n<meta property=\"article:modified_time\" content=\"2025-10-13T15:30:29+00:00\" \/>\n<meta property=\"og:image\" content=\"https:\/\/perle-in.com\/wp-content\/uploads\/2025\/10\/10648300-1.jpg\" \/>\n\t<meta property=\"og:image:width\" content=\"1600\" \/>\n\t<meta property=\"og:image:height\" content=\"1600\" \/>\n\t<meta property=\"og:image:type\" content=\"image\/jpeg\" \/>\n<meta name=\"twitter:card\" content=\"summary_large_image\" \/>\n<script type=\"application\/ld+json\" class=\"yoast-schema-graph\">{\"@context\":\"https:\\\/\\\/schema.org\",\"@graph\":[{\"@type\":\"WebPage\",\"@id\":\"https:\\\/\\\/perle-in.com\\\/produit\\\/stylo-roller-vector-parker-encre-noire-2\\\/\",\"url\":\"https:\\\/\\\/perle-in.com\\\/produit\\\/stylo-roller-vector-parker-encre-noire-2\\\/\",\"name\":\"Stylo roller Vector Parker (encre noire) - PERLE IN\",\"isPartOf\":{\"@id\":\"https:\\\/\\\/perle-in.com\\\/#website\"},\"primaryImageOfPage\":{\"@id\":\"https:\\\/\\\/perle-in.com\\\/produit\\\/stylo-roller-vector-parker-encre-noire-2\\\/#primaryimage\"},\"image\":{\"@id\":\"https:\\\/\\\/perle-in.com\\\/produit\\\/stylo-roller-vector-parker-encre-noire-2\\\/#primaryimage\"},\"thumbnailUrl\":\"https:\\\/\\\/perle-in.com\\\/wp-content\\\/uploads\\\/2025\\\/10\\\/10648300-1.jpg\",\"datePublished\":\"2025-10-13T15:30:27+00:00\",\"dateModified\":\"2025-10-13T15:30:29+00:00\",\"breadcrumb\":{\"@id\":\"https:\\\/\\\/perle-in.com\\\/produit\\\/stylo-roller-vector-parker-encre-noire-2\\\/#breadcrumb\"},\"inLanguage\":\"en-CA\",\"potentialAction\":[{\"@type\":\"ReadAction\",\"target\":[\"https:\\\/\\\/perle-in.com\\\/produit\\\/stylo-roller-vector-parker-encre-noire-2\\\/\"]}]},{\"@type\":\"ImageObject\",\"inLanguage\":\"en-CA\",\"@id\":\"https:\\\/\\\/perle-in.com\\\/produit\\\/stylo-roller-vector-parker-encre-noire-2\\\/#primaryimage\",\"url\":\"https:\\\/\\\/perle-in.com\\\/wp-content\\\/uploads\\\/2025\\\/10\\\/10648300-1.jpg\",\"contentUrl\":\"https:\\\/\\\/perle-in.com\\\/wp-content\\\/uploads\\\/2025\\\/10\\\/10648300-1.jpg\",\"width\":1600,\"height\":1600},{\"@type\":\"BreadcrumbList\",\"@id\":\"https:\\\/\\\/perle-in.com\\\/produit\\\/stylo-roller-vector-parker-encre-noire-2\\\/#breadcrumb\",\"itemListElement\":[{\"@type\":\"ListItem\",\"position\":1,\"name\":\"Accueil\",\"item\":\"https:\\\/\\\/perle-in.com\\\/\"},{\"@type\":\"ListItem\",\"position\":2,\"name\":\"Boutique\",\"item\":\"https:\\\/\\\/perle-in.com\\\/boutique\\\/\"},{\"@type\":\"ListItem\",\"position\":3,\"name\":\"Stylo roller Vector Parker (encre noire)\"}]},{\"@type\":\"WebSite\",\"@id\":\"https:\\\/\\\/perle-in.com\\\/#website\",\"url\":\"https:\\\/\\\/perle-in.com\\\/\",\"name\":\"PERLE IN\",\"description\":\"\",\"publisher\":{\"@id\":\"https:\\\/\\\/perle-in.com\\\/#organization\"},\"potentialAction\":[{\"@type\":\"SearchAction\",\"target\":{\"@type\":\"EntryPoint\",\"urlTemplate\":\"https:\\\/\\\/perle-in.com\\\/?s={search_term_string}\"},\"query-input\":{\"@type\":\"PropertyValueSpecification\",\"valueRequired\":true,\"valueName\":\"search_term_string\"}}],\"inLanguage\":\"en-CA\"},{\"@type\":\"Organization\",\"@id\":\"https:\\\/\\\/perle-in.com\\\/#organization\",\"name\":\"PERLE IN\",\"url\":\"https:\\\/\\\/perle-in.com\\\/\",\"logo\":{\"@type\":\"ImageObject\",\"inLanguage\":\"en-CA\",\"@id\":\"https:\\\/\\\/perle-in.com\\\/#\\\/schema\\\/logo\\\/image\\\/\",\"url\":\"https:\\\/\\\/perle-in.com\\\/wp-content\\\/uploads\\\/2022\\\/12\\\/LOGO-PERLE-IN-COULEUR@3x.webp\",\"contentUrl\":\"https:\\\/\\\/perle-in.com\\\/wp-content\\\/uploads\\\/2022\\\/12\\\/LOGO-PERLE-IN-COULEUR@3x.webp\",\"width\":1600,\"height\":490,\"caption\":\"PERLE IN\"},\"image\":{\"@id\":\"https:\\\/\\\/perle-in.com\\\/#\\\/schema\\\/logo\\\/image\\\/\"}}]}<\/script>\n<!-- \/ Yoast SEO plugin. -->","yoast_head_json":{"title":"Stylo roller Vector Parker (encre noire) - PERLE IN","robots":{"index":"noindex","follow":"follow","max-snippet":"max-snippet:-1","max-image-preview":"max-image-preview:large","max-video-preview":"max-video-preview:-1"},"og_locale":"en_US","og_type":"article","og_title":"Stylo roller Vector Parker (encre noire) - PERLE IN","og_description":"Simple, essentiel et fiable, tel est l'essence du stylo roller Vector de Parker. Le stylo Vector est con\u00e7u avec pr\u00e9cision pour que les gens puissent se fier \u00e0 ce stylo tous les jours. Il constitue le cadeau id\u00e9al pour toute c\u00e9l\u00e9bration et peut \u00eatre personnalis\u00e9 gr\u00e2ce \u00e0 diverses options d'impression. Le stylo est rechargeable et constitue donc une option durable. Le Vector est fabriqu\u00e9 en acier inoxydable et en plastique et est livr\u00e9 avec une recharge roller dans une bo\u00eete cadeau Parker.","og_url":"https:\/\/perle-in.com\/en\/product\/stylo-roller-vector-parker-encre-noire-2\/","og_site_name":"PERLE IN","article_modified_time":"2025-10-13T15:30:29+00:00","og_image":[{"width":1600,"height":1600,"url":"https:\/\/perle-in.com\/wp-content\/uploads\/2025\/10\/10648300-1.jpg","type":"image\/jpeg"}],"twitter_card":"summary_large_image","schema":{"@context":"https:\/\/schema.org","@graph":[{"@type":"WebPage","@id":"https:\/\/perle-in.com\/produit\/stylo-roller-vector-parker-encre-noire-2\/","url":"https:\/\/perle-in.com\/produit\/stylo-roller-vector-parker-encre-noire-2\/","name":"Stylo roller Vector Parker (encre noire) - PERLE IN","isPartOf":{"@id":"https:\/\/perle-in.com\/#website"},"primaryImageOfPage":{"@id":"https:\/\/perle-in.com\/produit\/stylo-roller-vector-parker-encre-noire-2\/#primaryimage"},"image":{"@id":"https:\/\/perle-in.com\/produit\/stylo-roller-vector-parker-encre-noire-2\/#primaryimage"},"thumbnailUrl":"https:\/\/perle-in.com\/wp-content\/uploads\/2025\/10\/10648300-1.jpg","datePublished":"2025-10-13T15:30:27+00:00","dateModified":"2025-10-13T15:30:29+00:00","breadcrumb":{"@id":"https:\/\/perle-in.com\/produit\/stylo-roller-vector-parker-encre-noire-2\/#breadcrumb"},"inLanguage":"en-CA","potentialAction":[{"@type":"ReadAction","target":["https:\/\/perle-in.com\/produit\/stylo-roller-vector-parker-encre-noire-2\/"]}]},{"@type":"ImageObject","inLanguage":"en-CA","@id":"https:\/\/perle-in.com\/produit\/stylo-roller-vector-parker-encre-noire-2\/#primaryimage","url":"https:\/\/perle-in.com\/wp-content\/uploads\/2025\/10\/10648300-1.jpg","contentUrl":"https:\/\/perle-in.com\/wp-content\/uploads\/2025\/10\/10648300-1.jpg","width":1600,"height":1600},{"@type":"BreadcrumbList","@id":"https:\/\/perle-in.com\/produit\/stylo-roller-vector-parker-encre-noire-2\/#breadcrumb","itemListElement":[{"@type":"ListItem","position":1,"name":"Accueil","item":"https:\/\/perle-in.com\/"},{"@type":"ListItem","position":2,"name":"Boutique","item":"https:\/\/perle-in.com\/boutique\/"},{"@type":"ListItem","position":3,"name":"Stylo roller Vector Parker (encre noire)"}]},{"@type":"WebSite","@id":"https:\/\/perle-in.com\/#website","url":"https:\/\/perle-in.com\/","name":"PERLE IN","description":"","publisher":{"@id":"https:\/\/perle-in.com\/#organization"},"potentialAction":[{"@type":"SearchAction","target":{"@type":"EntryPoint","urlTemplate":"https:\/\/perle-in.com\/?s={search_term_string}"},"query-input":{"@type":"PropertyValueSpecification","valueRequired":true,"valueName":"search_term_string"}}],"inLanguage":"en-CA"},{"@type":"Organization","@id":"https:\/\/perle-in.com\/#organization","name":"PERLE IN","url":"https:\/\/perle-in.com\/","logo":{"@type":"ImageObject","inLanguage":"en-CA","@id":"https:\/\/perle-in.com\/#\/schema\/logo\/image\/","url":"https:\/\/perle-in.com\/wp-content\/uploads\/2022\/12\/LOGO-PERLE-IN-COULEUR@3x.webp","contentUrl":"https:\/\/perle-in.com\/wp-content\/uploads\/2022\/12\/LOGO-PERLE-IN-COULEUR@3x.webp","width":1600,"height":490,"caption":"PERLE IN"},"image":{"@id":"https:\/\/perle-in.com\/#\/schema\/logo\/image\/"}}]}},"jetpack_sharing_enabled":true,"_links":{"self":[{"href":"https:\/\/perle-in.com\/en\/wp-json\/wp\/v2\/product\/502574","targetHints":{"allow":["GET"]}}],"collection":[{"href":"https:\/\/perle-in.com\/en\/wp-json\/wp\/v2\/product"}],"about":[{"href":"https:\/\/perle-in.com\/en\/wp-json\/wp\/v2\/types\/product"}],"version-history":[{"count":0,"href":"https:\/\/perle-in.com\/en\/wp-json\/wp\/v2\/product\/502574\/revisions"}],"wp:featuredmedia":[{"embeddable":true,"href":"https:\/\/perle-in.com\/en\/wp-json\/wp\/v2\/media\/502426"}],"wp:attachment":[{"href":"https:\/\/perle-in.com\/en\/wp-json\/wp\/v2\/media?parent=502574"}],"wp:term":[{"taxonomy":"product_brand","embeddable":true,"href":"https:\/\/perle-in.com\/en\/wp-json\/wp\/v2\/product_brand?post=502574"},{"taxonomy":"product_cat","embeddable":true,"href":"https:\/\/perle-in.com\/en\/wp-json\/wp\/v2\/product_cat?post=502574"},{"taxonomy":"product_tag","embeddable":true,"href":"https:\/\/perle-in.com\/en\/wp-json\/wp\/v2\/product_tag?post=502574"}],"curies":[{"name":"wp","href":"https:\/\/api.w.org\/{rel}","templated":true}]}}