{"id":502570,"date":"2025-10-13T17:30:14","date_gmt":"2025-10-13T15:30:14","guid":{"rendered":"https:\/\/perle-in.com\/produit\/porte-mines-avec-gomme-integree-jotter-parker-encre-noire\/"},"modified":"2025-10-13T17:30:16","modified_gmt":"2025-10-13T15:30:16","slug":"porte-mines-avec-gomme-integree-jotter-parker-encre-noire","status":"publish","type":"product","link":"https:\/\/perle-in.com\/en\/product\/porte-mines-avec-gomme-integree-jotter-parker-encre-noire\/","title":{"rendered":"Porte-mines avec gomme int\u00e9gr\u00e9e Jotter Parker (encre noire)"},"content":{"rendered":"","protected":false},"excerpt":{"rendered":"<p>L&#8217;embl\u00e8me Parker, le Jotter est le choix pr\u00e9f\u00e9r\u00e9 des \u00e9crivains actifs qui ont besoin d&#8217;un stylo partout o\u00f9 ils se trouvent. Pr\u00e9sentation dans coffret cadeau Parker. Livr\u00e9 avec recharge crayon (mine 0,5mm). Effaceur int\u00e9gr\u00e9 sous le couvercle poussoir. Design Exclusif.<\/p>","protected":false},"featured_media":502414,"template":"","meta":{"_eb_attr":""},"product_brand":[],"product_cat":[603,552],"product_tag":[1450,1451,563,564,1478,1477,561,1479,562,1480],"class_list":{"0":"post-502570","1":"product","2":"type-product","3":"status-publish","4":"has-post-thumbnail","6":"product_cat-crayons","7":"product_cat-stylos-et-ecriture","8":"product_tag-jotter","9":"product_tag-parker","10":"product_tag-parure-de-stylo","11":"product_tag-parures-de-stylo","12":"product_tag-porte-mine","13":"product_tag-portemine","14":"product_tag-stylo","15":"product_tag-stylo-mecanique","16":"product_tag-stylos","17":"product_tag-stylos-mecaniques","18":"pa_couleurs-acier","19":"pa_marque-parker","20":"pa_pays-d-origine-france","22":"first","23":"instock","24":"shipping-taxable","25":"purchasable","26":"product-type-variable"},"yoast_head":"<!-- This site is optimized with the Yoast SEO plugin v27.4 - https:\/\/yoast.com\/product\/yoast-seo-wordpress\/ -->\n<title>Porte-mines avec gomme int\u00e9gr\u00e9e Jotter Parker (encre noire) - PERLE IN<\/title>\n<meta name=\"robots\" content=\"noindex, follow, max-snippet:-1, max-image-preview:large, max-video-preview:-1\" \/>\n<meta property=\"og:locale\" content=\"en_US\" \/>\n<meta property=\"og:type\" content=\"article\" \/>\n<meta property=\"og:title\" content=\"Porte-mines avec gomme int\u00e9gr\u00e9e Jotter Parker (encre noire) - PERLE IN\" \/>\n<meta property=\"og:description\" content=\"L&#039;embl\u00e8me Parker, le Jotter est le choix pr\u00e9f\u00e9r\u00e9 des \u00e9crivains actifs qui ont besoin d&#039;un stylo partout o\u00f9 ils se trouvent. Pr\u00e9sentation dans coffret cadeau Parker. Livr\u00e9 avec recharge crayon (mine 0,5mm). Effaceur int\u00e9gr\u00e9 sous le couvercle poussoir. Design Exclusif.\" \/>\n<meta property=\"og:url\" content=\"https:\/\/perle-in.com\/en\/product\/porte-mines-avec-gomme-integree-jotter-parker-encre-noire\/\" \/>\n<meta property=\"og:site_name\" content=\"PERLE IN\" \/>\n<meta property=\"article:modified_time\" content=\"2025-10-13T15:30:16+00:00\" \/>\n<meta property=\"og:image\" content=\"https:\/\/perle-in.com\/wp-content\/uploads\/2025\/10\/10647900-1.jpg\" \/>\n\t<meta property=\"og:image:width\" content=\"1600\" \/>\n\t<meta property=\"og:image:height\" content=\"1600\" \/>\n\t<meta property=\"og:image:type\" content=\"image\/jpeg\" \/>\n<meta name=\"twitter:card\" content=\"summary_large_image\" \/>\n<script type=\"application\/ld+json\" class=\"yoast-schema-graph\">{\"@context\":\"https:\\\/\\\/schema.org\",\"@graph\":[{\"@type\":\"WebPage\",\"@id\":\"https:\\\/\\\/perle-in.com\\\/produit\\\/porte-mines-avec-gomme-integree-jotter-parker-encre-noire\\\/\",\"url\":\"https:\\\/\\\/perle-in.com\\\/produit\\\/porte-mines-avec-gomme-integree-jotter-parker-encre-noire\\\/\",\"name\":\"Porte-mines avec gomme int\u00e9gr\u00e9e Jotter Parker (encre noire) - PERLE IN\",\"isPartOf\":{\"@id\":\"https:\\\/\\\/perle-in.com\\\/#website\"},\"primaryImageOfPage\":{\"@id\":\"https:\\\/\\\/perle-in.com\\\/produit\\\/porte-mines-avec-gomme-integree-jotter-parker-encre-noire\\\/#primaryimage\"},\"image\":{\"@id\":\"https:\\\/\\\/perle-in.com\\\/produit\\\/porte-mines-avec-gomme-integree-jotter-parker-encre-noire\\\/#primaryimage\"},\"thumbnailUrl\":\"https:\\\/\\\/perle-in.com\\\/wp-content\\\/uploads\\\/2025\\\/10\\\/10647900-1.jpg\",\"datePublished\":\"2025-10-13T15:30:14+00:00\",\"dateModified\":\"2025-10-13T15:30:16+00:00\",\"breadcrumb\":{\"@id\":\"https:\\\/\\\/perle-in.com\\\/produit\\\/porte-mines-avec-gomme-integree-jotter-parker-encre-noire\\\/#breadcrumb\"},\"inLanguage\":\"en-CA\",\"potentialAction\":[{\"@type\":\"ReadAction\",\"target\":[\"https:\\\/\\\/perle-in.com\\\/produit\\\/porte-mines-avec-gomme-integree-jotter-parker-encre-noire\\\/\"]}]},{\"@type\":\"ImageObject\",\"inLanguage\":\"en-CA\",\"@id\":\"https:\\\/\\\/perle-in.com\\\/produit\\\/porte-mines-avec-gomme-integree-jotter-parker-encre-noire\\\/#primaryimage\",\"url\":\"https:\\\/\\\/perle-in.com\\\/wp-content\\\/uploads\\\/2025\\\/10\\\/10647900-1.jpg\",\"contentUrl\":\"https:\\\/\\\/perle-in.com\\\/wp-content\\\/uploads\\\/2025\\\/10\\\/10647900-1.jpg\",\"width\":1600,\"height\":1600},{\"@type\":\"BreadcrumbList\",\"@id\":\"https:\\\/\\\/perle-in.com\\\/produit\\\/porte-mines-avec-gomme-integree-jotter-parker-encre-noire\\\/#breadcrumb\",\"itemListElement\":[{\"@type\":\"ListItem\",\"position\":1,\"name\":\"Accueil\",\"item\":\"https:\\\/\\\/perle-in.com\\\/\"},{\"@type\":\"ListItem\",\"position\":2,\"name\":\"Boutique\",\"item\":\"https:\\\/\\\/perle-in.com\\\/boutique\\\/\"},{\"@type\":\"ListItem\",\"position\":3,\"name\":\"Porte-mines avec gomme int\u00e9gr\u00e9e Jotter Parker (encre noire)\"}]},{\"@type\":\"WebSite\",\"@id\":\"https:\\\/\\\/perle-in.com\\\/#website\",\"url\":\"https:\\\/\\\/perle-in.com\\\/\",\"name\":\"PERLE IN\",\"description\":\"\",\"publisher\":{\"@id\":\"https:\\\/\\\/perle-in.com\\\/#organization\"},\"potentialAction\":[{\"@type\":\"SearchAction\",\"target\":{\"@type\":\"EntryPoint\",\"urlTemplate\":\"https:\\\/\\\/perle-in.com\\\/?s={search_term_string}\"},\"query-input\":{\"@type\":\"PropertyValueSpecification\",\"valueRequired\":true,\"valueName\":\"search_term_string\"}}],\"inLanguage\":\"en-CA\"},{\"@type\":\"Organization\",\"@id\":\"https:\\\/\\\/perle-in.com\\\/#organization\",\"name\":\"PERLE IN\",\"url\":\"https:\\\/\\\/perle-in.com\\\/\",\"logo\":{\"@type\":\"ImageObject\",\"inLanguage\":\"en-CA\",\"@id\":\"https:\\\/\\\/perle-in.com\\\/#\\\/schema\\\/logo\\\/image\\\/\",\"url\":\"https:\\\/\\\/perle-in.com\\\/wp-content\\\/uploads\\\/2022\\\/12\\\/LOGO-PERLE-IN-COULEUR@3x.webp\",\"contentUrl\":\"https:\\\/\\\/perle-in.com\\\/wp-content\\\/uploads\\\/2022\\\/12\\\/LOGO-PERLE-IN-COULEUR@3x.webp\",\"width\":1600,\"height\":490,\"caption\":\"PERLE IN\"},\"image\":{\"@id\":\"https:\\\/\\\/perle-in.com\\\/#\\\/schema\\\/logo\\\/image\\\/\"}}]}<\/script>\n<!-- \/ Yoast SEO plugin. -->","yoast_head_json":{"title":"Porte-mines avec gomme int\u00e9gr\u00e9e Jotter Parker (encre noire) - PERLE IN","robots":{"index":"noindex","follow":"follow","max-snippet":"max-snippet:-1","max-image-preview":"max-image-preview:large","max-video-preview":"max-video-preview:-1"},"og_locale":"en_US","og_type":"article","og_title":"Porte-mines avec gomme int\u00e9gr\u00e9e Jotter Parker (encre noire) - PERLE IN","og_description":"L'embl\u00e8me Parker, le Jotter est le choix pr\u00e9f\u00e9r\u00e9 des \u00e9crivains actifs qui ont besoin d'un stylo partout o\u00f9 ils se trouvent. Pr\u00e9sentation dans coffret cadeau Parker. Livr\u00e9 avec recharge crayon (mine 0,5mm). Effaceur int\u00e9gr\u00e9 sous le couvercle poussoir. Design Exclusif.","og_url":"https:\/\/perle-in.com\/en\/product\/porte-mines-avec-gomme-integree-jotter-parker-encre-noire\/","og_site_name":"PERLE IN","article_modified_time":"2025-10-13T15:30:16+00:00","og_image":[{"width":1600,"height":1600,"url":"https:\/\/perle-in.com\/wp-content\/uploads\/2025\/10\/10647900-1.jpg","type":"image\/jpeg"}],"twitter_card":"summary_large_image","schema":{"@context":"https:\/\/schema.org","@graph":[{"@type":"WebPage","@id":"https:\/\/perle-in.com\/produit\/porte-mines-avec-gomme-integree-jotter-parker-encre-noire\/","url":"https:\/\/perle-in.com\/produit\/porte-mines-avec-gomme-integree-jotter-parker-encre-noire\/","name":"Porte-mines avec gomme int\u00e9gr\u00e9e Jotter Parker (encre noire) - PERLE IN","isPartOf":{"@id":"https:\/\/perle-in.com\/#website"},"primaryImageOfPage":{"@id":"https:\/\/perle-in.com\/produit\/porte-mines-avec-gomme-integree-jotter-parker-encre-noire\/#primaryimage"},"image":{"@id":"https:\/\/perle-in.com\/produit\/porte-mines-avec-gomme-integree-jotter-parker-encre-noire\/#primaryimage"},"thumbnailUrl":"https:\/\/perle-in.com\/wp-content\/uploads\/2025\/10\/10647900-1.jpg","datePublished":"2025-10-13T15:30:14+00:00","dateModified":"2025-10-13T15:30:16+00:00","breadcrumb":{"@id":"https:\/\/perle-in.com\/produit\/porte-mines-avec-gomme-integree-jotter-parker-encre-noire\/#breadcrumb"},"inLanguage":"en-CA","potentialAction":[{"@type":"ReadAction","target":["https:\/\/perle-in.com\/produit\/porte-mines-avec-gomme-integree-jotter-parker-encre-noire\/"]}]},{"@type":"ImageObject","inLanguage":"en-CA","@id":"https:\/\/perle-in.com\/produit\/porte-mines-avec-gomme-integree-jotter-parker-encre-noire\/#primaryimage","url":"https:\/\/perle-in.com\/wp-content\/uploads\/2025\/10\/10647900-1.jpg","contentUrl":"https:\/\/perle-in.com\/wp-content\/uploads\/2025\/10\/10647900-1.jpg","width":1600,"height":1600},{"@type":"BreadcrumbList","@id":"https:\/\/perle-in.com\/produit\/porte-mines-avec-gomme-integree-jotter-parker-encre-noire\/#breadcrumb","itemListElement":[{"@type":"ListItem","position":1,"name":"Accueil","item":"https:\/\/perle-in.com\/"},{"@type":"ListItem","position":2,"name":"Boutique","item":"https:\/\/perle-in.com\/boutique\/"},{"@type":"ListItem","position":3,"name":"Porte-mines avec gomme int\u00e9gr\u00e9e Jotter Parker (encre noire)"}]},{"@type":"WebSite","@id":"https:\/\/perle-in.com\/#website","url":"https:\/\/perle-in.com\/","name":"PERLE IN","description":"","publisher":{"@id":"https:\/\/perle-in.com\/#organization"},"potentialAction":[{"@type":"SearchAction","target":{"@type":"EntryPoint","urlTemplate":"https:\/\/perle-in.com\/?s={search_term_string}"},"query-input":{"@type":"PropertyValueSpecification","valueRequired":true,"valueName":"search_term_string"}}],"inLanguage":"en-CA"},{"@type":"Organization","@id":"https:\/\/perle-in.com\/#organization","name":"PERLE IN","url":"https:\/\/perle-in.com\/","logo":{"@type":"ImageObject","inLanguage":"en-CA","@id":"https:\/\/perle-in.com\/#\/schema\/logo\/image\/","url":"https:\/\/perle-in.com\/wp-content\/uploads\/2022\/12\/LOGO-PERLE-IN-COULEUR@3x.webp","contentUrl":"https:\/\/perle-in.com\/wp-content\/uploads\/2022\/12\/LOGO-PERLE-IN-COULEUR@3x.webp","width":1600,"height":490,"caption":"PERLE IN"},"image":{"@id":"https:\/\/perle-in.com\/#\/schema\/logo\/image\/"}}]}},"jetpack_sharing_enabled":true,"_links":{"self":[{"href":"https:\/\/perle-in.com\/en\/wp-json\/wp\/v2\/product\/502570","targetHints":{"allow":["GET"]}}],"collection":[{"href":"https:\/\/perle-in.com\/en\/wp-json\/wp\/v2\/product"}],"about":[{"href":"https:\/\/perle-in.com\/en\/wp-json\/wp\/v2\/types\/product"}],"version-history":[{"count":0,"href":"https:\/\/perle-in.com\/en\/wp-json\/wp\/v2\/product\/502570\/revisions"}],"wp:featuredmedia":[{"embeddable":true,"href":"https:\/\/perle-in.com\/en\/wp-json\/wp\/v2\/media\/502414"}],"wp:attachment":[{"href":"https:\/\/perle-in.com\/en\/wp-json\/wp\/v2\/media?parent=502570"}],"wp:term":[{"taxonomy":"product_brand","embeddable":true,"href":"https:\/\/perle-in.com\/en\/wp-json\/wp\/v2\/product_brand?post=502570"},{"taxonomy":"product_cat","embeddable":true,"href":"https:\/\/perle-in.com\/en\/wp-json\/wp\/v2\/product_cat?post=502570"},{"taxonomy":"product_tag","embeddable":true,"href":"https:\/\/perle-in.com\/en\/wp-json\/wp\/v2\/product_tag?post=502570"}],"curies":[{"name":"wp","href":"https:\/\/api.w.org\/{rel}","templated":true}]}}