{"id":502514,"date":"2025-10-13T17:24:20","date_gmt":"2025-10-13T15:24:20","guid":{"rendered":"https:\/\/perle-in.com\/produit\/stylo-roller-graduate-encre-noire\/"},"modified":"2025-10-13T17:24:27","modified_gmt":"2025-10-13T15:24:27","slug":"stylo-roller-graduate-encre-noire","status":"publish","type":"product","link":"https:\/\/perle-in.com\/en\/product\/stylo-roller-graduate-encre-noire\/","title":{"rendered":"Stylo roller Graduate (encre noire)"},"content":{"rendered":"","protected":false},"excerpt":{"rendered":"<p>Bas\u00e9 sur un design classique, le Graduate est r\u00e9solument moderne et fonctionnel. Le Graduate est id\u00e9al pour un usage quotidien ou pour des occasions de cadeaux. Bo\u00eete cadeau Waterman et cartouche de rechange pour stylo incluses. Design exclusif.<\/p>","protected":false},"featured_media":502506,"template":"","meta":{"_eb_attr":""},"product_brand":[],"product_cat":[552,1249],"product_tag":[1472,563,564,1457,1454,1456,1458,1455,561,1414,1459,562,1415,1460,1467],"class_list":{"0":"post-502514","1":"product","2":"type-product","3":"status-publish","4":"has-post-thumbnail","6":"product_cat-stylos-et-ecriture","7":"product_cat-stylos-roller","8":"product_tag-graduate","9":"product_tag-parure-de-stylo","10":"product_tag-parures-de-stylo","11":"product_tag-roller","12":"product_tag-roller-en-metal","13":"product_tag-roller-metal","14":"product_tag-rollers","15":"product_tag-rollers-en-metal","16":"product_tag-stylo","17":"product_tag-stylo-en-metal","18":"product_tag-stylo-roller","19":"product_tag-stylos","20":"product_tag-stylos-en-metal","21":"product_tag-stylos-roller","22":"product_tag-waterman","23":"pa_couleurs-chrome","24":"pa_marque-waterman","26":"first","27":"instock","28":"shipping-taxable","29":"purchasable","30":"product-type-variable"},"yoast_head":"<!-- This site is optimized with the Yoast SEO plugin v27.4 - https:\/\/yoast.com\/product\/yoast-seo-wordpress\/ -->\n<title>Stylo roller Graduate (encre noire) - PERLE IN<\/title>\n<meta name=\"robots\" content=\"noindex, follow, max-snippet:-1, max-image-preview:large, max-video-preview:-1\" \/>\n<meta property=\"og:locale\" content=\"en_US\" \/>\n<meta property=\"og:type\" content=\"article\" \/>\n<meta property=\"og:title\" content=\"Stylo roller Graduate (encre noire) - PERLE IN\" \/>\n<meta property=\"og:description\" content=\"Bas\u00e9 sur un design classique, le Graduate est r\u00e9solument moderne et fonctionnel. Le Graduate est id\u00e9al pour un usage quotidien ou pour des occasions de cadeaux. Bo\u00eete cadeau Waterman et cartouche de rechange pour stylo incluses. Design exclusif.\" \/>\n<meta property=\"og:url\" content=\"https:\/\/perle-in.com\/en\/product\/stylo-roller-graduate-encre-noire\/\" \/>\n<meta property=\"og:site_name\" content=\"PERLE IN\" \/>\n<meta property=\"article:modified_time\" content=\"2025-10-13T15:24:27+00:00\" \/>\n<meta property=\"og:image\" content=\"https:\/\/perle-in.com\/wp-content\/uploads\/2025\/10\/10651000-1.jpg\" \/>\n\t<meta property=\"og:image:width\" content=\"1600\" \/>\n\t<meta property=\"og:image:height\" content=\"1600\" \/>\n\t<meta property=\"og:image:type\" content=\"image\/jpeg\" \/>\n<meta name=\"twitter:card\" content=\"summary_large_image\" \/>\n<script type=\"application\/ld+json\" class=\"yoast-schema-graph\">{\"@context\":\"https:\\\/\\\/schema.org\",\"@graph\":[{\"@type\":\"WebPage\",\"@id\":\"https:\\\/\\\/perle-in.com\\\/produit\\\/stylo-roller-graduate-encre-noire\\\/\",\"url\":\"https:\\\/\\\/perle-in.com\\\/produit\\\/stylo-roller-graduate-encre-noire\\\/\",\"name\":\"Stylo roller Graduate (encre noire) - PERLE IN\",\"isPartOf\":{\"@id\":\"https:\\\/\\\/perle-in.com\\\/#website\"},\"primaryImageOfPage\":{\"@id\":\"https:\\\/\\\/perle-in.com\\\/produit\\\/stylo-roller-graduate-encre-noire\\\/#primaryimage\"},\"image\":{\"@id\":\"https:\\\/\\\/perle-in.com\\\/produit\\\/stylo-roller-graduate-encre-noire\\\/#primaryimage\"},\"thumbnailUrl\":\"https:\\\/\\\/perle-in.com\\\/wp-content\\\/uploads\\\/2025\\\/10\\\/10651000-1.jpg\",\"datePublished\":\"2025-10-13T15:24:20+00:00\",\"dateModified\":\"2025-10-13T15:24:27+00:00\",\"breadcrumb\":{\"@id\":\"https:\\\/\\\/perle-in.com\\\/produit\\\/stylo-roller-graduate-encre-noire\\\/#breadcrumb\"},\"inLanguage\":\"en-CA\",\"potentialAction\":[{\"@type\":\"ReadAction\",\"target\":[\"https:\\\/\\\/perle-in.com\\\/produit\\\/stylo-roller-graduate-encre-noire\\\/\"]}]},{\"@type\":\"ImageObject\",\"inLanguage\":\"en-CA\",\"@id\":\"https:\\\/\\\/perle-in.com\\\/produit\\\/stylo-roller-graduate-encre-noire\\\/#primaryimage\",\"url\":\"https:\\\/\\\/perle-in.com\\\/wp-content\\\/uploads\\\/2025\\\/10\\\/10651000-1.jpg\",\"contentUrl\":\"https:\\\/\\\/perle-in.com\\\/wp-content\\\/uploads\\\/2025\\\/10\\\/10651000-1.jpg\",\"width\":1600,\"height\":1600},{\"@type\":\"BreadcrumbList\",\"@id\":\"https:\\\/\\\/perle-in.com\\\/produit\\\/stylo-roller-graduate-encre-noire\\\/#breadcrumb\",\"itemListElement\":[{\"@type\":\"ListItem\",\"position\":1,\"name\":\"Accueil\",\"item\":\"https:\\\/\\\/perle-in.com\\\/\"},{\"@type\":\"ListItem\",\"position\":2,\"name\":\"Boutique\",\"item\":\"https:\\\/\\\/perle-in.com\\\/boutique\\\/\"},{\"@type\":\"ListItem\",\"position\":3,\"name\":\"Stylo roller Graduate (encre noire)\"}]},{\"@type\":\"WebSite\",\"@id\":\"https:\\\/\\\/perle-in.com\\\/#website\",\"url\":\"https:\\\/\\\/perle-in.com\\\/\",\"name\":\"PERLE IN\",\"description\":\"\",\"publisher\":{\"@id\":\"https:\\\/\\\/perle-in.com\\\/#organization\"},\"potentialAction\":[{\"@type\":\"SearchAction\",\"target\":{\"@type\":\"EntryPoint\",\"urlTemplate\":\"https:\\\/\\\/perle-in.com\\\/?s={search_term_string}\"},\"query-input\":{\"@type\":\"PropertyValueSpecification\",\"valueRequired\":true,\"valueName\":\"search_term_string\"}}],\"inLanguage\":\"en-CA\"},{\"@type\":\"Organization\",\"@id\":\"https:\\\/\\\/perle-in.com\\\/#organization\",\"name\":\"PERLE IN\",\"url\":\"https:\\\/\\\/perle-in.com\\\/\",\"logo\":{\"@type\":\"ImageObject\",\"inLanguage\":\"en-CA\",\"@id\":\"https:\\\/\\\/perle-in.com\\\/#\\\/schema\\\/logo\\\/image\\\/\",\"url\":\"https:\\\/\\\/perle-in.com\\\/wp-content\\\/uploads\\\/2022\\\/12\\\/LOGO-PERLE-IN-COULEUR@3x.webp\",\"contentUrl\":\"https:\\\/\\\/perle-in.com\\\/wp-content\\\/uploads\\\/2022\\\/12\\\/LOGO-PERLE-IN-COULEUR@3x.webp\",\"width\":1600,\"height\":490,\"caption\":\"PERLE IN\"},\"image\":{\"@id\":\"https:\\\/\\\/perle-in.com\\\/#\\\/schema\\\/logo\\\/image\\\/\"}}]}<\/script>\n<!-- \/ Yoast SEO plugin. -->","yoast_head_json":{"title":"Stylo roller Graduate (encre noire) - PERLE IN","robots":{"index":"noindex","follow":"follow","max-snippet":"max-snippet:-1","max-image-preview":"max-image-preview:large","max-video-preview":"max-video-preview:-1"},"og_locale":"en_US","og_type":"article","og_title":"Stylo roller Graduate (encre noire) - PERLE IN","og_description":"Bas\u00e9 sur un design classique, le Graduate est r\u00e9solument moderne et fonctionnel. Le Graduate est id\u00e9al pour un usage quotidien ou pour des occasions de cadeaux. Bo\u00eete cadeau Waterman et cartouche de rechange pour stylo incluses. Design exclusif.","og_url":"https:\/\/perle-in.com\/en\/product\/stylo-roller-graduate-encre-noire\/","og_site_name":"PERLE IN","article_modified_time":"2025-10-13T15:24:27+00:00","og_image":[{"width":1600,"height":1600,"url":"https:\/\/perle-in.com\/wp-content\/uploads\/2025\/10\/10651000-1.jpg","type":"image\/jpeg"}],"twitter_card":"summary_large_image","schema":{"@context":"https:\/\/schema.org","@graph":[{"@type":"WebPage","@id":"https:\/\/perle-in.com\/produit\/stylo-roller-graduate-encre-noire\/","url":"https:\/\/perle-in.com\/produit\/stylo-roller-graduate-encre-noire\/","name":"Stylo roller Graduate (encre noire) - PERLE IN","isPartOf":{"@id":"https:\/\/perle-in.com\/#website"},"primaryImageOfPage":{"@id":"https:\/\/perle-in.com\/produit\/stylo-roller-graduate-encre-noire\/#primaryimage"},"image":{"@id":"https:\/\/perle-in.com\/produit\/stylo-roller-graduate-encre-noire\/#primaryimage"},"thumbnailUrl":"https:\/\/perle-in.com\/wp-content\/uploads\/2025\/10\/10651000-1.jpg","datePublished":"2025-10-13T15:24:20+00:00","dateModified":"2025-10-13T15:24:27+00:00","breadcrumb":{"@id":"https:\/\/perle-in.com\/produit\/stylo-roller-graduate-encre-noire\/#breadcrumb"},"inLanguage":"en-CA","potentialAction":[{"@type":"ReadAction","target":["https:\/\/perle-in.com\/produit\/stylo-roller-graduate-encre-noire\/"]}]},{"@type":"ImageObject","inLanguage":"en-CA","@id":"https:\/\/perle-in.com\/produit\/stylo-roller-graduate-encre-noire\/#primaryimage","url":"https:\/\/perle-in.com\/wp-content\/uploads\/2025\/10\/10651000-1.jpg","contentUrl":"https:\/\/perle-in.com\/wp-content\/uploads\/2025\/10\/10651000-1.jpg","width":1600,"height":1600},{"@type":"BreadcrumbList","@id":"https:\/\/perle-in.com\/produit\/stylo-roller-graduate-encre-noire\/#breadcrumb","itemListElement":[{"@type":"ListItem","position":1,"name":"Accueil","item":"https:\/\/perle-in.com\/"},{"@type":"ListItem","position":2,"name":"Boutique","item":"https:\/\/perle-in.com\/boutique\/"},{"@type":"ListItem","position":3,"name":"Stylo roller Graduate (encre noire)"}]},{"@type":"WebSite","@id":"https:\/\/perle-in.com\/#website","url":"https:\/\/perle-in.com\/","name":"PERLE IN","description":"","publisher":{"@id":"https:\/\/perle-in.com\/#organization"},"potentialAction":[{"@type":"SearchAction","target":{"@type":"EntryPoint","urlTemplate":"https:\/\/perle-in.com\/?s={search_term_string}"},"query-input":{"@type":"PropertyValueSpecification","valueRequired":true,"valueName":"search_term_string"}}],"inLanguage":"en-CA"},{"@type":"Organization","@id":"https:\/\/perle-in.com\/#organization","name":"PERLE IN","url":"https:\/\/perle-in.com\/","logo":{"@type":"ImageObject","inLanguage":"en-CA","@id":"https:\/\/perle-in.com\/#\/schema\/logo\/image\/","url":"https:\/\/perle-in.com\/wp-content\/uploads\/2022\/12\/LOGO-PERLE-IN-COULEUR@3x.webp","contentUrl":"https:\/\/perle-in.com\/wp-content\/uploads\/2022\/12\/LOGO-PERLE-IN-COULEUR@3x.webp","width":1600,"height":490,"caption":"PERLE IN"},"image":{"@id":"https:\/\/perle-in.com\/#\/schema\/logo\/image\/"}}]}},"jetpack_sharing_enabled":true,"_links":{"self":[{"href":"https:\/\/perle-in.com\/en\/wp-json\/wp\/v2\/product\/502514","targetHints":{"allow":["GET"]}}],"collection":[{"href":"https:\/\/perle-in.com\/en\/wp-json\/wp\/v2\/product"}],"about":[{"href":"https:\/\/perle-in.com\/en\/wp-json\/wp\/v2\/types\/product"}],"version-history":[{"count":0,"href":"https:\/\/perle-in.com\/en\/wp-json\/wp\/v2\/product\/502514\/revisions"}],"wp:featuredmedia":[{"embeddable":true,"href":"https:\/\/perle-in.com\/en\/wp-json\/wp\/v2\/media\/502506"}],"wp:attachment":[{"href":"https:\/\/perle-in.com\/en\/wp-json\/wp\/v2\/media?parent=502514"}],"wp:term":[{"taxonomy":"product_brand","embeddable":true,"href":"https:\/\/perle-in.com\/en\/wp-json\/wp\/v2\/product_brand?post=502514"},{"taxonomy":"product_cat","embeddable":true,"href":"https:\/\/perle-in.com\/en\/wp-json\/wp\/v2\/product_cat?post=502514"},{"taxonomy":"product_tag","embeddable":true,"href":"https:\/\/perle-in.com\/en\/wp-json\/wp\/v2\/product_tag?post=502514"}],"curies":[{"name":"wp","href":"https:\/\/api.w.org\/{rel}","templated":true}]}}